{"id":25147,"date":"2022-01-27T16:17:37","date_gmt":"2022-01-27T09:17:37","guid":{"rendered":"https:\/\/havamall.vn\/?post_type=product&#038;p=25147"},"modified":"2023-06-05T17:31:15","modified_gmt":"2023-06-05T10:31:15","slug":"mat-ong-thien-nhien-havafoodies-240g-natural-honey","status":"publish","type":"product","link":"https:\/\/havamall.vn\/en\/shop\/mat-ong-thien-nhien-havafoodies-240g-natural-honey\/","title":{"rendered":"M\u1eadt Ong Thi\u00ean Nhi\u00ean Havafoodies 240g &#8211; Natural Honey"},"content":{"rendered":"<h3><strong>TH\u00d4NG TIN S\u1ea2N PH\u1ea8M<\/strong><\/h3>\n<table>\n<tbody>\n<tr>\n<td>Th\u01b0\u01a1ng hi\u1ec7u<\/td>\n<td>Havafoodies<\/td>\n<\/tr>\n<tr>\n<td>Xu\u1ea5t x\u1ee9<\/td>\n<td>Vi\u1ec7t Nam<\/td>\n<\/tr>\n<tr>\n<td>Th\u00e0nh ph\u1ea7n<\/td>\n<td>100% m\u1eadt ong thi\u00ean nhi\u00ean<\/td>\n<\/tr>\n<tr>\n<td>H\u1ea1n s\u1eed d\u1ee5ng<\/td>\n<td>24 th\u00e1ng k\u1ec3 t\u1eeb ng\u00e0y s\u1ea3n xu\u1ea5t.<\/td>\n<\/tr>\n<tr>\n<td>B\u1ea3o qu\u1ea3n<\/td>\n<td>\u0110\u1ec3 n\u01a1i kh\u00f4 r\u00e1o, tho\u00e1ng m\u00e1t, tr\u00e1nh \u00e1nh n\u1eafng tr\u1ef1c ti\u1ebfp<\/td>\n<\/tr>\n<tr>\n<td>Kh\u1ed1i l\u01b0\u1ee3ng t\u1ecbnh<\/td>\n<td>240g<\/td>\n<\/tr>\n<\/tbody>\n<\/table>\n<p><span style=\"font-weight: 400;\">M\u1eadt ong t\u1eeb x\u01b0a \u0111\u01b0\u1ee3c bi\u1ebft \u0111\u1ebfn l\u00e0 \u201cth\u1ea7n d\u01b0\u1ee3c\u201d m\u00e0 thi\u00ean nhi\u00ean \u01b0u \u00e1i ban t\u1eb7ng cho con ng\u01b0\u1eddi, kh\u00f4ng ch\u1ec9 b\u1ed5 d\u01b0\u1ee1ng m\u00e0 c\u00f2n \u0111\u00f3ng vai tr\u00f2 nh\u01b0 m\u1ed9t b\u00e0i thu\u1ed1c th\u1ea7n k\u1ef3 t\u1eeb thi\u00ean nhi\u00ean cho s\u1ee9c kh\u1ecfe v\u00e0 cu\u1ed9c s\u1ed1ng c\u1ee7a b\u1ea1n. Trong c\u00e1c lo\u1ea1i m\u1eadt ong th\u00ec m\u1eadt ong ru\u1ed3i \u0111\u01b0\u1ee3c \u0111\u00e1nh gi\u00e1 l\u00e0 lo\u1ea1i m\u1eadt ong t\u1ed1t nh\u1ea5t cho s\u1ee9c kh\u1ecfe.<\/span><\/p>\n<p><span style=\"font-weight: 400;\">M\u1eadt ong c\u00f2n l\u00e0 m\u1ed9t th\u1ef1c ph\u1ea9m gi\u00fap t\u0103ng c\u01b0\u1eddng h\u1ec7 mi\u1ec5n d\u1ecbch c\u1ee7a b\u1ea1n. Trong th\u00e0nh ph\u1ea7n c\u1ee7a m\u1eadt ong c\u00f3 ch\u1ee9a nhi\u1ec1u ch\u1ea5t ch\u1ed1ng oxy h\u00f3a v\u00e0 t\u00ednh kh\u00e1ng khu\u1ea9n n\u00ean c\u00f3 th\u1ec3 gi\u00fap b\u1ea1n c\u1ea3i thi\u1ec7n h\u1ec7 th\u1ed1ng ti\u00eau h\u00f3a v\u00e0 ch\u1ed1ng l\u1ea1i vi khu\u1ea9n c\u00f3 h\u1ea1i, cho b\u1ea1n m\u1ed9t h\u1ec7 ti\u00eau h\u00f3a kh\u1ecfe m\u1ea1nh.<\/span><\/p>\n<p><span style=\"font-weight: 400;\"><img fetchpriority=\"high\" decoding=\"async\" class=\"wp-image-25150 aligncenter\" src=\"https:\/\/havamall.vn\/wp-content\/uploads\/2022\/01\/HBF_0019-300x240.png\" alt=\"\" width=\"619\" height=\"495\" srcset=\"https:\/\/havamall.vn\/wp-content\/uploads\/2022\/01\/HBF_0019-300x240.png 300w, https:\/\/havamall.vn\/wp-content\/uploads\/2022\/01\/HBF_0019-430x345.png 430w, https:\/\/havamall.vn\/wp-content\/uploads\/2022\/01\/HBF_0019-150x120.png 150w, https:\/\/havamall.vn\/wp-content\/uploads\/2022\/01\/HBF_0019-700x561.png 700w, https:\/\/havamall.vn\/wp-content\/uploads\/2022\/01\/HBF_0019-768x615.png 768w, https:\/\/havamall.vn\/wp-content\/uploads\/2022\/01\/HBF_0019-600x481.png 600w, https:\/\/havamall.vn\/wp-content\/uploads\/2022\/01\/HBF_0019.png 1002w\" sizes=\"(max-width: 619px) 100vw, 619px\" \/><\/span><\/p>\n<p><span style=\"font-weight: 400;\">\u00a0M\u1eadt ong c\u00f2n c\u00f3 t\u00e1c d\u1ee5ng t\u0103ng hi\u1ec7u su\u1ea5t th\u1ec3 thao cho nh\u1eefng ng\u01b0\u1eddi t\u1eadp luy\u1ec7n th\u1ec3 d\u1ee5c th\u1ec3 thao h\u00e0ng ng\u00e0y. Ngo\u00e0i ra, sau khi t\u1eadp luy\u1ec7n, vi\u1ec7c u\u1ed1ng m\u1eadt ong c\u0169ng l\u00e0 bi\u1ec7n ph\u00e1p tuy\u1ec7t v\u1eddi gi\u00fap kh\u00f4i ph\u1ee5c glycogen v\u00e0 ph\u1ee5c h\u1ed3i c\u01a1 b\u1eafp sau khi t\u1eadp th\u1ec3 d\u1ee5c c\u01b0\u1eddng \u0111\u1ed9 cao.<\/span><\/p>\n<p>M\u1eadt ong Havafoodies do t\u00ednh ch\u1ea5t m\u1eadt ho\u00e0n to\u00e0n \u0111\u01b0\u1ee3c ong l\u00e0m n\u00ean t\u1eeb nhi\u1ec1u lo\u1ea1i m\u1eadt hoa kh\u00e1c nhau n\u01a1i hoang d\u00e3 n\u00ean g\u1ea7n nh\u01b0 \u0111\u01b0\u1ee3c xem l\u00e0 m\u1eadt ong r\u1eebng t\u1ef1 nhi\u00ean v\u1edbi h\u01b0\u01a1ng v\u1ecb phong ph\u00fa \u0111\u1eb7c tr\u01b0ng, th\u01b0\u1eddng k\u1ebft h\u1ee3p c\u00f9ng v\u1edbi c\u00e1c lo\u1ea1i c\u00e2y thu\u1ed1c, th\u1ea3o d\u01b0\u1ee3c nh\u01b0: ng\u00e2m m\u1eadt ong v\u1edbi nh\u00e2n s\u00e2m t\u01b0\u01a1i, u\u1ed1ng c\u00f9ng v\u1edbi n\u01b0\u1edbc s\u1eafc n\u1ea5m linh chi, pha n\u01b0\u1edbc \u1ea5m v\u1edbi cao linh chi, cao h\u1ed3ng s\u00e2m \u0111\u1ec3 u\u1ed1ng; u\u1ed1ng c\u00f9ng v\u1edbi tr\u00e0 hoa ho\u1eb7c saffron \u0111\u1ec3 t\u0103ng th\u00eam c\u00f4ng d\u1ee5ng c\u1ee7a ch\u00fang.<\/p>\n<p><img decoding=\"async\" class=\"wp-image-25151 aligncenter\" src=\"https:\/\/havamall.vn\/wp-content\/uploads\/2022\/01\/Honey-Cake-Mevik-9-Edit-200x300.png\" alt=\"\" width=\"588\" height=\"883\" srcset=\"https:\/\/havamall.vn\/wp-content\/uploads\/2022\/01\/Honey-Cake-Mevik-9-Edit-200x300.png 200w, https:\/\/havamall.vn\/wp-content\/uploads\/2022\/01\/Honey-Cake-Mevik-9-Edit-430x645.png 430w, https:\/\/havamall.vn\/wp-content\/uploads\/2022\/01\/Honey-Cake-Mevik-9-Edit-150x225.png 150w, https:\/\/havamall.vn\/wp-content\/uploads\/2022\/01\/Honey-Cake-Mevik-9-Edit-700x1050.png 700w, https:\/\/havamall.vn\/wp-content\/uploads\/2022\/01\/Honey-Cake-Mevik-9-Edit-768x1152.png 768w, https:\/\/havamall.vn\/wp-content\/uploads\/2022\/01\/Honey-Cake-Mevik-9-Edit-683x1024.png 683w, https:\/\/havamall.vn\/wp-content\/uploads\/2022\/01\/Honey-Cake-Mevik-9-Edit-600x900.png 600w, https:\/\/havamall.vn\/wp-content\/uploads\/2022\/01\/Honey-Cake-Mevik-9-Edit.png 800w\" sizes=\"(max-width: 588px) 100vw, 588px\" \/><\/p>\n<h3><strong>C\u00f4ng d\u1ee5ng c\u1ee7a m\u1eadt ong:<\/strong><\/h3>\n<p><span style=\"font-weight: 400;\">&#8211; M\u1eadt ong c\u0169ng l\u00e0 m\u1ed9t ngu\u1ed3n n\u0103ng l\u01b0\u1ee3ng c\u1ef1c k\u1ef3 t\u1ed1t cho s\u1ee9c kh\u1ecfe b\u1edfi v\u00ec n\u00f3 c\u00f3 ch\u1ee9a 54 calo trong m\u1ed9t mu\u1ed7ng canh m\u1eadt ong.<\/span><\/p>\n<p><span style=\"font-weight: 400;\">&#8211; M\u1eadt ong gi\u00fap b\u1ea1n gi\u1ea3m c\u00e2n nhanh ch\u00f3ng. \u0110\u1ec3 c\u00f3 \u0111\u01b0\u1ee3c l\u1ee3i \u00edch n\u00e0y, b\u1ea1n c\u00f3 th\u1ec3 k\u1ebft h\u1ee3p m\u1eadt ong v\u1edbi n\u01b0\u1edbc chanh ho\u1eb7c qu\u1ebf gi\u00fap c\u01a1 th\u1ec3 d\u1ec5 d\u00e0ng ti\u00eau h\u00f3a ch\u1ea5t b\u00e9o trong c\u01a1 th\u1ec3<\/span><\/p>\n<p><span style=\"font-weight: 400;\">&#8211; V\u1edbi nhi\u1ec1u vitamin, kho\u00e1ng ch\u1ea5t, m\u1eadt ong c\u1ef1c k\u1ef3 t\u1ed1t cho l\u00e0n da ph\u1ee5 n\u1eef: ch\u1ed1ng l\u00e3o h\u00f3a, cho l\u00e0n da m\u1ecbn m\u00e0ng, h\u1ed3ng h\u00e0o v\u00e0 s\u0103n ch\u1eafc<\/span><\/p>\n<p><span style=\"font-weight: 400;\">&#8211; M\u1eadt ong c\u00f3 th\u1ec3 gi\u00fap l\u00e0m d\u1ecbu c\u1ed5 h\u1ecdng, \u0111au h\u1ecdng v\u00ec trong m\u1eadt ong c\u00f3 vi khu\u1ea9n kh\u00e1ng khu\u1ea9n c\u00f3 th\u1ec3 gi\u1ebft ch\u1ebft c\u00e1c vi khu\u1ea9n g\u00e2y nhi\u1ec5m tr\u00f9ng \u1edf c\u1ed5 h\u1ecdng<\/span><\/p>\n<p><span style=\"font-weight: 400;\">&#8211; Pha m\u1ed9t \u00edt m\u1eadt ong v\u00e0o m\u1ed9t c\u1ed1c s\u1eefa \u1ea5m v\u00e0 u\u1ed1ng tr\u01b0\u1edbc khi \u0111i ng\u1ee7 mang l\u1ea1i gi\u1ea5c ng\u1ee7 ngon<\/span><\/p>\n<p><img decoding=\"async\" class=\"wp-image-25152 aligncenter\" src=\"https:\/\/havamall.vn\/wp-content\/uploads\/2022\/01\/photo-1587049352851--200x300.png\" alt=\"\" width=\"598\" height=\"897\" srcset=\"https:\/\/havamall.vn\/wp-content\/uploads\/2022\/01\/photo-1587049352851--200x300.png 200w, https:\/\/havamall.vn\/wp-content\/uploads\/2022\/01\/photo-1587049352851--430x645.png 430w, https:\/\/havamall.vn\/wp-content\/uploads\/2022\/01\/photo-1587049352851--150x225.png 150w, https:\/\/havamall.vn\/wp-content\/uploads\/2022\/01\/photo-1587049352851--700x1050.png 700w, https:\/\/havamall.vn\/wp-content\/uploads\/2022\/01\/photo-1587049352851--768x1152.png 768w, https:\/\/havamall.vn\/wp-content\/uploads\/2022\/01\/photo-1587049352851--683x1024.png 683w, https:\/\/havamall.vn\/wp-content\/uploads\/2022\/01\/photo-1587049352851--600x900.png 600w, https:\/\/havamall.vn\/wp-content\/uploads\/2022\/01\/photo-1587049352851-.png 1000w\" sizes=\"(max-width: 598px) 100vw, 598px\" \/><\/p>\n<h3><strong>H\u01b0\u1edbng d\u1eabn s\u1eed d\u1ee5ng:<\/strong><\/h3>\n<p><span style=\"font-weight: 400;\">&#8211; C\u00f3 th\u1ec3 d\u00f9ng tr\u1ef1c ti\u1ebfp kh\u00f4ng qua x\u1eed l\u00fd nhi\u1ec7t<\/span><\/p>\n<p><span style=\"font-weight: 400;\">&#8211; L\u00e0 gia v\u1ecb kh\u00f4ng th\u1ec3 thi\u1ebfu trong ch\u1ebf bi\u1ebfn th\u1ef1c ph\u1ea9m nh\u01b0: N\u01b0\u1edbng g\u00e0, Quay v\u1ecbt,Kho th\u1ecbt, C\u00e1\u2026<\/span><\/p>\n<p><span style=\"font-weight: 400;\">&#8211; Ch\u1ebf bi\u1ebfn \u0111\u1ed3 u\u1ed1ng nh\u01b0 n\u01b0\u1edbc cam, chanh, l\u00e0m b\u00e1nh k\u1eb9o\u2026<\/span><\/p>\n<p>S\u1ea3n ph\u1ea9m hi\u1ec7n \u0111\u00e3 c\u00f3 m\u1eb7t t\u1ea1i Havamall.<\/p>","protected":false},"excerpt":{"rendered":"<p>TH\u00d4NG TIN S\u1ea2N PH\u1ea8M Th\u01b0\u01a1ng hi\u1ec7u Havafoodies Xu\u1ea5t x\u1ee9 Vi\u1ec7t Nam Th\u00e0nh ph\u1ea7n 100% m\u1eadt ong thi\u00ean nhi\u00ean H\u1ea1n s\u1eed<\/p>","protected":false},"featured_media":25149,"comment_status":"open","ping_status":"closed","template":"","meta":[],"product_brand":[],"product_cat":[36],"product_tag":[],"class_list":{"0":"post-25147","1":"product","2":"type-product","3":"status-publish","4":"has-post-thumbnail","6":"product_cat-thuc-pham-tieu-dung","7":"pa_brand-skx","9":"first","10":"instock","11":"sale","12":"shipping-taxable","13":"purchasable","14":"product-type-simple"},"_links":{"self":[{"href":"https:\/\/havamall.vn\/en\/wp-json\/wp\/v2\/product\/25147"}],"collection":[{"href":"https:\/\/havamall.vn\/en\/wp-json\/wp\/v2\/product"}],"about":[{"href":"https:\/\/havamall.vn\/en\/wp-json\/wp\/v2\/types\/product"}],"replies":[{"embeddable":true,"href":"https:\/\/havamall.vn\/en\/wp-json\/wp\/v2\/comments?post=25147"}],"version-history":[{"count":0,"href":"https:\/\/havamall.vn\/en\/wp-json\/wp\/v2\/product\/25147\/revisions"}],"wp:featuredmedia":[{"embeddable":true,"href":"https:\/\/havamall.vn\/en\/wp-json\/wp\/v2\/media\/25149"}],"wp:attachment":[{"href":"https:\/\/havamall.vn\/en\/wp-json\/wp\/v2\/media?parent=25147"}],"wp:term":[{"taxonomy":"product_brand","embeddable":true,"href":"https:\/\/havamall.vn\/en\/wp-json\/wp\/v2\/product_brand?post=25147"},{"taxonomy":"product_cat","embeddable":true,"href":"https:\/\/havamall.vn\/en\/wp-json\/wp\/v2\/product_cat?post=25147"},{"taxonomy":"product_tag","embeddable":true,"href":"https:\/\/havamall.vn\/en\/wp-json\/wp\/v2\/product_tag?post=25147"}],"curies":[{"name":"wp","href":"https:\/\/api.w.org\/{rel}","templated":true}]}}