{"id":25024,"date":"2022-01-25T10:53:27","date_gmt":"2022-01-25T03:53:27","guid":{"rendered":"https:\/\/havamall.vn\/?post_type=product&#038;p=25024"},"modified":"2022-03-03T10:55:57","modified_gmt":"2022-03-03T03:55:57","slug":"ta-quan-helle-b-du-size-cho-cac-be-tu-5-tren-15kg-triple-care-pants-diaper","status":"publish","type":"product","link":"https:\/\/havamall.vn\/en\/shop\/ta-quan-helle-b-du-size-cho-cac-be-tu-5-tren-15kg-triple-care-pants-diaper\/","title":{"rendered":"T\u00e3 Qu\u1ea7n Hello B \u0110\u1ee7 Size Cho C\u00e1c B\u00e9 T\u1eeb 5 &#8211; Tr\u00ean 15kg &#8211; Triple Care Pants Diaper"},"content":{"rendered":"<p>Tu\u1ed5i th\u01a1 l\u00e0 \u0111i\u1ec1u thi\u00eang li\u00eang m\u00e0 ba m\u1eb9 lu\u00f4n mu\u1ed1n d\u00e0nh t\u1eb7ng cho c\u00e1c b\u00e9. \u0110\u1ec3 b\u00e9 l\u1edbn l\u00ean kh\u1ecfe m\u1ea1nh v\u00e0 s\u00e1ng t\u1ea1o ph\u00e1t tri\u1ec3n th\u00ec s\u1ef1 tho\u1ea3i m\u00e1i l\u00e0 \u0111i\u1ec1u thi\u1ebft y\u1ebfu.<\/p>\n<p>HELLO B- t\u00e3 b\u1ec9m v\u1edbi nguy\u00ean li\u1ec7u v\u00e0 d\u00e2y chuy\u1ec1n s\u1ea3n xu\u1ea5t 100% \u0111\u1ebfn t\u1eeb H\u00e0n Qu\u1ed1c s\u1ebd mang l\u1ea1i cho c\u00e1c b\u00e9 s\u1ef1 m\u1ec1m m\u1ea1i v\u00e0 tho\u1ea3i m\u00e1i \u0111\u1ec3 kh\u00f4ng c\u1ea3n tr\u1edf qu\u00e1 tr\u00ecnh b\u00e9 giao ti\u1ebfp v\u1edbi th\u1ebf gi\u1edbi.<\/p>\n<p><img fetchpriority=\"high\" decoding=\"async\" class=\"wp-image-25042 aligncenter\" src=\"https:\/\/havamall.vn\/wp-content\/uploads\/2022\/01\/713oSe1bUxL._AC_SL1500_-300x141.jpg\" alt=\"\" width=\"640\" height=\"301\" srcset=\"https:\/\/havamall.vn\/wp-content\/uploads\/2022\/01\/713oSe1bUxL._AC_SL1500_-300x141.jpg 300w, https:\/\/havamall.vn\/wp-content\/uploads\/2022\/01\/713oSe1bUxL._AC_SL1500_-430x202.jpg 430w, https:\/\/havamall.vn\/wp-content\/uploads\/2022\/01\/713oSe1bUxL._AC_SL1500_-150x70.jpg 150w, https:\/\/havamall.vn\/wp-content\/uploads\/2022\/01\/713oSe1bUxL._AC_SL1500_-700x328.jpg 700w, https:\/\/havamall.vn\/wp-content\/uploads\/2022\/01\/713oSe1bUxL._AC_SL1500_-768x360.jpg 768w, https:\/\/havamall.vn\/wp-content\/uploads\/2022\/01\/713oSe1bUxL._AC_SL1500_-1024x480.jpg 1024w, https:\/\/havamall.vn\/wp-content\/uploads\/2022\/01\/713oSe1bUxL._AC_SL1500_-1200x562.jpg 1200w, https:\/\/havamall.vn\/wp-content\/uploads\/2022\/01\/713oSe1bUxL._AC_SL1500_-600x281.jpg 600w, https:\/\/havamall.vn\/wp-content\/uploads\/2022\/01\/713oSe1bUxL._AC_SL1500_.jpg 1500w\" sizes=\"(max-width: 640px) 100vw, 640px\" \/><\/p>\n<p>Hello B t\u1ef1 h\u00e0o l\u00e0 th\u01b0\u01a1ng hi\u1ec7u b\u1ec9m t\u00e3 ch\u1ea5t l\u01b0\u1ee3ng cao c\u1ea5p \u0111\u1ebfn t\u1eeb H\u00e0n Qu\u1ed1c s\u1ebd l\u00e0 l\u1ef1a ch\u1ecdn ho\u00e0n h\u1ea3o c\u1ee7a m\u1eb9 d\u00e0nh cho s\u1ee9c kh\u1ecfe c\u1ee7a b\u00e9 trong nh\u1eefng n\u0103m th\u00e1ng \u0111\u1ea7u \u0111\u1eddi.<\/p>\n<p>T\u00e3 qu\u1ea7n Hello B l\u00e0 l\u1ef1a ch\u1ecdn ph\u00f9 h\u1ee3p nh\u1ea5t cho b\u00e9 t\u1eeb 6 th\u00e1ng tr\u1edf l\u00ean, \u0111\u1eb7c bi\u1ec7t l\u00e0 c\u00e1c b\u00e9 hi\u1ebfu \u0111\u1ed9ng, hay ng\u1ecd ngu\u1eady, kh\u00f4ng h\u1ee3p t\u00e1c v\u1edbi m\u1eb9 khi thay t\u00e3.<\/p>\n<p><img decoding=\"async\" class=\"wp-image-25026 aligncenter\" src=\"https:\/\/havamall.vn\/wp-content\/uploads\/2022\/01\/82933477_13791-300x300.png\" alt=\"\" width=\"628\" height=\"628\" srcset=\"https:\/\/havamall.vn\/wp-content\/uploads\/2022\/01\/82933477_13791-300x300.png 300w, https:\/\/havamall.vn\/wp-content\/uploads\/2022\/01\/82933477_13791-430x430.png 430w, https:\/\/havamall.vn\/wp-content\/uploads\/2022\/01\/82933477_13791-150x150.png 150w, https:\/\/havamall.vn\/wp-content\/uploads\/2022\/01\/82933477_13791-700x700.png 700w, https:\/\/havamall.vn\/wp-content\/uploads\/2022\/01\/82933477_13791-768x768.png 768w, https:\/\/havamall.vn\/wp-content\/uploads\/2022\/01\/82933477_13791-1024x1024.png 1024w, https:\/\/havamall.vn\/wp-content\/uploads\/2022\/01\/82933477_13791.png 1200w, https:\/\/havamall.vn\/wp-content\/uploads\/2022\/01\/82933477_13791-600x600.png 600w, https:\/\/havamall.vn\/wp-content\/uploads\/2022\/01\/82933477_13791-100x100.png 100w\" sizes=\"(max-width: 628px) 100vw, 628px\" \/><\/p>\n<p><strong><em>S\u1ea3n ph\u1ea9m \u01b0u vi\u1ec7t tuy\u1ec7t \u0111\u1ed1i ch\u0103m s\u00f3c l\u00e0n da b\u00e9 v\u1edbi 3 t\u00ednh n\u0103ng ch\u0103m s\u00f3c ho\u00e0n h\u1ea3o cho b\u00e9 trong m\u1ed9t s\u1ea3n ph\u1ea9m:\u00a0<\/em><\/strong><\/p>\n<h4><em><strong> Comfort care:<\/strong><\/em><\/h4>\n<p>&#8211; Mang l\u1ea1i s\u1ef1 tho\u1ea3i m\u00e1i cho b\u00e9 v\u1edbi thi\u1ebft k\u1ebf c\u00e1c \u0111\u01b0\u1eddng cong \u0111\u1ed3ng nh\u1ea5t, si\u00eau m\u1ecfng v\u00e0 th\u1ea5m h\u00fat nhanh.<\/p>\n<p>&#8211; C\u1ef1c k\u00ec m\u1ecfng nh\u1eb9, gi\u00fap b\u00e9 d\u1ec5 d\u00e0ng di chuy\u1ec3n, v\u1eadn \u0111\u1ed9ng c\u1ea3 ng\u00e0y.<\/p>\n<p>&#8211; C\u1ea3m bi\u1ebfn \u1ea9m \u01b0\u1edbt v\u1edbi \u0111\u01b0\u1eddng b\u00e1o hi\u1ec7u n\u01b0\u1edbc ti\u1ec3u, gi\u00fap b\u1ed1 m\u1eb9 bi\u1ebft r\u00f5 th\u1eddi \u0111i\u1ec3m con c\u1ea7n \u0111\u01b0\u1ee3c thay b\u1ec9m.<\/p>\n<h4><em><strong>Stress care:<\/strong><\/em><\/h4>\n<p>&#8211; Th\u1ea5m h\u00fat 3 b\u01b0\u1edbc nhanh v\u00e0 kh\u00f4 tho\u00e1ng, gi\u1eef l\u00e0n da b\u00e9 lu\u00f4n \u0111\u01b0\u1ee3c kh\u00f4 r\u00e1o, kh\u00f4ng lo b\u1ecb m\u1ea9n \u0111\u1ecf.<\/p>\n<p>&#8211; L\u1ef1c th\u1ea5m h\u00fat c\u1ef1c m\u1ea1nh ngay gi\u00e2y \u0111\u1ea7u ti\u00ean khi b\u00e9 v\u1eeba t\u00e8.<\/p>\n<p>&#8211; Kh\u00f4ng g\u00e2y v\u00f3n c\u1ee5c, kh\u00f4ng g\u00e2y tr\u00e0o, kh\u00f4ng th\u1ea5m ng\u01b0\u1ee3c tr\u1edf l\u1ea1i<\/p>\n<p>&#8211; Gi\u1eef \u0111\u1ed9 th\u1ea5m h\u00fat t\u1ed1t su\u1ed1t 12 gi\u1edd<\/p>\n<p>&#8211; Kh\u00f3a tr\u00e0o th\u00f4ng minh, n\u01b0\u1edbc s\u1ebd \u0111\u01b0\u1ee3c kh\u00f3a ch\u1eb7t \u1edf 2 l\u1edbp d\u01b0\u1edbi \u0111\u1ec3 ch\u1ed1ng t\u00ecnh tr\u1ea1ng tr\u00e0o qua 2 b\u00ean, v\u00e0 th\u1ea5m ng\u01b0\u1ee3c tr\u1edf l\u1ea1i.<\/p>\n<p><img decoding=\"async\" class=\"wp-image-25027 aligncenter\" src=\"https:\/\/havamall.vn\/wp-content\/uploads\/2022\/01\/155532743_256446829-300x200.png\" alt=\"\" width=\"609\" height=\"407\" srcset=\"https:\/\/havamall.vn\/wp-content\/uploads\/2022\/01\/155532743_256446829-300x200.png 300w, https:\/\/havamall.vn\/wp-content\/uploads\/2022\/01\/155532743_256446829-430x287.png 430w, https:\/\/havamall.vn\/wp-content\/uploads\/2022\/01\/155532743_256446829-150x100.png 150w, https:\/\/havamall.vn\/wp-content\/uploads\/2022\/01\/155532743_256446829-700x467.png 700w, https:\/\/havamall.vn\/wp-content\/uploads\/2022\/01\/155532743_256446829-768x512.png 768w, https:\/\/havamall.vn\/wp-content\/uploads\/2022\/01\/155532743_256446829-1024x683.png 1024w, https:\/\/havamall.vn\/wp-content\/uploads\/2022\/01\/155532743_256446829-1200x800.png 1200w, https:\/\/havamall.vn\/wp-content\/uploads\/2022\/01\/155532743_256446829-600x400.png 600w, https:\/\/havamall.vn\/wp-content\/uploads\/2022\/01\/155532743_256446829.png 2048w\" sizes=\"(max-width: 609px) 100vw, 609px\" \/><\/p>\n<h4><em><strong>Skin care:<\/strong><\/em><\/h4>\n<p>&#8211; \u0110\u01b0\u1ee3c l\u00e0m b\u1eb1ng ch\u1ea5t li\u1ec7u Eco cotton t\u1eeb m\u1eb7t ngo\u00e0i \u0111\u1ebfn b\u1ec1 m\u1eb7t b\u00ean trong c\u1ef1c tho\u00e1ng m\u00e1t v\u00e0 an to\u00e0n cho l\u00e0n da tr\u1ebb nh\u1ecf.<\/p>\n<p>&#8211; Tr\u00ean b\u1ec1 m\u1eb7t \u0111\u01b0\u1ee3c thi\u1ebft k\u1ebf d\u1eadp n\u1ed5i v\u00e0 8000 c\u00e1c l\u1ed7 tho\u00e1ng kh\u00ed gi\u00fap gi\u1eef \u0111\u1ed9 kh\u00f4 tho\u00e1ng cho b\u00e8 m\u1eb7t<\/p>\n<p>&#8211; S\u1ea3n xu\u1ea5t t\u1ea1i H\u00e0n Qu\u1ed1c : to\u00e0n b\u1ed9 nguy\u00ean li\u1ec7u v\u00e0 qu\u00e1 tr\u00ecnh s\u1ea3n xu\u1ea5t \u0111\u1ec1u t\u1ea1i H\u00e0n Qu\u1ed1c, b\u1ed1 m\u1eb9 c\u00f3 th\u1ec3 y\u00ean t\u00e2m v\u1ec1 s\u1ef1 an to\u00e0n c\u1ee7a b\u1ec9m h\u01a1n. C\u00e1c ch\u1ee9ng nh\u1eadn<\/p>\n<p>&#8211; \u0110\u1ea1t ch\u1ee9ng nh\u1eadn Xu\u1ea5t s\u1eafc c\u1ee7a Vi\u1ec7n nghi\u00ean c\u1ee9u da li\u1ec5u c\u1ee7a \u0110\u1ee9c<\/p>\n<p>&#8211; S\u1eed d\u1ee5ng b\u1ed9t gi\u1ea5y c\u1ee7a M\u1ef9 th\u00e2n thi\u1ec7n v\u1edbi m\u00f4i tr\u01b0\u1eddng, \u0111\u01b0\u1ee3c ch\u1ee9ng nh\u1eadn b\u1edfi FSC<\/p>\n<p>&#8211; L\u00e0 lo\u1ea1i t\u00e3 an to\u00e0n \u0111\u01b0\u1ee3c s\u1ea3n xu\u1ea5t b\u1edfi h\u1ec7 th\u1ed1ng qu\u1ea3n l\u00fd kinh doanh v\u00e0 qu\u1ea3n l\u00fd ch\u1ea5t l\u01b0\u1ee3ng \u0111\u01b0\u1ee3c ki\u1ec3m so\u00e1t ch\u1eb7t ch\u1ebd, \u0111\u1ea1t ch\u1ee9ng nh\u1eadn ISO 9001 \u2013 ISO 14001<\/p>\n<p><img loading=\"lazy\" decoding=\"async\" class=\"wp-image-25028 aligncenter\" src=\"https:\/\/havamall.vn\/wp-content\/uploads\/2022\/01\/3f9e70fd7_7-300x300.png\" alt=\"\" width=\"615\" height=\"615\" srcset=\"https:\/\/havamall.vn\/wp-content\/uploads\/2022\/01\/3f9e70fd7_7-300x300.png 300w, https:\/\/havamall.vn\/wp-content\/uploads\/2022\/01\/3f9e70fd7_7-430x430.png 430w, https:\/\/havamall.vn\/wp-content\/uploads\/2022\/01\/3f9e70fd7_7-150x150.png 150w, https:\/\/havamall.vn\/wp-content\/uploads\/2022\/01\/3f9e70fd7_7-600x600.png 600w, https:\/\/havamall.vn\/wp-content\/uploads\/2022\/01\/3f9e70fd7_7-100x100.png 100w, https:\/\/havamall.vn\/wp-content\/uploads\/2022\/01\/3f9e70fd7_7.png 700w\" sizes=\"(max-width: 615px) 100vw, 615px\" \/><\/p>\n<h3><strong>\u0110\u1eb7c \u0111i\u1ec3m n\u1ed5i b\u1eadt c\u1ee7a s\u1ea3n ph\u1ea9m:<\/strong><\/h3>\n<p>&gt; Si\u00eau th\u1ea5m h\u00fat: th\u1ea5m h\u00fat nhanh v\u00e0 l\u00ean \u0111\u1ebfn 1000ml<\/p>\n<p>&gt; Si\u00eau m\u1ecfng, ch\u1ec9 2mm gi\u00fap mang l\u1ea1i c\u1ea3m gi\u00e1c tho\u00e1ng m\u00e1t cho b\u00e9, nh\u1ea5t l\u00e0 v\u00e0o nh\u1eefng ng\u00e0y h\u00e8 n\u00f3ng b\u1ee9c<\/p>\n<p>&gt; D\u00f9ng \u0111\u1ebfn 12h m\u00e0 kh\u00f4ng lo b\u00e9 b\u00ed b\u00e1ch hay b\u1ecb tr\u00e0n<\/p>\n<p>&gt; Ch\u1ea5t li\u1ec7u 100% cotton t\u1ef1 nhi\u00ean an to\u00e0n cho l\u00e0n da b\u00e9 y\u00eau<\/p>\n<p>\ufe0f&gt; Thi\u1ebft k\u1ebf l\u1eadp th\u1ec3 3D \u00f4m tr\u1ecdn ph\u1ea7n h\u00f4ng b\u00e9 v\u1edbi 2 b\u00ean h\u00f4ng m\u1ec1m m\u1ea1i, v\u1eeba v\u1eb7n, co gi\u00e3n t\u1ed1i \u0111a t\u1ea1o cho b\u00e9 c\u1ea3m gi\u00e1c tho\u1ea3i m\u00e1i cho b\u00e9 tho\u1ea3i m\u00e1i ho\u1ea1t \u0111\u1ed9ng c\u1ea3 ng\u00e0y<\/p>\n<p>&gt; \u0110\u01b0\u1ee3c s\u1ea3n xu\u1ea5t v\u00e0 nh\u1eadp kh\u1ea9u tr\u1ef1c ti\u1ebfp t\u1eeb H\u00e0n Qu\u1ed1c<\/p>\n<h3><img loading=\"lazy\" decoding=\"async\" class=\"wp-image-25029 aligncenter\" src=\"https:\/\/havamall.vn\/wp-content\/uploads\/2022\/01\/75186312_13-300x219.png\" alt=\"\" width=\"616\" height=\"449\" srcset=\"https:\/\/havamall.vn\/wp-content\/uploads\/2022\/01\/75186312_13-300x219.png 300w, https:\/\/havamall.vn\/wp-content\/uploads\/2022\/01\/75186312_13-430x314.png 430w, https:\/\/havamall.vn\/wp-content\/uploads\/2022\/01\/75186312_13-150x110.png 150w, https:\/\/havamall.vn\/wp-content\/uploads\/2022\/01\/75186312_13-700x511.png 700w, https:\/\/havamall.vn\/wp-content\/uploads\/2022\/01\/75186312_13-768x561.png 768w, https:\/\/havamall.vn\/wp-content\/uploads\/2022\/01\/75186312_13-1024x748.png 1024w, https:\/\/havamall.vn\/wp-content\/uploads\/2022\/01\/75186312_13.png 1200w, https:\/\/havamall.vn\/wp-content\/uploads\/2022\/01\/75186312_13-600x438.png 600w\" sizes=\"(max-width: 616px) 100vw, 616px\" \/><\/h3>\n<h3><strong>\u01afu \u0111i\u1ec3m c\u1ee7a t\u00e3 qu\u1ea7n so v\u1edbi t\u00e3 d\u00e1n:<\/strong><\/h3>\n<p class=\"product_title entry-title\"><strong>\u25aa\ufe0f\u00a0<\/strong>T\u00e3 qu\u1ea7n r\u1ea5t\u00a0d\u1ec5 s\u1eed d\u1ee5ng, m\u1eb9 c\u00f3 th\u1ec3 m\u1eb7c cho b\u00e9 b\u1ea5t c\u1ee9 l\u00fac n\u00e0o ngay c\u1ea3 khi b\u00e9 \u0111ang ch\u01a1i.<\/p>\n<p class=\"product_title entry-title\"><strong>\u25aa\ufe0f\u00a0<\/strong>N\u00f3 c\u00f2n \u0111\u01b0\u1ee3c s\u1eed d\u1ee5ng nh\u01b0 1 chi\u1ebfc qu\u1ea7n, c\u00f3 th\u1ec3 m\u1eb7c cho b\u00e9 khi ra ngo\u00e0i m\u00e0 kh\u00f4ng c\u1ea7n ph\u1ea3i ch\u1ed3ng th\u00eam 1 l\u1edbp qu\u1ea7n v\u1ea3i b\u00ean ngo\u00e0i.<\/p>\n<p class=\"product_title entry-title\"><strong>\u25aa\ufe0f\u00a0<\/strong>Th\u1eddi gian s\u1eed d\u1ee5ng c\u1ee7a t\u1ea3 qu\u1ea7n c\u0169ng d\u00e0i h\u01a1n so v\u1edbi t\u00e3 d\u00e1n nh\u1edd kh\u1ea3 n\u0103ng\u00a0th\u1ea5m h\u00fat cao.<\/p>\n<p class=\"product_title entry-title\"><strong>\u25aa\ufe0f\u00a0<\/strong>V\u1edbi thi\u1ebft k\u1ebf ph\u1ea7n thun \u1edf hai b\u00ean h\u00f4ng, \u00f4m s\u00e1t v\u00e0o c\u01a1 th\u1ec3 b\u00e9 gi\u00fap ch\u1ed1ng tr\u00e0n hi\u1ec7u k\u1ec3 c\u1ea3 l\u00fac b\u00e9 \u0111ang v\u1eadn \u0111\u1ed9ng.<\/p>\n<p><img loading=\"lazy\" decoding=\"async\" class=\"wp-image-25030 aligncenter\" src=\"https:\/\/havamall.vn\/wp-content\/uploads\/2022\/01\/107302528_138-300x300.png\" alt=\"\" width=\"615\" height=\"614\" srcset=\"https:\/\/havamall.vn\/wp-content\/uploads\/2022\/01\/107302528_138-300x300.png 300w, https:\/\/havamall.vn\/wp-content\/uploads\/2022\/01\/107302528_138-430x430.png 430w, https:\/\/havamall.vn\/wp-content\/uploads\/2022\/01\/107302528_138-150x150.png 150w, https:\/\/havamall.vn\/wp-content\/uploads\/2022\/01\/107302528_138-700x700.png 700w, https:\/\/havamall.vn\/wp-content\/uploads\/2022\/01\/107302528_138-768x768.png 768w, https:\/\/havamall.vn\/wp-content\/uploads\/2022\/01\/107302528_138-1024x1024.png 1024w, https:\/\/havamall.vn\/wp-content\/uploads\/2022\/01\/107302528_138.png 1200w, https:\/\/havamall.vn\/wp-content\/uploads\/2022\/01\/107302528_138-600x600.png 600w, https:\/\/havamall.vn\/wp-content\/uploads\/2022\/01\/107302528_138-100x100.png 100w\" sizes=\"(max-width: 615px) 100vw, 615px\" \/><\/p>\n<p><em><strong>T\u00e3 qu\u1ea7n Hello B \u0111\u1ea7y \u0111\u1ee7 c\u00e1c size cho c\u00e1c b\u00e9 t\u1eeb 5kg \u0111\u1ebfn tr\u00ean 15kg<\/strong><\/em><\/p>\n<p>&#8211; Size M b\u1ecbch 30 mi\u1ebfng d\u00e0nh cho c\u00e1c b\u00e9 t\u1eeb 5-9 kg<\/p>\n<p>&#8211; Size L b\u1ecbch 26 mi\u1ebfng d\u00e0nh cho c\u00e1c b\u00e9 t\u1eeb 8-12 kg<\/p>\n<p>&#8211; Size XL b\u1ecbch 22 mi\u1ebfng d\u00e0nh cho c\u00e1c b\u00e9 t\u1eeb 13-15 kg<\/p>\n<p>&#8211; Size XXL b\u1ecbch 18 mi\u1ebfng d\u00e0nh cho c\u00e1c b\u00e9 tr\u00ean 15 kg<\/p>\n<p><img loading=\"lazy\" decoding=\"async\" class=\"wp-image-25031 aligncenter\" src=\"https:\/\/havamall.vn\/wp-content\/uploads\/2022\/01\/51cO-wW2VqL-289x300.png\" alt=\"\" width=\"612\" height=\"634\" srcset=\"https:\/\/havamall.vn\/wp-content\/uploads\/2022\/01\/51cO-wW2VqL-289x300.png 289w, https:\/\/havamall.vn\/wp-content\/uploads\/2022\/01\/51cO-wW2VqL-430x446.png 430w, https:\/\/havamall.vn\/wp-content\/uploads\/2022\/01\/51cO-wW2VqL-150x156.png 150w, https:\/\/havamall.vn\/wp-content\/uploads\/2022\/01\/51cO-wW2VqL-700x726.png 700w, https:\/\/havamall.vn\/wp-content\/uploads\/2022\/01\/51cO-wW2VqL-768x796.png 768w, https:\/\/havamall.vn\/wp-content\/uploads\/2022\/01\/51cO-wW2VqL-600x622.png 600w, https:\/\/havamall.vn\/wp-content\/uploads\/2022\/01\/51cO-wW2VqL.png 951w\" sizes=\"(max-width: 612px) 100vw, 612px\" \/><\/p>","protected":false},"excerpt":{"rendered":"<p>Tu\u1ed5i th\u01a1 l\u00e0 \u0111i\u1ec1u thi\u00eang li\u00eang m\u00e0 ba m\u1eb9 lu\u00f4n mu\u1ed1n d\u00e0nh t\u1eb7ng cho c\u00e1c b\u00e9. \u0110\u1ec3 b\u00e9 l\u1edbn l\u00ean<\/p>","protected":false},"featured_media":25032,"comment_status":"open","ping_status":"closed","template":"","meta":[],"product_brand":[],"product_cat":[397,35],"product_tag":[],"class_list":{"0":"post-25024","1":"product","2":"type-product","3":"status-publish","4":"has-post-thumbnail","6":"product_cat-hang-me-be-do-choi","7":"product_cat-nha-cua-doi-song","9":"first","10":"instock","11":"sale","12":"shipping-taxable","13":"purchasable","14":"product-type-variable"},"_links":{"self":[{"href":"https:\/\/havamall.vn\/en\/wp-json\/wp\/v2\/product\/25024"}],"collection":[{"href":"https:\/\/havamall.vn\/en\/wp-json\/wp\/v2\/product"}],"about":[{"href":"https:\/\/havamall.vn\/en\/wp-json\/wp\/v2\/types\/product"}],"replies":[{"embeddable":true,"href":"https:\/\/havamall.vn\/en\/wp-json\/wp\/v2\/comments?post=25024"}],"version-history":[{"count":0,"href":"https:\/\/havamall.vn\/en\/wp-json\/wp\/v2\/product\/25024\/revisions"}],"wp:featuredmedia":[{"embeddable":true,"href":"https:\/\/havamall.vn\/en\/wp-json\/wp\/v2\/media\/25032"}],"wp:attachment":[{"href":"https:\/\/havamall.vn\/en\/wp-json\/wp\/v2\/media?parent=25024"}],"wp:term":[{"taxonomy":"product_brand","embeddable":true,"href":"https:\/\/havamall.vn\/en\/wp-json\/wp\/v2\/product_brand?post=25024"},{"taxonomy":"product_cat","embeddable":true,"href":"https:\/\/havamall.vn\/en\/wp-json\/wp\/v2\/product_cat?post=25024"},{"taxonomy":"product_tag","embeddable":true,"href":"https:\/\/havamall.vn\/en\/wp-json\/wp\/v2\/product_tag?post=25024"}],"curies":[{"name":"wp","href":"https:\/\/api.w.org\/{rel}","templated":true}]}}