{"id":24910,"date":"2022-01-13T15:25:59","date_gmt":"2022-01-13T08:25:59","guid":{"rendered":"https:\/\/havamall.vn\/?post_type=product&#038;p=24910"},"modified":"2022-01-13T15:25:59","modified_gmt":"2022-01-13T08:25:59","slug":"set-dung-cu-tao-hinh-dat-set-mont-marte-mau-gach","status":"publish","type":"product","link":"https:\/\/havamall.vn\/en\/shop\/set-dung-cu-tao-hinh-dat-set-mont-marte-mau-gach\/","title":{"rendered":"Set D\u1ee5ng C\u1ee5 T\u1ea1o H\u00ecnh \u0110\u1ea5t S\u00e9t Mont Marte (M\u00e0u G\u1ea1ch)"},"content":{"rendered":"<p>Combo ph\u00f9 h\u1ee3p v\u1edbi t\u1ea1o h\u00ecnh t\u1ef1 do, c\u00f3 th\u1ec3 ph\u1ee7 th\u00eam l\u1edbp s\u01a1n b\u00f3ng l\u00ean b\u1ec1 m\u1eb7t \u0111\u1ea5t s\u00e9t. S\u1ea3n ph\u1ea9m kh\u00f4 \u00edt nh\u1ea5t trong 24 gi\u1edd ho\u1eb7c c\u00f3 th\u1ec3 l\u00e2u h\u01a1n t\u00f9y thu\u1ed9c v\u00e0o \u0111\u1ed9 d\u00e0y c\u1ee7a t\u00e1c ph\u1ea9m. Combo c\u00f2n c\u00f3 nhi\u1ec1u d\u1ee5ng c\u1ee5 \u0111i k\u00e8m ph\u1ee5c v\u1ee5 \u0111\u1ec3 t\u1ea1o h\u00ecnh \u0111\u1ea5t s\u00e9t d\u1ec5 d\u00e0ng h\u01a1n.<\/p>\n<p>Combo bao g\u1ed3m:<\/p>\n<h3 class=\"product_title entry-title\"><strong>\u25aa\ufe0f\u00a0\u0110\u1ea5t S\u00e9t Kh\u00f4 T\u1ef1 Nhi\u00ean M\u00e0u G\u1ea1ch Mont Marte<\/strong><\/h3>\n<p>\u0110\u1ea5t s\u00e9t t\u1ef1 kh\u00f4 Mont Marte l\u00e0 s\u1ea3n ph\u1ea9m \u0111\u01b0\u1ee3c nhi\u1ec1u b\u1ea1n tr\u1ebb \u0111am m\u00ea DIY \u01b0a chu\u1ed9ng b\u1edfi \u0111\u1eb7c t\u00ednh linh ho\u1ea1t v\u00e0 d\u1ec5 s\u1eed d\u1ee5ng trong qu\u00e1 tr\u00ecnh t\u1ea1o h\u00ecnh, k\u1ec3 c\u1ea3 v\u1edbi nh\u1eefng ng\u01b0\u1eddi m\u1edbi b\u1eaft \u0111\u1ea7u<\/p>\n<p>\u0110\u1ea5t c\u00f3 m\u00e0u x\u00e1m khi \u01b0\u1edbt v\u00e0 \u0111\u1ed5i m\u00e0u sang m\u00e0u tr\u1eafng khi \u0111\u1ea5t kh\u00f4. Khi \u01b0\u1edbt \u0111\u1ea5t c\u00f3 \u0111\u1ed9 m\u1ec1m, d\u1ebbo v\u00e0 kh\u00f4 ch\u1eadm\u00a0c\u00f3 th\u1ec3 d\u1ec5 d\u00e0ng t\u1ea1o h\u00ecnh trong m\u1ed9t kho\u1ea3ng th\u1eddi gian kh\u00e1 d\u00e0i gi\u00fap qu\u00e1 tr\u00ecnh s\u00e1ng t\u1ea1o \u0111\u01b0\u1ee3c thu\u1eadn ti\u1ec7n h\u01a1n.<\/p>\n<p><img fetchpriority=\"high\" decoding=\"async\" class=\"wp-image-23630 aligncenter\" src=\"https:\/\/havamall.vn\/wp-content\/uploads\/2021\/11\/c\u1ecd-3-1-296x300.png\" alt=\"\" width=\"663\" height=\"672\" srcset=\"https:\/\/havamall.vn\/wp-content\/uploads\/2021\/11\/c\u1ecd-3-1-296x300.png 296w, https:\/\/havamall.vn\/wp-content\/uploads\/2021\/11\/c\u1ecd-3-1-430x435.png 430w, https:\/\/havamall.vn\/wp-content\/uploads\/2021\/11\/c\u1ecd-3-1-150x152.png 150w, https:\/\/havamall.vn\/wp-content\/uploads\/2021\/11\/c\u1ecd-3-1-700x709.png 700w, https:\/\/havamall.vn\/wp-content\/uploads\/2021\/11\/c\u1ecd-3-1-768x777.png 768w, https:\/\/havamall.vn\/wp-content\/uploads\/2021\/11\/c\u1ecd-3-1-600x607.png 600w, https:\/\/havamall.vn\/wp-content\/uploads\/2021\/11\/c\u1ecd-3-1-100x100.png 100w, https:\/\/havamall.vn\/wp-content\/uploads\/2021\/11\/c\u1ecd-3-1.png 812w\" sizes=\"(max-width: 663px) 100vw, 663px\" \/><\/p>\n<h4><em><strong>\u0110\u1eb7c \u0111i\u1ec3m n\u1ed5i b\u1eadt c\u1ee7a s\u1ea3n ph\u1ea9m:<\/strong><\/em><\/h4>\n<p>&gt; Mont Marte Premium Air Hardening Clay l\u00e0 s\u1ef1 l\u1ef1a ch\u1ecdn ho\u00e0n h\u1ea3o cho c\u00e1c nh\u00e0 t\u1ea1o m\u1eabu chuy\u00ean nghi\u1ec7p, ngh\u1ec7 s\u0129 c\u0169ng nh\u01b0 sinh vi\u00ean.<\/p>\n<p>&gt; Lo\u1ea1i \u0111\u1ea5t s\u00e9t n\u1eb7n n\u00e0y s\u1ebd tr\u1edf m\u1ec1m d\u1ebbo sau khi nh\u00e0o, v\u00e0 v\u00ec th\u1eddi gian kh\u00f4 ho\u00e0n to\u00e0n c\u1ee7a \u0111\u1ea5t s\u00e9t n\u00e0y n\u1eb1m trong kho\u1ea3ng 24h n\u00ean b\u1ea1n c\u00f3 th\u1eddi gian \u0111\u1ec3 t\u1ea1o h\u00ecnh th\u00e0nh thi\u1ebft k\u1ebf mong mu\u1ed1n c\u1ee7a m\u00ecnh.<\/p>\n<p>&gt; S\u1ea3n ph\u1ea9m ph\u00f9 h\u1ee3p v\u1edbi t\u1ea1o h\u00ecnh t\u1ef1 do, c\u00f3 th\u1ec3 ph\u1ee7 th\u00eam l\u1edbp s\u01a1n b\u00f3ng l\u00ean b\u1ec1 m\u1eb7t \u0111\u1ea5t s\u00e9t t\u00f9y v\u00e0o s\u1edf th\u00edch v\u00e0 thi\u1ebft k\u1ebf c\u1ee7a ri\u00eang c\u00e1c b\u1ea1n nh\u00e9.<\/p>\n<p>&gt; S\u1ea3n ph\u1ea9m c\u00f3 th\u1ec3 s\u1eed d\u1ee5ng \u0111\u01b0\u1ee3c cho nhi\u1ec1u lo\u1ea1i k\u1ef9 thu\u1eadt \u0111i\u00eau kh\u1eafc kh\u00e1c nhau t\u1eeb c\u00e1c k\u0129 thu\u1eadt truy\u1ec1n th\u1ed1ng \u0111\u1ebfn c\u00e1c k\u0129 thu\u1eadt n\u00e2ng cao nh\u01b0 \u0111\u1eadp, hay th\u00eam ph\u1ee5 ki\u1ec7n, v.v&#8230;<\/p>\n<p><img decoding=\"async\" class=\"aligncenter\" src=\"https:\/\/havamall.vn\/wp-content\/uploads\/2021\/11\/image_36_89aa054d10334e22913d9516acab481e_master.png\" alt=\"\u0110\u1ea5t s\u00e9t Mont Marte, Premiium Air Hardening Modelling Clay Mont Marte \u2013 H\u1ecda c\u1ee5 HAMI\" \/><\/p>\n<h3 class=\"product_title entry-title\"><strong>\u25aa\ufe0f\u00a0B\u1ed9 M\u00e0u Acrylic Paints Mont Marte 12 C\u00e1i x 12ml<\/strong><\/h3>\n<p>Acrylic Metalic Mont Marte l\u00e0 d\u00f2ng acrylic tuy\u1ec7t v\u1eddi \u0111\u1ec3 t\u1ea1o n\u00ean c\u00e1c \u0111i\u1ec3m nh\u1ea5n l\u1ea5p l\u00e1nh \u00e1nh nh\u0169 cho c\u00e1c t\u00e1c ph\u1ea9m ngh\u1ec7 thu\u1eadt. M\u00e0u m\u1ecbn \u0111\u1ed3ng nh\u1ea5t, th\u1eddi gian kh\u00f4 nhanh.\u00a0M\u00e0u Acrylic Mont Marte Studio r\u1ea5t d\u1ec5 d\u00f9ng, t\u01b0\u01a1i t\u1eafn v\u00e0 c\u00f3 \u0111\u1ed9 che ph\u1ee7 cao c\u00f9ng \u0111\u1ed9 \u1ea9m h\u1ee3p l\u00ed. Thi\u1ebft k\u1ebf d\u1ea1ng tu\u00fdp ti\u1ec7n l\u1ee3i, tr\u00e1nh vi\u1ec7c m\u00e0u b\u1ecb kh\u00f4 do bao b\u00ec kh\u00f4ng k\u00edn.<\/p>\n<p><img decoding=\"async\" class=\"wp-image-23510 aligncenter\" src=\"https:\/\/havamall.vn\/wp-content\/uploads\/2021\/11\/3fa243287eb-285x300.png\" alt=\"\" width=\"657\" height=\"691\" srcset=\"https:\/\/havamall.vn\/wp-content\/uploads\/2021\/11\/3fa243287eb-285x300.png 285w, https:\/\/havamall.vn\/wp-content\/uploads\/2021\/11\/3fa243287eb-430x452.png 430w, https:\/\/havamall.vn\/wp-content\/uploads\/2021\/11\/3fa243287eb-150x158.png 150w, https:\/\/havamall.vn\/wp-content\/uploads\/2021\/11\/3fa243287eb-700x736.png 700w, https:\/\/havamall.vn\/wp-content\/uploads\/2021\/11\/3fa243287eb-768x808.png 768w, https:\/\/havamall.vn\/wp-content\/uploads\/2021\/11\/3fa243287eb-600x631.png 600w, https:\/\/havamall.vn\/wp-content\/uploads\/2021\/11\/3fa243287eb.png 774w\" sizes=\"(max-width: 657px) 100vw, 657px\" \/><\/p>\n<p>S\u1ea3n ph\u1ea9m c\u00f3 thi\u1ebft k\u1ebf b\u1eaft m\u1eaft, ti\u1ec7n l\u1ee3i t\u1eeb bao b\u00ec cho t\u1edbi s\u1ea3n ph\u1ea9m, Mont Marte \u0111\u1ea7u t\u01b0 r\u1ea5t k\u1ef9 l\u01b0\u1ee1ng kh\u00f4ng ch\u1ec9 v\u1ec1 ch\u1ea5t l\u01b0\u1ee3ng m\u00e0 c\u00f2n v\u1ec1 thi\u1ebft k\u1ebf m\u1eabu m\u00e3. C\u00e1c tu\u00fdp m\u00e0u nh\u1ecf g\u1ecdn ch\u1ec9 12ml, n\u00ean r\u1ea5t d\u1ec5 v\u1eadn chuy\u1ec3n v\u00e0 b\u1ea3o qu\u1ea3n.<\/p>\n<p>M\u00e0u ch\u1ee9a c\u00e1c s\u1eafc t\u1ed1 ch\u1ea5t l\u01b0\u1ee3ng cao v\u1edbi \u0111\u1ed9 m\u1ecbn \u0111\u1ed3ng nh\u1ea5t v\u00e0 \u0111\u1ed9 b\u00f3ng cao. B\u1ed9 m\u00e0u ch\u1ee9a \u0111\u1ea7y \u0111\u1ee7 c\u00e1c tone m\u00e0u s\u1eafc t\u1eeb warm tone cho t\u1edbi cool tone, bao g\u1ed3m c\u00e1c m\u00e0u c\u01a1 b\u1ea3n \u0111\u1ec3 pha tr\u1ed9n d\u1ec5 d\u00e0ng.<\/p>\n<p><img decoding=\"async\" class=\"wp-image-23511 aligncenter\" src=\"https:\/\/havamall.vn\/wp-content\/uploads\/2021\/11\/187798543_-300x300.png\" alt=\"\" width=\"666\" height=\"666\" srcset=\"https:\/\/havamall.vn\/wp-content\/uploads\/2021\/11\/187798543_-300x300.png 300w, https:\/\/havamall.vn\/wp-content\/uploads\/2021\/11\/187798543_-430x430.png 430w, https:\/\/havamall.vn\/wp-content\/uploads\/2021\/11\/187798543_-150x150.png 150w, https:\/\/havamall.vn\/wp-content\/uploads\/2021\/11\/187798543_-700x700.png 700w, https:\/\/havamall.vn\/wp-content\/uploads\/2021\/11\/187798543_-768x768.png 768w, https:\/\/havamall.vn\/wp-content\/uploads\/2021\/11\/187798543_-1024x1024.png 1024w, https:\/\/havamall.vn\/wp-content\/uploads\/2021\/11\/187798543_-1200x1200.png 1200w, https:\/\/havamall.vn\/wp-content\/uploads\/2021\/11\/187798543_-600x600.png 600w, https:\/\/havamall.vn\/wp-content\/uploads\/2021\/11\/187798543_-100x100.png 100w, https:\/\/havamall.vn\/wp-content\/uploads\/2021\/11\/187798543_.png 2048w\" sizes=\"(max-width: 666px) 100vw, 666px\" \/><\/p>\n<h3 class=\"product_title entry-title\"><strong>\u25aa\ufe0f\u00a0Dung D\u1ecbch Pha M\u00e0u D\u1ea1ng Gel Mont Marte 75ml<\/strong><\/h3>\n<p>Gel h\u00e3m m\u00e0u Mont Marte Acrylic l\u00e0 dung d\u1ecbch medium gi\u00fap l\u00e0m ch\u1eadm th\u1eddi gian kh\u00f4 c\u1ee7a m\u00e0u Acrylic. M\u00e0u Acrylic v\u1ed1n kh\u00f4 r\u1ea5t nhanh, h\u00f2a gel v\u00e0o v\u1edbi m\u00e0u tr\u01b0\u1edbc khi s\u1eed d\u1ee5ng, th\u1eddi gian kh\u00f4 c\u1ee7a m\u00e0u s\u1ebd ch\u1eadm l\u1ea1i gi\u00fap h\u1ecda s\u0129 \u0111i\u1ec1u khi\u1ec3n \u0111\u1ed9 kh\u00f4 kh\u00f4 c\u1ee7a m\u00e0u \u0111\u1ec3 c\u00f3 th\u00eam th\u1eddi gian blend m\u00e0u v\u00e0 t\u1ea1o l\u1edbp n\u00ean m\u01b0\u1ee3t m\u00e0 cho nh\u1eefng kho\u1ea3ng tranh l\u1edbn, tr\u00e1nh vi\u1ec7c tranh c\u00f3 nh\u1eefng ph\u1ea7n kh\u00f4 kh\u00f4ng \u0111\u1ec1u \u0111\u1ec3 l\u1ea1i v\u1ec7t.<\/p>\n<p><img loading=\"lazy\" decoding=\"async\" class=\"wp-image-23493 aligncenter\" src=\"https:\/\/havamall.vn\/wp-content\/uploads\/2021\/11\/201ea-300x300.png\" alt=\"\" width=\"655\" height=\"655\" srcset=\"https:\/\/havamall.vn\/wp-content\/uploads\/2021\/11\/201ea-300x300.png 300w, https:\/\/havamall.vn\/wp-content\/uploads\/2021\/11\/201ea-430x430.png 430w, https:\/\/havamall.vn\/wp-content\/uploads\/2021\/11\/201ea-150x150.png 150w, https:\/\/havamall.vn\/wp-content\/uploads\/2021\/11\/201ea-700x700.png 700w, https:\/\/havamall.vn\/wp-content\/uploads\/2021\/11\/201ea-768x768.png 768w, https:\/\/havamall.vn\/wp-content\/uploads\/2021\/11\/201ea-600x600.png 600w, https:\/\/havamall.vn\/wp-content\/uploads\/2021\/11\/201ea-100x100.png 100w, https:\/\/havamall.vn\/wp-content\/uploads\/2021\/11\/201ea.png 888w\" sizes=\"(max-width: 655px) 100vw, 655px\" \/><\/p>\n<p id=\"tw-target-text\" class=\"tw-data-text tw-text-large XcVN5d tw-ta\" dir=\"ltr\"><span class=\"Y2IQFc\" lang=\"vi\">Gel Medium Matte 75ml \u0111\u01b0\u1ee3c s\u1eed d\u1ee5ng \u0111\u1ec3 t\u0103ng \u0111\u1ed9 trong su\u1ed1t v\u00e0 gi\u1ea3m \u0111\u1ed9 b\u00f3ng khi th\u00eam v\u00e0o s\u01a1n acrylic c\u1ee7a b\u1ea1n. N\u00f3 v\u1eabn gi\u1eef \u0111\u01b0\u1ee3c \u0111\u1ed9 nh\u1edbt v\u00e0 kh\u00f4 th\u00e0nh m\u1edd t\u00f9y thu\u1ed9c v\u00e0o \u0111\u1ed9 d\u00e0y \u0111\u01b0\u1ee3c \u00e1p d\u1ee5ng n\u1ebfu \u0111\u01b0\u1ee3c s\u1eed d\u1ee5ng m\u1ed9t m\u00ecnh.<\/span><\/p>\n<p>Gel Medium Glos 75ml c\u00f3 c\u00f4ng d\u1ee5ng t\u01b0\u01a1ng \u0111\u1ed3ng v\u1edbi Matt, \u0111i\u1ec3m kh\u00e1c bi\u1ec7t duy nh\u1ea5t l\u00e0 t\u0103ng \u0111\u1ed9 b\u00f3ng cho s\u1ea3n ph\u1ea9m.<\/p>\n<p><img loading=\"lazy\" decoding=\"async\" class=\"wp-image-23494 aligncenter\" src=\"https:\/\/havamall.vn\/wp-content\/uploads\/2021\/11\/a1383744cf1d-300x300.png\" alt=\"\" width=\"659\" height=\"659\" srcset=\"https:\/\/havamall.vn\/wp-content\/uploads\/2021\/11\/a1383744cf1d-300x300.png 300w, https:\/\/havamall.vn\/wp-content\/uploads\/2021\/11\/a1383744cf1d-430x430.png 430w, https:\/\/havamall.vn\/wp-content\/uploads\/2021\/11\/a1383744cf1d-150x150.png 150w, https:\/\/havamall.vn\/wp-content\/uploads\/2021\/11\/a1383744cf1d-700x700.png 700w, https:\/\/havamall.vn\/wp-content\/uploads\/2021\/11\/a1383744cf1d-768x768.png 768w, https:\/\/havamall.vn\/wp-content\/uploads\/2021\/11\/a1383744cf1d-600x600.png 600w, https:\/\/havamall.vn\/wp-content\/uploads\/2021\/11\/a1383744cf1d-100x100.png 100w, https:\/\/havamall.vn\/wp-content\/uploads\/2021\/11\/a1383744cf1d.png 1024w\" sizes=\"(max-width: 659px) 100vw, 659px\" \/><\/p>\n<p class=\"tw-data-text tw-text-large XcVN5d tw-ta\" dir=\"ltr\"><span class=\"Y2IQFc\" lang=\"vi\">Khi tr\u1ed9n v\u1edbi acrylic, n\u00f3 l\u00e0m t\u0103ng \u0111\u1ed9 ch\u1ea3y m\u00e0 \u00edt ho\u1eb7c kh\u00f4ng l\u00e0m thay \u0111\u1ed5i \u0111\u1ed1i v\u1edbi s\u01a1n c\u1ee7a b\u1ea1n. \u0110\u00e2y l\u00e0 m\u1ed9t s\u1ea3n ph\u1ea9m tuy\u1ec7t v\u1eddi tuy\u1ec7t v\u1eddi cho c\u00e1c d\u1ef1 \u00e1n th\u1ee7 c\u00f4ng.\u00a0<\/span><\/p>\n<p class=\"tw-data-text tw-text-large XcVN5d tw-ta\" dir=\"ltr\"><span class=\"Y2IQFc\" lang=\"vi\">S\u1ea3n ph\u1ea9m l\u00e0m ch\u1eadm th\u1eddi gian kh\u00f4 th\u00f4ng th\u01b0\u1eddng c\u1ee7a s\u01a1n acrylic. Th\u1eddi gian kh\u00f4 ch\u1eadm n\u00e0y t\u1ea1o \u0111i\u1ec1u ki\u1ec7n cho vi\u1ec7c pha tr\u1ed9n m\u00e0u s\u1eafc d\u1ec5 d\u00e0ng h\u01a1n v\u00e0 cho l\u1edbp \u00e1o m\u1ecbn h\u01a1n tr\u00ean di\u1ec7n t\u00edch l\u1edbn h\u01a1n.<\/span><\/p>\n<h3 class=\"product_title entry-title\"><strong>\u25aa\ufe0f\u00a0Khay Pha M\u00e0u Tr\u00f2n Mont Marte \u2013 Round Plastic Palette 17cm<\/strong><\/h3>\n<p>Khay pha m\u00e0u MONT MARTE b\u00e1nh tr\u00f2n c\u00f3 k\u00edch th\u01b0\u1edbc nh\u1ecf d\u1ec5 d\u00e0ng mang theo \u0111i h\u1ecdc ho\u1eb7c v\u1ebd b\u00ean ngo\u00e0i, khay thi\u1ebft k\u1ebf \u0111\u01a1n gi\u1ea3n, c\u00f3 nhi\u1ec1u \u00f4 gi\u00fap d\u1ec5 d\u00e0ng pha tr\u1ed9n m\u00e0u theo \u00fd mu\u1ed1n.<\/p>\n<p>Khay pha m\u00e0u ph\u00f9 h\u1ee3p cho c\u1ea3 d\u00e2n v\u1ebd chuy\u00ean nghi\u1ec7p c\u0169ng nh\u01b0 nghi\u1ec7p d\u01b0. \u0110\u1eb7c bi\u1ec7t \u0111\u1ed1i v\u1edbi c\u00e1c &#8220;t\u00f4 s\u0129&#8221; t\u00f4 tranh s\u1ed1 h\u00f3a, m\u1eb7c d\u00f9 b\u1ed9 m\u00e0u \u0111\u00e3 \u0111\u01b0\u1ee3c pha s\u1eb5n nh\u01b0ng khay m\u00e0u v\u1eabn v\u00f4 c\u00f9ng h\u1eefu \u00edch trong vi\u1ec7c gi\u1eef cho m\u00e0u l\u00e2u kh\u00f4.<\/p>\n<p><img loading=\"lazy\" decoding=\"async\" class=\"wp-image-23674 aligncenter\" src=\"https:\/\/havamall.vn\/wp-content\/uploads\/2021\/11\/3d9aa28a-300x300.png\" alt=\"\" width=\"652\" height=\"652\" srcset=\"https:\/\/havamall.vn\/wp-content\/uploads\/2021\/11\/3d9aa28a-300x300.png 300w, https:\/\/havamall.vn\/wp-content\/uploads\/2021\/11\/3d9aa28a-430x430.png 430w, https:\/\/havamall.vn\/wp-content\/uploads\/2021\/11\/3d9aa28a-150x150.png 150w, https:\/\/havamall.vn\/wp-content\/uploads\/2021\/11\/3d9aa28a-700x700.png 700w, https:\/\/havamall.vn\/wp-content\/uploads\/2021\/11\/3d9aa28a-768x768.png 768w, https:\/\/havamall.vn\/wp-content\/uploads\/2021\/11\/3d9aa28a-1024x1024.png 1024w, https:\/\/havamall.vn\/wp-content\/uploads\/2021\/11\/3d9aa28a-1200x1200.png 1200w, https:\/\/havamall.vn\/wp-content\/uploads\/2021\/11\/3d9aa28a-600x600.png 600w, https:\/\/havamall.vn\/wp-content\/uploads\/2021\/11\/3d9aa28a-100x100.png 100w, https:\/\/havamall.vn\/wp-content\/uploads\/2021\/11\/3d9aa28a.png 2000w\" sizes=\"(max-width: 652px) 100vw, 652px\" \/><\/p>\n<p>Khay pha m\u00e0u tr\u00f2n Mont Marte gi\u00fap b\u1ea1n d\u1ec5 d\u00e0ng l\u1ea5y l\u01b0\u1ee3ng m\u00e0u v\u1eeba ph\u1ea3i \u0111\u1ec3 pha tr\u1ed9n khi v\u1ebd. \u0110\u1ed3ng th\u1eddi gi\u00fap b\u1ea1n ch\u1ea5m c\u1ecd thu\u1eadn ti\u1ec7n h\u01a1n, kh\u00f4ng b\u1ecb d\u00e2y m\u00e0u ra c\u1ea3 l\u1ecd. S\u1ea3n ph\u1ea9m \u0111\u01b0\u1ee3c l\u00e0m b\u1eb1ng nh\u1ef1a cao c\u1ea5p c\u00f3 \u0111\u1ed9 b\u1ec1n cao, ph\u00f9 h\u1ee3p cho h\u1ecdc sinh, sinh vi\u00ean v\u00e0 nh\u1eefng ai \u0111am m\u00ea h\u1ed9i h\u1ecda.<\/p>\n<p>S\u1ea3n ph\u1ea9m \u0111\u01b0\u1ee3c l\u00e0m nh\u1ef1a cao c\u1ea5p an to\u00e0n, kh\u00f4ng \u1ea3nh h\u01b0\u1edfng \u0111\u1ebfn s\u1ee9c kh\u1ecfe c\u1ee7a b\u00e9. B\u1ed9 b\u1ea3ng m\u00e0u v\u1ebd h\u00f5a s\u0129 c\u00f3\u00a0th\u1ec3 pha m\u00e0u, l\u01b0u tr\u1eef m\u00e0u, \u0111\u1ec3 b\u00e9 c\u00f3 th\u1ec3 v\u1ebd nh\u1eefng g\u00ec b\u00e9 th\u00edch \u1edf b\u1ea5t k\u1ef3 \u0111\u00e2u. Khay pha m\u00e0u Mont Marte \u0111\u01b0\u1ee3c l\u00e0m t\u1eeb nh\u1ef1a PP, b\u1ec1 m\u1eb7t tr\u01a1n b\u00f3ng gi\u00fap m\u00e0u kh\u00f4ng b\u1ecb b\u00e1m m\u00e0u tr\u00ean palette, d\u1ec5 d\u00e0ng v\u1ec7 sinh.<\/p>\n<p><img loading=\"lazy\" decoding=\"async\" class=\"wp-image-23671 aligncenter\" src=\"https:\/\/havamall.vn\/wp-content\/uploads\/2021\/11\/c1e96da38ea-300x300.png\" alt=\"\" width=\"653\" height=\"653\" srcset=\"https:\/\/havamall.vn\/wp-content\/uploads\/2021\/11\/c1e96da38ea-300x300.png 300w, https:\/\/havamall.vn\/wp-content\/uploads\/2021\/11\/c1e96da38ea-430x430.png 430w, https:\/\/havamall.vn\/wp-content\/uploads\/2021\/11\/c1e96da38ea-150x150.png 150w, https:\/\/havamall.vn\/wp-content\/uploads\/2021\/11\/c1e96da38ea-700x700.png 700w, https:\/\/havamall.vn\/wp-content\/uploads\/2021\/11\/c1e96da38ea-768x768.png 768w, https:\/\/havamall.vn\/wp-content\/uploads\/2021\/11\/c1e96da38ea-600x600.png 600w, https:\/\/havamall.vn\/wp-content\/uploads\/2021\/11\/c1e96da38ea-100x100.png 100w, https:\/\/havamall.vn\/wp-content\/uploads\/2021\/11\/c1e96da38ea.png 800w\" sizes=\"(max-width: 653px) 100vw, 653px\" \/><\/p>\n<h3 class=\"product_title entry-title\"><strong>\u25aa\ufe0f\u00a0B\u1ed9 4 C\u1ecd Acrylic Mont Marte<\/strong><\/h3>\n<p>B\u1ed9 c\u1ecd v\u1ebd acrylic MONT MARTE Gallery \u0111\u01b0\u1ee3c l\u00e0m b\u1eb1ng l\u00f4ng\u00a0taklon tuy\u1ec7t \u0111\u1eb9p v\u1edbi tay c\u1ea7m b\u1eb1ng g\u1ed7 m\u00e0u x\u00e1m s\u01a1n ph\u1ee7 \u00e1nh kim lo\u1ea1i ki\u1ec3u d\u00e1ng \u0111\u1eb9p v\u00e0 th\u00e2n\u00a0b\u1ecdc c\u1ecd\u00a0m\u00e0u \u0111en tinh t\u1ebf.\u00a0 B\u1ed9 c\u1ecd c\u00f3 k\u00edch th\u01b0\u1edbc \u0111a d\u1ea1ng, ki\u1ec3u d\u00e1ng th\u00edch h\u1ee3p v\u1edbi nhi\u1ec1u \u0111\u01b0\u1eddng n\u00e9t v\u1ebd v\u00e0 gi\u00fap t\u1ea1o hi\u1ec7u \u1ee9ng \u0111\u1eb7c bi\u1ec7t cho tranh.<\/p>\n<p>B\u1ed9 4 c\u00e2y c\u1ecd v\u1ebd \u0111\u00e1p \u1ee9ng nhu c\u1ea7u v\u1ebd chuy\u00ean d\u1ee5ng c\u1ee7a ng\u01b0\u1eddi d\u00f9ng v\u1edbi ch\u1ea5t l\u01b0\u1ee3ng \u0111\u1ea3m b\u1ea3o \u0111\u1ec3 t\u1ea1o n\u00ean \u0111\u01b0\u1eddng n\u00e9t v\u1ebd tinh t\u1ebf, nh\u1eb9 nh\u00e0ng hay s\u1eafc s\u1ea3o.<\/p>\n<p><img loading=\"lazy\" decoding=\"async\" class=\"wp-image-23608 aligncenter\" src=\"https:\/\/havamall.vn\/wp-content\/uploads\/2021\/11\/136358314-300x200.png\" alt=\"\" width=\"656\" height=\"437\" srcset=\"https:\/\/havamall.vn\/wp-content\/uploads\/2021\/11\/136358314-300x200.png 300w, https:\/\/havamall.vn\/wp-content\/uploads\/2021\/11\/136358314-430x287.png 430w, https:\/\/havamall.vn\/wp-content\/uploads\/2021\/11\/136358314-150x100.png 150w, https:\/\/havamall.vn\/wp-content\/uploads\/2021\/11\/136358314-700x467.png 700w, https:\/\/havamall.vn\/wp-content\/uploads\/2021\/11\/136358314-768x512.png 768w, https:\/\/havamall.vn\/wp-content\/uploads\/2021\/11\/136358314-1024x683.png 1024w, https:\/\/havamall.vn\/wp-content\/uploads\/2021\/11\/136358314-600x400.png 600w, https:\/\/havamall.vn\/wp-content\/uploads\/2021\/11\/136358314.png 1080w\" sizes=\"(max-width: 656px) 100vw, 656px\" \/><\/p>\n<p>Th\u00e2n c\u1ecd \u0111\u01b0\u1ee3c l\u00e0m b\u1eb1ng g\u1ed7 nh\u1eb9, kh\u00f4ng khi\u1ebfn ng\u01b0\u1eddi c\u1ea7m c\u1ecd c\u1ea3m th\u1ea5y n\u1eb7ng tay v\u00e0 d\u1ec5 d\u00e0ng \u0111i\u1ec1u khi\u1ec3n \u0111\u01b0\u1ee3c thao t\u00e1c c\u1ecd theo \u00fd m\u00ecnh. B\u00ean c\u1ea1nh \u0111\u00f3, \u0111\u1ea7u c\u1ecd v\u1ebd \u0111\u01b0\u1ee3c l\u00e0m b\u1eb1ng l\u00f4ng nh\u00e2n t\u1ea1o, r\u1ea5t m\u1ec1m m\u1ea1i v\u00e0 d\u1ec5 d\u00e0ng linh ho\u1ea1t trong n\u00e9t v\u1ebd.<\/p>\n<p>B\u1ed9 c\u1ecd v\u1ebd m\u00e0u n\u01b0\u1edbc MONT MARTE \u0111\u01b0\u1ee3c l\u00e0m t\u1eeb l\u00f4ng h\u1ed7n h\u1ee3p, l\u00e0 m\u1ed9t l\u1ef1a ch\u1ecdn ho\u00e0n h\u1ea3o cho nh\u1eefng b\u1ee9c tranh m\u00e0u n\u01b0\u1edbc m\u00e0 b\u1ea1n \u0111ang t\u00ecm ki\u1ebfm d\u1ee5ng c\u1ee5 \u0111\u1ec3 v\u1ebd. S\u1ea3n ph\u1ea9m \u0111i k\u00e8m t\u00fai \u0111\u1ef1ng nh\u1ecf g\u1ecdn, c\u00f3 kh\u00f3a k\u00e9o\u00a0ti\u1ec7n d\u1ee5ng, th\u00edch h\u1ee3p\u00a0\u0111\u1ec3 \u0111i\u00a0du l\u1ecbch v\u00e0 gi\u00fap k\u00e9o d\u00e0i tu\u1ed5i th\u1ecd cho\u00a0c\u1ecd.<\/p>\n<p>S\u1ea3n ph\u1ea9m th\u00edch h\u1ee3p s\u1eed d\u1ee5ng cho m\u00e0u Acrylic ho\u1eb7c M\u00e0u n\u01b0\u1edbc, Gouache,&#8230;.<\/p>\n<p><img loading=\"lazy\" decoding=\"async\" class=\"wp-image-23638 aligncenter\" src=\"https:\/\/havamall.vn\/wp-content\/uploads\/2021\/11\/n60dNfuTRa-300x186.png\" alt=\"\" width=\"667\" height=\"414\" srcset=\"https:\/\/havamall.vn\/wp-content\/uploads\/2021\/11\/n60dNfuTRa-300x186.png 300w, https:\/\/havamall.vn\/wp-content\/uploads\/2021\/11\/n60dNfuTRa-430x266.png 430w, https:\/\/havamall.vn\/wp-content\/uploads\/2021\/11\/n60dNfuTRa-150x93.png 150w, https:\/\/havamall.vn\/wp-content\/uploads\/2021\/11\/n60dNfuTRa-700x433.png 700w, https:\/\/havamall.vn\/wp-content\/uploads\/2021\/11\/n60dNfuTRa-768x475.png 768w, https:\/\/havamall.vn\/wp-content\/uploads\/2021\/11\/n60dNfuTRa-600x371.png 600w, https:\/\/havamall.vn\/wp-content\/uploads\/2021\/11\/n60dNfuTRa.png 970w\" sizes=\"(max-width: 667px) 100vw, 667px\" \/><\/p>\n<h3 class=\"product_title entry-title\"><strong>\u25aa\ufe0f\u00a0T\u1eb7ng k\u00e8m 2 c\u00e2y t\u1ea1o h\u00ecnh \u0111\u1ea5t s\u00e9t\u00a0<\/strong><\/h3>","protected":false},"excerpt":{"rendered":"<p>Combo ph\u00f9 h\u1ee3p v\u1edbi t\u1ea1o h\u00ecnh t\u1ef1 do, c\u00f3 th\u1ec3 ph\u1ee7 th\u00eam l\u1edbp s\u01a1n b\u00f3ng l\u00ean b\u1ec1 m\u1eb7t \u0111\u1ea5t s\u00e9t.<\/p>","protected":false},"featured_media":24911,"comment_status":"open","ping_status":"closed","template":"","meta":[],"product_brand":[],"product_cat":[395,35],"product_tag":[],"class_list":{"0":"post-24910","1":"product","2":"type-product","3":"status-publish","4":"has-post-thumbnail","6":"product_cat-van-phong-pham","7":"product_cat-nha-cua-doi-song","8":"pa_brand-mont-marte","10":"first","11":"instock","12":"sale","13":"shipping-taxable","14":"purchasable","15":"product-type-variable"},"_links":{"self":[{"href":"https:\/\/havamall.vn\/en\/wp-json\/wp\/v2\/product\/24910"}],"collection":[{"href":"https:\/\/havamall.vn\/en\/wp-json\/wp\/v2\/product"}],"about":[{"href":"https:\/\/havamall.vn\/en\/wp-json\/wp\/v2\/types\/product"}],"replies":[{"embeddable":true,"href":"https:\/\/havamall.vn\/en\/wp-json\/wp\/v2\/comments?post=24910"}],"version-history":[{"count":0,"href":"https:\/\/havamall.vn\/en\/wp-json\/wp\/v2\/product\/24910\/revisions"}],"wp:featuredmedia":[{"embeddable":true,"href":"https:\/\/havamall.vn\/en\/wp-json\/wp\/v2\/media\/24911"}],"wp:attachment":[{"href":"https:\/\/havamall.vn\/en\/wp-json\/wp\/v2\/media?parent=24910"}],"wp:term":[{"taxonomy":"product_brand","embeddable":true,"href":"https:\/\/havamall.vn\/en\/wp-json\/wp\/v2\/product_brand?post=24910"},{"taxonomy":"product_cat","embeddable":true,"href":"https:\/\/havamall.vn\/en\/wp-json\/wp\/v2\/product_cat?post=24910"},{"taxonomy":"product_tag","embeddable":true,"href":"https:\/\/havamall.vn\/en\/wp-json\/wp\/v2\/product_tag?post=24910"}],"curies":[{"name":"wp","href":"https:\/\/api.w.org\/{rel}","templated":true}]}}