{"id":24739,"date":"2022-01-06T13:48:18","date_gmt":"2022-01-06T06:48:18","guid":{"rendered":"https:\/\/havamall.vn\/?post_type=product&#038;p=24739"},"modified":"2022-01-10T14:15:26","modified_gmt":"2022-01-10T07:15:26","slug":"thung-6-chai-giam-tao-huu-co-bragg-473ml","status":"publish","type":"product","link":"https:\/\/havamall.vn\/en\/shop\/thung-6-chai-giam-tao-huu-co-bragg-473ml\/","title":{"rendered":"Th\u00f9ng 6 Chai Gi\u1ea5m T\u00e1o H\u1eefu C\u01a1 Bragg 473ml &#8211; Organic Apple Cider Vinegar"},"content":{"rendered":"<p>BRAGG l\u00e0 m\u1ed9t c\u00f4ng ty m\u00e0 khi nh\u1eafc \u0111\u1ebfn ng\u01b0\u1eddi ta s\u1ebd bi\u1ebft \u0111\u1ebfn ngay b\u1edfi s\u1ea3n ph\u1ea9m c\u1ee7a h\u1ecd \u0111\u1ed3ng ngh\u0129a v\u1edbi cu\u1ed9c s\u1ed1ng l\u00e0nh m\u1ea1nh. C\u00f4ng ty \u0111\u01b0\u1ee3c th\u00e0nh l\u1eadp b\u1edfi v\u1ecb chuy\u00ean gia Paul C. Bragg, l\u00e0 m\u1ed9t nh\u00e0 ph\u00ea b\u00ecnh s\u1ee9c kh\u1ecfe t\u1eeb n\u0103m 1912. Ng\u01b0\u1eddi \u0111\u00e3 th\u00e0nh l\u1eadp Phong tr\u00e0o S\u1ee9c kh\u1ecfe Hoa K\u1ef3, v\u00e0 v\u1eadn \u0111\u1ed9ng cho ch\u1ebf \u0111\u1ed9 \u0103n ki\u00eang, l\u1ed1i s\u1ed1ng t\u1eadp trung v\u00e0o th\u1ef1c ph\u1ea9m s\u1ed1ng t\u1ef1 nhi\u00ean v\u00e0 ch\u1ebf \u0111\u1ed9 l\u00e0nh m\u1ea1nh cho m\u1ed9t cu\u1ed9c s\u1ed1ng l\u00e2u d\u00e0i.<\/p>\n<p>Trong r\u1ea5t nhi\u1ec1u s\u1ea3n ph\u1ea9m v\u00ec s\u1ee9c kh\u1ecfe c\u1ee7a Bragg th\u00ec duy ch\u1ec9 c\u00f3 gi\u1ea5m t\u00e1o Bragg l\u00e0 th\u01b0\u01a1ng hi\u1ec7u n\u1ed5i ti\u1ebfng to\u00e0n c\u1ea7u. \u0110\u00e2y c\u0169ng l\u00e0 lo\u1ea1i gi\u1ea5m t\u00e1o \u0111\u01b0\u1ee3c tin d\u00f9ng nh\u1ea5t \u1edf M\u1ef9. D\u00f9 th\u1ef1c hi\u1ec7n b\u1ea5t k\u1ef3 cu\u1ed9c kh\u1ea3o s\u00e1t n\u00e0o v\u1ec1 gi\u1ea5m t\u00e1o th\u00ec s\u1ea3n ph\u1ea9m n\u00e0y c\u0169ng \u0111\u1ee9ng \u0111\u1ea7u. Gi\u1ea5m t\u00e1o Bragg \u0111\u00e3 gi\u00e0nh \u0111\u01b0\u1ee3c r\u1ea5t nhi\u1ec1u gi\u1ea3i th\u01b0\u1edfng l\u1edbn, v\u00e0 \u0111\u1eb7c bi\u1ec7t l\u00e0 gi\u1ea3i Apple Cider Vinegar n\u1ed5i ti\u1ebfng th\u1ebf gi\u1edbi. Nay \u0111\u00e3 c\u00f3 m\u1eb7t t\u1ea1i Havamall.<\/p>\n<p><img fetchpriority=\"high\" decoding=\"async\" class=\"wp-image-21492 aligncenter\" src=\"https:\/\/havamall.vn\/wp-content\/uploads\/2021\/08\/GI\u1ea4M-T\u00c1O-11-300x169.jpg\" alt=\"\" width=\"750\" height=\"423\" srcset=\"https:\/\/havamall.vn\/wp-content\/uploads\/2021\/08\/GI\u1ea4M-T\u00c1O-11-300x169.jpg 300w, https:\/\/havamall.vn\/wp-content\/uploads\/2021\/08\/GI\u1ea4M-T\u00c1O-11-430x242.jpg 430w, https:\/\/havamall.vn\/wp-content\/uploads\/2021\/08\/GI\u1ea4M-T\u00c1O-11-150x85.jpg 150w, https:\/\/havamall.vn\/wp-content\/uploads\/2021\/08\/GI\u1ea4M-T\u00c1O-11-700x395.jpg 700w, https:\/\/havamall.vn\/wp-content\/uploads\/2021\/08\/GI\u1ea4M-T\u00c1O-11-768x433.jpg 768w, https:\/\/havamall.vn\/wp-content\/uploads\/2021\/08\/GI\u1ea4M-T\u00c1O-11-1024x577.jpg 1024w, https:\/\/havamall.vn\/wp-content\/uploads\/2021\/08\/GI\u1ea4M-T\u00c1O-11-1200x677.jpg 1200w, https:\/\/havamall.vn\/wp-content\/uploads\/2021\/08\/GI\u1ea4M-T\u00c1O-11-600x338.jpg 600w\" sizes=\"(max-width: 750px) 100vw, 750px\" \/><\/p>\n<h3><strong>\u0110\u1eb6C \u0110I\u1ec2M N\u1ed4I B\u1eacT S\u1ea2N PH\u1ea8M<\/strong><\/h3>\n<p>Gi\u1ea5m t\u00e1o h\u1eefu c\u01a1 Bragg \u0111\u01b0\u1ee3c coi l\u00e0 m\u1ed9t trong nh\u1eefng si\u00eau ph\u1ea9m v\u00ec c\u00f4ng d\u1ee5ng \u0111a d\u1ea1ng m\u00e0 n\u00f3 mang l\u1ea1i. H\u01a1n n\u1eefa c\u00f4ng d\u1ee5ng n\u00e0y \u0111\u00e3 \u0111\u01b0\u1ee3c khoa h\u1ecdc ch\u1ee9ng minh v\u00e0 ng\u01b0\u1eddi ti\u00eau d\u00f9ng tr\u00ean kh\u1eafp th\u1ebf gi\u1edbi c\u00f4ng nh\u1eadn. B\u1edfi gi\u1ea5m t\u00e1o Bragg c\u00f2n gi\u1eef nguy\u00ean l\u1ea1i con gi\u1ea5m M\u1eb9 &#8211; hi\u1ec7u qu\u1ea3 mang l\u1ea1i cho con ng\u01b0\u1eddi nh\u01b0 m\u1ed9t lo\u1ea1i kh\u00e1ng sinh t\u1ef1 nhi\u00ean.<\/p>\n<p>Gi\u1ea5m t\u00e1o Bragg \u0111\u01b0\u1ee3c l\u00e0m t\u1eeb t\u00e1o canh t\u00e1c ho\u00e0n to\u00e0n t\u1ef1 nhi\u00ean, kh\u00f4ng bi\u1ebfn \u0111\u1ed5i gen GMO. S\u1ea3n ph\u1ea9m \u0111\u1ea1t ch\u1ee9ng nh\u1eadn h\u1eefu c\u01a1 USDA Gi\u1ea5m t\u00e1o Bragg nguy\u00ean ch\u1ea5t, ch\u01b0a qua l\u1ecdc, kh\u00f4ng b\u1ecb kh\u1eed m\u00f9i, kh\u1eed tr\u00f9ng v\u00e0 c\u00f3 \u0111\u1ed9 axit 5%.<\/p>\n<p><img decoding=\"async\" class=\"wp-image-21495 aligncenter\" src=\"https:\/\/havamall.vn\/wp-content\/uploads\/2021\/08\/GI\u1ea4M-T\u00c1O-9-300x200.jpg\" alt=\"\" width=\"750\" height=\"501\" srcset=\"https:\/\/havamall.vn\/wp-content\/uploads\/2021\/08\/GI\u1ea4M-T\u00c1O-9-300x200.jpg 300w, https:\/\/havamall.vn\/wp-content\/uploads\/2021\/08\/GI\u1ea4M-T\u00c1O-9-430x287.jpg 430w, https:\/\/havamall.vn\/wp-content\/uploads\/2021\/08\/GI\u1ea4M-T\u00c1O-9-150x100.jpg 150w, https:\/\/havamall.vn\/wp-content\/uploads\/2021\/08\/GI\u1ea4M-T\u00c1O-9-700x467.jpg 700w, https:\/\/havamall.vn\/wp-content\/uploads\/2021\/08\/GI\u1ea4M-T\u00c1O-9-768x512.jpg 768w, https:\/\/havamall.vn\/wp-content\/uploads\/2021\/08\/GI\u1ea4M-T\u00c1O-9-1024x683.jpg 1024w, https:\/\/havamall.vn\/wp-content\/uploads\/2021\/08\/GI\u1ea4M-T\u00c1O-9-1200x800.jpg 1200w, https:\/\/havamall.vn\/wp-content\/uploads\/2021\/08\/GI\u1ea4M-T\u00c1O-9-600x400.jpg 600w, https:\/\/havamall.vn\/wp-content\/uploads\/2021\/08\/GI\u1ea4M-T\u00c1O-9.jpg 2048w\" sizes=\"(max-width: 750px) 100vw, 750px\" \/><\/p>\n<h3><strong>C\u00d4NG D\u1ee4NG S\u1ea2N PH\u1ea8M<\/strong><\/h3>\n<p>Gi\u1ea5m t\u00e1o h\u1eefu c\u01a1 Bragg ch\u1ee9a con gi\u1ea5m m\u1eb9 n\u00ean mang \u0111\u1ebfn nh\u1eefng hi\u1ec7u qu\u1ea3 cao c\u1ea3 trong y h\u1ecdc v\u00e0 cu\u1ed9c s\u1ed1ng h\u00e0ng ng\u00e0y:<\/p>\n<h4><em><strong>1. L\u00e0m s\u1ea1ch v\u00e0 b\u1ea3o qu\u1ea3n<\/strong><\/em><\/h4>\n<p>Vi\u1ec7c gi\u1ea5m t\u00e1o ch\u1ee9a con gi\u1ea5m m\u1eb9 s\u1ebd c\u00f3 h\u00e0m l\u01b0\u1ee3ng axit l\u00e0m n\u00f3 tr\u1edf th\u00e0nh m\u1ed9t ch\u1ea5t b\u1ea3o qu\u1ea3n m\u1ea1nh m\u1ebd cho th\u1ef1c ph\u1ea9m. V\u00e0 \u0111\u00e2y c\u0169ng l\u00e0 l\u00ed do m\u00e0 gi\u1ea5m t\u00e1o th\u01b0\u1eddng \u0111\u01b0\u1ee3c s\u1eed d\u1ee5ng \u0111\u1ec3 tr\u1ecb m\u1ee5n tr\u1ee9ng c\u00e1, l\u00e0m s\u1ea1ch nh\u1eddn tr\u00ean da m\u1eb7t, th\u1ea3i \u0111\u1ed9c trong c\u01a1 th\u1ec3.<\/p>\n<h4><em><strong>2. H\u1ed7 tr\u1ee3 ti\u00eau h\u00f3a t\u1ed1t<\/strong><\/em><\/h4>\n<div>Gi\u1ea5m t\u00e1o l\u00e0 m\u1ed9t ph\u01b0\u01a1ng thu\u1ed1c \u0111\u01a1n gi\u1ea3n cho nh\u1eefng ng\u01b0\u1eddi c\u00f3 axit d\u1ea1 d\u00e0y th\u1ea5p khi\u1ebfn cho qu\u00e1 tr\u00ecnh ti\u00eau h\u00f3a kh\u00f3 kh\u0103n. V\u1edbi con gi\u1ea5m m\u1eb9 c\u00f3 ch\u1ee9a nhi\u1ec1u enzym v\u00e0 axit s\u1ebd gi\u00fap d\u1ea1 d\u00e0y c\u00e2n b\u1eb1ng v\u00e0 h\u1ed7 tr\u1ee3 ti\u00eau h\u00f3a t\u1ed1t h\u01a1n.<\/div>\n<div><img decoding=\"async\" class=\"wp-image-24741 aligncenter\" src=\"https:\/\/havamall.vn\/wp-content\/uploads\/2022\/01\/244607998_-300x200.png\" alt=\"\" width=\"745\" height=\"497\" srcset=\"https:\/\/havamall.vn\/wp-content\/uploads\/2022\/01\/244607998_-300x200.png 300w, https:\/\/havamall.vn\/wp-content\/uploads\/2022\/01\/244607998_-430x287.png 430w, https:\/\/havamall.vn\/wp-content\/uploads\/2022\/01\/244607998_-150x100.png 150w, https:\/\/havamall.vn\/wp-content\/uploads\/2022\/01\/244607998_-700x467.png 700w, https:\/\/havamall.vn\/wp-content\/uploads\/2022\/01\/244607998_-768x512.png 768w, https:\/\/havamall.vn\/wp-content\/uploads\/2022\/01\/244607998_-1024x683.png 1024w, https:\/\/havamall.vn\/wp-content\/uploads\/2022\/01\/244607998_-1200x800.png 1200w, https:\/\/havamall.vn\/wp-content\/uploads\/2022\/01\/244607998_-600x400.png 600w, https:\/\/havamall.vn\/wp-content\/uploads\/2022\/01\/244607998_.png 2048w\" sizes=\"(max-width: 745px) 100vw, 745px\" \/><\/div>\n<h4><em><strong>3. H\u1ed7 tr\u1ee3 mi\u1ec5n d\u1ecbch<\/strong><\/em><\/h4>\n<p>Gi\u1ea5m m\u1eb9 trong gi\u1ea5m t\u00e1o Bragg cung c\u1ea5p \u0111\u1eb7c t\u00ednh t\u0103ng c\u01b0\u1eddng mi\u1ec5n d\u1ecbch v\u00e0 gi\u00fap gi\u1ea5m m\u1ea1nh h\u01a1n theo th\u1eddi gian v\u00e0 duy tr\u00ec nh\u1eefng \u0111\u1eb7c t\u00ednh v\u1ed1n c\u00f3 c\u1ee7a n\u00f3.<\/p>\n<h4><em><strong>4. Ch\u0103m s\u00f3c t\u00f3c<\/strong><\/em><\/h4>\n<div>C\u00e1c axit c\u00f3 l\u1ee3i trong gi\u1ea5m t\u00e1o r\u1ea5t t\u1ed1t cho t\u00f3c v\u00ec th\u1ebf m\u00e0 gi\u1ea5m t\u00e1o h\u1eefu c\u01a1 c\u00f3 ch\u1ee9a con gi\u1ea5m m\u1eb9 l\u1ea1i \u0111\u01b0\u1ee3c khuy\u00ean d\u00f9ng l\u00e0m n\u01b0\u1edbc x\u1ea3 t\u00f3c \u0111\u1ec3 d\u01b0\u1ee1ng t\u00f3c v\u00e0 t\u0103ng \u0111\u1ed9 b\u00f3ng tr\u00ean t\u00f3c.<\/div>\n<div><img loading=\"lazy\" decoding=\"async\" class=\"alignnone wp-image-21497 aligncenter\" src=\"https:\/\/havamall.vn\/wp-content\/uploads\/2021\/08\/GI\u1ea4M-T\u00c1O-6-271x300.jpg\" alt=\"\" width=\"750\" height=\"830\" srcset=\"https:\/\/havamall.vn\/wp-content\/uploads\/2021\/08\/GI\u1ea4M-T\u00c1O-6-271x300.jpg 271w, https:\/\/havamall.vn\/wp-content\/uploads\/2021\/08\/GI\u1ea4M-T\u00c1O-6-430x476.jpg 430w, https:\/\/havamall.vn\/wp-content\/uploads\/2021\/08\/GI\u1ea4M-T\u00c1O-6-150x166.jpg 150w, https:\/\/havamall.vn\/wp-content\/uploads\/2021\/08\/GI\u1ea4M-T\u00c1O-6-700x775.jpg 700w, https:\/\/havamall.vn\/wp-content\/uploads\/2021\/08\/GI\u1ea4M-T\u00c1O-6-768x850.jpg 768w, https:\/\/havamall.vn\/wp-content\/uploads\/2021\/08\/GI\u1ea4M-T\u00c1O-6-925x1024.jpg 925w, https:\/\/havamall.vn\/wp-content\/uploads\/2021\/08\/GI\u1ea4M-T\u00c1O-6-600x664.jpg 600w, https:\/\/havamall.vn\/wp-content\/uploads\/2021\/08\/GI\u1ea4M-T\u00c1O-6.jpg 1080w\" sizes=\"(max-width: 750px) 100vw, 750px\" \/><\/div>\n<h4><em><strong>5. C\u00e2n b\u1eb1ng l\u01b0\u1ee3ng \u0111\u01b0\u1eddng trong m\u00e1u<\/strong><\/em><\/h4>\n<div>Gi\u1ea5m t\u00e1o ch\u01b0a tinh t\u1ebf c\u00f3 ch\u1ee9a nhi\u1ec1u h\u1ee3p ch\u1ea5t c\u00f3 l\u1ee3i nh\u1ea5t l\u00e0 kh\u1ea3 n\u0103ng gi\u00fap c\u00e2n b\u1eb1ng l\u01b0\u1ee3ng \u0111\u01b0\u1eddng trong m\u00e1u. Nh\u1edd \u0111\u00f3 m\u00e0 gi\u00fap h\u1ea1 \u0111\u01b0\u1eddng huy\u1ebft, c\u1ea3i thi\u1ec7n \u0111\u1ed9 nh\u1ea1y c\u1ea3m Insulin.<\/div>\n<h4><em><strong>6. Trong n\u1ea5u \u0103n<\/strong><\/em><\/h4>\n<div>\n<div>Gi\u1ea5m t\u00e1o Bragg \u0111\u01b0\u1ee3c ch\u00fang ta th\u01b0\u1eddng xuy\u00ean s\u1eed d\u1ee5ng nh\u01b0 m\u1ed9t gia v\u1ecb trong b\u1ebfp, b\u1edfi v\u1eady khi n\u00f3i \u0111\u1ebfn c\u00f4ng d\u1ee5ng c\u1ee7a gi\u1ea5m t\u00e1o th\u00ec kh\u00f4ng th\u1ec3 kh\u00f4ng k\u1ec3 \u0111\u1ebfn vi\u1ec7c k\u1ebft h\u1ee3p gi\u1ea5m trong nh\u1eefng m\u00f3n \u0103n.<\/div>\n<div>&#8211; L\u00e0m salad- Lu\u1ed9c tr\u1ee9ng- Gi\u1eef rau qu\u1ea3 v\u00e0 tr\u00e1i c\u00e2y t\u01b0\u01a1i- T\u0103ng c\u01b0\u1eddng gia v\u1ecb cho m\u1ed9t ch\u1ebf \u0111\u1ed9 \u0103n u\u1ed1ng l\u00e0nh m\u1ea1nh- Th\u00eam m\u1ed9t mu\u1ed7ng canh gi\u1ea5m t\u00e1o v\u00e0o m\u1ed9t t\u00e1ch s\u1eefa ho\u1eb7c kem v\u00e0 b\u1ea1n s\u1ebd c\u00f3 ngay m\u1ed9t s\u1ea3n ph\u1ea9m b\u01a1 s\u1eefa handmade l\u1ea1 mi\u1ec7ng.<img loading=\"lazy\" decoding=\"async\" class=\"wp-image-24742 aligncenter\" src=\"https:\/\/havamall.vn\/wp-content\/uploads\/2022\/01\/264271573_-300x300.png\" alt=\"\" width=\"776\" height=\"777\" srcset=\"https:\/\/havamall.vn\/wp-content\/uploads\/2022\/01\/264271573_-300x300.png 300w, https:\/\/havamall.vn\/wp-content\/uploads\/2022\/01\/264271573_-430x430.png 430w, https:\/\/havamall.vn\/wp-content\/uploads\/2022\/01\/264271573_-150x150.png 150w, https:\/\/havamall.vn\/wp-content\/uploads\/2022\/01\/264271573_-700x700.png 700w, https:\/\/havamall.vn\/wp-content\/uploads\/2022\/01\/264271573_-768x768.png 768w, https:\/\/havamall.vn\/wp-content\/uploads\/2022\/01\/264271573_-1024x1024.png 1024w, https:\/\/havamall.vn\/wp-content\/uploads\/2022\/01\/264271573_-600x600.png 600w, https:\/\/havamall.vn\/wp-content\/uploads\/2022\/01\/264271573_-100x100.png 100w, https:\/\/havamall.vn\/wp-content\/uploads\/2022\/01\/264271573_.png 1080w\" sizes=\"(max-width: 776px) 100vw, 776px\" \/><strong>B\u1ea3o qu\u1ea3n:\u00a0<\/strong>B\u1ea3o qu\u1ea3n n\u01a1i kh\u00f4 r\u00e1o, tho\u00e1ng m\u00e1t, tr\u00e1nh \u00e1nh n\u1eafng tr\u1ef1c ti\u1ebfp chi\u1ebfu v\u00e0o.<strong>Th\u00f4ng tin c\u1ea3nh b\u00e1o:<\/strong> M\u00e0u s\u1eafc v\u00e0 h\u01b0\u01a1ng v\u1ecb\u00a0 c\u00f3 th\u1ec3 thay \u0111\u1ed5i do t\u00ednh ch\u1ea5t t\u1ef1 nhi\u00ean c\u1ee7a s\u1ea3n ph\u1ea9m.<strong>Xu\u1ea5t x\u1ee9:<\/strong> M\u1ef9<strong>Th\u1eddi h\u1ea1n s\u1eed d\u1ee5ng s\u1ea3n ph\u1ea9m:<\/strong> 60 th\u00e1ng k\u1ec3 t\u1eeb ng\u00e0y s\u1ea3n xu\u1ea5t.<strong>Th\u1ec3 t\u00edch th\u1ef1c:<\/strong> 473ml<\/div>\n<\/div>","protected":false},"excerpt":{"rendered":"<p>BRAGG l\u00e0 m\u1ed9t c\u00f4ng ty m\u00e0 khi nh\u1eafc \u0111\u1ebfn ng\u01b0\u1eddi ta s\u1ebd bi\u1ebft \u0111\u1ebfn ngay b\u1edfi s\u1ea3n ph\u1ea9m c\u1ee7a h\u1ecd<\/p>","protected":false},"featured_media":24743,"comment_status":"open","ping_status":"closed","template":"","meta":[],"product_brand":[],"product_cat":[256,36],"product_tag":[],"class_list":{"0":"post-24739","1":"product","2":"type-product","3":"status-publish","4":"has-post-thumbnail","6":"product_cat-thuc-pham-huu-co","7":"product_cat-thuc-pham-tieu-dung","9":"first","10":"instock","11":"sale","12":"shipping-taxable","13":"purchasable","14":"product-type-simple"},"_links":{"self":[{"href":"https:\/\/havamall.vn\/en\/wp-json\/wp\/v2\/product\/24739"}],"collection":[{"href":"https:\/\/havamall.vn\/en\/wp-json\/wp\/v2\/product"}],"about":[{"href":"https:\/\/havamall.vn\/en\/wp-json\/wp\/v2\/types\/product"}],"replies":[{"embeddable":true,"href":"https:\/\/havamall.vn\/en\/wp-json\/wp\/v2\/comments?post=24739"}],"version-history":[{"count":0,"href":"https:\/\/havamall.vn\/en\/wp-json\/wp\/v2\/product\/24739\/revisions"}],"wp:featuredmedia":[{"embeddable":true,"href":"https:\/\/havamall.vn\/en\/wp-json\/wp\/v2\/media\/24743"}],"wp:attachment":[{"href":"https:\/\/havamall.vn\/en\/wp-json\/wp\/v2\/media?parent=24739"}],"wp:term":[{"taxonomy":"product_brand","embeddable":true,"href":"https:\/\/havamall.vn\/en\/wp-json\/wp\/v2\/product_brand?post=24739"},{"taxonomy":"product_cat","embeddable":true,"href":"https:\/\/havamall.vn\/en\/wp-json\/wp\/v2\/product_cat?post=24739"},{"taxonomy":"product_tag","embeddable":true,"href":"https:\/\/havamall.vn\/en\/wp-json\/wp\/v2\/product_tag?post=24739"}],"curies":[{"name":"wp","href":"https:\/\/api.w.org\/{rel}","templated":true}]}}