{"id":24679,"date":"2021-12-30T11:13:55","date_gmt":"2021-12-30T04:13:55","guid":{"rendered":"https:\/\/havamall.vn\/?post_type=product&#038;p=24679"},"modified":"2022-01-12T14:25:11","modified_gmt":"2022-01-12T07:25:11","slug":"bo-dung-cu-dieu-khac-tao-hinh-dat-set-5-cai","status":"publish","type":"product","link":"https:\/\/havamall.vn\/en\/shop\/bo-dung-cu-dieu-khac-tao-hinh-dat-set-5-cai\/","title":{"rendered":"B\u1ed9 D\u1ee5ng C\u1ee5 \u0110i\u00eau Kh\u1eafc T\u1ea1o H\u00ecnh \u0110\u1ea5t S\u00e9t 5 C\u00e1i"},"content":{"rendered":"<p id=\"tw-target-text\" class=\"tw-data-text tw-text-large tw-ta\" dir=\"ltr\"><span class=\"Y2IQFc\" lang=\"vi\">B\u1ed9 t\u1ea1o h\u00ecnh \u0111\u1ea5t s\u00e9t bao g\u1ed3m 5 c\u00f4ng c\u1ee5 hai \u0111\u1ea7u, cung c\u1ea5p 10 h\u00ecnh d\u1ea1ng c\u00f4ng c\u1ee5 \u0111\u1ec3 c\u1eaft, kh\u1eafc, l\u00e0m m\u1ecbn v\u00e0 t\u1ea1o k\u1ebft c\u1ea5u khi \u0111i\u00eau kh\u1eafc. Ch\u00fang c\u00f3 c\u1ea5u tr\u00fac b\u1eb1ng g\u1ed7\u00a0 b\u1ec1n v\u00e0 thi\u1ebft k\u1ebf ti\u1ec7n d\u1ee5ng \u0111\u1ec3 s\u1eed d\u1ee5ng tho\u1ea3i m\u00e1i v\u00e0 c\u00f3 ki\u1ec3m so\u00e1t. <\/span>S\u1ea3n ph\u1ea9m \u0111\u01b0\u1ee3c l\u00e0m t\u1eeb g\u1ed7, r\u1ea5t b\u1ec1n, thi\u1ebft k\u1ebf ti\u1ec7n d\u1ee5ng v\u00e0 tay c\u1ea7m tho\u1ea3i m\u00e1i khi s\u1eed d\u1ee5ng.<\/p>\n<p dir=\"ltr\"><img fetchpriority=\"high\" decoding=\"async\" class=\"wp-image-24681 aligncenter\" src=\"https:\/\/havamall.vn\/wp-content\/uploads\/2021\/12\/O1CN0-300x175.png\" alt=\"\" width=\"653\" height=\"381\" srcset=\"https:\/\/havamall.vn\/wp-content\/uploads\/2021\/12\/O1CN0-300x175.png 300w, https:\/\/havamall.vn\/wp-content\/uploads\/2021\/12\/O1CN0-430x250.png 430w, https:\/\/havamall.vn\/wp-content\/uploads\/2021\/12\/O1CN0-150x87.png 150w, https:\/\/havamall.vn\/wp-content\/uploads\/2021\/12\/O1CN0-700x408.png 700w, https:\/\/havamall.vn\/wp-content\/uploads\/2021\/12\/O1CN0-768x447.png 768w, https:\/\/havamall.vn\/wp-content\/uploads\/2021\/12\/O1CN0-600x350.png 600w, https:\/\/havamall.vn\/wp-content\/uploads\/2021\/12\/O1CN0.png 800w\" sizes=\"(max-width: 653px) 100vw, 653px\" \/><\/p>\n<p class=\"tw-data-text tw-text-large tw-ta\" dir=\"ltr\">Ch\u00fang c\u00f3 c\u1ea5u tr\u00fac b\u1eb1ng g\u1ed7 ho\u00e0ng d\u01b0\u01a1ng b\u1ec1n v\u00e0 thi\u1ebft k\u1ebf ti\u1ec7n d\u1ee5ng, tay c\u1ea7m s\u1eed d\u1ee5ng tho\u1ea3i m\u00e1i. S\u1ea3n ph\u1ea9m n\u00e0y r\u1ea5t th\u00edch h\u1ee3p \u0111\u1ec3 l\u00e0m vi\u1ec7c v\u1edbi \u0111\u1ea5t s\u00e9t polyme, \u0111\u1ea5t s\u00e9t truy\u1ec1n th\u1ed1ng, g\u1ed1m.<\/p>\n<p dir=\"ltr\">B\u1ed9 5 d\u1ee5ng c\u1ee5 \u0111i\u00eau kh\u1eafc \u0111\u1ed3 g\u1ed1m v\u00e0 \u0111\u1ea5t s\u00e9t ph\u1ee5c v\u1ee5 cho vi\u1ec7c kh\u1eafc, t\u1ea1o h\u00ecnh, l\u00e0m m\u00f4 h\u00ecnh, c\u1eaft, c\u1ea1o, ch\u1ea3i, l\u00e0m m\u1ecbn v\u00e0 v\u00e2n v\u00e2n. H\u1ea7u h\u1ebft c\u00e1c d\u1ee5ng c\u1ee5 \u0111\u1ec1u c\u00f3 2 \u0111\u1ea7u kh\u00e1c nhau gi\u00fap t\u1ea1o ra nhi\u1ec1u h\u00ecnh d\u1ea1ng kh\u00e1c nhau, gi\u00fap b\u1ea1n linh ho\u1ea1t h\u01a1n cho c\u00e1c thi\u1ebft k\u1ebf c\u1ee7a m\u00ecnh.<\/p>\n<p dir=\"ltr\"><img decoding=\"async\" class=\"wp-image-24682 aligncenter\" src=\"https:\/\/havamall.vn\/wp-content\/uploads\/2021\/12\/4d6853bd-300x218.png\" alt=\"\" width=\"651\" height=\"473\" srcset=\"https:\/\/havamall.vn\/wp-content\/uploads\/2021\/12\/4d6853bd-300x218.png 300w, https:\/\/havamall.vn\/wp-content\/uploads\/2021\/12\/4d6853bd-430x313.png 430w, https:\/\/havamall.vn\/wp-content\/uploads\/2021\/12\/4d6853bd-150x109.png 150w, https:\/\/havamall.vn\/wp-content\/uploads\/2021\/12\/4d6853bd-700x509.png 700w, https:\/\/havamall.vn\/wp-content\/uploads\/2021\/12\/4d6853bd-768x559.png 768w, https:\/\/havamall.vn\/wp-content\/uploads\/2021\/12\/4d6853bd-600x437.png 600w, https:\/\/havamall.vn\/wp-content\/uploads\/2021\/12\/4d6853bd.png 800w\" sizes=\"(max-width: 651px) 100vw, 651px\" \/><\/p>\n<h3><strong>\u0110\u1eb7c \u0111i\u1ec3m n\u1ed5i b\u1eadt c\u1ee7a s\u1ea3n ph\u1ea9m:<\/strong><\/h3>\n<p dir=\"ltr\">&#8211; Bao g\u1ed3m 5 c\u00f4ng c\u1ee5 v\u1edbi thi\u1ebft k\u1ebf 2 \u0111\u1ea7u.<\/p>\n<p dir=\"ltr\">&#8211; Cung c\u1ea5p nhi\u1ec1u h\u00ecnh d\u1ea1ng ch\u1ea1m kh\u1eafc kh\u00e1c nhau \u0111\u1ec3 b\u1ea1n s\u1eed d\u1ee5ng linh ho\u1ea1t h\u01a1n cho c\u00e1c thi\u1ebft k\u1ebf c\u1ee7a m\u00ecnh.<\/p>\n<p dir=\"ltr\">&#8211; \u0110\u01b0\u1ee3c s\u1eed d\u1ee5ng \u0111\u1ec3 c\u1ea1o, l\u00e0m m\u1ecbn, t\u1ea1o h\u00ecnh, \u0111i\u00eau kh\u1eafc, v.v.<\/p>\n<p dir=\"ltr\">&#8211; L\u00fd t\u01b0\u1edfng cho \u0111\u1ea5t s\u00e9t, c\u00e1c ho\u1ea1t \u0111\u1ed9ng ngh\u1ec7 thu\u1eadt, \u0111i\u00eau kh\u1eafc v\u00e0 ho\u1ea1t \u0111\u1ed9ng th\u1ee7 c\u00f4ng kh\u00e1c.<\/p>\n<h3 class=\"tw-data-text tw-text-large tw-ta\"><strong><span class=\"Y2IQFc\" lang=\"vi\"><img decoding=\"async\" class=\"wp-image-24683 aligncenter\" src=\"https:\/\/havamall.vn\/wp-content\/uploads\/2021\/12\/c8d97-300x300.png\" alt=\"\" width=\"647\" height=\"647\" srcset=\"https:\/\/havamall.vn\/wp-content\/uploads\/2021\/12\/c8d97-300x300.png 300w, https:\/\/havamall.vn\/wp-content\/uploads\/2021\/12\/c8d97-430x430.png 430w, https:\/\/havamall.vn\/wp-content\/uploads\/2021\/12\/c8d97-150x150.png 150w, https:\/\/havamall.vn\/wp-content\/uploads\/2021\/12\/c8d97-700x700.png 700w, https:\/\/havamall.vn\/wp-content\/uploads\/2021\/12\/c8d97-768x768.png 768w, https:\/\/havamall.vn\/wp-content\/uploads\/2021\/12\/c8d97-600x600.png 600w, https:\/\/havamall.vn\/wp-content\/uploads\/2021\/12\/c8d97-100x100.png 100w, https:\/\/havamall.vn\/wp-content\/uploads\/2021\/12\/c8d97.png 800w\" sizes=\"(max-width: 647px) 100vw, 647px\" \/><\/span><\/strong><\/h3>\n<h3 class=\"tw-data-text tw-text-large tw-ta\"><strong><span class=\"Y2IQFc\" lang=\"vi\">C\u00f4ng d\u1ee5ng c\u1ee7a s\u1ea3n ph\u1ea9m:<\/span><\/strong><\/h3>\n<p class=\"tw-data-text tw-text-large tw-ta\" dir=\"ltr\"><span class=\"Y2IQFc\" lang=\"vi\">&gt; T\u1ea1o c\u00e1c r\u00e3nh c\u00f3 k\u1ebft c\u1ea5u b\u1eb1ng \u0111\u1ea7u \u0111\u00e3 \u0111\u01b0\u1ee3c ch\u1ebb v\u00e0 kh\u1eafc c\u00e1c v\u00f9ng l\u00f5m b\u1eb1ng c\u00f4ng c\u1ee5 cong nh\u1ecf. \u0110\u1ea7u bi tr\u00f2n c\u00f3 th\u1ec3 m\u00e0i nh\u1eb5n nh\u1eefng ch\u1ed7 kh\u00f3 ti\u1ebfp c\u1eadn trong khi d\u1ee5ng c\u1ee5 nh\u1ecdn t\u1ea1o h\u00ecnh c\u00e1c chi ti\u1ebft \u0111\u1eb9p v\u1edbi \u0111\u1ed9 ch\u00ednh x\u00e1c.<\/span><\/p>\n<p class=\"tw-data-text tw-text-large tw-ta\" dir=\"ltr\"><span class=\"Y2IQFc\" lang=\"vi\">&gt; C\u1eaft v\u00e0 t\u1ea1o \u0111\u01b0\u1eddng vi\u1ec1n b\u1eb1ng \u0111\u1ea7u l\u01b0\u1ee1i l\u1edbn v\u00e0 l\u00e0m ph\u1eb3ng c\u00e1c b\u1ec1 m\u1eb7t b\u1eb1ng c\u00f4ng c\u1ee5 \u0111\u1ea7u tr\u00f2n.<\/span><\/p>\n<p class=\"tw-data-text tw-text-large tw-ta\" dir=\"ltr\"><span class=\"Y2IQFc\" lang=\"vi\">&gt; \u0110\u1ea7u c\u00e1nh khu\u1ea5y tr\u00f2n c\u00f3 th\u1ec3 \u0111\u01b0\u1ee3c s\u1eed d\u1ee5ng \u0111\u1ec3 l\u00e0m ph\u1eb3ng c\u00e1c khu v\u1ef1c m\u1ed9t c\u00e1ch nh\u1eb9 nh\u00e0ng v\u00e0 \u0111\u1ea7u c\u00f3 m\u00f3c s\u1ebd kh\u00eda v\u00e0 lo\u1ea1i b\u1ecf \u0111\u1ea5t s\u00e9t m\u1ed9t c\u00e1ch ch\u00ednh x\u00e1c.<\/span><\/p>\n<p class=\"tw-data-text tw-text-large tw-ta\" dir=\"ltr\"><span class=\"Y2IQFc\" lang=\"vi\">&gt; S\u1eed d\u1ee5ng c\u00f4ng c\u1ee5 l\u01b0\u1ee1i ng\u1eafn \u0111\u1ec3 l\u00e1t v\u00e0 c\u1eaft \u0111\u1ea5t s\u00e9t v\u00e0 \u0111\u1ea7u nh\u1ecdn t\u1ea1o ra c\u00e1c b\u1ec1 m\u1eb7t l\u1ed3i l\u00f5m \u0111\u1ed3ng nh\u1ea5t. C\u1eaft ch\u00e9o v\u00e0 t\u1ea1o c\u00e1c \u0111\u01b0\u1eddng m\u1ea3nh b\u1eb1ng c\u00f4ng c\u1ee5 l\u01b0\u1ee1i l\u1edbn.<\/span><\/p>\n<p class=\"tw-data-text tw-text-large tw-ta\" dir=\"ltr\"><span class=\"Y2IQFc\" lang=\"vi\">&gt; Ph\u1ea7n cu\u1ed1i cong t\u1ea1o n\u00ean nh\u1eefng \u0111\u01b0\u1eddng n\u00e9t tinh t\u1ebf. \u0110i\u1ec3m c\u00e1c \u0111\u01b0\u1eddng n\u00e9t \u0111\u1eb9p b\u1eb1ng c\u00f4ng c\u1ee5 g\u00f3c nh\u1ecdn. L\u00e0m r\u1ed7ng c\u00e1c khu v\u1ef1c nh\u1ecf b\u1eb1ng c\u00f4ng c\u1ee5 cong nh\u1ecf. C\u00f4ng c\u1ee5 nh\u1ecdn n\u00e0y l\u00e0 v\u00f4 gi\u00e1 \u0111\u1ec3 kh\u1eafc v\u00e0 th\u1ee5t l\u1ec1 c\u0169ng nh\u01b0 h\u1ed7 tr\u1ee3 v\u1ecb tr\u00ed c\u1ee7a c\u00e1c v\u1eadt nh\u1ecf.<\/span><\/p>\n<p class=\"tw-data-text tw-text-large tw-ta\" dir=\"ltr\"><span class=\"Y2IQFc\" lang=\"vi\">&gt; Ph\u1ea7n cu\u1ed1i g\u00f3c c\u1ea1nh s\u1eafc b\u00e9n l\u00e0m m\u1ecbn v\u00e0 ph\u1eb3ng v\u00e0 d\u1ee5ng c\u1ee5 l\u01b0\u1ee1i l\u1edbn c\u1eaft v\u00e0 \u0111i\u00eau kh\u1eafc. C\u00f4ng c\u1ee5 n\u00e0y r\u1ea5t tuy\u1ec7t v\u1eddi \u0111\u1ec3 t\u1ea1o ra c\u00e1c m\u1eabu \u0111\u1ed3ng nh\u1ea5t v\u00e0 h\u1ed7 tr\u1ee3 trong vi\u1ec7c \u0111\u1ecbnh v\u1ecb ch\u00ednh x\u00e1c c\u00e1c v\u1eadt th\u1ec3 nh\u1ecf.<\/span><\/p>","protected":false},"excerpt":{"rendered":"<p>B\u1ed9 t\u1ea1o h\u00ecnh \u0111\u1ea5t s\u00e9t bao g\u1ed3m 5 c\u00f4ng c\u1ee5 hai \u0111\u1ea7u, cung c\u1ea5p 10 h\u00ecnh d\u1ea1ng c\u00f4ng c\u1ee5 \u0111\u1ec3<\/p>","protected":false},"featured_media":24881,"comment_status":"open","ping_status":"closed","template":"","meta":[],"product_brand":[],"product_cat":[395,35],"product_tag":[],"class_list":{"0":"post-24679","1":"product","2":"type-product","3":"status-publish","4":"has-post-thumbnail","6":"product_cat-van-phong-pham","7":"product_cat-nha-cua-doi-song","9":"first","10":"instock","11":"sale","12":"shipping-taxable","13":"purchasable","14":"product-type-simple"},"_links":{"self":[{"href":"https:\/\/havamall.vn\/en\/wp-json\/wp\/v2\/product\/24679"}],"collection":[{"href":"https:\/\/havamall.vn\/en\/wp-json\/wp\/v2\/product"}],"about":[{"href":"https:\/\/havamall.vn\/en\/wp-json\/wp\/v2\/types\/product"}],"replies":[{"embeddable":true,"href":"https:\/\/havamall.vn\/en\/wp-json\/wp\/v2\/comments?post=24679"}],"version-history":[{"count":0,"href":"https:\/\/havamall.vn\/en\/wp-json\/wp\/v2\/product\/24679\/revisions"}],"wp:featuredmedia":[{"embeddable":true,"href":"https:\/\/havamall.vn\/en\/wp-json\/wp\/v2\/media\/24881"}],"wp:attachment":[{"href":"https:\/\/havamall.vn\/en\/wp-json\/wp\/v2\/media?parent=24679"}],"wp:term":[{"taxonomy":"product_brand","embeddable":true,"href":"https:\/\/havamall.vn\/en\/wp-json\/wp\/v2\/product_brand?post=24679"},{"taxonomy":"product_cat","embeddable":true,"href":"https:\/\/havamall.vn\/en\/wp-json\/wp\/v2\/product_cat?post=24679"},{"taxonomy":"product_tag","embeddable":true,"href":"https:\/\/havamall.vn\/en\/wp-json\/wp\/v2\/product_tag?post=24679"}],"curies":[{"name":"wp","href":"https:\/\/api.w.org\/{rel}","templated":true}]}}