{"id":24667,"date":"2021-12-29T14:30:04","date_gmt":"2021-12-29T07:30:04","guid":{"rendered":"https:\/\/havamall.vn\/?post_type=product&#038;p=24667"},"modified":"2021-12-30T15:31:20","modified_gmt":"2021-12-30T08:31:20","slug":"dung-cu-cat-va-muc-banh-kem-pizza","status":"publish","type":"product","link":"https:\/\/havamall.vn\/en\/shop\/dung-cu-cat-va-muc-banh-kem-pizza\/","title":{"rendered":"X\u1ebbng C\u1eaft V\u00e0 M\u00fac B\u00e1nh Kem\/Pizza Inox"},"content":{"rendered":"<p>X\u1ebbng c\u1eaft b\u00e1nh r\u0103ng\u00a0c\u01b0a\u00a0l\u00e0\u00a0d\u1ee5ng c\u1ee5 l\u00e0m b\u00e1nh\u00a0kh\u00f4ng c\u00f2n xa l\u1ea1 v\u1edbi c\u00e1c ch\u1ecb em y\u00eau th\u00edch l\u00e0m b\u00e1nh.\u00a0Dao c\u1eaft b\u00e1nh r\u0103ng c\u01b0a th\u01b0\u1eddng \u0111\u01b0\u1ee3c d\u00f9ng \u0111\u1ec3 c\u1eaft b\u00e1nh m\u00ec, chia l\u1edbp b\u00e1nh gato\u2026v\u00e0 m\u00fac b\u00e1nh m\u1ed9t c\u00e1ch d\u1ec5 d\u00e0ng.<\/p>\n<p>X\u1ebbng d\u00f9ng \u0111\u1ec3 c\u1eaft b\u00e1nh pizza, b\u00e1nh gato, b\u00e1nh ng\u1ecdt&#8230; v\u00e0 x\u00fac chia ph\u1ea7n g\u1ecdn g\u00e0ng, h\u1ed7 tr\u1ee3 cho qu\u00e1 tr\u00ecnh \u0103n u\u1ed1ng th\u00eam d\u1ec5 d\u00e0ng ti\u1ec7n l\u1ee3i. X\u1ebbng pizza c\u1ee7a Shop lo\u1ea1i d\u1ea7y \u0111\u1eb9p, l\u00e0m b\u1eb1ng ch\u1ea5t li\u1ec7u inox cao c\u1ea5p kh\u00f4ng g\u1ec9, s\u00e1ng b\u00f3ng v\u1edbi th\u1eddi gian v\u00e0 \u0111\u1ed9 b\u1ec1n duy tr\u00ec sau nhi\u1ec1u n\u0103m s\u1eed d\u1ee5ng.<\/p>\n<p><img fetchpriority=\"high\" decoding=\"async\" class=\"wp-image-24669 aligncenter\" src=\"https:\/\/havamall.vn\/wp-content\/uploads\/2021\/12\/5b56f2d5ccd6e4a-300x205.png\" alt=\"\" width=\"691\" height=\"472\" srcset=\"https:\/\/havamall.vn\/wp-content\/uploads\/2021\/12\/5b56f2d5ccd6e4a-300x205.png 300w, https:\/\/havamall.vn\/wp-content\/uploads\/2021\/12\/5b56f2d5ccd6e4a-430x294.png 430w, https:\/\/havamall.vn\/wp-content\/uploads\/2021\/12\/5b56f2d5ccd6e4a-150x103.png 150w, https:\/\/havamall.vn\/wp-content\/uploads\/2021\/12\/5b56f2d5ccd6e4a-700x478.png 700w, https:\/\/havamall.vn\/wp-content\/uploads\/2021\/12\/5b56f2d5ccd6e4a-768x525.png 768w, https:\/\/havamall.vn\/wp-content\/uploads\/2021\/12\/5b56f2d5ccd6e4a-600x410.png 600w, https:\/\/havamall.vn\/wp-content\/uploads\/2021\/12\/5b56f2d5ccd6e4a.png 790w\" sizes=\"(max-width: 691px) 100vw, 691px\" \/><\/p>\n<p>\u0110\u1eb7c bi\u1ec7t chi\u1ebfc x\u1ebbng n\u00e0y s\u1ebd ph\u00e1t huy t\u1ed1i \u01b0u l\u1ee3i th\u1ebf c\u1ee7a n\u00f3 n\u1ebfu gia \u0111\u00ecnh b\u1ea1n hay \u0103n b\u00e1nh pizza v\u00ec ch\u1ec9 c\u00f3 lo\u1ea1i dao n\u00e0y m\u1edbi c\u00f3 th\u1ec3 chia b\u00e1nh v\u00e0 m\u00fac b\u00e1nh ra \u0111\u0129a d\u1ec5 d\u00e0ng m\u00e0 v\u1eabn gi\u1eef nguy\u00ean h\u00ecnh d\u00e1ng ban \u0111\u1ea7u. Kh\u00f4ng nh\u1eefng th\u1ebf, khi b\u1ea1n c\u1eaft b\u00e1nh ng\u1ecdt ho\u1eb7c b\u00e1nh gato\u00a0ch\u1ec9 c\u00f3 dao r\u0103ng c\u01b0a m\u1edbi c\u1eaft th\u1eb3ng qua b\u00e1nh \u0111\u01b0\u1ee3c m\u00e0 kh\u00f4ng l\u00e0m v\u1ee5n b\u00e1nh.<\/p>\n<p><img decoding=\"async\" class=\"wp-image-24672 aligncenter\" src=\"https:\/\/havamall.vn\/wp-content\/uploads\/2021\/12\/ab4045dc1-258x300.png\" alt=\"\" width=\"695\" height=\"808\" srcset=\"https:\/\/havamall.vn\/wp-content\/uploads\/2021\/12\/ab4045dc1-258x300.png 258w, https:\/\/havamall.vn\/wp-content\/uploads\/2021\/12\/ab4045dc1-430x501.png 430w, https:\/\/havamall.vn\/wp-content\/uploads\/2021\/12\/ab4045dc1-150x175.png 150w, https:\/\/havamall.vn\/wp-content\/uploads\/2021\/12\/ab4045dc1-700x815.png 700w, https:\/\/havamall.vn\/wp-content\/uploads\/2021\/12\/ab4045dc1-768x894.png 768w, https:\/\/havamall.vn\/wp-content\/uploads\/2021\/12\/ab4045dc1-600x698.png 600w, https:\/\/havamall.vn\/wp-content\/uploads\/2021\/12\/ab4045dc1.png 860w\" sizes=\"(max-width: 695px) 100vw, 695px\" \/><\/p>\n<h3><strong>\u0110\u1eb7c \u0111i\u1ec3m n\u1ed5i b\u1eadt c\u1ee7a s\u1ea3n ph\u1ea9m:<\/strong><\/h3>\n<p>&#8211; Ch\u1ea5t li\u1ec7u: inox<\/p>\n<p>&#8211; \u0110\u01b0\u1ee3c l\u00e0m b\u1eb1ng ch\u1ea5t li\u1ec7u inox, c\u00f3 \u0111\u1ed9 c\u1ee9ng cao v\u00e0 \u0111\u1ed9 s\u00e1ng.<\/p>\n<p>&#8211; B\u1ec1 m\u1eb7t \u0111\u00e1nh b\u00f3ng, \u0111\u1eb9p v\u00e0 h\u00e0o ph\u00f3ng.<\/p>\n<p>&#8211; Tuy\u1ec7t v\u1eddi cho ph\u1ee5c v\u1ee5 ti\u1ec7m b\u00e1nh th\u1ef1c ph\u1ea9m, ch\u1eb3ng h\u1ea1n nh\u01b0 b\u00e1nh, m\u00f3n tr\u00e1ng mi\u1ec7ng, pizza, pho m\u00e1t.<\/p>\n<p>&#8211; C\u00f3 th\u1ec3 s\u1eed d\u1ee5ng trong nhi\u1ec1u d\u1ecbp, sinh nh\u1eadt, \u0111\u00e1m c\u01b0\u1edbi v\u00e0 ng\u00e0y k\u1ef7 ni\u1ec7m.<\/p>\n<p>&#8211; Ch\u1ea5t li\u1ec7u l\u01b0\u1ee1i dao b\u1eb1ng th\u00e9p kh\u00f4ng g\u1ec9 cao c\u1ea5p, b\u1ec1n ch\u1eafc, s\u00e1ng b\u00f3ng, an to\u00e0n khi ti\u1ebfp x\u00fac v\u1edbi th\u1ef1c ph\u1ea9m; \u0111\u1ed3ng th\u1eddi kh\u00f4ng qu\u00e1 s\u1eafc n\u00ean c\u0169ng r\u1ea5t an to\u00e0n v\u1edbi ng\u01b0\u1eddi s\u1eed d\u1ee5ng.<\/p>\n<p>&#8211; L\u01b0\u1ee1i dao r\u0103ng c\u01b0a gi\u00fap c\u1eaft b\u00e1nh ho\u00e0n h\u1ea3o, d\u1ec5 d\u00e0ng h\u01a1n c\u00e1c lo\u1ea1i l\u01b0\u1ee1i ph\u1eb3ng th\u00f4ng th\u01b0\u1eddng kh\u00e1c.<\/p>\n<p>S\u1ea3n ph\u1ea9m hi\u1ec7n \u0111\u00e3 c\u00f3 m\u1eb7t t\u1ea1i Havamall.<\/p>","protected":false},"excerpt":{"rendered":"<p>X\u1ebbng c\u1eaft b\u00e1nh r\u0103ng\u00a0c\u01b0a\u00a0l\u00e0\u00a0d\u1ee5ng c\u1ee5 l\u00e0m b\u00e1nh\u00a0kh\u00f4ng c\u00f2n xa l\u1ea1 v\u1edbi c\u00e1c ch\u1ecb em y\u00eau th\u00edch l\u00e0m b\u00e1nh.\u00a0Dao c\u1eaft b\u00e1nh<\/p>","protected":false},"featured_media":24671,"comment_status":"open","ping_status":"closed","template":"","meta":[],"product_brand":[],"product_cat":[393,35],"product_tag":[],"class_list":{"0":"post-24667","1":"product","2":"type-product","3":"status-publish","4":"has-post-thumbnail","6":"product_cat-bep-phong-an","7":"product_cat-nha-cua-doi-song","9":"first","10":"instock","11":"sale","12":"shipping-taxable","13":"purchasable","14":"product-type-simple"},"_links":{"self":[{"href":"https:\/\/havamall.vn\/en\/wp-json\/wp\/v2\/product\/24667"}],"collection":[{"href":"https:\/\/havamall.vn\/en\/wp-json\/wp\/v2\/product"}],"about":[{"href":"https:\/\/havamall.vn\/en\/wp-json\/wp\/v2\/types\/product"}],"replies":[{"embeddable":true,"href":"https:\/\/havamall.vn\/en\/wp-json\/wp\/v2\/comments?post=24667"}],"version-history":[{"count":0,"href":"https:\/\/havamall.vn\/en\/wp-json\/wp\/v2\/product\/24667\/revisions"}],"wp:featuredmedia":[{"embeddable":true,"href":"https:\/\/havamall.vn\/en\/wp-json\/wp\/v2\/media\/24671"}],"wp:attachment":[{"href":"https:\/\/havamall.vn\/en\/wp-json\/wp\/v2\/media?parent=24667"}],"wp:term":[{"taxonomy":"product_brand","embeddable":true,"href":"https:\/\/havamall.vn\/en\/wp-json\/wp\/v2\/product_brand?post=24667"},{"taxonomy":"product_cat","embeddable":true,"href":"https:\/\/havamall.vn\/en\/wp-json\/wp\/v2\/product_cat?post=24667"},{"taxonomy":"product_tag","embeddable":true,"href":"https:\/\/havamall.vn\/en\/wp-json\/wp\/v2\/product_tag?post=24667"}],"curies":[{"name":"wp","href":"https:\/\/api.w.org\/{rel}","templated":true}]}}