{"id":24647,"date":"2021-12-28T16:57:17","date_gmt":"2021-12-28T09:57:17","guid":{"rendered":"https:\/\/havamall.vn\/?post_type=product&#038;p=24647"},"modified":"2022-06-02T09:20:50","modified_gmt":"2022-06-02T02:20:50","slug":"yen-mach-huu-co-can-mong-sottolestelle-500g-organic-mini-oat-flakes","status":"publish","type":"product","link":"https:\/\/havamall.vn\/en\/shop\/yen-mach-huu-co-can-mong-sottolestelle-500g-organic-mini-oat-flakes\/","title":{"rendered":"Y\u1ebfn M\u1ea1ch H\u1eefu C\u01a1 C\u00e1n M\u1ecfng Probios 500g &#8211; Organic Mini Oat Flakes"},"content":{"rendered":"<p>Y\u1ebfn m\u1ea1ch c\u00e1n m\u1ecfng h\u1eefu c\u01a1 \u0111\u01b0\u1ee3c s\u1ea3n xu\u1ea5t v\u1edbi c\u00f4ng ngh\u1ec7 ti\u00ean ti\u1ebfn c\u1ee7a \u00dd t\u1eeb ngu\u1ed3n nguy\u00ean li\u1ec7u s\u1ea1ch, kh\u00f4ng s\u1eed d\u1ee5ng h\u1ea1t gi\u1ed1ng bi\u1ebfn \u0111\u1ed5i GEN , kh\u00f4ng thu\u1ed1c tr\u1eeb s\u00e2u , kh\u00f4ng phan b\u00f3n h\u00f3a h\u1ecdc, v\u1edbi quy tr\u00ecnh ki\u1ec3m so\u00e1t nghi\u00eam ng\u1eb7t ch\u1eb7t ch\u1ebd \u0111em l\u1ea1i nh\u1eefng s\u1ea3n ph\u1ea9m h\u1eefu c\u01a1 an to\u00e0n v\u00e0 t\u1ed1t nh\u1ea5t cho ng\u01b0\u1eddi ti\u00eau d\u00f9ng.<\/p>\n<p>Y\u1ebfn m\u1ea1ch c\u00e1n m\u1ecfng h\u1eefu c\u01a1 ProBios ch\u1ee9a nhi\u1ec1u vitamin E, B6, B5 c\u00f9ng kho\u00e1ng ch\u1ea5t nh\u01b0 s\u1eaft, selen, magi\u00ea v\u00e0 \u0111\u1ed3ng. \u0110\u00e2y l\u00e0 m\u1ed9t trong nh\u1eefng lo\u1ea1i ng\u0169 c\u1ed1c gi\u00e0u ch\u1ea5t x\u01a1 v\u00e0 nhi\u1ec1u ch\u1ea5t dinh d\u01b0\u1ee1ng nh\u1ea5t. S\u1ea3n ph\u1ea9m \u0111\u01b0\u1ee3c ch\u1ee9ng nh\u1eadn h\u1eefu c\u01a1 t\u1ea1i Ch\u00e2u \u00c2u.<br \/>\nR\u1ea5t th\u00edch h\u1ee3p cho m\u1ecdi l\u1ee9a tu\u1ed5i t\u1eeb tr\u1ebb con \u0111\u1ebfn ng\u01b0\u1eddi l\u1edbn.<\/p>\n<p><img fetchpriority=\"high\" decoding=\"async\" class=\"wp-image-24648 aligncenter\" src=\"https:\/\/havamall.vn\/wp-content\/uploads\/2021\/12\/136435466-225x300.png\" alt=\"\" width=\"693\" height=\"925\" srcset=\"https:\/\/havamall.vn\/wp-content\/uploads\/2021\/12\/136435466-225x300.png 225w, https:\/\/havamall.vn\/wp-content\/uploads\/2021\/12\/136435466-430x574.png 430w, https:\/\/havamall.vn\/wp-content\/uploads\/2021\/12\/136435466-150x200.png 150w, https:\/\/havamall.vn\/wp-content\/uploads\/2021\/12\/136435466-700x934.png 700w, https:\/\/havamall.vn\/wp-content\/uploads\/2021\/12\/136435466-768x1024.png 768w, https:\/\/havamall.vn\/wp-content\/uploads\/2021\/12\/136435466.png 1200w, https:\/\/havamall.vn\/wp-content\/uploads\/2021\/12\/136435466-600x801.png 600w\" sizes=\"(max-width: 693px) 100vw, 693px\" \/><\/p>\n<p>Trong y\u1ebfn m\u1ea1ch c\u00e1n m\u1ecfng h\u1eefu c\u01a1 c\u00f3 ch\u1ee9a ch\u1ea5t r\u1eafn beta \u2013 glucan gi\u00fap l\u00e0m gi\u1ea3m cholesterol x\u1ea5u (lo\u1ea1i cholesterol c\u00f3 h\u1ea1i cho tim m\u1ea1ch) nh\u01b0ng kh\u00f4ng l\u00e0m g\u00e2y h\u1ea1i \u0111\u1ebfn c\u00e1c cholesterol t\u1ed1t. D\u00f9ng y\u1ebfn m\u1ea1ch c\u00e1n m\u1ecfng h\u1eefu c\u01a1 m\u1ed7i ng\u00e0y c\u00f3 th\u1ec3 gi\u1ea3m nguy c\u01a1 \u0111au tim, ti\u1ec3u \u0111\u01b0\u1eddng, b\u00e9o ph\u00ec v\u00e0 c\u00f2n gi\u1ea3m l\u01b0\u1ee3ng cholesterol trong m\u00e1u v\u00e0 ph\u00f2ng tr\u00e1nh m\u1ed9t s\u1ed1 b\u1ec7nh nh\u01b0 lo\u00e3ng x\u01b0\u01a1ng, b\u00e9o ph\u00ec, ung th\u01b0 (\u0111\u1eb7c bi\u1ec7t l\u00e0 ung th\u01b0 v\u00fa \u1edf ph\u1ee5 n\u1eef)\u2026<\/p>\n<p>S\u1eed d\u1ee5ng y\u1ebfn m\u1ea1ch c\u00e1n m\u1ecfng h\u1eefu c\u01a1 trong th\u1ef1c \u0111\u01a1n, c\u00e1c c\u01a1 c\u1ee7a b\u1ea1n s\u1ebd c\u00f3 nhi\u1ec1u protein h\u01a1n. M\u1ed9t kh\u1ea9u ph\u1ea7n \u0103n, kho\u1ea3ng 8 mu\u1ed7ng canh b\u1ed9t y\u1ebfn m\u1ea1ch cung c\u1ea5p cho c\u01a1 th\u1ec3 15% l\u01b0\u1ee3ng protein h\u00e0ng ng\u00e0y. B\u1ed9t y\u1ebfn m\u1ea1ch c\u0169ng ch\u1ee9a vitamin E, ch\u1ea5t ch\u1ed1ng oxy ho\u00e1 v\u00e0 glutamine gi\u00fap t\u00e1i t\u1ea1o c\u00e1c s\u1ee3i c\u01a1 nhanh h\u01a1n.<\/p>\n<p><img decoding=\"async\" class=\"wp-image-24649 aligncenter\" src=\"https:\/\/havamall.vn\/wp-content\/uploads\/2021\/12\/26373725-300x300.png\" alt=\"\" width=\"701\" height=\"701\" srcset=\"https:\/\/havamall.vn\/wp-content\/uploads\/2021\/12\/26373725-300x300.png 300w, https:\/\/havamall.vn\/wp-content\/uploads\/2021\/12\/26373725-430x430.png 430w, https:\/\/havamall.vn\/wp-content\/uploads\/2021\/12\/26373725-150x150.png 150w, https:\/\/havamall.vn\/wp-content\/uploads\/2021\/12\/26373725-700x700.png 700w, https:\/\/havamall.vn\/wp-content\/uploads\/2021\/12\/26373725-768x768.png 768w, https:\/\/havamall.vn\/wp-content\/uploads\/2021\/12\/26373725-1024x1024.png 1024w, https:\/\/havamall.vn\/wp-content\/uploads\/2021\/12\/26373725-1200x1200.png 1200w, https:\/\/havamall.vn\/wp-content\/uploads\/2021\/12\/26373725-600x600.png 600w, https:\/\/havamall.vn\/wp-content\/uploads\/2021\/12\/26373725-100x100.png 100w, https:\/\/havamall.vn\/wp-content\/uploads\/2021\/12\/26373725.png 2048w\" sizes=\"(max-width: 701px) 100vw, 701px\" \/><\/p>\n<h3><strong>H\u01b0\u1edbng d\u1eabn s\u1eed d\u1ee5ng<\/strong><\/h3>\n<p><span style=\"font-weight: 400\">&gt;V\u1edbi y\u1ebfn m\u1ea1ch nguy\u00ean c\u00e1m, c\u00e1c b\u00e0 m\u1eb9 c\u00f3 th\u1ec3 ch\u1ebf bi\u1ebfn ra nhi\u1ec1u m\u00f3n ch\u00e1o cho con \u0111\u1ec3 \u0111\u1ed5i v\u1ecb nh\u01b0 ch\u00e1o y\u1ebfn m\u1ea1ch tr\u1ed9n s\u1eefa, tr\u1ed9n tr\u1ee9ng ho\u1eb7c th\u1ecbt b\u1eb1m. Theo c\u00e1c nh\u00e0 nghi\u00ean c\u1ee9u, ch\u00e1o y\u1ebfn m\u1ea1ch r\u1ea5t t\u1ed1t cho s\u1ef1 ph\u00e1t tri\u1ec3n c\u1ee7a tr\u1ebb nh\u1ecf v\u00ec ch\u1ee9a nhi\u1ec1u ch\u1ea5t x\u01a1, ch\u1ea5t ch\u1ed1ng oxy h\u00f3a.\u00a0<\/span><\/p>\n<p><span style=\"font-weight: 400\">&gt;Y\u1ebfn m\u1ea1ch nguy\u00ean ch\u1ea5t c\u00f3 th\u1ec3 d\u00f9ng \u0111\u1ec3 l\u00e0m \u0111\u1eb9p da, t\u1ea9y t\u1ebf b\u00e0o ch\u1ebft.<\/span><\/p>\n<p><img decoding=\"async\" class=\"aligncenter\" src=\"https:\/\/havamall.vn\/wp-content\/uploads\/2021\/04\/160801-an-bot-yem-mach-giam-cam.jpg\" alt=\"6 c\u00f4ng th\u1ee9c \u0103n b\u1ed9t y\u1ebfn m\u1ea1ch gi\u1ea3m c\u00e2n si\u00eau t\u1ed1c\" width=\"687\" height=\"515\" \/><\/p>\n<p><span style=\"font-weight: 400\">&gt;C\u00e1ch ch\u1ebf bi\u1ebfn Y\u1ebfn m\u1ea1ch c\u00e1n\u00a0 ph\u00f9 h\u1ee3p cho c\u00e1c b\u1eefa \u0103n ph\u1ee5, b\u1eefa s\u00e1ng, b\u1eefa \u0103n cho ng\u01b0\u1eddi \u1ed1m. \u0110\u1ed1i t\u01b0\u1ee3ng r\u1ea5t ph\u00f9 h\u1ee3p l\u00e0 tr\u1ebb nh\u1ecf, c\u1ea3m s\u1ed1t, ng\u01b0\u1eddi gi\u00e0 \u0103n v\u00e0o bu\u1ed5i s\u00e1ng l\u00e0 \u0111\u1ea7y \u0111\u1ee7 dinh d\u01b0\u1ee1ng v\u00e0 no l\u00e2u. Ngo\u00e0i ra,c\u00f3\u00a0 c\u00e1ch kh\u00e1c r\u1ea5t ph\u00f9 h\u1ee3p cho c\u00e1c b\u00e9\u00a0 \u0111\u00f3 l\u00e0 n\u1ea5u y\u1ebfn m\u1ea1ch r\u1ed3i tr\u1ed9n v\u1edbi s\u1eefa n\u00f3ng, th\u00eam ng\u0169 c\u1ed1c ho\u1eb7c hoa qu\u1ea3 nh\u01b0 chu\u1ed1i ch\u00edn, nho \u0103n k\u00e8m r\u1ea5t l\u00e0nh m\u1ea1nh v\u00e0 \u0111\u1ea7y \u0111\u1ee7 dinh d\u01b0\u1ee1ng cho c\u00e1c b\u00e9.<\/span><\/p>\n<p>&gt;C\u00f3 th\u1ec3 ch\u1ebf bi\u1ebfn m\u1ed9t s\u1ed1 m\u00f3n \u0103n ngon v\u1edbi y\u1ebfn m\u1ea1ch nh\u01b0 ch\u00e1o y\u1ebfn m\u1ea1ch, s\u1eefa chua y\u1ebfn m\u1ea1ch, b\u00e1nh x\u1ebfp y\u1ebfn m\u1ea1ch,&#8230;<\/p>\n<p><img loading=\"lazy\" decoding=\"async\" class=\"aligncenter\" src=\"https:\/\/havamall.vn\/wp-content\/uploads\/2021\/04\/thumb1-1200x676-20.jpg\" alt=\"C\u00e1ch n\u1ea5u ch\u00e1o y\u1ebfn m\u1ea1ch th\u1ecbt b\u00f2 ngon b\u1ed5 d\u01b0\u1ee1ng h\u1ea5p d\u1eabn \u0111\u01a1n gi\u1ea3n\" width=\"683\" height=\"385\" \/><\/p>\n<p><span style=\"font-weight: 400\">&gt;Y\u1ebfn m\u1ea1ch c\u00e1n m\u1ecfng h\u1eefu c\u01a1 n\u1ea5u ch\u00e1o kh\u00f4ng nh\u1eefng cho b\u00e9 m\u00e0 c\u00f2n cho gia \u0111\u00ecnh trong b\u1eefa \u0103n s\u00e1ng. M\u00f3n ch\u00e1o n\u00e0y c\u00f3 th\u1ec3 k\u1ebft h\u1ee3p c\u00f9ng c\u00e1c nguy\u00ean li\u1ec7u kh\u00e1c nh\u01b0: b\u00ed \u0111\u1ecf, c\u00e0 r\u1ed1t, t\u00f4m, \u0111\u1eadu, th\u1ecbt b\u00f2, h\u1ea3i s\u1ea3n\u2026\u00a0<\/span><\/p>\n<p><span style=\"font-weight: 400\">&gt;B\u1ea1n c\u00f3 th\u1ec3 k\u1ebft h\u1ee3p c\u00e1c lo\u1ea1i tr\u00e1i c\u00e2y nh\u01b0 d\u00e2u t\u00e2y, nho, vi\u1ec7t qu\u1ea5t\u2026 \u0111\u1ec3 ch\u1ebf bi\u1ebfn m\u00f3n s\u1eefa chua y\u1ebfn m\u1ea1ch. Nh\u1eefng m\u00f3n \u0103n n\u00e0y h\u1ee9a h\u1eb9n s\u1ebd l\u00e0 m\u1ed9t m\u00f3n tr\u00e1ng mi\u1ec7ng m\u00e1t l\u00e0nh cho c\u1ea3 nh\u00e0 b\u1ea1n trong nh\u1eefng ng\u00e0y h\u00e8 n\u00f3ng b\u1ee9c.<\/span><\/p>\n<p>S\u1ea3n ph\u1ea9m hi\u1ec7n \u0111\u00e3 c\u00f3 m\u1eb7t t\u1ea1i Havamall.<\/p>","protected":false},"excerpt":{"rendered":"<p>Y\u1ebfn m\u1ea1ch c\u00e1n m\u1ecfng h\u1eefu c\u01a1 \u0111\u01b0\u1ee3c s\u1ea3n xu\u1ea5t v\u1edbi c\u00f4ng ngh\u1ec7 ti\u00ean ti\u1ebfn c\u1ee7a \u00dd t\u1eeb ngu\u1ed3n nguy\u00ean li\u1ec7u<\/p>","protected":false},"featured_media":24650,"comment_status":"open","ping_status":"closed","template":"","meta":[],"product_brand":[],"product_cat":[256,36],"product_tag":[],"class_list":{"0":"post-24647","1":"product","2":"type-product","3":"status-publish","4":"has-post-thumbnail","6":"product_cat-thuc-pham-huu-co","7":"product_cat-thuc-pham-tieu-dung","8":"pa_brand-probios","10":"first","11":"outofstock","12":"sale","13":"shipping-taxable","14":"purchasable","15":"product-type-simple"},"_links":{"self":[{"href":"https:\/\/havamall.vn\/en\/wp-json\/wp\/v2\/product\/24647"}],"collection":[{"href":"https:\/\/havamall.vn\/en\/wp-json\/wp\/v2\/product"}],"about":[{"href":"https:\/\/havamall.vn\/en\/wp-json\/wp\/v2\/types\/product"}],"replies":[{"embeddable":true,"href":"https:\/\/havamall.vn\/en\/wp-json\/wp\/v2\/comments?post=24647"}],"version-history":[{"count":0,"href":"https:\/\/havamall.vn\/en\/wp-json\/wp\/v2\/product\/24647\/revisions"}],"wp:featuredmedia":[{"embeddable":true,"href":"https:\/\/havamall.vn\/en\/wp-json\/wp\/v2\/media\/24650"}],"wp:attachment":[{"href":"https:\/\/havamall.vn\/en\/wp-json\/wp\/v2\/media?parent=24647"}],"wp:term":[{"taxonomy":"product_brand","embeddable":true,"href":"https:\/\/havamall.vn\/en\/wp-json\/wp\/v2\/product_brand?post=24647"},{"taxonomy":"product_cat","embeddable":true,"href":"https:\/\/havamall.vn\/en\/wp-json\/wp\/v2\/product_cat?post=24647"},{"taxonomy":"product_tag","embeddable":true,"href":"https:\/\/havamall.vn\/en\/wp-json\/wp\/v2\/product_tag?post=24647"}],"curies":[{"name":"wp","href":"https:\/\/api.w.org\/{rel}","templated":true}]}}