{"id":24639,"date":"2021-12-28T14:16:17","date_gmt":"2021-12-28T07:16:17","guid":{"rendered":"https:\/\/havamall.vn\/?post_type=product&#038;p=24639"},"modified":"2025-05-23T15:38:38","modified_gmt":"2025-05-23T08:38:38","slug":"bot-gelatine-huu-co-thuc-vat-biovegan-18g-organic-vegetable-gellant-agent","status":"publish","type":"product","link":"https:\/\/havamall.vn\/en\/shop\/bot-gelatine-huu-co-thuc-vat-biovegan-18g-organic-vegetable-gellant-agent\/","title":{"rendered":"B\u1ed9t Gelatine H\u1eefu C\u01a1 Th\u1ef1c V\u1eadt Biovegan 18g &#8211; Organic Vegetable Gellant Agent"},"content":{"rendered":"<p>Biovegan l\u00e0 doanh nghi\u1ec7p ti\u00ean phong trong ng\u00e0nh th\u1ef1c ph\u1ea9m h\u1eefu c\u01a1 v\u00e0 thu\u1ea7n chay trong su\u1ed1t h\u01a1n 30 n\u0103m kinh nghi\u1ec7m. Biovegan \u0111\u00e3 th\u1ef1c hi\u1ec7n s\u1ee9 m\u1ec7nh c\u1ee7a m\u00ecnh l\u00e0 ti\u1ebfp t\u1ee5c ph\u00e1t tri\u1ec3n th\u1ebf gi\u1edbi ng\u00e0y m\u1ed9t t\u1ed1t h\u01a1n. T\u1eeb n\u0103m 1986, Biovegan \u0111\u00e3 v\u00e0 \u0111ang li\u00ean t\u1ee5c ph\u00e1t tri\u1ec3n c\u00e1c s\u1ea3n ph\u1ea9m nh\u01b0: b\u1ed9t n\u1edf h\u1eefu c\u01a1 \u0111\u1ea7u ti\u00ean, ch\u1ea5t t\u1ea1o gel kh\u00f4ng \u0111\u01b0\u1eddng \u0111\u1ea7u ti\u00ean, b\u1ed9t kem h\u1eefu c\u01a1 \u0111\u1ea7u ti\u00ean kh\u00f4ng c\u1ea7n d\u00f9ng m\u00e1y l\u00e0m kem,&#8230;<\/p>\n<p>\u0110\u1ed1i v\u1edbi Biovegan, s\u1ef1 t\u00edn nhi\u1ec7m c\u1ee7a kh\u00e1ch h\u00e0ng l\u00e0 \u0111i\u1ec1u t\u1ed1i quan tr\u1ecdng. T\u1ea5t c\u1ea3 c\u00e1c s\u1ea3n ph\u1ea9m Biovegan ph\u1ea3i c\u00f3 h\u01b0\u01a1ng v\u1ecb ho\u00e0n to\u00e0n thuy\u1ebft ph\u1ee5c ng\u01b0\u1eddi ti\u00eau d\u00f9ng b\u1edfi ch\u1ec9 c\u00f3 h\u01b0\u01a1ng v\u1ecb l\u00e0 y\u1ebfu t\u1ed1 quy\u1ebft \u0111\u1ecbnh, nh\u01b0ng ch\u00fang c\u0169ng ph\u1ea3i ph\u1ea3i chu\u1ea9n nguy\u00ean li\u1ec7u h\u1eefu c\u01a1 v\u00e0 \u0111\u1ea3m b\u1ea3o kh\u00f4ng s\u1eed d\u1ee5ng h\u01b0\u01a1ng v\u1ecb t\u1ed5ng h\u1ee3p, kh\u00f4ng ch\u1ea5t ph\u1ee5 gia, kh\u00f4ng s\u1eed d\u1ee5ng ch\u1ea5t g\u00e2y d\u1ecb \u1ee9ng.<\/p>\n<p><img fetchpriority=\"high\" decoding=\"async\" class=\"wp-image-24641 aligncenter\" src=\"https:\/\/havamall.com\/wp-content\/uploads\/2025\/05\/260472902-300x300.png\" alt=\"\" width=\"736\" height=\"736\" \/><\/p>\n<p>B\u1ed9t gelatin l\u00e0 m\u1ed9t trong nh\u1eefng nguy\u00ean li\u1ec7u thi\u1ebft y\u1ebfu kh\u00f4ng c\u00f2n qu\u00e1 xa l\u1ea1 \u0111\u1ec3 ch\u1ebf bi\u1ebfn nhi\u1ec1u m\u00f3n b\u00e1nh, th\u1ea1ch rau c\u00e2u hay k\u1eb9o d\u1ebbo th\u01a1m ngon, h\u1ea5p d\u1eabn. Gelatin c\u00f2n c\u00f3 t\u00e1c d\u1ee5ng l\u00e0m c\u00e1c nguy\u00ean li\u1ec7u \u0111\u00f4ng, d\u1ebbo l\u1ea1i, v\u00ed d\u1ee5 nh\u01b0 trong c\u00e1c m\u00f3n ch\u00e8, kem hay th\u1ecbt \u0111\u00f4ng\u2026<\/p>\n<p>Tuy nhi\u00ean, tr\u01b0\u1edbc t\u00ecnh tr\u1ea1ng ch\u0103n nu\u00f4i c\u00f4ng nghi\u1ec7p \u00f4 nhi\u1ec5m th\u00ec vi\u1ec7c b\u1ea1n l\u1ef1a ch\u1ecdn m\u1ed9t lo\u1ea1i b\u1ed9t Gelatine h\u1eefu c\u01a1 th\u1ef1c v\u1eadt s\u1ebd l\u00e0 gi\u1ea3i ph\u00e1p t\u1ed1t \u0111\u1ec3 \u0111\u1ea3m b\u1ea3o an to\u00e0n s\u1ee9c kh\u1ecfe b\u1ea3n th\u00e2n v\u00e0 c\u1ea3 gia \u0111\u00ecnh.<\/p>\n<p><img decoding=\"async\" class=\"wp-image-24642 aligncenter\" src=\"https:\/\/havamall.com\/wp-content\/uploads\/2025\/05\/109555892_-300x200.png\" alt=\"\" width=\"734\" height=\"489\" \/><\/p>\n<h3><strong>\u0110\u1eb6C \u0110I\u1ec2M S\u1ea2N PH\u1ea8M<\/strong><\/h3>\n<p>\u2013 Ch\u1ee9a c\u00e1c th\u00e0nh ph\u1ea7n dinh d\u01b0\u1ee1ng t\u1ed1t cho s\u1ee9c kh\u1ecfe<\/p>\n<p>\u2013 S\u1ea3n ph\u1ea9m nh\u1eadp t\u1eeb \u0110\u1ee9c<\/p>\n<p>\u2013 \u0110\u1ea1t ch\u1ee9ng nh\u1eadn h\u1eefu c\u01a1 EU v\u1edbi quy tr\u00ecnh ki\u1ec3m so\u00e1t nghi\u00eam ng\u1eb7t ch\u1eb7t ch\u1ebd<\/p>\n<p>\u2013 \u0110\u1ea3m b\u1ea3o v\u1ec7 sinh an to\u00e0n th\u1ef1c ph\u1ea9m<\/p>\n<p>\u2013 \u0110\u01b0\u1ee3c s\u1eed d\u1ee5ng trong c\u00f4ng th\u1ee9c l\u00e0m c\u00e1c m\u00f3n b\u00e1nh v\u00e0 c\u00e1c m\u00f3n tr\u00e1ng mi\u1ec7ng,\u2026<\/p>\n<p><img decoding=\"async\" class=\"wp-image-24643 aligncenter\" src=\"https:\/\/havamall.com\/wp-content\/uploads\/2025\/05\/9235380-254x300.png\" alt=\"\" width=\"741\" height=\"875\" \/><\/p>\n<h3><strong>H\u01b0\u1edbng d\u1eabn s\u1eed d\u1ee5ng: <\/strong><\/h3>\n<p>M\u1ed9t mu\u1ed7ng s\u00fap \u0111\u1ea7y t\u01b0\u01a1ng \u0111\u01b0\u01a1ng 6g pha v\u1edbi 500ml ch\u1ea5t l\u1ecfng:<\/p>\n<p>&gt; C\u00e1ch l\u00e0m th\u00e0nh ph\u1ea9m n\u00f3ng: Khu\u1ea5y \u0111\u1ec1u 6g Agaranta trong 100ml ch\u1ea5t l\u1ecfng \u0111\u1ebfn khi ch\u1ea5t l\u1ecfng trong, s\u00e1nh v\u00e0 m\u1ecbn. \u0110\u1ed5 h\u1ed7n h\u1ee3p v\u00e0o 400ml ch\u1ea5t l\u1ecfng c\u00f2n l\u1ea1i. \u0110\u1eb7t n\u1ed3i l\u00ean b\u1ebfp, \u0111un h\u1ed7n h\u1ee3p nh\u1ecf l\u1eeda v\u00e0 ti\u1ebfp t\u1ee5c khu\u1ea5y \u0111\u1ec1u trong v\u00f2ng 2 ph\u00fat. Sau \u0111\u00f3 \u0111\u1ec3 \u0111\u00f4ng trong t\u1ee7 l\u1ea1nh kho\u1ea3ng 3 ti\u1ebfng.<\/p>\n<p>&gt; C\u00e1ch l\u00e0m th\u00e0nh ph\u1ea9m l\u1ea1nh: Khu\u1ea5y \u0111\u1ec1u 6g Agaranta trong 100ml ch\u1ea5t l\u1ecfng \u0111\u1ebfn khi ch\u1ea5t l\u1ecfng trong, s\u00e1nh v\u00e0 m\u1ecbn. \u0110un nh\u1ecf l\u1eeda h\u1ed7 h\u1ee3p trong v\u00f2ng 1 ph\u00fat. T\u1eaft b\u1ebfp v\u00e0 \u0111\u1ec3 ngu\u1ed9i h\u1ed7n h\u1ee3p, sau \u0111\u00f3 th\u00eam v\u00e0o c\u00e1 th\u00e0nh ph\u1ea7n kh\u00e1c. \u0110\u1ec3 \u0111\u00f4ng h\u1ed7n h\u1ee3p trong t\u1ee7 l\u1ea1nh kho\u1ea3ng 3 ti\u1ebfng.<\/p>\n<p>S\u1ea3n ph\u1ea9m \u0111\u00e3 c\u00f3 m\u1eb7t t\u1ea1i Havamall.<\/p>\n<p><img loading=\"lazy\" decoding=\"async\" class=\"wp-image-24644 aligncenter\" src=\"https:\/\/havamall.com\/wp-content\/uploads\/2025\/05\/Banh-panna-300x192.png\" alt=\"\" width=\"744\" height=\"476\" \/><\/p>","protected":false},"excerpt":{"rendered":"<p>Biovegan l\u00e0 doanh nghi\u1ec7p ti\u00ean phong trong ng\u00e0nh th\u1ef1c ph\u1ea9m h\u1eefu c\u01a1 v\u00e0 thu\u1ea7n chay trong su\u1ed1t h\u01a1n 30 n\u0103m<\/p>","protected":false},"featured_media":24892,"comment_status":"open","ping_status":"closed","template":"","meta":[],"product_brand":[],"product_cat":[256,496,130,36],"product_tag":[],"class_list":{"0":"post-24639","1":"product","2":"type-product","3":"status-publish","4":"has-post-thumbnail","6":"product_cat-thuc-pham-huu-co","7":"product_cat-thuc-pham-thuan-chay","8":"product_cat-khuyen-mai","9":"product_cat-thuc-pham-tieu-dung","11":"first","12":"outofstock","13":"sale","14":"shipping-taxable","15":"purchasable","16":"product-type-simple"},"_links":{"self":[{"href":"https:\/\/havamall.vn\/en\/wp-json\/wp\/v2\/product\/24639"}],"collection":[{"href":"https:\/\/havamall.vn\/en\/wp-json\/wp\/v2\/product"}],"about":[{"href":"https:\/\/havamall.vn\/en\/wp-json\/wp\/v2\/types\/product"}],"replies":[{"embeddable":true,"href":"https:\/\/havamall.vn\/en\/wp-json\/wp\/v2\/comments?post=24639"}],"version-history":[{"count":0,"href":"https:\/\/havamall.vn\/en\/wp-json\/wp\/v2\/product\/24639\/revisions"}],"wp:featuredmedia":[{"embeddable":true,"href":"https:\/\/havamall.vn\/en\/wp-json\/wp\/v2\/media\/24892"}],"wp:attachment":[{"href":"https:\/\/havamall.vn\/en\/wp-json\/wp\/v2\/media?parent=24639"}],"wp:term":[{"taxonomy":"product_brand","embeddable":true,"href":"https:\/\/havamall.vn\/en\/wp-json\/wp\/v2\/product_brand?post=24639"},{"taxonomy":"product_cat","embeddable":true,"href":"https:\/\/havamall.vn\/en\/wp-json\/wp\/v2\/product_cat?post=24639"},{"taxonomy":"product_tag","embeddable":true,"href":"https:\/\/havamall.vn\/en\/wp-json\/wp\/v2\/product_tag?post=24639"}],"curies":[{"name":"wp","href":"https:\/\/api.w.org\/{rel}","templated":true}]}}