{"id":24634,"date":"2021-12-28T11:40:09","date_gmt":"2021-12-28T04:40:09","guid":{"rendered":"https:\/\/havamall.vn\/?post_type=product&#038;p=24634"},"modified":"2022-11-02T11:09:50","modified_gmt":"2022-11-02T04:09:50","slug":"men-no-cao-cap-huu-co-biovegan-7g-organic-yeast","status":"publish","type":"product","link":"https:\/\/havamall.vn\/en\/shop\/men-no-cao-cap-huu-co-biovegan-7g-organic-yeast\/","title":{"rendered":"Men N\u1edf Cao C\u1ea5p H\u1eefu C\u01a1 Biovegan 7g &#8211; Organic Yeast"},"content":{"rendered":"<p>Men n\u1edf h\u1eefu c\u01a1 Biovegan \u0111\u1ea1t ch\u1ee9ng nh\u1eadn s\u1ea3n ph\u1ea9m h\u01b0\u0303u c\u01a1, kh\u00f4ng ch\u1ee9a ch\u1ea5t b\u1ea3o qu\u1ea3n hay thu\u1ed1c b\u1ea3o v\u1ec7 th\u1ef1c v\u1eadt theo ti\u00eau chu\u1ea9n c\u1ee7a n\u00f4ng nghi\u00ea\u0323p Ch\u00e2u \u00c2u. B\u1ed9t n\u1edf h\u1eefu c\u01a1 Biovegan gi\u00fap c\u00e1c m\u00f3n b\u00e1nh tr\u1edf n\u00ean t\u01a1i x\u1ed1p, m\u1ec1m m\u1ecbn v\u00e0 an to\u00e0n h\u01a1n cho s\u1ee9c kh\u1ecfe.<\/p>\n<div class=\"cxmmr5t8 oygrvhab hcukyx3x c1et5uql o9v6fnle ii04i59q\">\n<p dir=\"auto\">Men n\u1edf h\u1eefu c\u01a1 cao c\u1ea5p Biovegan 7g gi\u00fap c\u00e1c ch\u1ecb em c\u00f3 th\u1ec3 d\u1ec5 d\u00e0ng t\u1ef1 tay l\u00e0m th\u00e0nh c\u00f4ng t\u1ea5t c\u1ea3 c\u00e1c lo\u1ea1i b\u00e1nh (B\u00e1nh m\u1ef3, b\u00e1nh bao\u2026) v\u1edbi h\u01b0\u01a1ng v\u1ecb th\u01a1m ngon.<\/p>\n<p dir=\"auto\"><img fetchpriority=\"high\" decoding=\"async\" class=\"wp-image-24635 aligncenter\" src=\"https:\/\/havamall.vn\/wp-content\/uploads\/2021\/12\/117808551_-300x199.png\" alt=\"\" width=\"733\" height=\"486\" srcset=\"https:\/\/havamall.vn\/wp-content\/uploads\/2021\/12\/117808551_-300x199.png 300w, https:\/\/havamall.vn\/wp-content\/uploads\/2021\/12\/117808551_-430x286.png 430w, https:\/\/havamall.vn\/wp-content\/uploads\/2021\/12\/117808551_-150x100.png 150w, https:\/\/havamall.vn\/wp-content\/uploads\/2021\/12\/117808551_-700x465.png 700w, https:\/\/havamall.vn\/wp-content\/uploads\/2021\/12\/117808551_-768x510.png 768w, https:\/\/havamall.vn\/wp-content\/uploads\/2021\/12\/117808551_-1024x680.png 1024w, https:\/\/havamall.vn\/wp-content\/uploads\/2021\/12\/117808551_-1200x797.png 1200w, https:\/\/havamall.vn\/wp-content\/uploads\/2021\/12\/117808551_-600x399.png 600w, https:\/\/havamall.vn\/wp-content\/uploads\/2021\/12\/117808551_.png 1800w\" sizes=\"(max-width: 733px) 100vw, 733px\" \/><\/p>\n<p dir=\"auto\">Men n\u1edf h\u1eefu c\u01a1 Biovegan 9g v\u1edbi con men c\u00f3 \u0111\u1eb7c t\u00ednh kh\u1ecfe h\u01a1n, \u1ed5n \u0111\u1ecbnh h\u01a1n v\u00e0 \u00edt m\u00f9i h\u01a1n.\u00a0C\u00e1c m\u00f3n b\u00e1nh bao, b\u00e1nh b\u00f4ng lan, b\u00e1nh m\u00ec,&#8230; s\u1ebd ch\u1eb3ng th\u1ec3 \u0111\u1ea1t \u0111\u1ebfn \u0111\u1ed9 m\u1ec1m x\u1ed1p n\u1ebfu thi\u1ebfu b\u1ed9t n\u1edf. B\u1ed9t n\u1edf h\u1eefu c\u01a1 cao c\u1ea5p Biovegan l\u00e0 nguy\u00ean li\u1ec7u quan trong gi\u00fap m\u00f3n b\u00e1nh c\u1ee7a b\u1ea1n m\u1ec1m m\u1ecbn v\u00e0 ngon mi\u1ec7ng h\u01a1n.<\/p>\n<p dir=\"auto\"><img decoding=\"async\" class=\"wp-image-24636 aligncenter\" src=\"https:\/\/havamall.vn\/wp-content\/uploads\/2021\/12\/118036656_-300x300.png\" alt=\"\" width=\"740\" height=\"740\" srcset=\"https:\/\/havamall.vn\/wp-content\/uploads\/2021\/12\/118036656_-300x300.png 300w, https:\/\/havamall.vn\/wp-content\/uploads\/2021\/12\/118036656_-430x430.png 430w, https:\/\/havamall.vn\/wp-content\/uploads\/2021\/12\/118036656_-150x150.png 150w, https:\/\/havamall.vn\/wp-content\/uploads\/2021\/12\/118036656_-700x700.png 700w, https:\/\/havamall.vn\/wp-content\/uploads\/2021\/12\/118036656_-768x768.png 768w, https:\/\/havamall.vn\/wp-content\/uploads\/2021\/12\/118036656_-600x600.png 600w, https:\/\/havamall.vn\/wp-content\/uploads\/2021\/12\/118036656_-100x100.png 100w, https:\/\/havamall.vn\/wp-content\/uploads\/2021\/12\/118036656_.png 900w\" sizes=\"(max-width: 740px) 100vw, 740px\" \/><\/p>\n<\/div>\n<p dir=\"auto\">S\u1ea3n ph\u1ea9m \u0111\u01b0\u1ee3c s\u1ea3n xu\u1ea5t tr\u00ean d\u00e2y chuy\u1ec1n c\u00f4ng ngh\u1ec7 hi\u1ec7n \u0111\u1ea1i, \u0111\u1ea3m b\u1ea3o ch\u1ea5t l\u01b0\u1ee3ng t\u1ed1t nh\u1ea5t khi \u0111\u1ebfn tay ng\u01b0\u1eddi ti\u00eau d\u00f9ng. B\u1ed9t n\u1edf c\u0169ng d\u00f9ng trong c\u00e1c lo\u1ea1i b\u00e1nh c\u00f3 tr\u1ee9ng v\u00e0 b\u01a1 \u0111\u00e3 c\u00f3 \u0111\u1ed9 n\u1edf x\u1ed1p nh\u1ea5t \u0111\u1ecbnh \u0111\u1ec3 h\u1ed7 tr\u1ee3 b\u00e1nh n\u1edf l\u1edbn h\u01a1n.S\u1ea3n ph\u1ea9m \u0111\u00f3ng g\u00f3i nh\u1ecf ti\u1ec7n l\u1ee3i, \u0111\u1ea1t ch\u1ee9ng nh\u1eadn h\u1eefu c\u01a1 ti\u00eau chu\u1ea9n EU, kh\u00f4ng ch\u1ee9a h\u00f3a ch\u1ea5t \u0111\u1ed9c h\u1ea1i b\u1ea5t k\u1ef3, \u0111\u1ea3m b\u1ea3o an to\u00e0n s\u1ee9c kh\u1ecfe ng\u01b0\u1eddi s\u1eed d\u1ee5ng.<\/p>\n<p dir=\"auto\"><img decoding=\"async\" class=\"wp-image-24637 aligncenter\" src=\"https:\/\/havamall.vn\/wp-content\/uploads\/2021\/12\/117888913_99-300x300.png\" alt=\"\" width=\"749\" height=\"749\" srcset=\"https:\/\/havamall.vn\/wp-content\/uploads\/2021\/12\/117888913_99-300x300.png 300w, https:\/\/havamall.vn\/wp-content\/uploads\/2021\/12\/117888913_99-430x430.png 430w, https:\/\/havamall.vn\/wp-content\/uploads\/2021\/12\/117888913_99-150x150.png 150w, https:\/\/havamall.vn\/wp-content\/uploads\/2021\/12\/117888913_99-700x700.png 700w, https:\/\/havamall.vn\/wp-content\/uploads\/2021\/12\/117888913_99-768x768.png 768w, https:\/\/havamall.vn\/wp-content\/uploads\/2021\/12\/117888913_99-600x600.png 600w, https:\/\/havamall.vn\/wp-content\/uploads\/2021\/12\/117888913_99-100x100.png 100w, https:\/\/havamall.vn\/wp-content\/uploads\/2021\/12\/117888913_99.png 900w\" sizes=\"(max-width: 749px) 100vw, 749px\" \/><\/p>\n<div class=\"cxmmr5t8 oygrvhab hcukyx3x c1et5uql o9v6fnle ii04i59q\">\n<h3><strong>H\u01b0\u1edbng d\u1eabn s\u1eed d\u1ee5ng v\u00e0 b\u1ea3o qu\u1ea3n:<\/strong><\/h3>\n<p dir=\"auto\">&#8211; T\u00fai 7g s\u1eed d\u1ee5ng cho 500g b\u1ed9t. M\u1ed9t t\u00fai t\u01b0\u01a1ng \u1ee9ng v\u1edbi \u00bd kh\u1ed1i men t\u01b0\u01a1i. Tr\u1ed9n \u0111\u1ec1u men v\u1edbi b\u1ed9t, kh\u00f4ng h\u00f2a tan tr\u1ef1c ti\u1ebfp trong n\u01b0\u1edbc.<\/p>\n<\/div>\n<div class=\"cxmmr5t8 oygrvhab hcukyx3x c1et5uql o9v6fnle ii04i59q\">\n<p dir=\"auto\">&#8211; B\u1ea3o qu\u1ea3n n\u01a1i kh\u00f4 r\u00e1o tho\u00e1ng m\u00e1t. Tr\u00e1nh ngu\u1ed3n nhi\u1ec7t, \u1ea9m \u01b0\u1edbt. Kh\u00f4ng b\u1ea3o qu\u1ea3n \u1edf m\u1ee9c nhi\u1ec7t tr\u00ean 32 \u0111\u1ed9.<\/p>\n<h3><strong>L\u01b0u \u00fd:<\/strong><\/h3>\n<p dir=\"auto\">&gt; Khi la\u0300m ba\u0301nh, mo\u0323i ng\u01b0\u01a1\u0300i c\u00e2\u0300n l\u01b0u y\u0301 kh\u00f4ng n\u00ean du\u0300ng qua\u0301 nhi\u00ea\u0300u b\u00f4\u0323t n\u01a1\u0309 ma\u0300 chi\u0309 du\u0300ng \u01a1\u0309 m\u01b0\u0301c v\u01b0\u0300a pha\u0309i theo \u0111\u00fang c\u00f4ng th\u1ee9c. Vi\u00ea\u0323c du\u0300ng qua\u0301 nhi\u00ea\u0300u b\u00f4\u0323t n\u01a1\u0309 se\u0303 khi\u00ea\u0301n ba\u0301nh khi \u0111\u01b0\u01a1\u0323c la\u0300m ra r\u00e2\u0301t b\u01a1\u0309, kh\u00f4ng mi\u0323n ma\u0300ng ke\u0300m theo mu\u0300i kho\u0301 chi\u0323u.<\/p>\n<p dir=\"auto\">&gt; Ng\u01b0\u1ee3c l\u1ea1i n\u00ea\u0301u du\u0300ng i\u0301t qua\u0301 se\u0303 khi\u00ea\u0301n mo\u0301n ba\u0301nh kh\u00f4ng n\u01a1\u0309 \u0111\u00fang \u0111\u1ed9 va\u0300 ke\u0301m x\u00f4\u0301p.<\/p>\n<p><img loading=\"lazy\" decoding=\"async\" class=\"wp-image-22259 aligncenter\" src=\"https:\/\/havamall.vn\/wp-content\/uploads\/2021\/09\/b\u1ed9t-n\u1edf-3-300x200.png\" alt=\"\" width=\"761\" height=\"507\" srcset=\"https:\/\/havamall.vn\/wp-content\/uploads\/2021\/09\/b\u1ed9t-n\u1edf-3-300x200.png 300w, https:\/\/havamall.vn\/wp-content\/uploads\/2021\/09\/b\u1ed9t-n\u1edf-3-430x287.png 430w, https:\/\/havamall.vn\/wp-content\/uploads\/2021\/09\/b\u1ed9t-n\u1edf-3-150x100.png 150w, https:\/\/havamall.vn\/wp-content\/uploads\/2021\/09\/b\u1ed9t-n\u1edf-3-700x467.png 700w, https:\/\/havamall.vn\/wp-content\/uploads\/2021\/09\/b\u1ed9t-n\u1edf-3-768x512.png 768w, https:\/\/havamall.vn\/wp-content\/uploads\/2021\/09\/b\u1ed9t-n\u1edf-3-1024x683.png 1024w, https:\/\/havamall.vn\/wp-content\/uploads\/2021\/09\/b\u1ed9t-n\u1edf-3-1200x800.png 1200w, https:\/\/havamall.vn\/wp-content\/uploads\/2021\/09\/b\u1ed9t-n\u1edf-3-600x400.png 600w, https:\/\/havamall.vn\/wp-content\/uploads\/2021\/09\/b\u1ed9t-n\u1edf-3.png 1900w\" sizes=\"(max-width: 761px) 100vw, 761px\" \/><\/p>\n<\/div>","protected":false},"excerpt":{"rendered":"<p>Men n\u1edf h\u1eefu c\u01a1 Biovegan \u0111\u1ea1t ch\u1ee9ng nh\u1eadn s\u1ea3n ph\u1ea9m h\u01b0\u0303u c\u01a1, kh\u00f4ng ch\u1ee9a ch\u1ea5t b\u1ea3o qu\u1ea3n hay thu\u1ed1c b\u1ea3o<\/p>","protected":false},"featured_media":24893,"comment_status":"open","ping_status":"closed","template":"","meta":[],"product_brand":[],"product_cat":[255,256,496,36,134],"product_tag":[],"class_list":{"0":"post-24634","1":"product","2":"type-product","3":"status-publish","4":"has-post-thumbnail","6":"product_cat-nguyen-lieu-lam-banh","7":"product_cat-thuc-pham-huu-co","8":"product_cat-thuc-pham-thuan-chay","9":"product_cat-thuc-pham-tieu-dung","10":"product_cat-thucpham-saykho","12":"first","13":"outofstock","14":"sale","15":"shipping-taxable","16":"purchasable","17":"product-type-simple"},"_links":{"self":[{"href":"https:\/\/havamall.vn\/en\/wp-json\/wp\/v2\/product\/24634"}],"collection":[{"href":"https:\/\/havamall.vn\/en\/wp-json\/wp\/v2\/product"}],"about":[{"href":"https:\/\/havamall.vn\/en\/wp-json\/wp\/v2\/types\/product"}],"replies":[{"embeddable":true,"href":"https:\/\/havamall.vn\/en\/wp-json\/wp\/v2\/comments?post=24634"}],"version-history":[{"count":0,"href":"https:\/\/havamall.vn\/en\/wp-json\/wp\/v2\/product\/24634\/revisions"}],"wp:featuredmedia":[{"embeddable":true,"href":"https:\/\/havamall.vn\/en\/wp-json\/wp\/v2\/media\/24893"}],"wp:attachment":[{"href":"https:\/\/havamall.vn\/en\/wp-json\/wp\/v2\/media?parent=24634"}],"wp:term":[{"taxonomy":"product_brand","embeddable":true,"href":"https:\/\/havamall.vn\/en\/wp-json\/wp\/v2\/product_brand?post=24634"},{"taxonomy":"product_cat","embeddable":true,"href":"https:\/\/havamall.vn\/en\/wp-json\/wp\/v2\/product_cat?post=24634"},{"taxonomy":"product_tag","embeddable":true,"href":"https:\/\/havamall.vn\/en\/wp-json\/wp\/v2\/product_tag?post=24634"}],"curies":[{"name":"wp","href":"https:\/\/api.w.org\/{rel}","templated":true}]}}