{"id":24622,"date":"2021-12-28T10:56:33","date_gmt":"2021-12-28T03:56:33","guid":{"rendered":"https:\/\/havamall.vn\/?post_type=product&#038;p=24622"},"modified":"2025-11-28T09:51:57","modified_gmt":"2025-11-28T02:51:57","slug":"bot-nang-huu-co-ubon-400g-organic-tapioca-starch","status":"publish","type":"product","link":"https:\/\/havamall.vn\/en\/shop\/bot-nang-huu-co-ubon-400g-organic-tapioca-starch\/","title":{"rendered":"B\u1ed9t N\u0103ng H\u1eefu C\u01a1 Ubon 400g &#8211; Organic Tapioca Starch"},"content":{"rendered":"<h3><strong>TH\u00d4NG TIN S\u1ea2N PH\u1ea8M<\/strong><\/h3>\n<table>\n<tbody>\n<tr>\n<td>Th\u01b0\u01a1ng hi\u1ec7u<\/td>\n<td>Ubon<\/td>\n<\/tr>\n<tr>\n<td>Xu\u1ea5t x\u1ee9<\/td>\n<td>Th\u00e1i Lan<\/td>\n<\/tr>\n<tr>\n<td>Th\u00e0nh ph\u1ea7n<\/td>\n<td>100% tinh b\u1ed9t n\u0103ng h\u1eefu c\u01a1<\/td>\n<\/tr>\n<tr>\n<td>H\u1ea1n s\u1eed d\u1ee5ng<\/td>\n<td>18 th\u00e1ng k\u1ec3 t\u1eeb ng\u00e0y s\u1ea3n xu\u1ea5t.<\/td>\n<\/tr>\n<tr>\n<td>B\u1ea3o qu\u1ea3n<\/td>\n<td>Baoe qu\u1ea3n n\u01a1i kh\u00f4 r\u00e1o, tho\u00e1ng m\u00e1t, tr\u00e1nh \u00e1nh n\u1eafng tr\u1ef1c ti\u1ebfp<\/td>\n<\/tr>\n<tr>\n<td>Kh\u1ed1i l\u01b0\u1ee3ng<\/td>\n<td>400g<\/td>\n<\/tr>\n<\/tbody>\n<\/table>\n<p>B\u1ed9t n\u0103ng h\u1eefu c\u01a1 Ubon c\u00f3 th\u00e0nh ph\u1ea7n t\u1eeb 100% b\u1ed9t n\u0103ng h\u1eefu c\u01a1 \u0111\u00e3 \u0111\u01b0\u1ee3c ki\u1ec3m \u0111\u1ecbnh v\u00e0 ch\u1ee9ng nh\u1eadn. T\u1eeb c\u00e1c nha m\u00e1y s\u1ea3n xu\u1ea5t tinh b\u1ed9t s\u1eafn, qua qu\u00e1 tr\u00ecnh s\u1ea3n xu\u1ea5t kh\u1eaft khe t\u1eeb ngu\u1ed3n nguy\u00ean li\u1ec7u \u0111\u1ea7u v\u00e0o \u0111\u01b0\u1ee3c tuy\u1ec3n ch\u1ecdn \u0111\u00e3 t\u1ea1o ra nh\u1eefng s\u1ea3n ph\u1ea9m b\u1ed9t n\u0103ng h\u1eefu c\u01a1 Ubon ch\u1ea5t l\u01b0\u1ee3ng, xu\u1ea5t kh\u1ea9u \u0111i c\u00e1c n\u01b0\u1edbc tr\u00ean th\u1ebf gi\u1edbi.<\/p>\n<p>\u0110\u00e2y l\u00e0 s\u1ea3n ph\u1ea9m quen thu\u1ed9c trong b\u1ebfp c\u1ee7a c\u00e1c b\u00e0 n\u1ed9i tr\u1ee3 v\u1edbi r\u1ea5t nhi\u1ec1u c\u00f4ng d\u1ee5ng kh\u00e1c nhau nh\u01b0: L\u00e0m s\u00e1nh v\u00e0 s\u1ec7t c\u00e1c m\u00f3n s\u00fap, x\u00e0o, l\u00e0m b\u00e1nh, thay cho tinh b\u1ed9t ng\u00f4 trong c\u00e1c c\u00f4ng th\u1ee9c l\u00e0m b\u00e1nh, n\u1ea5u ch\u00e8.<\/p>\n<p><img fetchpriority=\"high\" decoding=\"async\" class=\"wp-image-24630 aligncenter\" src=\"https:\/\/havamall.com\/wp-content\/uploads\/2025\/11\/dc1ce72-300x257.png\" alt=\"\" width=\"672\" height=\"577\" \/><\/p>\n<p>Tinh b\u1ed9t n\u0103ng h\u1eefu c\u01a1 Ubon 400gl\u00e0 s\u1ea3n ph\u1ea9m \u0111\u00e3 \u0111\u1ea1t ti\u00eau chu\u1ea9n h\u1eefu c\u01a1 c\u1ee7a nhi\u1ec1u n\u01b0\u1edbc\u00a0tr\u00ean th\u1ebf gi\u01b0\u1eddi nh\u01b0 M\u1ef9, Nh\u1eadt B\u1ea3n, H\u00e0n Qu\u1ed1c,&#8230;V\u00ec v\u1eady n\u00ean b\u1ea1n c\u00f3 th\u1ec3 y\u00ean t\u00e2m r\u1eb1ng s\u1ea3n ph\u1ea9m ho\u00e0n to\u00e0n an to\u00e0n v\u1edbi s\u1ee9c kh\u1ecfe ng\u01b0\u1eddi s\u1eed d\u1ee5ng.<\/p>\n<p>Ngo\u00e0i ra, v\u1edbi c\u00e1c b\u00e9 \u0103n d\u1eb7m theo ph\u01b0\u01a1ng ph\u00e1p \u0103n d\u1eb7m ki\u1ec3u Nh\u1eadt th\u00ec b\u1ed9t n\u0103ng l\u1ea1i l\u00e0 s\u1ea3n ph\u1ea9m kh\u00f4ng th\u1ec3 thi\u1ebfu. V\u1edbi nh\u1eefng em b\u00e9 \u0111ang t\u1eadp t\u0103ng th\u00f4, b\u1ed9t n\u0103ng gi\u00fap l\u00e0m m\u1ec1m v\u00e0 tr\u01a1n th\u1ee9c \u0103n gi\u00fap con d\u1ec5 \u0103n h\u01a1n.<\/p>\n<p>Th\u00e0nh ph\u1ea7n v\u1edbi 100% tinh b\u1ed9t n\u0103ng h\u1eefu c\u01a1 s\u1ebd \u0111\u1eb7c bi\u1ec7t t\u1ed1t \u0111\u1ed1i v\u1edbi c\u00e1c b\u00e9 , vi\u1ec7c s\u1eed d\u1ee5ng th\u1ef1c ph\u1ea9m h\u1eefu c\u01a1 s\u1ebd gi\u00fap gi\u1eef g\u00ecn h\u1ec7 ti\u00eau h\u00f3a non n\u1edbt c\u1ee7a tr\u1ebb , mang l\u1ea1i nh\u1eefng l\u1ee3i \u00edch l\u00e2u d\u00e0i v\u00e0 s\u1ee9c kh\u1ecfe t\u1ed1t cho b\u00e9 .<\/p>\n<p><img decoding=\"async\" class=\"wp-image-24631 aligncenter\" src=\"https:\/\/havamall.com\/wp-content\/uploads\/2025\/11\/feea602c5-300x300.png\" alt=\"\" width=\"662\" height=\"662\" \/><\/p>\n<h3><strong>Ch\u1ee9ng nh\u1eadn c\u1ee7a s\u1ea3n ph\u1ea9m:<\/strong><\/h3>\n<p>&gt; Ch\u1ee9ng nh\u1eadn GMP<\/p>\n<p>&gt; H\u1ec7 th\u1ed1ng th\u1ef1c ph\u1ea9m an to\u00e0n HACCP<\/p>\n<p>&gt; H\u1ec7 th\u1ed1ng th\u1ef1c ph\u1ea9m an to\u00e0n BRC<\/p>\n<p>&gt; H\u1ec7 th\u1ed1ng th\u1ef1c ph\u1ea9m an to\u00e0n FSMA<\/p>\n<p>&gt; Ch\u1ea5t l\u01b0\u1ee3ng ti\u00eau chu\u1ea9n ISO 9001 : 2015<\/p>\n<p>&gt; Ch\u1ee9ng nh\u1eadn Halal<\/p>\n<p>&gt; Ch\u1ee9ng nh\u1eadn Kosher<\/p>\n<h3><img decoding=\"async\" class=\"wp-image-25145 aligncenter\" src=\"https:\/\/havamall.com\/wp-content\/uploads\/2025\/11\/maxresdefault-23-300x169.png\" alt=\"\" width=\"666\" height=\"375\" \/><\/h3>\n<h3><strong>C\u00f4ng d\u1ee5ng s\u1ea3n ph\u1ea9m:<\/strong><\/h3>\n<p>&#8211; B\u1ed9t n\u0103ng h\u1eefu c\u01a1 Ubon c\u00f3 th\u1ec3\u00a0\u0111\u01b0\u1ee3c d\u00f9ng\u00a0\u0111\u1ec3\u00a0t\u1ea1o \u0111\u1ed9 \u0111\u1eb7c cho c\u00e1c m\u00f3n \u0103n nh\u01b0 n\u1ea5u ch\u00e8, hay\u00a0\u01b0\u1edbp th\u1ecbt b\u00f2, t\u1ea1o \u0111\u1ed9 s\u00e1nh \u0111\u1eb7c cho c\u00e1c m\u00f3n s\u1ed1t,\u2026<br \/>\nL\u00e0 nguy\u00ean li\u1ec7u \u0111\u1ec3 l\u00e0m m\u1ed9t s\u1ed1 lo\u1ea1i s\u1ee3i b\u00e1nh canh, b\u00e1nh b\u1ed9t l\u1ecdc,\u2026<\/p>\n<p>&#8211; K\u1ebft h\u1ee3p v\u1edbi c\u00e1c lo\u1ea1i b\u1ed9t trong c\u00f4ng th\u1ee9c l\u00e0m b\u00e1nh, m\u00f3n tr\u00e1ng mi\u1ec7ng d\u1ea1ng.<\/p>\n<p>&#8211; L\u00e0m ch\u1ea5t k\u1ebft d\u00ednh, ch\u1ea5t t\u1ea1o \u0111\u1ed9 d\u00e0y trong c\u00e1c c\u00f4ng th\u1ee9c n\u1ea5u s\u00fap, s\u1ed1t.<\/p>\n<p>S\u1ea3n ph\u1ea9m hi\u1ec7n \u0111\u00e3 c\u00f3 m\u1eb7t t\u1ea1i Havamall.<\/p>\n<p><img loading=\"lazy\" decoding=\"async\" class=\"wp-image-24633 aligncenter\" src=\"https:\/\/havamall.com\/wp-content\/uploads\/2025\/11\/cach-300x169.png\" alt=\"\" width=\"664\" height=\"374\" \/><\/p>","protected":false},"excerpt":{"rendered":"<p>TH\u00d4NG TIN S\u1ea2N PH\u1ea8M Th\u01b0\u01a1ng hi\u1ec7u Ubon Xu\u1ea5t x\u1ee9 Th\u00e1i Lan Th\u00e0nh ph\u1ea7n 100% tinh b\u1ed9t n\u0103ng h\u1eefu c\u01a1 H\u1ea1n<\/p>","protected":false},"featured_media":24891,"comment_status":"open","ping_status":"closed","template":"","meta":[],"product_brand":[],"product_cat":[255,256,36,134],"product_tag":[],"class_list":{"0":"post-24622","1":"product","2":"type-product","3":"status-publish","4":"has-post-thumbnail","6":"product_cat-nguyen-lieu-lam-banh","7":"product_cat-thuc-pham-huu-co","8":"product_cat-thuc-pham-tieu-dung","9":"product_cat-thucpham-saykho","11":"first","12":"instock","13":"sale","14":"shipping-taxable","15":"purchasable","16":"product-type-simple"},"_links":{"self":[{"href":"https:\/\/havamall.vn\/en\/wp-json\/wp\/v2\/product\/24622"}],"collection":[{"href":"https:\/\/havamall.vn\/en\/wp-json\/wp\/v2\/product"}],"about":[{"href":"https:\/\/havamall.vn\/en\/wp-json\/wp\/v2\/types\/product"}],"replies":[{"embeddable":true,"href":"https:\/\/havamall.vn\/en\/wp-json\/wp\/v2\/comments?post=24622"}],"version-history":[{"count":0,"href":"https:\/\/havamall.vn\/en\/wp-json\/wp\/v2\/product\/24622\/revisions"}],"wp:featuredmedia":[{"embeddable":true,"href":"https:\/\/havamall.vn\/en\/wp-json\/wp\/v2\/media\/24891"}],"wp:attachment":[{"href":"https:\/\/havamall.vn\/en\/wp-json\/wp\/v2\/media?parent=24622"}],"wp:term":[{"taxonomy":"product_brand","embeddable":true,"href":"https:\/\/havamall.vn\/en\/wp-json\/wp\/v2\/product_brand?post=24622"},{"taxonomy":"product_cat","embeddable":true,"href":"https:\/\/havamall.vn\/en\/wp-json\/wp\/v2\/product_cat?post=24622"},{"taxonomy":"product_tag","embeddable":true,"href":"https:\/\/havamall.vn\/en\/wp-json\/wp\/v2\/product_tag?post=24622"}],"curies":[{"name":"wp","href":"https:\/\/api.w.org\/{rel}","templated":true}]}}