{"id":24560,"date":"2021-12-21T15:50:57","date_gmt":"2021-12-21T08:50:57","guid":{"rendered":"https:\/\/havamall.vn\/?post_type=product&#038;p=24560"},"modified":"2024-05-08T17:00:18","modified_gmt":"2024-05-08T10:00:18","slug":"luon-ngong-xong-khoi-smoked-goose-breast","status":"publish","type":"product","link":"https:\/\/havamall.vn\/en\/shop\/luon-ngong-xong-khoi-smoked-goose-breast\/","title":{"rendered":"L\u01b0\u1eddn Ng\u1ed7ng X\u00f4ng Kh\u00f3i Nh\u1eadp Kh\u1ea9u Nga &#8211; Smoked Goose Breast"},"content":{"rendered":"<p>L\u01b0\u1eddn ng\u1ed7ng hun (x\u00f4ng) kh\u00f3i l\u00e0 m\u00f3n \u0103n\u00a0c\u00f3 ngu\u1ed3n g\u1ed1c t\u1eeb ch\u00e2u \u00c2u\u00a0th\u01b0\u1eddng \u0111\u01b0\u1ee3c d\u00f9ng l\u00e0m th\u1ee9c \u0103n k\u1eb9p v\u00e0o\u00a0b\u00e1nh m\u00ec\u00a0ho\u1eb7c b\u00e1nh Sandwich v\u00e0 d\u00f9ng cho\u00a0b\u1eefa \u0103n s\u00e1ng.<\/p>\n<p>Th\u1ecbt ng\u1ed7ng gi\u00e0u ch\u1ea5t dinh d\u01b0\u1ee1ng v\u1edbi h\u00e0m l\u01b0\u1ee3ng vitamin, kho\u00e1ng ch\u1ea5t bao g\u1ed3m: B6, B12, niacin, thiamine, riboflavin, s\u1eaft, magie, kali v\u00e0 k\u1ebdm. Vi\u1ec7c th\u00eam l\u01b0\u1eddn (\u1ee9c) ng\u1ed7ng x\u00f4ng kh\u00f3i v\u00e0o th\u1ef1c \u0111\u01a1n trong m\u1ed9t \u0111\u1ebfn hai\u00a0b\u1eefa \u0103n\u00a0m\u1ed7i tu\u1ea7n c\u00f3 l\u1ee3i cho s\u1ee9c kh\u1ecfe. \u0110\u1eb7c bi\u1ec7t, v\u1edbi nh\u1eefng ng\u01b0\u1eddi kh\u00f4ng \u0103n c\u00e1, th\u1ecbt x\u00f4ng kh\u00f3i ch\u00ednh l\u00e0 ngu\u1ed3n th\u1ef1c ph\u1ea9m thay th\u1ebf l\u00fd t\u01b0\u1edfng nh\u1ea5t \u0111\u1ec3 cung c\u1ea5p axit b\u00e9o omega 3.<\/p>\n<p><img fetchpriority=\"high\" decoding=\"async\" class=\"wp-image-24561 aligncenter\" src=\"https:\/\/havamall.vn\/wp-content\/uploads\/2021\/12\/944fc53b4d6eb-300x300.png\" alt=\"\" width=\"705\" height=\"705\" srcset=\"https:\/\/havamall.vn\/wp-content\/uploads\/2021\/12\/944fc53b4d6eb-300x300.png 300w, https:\/\/havamall.vn\/wp-content\/uploads\/2021\/12\/944fc53b4d6eb-430x430.png 430w, https:\/\/havamall.vn\/wp-content\/uploads\/2021\/12\/944fc53b4d6eb-150x150.png 150w, https:\/\/havamall.vn\/wp-content\/uploads\/2021\/12\/944fc53b4d6eb-700x700.png 700w, https:\/\/havamall.vn\/wp-content\/uploads\/2021\/12\/944fc53b4d6eb-768x768.png 768w, https:\/\/havamall.vn\/wp-content\/uploads\/2021\/12\/944fc53b4d6eb-600x600.png 600w, https:\/\/havamall.vn\/wp-content\/uploads\/2021\/12\/944fc53b4d6eb-100x100.png 100w, https:\/\/havamall.vn\/wp-content\/uploads\/2021\/12\/944fc53b4d6eb.png 960w\" sizes=\"(max-width: 705px) 100vw, 705px\" \/><\/p>\n<p>Th\u1ecbt ng\u1ed7ng c\u00f3 m\u00e0u s\u1eabm h\u01a1n so v\u1edbi th\u1ecbt g\u00e0, th\u1ecbt v\u1ecbt, v\u00e0 c\u00f3 h\u01b0\u01a1ng v\u1ecb \u0111\u1eadm \u0111\u00e0 h\u01a1n so v\u1edbi th\u1ecbt g\u00e0 t\u00e2y r\u1ea5t nhi\u1ec1u. Trong nh\u00f3m \u0111\u1ed9ng v\u1eadt gia c\u1ea7m, th\u1ecbt ng\u1ed7ng \u0111\u01b0\u1ee3c \u0111\u00e1nh gi\u00e1 l\u00e0 cung c\u1ea5p ch\u1ea5t b\u00e9o v\u00e0 ngu\u1ed3n dinh d\u01b0\u1ee1ng nhi\u1ec1u nh\u1ea5t cho c\u01a1 th\u1ec3 ng\u01b0\u1eddi. Ngo\u00e0i ra th\u1ecbt ng\u1ed7ng v\u00e0 th\u1ecbt v\u1ecbt c\u00f3 th\u00e0nh ph\u1ea7n h\u00f3a h\u1ecdc r\u1ea5t gi\u1ed1ng d\u1ea7u \u00f4 liu, c\u1ef1c k\u1ef3 c\u00f3 \u00edch cho s\u1ee9c kh\u1ecfe nh\u1ea5t l\u00e0 tim m\u1ea1ch.<\/p>\n<p>Theo t\u00ednh to\u00e1n c\u1ee7a c\u00e1c nh\u00e0 khoa h\u1ecdc, trong 100g th\u1ecbt ng\u1ed7ng lo\u1ea1i 1 ch\u1ee9a \u0111\u1ebfn 39,2g ch\u1ea5t b\u00e9o kh\u00f4ng b\u00e3o h\u00f2a v\u00e0 c\u00f3 kh\u1ea3 n\u0103ng cung c\u1ea5p \u0111\u1ebfn 422 kcal.<\/p>\n<p><img decoding=\"async\" class=\"wp-image-24562 aligncenter\" src=\"https:\/\/havamall.vn\/wp-content\/uploads\/2021\/12\/1545713506-213-300x200.png\" alt=\"\" width=\"704\" height=\"469\" srcset=\"https:\/\/havamall.vn\/wp-content\/uploads\/2021\/12\/1545713506-213-300x200.png 300w, https:\/\/havamall.vn\/wp-content\/uploads\/2021\/12\/1545713506-213-430x287.png 430w, https:\/\/havamall.vn\/wp-content\/uploads\/2021\/12\/1545713506-213-150x100.png 150w, https:\/\/havamall.vn\/wp-content\/uploads\/2021\/12\/1545713506-213-700x467.png 700w, https:\/\/havamall.vn\/wp-content\/uploads\/2021\/12\/1545713506-213-768x512.png 768w, https:\/\/havamall.vn\/wp-content\/uploads\/2021\/12\/1545713506-213-1024x683.png 1024w, https:\/\/havamall.vn\/wp-content\/uploads\/2021\/12\/1545713506-213-1200x800.png 1200w, https:\/\/havamall.vn\/wp-content\/uploads\/2021\/12\/1545713506-213-600x400.png 600w, https:\/\/havamall.vn\/wp-content\/uploads\/2021\/12\/1545713506-213.png 1600w\" sizes=\"(max-width: 704px) 100vw, 704px\" \/><\/p>\n<p>Ng\u01b0\u1eddi Ph\u00e1p n\u1ed5i ti\u1ebfng trong vi\u1ec7c s\u1eed d\u1ee5ng ch\u1ea5t b\u00e9o ng\u1ed7ng \u0111\u1ec3 n\u1ea5u c\u00e1c m\u00f3n rau v\u00e0 \u0111\u1eadu n\u00e0nh mang l\u1ea1i h\u01b0\u01a1ng v\u1ecb \u0111\u1eb7c tr\u01b0ng c\u00f3 th\u1ec3 khi\u1ebfn ng\u01b0\u1eddi kh\u00f3 t\u00ednh nh\u1ea5t c\u0169ng ph\u1ea3i h\u00e0i l\u00f2ng. Ngo\u00e0i ra, ch\u1ea5t b\u00e9o t\u1eeb ng\u1ed7ng c\u00f3 th\u1ec3 \u0111\u01b0\u1ee3c l\u01b0u gi\u1eef m\u1ed9t kho\u1ea3ng th\u1eddi gian kh\u00e1 d\u00e0i, ch\u1eebng v\u00e0i th\u00e1ng m\u00e0 kh\u00f4ng h\u1ec1 h\u01b0 h\u1ecfng.<\/p>\n<p>Xu\u1ea5t ph\u00e1t t\u1eeb nh\u1eefng \u0111i\u1ec1u \u0111\u00f3 ng\u01b0\u1eddi ch\u00e2u \u00c2u \u0111\u00e3 kh\u00e9o l\u00e9o ch\u1ebf bi\u1ebfn \u0111\u1ec3 ch\u00fang ta c\u00f3\u00a0m\u00f3n l\u01b0\u1eddn ng\u1ed7ng hun kh\u00f3i ngon, \u0111\u1eadm \u0111\u00e0, v\u00e0 gi\u00e0u dinh d\u01b0\u1ee1ng nh\u01b0 ng\u00e0y h\u00f4m nay.<\/p>\n<p><img decoding=\"async\" class=\"wp-image-24563 aligncenter\" src=\"https:\/\/havamall.vn\/wp-content\/uploads\/2021\/12\/unname-300x225.png\" alt=\"\" width=\"702\" height=\"526\" srcset=\"https:\/\/havamall.vn\/wp-content\/uploads\/2021\/12\/unname-300x225.png 300w, https:\/\/havamall.vn\/wp-content\/uploads\/2021\/12\/unname-430x323.png 430w, https:\/\/havamall.vn\/wp-content\/uploads\/2021\/12\/unname-150x113.png 150w, https:\/\/havamall.vn\/wp-content\/uploads\/2021\/12\/unname-700x525.png 700w, https:\/\/havamall.vn\/wp-content\/uploads\/2021\/12\/unname-768x576.png 768w, https:\/\/havamall.vn\/wp-content\/uploads\/2021\/12\/unname-1024x768.png 1024w, https:\/\/havamall.vn\/wp-content\/uploads\/2021\/12\/unname-1200x900.png 1200w, https:\/\/havamall.vn\/wp-content\/uploads\/2021\/12\/unname-600x450.png 600w, https:\/\/havamall.vn\/wp-content\/uploads\/2021\/12\/unname.png 1280w\" sizes=\"(max-width: 702px) 100vw, 702px\" \/><\/p>\n<p>Th\u1ecbt ng\u1ed7ng \u0111\u01b0\u1ee3c \u0111\u00e1nh gi\u00e1 l\u00e0 cung c\u1ea5p ch\u1ea5t b\u00e9o v\u00e0 ngu\u1ed3n dinh d\u01b0\u1ee1ng nhi\u1ec1u nh\u1ea5t cho c\u01a1 th\u1ec3 ng\u01b0\u1eddi. Ngo\u00e0i ra th\u1ecbt ng\u1ed7ng v\u00e0 th\u1ecbt v\u1ecbt c\u00f3 th\u00e0nh ph\u1ea7n h\u00f3a h\u1ecdc r\u1ea5t gi\u1ed1ng d\u1ea7u \u00f4 liu, c\u1ef1c k\u1ef3 c\u00f3 \u00edch cho s\u1ee9c kh\u1ecfe nh\u1ea5t l\u00e0 tim m\u1ea1ch.\u00a0L\u01b0\u1eddn ng\u1ed7ng (x\u00f4ng) hun kh\u00f3i\u00a0l\u00e0 kh\u1ed1i th\u1ecbt d\u00e0y n\u1eb1m 2 b\u00ean d\u01b0\u1edbi s\u01b0\u1eddn ng\u1ed7ng \u0111\u01b0\u1ee3c t\u00e1ch ra \u0111em ch\u1ebf bi\u1ebfn hun kh\u00f3i theo c\u00f4ng th\u1ee9c \u0111\u1eb7c bi\u1ec7t \u0111\u1ec3 t\u1ea1o ra m\u00f3n \u0103n \u0111\u01b0\u1ee3c gi\u1edbi \u1ea9m th\u1ef1c \u01b0a chu\u1ed9ng.<\/p>\n<p>L\u01b0\u1eddn ng\u1ed7ng x\u00f4ng kh\u00f3i r\u1ea5t h\u1ee3p d\u00f9ng trong c\u00e1c b\u1eefa nh\u1eadu, \u0103n \u0111\u1ed3 ngu\u1ed9i, li\u00ean hoan, ti\u1ec7c, l\u00e0m qu\u00e0 bi\u1ebfu hay mang theo \u0111i du l\u1ecbch..<\/p>\n<p><img loading=\"lazy\" decoding=\"async\" class=\"wp-image-24564 aligncenter\" src=\"https:\/\/havamall.vn\/wp-content\/uploads\/2021\/12\/crispy-skin-twice-300x200.png\" alt=\"\" width=\"699\" height=\"467\" srcset=\"https:\/\/havamall.vn\/wp-content\/uploads\/2021\/12\/crispy-skin-twice-300x200.png 300w, https:\/\/havamall.vn\/wp-content\/uploads\/2021\/12\/crispy-skin-twice-430x287.png 430w, https:\/\/havamall.vn\/wp-content\/uploads\/2021\/12\/crispy-skin-twice-150x100.png 150w, https:\/\/havamall.vn\/wp-content\/uploads\/2021\/12\/crispy-skin-twice-700x467.png 700w, https:\/\/havamall.vn\/wp-content\/uploads\/2021\/12\/crispy-skin-twice-768x512.png 768w, https:\/\/havamall.vn\/wp-content\/uploads\/2021\/12\/crispy-skin-twice-1024x683.png 1024w, https:\/\/havamall.vn\/wp-content\/uploads\/2021\/12\/crispy-skin-twice-1200x800.png 1200w, https:\/\/havamall.vn\/wp-content\/uploads\/2021\/12\/crispy-skin-twice-600x400.png 600w\" sizes=\"(max-width: 699px) 100vw, 699px\" \/><\/p>\n<h3><strong>H\u01b0\u1edbng d\u1eabn s\u1eed d\u1ee5ng:<\/strong><\/h3>\n<p>&#8211; L\u01b0\u1eddn ng\u1ed7ng hun kh\u00f3i th\u00e1i l\u00e1t \u0103n tr\u1ef1c ti\u1ebfp.<\/p>\n<p>&#8211; L\u01b0\u1eddn x\u00f4ng kh\u00f3i ch\u1ebf bi\u1ebfn th\u00e0nh m\u00f3n \u0103n nh\u01b0 salad, &#8230;<\/p>\n<p>&#8211; Quay l\u00f2 vi s\u00f3ng ho\u1eb7c \u00e1p ch\u1ea3o.<\/p>\n<p>S\u1ea3n ph\u1ea9m hi\u1ec7n \u0111\u00e3 c\u00f3 m\u1eb7t t\u1ea1i Havamall.<\/p>\n<p><img loading=\"lazy\" decoding=\"async\" class=\"wp-image-24565 aligncenter\" src=\"https:\/\/havamall.vn\/wp-content\/uploads\/2021\/12\/z3040924721892-275x300.png\" alt=\"\" width=\"693\" height=\"755\" srcset=\"https:\/\/havamall.vn\/wp-content\/uploads\/2021\/12\/z3040924721892-275x300.png 275w, https:\/\/havamall.vn\/wp-content\/uploads\/2021\/12\/z3040924721892-430x469.png 430w, https:\/\/havamall.vn\/wp-content\/uploads\/2021\/12\/z3040924721892-150x164.png 150w, https:\/\/havamall.vn\/wp-content\/uploads\/2021\/12\/z3040924721892-700x764.png 700w, https:\/\/havamall.vn\/wp-content\/uploads\/2021\/12\/z3040924721892-768x838.png 768w, https:\/\/havamall.vn\/wp-content\/uploads\/2021\/12\/z3040924721892-600x655.png 600w\" sizes=\"(max-width: 693px) 100vw, 693px\" \/><\/p>","protected":false},"excerpt":{"rendered":"<p>L\u01b0\u1eddn ng\u1ed7ng hun (x\u00f4ng) kh\u00f3i l\u00e0 m\u00f3n \u0103n\u00a0c\u00f3 ngu\u1ed3n g\u1ed1c t\u1eeb ch\u00e2u \u00c2u\u00a0th\u01b0\u1eddng \u0111\u01b0\u1ee3c d\u00f9ng l\u00e0m th\u1ee9c \u0103n k\u1eb9p v\u00e0o\u00a0b\u00e1nh<\/p>","protected":false},"featured_media":24578,"comment_status":"open","ping_status":"closed","template":"","meta":[],"product_brand":[],"product_cat":[275,130,36],"product_tag":[],"class_list":{"0":"post-24560","1":"product","2":"type-product","3":"status-publish","4":"has-post-thumbnail","6":"product_cat-thuc-pham-dong-lanh","7":"product_cat-khuyen-mai","8":"product_cat-thuc-pham-tieu-dung","10":"first","11":"instock","12":"sale","13":"shipping-taxable","14":"purchasable","15":"product-type-simple"},"_links":{"self":[{"href":"https:\/\/havamall.vn\/en\/wp-json\/wp\/v2\/product\/24560"}],"collection":[{"href":"https:\/\/havamall.vn\/en\/wp-json\/wp\/v2\/product"}],"about":[{"href":"https:\/\/havamall.vn\/en\/wp-json\/wp\/v2\/types\/product"}],"replies":[{"embeddable":true,"href":"https:\/\/havamall.vn\/en\/wp-json\/wp\/v2\/comments?post=24560"}],"version-history":[{"count":0,"href":"https:\/\/havamall.vn\/en\/wp-json\/wp\/v2\/product\/24560\/revisions"}],"wp:featuredmedia":[{"embeddable":true,"href":"https:\/\/havamall.vn\/en\/wp-json\/wp\/v2\/media\/24578"}],"wp:attachment":[{"href":"https:\/\/havamall.vn\/en\/wp-json\/wp\/v2\/media?parent=24560"}],"wp:term":[{"taxonomy":"product_brand","embeddable":true,"href":"https:\/\/havamall.vn\/en\/wp-json\/wp\/v2\/product_brand?post=24560"},{"taxonomy":"product_cat","embeddable":true,"href":"https:\/\/havamall.vn\/en\/wp-json\/wp\/v2\/product_cat?post=24560"},{"taxonomy":"product_tag","embeddable":true,"href":"https:\/\/havamall.vn\/en\/wp-json\/wp\/v2\/product_tag?post=24560"}],"curies":[{"name":"wp","href":"https:\/\/api.w.org\/{rel}","templated":true}]}}