{"id":24462,"date":"2021-12-16T16:35:41","date_gmt":"2021-12-16T09:35:41","guid":{"rendered":"https:\/\/havamall.vn\/?post_type=product&#038;p=24462"},"modified":"2023-03-07T17:28:45","modified_gmt":"2023-03-07T10:28:45","slug":"pho-mai-ai-cap-milkana-hop-240g-processed-cheese","status":"publish","type":"product","link":"https:\/\/havamall.vn\/en\/shop\/pho-mai-ai-cap-milkana-hop-240g-processed-cheese\/","title":{"rendered":"Ph\u00f4 Mai Ai C\u1eadp Milkana H\u1ed9p 208gr &#8211; Processed Cheese"},"content":{"rendered":"<h3><strong>Th\u00f4ng tin s\u1ea3n ph\u1ea9m<\/strong><\/h3>\n<table>\n<tbody>\n<tr>\n<td>Th\u01b0\u01a1ng hi\u1ec7u<\/td>\n<td>Milkana<\/td>\n<\/tr>\n<tr>\n<td>Xu\u1ea5t x\u1ee9<\/td>\n<td>Ai C\u1eadp<\/td>\n<\/tr>\n<tr>\n<td>Th\u00e0nh ph\u1ea7n<\/td>\n<td>N\u01b0\u1edbc, pho m\u00e1t, b\u01a1, b\u1ed9t s\u1eefa t\u00e1ch kem, protein s\u1eefa,&#8230;<\/td>\n<\/tr>\n<tr>\n<td>H\u1ea1n s\u1eed d\u1ee5ng<\/td>\n<td>9 th\u00e1ng k\u1ec3 t\u1eeb ng\u00e0y s\u1ea3n xu\u1ea5t.<\/td>\n<\/tr>\n<tr>\n<td>B\u1ea3o qu\u1ea3n<\/td>\n<td>B\u1ea3o qu\u1ea3n n\u01a1i kh\u00f4 r\u00e1o tho\u00e1ng m\u00e1t, tr\u00e1nh \u00e1nh n\u1eafng m\u1eb7t tr\u1eddi. Nhi\u1ec7t \u0111\u1ed9 th\u00edch h\u1ee3p t\u1eeb 18\u00b0C -25\u00b0C.<\/td>\n<\/tr>\n<tr>\n<td>Kh\u1ed1i l\u01b0\u1ee3ng t\u1ecbnh<\/td>\n<td>240g<\/td>\n<\/tr>\n<\/tbody>\n<\/table>\n<p>Ph\u00f4 mai Milkana ch\u1ee9a men vi sinh, r\u1ea5t c\u00f3 l\u1ee3i cho \u0111\u01b0\u1eddng ti\u00eau h\u00f3a, gi\u00fap b\u00e9 h\u1ea5p thu th\u1ee9c \u0103n t\u1ed1t h\u01a1n v\u00e0 c\u1ea3i thi\u1ec7n s\u1ee9c kh\u1ecfe. Ngo\u00e0i ra, protein trong ph\u00f4 mai c\u00f2n gi\u00fap t\u1ea1o ra c\u00e1c axit amin thi\u1ebft y\u1ebfu, x\u00e2y d\u1ef1ng t\u1ebf b\u00e0o kh\u1ecfe m\u1ea1nh, r\u1ea5t t\u1ed1t cho s\u1ee9c kh\u1ecfe c\u1ee7a tr\u1ebb em S\u1ea3n ph\u1ea9m \u0111\u01b0\u1ee3c l\u00ean men, s\u1ea3n xu\u1ea5t theo c\u00f4ng th\u1ee9c \u0111\u1eb7c bi\u1ec7t mang l\u1ea1i h\u01b0\u01a1ng v\u1ecb \u0111\u1eb7c tr\u01b0ng th\u01a1m ngon c\u1ee7a s\u1eefa.<\/p>\n<p><img fetchpriority=\"high\" decoding=\"async\" class=\"wp-image-24456 aligncenter\" src=\"https:\/\/havamall.vn\/wp-content\/uploads\/2021\/12\/67179550_211-300x300.png\" alt=\"\" width=\"652\" height=\"652\" srcset=\"https:\/\/havamall.vn\/wp-content\/uploads\/2021\/12\/67179550_211-300x300.png 300w, https:\/\/havamall.vn\/wp-content\/uploads\/2021\/12\/67179550_211-430x430.png 430w, https:\/\/havamall.vn\/wp-content\/uploads\/2021\/12\/67179550_211-150x150.png 150w, https:\/\/havamall.vn\/wp-content\/uploads\/2021\/12\/67179550_211-600x600.png 600w, https:\/\/havamall.vn\/wp-content\/uploads\/2021\/12\/67179550_211-100x100.png 100w, https:\/\/havamall.vn\/wp-content\/uploads\/2021\/12\/67179550_211.png 700w\" sizes=\"(max-width: 652px) 100vw, 652px\" \/><\/p>\n<p>Ph\u00f4 mai Milkana 240g\u00a0\u0111\u01b0\u1ee3c ch\u1ebf bi\u1ebfn v\u00e0 s\u1ea3n xu\u1ea5t b\u1eb1ng c\u00f4ng th\u1ee9c, quy tr\u00ecnh s\u1ea3n xu\u1ea5t hi\u1ec7n \u0111\u1ea1i c\u1ee7a Ai C\u1eadp\u00a0c\u00f3 s\u1ef1 gi\u00e1m s\u00e1t nghi\u00eam ng\u1eb7t, kh\u00e9p k\u00edn\u00a0n\u00ean lu\u00f4n t\u1ea1o uy t\u00edn v\u1ec1 ch\u1ea5t l\u01b0\u1ee3ng v\u00e0 an to\u00e0n th\u1ef1c ph\u1ea9m. B\u1ea1n ho\u00e0n to\u00e0n y\u00ean t\u00e2m ch\u0103m s\u00f3c b\u1eefa \u0103n cho gia \u0111\u00ecnh.<\/p>\n<p>Nguy\u00ean li\u1ec7u ho\u00e0n to\u00e0n t\u1eeb t\u1ef1 nhi\u00ean \u0111\u01b0\u1ee3c ki\u1ec3m so\u00e1t nghi\u00eam ng\u1eb7t, kh\u00f4ng ch\u1ee9a ch\u1ea5t ph\u1ee5 gia, cho ra s\u1ea3n ph\u1ea9m m\u1ec1m m\u1ecbn, h\u01b0\u01a1ng v\u1ecb r\u1ea5t h\u1ea5p d\u1eabn, k\u00edch th\u00edch v\u1ecb gi\u00e1c.\u00a0Khi \u0103n s\u1ebd c\u1ea3m nh\u1eadn \u0111\u01b0\u1ee3c \u0111\u1ed9 m\u1ec1m, v\u1ecb b\u00e9o th\u01a1m c\u00f9ng v\u1ecb m\u1eb7n \u0111\u1eb7c tr\u01b0ng c\u1ee7a ph\u00f4 mai cao c\u1ea5p.<\/p>\n<p><img decoding=\"async\" class=\"wp-image-24457 aligncenter\" src=\"https:\/\/havamall.vn\/wp-content\/uploads\/2021\/12\/169573783_-300x186.png\" alt=\"\" width=\"653\" height=\"405\" srcset=\"https:\/\/havamall.vn\/wp-content\/uploads\/2021\/12\/169573783_-300x186.png 300w, https:\/\/havamall.vn\/wp-content\/uploads\/2021\/12\/169573783_-430x267.png 430w, https:\/\/havamall.vn\/wp-content\/uploads\/2021\/12\/169573783_-150x93.png 150w, https:\/\/havamall.vn\/wp-content\/uploads\/2021\/12\/169573783_-700x435.png 700w, https:\/\/havamall.vn\/wp-content\/uploads\/2021\/12\/169573783_-768x477.png 768w, https:\/\/havamall.vn\/wp-content\/uploads\/2021\/12\/169573783_-600x373.png 600w, https:\/\/havamall.vn\/wp-content\/uploads\/2021\/12\/169573783_.png 960w\" sizes=\"(max-width: 653px) 100vw, 653px\" \/><\/p>\n<p>Ph\u00f4 mai Milkana r\u1ea5t d\u1ec5 \u0103n, nh\u1ea5t l\u00e0 \u0111\u1ed1i v\u1edbi tr\u1ebb nh\u1ecf, k\u00edch th\u00edch v\u1ecb gi\u00e1c c\u1ee7a tr\u1ebb. C\u00f3 th\u1ec3 d\u00f9ng ph\u00f4 mai tr\u1ef1c ti\u1ebfp ho\u1eb7c ch\u1ebf bi\u1ebfn th\u00e0nh c\u00e1c m\u00f3n \u0103n t\u00f9y \u00fd.\u00a0Ph\u00f4 Mai Milkana m\u1ec1m m\u1ecbn, d\u1ec5 \u0103n, ch\u1ee9a nhi\u1ec1u Canxi v\u00e0 c\u00e1c kho\u00e1ng ch\u1ea5t. S\u1ea3n ph\u1ea9m ph\u00f9 h\u1ee3p cho tr\u1ebb t\u1eeb 12 th\u00e1ng tu\u1ed5i tr\u1edf l\u00ean v\u00e0 ng\u01b0\u1eddi l\u1edbn.<\/p>\n<p>Ph\u00f4 mai l\u00e0 ngu\u1ed3n cung c\u1ea5p vitamin A v\u00e0 vitamin D r\u1ea5t phong ph\u00fa. Vitamin A gi\u00fap duy tr\u00ec s\u1ee9c kh\u1ecfe, t\u0103ng c\u01b0\u1eddng h\u1ec7 th\u1ed1ng mi\u1ec5n d\u1ecbch, s\u1ea3n xu\u1ea5t t\u1ebf b\u00e0o m\u00e1u. Canxi v\u00e0 ph\u1ed1t pho trong ph\u00f4 mai gi\u00fap h\u1ed7 tr\u1ee3 t\u0103ng tr\u01b0\u1edfng, x\u00e2y d\u1ef1ng h\u1ec7 r\u0103ng v\u00e0 x\u01b0\u01a1ng ph\u00e1t tri\u1ec3n, l\u00e0m gi\u1ea3m nguy c\u01a1 m\u1eafc b\u1ec7nh lo\u00e3ng x\u01b0\u01a1ng. Ngo\u00e0i ra, canxi c\u00f2n \u0111\u00f3ng vai tr\u00f2 quan tr\u1ecdng \u0111\u1ed1i v\u1edbi s\u1ee9c kh\u1ecfe h\u1ec7 th\u1ea7n kinh.<\/p>\n<p><img decoding=\"async\" class=\"wp-image-24458 aligncenter\" src=\"https:\/\/havamall.vn\/wp-content\/uploads\/2021\/12\/46359872-300x200.png\" alt=\"\" width=\"659\" height=\"439\" srcset=\"https:\/\/havamall.vn\/wp-content\/uploads\/2021\/12\/46359872-300x200.png 300w, https:\/\/havamall.vn\/wp-content\/uploads\/2021\/12\/46359872-430x287.png 430w, https:\/\/havamall.vn\/wp-content\/uploads\/2021\/12\/46359872-150x100.png 150w, https:\/\/havamall.vn\/wp-content\/uploads\/2021\/12\/46359872-700x467.png 700w, https:\/\/havamall.vn\/wp-content\/uploads\/2021\/12\/46359872-768x512.png 768w, https:\/\/havamall.vn\/wp-content\/uploads\/2021\/12\/46359872-1024x683.png 1024w, https:\/\/havamall.vn\/wp-content\/uploads\/2021\/12\/46359872-1200x800.png 1200w, https:\/\/havamall.vn\/wp-content\/uploads\/2021\/12\/46359872-600x400.png 600w, https:\/\/havamall.vn\/wp-content\/uploads\/2021\/12\/46359872.png 2048w\" sizes=\"(max-width: 659px) 100vw, 659px\" \/><\/p>\n<h3><strong>H\u01b0\u1edbng d\u1eabn s\u1eed d\u1ee5ng:<\/strong><\/h3>\n<p>&gt; Ph\u00f4 Mai Milkana l\u00e0 b\u1eefa \u0103n nh\u1eb9 dinh d\u01b0\u1ee1ng khi s\u1eed d\u1ee5ng k\u00e8m b\u00e1nh m\u00ec ho\u1eb7c tr\u00e1i c\u00e2y. V\u1edbi c\u00f4ng th\u1ee9c calcivit gi\u00e0u canxi, b\u1ed5 sung th\u00eam h\u00e0m l\u01b0\u1ee3ng Vitamin D, ph\u00f4 mai r\u1ea5t t\u1ed1t cho s\u1ee9c kho\u1ebb v\u00e0 \u0111\u01b0\u1ee3c khuy\u00ean n\u00ean s\u1eed d\u1ee5ng h\u00e0ng ng\u00e0y.<\/p>\n<p>&gt; C\u00f3 th\u1ec3 s\u1eed d\u1ee5ng ph\u00f4 mai \u0111\u1ec3 \u0103n tr\u1ef1c ti\u1ebfp, \u0103n k\u00e8m b\u00e1nh m\u00ec, tr\u00e1i c\u00e2y, n\u1ea5u ch\u00e1o,&#8230; \u0111\u1eb7c bi\u1ec7t t\u1ed1t \u0111\u1ed1i v\u1edbi tr\u1ebb em v\u00ec s\u1eed d\u1ee5ng s\u1ea3n ph\u1ea9m th\u01b0\u1eddng xuy\u00ean s\u1ebd gi\u00fap c\u01a1 th\u1ec3 b\u00e9 ph\u00e1t tri\u1ec3n h\u1ec7 x\u01b0\u01a1ng.<\/p>\n<h3><img loading=\"lazy\" decoding=\"async\" class=\"wp-image-24459 aligncenter\" src=\"https:\/\/havamall.vn\/wp-content\/uploads\/2021\/12\/132819999_-300x300.png\" alt=\"\" width=\"666\" height=\"667\" srcset=\"https:\/\/havamall.vn\/wp-content\/uploads\/2021\/12\/132819999_-300x300.png 300w, https:\/\/havamall.vn\/wp-content\/uploads\/2021\/12\/132819999_-430x430.png 430w, https:\/\/havamall.vn\/wp-content\/uploads\/2021\/12\/132819999_-150x150.png 150w, https:\/\/havamall.vn\/wp-content\/uploads\/2021\/12\/132819999_-600x600.png 600w, https:\/\/havamall.vn\/wp-content\/uploads\/2021\/12\/132819999_-100x100.png 100w, https:\/\/havamall.vn\/wp-content\/uploads\/2021\/12\/132819999_.png 700w\" sizes=\"(max-width: 666px) 100vw, 666px\" \/><\/h3>\n<h3><strong>\u0110\u1eb7c \u0111i\u1ec3m n\u1ed5i b\u1eadt c\u1ee7a s\u1ea3n ph\u1ea9m:<\/strong><\/h3>\n<div class=\"html-content pdp-product-highlights\">\n<p>&#8211; Ph\u00f4 mai ch\u1ee9a nhi\u1ec1u can-xi v\u00e0 vitamin D, gi\u00fap c\u00e1c b\u00e9 \u0111ang trong \u0111\u1ed9 tu\u1ed5i ph\u00e1t tri\u1ec3n c\u00f3 m\u1ed9t h\u1ec7 th\u1ed1ng x\u01b0\u01a1ng v\u00e0 r\u0103ng ch\u1eafc kh\u1ecfe.<\/p>\n<p>&#8211; M\u1ec1m m\u1ecbn, d\u1ec5 \u0103n, \u0111\u1eb7c bi\u1ec7t \u0103n k\u00e8m v\u1edbi b\u00e1nh quy s\u1ebd l\u00e0 m\u1ed9t m\u00f3n \u0103n y\u00eau th\u00edch c\u1ee7a c\u00e1c b\u00e9.<\/p>\n<p>&#8211; \u0110\u01b0\u1ee3c s\u1ea3n xu\u1ea5t tr\u00ean d\u00e2y chuy\u1ec1n c\u00f4ng ngh\u1ec7 hi\u1ec7n \u0111\u1ea1i, quy tr\u00ecnh ki\u1ec3m \u0111\u1ecbnh ch\u1ea5t l\u01b0\u1ee3ng nghi\u00eam ng\u1eb7t, ph\u00f4 mai \u0111\u1ea3m b\u1ea3o ch\u1ea5t l\u01b0\u1ee3ng v\u00e0 h\u01b0\u01a1ng v\u1ecb t\u1ed1t nh\u1ea5t.<\/p>\n<p>&#8211; S\u1ea3n ph\u1ea9m ch\u1ea5t l\u01b0\u1ee3ng cao, gi\u00e1 th\u00e0nh h\u1ee3p l\u00fd.<\/p>\n<\/div>\n<div id=\"detail_decorate_root\">\n<div id=\"_root\" class=\"engine-app\">\n<div id=\"Root\" class=\"com-struct\">\n<div id=\"hd\" class=\"com-struct\">S\u1ea3n ph\u1ea9m hi\u1ec7n \u0111\u00e3 c\u00f3 m\u1eb7t t\u1ea1i Havamall.<\/div>\n<div><img loading=\"lazy\" decoding=\"async\" class=\"wp-image-24461 aligncenter\" src=\"https:\/\/havamall.vn\/wp-content\/uploads\/2021\/12\/165910078_-300x300.png\" alt=\"\" width=\"676\" height=\"676\" srcset=\"https:\/\/havamall.vn\/wp-content\/uploads\/2021\/12\/165910078_-300x300.png 300w, https:\/\/havamall.vn\/wp-content\/uploads\/2021\/12\/165910078_-430x430.png 430w, https:\/\/havamall.vn\/wp-content\/uploads\/2021\/12\/165910078_-150x150.png 150w, https:\/\/havamall.vn\/wp-content\/uploads\/2021\/12\/165910078_-600x600.png 600w, https:\/\/havamall.vn\/wp-content\/uploads\/2021\/12\/165910078_-100x100.png 100w, https:\/\/havamall.vn\/wp-content\/uploads\/2021\/12\/165910078_.png 700w\" sizes=\"(max-width: 676px) 100vw, 676px\" \/><\/div>\n<\/div>\n<\/div>\n<\/div>","protected":false},"excerpt":{"rendered":"<p>Th\u00f4ng tin s\u1ea3n ph\u1ea9m Th\u01b0\u01a1ng hi\u1ec7u Milkana Xu\u1ea5t x\u1ee9 Ai C\u1eadp Th\u00e0nh ph\u1ea7n N\u01b0\u1edbc, pho m\u00e1t, b\u01a1, b\u1ed9t s\u1eefa t\u00e1ch<\/p>","protected":false},"featured_media":29598,"comment_status":"open","ping_status":"closed","template":"","meta":[],"product_brand":[],"product_cat":[36],"product_tag":[],"class_list":{"0":"post-24462","1":"product","2":"type-product","3":"status-publish","4":"has-post-thumbnail","6":"product_cat-thuc-pham-tieu-dung","8":"first","9":"outofstock","10":"sale","11":"shipping-taxable","12":"purchasable","13":"product-type-simple"},"_links":{"self":[{"href":"https:\/\/havamall.vn\/en\/wp-json\/wp\/v2\/product\/24462"}],"collection":[{"href":"https:\/\/havamall.vn\/en\/wp-json\/wp\/v2\/product"}],"about":[{"href":"https:\/\/havamall.vn\/en\/wp-json\/wp\/v2\/types\/product"}],"replies":[{"embeddable":true,"href":"https:\/\/havamall.vn\/en\/wp-json\/wp\/v2\/comments?post=24462"}],"version-history":[{"count":0,"href":"https:\/\/havamall.vn\/en\/wp-json\/wp\/v2\/product\/24462\/revisions"}],"wp:featuredmedia":[{"embeddable":true,"href":"https:\/\/havamall.vn\/en\/wp-json\/wp\/v2\/media\/29598"}],"wp:attachment":[{"href":"https:\/\/havamall.vn\/en\/wp-json\/wp\/v2\/media?parent=24462"}],"wp:term":[{"taxonomy":"product_brand","embeddable":true,"href":"https:\/\/havamall.vn\/en\/wp-json\/wp\/v2\/product_brand?post=24462"},{"taxonomy":"product_cat","embeddable":true,"href":"https:\/\/havamall.vn\/en\/wp-json\/wp\/v2\/product_cat?post=24462"},{"taxonomy":"product_tag","embeddable":true,"href":"https:\/\/havamall.vn\/en\/wp-json\/wp\/v2\/product_tag?post=24462"}],"curies":[{"name":"wp","href":"https:\/\/api.w.org\/{rel}","templated":true}]}}