{"id":24436,"date":"2021-12-16T14:30:08","date_gmt":"2021-12-16T07:30:08","guid":{"rendered":"https:\/\/havamall.vn\/?post_type=product&#038;p=24436"},"modified":"2022-05-30T09:28:06","modified_gmt":"2022-05-30T02:28:06","slug":"duong-co-ngot-ilite-stevia-2g-goi-x-40-goi-natural-sweetener","status":"publish","type":"product","link":"https:\/\/havamall.vn\/en\/shop\/duong-co-ngot-ilite-stevia-2g-goi-x-40-goi-natural-sweetener\/","title":{"rendered":"\u0110\u01b0\u1eddng C\u1ecf Ng\u1ecdt Ilite Stevia 2g G\u00f3i x 40 G\u00f3i &#8211; Natural Sweetener"},"content":{"rendered":"<p>\u0110\u01b0\u1eddng \u0103n ki\u00eang l\u00e0 m\u1ed9t lo\u1ea1i th\u1ef1c ph\u1ea9m ch\u1ee9c n\u0103ng th\u01b0\u1eddng \u0111\u01b0\u1ee3c b\u00e0o ch\u1ebf t\u1eeb c\u00e1c lo\u00e0i th\u1ef1c v\u1eadt mang v\u1ecb ng\u1ecdt t\u1ef1 nhi\u00ean nh\u01b0 ng\u00f4 ng\u1ecdt, c\u00e2y c\u1ecf ng\u1ecdt, c\u1ee7 c\u1ea3i \u0111\u01b0\u1eddng,&#8230; \u0110\u1eb7c t\u00ednh c\u1ee7a \u0111\u01b0\u1eddng \u0103n ki\u00eang l\u00e0 mang \u0111\u1ed9 ng\u1ecdt g\u1ea5p nhi\u1ec1u l\u1ea7n \u0111\u01b0\u1eddng th\u00f4ng th\u01b0\u1eddng nh\u01b0ng l\u1ea1i t\u1ea1o ra \u00edt calo h\u01a1n. V\u00ec th\u1ebf \u0111\u01b0\u1eddng \u0103n ki\u00eang th\u01b0\u1eddng ph\u1ee5c v\u1ee5 cho b\u1ec7nh nh\u00e2n \u0111\u00e1i th\u00e1o \u0111\u01b0\u1eddng, b\u1ec7nh nh\u00e2n tim m\u1ea1ch, nh\u1eefng ng\u01b0\u1eddi m\u1eafc ch\u1ee9ng b\u00e9o ph\u00ec hay nh\u1eefng ng\u01b0\u1eddi c\u00f3 ch\u1ebf \u0111\u1ed9 \u0103n l\u00e0nh m\u1ea1nh. Hi\u1ec7n nay, \u0111\u01b0\u1eddng \u0103n ki\u00eang \u0111\u00e3 tr\u1edf n\u00ean ph\u1ed5 bi\u1ebfn tr\u00ean th\u1ebf gi\u1edbi v\u00e0 \u0111\u01b0\u1ee3c c\u00e1c b\u00e1c s\u0129 khuy\u00ean d\u00f9ng.<\/p>\n<p><img fetchpriority=\"high\" decoding=\"async\" class=\"wp-image-24437 aligncenter\" src=\"https:\/\/havamall.vn\/wp-content\/uploads\/2021\/12\/64327253_-300x138.png\" alt=\"\" width=\"611\" height=\"281\" srcset=\"https:\/\/havamall.vn\/wp-content\/uploads\/2021\/12\/64327253_-300x138.png 300w, https:\/\/havamall.vn\/wp-content\/uploads\/2021\/12\/64327253_-430x198.png 430w, https:\/\/havamall.vn\/wp-content\/uploads\/2021\/12\/64327253_-150x69.png 150w, https:\/\/havamall.vn\/wp-content\/uploads\/2021\/12\/64327253_-700x322.png 700w, https:\/\/havamall.vn\/wp-content\/uploads\/2021\/12\/64327253_-768x353.png 768w, https:\/\/havamall.vn\/wp-content\/uploads\/2021\/12\/64327253_-1024x471.png 1024w, https:\/\/havamall.vn\/wp-content\/uploads\/2021\/12\/64327253_-1200x551.png 1200w, https:\/\/havamall.vn\/wp-content\/uploads\/2021\/12\/64327253_-600x276.png 600w\" sizes=\"(max-width: 611px) 100vw, 611px\" \/><\/p>\n<p>\u0110\u01b0\u1eddng c\u1ecf ng\u1ecdt \u00a0t\u1ef1 nhi\u00ean iLite Stevia l\u00e0m t\u1eeb chi\u1ebft xu\u1ea5t t\u1eeb m\u1ed9t lo\u00e0i c\u00e2y c\u1ecf c\u00f3 ngu\u1ed3n g\u1ed1c t\u1eeb Nam M\u1ef9 c\u00f3 t\u00ean g\u1ecdi Stevia Rebaudiana, hay c\u00f2n g\u1ecdi l\u00e0 c\u1ecf ng\u1ecdt, k\u1ebft h\u1ee3p v\u1edbi m\u1ed9t d\u1ea1ng m\u1eadt hoa \u00a0(\u0111\u01b0\u1eddng g\u1ed1c r\u01b0\u1ee3u Erythritol) t\u00ecm th\u1ea5y trong c\u00e1c lo\u00e0i c\u00e2y. t\u00ecm th\u1ea5y trong c\u00e1c lo\u00e0i c\u00e2y. Stevia l\u00e0 1 ch\u1ea5t l\u00e0m ng\u1ecdt t\u1ef1 nhi\u00ean\u00a0v\u00e0 v\u00f4 c\u00f9ng an to\u00e0n cho gia \u0111\u00ecnh c\u1ee7a b\u1ea1n.<\/p>\n<p>\u0110\u01b0\u1eddng c\u1ecf ng\u1ecdt \u00a0t\u1ef1 nhi\u00ean iLite Stevia c\u00f3 v\u1ecb ng\u1ecdt nh\u1eb9 nh\u00e0ng, kh\u00f4ng g\u1eaft, khi tan ra v\u1ecb ng\u1ecdt \u00f4m l\u1ea5y c\u1ea3 v\u00f2m h\u1ecdng. \u0110\u1ecdng l\u1ea1i 1 h\u1eadu v\u1ecb d\u1ec5 ch\u1ecbu khi\u1ebfn ai d\u00f9ng th\u1eed m\u1ed9t l\u1ea7n c\u0169ng s\u1ebd nh\u1edb nhung, kh\u00f3 qu\u00ean. L\u00e2u d\u1ea7n, c\u1ea3m gi\u00e1c \u1ea5y khi\u1ebfn con ng\u01b0\u1eddi ta quen thu\u1ed9c, b\u1ecb \u201cnghi\u1ec7n\u201d nh\u01b0 nghi\u1ec7n m\u00f9i c\u01a1m m\u1eb9 n\u1ea5u, m\u00f9i t\u1ed5 \u1ea5m th\u00e2n th\u01b0\u01a1ng.<\/p>\n<p><img decoding=\"async\" class=\"wp-image-24438 aligncenter\" src=\"https:\/\/havamall.vn\/wp-content\/uploads\/2021\/12\/38391748_-300x200.png\" alt=\"\" width=\"614\" height=\"409\" srcset=\"https:\/\/havamall.vn\/wp-content\/uploads\/2021\/12\/38391748_-300x200.png 300w, https:\/\/havamall.vn\/wp-content\/uploads\/2021\/12\/38391748_-430x287.png 430w, https:\/\/havamall.vn\/wp-content\/uploads\/2021\/12\/38391748_-150x100.png 150w, https:\/\/havamall.vn\/wp-content\/uploads\/2021\/12\/38391748_-700x467.png 700w, https:\/\/havamall.vn\/wp-content\/uploads\/2021\/12\/38391748_-768x512.png 768w, https:\/\/havamall.vn\/wp-content\/uploads\/2021\/12\/38391748_-1024x683.png 1024w, https:\/\/havamall.vn\/wp-content\/uploads\/2021\/12\/38391748_.png 1200w, https:\/\/havamall.vn\/wp-content\/uploads\/2021\/12\/38391748_-600x400.png 600w\" sizes=\"(max-width: 614px) 100vw, 614px\" \/><\/p>\n<p>S\u1edf th\u00edch s\u1eed d\u1ee5ng th\u1ee9c u\u1ed1ng v\u00e0 c\u00e1c m\u00f3n \u0103n c\u00f3 h\u00e0m l\u01b0\u1ee3ng \u0111\u01b0\u1eddng cao ng\u00e0y c\u00e0ng ph\u1ed5 bi\u1ebfn. Tuy nhi\u00ean, vi\u1ec7c s\u1eed d\u1ee5ng h\u00e0m l\u01b0\u1ee3ng tinh luy\u1ec7n, \u0111\u01b0\u1eddng h\u00f3a h\u1ecdc nhi\u1ec1u s\u1ebd d\u1ec5 khi\u1ebfn ng\u01b0\u1eddi s\u1eed d\u1ee5ng m\u1eafc c\u00e1c b\u1ec7nh v\u1ec1 \u0111\u01b0\u1eddng huy\u1ebft, da s\u1ec9n m\u00e0u, n\u1ed5i m\u1ee5n&#8230; Thay v\u00e0o \u0111\u00f3, ng\u01b0\u1eddi s\u1eed d\u1ee5ng c\u00f3 th\u1ec3 b\u1ed5 sung \u0111\u01b0\u1eddng t\u1ef1 nhi\u00ean t\u1eeb c\u00e1c lo\u1ea1i th\u1ef1c v\u1eadt nh\u01b0 rau qu\u1ea3, hoa c\u1ee7 kh\u00e1c nhau \u0111\u1ec3 b\u1ea3o v\u1ec7 s\u1ee9c kh\u1ecfe. \u0110\u01b0\u1eddng c\u1ecf ng\u1ecdt iLite Stevia l\u00e0 gia v\u1ecb tuy\u1ec7t v\u1eddi gi\u00fap c\u1ea3i thi\u1ec7n s\u1ee9c kh\u1ecfe m\u00e0 ng\u01b0\u1eddi Nh\u1eadt s\u1eed d\u1ee5ng qua nhi\u1ec1u n\u0103m. \u0110\u00e2y l\u00e0 gi\u1ea3i ph\u00e1p n\u00e2ng cao ch\u1ea5t l\u01b0\u1ee3ng \u0111\u1eddi s\u1ed1ng m\u00e0 nhi\u1ec1u ng\u01b0\u1eddi Vi\u1ec7t tin d\u00f9ng hi\u1ec7n nay.<\/p>\n<p><img decoding=\"async\" class=\"wp-image-24439 aligncenter\" src=\"https:\/\/havamall.vn\/wp-content\/uploads\/2021\/12\/33788852_-300x226.png\" alt=\"\" width=\"623\" height=\"469\" srcset=\"https:\/\/havamall.vn\/wp-content\/uploads\/2021\/12\/33788852_-300x226.png 300w, https:\/\/havamall.vn\/wp-content\/uploads\/2021\/12\/33788852_-430x323.png 430w, https:\/\/havamall.vn\/wp-content\/uploads\/2021\/12\/33788852_-150x113.png 150w, https:\/\/havamall.vn\/wp-content\/uploads\/2021\/12\/33788852_-700x526.png 700w, https:\/\/havamall.vn\/wp-content\/uploads\/2021\/12\/33788852_-768x578.png 768w, https:\/\/havamall.vn\/wp-content\/uploads\/2021\/12\/33788852_-600x451.png 600w, https:\/\/havamall.vn\/wp-content\/uploads\/2021\/12\/33788852_.png 960w\" sizes=\"(max-width: 623px) 100vw, 623px\" \/><\/p>\n<h3><strong>\u0110\u01b0\u1eddng c\u1ecf ng\u1ecdt t\u1ef1 nhi\u00ean iLite Stevia \u0111\u00e3 \u0111\u01b0\u1ee3c c\u1ea5p:<\/strong><\/h3>\n<ul>\n<li>Ch\u1ee9ng nh\u1eadn HACCP v\u1ec1 c\u01a1 s\u1edf ch\u1ebf bi\u1ebfn th\u1ef1c ph\u1ea9m \u0111\u1ea3m b\u1ea3o ch\u1ea5t l\u01b0\u1ee3ng an to\u00e0n<\/li>\n<li>Ch\u1ee9ng nh\u1eadn h\u1ec7 th\u1ed1ng qu\u1ea3n l\u00fd ch\u1ea5t l\u01b0\u1ee3ng qu\u1ed1c t\u1ebf ISO 220000:2005<\/li>\n<li>Ch\u1ee9ng nh\u1eadn ti\u00eau chu\u1ea9n GMP, ti\u00eau chu\u1ea9n h\u01b0\u1edbng d\u1eabn th\u1ef1c h\u00e0nh s\u1ea3n xu\u1ea5t t\u1ed1t, \u00e1p d\u1ee5ng \u0111\u1ed1i v\u1edbi c\u01a1 s\u1edf s\u1ea3n xu\u1ea5t th\u1ef1c ph\u1ea9m, d\u01b0\u1ee3c ph\u1ea9m<\/li>\n<li>Ch\u1ee9ng nh\u1eadn t\u1ef1 do th\u01b0\u01a1ng m\u1ea1i t\u1ea1i Singapore<\/li>\n<li>Ch\u1ee9ng nh\u1eadn \u0111\u0103ng k\u00fd An To\u00e0n Th\u1ef1c Ph\u1ea9m t\u1ea1i Vi\u1ec7t Nam cho \u0111\u01b0\u1eddng \u0103n ki\u00eang, \u00edt n\u0103ng l\u01b0\u1ee3ng, ch\u1ec9 s\u1ed1 \u0111\u01b0\u1eddng huy\u1ebft (GI) th\u1ea5p<\/li>\n<\/ul>\n<p><img decoding=\"async\" class=\"aligncenter\" src=\"https:\/\/havamall.vn\/wp-content\/uploads\/2021\/12\/duong_an_kieng_3_62c92fe68ef948f3b200674f3ff9728f_grande.jpg\" alt=\"\u0110\u01b0\u1eddng \u0103n ki\u00eang l\u00e0 gi\u1ea3i ph\u00e1p ki\u1ec3m so\u00e1t \u0111\u01b0\u1eddng huy\u1ebft hi\u1ec7u qu\u1ea3\" \/><\/p>\n<h3><strong>C\u00f4ng d\u1ee5ng tuy\u1ec7t v\u1eddi t\u1eeb \u0111\u01b0\u1eddng c\u1ecf ng\u1ecdt:<\/strong><\/h3>\n<h5><em><strong>&gt; Kh\u1ea3 n\u0103ng ch\u1ed1ng ung th\u01b0:<\/strong><\/em><\/h5>\n<p>Theo nghi\u00ean c\u1ee9u c\u1ee7a T\u1ed5 ch\u1ee9c dinh d\u01b0\u1ee1ng v\u00e0 ung th\u01b0 &#8211; Nutrition and Cancer \u0111\u00e3 ch\u1ec9 ra r\u1eb1ng, vi\u1ec7c d\u00f9ng \u0111\u01b0\u1eddng c\u1ecf ng\u1ecdt Stevia h\u1eb1ng ng\u00e0y s\u1ebd l\u00e0m gi\u1ea3m nguy c\u01a1 \u01b0ng th\u01b0 v\u00fa, t\u0103ng kh\u1ea3 n\u0103ng ti\u00eau tr\u1eeb t\u1ebf b\u00e0o ung th\u01b0.<\/p>\n<p>V\u00e0 theo T\u1ea1p ch\u00ed Food Chemistry cho r\u1eb1ng, khi d\u00f9ng \u0111\u01b0\u1eddng c\u1ecf ng\u1ecdt Stevia v\u1edbi c\u00e1c th\u1ef1c ph\u1ea9m ch\u1ed1ng ung th\u01b0 t\u1ef1 nhi\u00ean nh\u01b0 d\u00e2u T\u00e2y \u0111en th\u00ec m\u1ee9c \u0111\u1ed9 ch\u1ed1ng oxy h\u00f3a t\u0103ng cao, t\u1eeb \u0111\u00f3 k\u1ebft lu\u1eadn r\u1eb1ng \u0111\u01b0\u1eddng c\u1ecf ng\u1ecdt l\u00e0 m\u1ed9t lo\u1ea1i thu\u1ed1c ch\u1ed1ng \u01b0ng th\u01b0.<\/p>\n<p><img decoding=\"async\" class=\"aligncenter\" src=\"https:\/\/havamall.vn\/wp-content\/uploads\/2021\/12\/duong_an_kieng_4_6baeb7d391924387bdb00c651976464d_grande.jpg\" alt=\"\u0110\u01b0\u1eddng \u0103n ki\u00eang ng\u0103n ch\u1eb7n ti\u1ec3u \u0111\u01b0\u1eddng v\u00e0 bi\u1ebfn ch\u1ee9ng nguy hi\u1ec3m\u00a0\" \/><\/p>\n<h5><em><strong>&gt; H\u1ed7 tr\u1ee3 gi\u1ea3m c\u00e2n v\u00e0 gi\u1ea3m l\u01b0\u1ee3ng \u0111\u01b0\u1eddng huy\u1ebft cho ng\u01b0\u1eddi b\u1ecb ti\u1ec3u \u0111\u01b0\u1eddng:<\/strong><\/em><\/h5>\n<p>B\u1ea1n c\u00f3 bi\u1ebft, m\u1ed9t mu\u1ed7ng c\u00e0 ph\u00ea \u0111\u01b0\u1eddng tinh luy\u1ec7n ch\u1ee9a \u0111\u1ebfn 16 calo, th\u00eam 3 mu\u1ed7ng c\u00e0 ph\u00ea \u0111\u01b0\u1eddng s\u1ebd t\u01b0\u01a1ng \u1ee9ng v\u1edbi 48 calo. Tuy nhi\u00ean, n\u1ebfu b\u1ea1n thay \u0111\u01b0\u1eddng tinh luy\u1ec7n b\u1eb1ng \u0111\u01b0\u1eddng c\u1ecf ng\u1ecdt iLite Stevia th\u00ec l\u01b0\u1ee3ng calo ch\u1ec9 b\u1eb1ng 0, b\u1ea1n s\u1ebd kh\u00f4ng h\u1ea5p th\u1ee5 b\u1ea5t k\u1ef3 l\u01b0\u1ee3ng calo n\u00e0o sau khi u\u1ed1ng c\u00e0 ph\u00ea v\u00e0 tr\u00e0.<\/p>\n<p>N\u1ebfu b\u1ea1n \u0111ang trong qu\u00e1 tr\u00ecnh gi\u1ea3m c\u00e2n ho\u1eb7c ch\u1eefa b\u1ec7nh ti\u1ec3u \u0111\u01b0\u1eddng, vi\u1ec7c \u0111\u1ea7u ti\u00ean c\u00e1c b\u1ea1n c\u1ea7n l\u00e0m l\u00e0 ki\u1ec3m so\u00e1t l\u01b0\u1ee3ng \u0111\u01b0\u1eddng trong ch\u1ebf \u0111\u1ed9 \u0103n u\u1ed1ng h\u00e0ng ng\u00e0y c\u1ee7a b\u1ea3n th\u00e2n. V\u00ec th\u1ebf, \u0111\u01b0\u1eddng c\u1ecf ng\u1ecdt iLite Stevia l\u00e0 s\u1ea3n ph\u1ea9m v\u00f4 c\u00f9ng ph\u00f9 h\u1ee3p v\u00e0 \u0111\u1ed3ng h\u00e0nh c\u00f9ng b\u1ea1n trong su\u1ed1t qu\u00e1 tr\u00ecnh ch\u1eefa b\u1ec7nh.<\/p>\n<p><img decoding=\"async\" class=\"aligncenter\" src=\"https:\/\/havamall.vn\/wp-content\/uploads\/2021\/12\/h_nh_trong_b_i_-_2_-__s_ng_vui_s_ng_kh_e_c_ng_d__ng__n_ki_ng__084dca710c804e019925ce5adda68517_grande.png\" \/><\/p>\n<h5><em><strong>&gt; C\u1ea3i thi\u1ec7n ch\u1ec9 s\u1ed1 Chelesterol trong m\u00e1u:<\/strong><\/em><\/h5>\n<p>Theo nghi\u00ean c\u1ee9u Nh\u1eefng \u1ea3nh h\u01b0\u1edfng t\u00edch c\u1ef1c c\u1ee7a \u0111\u01b0\u1eddng c\u1ecf ng\u1ecdt n\u0103m 2009 ch\u1ec9 ra r\u1eb1ng, \u0111\u01b0\u1eddng c\u1ecf ng\u1ecdt l\u00e0m gi\u1ea3m m\u1ee9c chelesterol LDL (chelesterol x\u1ea5u) v\u00e0 t\u0103ng m\u1ee9c chelesterol HDL (chelesterol t\u1ed1t) khi b\u1ea1n d\u00f9ng th\u01b0\u1eddng xuy\u00ean. Ngo\u00e0i ra, \u0111\u01b0\u1eddng c\u1ecf ng\u1ecdt c\u00f2n gi\u00fap b\u1ea1n t\u0103ng c\u01b0\u1eddng h\u1ec7 th\u1ed1ng m\u1ea1ch m\u00e1u, ph\u00f2ng ch\u1ed1ng b\u1ec7nh tim m\u1ea1ch.<\/p>\n<h5><em><strong>&gt; Gi\u1ea3m huy\u1ebft \u00e1p cao:<\/strong><\/em><\/h5>\n<p>T\u1ea1p ch\u00ed D\u01b0\u1ee3c L\u00fd v\u00e0 Tr\u1ecb Li\u1ec7u c\u0169ng \u0111\u00e3 ch\u1ec9 ra nhi\u1ec1u t\u00e1c d\u1ee5ng t\u1ed1t c\u1ee7a \u0111\u01b0\u1eddng c\u1ecf ng\u1ecdt ngo\u00e0i vi\u1ec7c s\u1eed d\u1ee5ng nh\u01b0 ch\u1ea5t l\u00e0m ng\u1ecdt t\u1ef1 nhi\u00ean thay th\u1ebf \u0111\u01b0\u1eddng tinh luy\u1ec7n. N\u1ebfu b\u1ea1n s\u1eed d\u1ee5ng \u0111\u01b0\u1eddng c\u1ecf ng\u1ecdt trong v\u00f2ng 1 n\u0103m, ch\u00fang s\u1ebd gi\u00fap b\u1ea1n gi\u1ea3m c\u0103n b\u1ec7nh huy\u1ebft \u00e1p cao.<\/p>\n<p><img loading=\"lazy\" decoding=\"async\" class=\"wp-image-24440 aligncenter\" src=\"https:\/\/havamall.vn\/wp-content\/uploads\/2021\/12\/shutterstock-300x200.png\" alt=\"\" width=\"637\" height=\"424\" srcset=\"https:\/\/havamall.vn\/wp-content\/uploads\/2021\/12\/shutterstock-300x200.png 300w, https:\/\/havamall.vn\/wp-content\/uploads\/2021\/12\/shutterstock-430x287.png 430w, https:\/\/havamall.vn\/wp-content\/uploads\/2021\/12\/shutterstock-150x100.png 150w, https:\/\/havamall.vn\/wp-content\/uploads\/2021\/12\/shutterstock-700x467.png 700w, https:\/\/havamall.vn\/wp-content\/uploads\/2021\/12\/shutterstock-768x512.png 768w, https:\/\/havamall.vn\/wp-content\/uploads\/2021\/12\/shutterstock-1024x683.png 1024w, https:\/\/havamall.vn\/wp-content\/uploads\/2021\/12\/shutterstock-1200x800.png 1200w, https:\/\/havamall.vn\/wp-content\/uploads\/2021\/12\/shutterstock-600x400.png 600w, https:\/\/havamall.vn\/wp-content\/uploads\/2021\/12\/shutterstock.png 2048w\" sizes=\"(max-width: 637px) 100vw, 637px\" \/><\/p>\n<h5><em><strong>&gt; H\u1ea1n ch\u1ebf s\u00e2u r\u0103ng v\u00e0 c\u00e1c b\u1ec7nh v\u1ec1 r\u0103ng mi\u1ec7ng<\/strong><\/em><\/h5>\n<p>\u0110\u01b0\u1eddng c\u1ecf ng\u1ecdt kh\u00f4ng g\u00e2y \u1ea3nh h\u01b0\u1edfng x\u1ea5u \u0111\u1ebfn men r\u0103ng, kh\u00f4ng t\u1ea1o \u0111i\u1ec1u ki\u1ec7n cho c\u00e1c lo\u1ea1i vi khu\u1ea9n g\u00e2y s\u00e2u r\u0103ng ph\u00e1t tri\u1ec3n nh\u01b0 \u0111\u01b0\u1eddng tinh luy\u1ec7n t\u1eeb m\u00eda, b\u1eafp, c\u1ee7 c\u1ea3i \u0111\u01b0\u1eddng. \u0110\u00f3 v\u1eady \u0111\u01b0\u1eddng c\u1ecf ng\u1ecdt h\u1ea1n ch\u1ebf t\u00ecnh tr\u1ea1ng s\u00e2u r\u0103ng, nh\u1ea5t l\u00e0 \u0111\u1ed1i v\u1edbi c\u00e1c b\u00e9 th\u00edch \u0103n ng\u1ecdt nhi\u1ec1u.<\/p>\n<p>S\u1ea3n ph\u1ea9m hi\u1ec7n \u0111\u00e3 c\u00f3 m\u1eb7t t\u1ea1i Havamall.<\/p>","protected":false},"excerpt":{"rendered":"<p>\u0110\u01b0\u1eddng \u0103n ki\u00eang l\u00e0 m\u1ed9t lo\u1ea1i th\u1ef1c ph\u1ea9m ch\u1ee9c n\u0103ng th\u01b0\u1eddng \u0111\u01b0\u1ee3c b\u00e0o ch\u1ebf t\u1eeb c\u00e1c lo\u00e0i th\u1ef1c v\u1eadt mang<\/p>","protected":false},"featured_media":24441,"comment_status":"open","ping_status":"closed","template":"","meta":[],"product_brand":[],"product_cat":[36],"product_tag":[],"class_list":{"0":"post-24436","1":"product","2":"type-product","3":"status-publish","4":"has-post-thumbnail","6":"product_cat-thuc-pham-tieu-dung","8":"first","9":"outofstock","10":"sale","11":"shipping-taxable","12":"purchasable","13":"product-type-simple"},"_links":{"self":[{"href":"https:\/\/havamall.vn\/en\/wp-json\/wp\/v2\/product\/24436"}],"collection":[{"href":"https:\/\/havamall.vn\/en\/wp-json\/wp\/v2\/product"}],"about":[{"href":"https:\/\/havamall.vn\/en\/wp-json\/wp\/v2\/types\/product"}],"replies":[{"embeddable":true,"href":"https:\/\/havamall.vn\/en\/wp-json\/wp\/v2\/comments?post=24436"}],"version-history":[{"count":0,"href":"https:\/\/havamall.vn\/en\/wp-json\/wp\/v2\/product\/24436\/revisions"}],"wp:featuredmedia":[{"embeddable":true,"href":"https:\/\/havamall.vn\/en\/wp-json\/wp\/v2\/media\/24441"}],"wp:attachment":[{"href":"https:\/\/havamall.vn\/en\/wp-json\/wp\/v2\/media?parent=24436"}],"wp:term":[{"taxonomy":"product_brand","embeddable":true,"href":"https:\/\/havamall.vn\/en\/wp-json\/wp\/v2\/product_brand?post=24436"},{"taxonomy":"product_cat","embeddable":true,"href":"https:\/\/havamall.vn\/en\/wp-json\/wp\/v2\/product_cat?post=24436"},{"taxonomy":"product_tag","embeddable":true,"href":"https:\/\/havamall.vn\/en\/wp-json\/wp\/v2\/product_tag?post=24436"}],"curies":[{"name":"wp","href":"https:\/\/api.w.org\/{rel}","templated":true}]}}