{"id":24364,"date":"2021-12-10T10:28:43","date_gmt":"2021-12-10T03:28:43","guid":{"rendered":"https:\/\/havamall.vn\/?post_type=product&#038;p=24364"},"modified":"2021-12-13T17:29:59","modified_gmt":"2021-12-13T10:29:59","slug":"bang-keo-giang-sinh-uncle-bills-masking-tape","status":"publish","type":"product","link":"https:\/\/havamall.vn\/en\/shop\/bang-keo-giang-sinh-uncle-bills-masking-tape\/","title":{"rendered":"B\u0103ng Keo Gi\u00e1ng Sinh Uncle Bills &#8211; Masking Tape"},"content":{"rendered":"<div class=\"o9v6fnle cxmmr5t8 oygrvhab hcukyx3x c1et5uql ii04i59q\">\n<h3><strong>TH\u00d4NG TIN TH\u01af\u01a0NG HI\u1ec6U<\/strong><\/h3>\n<\/div>\n<p>Uncle Bills (UBL) cung c\u1ea5p h\u01a1n 1800 s\u1ea3n ph\u1ea9m ti\u00eau d\u00f9ng phi th\u01b0\u0323c ph\u00e2\u0309m h\u00e2\u0301p d\u00e2\u0303n, ti\u00ea\u0323n i\u0301ch, gia\u0301 ph\u1ea3i ch\u0103ng. S\u1ea3n ph\u1ea9m bao g\u1ed3m nhi\u1ec1u lo\u1ea1i ha\u0300ng ho\u0301a kh\u00e1c nhau, t\u1eeb \u0111\u1ed3 du\u0300ng nh\u00e0 b\u1ebfp, ch\u0103m s\u00f3c c\u00e1 nh\u00e2n, l\u00e0m s\u1ea1ch nha\u0300 c\u01b0\u0309a, \u0111\u00f4\u0300 l\u01b0u tr\u1eef, ca\u0301c loa\u0323i du\u0323ng cu\u0323, v\u00e2\u0323t du\u0323ng ngo\u00e0i tr\u1eddi v\u00e0 ca\u0309 cho tr\u1ebb em.\u00a0 UBL Lu\u00f4n lu\u00f4n c\u00e2\u0323p nh\u00e2\u0323t ca\u0301c sa\u0309n ph\u00e2\u0309m m\u01a1\u0301i.<\/p>\n<p>S\u1ea3n ph\u1ea9m UBL \u0111\u01b0\u1ee3c s\u1ea3n xu\u1ea5t theo ti\u00eau chu\u1ea9n ch\u1ea5t l\u01b0\u1ee3ng nghi\u00eam ng\u1eb7t c\u1ee7a UBL Hongkong v\u00e0 b\u00e1n t\u1ea1i h\u01a1n 50 qu\u1ed1c gia v\u01a1\u0301i h\u01a1n 10.000 c\u1eeda h\u00e0ng, bao g\u1ed3m ch\u00e2u \u00c2u, \u00dac, Ch\u00e2u \u00c1, Ch\u00e2u Phi. S\u1ee9 m\u1ec7nh c\u1ee7a UBL l\u00e0 cung c\u1ea5p nh\u1eefng s\u1ea3n ph\u1ea9m ti\u1ec7n \u00edch v\u00e0 h\u1ea5p d\u1eabn cho ng\u00f4i nh\u00e0 hi\u1ec7n \u0111\u1ea1i c\u1ee7a ng\u01b0\u1eddi Vi\u1ec7t Nam.<\/p>\n<p><img fetchpriority=\"high\" decoding=\"async\" class=\"alignnone wp-image-22991 aligncenter\" src=\"https:\/\/havamall.vn\/wp-content\/uploads\/2021\/10\/7a4565aab9e3171165a8eafb557b0da0-300x150.jpg\" alt=\"\" width=\"840\" height=\"420\" srcset=\"https:\/\/havamall.vn\/wp-content\/uploads\/2021\/10\/7a4565aab9e3171165a8eafb557b0da0-300x150.jpg 300w, https:\/\/havamall.vn\/wp-content\/uploads\/2021\/10\/7a4565aab9e3171165a8eafb557b0da0-430x215.jpg 430w, https:\/\/havamall.vn\/wp-content\/uploads\/2021\/10\/7a4565aab9e3171165a8eafb557b0da0-150x75.jpg 150w, https:\/\/havamall.vn\/wp-content\/uploads\/2021\/10\/7a4565aab9e3171165a8eafb557b0da0-700x350.jpg 700w, https:\/\/havamall.vn\/wp-content\/uploads\/2021\/10\/7a4565aab9e3171165a8eafb557b0da0-768x384.jpg 768w, https:\/\/havamall.vn\/wp-content\/uploads\/2021\/10\/7a4565aab9e3171165a8eafb557b0da0.jpg 1024w, https:\/\/havamall.vn\/wp-content\/uploads\/2021\/10\/7a4565aab9e3171165a8eafb557b0da0-600x300.jpg 600w\" sizes=\"(max-width: 840px) 100vw, 840px\" \/><\/p>\n<p>\u0110\u1ebfm ng\u01b0\u1ee3c m\u1ed9t th\u00e1ng l\u00e0 \u0111\u00e3 \u0111\u1ebfn Gi\u00e1ng Sinh 2021 v\u00e0 s\u1ebd r\u1ea5t tuy\u1ec7t v\u1eddi khi ng\u00f4i nh\u00e0 c\u1ee7a b\u1ea1n \u0111\u01b0\u1ee3c trang tr\u00ed ng\u1eadp tr\u00e0n kh\u00f4ng kh\u00ed l\u1ec5 h\u1ed9i v\u1edbi c\u00e2y th\u00f4ng Noel, d\u00e2y \u0111\u00e8n v\u00e0 c\u00e1c h\u1ed9p qu\u00e0 \u0111\u1ee7 m\u00e0u s\u1eafc.<\/p>\n<p>C\u00f9ng Havamall kh\u1edfi \u0111\u1ed9ng tinh th\u1ea7n chu\u1ea9n b\u1ecb \u0111\u00f3n m\u1ed9t m\u00f9a gi\u00e1ng sinh r\u1ed9n r\u00e0ng tr\u00e0n ng\u1eadp \u01b0u \u0111\u00e3i v\u1edbi nh\u1eefng s\u1ea3n ph\u1ea9m trang tr\u00ed gi\u00e1ng sinh\u00a0\u0111a d\u1ea1ng, h\u00f2a chung kh\u00f4ng kh\u00ed \u1ea5m \u00e1p c\u1ee7a m\u00f9a Gi\u00e1ng sinh. C\u00e1c m\u1eabu m\u00e3 trang tr\u00ed m\u00f9a noel \u0111\u1ed9c \u0111\u00e1o c\u1ee7a Uncle Bills nay \u0111\u00e3 c\u00f3 m\u1eb7t t\u1ea1i nh\u00e0 Havamall.<\/p>\n<p><img decoding=\"async\" class=\"wp-image-23889 aligncenter\" src=\"https:\/\/havamall.vn\/wp-content\/uploads\/2021\/11\/5-1-300x133.jpg\" alt=\"\" width=\"843\" height=\"374\" srcset=\"https:\/\/havamall.vn\/wp-content\/uploads\/2021\/11\/5-1-300x133.jpg 300w, https:\/\/havamall.vn\/wp-content\/uploads\/2021\/11\/5-1-430x190.jpg 430w, https:\/\/havamall.vn\/wp-content\/uploads\/2021\/11\/5-1-150x66.jpg 150w, https:\/\/havamall.vn\/wp-content\/uploads\/2021\/11\/5-1-700x310.jpg 700w, https:\/\/havamall.vn\/wp-content\/uploads\/2021\/11\/5-1-768x340.jpg 768w, https:\/\/havamall.vn\/wp-content\/uploads\/2021\/11\/5-1-1024x453.jpg 1024w, https:\/\/havamall.vn\/wp-content\/uploads\/2021\/11\/5-1-1200x531.jpg 1200w, https:\/\/havamall.vn\/wp-content\/uploads\/2021\/11\/5-1-600x266.jpg 600w, https:\/\/havamall.vn\/wp-content\/uploads\/2021\/11\/5-1.jpg 1500w\" sizes=\"(max-width: 843px) 100vw, 843px\" \/><\/p>\n<p>B\u0103ng keo gi\u00e1ng sinh Uncle Bills c\u00f3 nh\u1eefng hoa ti\u1ebft cute d\u00f9ng \u0111\u1ec3 g\u00f3i qu\u00e0, l\u00e0m \u0111\u1ed3 handmade, th\u1ee7 c\u00f4ng hay d\u00f9ng \u0111\u1ec3 trang tr\u00ed, decor nh\u00e0 c\u1eeda. Lo\u1ea1i b\u0103ng keo, lo\u1ea1i b\u0103ng d\u00ednh n\u00e0y c\u00f3 nhi\u1ec1u m\u00e0u s\u1eafc, h\u1ecda ti\u1ebft, b\u1ec1n, nh\u1eb9 nh\u00e0ng c\u00f3 th\u1ec3 d\u00e1n tr\u00ean t\u1ea5t c\u00e1 b\u1ec1 m\u1eb7t, ch\u1ea5t li\u1ec7u v\u00e0 c\u00f3 th\u1ec3 d\u1ec5 d\u00e1ng th\u00e1o b\u1ecf l\u1edbp b\u0103ng keo m\u00e0 kh\u00f4ng l\u00e0m t\u1ed5n h\u1ea1i v\u00e0 \u0111\u1ec3 l\u1ea1i d\u1ea5u v\u1ebft tr\u00ean b\u1ec1 m\u1eb7t s\u1ea3n ph\u1ea9m.<\/p>\n<p>B\u0103ng keo gi\u00e1ng sinh Uncle Bills gi\u00fap trang tr\u00ed ng\u00f4i nh\u00e0 c\u1ee7a b\u1ea1n th\u00eam lung linh h\u01a1n. B\u0103ng keo n\u00e0y d\u00e1n \u0111\u01b0\u1ee3c m\u1ecdi n\u01a1i m\u00e0 b\u1ea1n mu\u1ed1n d\u00ednh, kh\u00f4ng \u0111\u1ec3 l\u1ea1i d\u1ea5u v\u1ebft khi b\u1ea1n kh\u00f4ng mu\u1ed1n s\u1eed d\u1ee5ng n\u1eefa.<\/p>\n<p><img decoding=\"async\" class=\"wp-image-24367 aligncenter\" src=\"https:\/\/havamall.vn\/wp-content\/uploads\/2021\/12\/81U5G1qZ8wL-300x300.png\" alt=\"\" width=\"847\" height=\"847\" srcset=\"https:\/\/havamall.vn\/wp-content\/uploads\/2021\/12\/81U5G1qZ8wL-300x300.png 300w, https:\/\/havamall.vn\/wp-content\/uploads\/2021\/12\/81U5G1qZ8wL-430x430.png 430w, https:\/\/havamall.vn\/wp-content\/uploads\/2021\/12\/81U5G1qZ8wL-150x150.png 150w, https:\/\/havamall.vn\/wp-content\/uploads\/2021\/12\/81U5G1qZ8wL-700x700.png 700w, https:\/\/havamall.vn\/wp-content\/uploads\/2021\/12\/81U5G1qZ8wL-768x768.png 768w, https:\/\/havamall.vn\/wp-content\/uploads\/2021\/12\/81U5G1qZ8wL-1024x1024.png 1024w, https:\/\/havamall.vn\/wp-content\/uploads\/2021\/12\/81U5G1qZ8wL-1200x1200.png 1200w, https:\/\/havamall.vn\/wp-content\/uploads\/2021\/12\/81U5G1qZ8wL-600x600.png 600w, https:\/\/havamall.vn\/wp-content\/uploads\/2021\/12\/81U5G1qZ8wL-100x100.png 100w, https:\/\/havamall.vn\/wp-content\/uploads\/2021\/12\/81U5G1qZ8wL.png 1500w\" sizes=\"(max-width: 847px) 100vw, 847px\" \/><\/p>\n<h3><strong>Th\u00f4ng tin s\u1ea3n ph\u1ea9m:<\/strong><\/h3>\n<p>&#8211; K\u00edch th\u01b0\u1edbc: 25mmx5m<\/p>\n<p>&#8211; B\u1ea3o qu\u1ea3n: N\u01a1i kh\u00f4 r\u00e1o, tr\u00e1nh va \u0111\u1eadp m\u1ea1nh<\/p>\n<p>&#8211; C\u00f4ng d\u1ee5ng: Trang tr\u00ed gi\u00e1ng sinh<\/p>\n<p>S\u1ea3n ph\u1ea9m hi\u1ec7n \u0111\u00e3 c\u00f3 m\u1eb7t t\u1ea1i Havamall.<\/p>\n<p><img loading=\"lazy\" decoding=\"async\" class=\"wp-image-24368 aligncenter\" src=\"https:\/\/havamall.vn\/wp-content\/uploads\/2021\/12\/0d494e09-9c29--300x186.png\" alt=\"\" width=\"851\" height=\"528\" srcset=\"https:\/\/havamall.vn\/wp-content\/uploads\/2021\/12\/0d494e09-9c29--300x186.png 300w, https:\/\/havamall.vn\/wp-content\/uploads\/2021\/12\/0d494e09-9c29--430x266.png 430w, https:\/\/havamall.vn\/wp-content\/uploads\/2021\/12\/0d494e09-9c29--150x93.png 150w, https:\/\/havamall.vn\/wp-content\/uploads\/2021\/12\/0d494e09-9c29--700x433.png 700w, https:\/\/havamall.vn\/wp-content\/uploads\/2021\/12\/0d494e09-9c29--600x371.png 600w\" sizes=\"(max-width: 851px) 100vw, 851px\" \/><\/p>","protected":false},"excerpt":{"rendered":"<p>TH\u00d4NG TIN TH\u01af\u01a0NG HI\u1ec6U Uncle Bills (UBL) cung c\u1ea5p h\u01a1n 1800 s\u1ea3n ph\u1ea9m ti\u00eau d\u00f9ng phi th\u01b0\u0323c ph\u00e2\u0309m h\u00e2\u0301p d\u00e2\u0303n,<\/p>","protected":false},"featured_media":24402,"comment_status":"open","ping_status":"closed","template":"","meta":[],"product_brand":[],"product_cat":[452,394,35],"product_tag":[],"class_list":{"0":"post-24364","1":"product","2":"type-product","3":"status-publish","4":"has-post-thumbnail","6":"product_cat-noel","7":"product_cat-trang-tri-nha-cua","8":"product_cat-nha-cua-doi-song","9":"pa_brand-uncle-bills","11":"first","12":"instock","13":"sale","14":"shipping-taxable","15":"purchasable","16":"product-type-simple"},"_links":{"self":[{"href":"https:\/\/havamall.vn\/en\/wp-json\/wp\/v2\/product\/24364"}],"collection":[{"href":"https:\/\/havamall.vn\/en\/wp-json\/wp\/v2\/product"}],"about":[{"href":"https:\/\/havamall.vn\/en\/wp-json\/wp\/v2\/types\/product"}],"replies":[{"embeddable":true,"href":"https:\/\/havamall.vn\/en\/wp-json\/wp\/v2\/comments?post=24364"}],"version-history":[{"count":0,"href":"https:\/\/havamall.vn\/en\/wp-json\/wp\/v2\/product\/24364\/revisions"}],"wp:featuredmedia":[{"embeddable":true,"href":"https:\/\/havamall.vn\/en\/wp-json\/wp\/v2\/media\/24402"}],"wp:attachment":[{"href":"https:\/\/havamall.vn\/en\/wp-json\/wp\/v2\/media?parent=24364"}],"wp:term":[{"taxonomy":"product_brand","embeddable":true,"href":"https:\/\/havamall.vn\/en\/wp-json\/wp\/v2\/product_brand?post=24364"},{"taxonomy":"product_cat","embeddable":true,"href":"https:\/\/havamall.vn\/en\/wp-json\/wp\/v2\/product_cat?post=24364"},{"taxonomy":"product_tag","embeddable":true,"href":"https:\/\/havamall.vn\/en\/wp-json\/wp\/v2\/product_tag?post=24364"}],"curies":[{"name":"wp","href":"https:\/\/api.w.org\/{rel}","templated":true}]}}