{"id":24357,"date":"2021-12-09T17:20:41","date_gmt":"2021-12-09T10:20:41","guid":{"rendered":"https:\/\/havamall.vn\/?post_type=product&#038;p=24357"},"modified":"2021-12-13T17:30:16","modified_gmt":"2021-12-13T10:30:16","slug":"dia-giay-new-year-6-cai-uncle-bills-paper-plates","status":"publish","type":"product","link":"https:\/\/havamall.vn\/en\/shop\/dia-giay-new-year-6-cai-uncle-bills-paper-plates\/","title":{"rendered":"\u0110\u0129a Gi\u1ea5y New Year 6 C\u00e1i Uncle Bills &#8211; Paper Plates"},"content":{"rendered":"<div class=\"o9v6fnle cxmmr5t8 oygrvhab hcukyx3x c1et5uql ii04i59q\">\n<h3><strong>TH\u00d4NG TIN TH\u01af\u01a0NG HI\u1ec6U<\/strong><\/h3>\n<\/div>\n<p>Uncle Bills (UBL) cung c\u1ea5p h\u01a1n 1800 s\u1ea3n ph\u1ea9m ti\u00eau d\u00f9ng phi th\u01b0\u0323c ph\u00e2\u0309m h\u00e2\u0301p d\u00e2\u0303n, ti\u00ea\u0323n i\u0301ch, gia\u0301 ph\u1ea3i ch\u0103ng. S\u1ea3n ph\u1ea9m bao g\u1ed3m nhi\u1ec1u lo\u1ea1i ha\u0300ng ho\u0301a kh\u00e1c nhau, t\u1eeb \u0111\u1ed3 du\u0300ng nh\u00e0 b\u1ebfp, ch\u0103m s\u00f3c c\u00e1 nh\u00e2n, l\u00e0m s\u1ea1ch nha\u0300 c\u01b0\u0309a, \u0111\u00f4\u0300 l\u01b0u tr\u1eef, ca\u0301c loa\u0323i du\u0323ng cu\u0323, v\u00e2\u0323t du\u0323ng ngo\u00e0i tr\u1eddi v\u00e0 ca\u0309 cho tr\u1ebb em.\u00a0 UBL Lu\u00f4n lu\u00f4n c\u00e2\u0323p nh\u00e2\u0323t ca\u0301c sa\u0309n ph\u00e2\u0309m m\u01a1\u0301i.<\/p>\n<p>S\u1ea3n ph\u1ea9m UBL \u0111\u01b0\u1ee3c s\u1ea3n xu\u1ea5t theo ti\u00eau chu\u1ea9n ch\u1ea5t l\u01b0\u1ee3ng nghi\u00eam ng\u1eb7t c\u1ee7a UBL Hongkong v\u00e0 b\u00e1n t\u1ea1i h\u01a1n 50 qu\u1ed1c gia v\u01a1\u0301i h\u01a1n 10.000 c\u1eeda h\u00e0ng, bao g\u1ed3m ch\u00e2u \u00c2u, \u00dac, Ch\u00e2u \u00c1, Ch\u00e2u Phi. S\u1ee9 m\u1ec7nh c\u1ee7a UBL l\u00e0 cung c\u1ea5p nh\u1eefng s\u1ea3n ph\u1ea9m ti\u1ec7n \u00edch v\u00e0 h\u1ea5p d\u1eabn cho ng\u00f4i nh\u00e0 hi\u1ec7n \u0111\u1ea1i c\u1ee7a ng\u01b0\u1eddi Vi\u1ec7t Nam.<\/p>\n<p><img fetchpriority=\"high\" decoding=\"async\" class=\"alignnone wp-image-22991 aligncenter\" src=\"https:\/\/havamall.vn\/wp-content\/uploads\/2021\/10\/7a4565aab9e3171165a8eafb557b0da0-300x150.jpg\" alt=\"\" width=\"720\" height=\"360\" srcset=\"https:\/\/havamall.vn\/wp-content\/uploads\/2021\/10\/7a4565aab9e3171165a8eafb557b0da0-300x150.jpg 300w, https:\/\/havamall.vn\/wp-content\/uploads\/2021\/10\/7a4565aab9e3171165a8eafb557b0da0-430x215.jpg 430w, https:\/\/havamall.vn\/wp-content\/uploads\/2021\/10\/7a4565aab9e3171165a8eafb557b0da0-150x75.jpg 150w, https:\/\/havamall.vn\/wp-content\/uploads\/2021\/10\/7a4565aab9e3171165a8eafb557b0da0-700x350.jpg 700w, https:\/\/havamall.vn\/wp-content\/uploads\/2021\/10\/7a4565aab9e3171165a8eafb557b0da0-768x384.jpg 768w, https:\/\/havamall.vn\/wp-content\/uploads\/2021\/10\/7a4565aab9e3171165a8eafb557b0da0.jpg 1024w, https:\/\/havamall.vn\/wp-content\/uploads\/2021\/10\/7a4565aab9e3171165a8eafb557b0da0-600x300.jpg 600w\" sizes=\"(max-width: 720px) 100vw, 720px\" \/><\/p>\n<h3 class=\"o9v6fnle cxmmr5t8 oygrvhab hcukyx3x c1et5uql ii04i59q\"><strong>\u00a0TH\u00d4NG TIN S\u1ea2N PH\u1ea8M<\/strong><\/h3>\n<div class=\"o9v6fnle cxmmr5t8 oygrvhab hcukyx3x c1et5uql ii04i59q\">\n<table>\n<tbody>\n<tr>\n<td>Th\u01b0\u01a1ng hi\u1ec7u<\/td>\n<td>Uncle Bills<\/td>\n<\/tr>\n<tr>\n<td>Xu\u1ea5t x\u1ee9<\/td>\n<td>Trung Qu\u1ed1c<\/td>\n<\/tr>\n<tr>\n<td>Th\u00e0nh ph\u1ea7n<\/td>\n<td>300gsm White Paperboard<\/td>\n<\/tr>\n<tr>\n<td>C\u00f4ng d\u1ee5ng<\/td>\n<td>D\u1ee5ng c\u1ee5 gia d\u1ee5ng d\u00f9ng trong nh\u1eefng bu\u1ed5i ti\u1ec7c.<\/td>\n<\/tr>\n<tr>\n<td>B\u1ea3o qu\u1ea3n<\/td>\n<td>\u0110\u1ec3 n\u01a1i kh\u00f4 r\u00e1o, tho\u00e1ng m\u00e1t, tr\u00e1nh va \u0111\u1eadp m\u1ea1nh<\/td>\n<\/tr>\n<tr>\n<td>\u0110\u1ecbnh l\u01b0\u1ee3ng<\/td>\n<td>C\u00e1i<\/td>\n<\/tr>\n<\/tbody>\n<\/table>\n<p>Hi\u1ec7n nay, \u0111\u1ed3 nh\u1ef1a \u0111ang \u0111\u01b0\u1ee3c tuy\u00ean truy\u1ec1n h\u1ea1n ch\u1ebf d\u00f9ng v\u00e0 m\u1ed9t s\u1ed1 n\u01b0\u1edbc \u0111\u00e3 c\u1ea5m ho\u1eb7c \u0111\u00e1nh thu\u1ebf \u0111\u1ed1i v\u1edbi \u0111\u1ed3 nh\u1ef1a d\u00f9ng m\u1ed9t l\u1ea7n. V\u00ec v\u1eady, ly gi\u1ea5y, t\u00f4 gi\u1ea5y, ch\u00e9n gi\u1ea5y, \u1ed1ng h\u00fat gi\u1ea5y\u2026 \u0111ang l\u00e0 s\u1ea3n ph\u1ea9m thay th\u1ebf t\u1ed1i \u01b0u.<\/p>\n<\/div>\n<p>B\u1ed9 6 d\u0129a New Year Uncle Bills l\u00e0 s\u1ea3n ph\u1ea9m d\u0129a gi\u1ea5y ch\u1ea5t l\u01b0\u1ee3ng cao, d\u00f9ng \u0111\u1ef1ng th\u1ee9c u\u1ed1ng, th\u00edch h\u1ee3p d\u00f9ng t\u1ea1i c\u00e1c bu\u1ed5i ti\u1ec7c t\u00f9ng, t\u1ea5t ni\u00ean cu\u1ed1i n\u0103m, l\u1ec5 t\u1ebft r\u1ea5t ti\u1ec7n l\u1ee3i. S\u1ea3n ph\u1ea9m \u0111\u1ea3m b\u1ea3o v\u1ec7 sinh, an to\u00e0n cho s\u1ee9c kh\u1ecfe.<\/p>\n<p><img decoding=\"async\" class=\"wp-image-24355 aligncenter\" src=\"https:\/\/havamall.vn\/wp-content\/uploads\/2021\/12\/38949-Roaring--300x300.png\" alt=\"\" width=\"728\" height=\"728\" srcset=\"https:\/\/havamall.vn\/wp-content\/uploads\/2021\/12\/38949-Roaring--300x300.png 300w, https:\/\/havamall.vn\/wp-content\/uploads\/2021\/12\/38949-Roaring--430x430.png 430w, https:\/\/havamall.vn\/wp-content\/uploads\/2021\/12\/38949-Roaring--150x150.png 150w, https:\/\/havamall.vn\/wp-content\/uploads\/2021\/12\/38949-Roaring--700x700.png 700w, https:\/\/havamall.vn\/wp-content\/uploads\/2021\/12\/38949-Roaring--768x768.png 768w, https:\/\/havamall.vn\/wp-content\/uploads\/2021\/12\/38949-Roaring--600x600.png 600w, https:\/\/havamall.vn\/wp-content\/uploads\/2021\/12\/38949-Roaring--100x100.png 100w, https:\/\/havamall.vn\/wp-content\/uploads\/2021\/12\/38949-Roaring-.png 1000w\" sizes=\"(max-width: 728px) 100vw, 728px\" \/><\/p>\n<p>D\u0129a gi\u1ea5y \u0111\u01b0\u01a1\u0323c sa\u0309n xu\u00e2\u0301t tr\u00ean d\u00e2y chuy\u1ec1n c\u00f4ng ngh\u00ea\u0323 hi\u00ea\u0323n \u0111a\u0323i v\u01a1\u0301i ch\u00e2\u0301t li\u00ea\u0323u gi\u1ea5y cao c\u00e2\u0301p,\u00a0gi\u1ea5y ch\u1ecbu nhi\u1ec7t v\u00e0 ch\u1ed1ng th\u1ea5m t\u1ed1t,\u00a0mang \u0111\u1ebfn \u0111\u1ed9 b\u1ec1n cao, cho th\u1eddi gian s\u1eed d\u1ee5ng l\u00e2u d\u00e0i. Ch\u1ea5t li\u1ec7u n\u00e0y kh\u00f4ng ch\u1ee9a c\u00e1c h\u00f3a ch\u1ea5t \u0111\u1ed9c h\u1ea1i, \u0111\u1ea3m b\u1ea3o an to\u00e0n cho s\u1ee9c kh\u1ecfe ng\u01b0\u1eddi d\u00f9ng.<\/p>\n<p>M\u1eb7t ngo\u00e0i d\u0129a in happy new year v\u00e0 ph\u00e1o hoa \u0111\u1eb9p m\u1eaft, ng\u1ed9 ngh\u0129nh. B\u1ed9 d\u0129a gi\u1ea5y s\u1ebd khi\u1ebfn cho c\u00e1c em nh\u1ecf r\u1ea5t th\u00edch th\u00fa khi s\u1eed d\u1ee5ng.<\/p>\n<p><img decoding=\"async\" class=\"wp-image-24356 aligncenter\" src=\"https:\/\/havamall.vn\/wp-content\/uploads\/2021\/12\/H5112c68b7ce1-300x287.png\" alt=\"\" width=\"724\" height=\"692\" srcset=\"https:\/\/havamall.vn\/wp-content\/uploads\/2021\/12\/H5112c68b7ce1-300x287.png 300w, https:\/\/havamall.vn\/wp-content\/uploads\/2021\/12\/H5112c68b7ce1-430x411.png 430w, https:\/\/havamall.vn\/wp-content\/uploads\/2021\/12\/H5112c68b7ce1-150x143.png 150w, https:\/\/havamall.vn\/wp-content\/uploads\/2021\/12\/H5112c68b7ce1-700x669.png 700w, https:\/\/havamall.vn\/wp-content\/uploads\/2021\/12\/H5112c68b7ce1-768x733.png 768w, https:\/\/havamall.vn\/wp-content\/uploads\/2021\/12\/H5112c68b7ce1-600x573.png 600w, https:\/\/havamall.vn\/wp-content\/uploads\/2021\/12\/H5112c68b7ce1.png 800w\" sizes=\"(max-width: 724px) 100vw, 724px\" \/><\/p>\n<h3><strong>\u01afU \u0110I\u1ec2M S\u1ea2N PH\u1ea8M<\/strong><\/h3>\n<ul>\n<li>D\u0129a gi\u1ea5y Uncle Bills s\u1eed d\u1ee5ng 1 l\u1ea7n \u0111\u1ea3m b\u1ea3o an to\u00e0n v\u1ec7 sinh th\u1ef1c ph\u1ea9m.<\/li>\n<li>S\u1ea3n ph\u1ea9m \u0111\u01b0\u1ee3c l\u00e0m t\u1eeb gi\u1ea5y nguy\u00ean ch\u1ea5t, kh\u00f4ng ch\u1ee9a ho\u00e1 ch\u1ea5t v\u00e0 c\u00e1c ch\u1ea5t t\u1ea9y, ch\u1ea5t ho\u00e1 h\u1ecdc. N\u00ean r\u1ea5t an to\u00e0n cho s\u1ee9c kho\u1ebb ng\u01b0\u1eddi d\u00f9ng.<\/li>\n<li>D\u0129a gi\u1ea5y s\u1eed d\u1ee5ng 1 l\u1ea7n c\u00f3 kh\u1ea3 n\u0103ng ph\u00e2n hu\u1ef7 nhanh ngo\u00e0i m\u00f4i tr\u01b0\u1eddng \u1edf \u0111i\u1ec1u ki\u1ec7n th\u01b0\u1eddng. Kh\u00f4ng g\u00e2y h\u1ea1i cho m\u00f4i tr\u01b0\u1eddng.<\/li>\n<li>M\u1ed9t l\u1ee3i \u00edch kh\u00f4ng th\u1ec3 kh\u00f4ng n\u00f3i \u0111\u1ebfn l\u00e0 d\u0129a gi\u1ea5y d\u00f9ng 1 l\u1ea7n c\u00f3 th\u1ec3 \u0111em t\u00e1i ch\u1ebf. V\u1eeba ti\u1ebft ki\u1ec7m chi ph\u00ed, v\u1eeba gi\u1ea3m thi\u1ec3u g\u00e1nh n\u1eb7ng r\u00e1c th\u1ea3i cho m\u00f4i tr\u01b0\u1eddng.<\/li>\n<\/ul>\n<p>S\u1ea3n ph\u1ea9m hi\u1ec7n \u0111\u00e3 c\u00f3 m\u1eb7t t\u1ea1i Havamall.<\/p>","protected":false},"excerpt":{"rendered":"<p>TH\u00d4NG TIN TH\u01af\u01a0NG HI\u1ec6U Uncle Bills (UBL) cung c\u1ea5p h\u01a1n 1800 s\u1ea3n ph\u1ea9m ti\u00eau d\u00f9ng phi th\u01b0\u0323c ph\u00e2\u0309m h\u00e2\u0301p d\u00e2\u0303n,<\/p>","protected":false},"featured_media":24403,"comment_status":"open","ping_status":"closed","template":"","meta":[],"product_brand":[],"product_cat":[393,35],"product_tag":[],"class_list":{"0":"post-24357","1":"product","2":"type-product","3":"status-publish","4":"has-post-thumbnail","6":"product_cat-bep-phong-an","7":"product_cat-nha-cua-doi-song","8":"pa_brand-uncle-bills","10":"first","11":"instock","12":"sale","13":"shipping-taxable","14":"purchasable","15":"product-type-simple"},"_links":{"self":[{"href":"https:\/\/havamall.vn\/en\/wp-json\/wp\/v2\/product\/24357"}],"collection":[{"href":"https:\/\/havamall.vn\/en\/wp-json\/wp\/v2\/product"}],"about":[{"href":"https:\/\/havamall.vn\/en\/wp-json\/wp\/v2\/types\/product"}],"replies":[{"embeddable":true,"href":"https:\/\/havamall.vn\/en\/wp-json\/wp\/v2\/comments?post=24357"}],"version-history":[{"count":0,"href":"https:\/\/havamall.vn\/en\/wp-json\/wp\/v2\/product\/24357\/revisions"}],"wp:featuredmedia":[{"embeddable":true,"href":"https:\/\/havamall.vn\/en\/wp-json\/wp\/v2\/media\/24403"}],"wp:attachment":[{"href":"https:\/\/havamall.vn\/en\/wp-json\/wp\/v2\/media?parent=24357"}],"wp:term":[{"taxonomy":"product_brand","embeddable":true,"href":"https:\/\/havamall.vn\/en\/wp-json\/wp\/v2\/product_brand?post=24357"},{"taxonomy":"product_cat","embeddable":true,"href":"https:\/\/havamall.vn\/en\/wp-json\/wp\/v2\/product_cat?post=24357"},{"taxonomy":"product_tag","embeddable":true,"href":"https:\/\/havamall.vn\/en\/wp-json\/wp\/v2\/product_tag?post=24357"}],"curies":[{"name":"wp","href":"https:\/\/api.w.org\/{rel}","templated":true}]}}