{"id":24333,"date":"2021-12-09T13:54:57","date_gmt":"2021-12-09T06:54:57","guid":{"rendered":"https:\/\/havamall.vn\/?post_type=product&#038;p=24333"},"modified":"2021-12-18T11:38:02","modified_gmt":"2021-12-18T04:38:02","slug":"giay-kraft-goi-qua-uncle-bills-70cm-x-6m-kraft-wrap-paper","status":"publish","type":"product","link":"https:\/\/havamall.vn\/en\/shop\/giay-kraft-goi-qua-uncle-bills-70cm-x-6m-kraft-wrap-paper\/","title":{"rendered":"Gi\u1ea5y Kraft G\u00f3i Qu\u00e0 Uncle Bills 70cm x 6m &#8211; Kraft Wrap Paper"},"content":{"rendered":"<div class=\"o9v6fnle cxmmr5t8 oygrvhab hcukyx3x c1et5uql ii04i59q\">\n<h3><strong>TH\u00d4NG TIN TH\u01af\u01a0NG HI\u1ec6U<\/strong><\/h3>\n<\/div>\n<p>Uncle Bills (UBL) cung c\u1ea5p h\u01a1n 1800 s\u1ea3n ph\u1ea9m ti\u00eau d\u00f9ng phi th\u01b0\u0323c ph\u00e2\u0309m h\u00e2\u0301p d\u00e2\u0303n, ti\u00ea\u0323n i\u0301ch, gia\u0301 ph\u1ea3i ch\u0103ng. S\u1ea3n ph\u1ea9m bao g\u1ed3m nhi\u1ec1u lo\u1ea1i ha\u0300ng ho\u0301a kh\u00e1c nhau, t\u1eeb \u0111\u1ed3 du\u0300ng nh\u00e0 b\u1ebfp, ch\u0103m s\u00f3c c\u00e1 nh\u00e2n, l\u00e0m s\u1ea1ch nha\u0300 c\u01b0\u0309a, \u0111\u00f4\u0300 l\u01b0u tr\u1eef, ca\u0301c loa\u0323i du\u0323ng cu\u0323, v\u00e2\u0323t du\u0323ng ngo\u00e0i tr\u1eddi v\u00e0 ca\u0309 cho tr\u1ebb em.\u00a0 UBL Lu\u00f4n lu\u00f4n c\u00e2\u0323p nh\u00e2\u0323t ca\u0301c sa\u0309n ph\u00e2\u0309m m\u01a1\u0301i.<\/p>\n<p>S\u1ea3n ph\u1ea9m UBL \u0111\u01b0\u1ee3c s\u1ea3n xu\u1ea5t theo ti\u00eau chu\u1ea9n ch\u1ea5t l\u01b0\u1ee3ng nghi\u00eam ng\u1eb7t c\u1ee7a UBL Hongkong v\u00e0 b\u00e1n t\u1ea1i h\u01a1n 50 qu\u1ed1c gia v\u01a1\u0301i h\u01a1n 10.000 c\u1eeda h\u00e0ng, bao g\u1ed3m ch\u00e2u \u00c2u, \u00dac, Ch\u00e2u \u00c1, Ch\u00e2u Phi. S\u1ee9 m\u1ec7nh c\u1ee7a UBL l\u00e0 cung c\u1ea5p nh\u1eefng s\u1ea3n ph\u1ea9m ti\u1ec7n \u00edch v\u00e0 h\u1ea5p d\u1eabn cho ng\u00f4i nh\u00e0 hi\u1ec7n \u0111\u1ea1i c\u1ee7a ng\u01b0\u1eddi Vi\u1ec7t Nam.<\/p>\n<p><img fetchpriority=\"high\" decoding=\"async\" class=\"alignnone wp-image-22991 aligncenter\" src=\"https:\/\/havamall.vn\/wp-content\/uploads\/2021\/10\/7a4565aab9e3171165a8eafb557b0da0-300x150.jpg\" alt=\"\" width=\"826\" height=\"413\" srcset=\"https:\/\/havamall.vn\/wp-content\/uploads\/2021\/10\/7a4565aab9e3171165a8eafb557b0da0-300x150.jpg 300w, https:\/\/havamall.vn\/wp-content\/uploads\/2021\/10\/7a4565aab9e3171165a8eafb557b0da0-430x215.jpg 430w, https:\/\/havamall.vn\/wp-content\/uploads\/2021\/10\/7a4565aab9e3171165a8eafb557b0da0-150x75.jpg 150w, https:\/\/havamall.vn\/wp-content\/uploads\/2021\/10\/7a4565aab9e3171165a8eafb557b0da0-700x350.jpg 700w, https:\/\/havamall.vn\/wp-content\/uploads\/2021\/10\/7a4565aab9e3171165a8eafb557b0da0-768x384.jpg 768w, https:\/\/havamall.vn\/wp-content\/uploads\/2021\/10\/7a4565aab9e3171165a8eafb557b0da0.jpg 1024w, https:\/\/havamall.vn\/wp-content\/uploads\/2021\/10\/7a4565aab9e3171165a8eafb557b0da0-600x300.jpg 600w\" sizes=\"(max-width: 826px) 100vw, 826px\" \/><\/p>\n<p>\u0110\u1ebfm ng\u01b0\u1ee3c m\u1ed9t th\u00e1ng l\u00e0 \u0111\u00e3 \u0111\u1ebfn Gi\u00e1ng Sinh 2021 v\u00e0 s\u1ebd r\u1ea5t tuy\u1ec7t v\u1eddi khi ng\u00f4i nh\u00e0 c\u1ee7a b\u1ea1n \u0111\u01b0\u1ee3c trang tr\u00ed ng\u1eadp tr\u00e0n kh\u00f4ng kh\u00ed l\u1ec5 h\u1ed9i v\u1edbi c\u00e2y th\u00f4ng Noel, d\u00e2y \u0111\u00e8n v\u00e0 c\u00e1c h\u1ed9p qu\u00e0 \u0111\u1ee7 m\u00e0u s\u1eafc.<\/p>\n<p>C\u00f9ng Havamall kh\u1edfi \u0111\u1ed9ng tinh th\u1ea7n chu\u1ea9n b\u1ecb \u0111\u00f3n m\u1ed9t m\u00f9a gi\u00e1ng sinh r\u1ed9n r\u00e0ng tr\u00e0n ng\u1eadp \u01b0u \u0111\u00e3i v\u1edbi nh\u1eefng s\u1ea3n ph\u1ea9m trang tr\u00ed gi\u00e1ng sinh\u00a0\u0111a d\u1ea1ng, h\u00f2a chung kh\u00f4ng kh\u00ed \u1ea5m \u00e1p c\u1ee7a m\u00f9a Gi\u00e1ng sinh. C\u00e1c m\u1eabu m\u00e3 trang tr\u00ed m\u00f9a noel \u0111\u1ed9c \u0111\u00e1o c\u1ee7a Uncle Bills nay \u0111\u00e3 c\u00f3 m\u1eb7t t\u1ea1i nh\u00e0 Havamall.<\/p>\n<p><img decoding=\"async\" class=\"wp-image-23889 aligncenter\" src=\"https:\/\/havamall.vn\/wp-content\/uploads\/2021\/11\/5-1-300x133.jpg\" alt=\"\" width=\"819\" height=\"363\" srcset=\"https:\/\/havamall.vn\/wp-content\/uploads\/2021\/11\/5-1-300x133.jpg 300w, https:\/\/havamall.vn\/wp-content\/uploads\/2021\/11\/5-1-430x190.jpg 430w, https:\/\/havamall.vn\/wp-content\/uploads\/2021\/11\/5-1-150x66.jpg 150w, https:\/\/havamall.vn\/wp-content\/uploads\/2021\/11\/5-1-700x310.jpg 700w, https:\/\/havamall.vn\/wp-content\/uploads\/2021\/11\/5-1-768x340.jpg 768w, https:\/\/havamall.vn\/wp-content\/uploads\/2021\/11\/5-1-1024x453.jpg 1024w, https:\/\/havamall.vn\/wp-content\/uploads\/2021\/11\/5-1-1200x531.jpg 1200w, https:\/\/havamall.vn\/wp-content\/uploads\/2021\/11\/5-1-600x266.jpg 600w, https:\/\/havamall.vn\/wp-content\/uploads\/2021\/11\/5-1.jpg 1500w\" sizes=\"(max-width: 819px) 100vw, 819px\" \/><\/p>\n<p>Qu\u00e0 t\u1eb7ng \u0111\u01b0\u1ee3c g\u00f3i b\u1eb1ng gi\u1ea5y kraft \u0111\u00e3 kh\u00f4ng c\u00f2n xa l\u1ea1 v\u1edbi ch\u00fang ta. M\u00f9a gi\u00e1ng sinh \u0111ang c\u1eadn k\u1ec1, nh\u1eefng m\u00f3n qu\u00e0 \u0111\u01b0\u1ee3c g\u00f3i b\u1eb1ng gi\u1ea5y n\u00e2u n\u00e0 \u0111\u01b0\u1ee3c nhi\u1ec1u ng\u01b0\u1eddi \u01b0a chu\u1ed9ng. B\u1edfi kh\u00f4ng kh\u00ed se l\u1ea1nh c\u1ee7a m\u00f9a \u0111\u00f4ng h\u00f2a v\u1edbi m\u00f3n qu\u00e0 m\u00e0u gi\u1ea5y kraft. Khi\u1ebfn m\u00f3n qu\u00e0 trao t\u1eb7ng tr\u1edf n\u00ean \u1ea5m \u00e1p \u0111\u1ebfn l\u1ea1.<\/p>\n<p>Qu\u00e0 t\u1eb7ng Noel b\u1eb1ng gi\u1ea5y kraf m\u00e0u n\u00e2u k\u1ebft h\u1ee3p v\u1edbi d\u1ea5u \u0111\u00f3ng hay tag s\u1ea3n ph\u1ea9m. S\u1ebd l\u00e0m ng\u01b0\u1eddi nh\u1eadn c\u1ea3m th\u1ea5y\u00a0 m\u00ecnh t\u00ecnh c\u1ea3m m\u00e0 ng\u01b0\u1eddi t\u1eb7ng g\u1eedi trao \u0111\u1ebfn m\u00ecnh.<\/p>\n<p><img decoding=\"async\" class=\"wp-image-24334 aligncenter\" src=\"https:\/\/havamall.vn\/wp-content\/uploads\/2021\/12\/GFB-300x169.png\" alt=\"\" width=\"815\" height=\"459\" srcset=\"https:\/\/havamall.vn\/wp-content\/uploads\/2021\/12\/GFB-300x169.png 300w, https:\/\/havamall.vn\/wp-content\/uploads\/2021\/12\/GFB-430x242.png 430w, https:\/\/havamall.vn\/wp-content\/uploads\/2021\/12\/GFB-150x84.png 150w, https:\/\/havamall.vn\/wp-content\/uploads\/2021\/12\/GFB-700x394.png 700w, https:\/\/havamall.vn\/wp-content\/uploads\/2021\/12\/GFB-768x432.png 768w, https:\/\/havamall.vn\/wp-content\/uploads\/2021\/12\/GFB-1024x576.png 1024w, https:\/\/havamall.vn\/wp-content\/uploads\/2021\/12\/GFB-1200x675.png 1200w, https:\/\/havamall.vn\/wp-content\/uploads\/2021\/12\/GFB-600x338.png 600w, https:\/\/havamall.vn\/wp-content\/uploads\/2021\/12\/GFB.png 1280w\" sizes=\"(max-width: 815px) 100vw, 815px\" \/><\/p>\n<p>Gi\u00e2\u0301y kraft n\u00e2u Uncle Bills v\u01a1\u0301i t\u00ednh ch\u1ea5t d\u1ebbo dai, m\u00ea\u0300m ma\u0323i la\u0323i kh\u00f4ng ch\u01b0\u0301a ch\u00e2\u0301t \u0111\u00f4\u0323c ha\u0323i n\u00ean nga\u0300y ca\u0300ng \u0111\u01b0\u01a1\u0323c \u01b0a chu\u00f4\u0323ng va\u0300 \u01b0\u0301ng du\u0323ng nhi\u00ea\u0300u. Gi\u00e2\u0301y co\u0301 th\u00ea\u0309 s\u01b0\u0309 du\u0323ng \u0111\u00ea\u0309 go\u0301i hoa hay go\u0301i qua\u0300. Cu\u0303ng co\u0301 th\u00ea\u0309 s\u01b0\u0309 du\u0323ng \u0111\u00ea\u0309 trang tri\u0301 hay la\u0300m \u0111\u00f4\u0300 thu\u0309 c\u00f4ng, handmade\u2026<\/p>\n<p>Gi\u1ea5y Kraft g\u00f3i qu\u00e0 Uncle Bills c\u00f3 tone n\u00e2u s\u1eabm, gi\u1ea5y lo\u1ea1i d\u00e0y. Gi\u1ea5y Kraft Uncle Bills th\u01b0\u1eddng mua v\u1ec1 \u0111\u1ec3 g\u00f3i qu\u00e0 l\u00e0m decor c\u00e2y th\u00f4ng v\u00e0o d\u1ecbp Gi\u00e1ng sinh, tone s\u1eabm kh\u00e1 l\u00e0 kh\u00f3 t\u00ecm th\u1ea5y \u1edf nh\u1eefng ch\u1ed7 b\u00e1n kraft v\u00e0 v\u0103n ph\u00f2ng ph\u1ea9m th\u00f4ng th\u01b0\u1eddng.<\/p>\n<p><img loading=\"lazy\" decoding=\"async\" class=\"wp-image-24335 aligncenter\" src=\"https:\/\/havamall.vn\/wp-content\/uploads\/2021\/12\/Core-Kra-300x300.png\" alt=\"\" width=\"821\" height=\"821\" srcset=\"https:\/\/havamall.vn\/wp-content\/uploads\/2021\/12\/Core-Kra-300x300.png 300w, https:\/\/havamall.vn\/wp-content\/uploads\/2021\/12\/Core-Kra-430x430.png 430w, https:\/\/havamall.vn\/wp-content\/uploads\/2021\/12\/Core-Kra-150x150.png 150w, https:\/\/havamall.vn\/wp-content\/uploads\/2021\/12\/Core-Kra-700x700.png 700w, https:\/\/havamall.vn\/wp-content\/uploads\/2021\/12\/Core-Kra-768x768.png 768w, https:\/\/havamall.vn\/wp-content\/uploads\/2021\/12\/Core-Kra-600x600.png 600w, https:\/\/havamall.vn\/wp-content\/uploads\/2021\/12\/Core-Kra-100x100.png 100w, https:\/\/havamall.vn\/wp-content\/uploads\/2021\/12\/Core-Kra.png 1024w\" sizes=\"(max-width: 821px) 100vw, 821px\" \/><\/p>\n<h3><strong>\u0110\u1eb6C \u0110I\u1ec2M S\u1ea2N PH\u1ea8M<\/strong><\/h3>\n<p>&#8211; Gi\u1ea5y g\u00f3i d\u1ec5 d\u00e0ng c\u1eaft, g\u1ea5p g\u1ecdn v\u00e0 thao t\u00e1c.<\/p>\n<p>&#8211; S\u1ea3n ph\u1ea9m c\u00f3 \u0111\u1ed9 c\u1ee9ng \u0111\u1ee7 \u0111\u1ec3 duy tr\u00ec h\u00ecnh d\u1ea1ng v\u00e0 s\u1ebd kh\u00f4ng b\u1ecb ph\u00e1 v\u1ee1 \u1edf c\u00e1c g\u00f3c.<\/p>\n<p>&#8211; S\u1eed d\u1ee5ng s\u1ef1 s\u00e1ng t\u1ea1o c\u1ee7a b\u1ea1n \u0111\u1ec3 g\u1ea5p g\u1ecdn gi\u1ea5y l\u00e0m n\u1ebfp g\u1ea5p.<\/p>\n<p>&#8211;\u00a0Ch\u1ea5t li\u1ec7u cao c\u1ea5p.<\/p>\n<p>&#8211;\u00a0L\u00e0m b\u1eb1ng ch\u1ea5t li\u1ec7u kh\u00f4ng \u0111\u1ed9c h\u1ea1i, an to\u00e0n v\u1edbi ng\u01b0\u1eddi s\u1eed d\u1ee5ng.<\/p>\n<p><img loading=\"lazy\" decoding=\"async\" class=\"wp-image-24336 aligncenter\" src=\"https:\/\/havamall.vn\/wp-content\/uploads\/2021\/12\/719U0coDV-300x300.png\" alt=\"\" width=\"832\" height=\"832\" srcset=\"https:\/\/havamall.vn\/wp-content\/uploads\/2021\/12\/719U0coDV-300x300.png 300w, https:\/\/havamall.vn\/wp-content\/uploads\/2021\/12\/719U0coDV-430x430.png 430w, https:\/\/havamall.vn\/wp-content\/uploads\/2021\/12\/719U0coDV-150x150.png 150w, https:\/\/havamall.vn\/wp-content\/uploads\/2021\/12\/719U0coDV-700x700.png 700w, https:\/\/havamall.vn\/wp-content\/uploads\/2021\/12\/719U0coDV-768x768.png 768w, https:\/\/havamall.vn\/wp-content\/uploads\/2021\/12\/719U0coDV-1024x1024.png 1024w, https:\/\/havamall.vn\/wp-content\/uploads\/2021\/12\/719U0coDV-1200x1200.png 1200w, https:\/\/havamall.vn\/wp-content\/uploads\/2021\/12\/719U0coDV-600x600.png 600w, https:\/\/havamall.vn\/wp-content\/uploads\/2021\/12\/719U0coDV-100x100.png 100w, https:\/\/havamall.vn\/wp-content\/uploads\/2021\/12\/719U0coDV.png 1500w\" sizes=\"(max-width: 832px) 100vw, 832px\" \/><\/p>","protected":false},"excerpt":{"rendered":"<p>TH\u00d4NG TIN TH\u01af\u01a0NG HI\u1ec6U Uncle Bills (UBL) cung c\u1ea5p h\u01a1n 1800 s\u1ea3n ph\u1ea9m ti\u00eau d\u00f9ng phi th\u01b0\u0323c ph\u00e2\u0309m h\u00e2\u0301p d\u00e2\u0303n,<\/p>","protected":false},"featured_media":24337,"comment_status":"open","ping_status":"closed","template":"","meta":[],"product_brand":[],"product_cat":[452,394,35],"product_tag":[],"class_list":{"0":"post-24333","1":"product","2":"type-product","3":"status-publish","4":"has-post-thumbnail","6":"product_cat-noel","7":"product_cat-trang-tri-nha-cua","8":"product_cat-nha-cua-doi-song","9":"pa_brand-uncle-bills","11":"first","12":"instock","13":"sale","14":"shipping-taxable","15":"purchasable","16":"product-type-simple"},"_links":{"self":[{"href":"https:\/\/havamall.vn\/en\/wp-json\/wp\/v2\/product\/24333"}],"collection":[{"href":"https:\/\/havamall.vn\/en\/wp-json\/wp\/v2\/product"}],"about":[{"href":"https:\/\/havamall.vn\/en\/wp-json\/wp\/v2\/types\/product"}],"replies":[{"embeddable":true,"href":"https:\/\/havamall.vn\/en\/wp-json\/wp\/v2\/comments?post=24333"}],"version-history":[{"count":0,"href":"https:\/\/havamall.vn\/en\/wp-json\/wp\/v2\/product\/24333\/revisions"}],"wp:featuredmedia":[{"embeddable":true,"href":"https:\/\/havamall.vn\/en\/wp-json\/wp\/v2\/media\/24337"}],"wp:attachment":[{"href":"https:\/\/havamall.vn\/en\/wp-json\/wp\/v2\/media?parent=24333"}],"wp:term":[{"taxonomy":"product_brand","embeddable":true,"href":"https:\/\/havamall.vn\/en\/wp-json\/wp\/v2\/product_brand?post=24333"},{"taxonomy":"product_cat","embeddable":true,"href":"https:\/\/havamall.vn\/en\/wp-json\/wp\/v2\/product_cat?post=24333"},{"taxonomy":"product_tag","embeddable":true,"href":"https:\/\/havamall.vn\/en\/wp-json\/wp\/v2\/product_tag?post=24333"}],"curies":[{"name":"wp","href":"https:\/\/api.w.org\/{rel}","templated":true}]}}