{"id":24300,"date":"2021-12-08T09:43:31","date_gmt":"2021-12-08T02:43:31","guid":{"rendered":"https:\/\/havamall.vn\/?post_type=product&#038;p=24300"},"modified":"2026-01-04T15:12:41","modified_gmt":"2026-01-04T08:12:41","slug":"rau-cu-hon-hop-dong-lanh-v-safefood-400g-frozen-mixed-vegetables","status":"publish","type":"product","link":"https:\/\/havamall.vn\/en\/shop\/rau-cu-hon-hop-dong-lanh-v-safefood-400g-frozen-mixed-vegetables\/","title":{"rendered":"Rau C\u1ee7 H\u1ed7n H\u1ee3p \u0110\u00f4ng L\u1ea1nh V-Safefood 400g &#8211; Frozen Mixed Vegetables"},"content":{"rendered":"<p><span style=\"font-weight: 400\">S\u1ea3n ph\u1ea9m Rau h\u1ed7n h\u1ee3p \u0111\u00f4ng l\u1ea1nh V-Safefood \u0111\u00e3 \u0111\u01b0\u1ee3c s\u01a1 ch\u1ebf s\u1eb5n theo d\u00e2y chuy\u1ec1n hi\u1ec7n \u0111\u1ea1i, \u0111\u1ea3m b\u1ea3o an to\u00e0n . Rau c\u1ee7 h\u1ed7n h\u1ee3p \u0111\u00e3 \u0111\u01b0\u1ee3c tuy\u1ec3n ch\u1ecdn t\u1eeb nh\u1eefng nguy\u00ean li\u1ec7u t\u01b0\u01a1i ngon nh\u1ea5t, \u0111\u1ea3m b\u1ea3o an to\u00e0n v\u1ec7 sinh th\u1ef1c ph\u1ea9m.<\/span><\/p>\n<p><span style=\"font-weight: 400\">Rau h\u1ed7n h\u1ee3p V-Safefood l\u00e0 s\u1ef1 h\u00f2a quy\u1ec7n t\u1eeb nh\u1eefng nguy\u00ean li\u1ec7u t\u1ef1 nhi\u00ean nh\u01b0: c\u00e0 r\u1ed1t, \u0111\u1eadu H\u00e0 Lan, ng\u00f4,\u2026 \u0111\u01b0\u1ee3c tuy\u1ec3n ch\u1ecdn t\u1eeb nh\u1eefng nguy\u00ean li\u1ec7u t\u01b0\u01a1i ngon nh\u1ea5t, \u0111\u1ea3m b\u1ea3o an to\u00e0n v\u1ec7 sinh th\u1ef1c ph\u1ea9m..<\/span><\/p>\n<p><img fetchpriority=\"high\" decoding=\"async\" class=\"wp-image-20716 aligncenter\" src=\"https:\/\/havamall.vn\/wp-content\/uploads\/2021\/07\/c\u00eacccd-300x169.png\" alt=\"\" width=\"743\" height=\"419\" srcset=\"https:\/\/havamall.vn\/wp-content\/uploads\/2021\/07\/c\u00eacccd-300x169.png 300w, https:\/\/havamall.vn\/wp-content\/uploads\/2021\/07\/c\u00eacccd-430x242.png 430w, https:\/\/havamall.vn\/wp-content\/uploads\/2021\/07\/c\u00eacccd-150x85.png 150w, https:\/\/havamall.vn\/wp-content\/uploads\/2021\/07\/c\u00eacccd-700x394.png 700w, https:\/\/havamall.vn\/wp-content\/uploads\/2021\/07\/c\u00eacccd-768x433.png 768w, https:\/\/havamall.vn\/wp-content\/uploads\/2021\/07\/c\u00eacccd-1024x577.png 1024w, https:\/\/havamall.vn\/wp-content\/uploads\/2021\/07\/c\u00eacccd.png 1200w, https:\/\/havamall.vn\/wp-content\/uploads\/2021\/07\/c\u00eacccd-600x338.png 600w\" sizes=\"(max-width: 743px) 100vw, 743px\" \/><\/p>\n<p>Rau c\u1ee7 qu\u1ea3 l\u00e0 th\u1ee9 kh\u00f4ng th\u1ec3 thi\u1ebfu trong b\u1eefa\u00a0\u0103n h\u00e0ng ng\u00e0y, rau c\u1ee7 qu\u1ea3 ch\u1ee9a ch\u1ea5t s\u01a1, c\u00e1c vitamin v\u00e0 kho\u00e1ng ch\u1ea5t c\u1ea7n thi\u1ebft cho c\u01a1 th\u1ec3. Nh\u01b0ng kh\u00f4ng ph\u1ea3i ai c\u0169ng c\u00f3 th\u1eddi gian \u0111i ch\u1ee3 h\u00e0ng ng\u00e0y \u0111\u1ec3 c\u00f3 m\u1ed9t b\u1eefa \u0103n \u0111\u1ea7y \u0111\u1ee7 rau c\u1ee7 qu\u1ea3 t\u01b0\u01a1i ngon ch\u00ednh v\u00ec v\u1eady rau \u0111\u00f4ng l\u1ea1nh th\u01b0\u1eddng \u0111\u01b0\u1ee3c coi l\u00e0 m\u1ed9t l\u1ef1a ch\u1ecdn h\u1ee3p l\u00fd v\u00e0 thu\u1eadn ti\u1ec7n thay th\u1ebf cho rau qu\u1ea3 t\u01b0\u01a1i. Kh\u00f4ng ch\u1ec9 d\u1ec5 chu\u1ea9n b\u1ecb h\u01a1n m\u00e0 rau \u0111\u00f4ng l\u1ea1nh c\u00f2n c\u00f3 th\u1eddi h\u1ea1n s\u1eed d\u1ee5ng l\u00e2u h\u01a1n v\u00e0 c\u00f3 th\u1ec3 t\u00ecm th\u1ea5y quanh n\u0103m.<\/p>\n<p><img decoding=\"async\" class=\"aligncenter\" src=\"https:\/\/havamall.vn\/wp-content\/uploads\/2021\/12\/iStock-804682242.jpg\" alt=\"Are Frozen Vegetables as Healthy as Fresh Produce?\" width=\"761\" height=\"508\" \/><\/p>\n<p><span style=\"font-weight: 400\">Rau c\u1ee7 h\u1ed7n h\u1ee3p V-Safefood kh\u00f4ng ch\u1ec9 ngon, b\u1ed5 d\u01b0\u1ee1ng m\u00e0 m\u00e0u s\u1eafc c\u00f2n c\u1ef1c k\u1ef3 b\u1eaft m\u1eaft v\u00e0 l\u00f4i cu\u1ed1n v\u1edbi m\u00e0u xanh c\u1ee7a \u0111\u1eadu h\u00e0 lan xen l\u1eabn m\u00e0u v\u00e0ng c\u1ee7a ng\u00f4 m\u1ef9 \u0111i\u1ec3m th\u00eam ch\u00fat m\u00e0u cam c\u1ee7a c\u00e0 r\u1ed1t, m\u00e0u v\u00e0ng nh\u1ea1t c\u1ee7a khoai t\u00e2y t\u1ea1o n\u00ean m\u00e0u s\u1eafc th\u00fa v\u1ecb tr\u00ean m\u00e2m c\u01a1m quen thu\u1ed9c h\u00e0ng ng\u00e0y.\u00a0S\u1ea3n ph\u1ea9m Rau h\u1ed7n h\u1ee3p \u0111\u00f4ng l\u1ea1nh V-Safefood gi\u00fap ti\u1ebft ki\u1ec7m t\u1ed1i \u0111a th\u1eddi gian ch\u1ebf bi\u1ebfn. S\u1ea3n ph\u1ea9m l\u00e0 s\u1ef1 l\u1ef1a ch\u1ecdn tin c\u1eady cho c\u00e1c b\u00e0 n\u1ed9i tr\u1ee3.<\/span><\/p>\n<p><img decoding=\"async\" class=\"wp-image-20718 aligncenter\" src=\"https:\/\/havamall.vn\/wp-content\/uploads\/2021\/07\/cdcdc\u01b0d-300x167.png\" alt=\"\" width=\"761\" height=\"424\" srcset=\"https:\/\/havamall.vn\/wp-content\/uploads\/2021\/07\/cdcdc\u01b0d-300x167.png 300w, https:\/\/havamall.vn\/wp-content\/uploads\/2021\/07\/cdcdc\u01b0d-430x239.png 430w, https:\/\/havamall.vn\/wp-content\/uploads\/2021\/07\/cdcdc\u01b0d-150x83.png 150w, https:\/\/havamall.vn\/wp-content\/uploads\/2021\/07\/cdcdc\u01b0d-700x389.png 700w, https:\/\/havamall.vn\/wp-content\/uploads\/2021\/07\/cdcdc\u01b0d-768x427.png 768w, https:\/\/havamall.vn\/wp-content\/uploads\/2021\/07\/cdcdc\u01b0d-1024x569.png 1024w, https:\/\/havamall.vn\/wp-content\/uploads\/2021\/07\/cdcdc\u01b0d-1200x667.png 1200w, https:\/\/havamall.vn\/wp-content\/uploads\/2021\/07\/cdcdc\u01b0d-600x334.png 600w, https:\/\/havamall.vn\/wp-content\/uploads\/2021\/07\/cdcdc\u01b0d.png 1252w\" sizes=\"(max-width: 761px) 100vw, 761px\" \/><\/p>\n<p><span style=\"font-weight: 400\">V\u1edbi rau c\u1ee7 h\u1ed7n h\u1ee3p \u0111\u00f4ng l\u1ea1nh V-Safefood t\u1eeb nay b\u1ea1n c\u00f3 th\u1ec3 n\u1ea5u c\u00e1c m\u00f3n h\u1ea5p, x\u00e0o v\u00e0 n\u1ea5u s\u00fap\u2026,b\u1ea1n c\u00f3 th\u1ec3 ch\u1ebf bi\u1ebfn c\u00e1c m\u00f3n \u0103n t\u1ea1i gia m\u1ed9t c\u00e1ch nhanh ch\u00f3ng v\u00e0 ti\u1ec7n l\u1ee3i.<\/span><\/p>\n<p><span style=\"font-weight: 400\">S\u1ea3n ph\u1ea9m l\u00e0 s\u1ef1 l\u1ef1a ch\u1ecdn tin c\u1eady cho c\u00e1c b\u00e0 n\u1ed9i tr\u1ee3. S\u1ea3n ph\u1ea9m c\u00f3 h\u01b0\u01a1ng v\u1ecb th\u01a1m ngon v\u00e0 h\u1ea5p d\u1eabn t\u1eeb nh\u1eefng nguy\u00ean li\u1ec7u t\u1ef1 nhi\u00ean, v\u1ecb ng\u1ecdt d\u1ecbu c\u1ee7a c\u00e1c lo\u1ea1i rau c\u1ee7, gi\u1eef \u0111\u01b0\u1ee3c h\u01b0\u01a1ng v\u1ecb \u0111\u1eb7c tr\u01b0ng cho c\u00e1c m\u00f3n \u0103n.<\/span><\/p>\n<p><img loading=\"lazy\" decoding=\"async\" class=\"wp-image-20717 aligncenter\" src=\"https:\/\/havamall.vn\/wp-content\/uploads\/2021\/07\/VDFC-237x300.png\" alt=\"\" width=\"752\" height=\"951\" srcset=\"https:\/\/havamall.vn\/wp-content\/uploads\/2021\/07\/VDFC-237x300.png 237w, https:\/\/havamall.vn\/wp-content\/uploads\/2021\/07\/VDFC-430x544.png 430w, https:\/\/havamall.vn\/wp-content\/uploads\/2021\/07\/VDFC-150x190.png 150w, https:\/\/havamall.vn\/wp-content\/uploads\/2021\/07\/VDFC-700x886.png 700w, https:\/\/havamall.vn\/wp-content\/uploads\/2021\/07\/VDFC-768x972.png 768w, https:\/\/havamall.vn\/wp-content\/uploads\/2021\/07\/VDFC-809x1024.png 809w, https:\/\/havamall.vn\/wp-content\/uploads\/2021\/07\/VDFC-600x760.png 600w, https:\/\/havamall.vn\/wp-content\/uploads\/2021\/07\/VDFC.png 1078w\" sizes=\"(max-width: 752px) 100vw, 752px\" \/><\/p>\n<p><span style=\"font-weight: 400\">Ch\u1ec9 v\u1edbi m\u1ed9t g\u00f3i Rau C\u1ee7 H\u1ed7n H\u1ee3p<\/span> <span style=\"font-weight: 400\">b\u1ea1n \u0111\u00e3 c\u00f3 th\u1ec3 n\u1ea5u s\u00fap, chi\u00ean c\u01a1m, b\u1ecf v\u00e0o b\u00e1nh g\u1ea1o, m\u00ec cay, v.v.. \u0110\u1ed9 \u0111a d\u1ea1ng gi\u1eefa nhi\u1ec1u lo\u1ea1i h\u1ea1t s\u1ebd gi\u00fap th\u1ef1c kh\u00e1ch \u0111\u1ee1 ng\u00e1n h\u01a1n khi d\u00f9ng.<\/span><\/p>\n<h4><strong>H\u01b0\u1edbng d\u1eabn s\u1eed d\u1ee5ng:<\/strong><\/h4>\n<p>\u2013 Kh\u00f4ng c\u1ea7n r\u00e3 \u0111\u00f4ng tr\u01b0\u1edbc khi d\u00f9ng<\/p>\n<p>\u2013\u00a0 D\u00f9ng chi\u00ean, x\u00e0o, n\u1ea5u s\u00fap ho\u1eb7c ch\u1ebf bi\u1ebfn c\u00e1c m\u00f3n t\u00f9y th\u00edch<\/p>\n<p>\u2013 C\u00f3 th\u1ec3 d\u00f9ng ch\u1ebf bi\u1ebfn m\u00f3n chay<\/p>\n<p><img loading=\"lazy\" decoding=\"async\" class=\"wp-image-20720 aligncenter\" src=\"https:\/\/havamall.vn\/wp-content\/uploads\/2021\/07\/dewx-300x169.png\" alt=\"\" width=\"758\" height=\"427\" srcset=\"https:\/\/havamall.vn\/wp-content\/uploads\/2021\/07\/dewx-300x169.png 300w, https:\/\/havamall.vn\/wp-content\/uploads\/2021\/07\/dewx-430x242.png 430w, https:\/\/havamall.vn\/wp-content\/uploads\/2021\/07\/dewx-150x85.png 150w, https:\/\/havamall.vn\/wp-content\/uploads\/2021\/07\/dewx-700x394.png 700w, https:\/\/havamall.vn\/wp-content\/uploads\/2021\/07\/dewx-768x433.png 768w, https:\/\/havamall.vn\/wp-content\/uploads\/2021\/07\/dewx-1024x577.png 1024w, https:\/\/havamall.vn\/wp-content\/uploads\/2021\/07\/dewx.png 1200w, https:\/\/havamall.vn\/wp-content\/uploads\/2021\/07\/dewx-600x338.png 600w\" sizes=\"(max-width: 758px) 100vw, 758px\" \/><\/p>\n<h4><strong>C\u00f4ng d\u1ee5ng c\u1ee7a s\u1ea3n ph\u1ea9m:<\/strong><\/h4>\n<p>&#8211; V\u1edbi h\u00e0m l\u01b0\u1ee3ng ch\u1ea5t x\u01a1 v\u00e0 dinh d\u01b0\u1ee1ng cao rau h\u1ed7n h\u1ee3p r\u1ea5t t\u1ed1t cho s\u1ee9c kh\u1ecfe gi\u00fap ch\u1ed1ng oxy h\u00f3a,<\/p>\n<p>&#8211; Gi\u00fap \u00e1ng m\u1eaft nh\u1edd th\u00e0nh ph\u1ea7n vitamin A<\/p>\n<p>&#8211; Gi\u1ea3m nguy c\u01a1 g\u00e2y ung th\u01b0, h\u1ed7 tr\u1ee3 cho s\u1ee9c kh\u1ecfe tim m\u1ea1ch<\/p>\n<p>&#8211; T\u0103ng c\u01b0\u1eddng h\u1ec7 mi\u1ec5n d\u1ecbch v\u00e0 \u0111i\u1ec1u tr\u1ecb t\u00e1o b\u00f3n, ki\u1ec3m so\u00e1t b\u1ec7nh ti\u1ec3u \u0111\u01b0\u1eddng.<\/p>\n<p>S\u1ea3n ph\u1ea9m hi\u1ec7n \u0111\u00e3 c\u00f3 m\u1eb7t t\u1ea1i Havamall.<\/p>","protected":false},"excerpt":{"rendered":"<p>S\u1ea3n ph\u1ea9m Rau h\u1ed7n h\u1ee3p \u0111\u00f4ng l\u1ea1nh V-Safefood \u0111\u00e3 \u0111\u01b0\u1ee3c s\u01a1 ch\u1ebf s\u1eb5n theo d\u00e2y chuy\u1ec1n hi\u1ec7n \u0111\u1ea1i, \u0111\u1ea3m b\u1ea3o<\/p>","protected":false},"featured_media":24301,"comment_status":"open","ping_status":"closed","template":"","meta":[],"product_brand":[],"product_cat":[275,130,36],"product_tag":[],"class_list":{"0":"post-24300","1":"product","2":"type-product","3":"status-publish","4":"has-post-thumbnail","6":"product_cat-thuc-pham-dong-lanh","7":"product_cat-khuyen-mai","8":"product_cat-thuc-pham-tieu-dung","9":"pa_brand-v-safefood","11":"first","12":"outofstock","13":"sale","14":"shipping-taxable","15":"purchasable","16":"product-type-simple"},"_links":{"self":[{"href":"https:\/\/havamall.vn\/en\/wp-json\/wp\/v2\/product\/24300"}],"collection":[{"href":"https:\/\/havamall.vn\/en\/wp-json\/wp\/v2\/product"}],"about":[{"href":"https:\/\/havamall.vn\/en\/wp-json\/wp\/v2\/types\/product"}],"replies":[{"embeddable":true,"href":"https:\/\/havamall.vn\/en\/wp-json\/wp\/v2\/comments?post=24300"}],"version-history":[{"count":0,"href":"https:\/\/havamall.vn\/en\/wp-json\/wp\/v2\/product\/24300\/revisions"}],"wp:featuredmedia":[{"embeddable":true,"href":"https:\/\/havamall.vn\/en\/wp-json\/wp\/v2\/media\/24301"}],"wp:attachment":[{"href":"https:\/\/havamall.vn\/en\/wp-json\/wp\/v2\/media?parent=24300"}],"wp:term":[{"taxonomy":"product_brand","embeddable":true,"href":"https:\/\/havamall.vn\/en\/wp-json\/wp\/v2\/product_brand?post=24300"},{"taxonomy":"product_cat","embeddable":true,"href":"https:\/\/havamall.vn\/en\/wp-json\/wp\/v2\/product_cat?post=24300"},{"taxonomy":"product_tag","embeddable":true,"href":"https:\/\/havamall.vn\/en\/wp-json\/wp\/v2\/product_tag?post=24300"}],"curies":[{"name":"wp","href":"https:\/\/api.w.org\/{rel}","templated":true}]}}