{"id":24286,"date":"2021-12-07T17:10:44","date_gmt":"2021-12-07T10:10:44","guid":{"rendered":"https:\/\/havamall.vn\/?post_type=product&#038;p=24286"},"modified":"2025-10-14T08:57:07","modified_gmt":"2025-10-14T01:57:07","slug":"trai-phuc-bon-tu-do-dong-lanh-v-safefood-1kg-frozen-raspberries","status":"publish","type":"product","link":"https:\/\/havamall.vn\/en\/shop\/trai-phuc-bon-tu-do-dong-lanh-v-safefood-1kg-frozen-raspberries\/","title":{"rendered":"Tr\u00e1i Ph\u00fac B\u1ed3n T\u1eed \u0110\u1ecf \u0110\u00f4ng L\u1ea1nh V-Safefood 1kg \u2013 Frozen Raspberry"},"content":{"rendered":"<p>Ph\u00fac b\u1ed3n t\u1eed\u00a0hay c\u00f2n g\u1ecdi l\u00e0 Qu\u1ea3 m\u00e2m x\u00f4i l\u00e0 m\u1ed9t lo\u1ea1i c\u00e2y thu\u1ed9c h\u1ecd d\u00e2u, qu\u1ea3 c\u00f3 m\u00e0u \u0111\u1ecf s\u1eabm, c\u00f3 v\u1ecb ng\u1ecdt nh\u1ea1t v\u00e0 h\u01a1i chua. Trong qu\u1ea3 c\u00f3 ch\u1ee9a c\u00e1c acid h\u1eefu c\u01a1, ch\u1ee7 y\u1ebfu l\u00e0 acid citric, malic, salycilic v\u00e0 nhi\u1ec1u h\u1ee3p ch\u1ea5t, vitamin b\u1ed5 d\u01b0\u1ee1ng kh\u00e1c.<\/p>\n<p>Ph\u00fac b\u1ed3n t\u1eed \u0111\u1ecf \u0111\u00f4ng l\u1ea1nh V-Safefood lu\u00f4n \u0111\u01b0\u1ee3c \u0111\u00f4ng l\u1ea1nh ngay trong ng\u00e0y thu ho\u1ea1ch, b\u1ea3o to\u00e0n c\u00e1c ch\u1ea5t dinh d\u01b0\u1ee1ng t\u1ef1 nhi\u00ean v\u00e0 ch\u1ea5t ch\u1ed1ng oxy h\u00f3a m\u1ed9t c\u00e1ch tr\u1ecdn v\u1eb9n nh\u1ea5t. T\u1eebng qu\u1ea3 s\u1ebd \u0111\u01b0\u1ee3c h\u00e1i xu\u1ed1ng khi \u0111\u1ea1t \u0111\u1ed9 ch\u00ednh ho\u00e0n h\u1ea3o nh\u1ea5t v\u00e0 \u0111\u01b0\u1ee3c \u0111\u01b0a v\u00e0o quy tr\u00ecnh b\u1ea3o qu\u1ea3n c\u1ea5p t\u1ed1c trong 48 gi\u1edd \u0111\u1ec3 gi\u1eef \u0111\u01b0\u1ee3c h\u01b0\u01a1ng v\u1ecb tuy\u1ec7t v\u1eddi c\u1ee7a tr\u00e1i c\u00e2y t\u01b0\u01a1i.<\/p>\n<p><img fetchpriority=\"high\" decoding=\"async\" class=\"wp-image-24287 aligncenter\" src=\"https:\/\/havamall.com\/wp-content\/uploads\/2025\/10\/fr4-300x300.png\" alt=\"\" width=\"808\" height=\"808\" \/><\/p>\n<h3><strong>H\u01b0\u1edbng d\u1eabn s\u1eed d\u1ee5ng:<\/strong><\/h3>\n<p>\u2013 L\u1ea5y l\u01b0\u1ee3ng v\u1eeba \u0111\u1ee7 d\u00f9ng \u0111\u1ec3 ra ngo\u00e0i cho gi\u00e3 \u0111\u00f4ng r\u1ed3i d\u00f9ng ngay. Ho\u1eb7c c\u00f3 th\u1ec3 \u0111\u1ec3 xu\u1ed1ng ng\u0103n m\u00e1t t\u1ee7 l\u1ea1nh (kho\u1ea3ng 1-3 \u0111\u1ed9 C) r\u1ed3i d\u00f9ng d\u1ea7n trong v\u00f2ng 3 ng\u00e0y sau \u0111\u00f3.<\/p>\n<p>\u2013 Qu\u1ea3 m\u00e2m x\u00f4i \u0111\u00f4ng l\u1ea1nh \u0111\u01b0\u1ee3c d\u00f9ng nh\u01b0 tr\u00e1i c\u00e2y t\u01b0\u01a1i b\u00ecnh th\u01b0\u1eddng: \u0103n k\u00e8m s\u1eefa chua, xay sinh t\u1ed1, l\u00e0m m\u1ee9t, l\u00e0m b\u00e1nh,\u2026ho\u1eb7c d\u00f9ng l\u00e0m n\u01b0\u1edbc s\u1ed1t cho c\u00e1c m\u00f3n \u0103n T\u00e2y \u0111\u1ec1u r\u1ea5t ngon v\u00e0 b\u1ed5 d\u01b0\u1ee1ng.<\/p>\n<p><img decoding=\"async\" class=\"wp-image-24288 aligncenter\" src=\"https:\/\/havamall.com\/wp-content\/uploads\/2025\/10\/Frozen_-300x300.png\" alt=\"\" width=\"817\" height=\"818\" \/><\/p>\n<h3><strong>L\u1ee3i \u00edch s\u1ee9c kh\u1ecfe c\u1ee7a ph\u00fac b\u1ed3n t\u1eed \u0111\u1ecf:<\/strong><\/h3>\n<h5><em><span id=\"1_Rat_tot_cho_benh_nhan_tieu_duong\" class=\"ez-toc-section\"><strong>&gt; R\u1ea5t t\u1ed1t cho b\u1ec7nh nh\u00e2n ti\u1ec3u \u0111\u01b0\u1eddng<\/strong><\/span><\/em><\/h5>\n<p>C\u00f3 th\u1ec3 n\u00f3i ph\u00fac b\u1ed3n t\u1eed \u0111\u01b0\u1ee3c x\u1ebfp h\u00e0ng th\u01b0\u1ee3ng ph\u1ea9m trong bi\u1ec3u \u0111\u1ed3 \u0111\u00e1nh gi\u00e1 th\u1ef1c ph\u1ea9m, nhi\u1ec1u l\u1ee3i \u00edch h\u01a1n d\u00e2u t\u00e2y, vi\u1ec7t qu\u1ea5t (blueberry), nho \u0111en (black grape), anh \u0111\u00e0o (cherry)\u2026 v\u00ec ngo\u00e0i c\u00e1c vitamin, kho\u00e1ng t\u1ed1, n\u00f3 c\u00f2n l\u00e0 ngu\u1ed3n ch\u1ea5t x\u01a1 gi\u00fap \u1ed5n \u0111\u1ecbnh \u0111\u01b0\u1eddng huy\u1ebft n\u00ean r\u1ea5t t\u1ed1t cho b\u1ec7nh nh\u00e2n ti\u1ec3u \u0111\u01b0\u1eddng.<\/p>\n<h5><em><span id=\"2_Chong_lao_hoa_ung_thu_tieu_duong_khang_khuan\" class=\"ez-toc-section\"><strong>&gt; Ch\u1ed1ng l\u00e3o ho\u00e1, ung th\u01b0, ti\u1ec3u \u0111\u01b0\u1eddng, kh\u00e1ng khu\u1ea9n<\/strong><\/span><\/em><\/h5>\n<p>Ellagitannin trong ph\u00fac b\u1ed3n t\u1eed \u0111\u01b0\u1ee3c ch\u1ee9ng minh c\u00f3 t\u00e1c d\u1ee5ng ch\u1ed1ng l\u00e3o ho\u00e1 50% m\u1ea1nh h\u01a1n d\u00e2u t\u00e2y, g\u1ea5p ba l\u1ea7n tr\u00e1i kiwi, g\u1ea5p m\u01b0\u1eddi l\u1ea7n c\u00e0 chua. V\u1edbi t\u00e1c d\u1ee5ng hi\u1ec7p l\u1ef1c c\u1ee7a vitamin C v\u00e0 anthocyanin, kh\u1ea3 n\u0103ng ch\u1ed1ng \u00f4xy ho\u00e1 v\u00e0 ng\u0103n ng\u1eeba ung th\u01b0 c\u1ee7a ph\u00fac b\u1ed3n t\u1eed \u0111\u01b0\u1ee3c gia t\u0103ng g\u1ea5p \u0111\u00f4i, lo\u1ea1i tr\u1eeb \u0111\u01b0\u1ee3c c\u00e1c g\u1ed1c t\u1ef1 do l\u00e0m thay \u0111\u1ed5i c\u1ea5u tr\u00fac ADN c\u1ee7a t\u1ebf b\u00e0o. Vitamin C v\u00e0 flavonoid c\u00f2n g\u00f3p ph\u1ea7n kh\u00e1ng vi\u00eam v\u00e0 kh\u00e1ng khu\u1ea9n m\u1ea1nh, v\u00e0 t\u00e1c d\u1ee5ng n\u00e0y kh\u00f4ng b\u1ecb gi\u1ea3m \u0111i khi s\u1eed d\u1ee5ng ph\u00fac b\u1ed3n t\u1eed \u0111\u00e3 \u0111\u01b0\u1ee3c \u0111\u00f4ng l\u1ea1nh.<\/p>\n<p><img decoding=\"async\" class=\"wp-image-24289 aligncenter\" src=\"https:\/\/havamall.com\/wp-content\/uploads\/2025\/10\/159438-300x300.png\" alt=\"\" width=\"813\" height=\"813\" \/><\/p>\n<h5><em><span id=\"3_Bao_ve_thi_luc\" class=\"ez-toc-section\"><strong>&gt; B\u1ea3o v\u1ec7 th\u1ecb l\u1ef1c<\/strong><\/span><\/em><\/h5>\n<p>Theo c\u00e1c s\u1ed1 li\u1ec7u \u0111\u01b0\u1ee3c c\u00f4ng b\u1ed1 trong Archives of Ophthalmology th\u00ec 36% ng\u01b0\u1eddi l\u1edbn sau 50 tu\u1ed5i th\u01b0\u1eddng b\u1ecb ch\u1ee9ng tho\u00e1i ho\u00e1 \u0111i\u1ec3m v\u00e0ng m\u00e0 nguy\u00ean nh\u00e2n ch\u00ednh l\u00e0 \u0103n kh\u00f4ng \u0111\u1ee7 l\u01b0\u1ee3ng tr\u00e1i c\u00e2y c\u1ea7n thi\u1ebft m\u1ed7i ng\u00e0y. Nghi\u00ean c\u1ee9u \u0111\u00e1nh gi\u00e1 tr\u00ean 110.000 ph\u1ee5 n\u1eef v\u00e0 nam gi\u1edbi cho th\u1ea5y m\u1ed9t nh\u00f3m c\u1ea7n ph\u1ea3i \u0103n ba kh\u1ea9u ph\u1ea7n g\u1ed3m rau c\u1ee7 v\u00e0 tr\u00e1i c\u00e2y m\u1ed7i ng\u00e0y m\u1edbi \u0111\u1ee7 ch\u1ea5t b\u1ea3o v\u1ec7 th\u1ecb l\u1ef1c, v\u00e0 m\u1ed9t nh\u00f3m ch\u1ec9 c\u1ea7n \u0103n m\u1ed9t mu\u1ed7ng b\u1ed9t ph\u00fac b\u1ed3n t\u1eed th\u00ec \u0111\u00e3 \u0111\u1ea7y \u0111\u1ee7 c\u00e1c carotenoid, vitamin A, C, E v\u00e0 c\u00e1c kho\u00e1ng t\u1ed1 vi l\u01b0\u1ee3ng nh\u01b0 Cu, Zn, l\u00e0 nh\u1eefng th\u00e0nh ph\u1ea7n gi\u00fap lo\u1ea1i tr\u1eeb c\u00e1c g\u1ed1c t\u1ef1 do g\u00e2y h\u1ea1i cho v\u00f5ng m\u1ea1c.<\/p>\n<h5><em><span id=\"4_Chong_roi_loan_cuong_duong_chua_liet_duong\" class=\"ez-toc-section\"><strong>&gt; Ch\u1ed1ng r\u1ed1i lo\u1ea1n c\u01b0\u01a1ng d\u01b0\u01a1ng, ch\u1eefa li\u1ec7t d\u01b0\u01a1ng<\/strong><\/span><\/em><\/h5>\n<p>C\u00e1c nh\u00e0 nghi\u00ean c\u1ee9u \u1edf M\u1ef9 ch\u1ee9ng minh r\u1eb1ng ph\u00fac b\u1ed3n t\u1eed gi\u00fap c\u1ea3i thi\u1ec7n vi tu\u1ea7n ho\u00e0n \u1edf d\u01b0\u01a1ng v\u1eadt, gi\u00fap th\u1ea7n kinh h\u01b0ng ph\u1ea5n l\u00e0m d\u01b0\u01a1ng v\u1eadt m\u1ec1m y\u1ebfu s\u1ebd c\u01b0\u01a1ng tr\u1edf l\u1ea1i. Y h\u1ecdc c\u1ed5 truy\u1ec1n c\u0169ng s\u1eed d\u1ee5ng th\u1ea3o d\u01b0\u1ee3c n\u00e0y \u0111\u1ec3 l\u00e0m thu\u1ed1c b\u1ed5 can minh m\u1ee5c, \u00edch th\u1eadn tr\u1ee3 d\u01b0\u01a1ng, b\u1ed5 huy\u1ebft, ch\u1eefa li\u1ec7t d\u01b0\u01a1ng di tinh, xu\u1ea5t tinh s\u1edbm, m\u1eaft m\u1edd, ph\u1ee5 n\u1eef kinh nguy\u1ec7t kh\u00f4ng \u0111\u1ec1u, th\u1eadn suy, ti\u1ec3u ti\u1ec7n nhi\u1ec1u.<\/p>\n<p><img loading=\"lazy\" decoding=\"async\" class=\"wp-image-24290 aligncenter\" src=\"https:\/\/havamall.com\/wp-content\/uploads\/2025\/10\/triple-300x200.png\" alt=\"\" width=\"808\" height=\"538\" \/><\/p>\n<h5><em><span id=\"5_Giup_dep_da_den_toc\" class=\"ez-toc-section\"><strong>&gt; Gi\u00fap \u0111\u1eb9p da, \u0111en t\u00f3c<\/strong><\/span><\/em><\/h5>\n<p>Vitamin E, carotenoid v\u00e0 c\u00e1c ch\u1ea5t flavonoid trong ph\u00fac b\u1ed3n t\u1eed c\u00f3 t\u00e1c d\u1ee5ng gi\u1ea3i d\u1ecb \u1ee9ng, ti\u00eau vi\u00eam, th\u1ea3i \u0111\u1ed9c, b\u1ea3o v\u1ec7 da ch\u1ed1ng l\u1ea1i c\u00e1c tia c\u1ef1c t\u00edm l\u00e0m gi\u1ea3m c\u00e1c v\u1ebft th\u00e2m n\u00e1m tr\u00ean da, gi\u00fap da \u0111\u00e0n h\u1ed3i, t\u0103ng c\u01b0\u1eddng tu\u1ea7n ho\u00e0n \u1edf c\u00e1c mao m\u1ea1ch ngo\u1ea1i vi, th\u00fac \u0111\u1ea9y s\u1ef1 t\u00e1i t\u1ea1o c\u00e1c t\u1ebf b\u00e0o collagen m\u1edbi gi\u00fap da s\u00e1ng \u0111\u1eb9p. C\u00e1c ho\u1ea1t ch\u1ea5t n\u00e0y c\u00f2n ng\u0103n c\u1ea3n s\u1ef1 r\u1ee5ng t\u00f3c, ch\u1eadm b\u1ea1c t\u00f3c.<\/p>\n<h5><em><span id=\"6_Cai_thien_tuan_hoan_nao_chong_roi_loan_tien_man_kinh\" class=\"ez-toc-section\"><strong>&gt; C\u1ea3i thi\u1ec7n tu\u1ea7n ho\u00e0n n\u00e3o, ch\u1ed1ng r\u1ed1i lo\u1ea1n ti\u1ec1n m\u00e3n kinh<\/strong><\/span><\/em><\/h5>\n<p>Nghi\u00ean c\u1ee9u c\u1ee7a m\u1ed9t s\u1ed1 nh\u00e0 khoa h\u1ecdc M\u1ef9 c\u00f2n cho th\u1ea5y ch\u1ea5t ch\u1ed1ng \u00f4xy ho\u00e1 trong ph\u00fac b\u1ed3n t\u1eed c\u00f3 t\u00e1c d\u1ee5ng ph\u00f2ng ng\u1eeba c\u00e1c g\u1ed1c t\u1ef1 do g\u00e2y t\u1ed5n h\u1ea1i \u0111\u1ebfn n\u00e3o, \u0111\u1ed3ng th\u1eddi t\u0103ng l\u01b0u l\u01b0\u1ee3ng m\u00e1u v\u00e0 \u00f4xy \u0111\u1ebfn n\u00e3o, t\u1eeb \u0111\u00f3 n\u00e2ng cao kh\u1ea3 n\u0103ng ph\u00e1n \u0111o\u00e1n, t\u0103ng tr\u00ed nh\u1edb, s\u1ee9c s\u00e1ng t\u1ea1o. \u0110\u1ed1i v\u1edbi ph\u1ee5 n\u1eef trong giai \u0111o\u1ea1n m\u00e3n kinh ho\u1eb7c r\u1ed1i lo\u1ea1n ti\u1ec1n m\u00e3n kinh, n\u00f3 gi\u00fap gi\u1ea3m stress, gi\u1ea3m c\u00e1c c\u01a1n b\u1ed1c ho\u1ea3 v\u00e0 ch\u00ednh nh\u1eefng ch\u1ea5t sinh h\u1ecdc n\u00e0y \u0111\u00f3ng vai tr\u00f2 hormon thay th\u1ebf g\u00f3p ph\u1ea7n \u0111i\u1ec1u ho\u00e0 l\u01b0\u1ee3ng estrogen b\u1ecb thi\u1ebfu h\u1ee5t trong giai \u0111o\u1ea1n n\u00e0y.<\/p>\n<p>S\u1ea3n\u00a0 ph\u1ea9m hi\u1ec7n \u0111\u00e3 c\u00f3 m\u1eb7t t\u1ea1i Havamall.<\/p>\n<p><img loading=\"lazy\" decoding=\"async\" class=\"wp-image-24291 aligncenter\" src=\"https:\/\/havamall.com\/wp-content\/uploads\/2025\/10\/Frozen-ber-1-300x200.png\" alt=\"\" width=\"823\" height=\"548\" \/><\/p>","protected":false},"excerpt":{"rendered":"<p><b>L\u01afU \u00dd QUAN TR\u1eccNG V\u1ec0 GIAO H\u00c0NG<\/b><\/p>\n<ul>\n<li>\u0110\u1ec3 \u0111\u1ea3m b\u1ea3o ch\u1ea5t l\u01b0\u1ee3ng, c\u00e1c s\u1ea3n ph\u1ea9m tr\u00e1i c\u00e2y \u0111\u00f4ng l\u1ea1nh\u00a0<b>ch\u1ec9 \u0111\u01b0\u1ee3c giao h\u1ecfa t\u1ed1c<\/b>\u00a0trong khu v\u1ef1c\u00a0<strong>TP.HCM<\/strong>.<\/li>\n<li><b>Ph\u00ed ship:<\/b>\n<ul>\n<li>D\u01b0\u1edbi 5km: 30.000\u20ab<\/li>\n<li>Tr\u00ean 5km: Ph\u00ed giao h\u00e0ng s\u1ebd t\u00ednh theo gi\u00e1 c\u1ee7a \u1ee9ng d\u1ee5ng d\u1ecbch v\u1ee5 v\u1eadn chuy\u1ec3n.<\/li>\n<\/ul>\n<\/li>\n<li><b>\u0110\u1ecba ch\u1ec9 c\u1eeda h\u00e0ng:<\/b>\u00a0H\u1ebbm 112, s\u1ed1 114A B\u1ea1ch \u0110\u1eb1ng, Ph\u01b0\u1eddng 2, Qu\u1eadn T\u00e2n B\u00ecnh. B\u1ea1n c\u00f3 th\u1ec3 ki\u1ec3m tra kho\u1ea3ng c\u00e1ch tr\u01b0\u1edbc khi \u0111\u1eb7t h\u00e0ng.<\/li>\n<li><b>Mi\u1ec5n ph\u00ed ship<\/b>\u00a0cho \u0111\u01a1n t\u1eeb 4kg ho\u1eb7c 1.500.000\u20ab.\u00a0<strong><em>RI\u00caNG:<\/em><\/strong>\u00a0H\u1ed7 tr\u1ee3\u00a0<strong><em>t\u1ed1i \u0111a<\/em><\/strong>\u00a0<b>30.000\u20ab<\/b>\u00a0ph\u00ed ship cho \u0111\u01a1n \u0111i c\u00e1c\u00a0<em><strong>khu v\u1ef1c xa nh\u01b0 H\u00f3c M\u00f4n, C\u1ee7 Chi, Qu\u1eadn 9<\/strong><\/em>. Qu\u00fd kh\u00e1ch\u00a0<strong>vui l\u00f2ng chuy\u1ec3n kho\u1ea3n tr\u01b0\u1edbc ti\u1ec1n ship ho\u1eb7c ti\u1ec1n h\u00e0ng.<\/strong><\/li>\n<\/ul>","protected":false},"featured_media":24292,"comment_status":"open","ping_status":"closed","template":"","meta":[],"product_brand":[],"product_cat":[678,36],"product_tag":[],"class_list":{"0":"post-24286","1":"product","2":"type-product","3":"status-publish","4":"has-post-thumbnail","6":"product_cat-trai-cay-dong-lanh","7":"product_cat-thuc-pham-tieu-dung","8":"pa_brand-v-safefood","10":"first","11":"instock","12":"sale","13":"shipping-taxable","14":"purchasable","15":"product-type-simple"},"_links":{"self":[{"href":"https:\/\/havamall.vn\/en\/wp-json\/wp\/v2\/product\/24286"}],"collection":[{"href":"https:\/\/havamall.vn\/en\/wp-json\/wp\/v2\/product"}],"about":[{"href":"https:\/\/havamall.vn\/en\/wp-json\/wp\/v2\/types\/product"}],"replies":[{"embeddable":true,"href":"https:\/\/havamall.vn\/en\/wp-json\/wp\/v2\/comments?post=24286"}],"version-history":[{"count":0,"href":"https:\/\/havamall.vn\/en\/wp-json\/wp\/v2\/product\/24286\/revisions"}],"wp:featuredmedia":[{"embeddable":true,"href":"https:\/\/havamall.vn\/en\/wp-json\/wp\/v2\/media\/24292"}],"wp:attachment":[{"href":"https:\/\/havamall.vn\/en\/wp-json\/wp\/v2\/media?parent=24286"}],"wp:term":[{"taxonomy":"product_brand","embeddable":true,"href":"https:\/\/havamall.vn\/en\/wp-json\/wp\/v2\/product_brand?post=24286"},{"taxonomy":"product_cat","embeddable":true,"href":"https:\/\/havamall.vn\/en\/wp-json\/wp\/v2\/product_cat?post=24286"},{"taxonomy":"product_tag","embeddable":true,"href":"https:\/\/havamall.vn\/en\/wp-json\/wp\/v2\/product_tag?post=24286"}],"curies":[{"name":"wp","href":"https:\/\/api.w.org\/{rel}","templated":true}]}}