{"id":24262,"date":"2021-12-07T15:23:43","date_gmt":"2021-12-07T08:23:43","guid":{"rendered":"https:\/\/havamall.vn\/?post_type=product&#038;p=24262"},"modified":"2026-01-04T15:20:42","modified_gmt":"2026-01-04T08:20:42","slug":"trai-dau-tay-dong-lanh-v-safefood-1kg-frozen-strawberries","status":"publish","type":"product","link":"https:\/\/havamall.vn\/en\/shop\/trai-dau-tay-dong-lanh-v-safefood-1kg-frozen-strawberries\/","title":{"rendered":"Tr\u00e1i D\u00e2u T\u00e2y \u0110\u00f4ng L\u1ea1nh V-Safefood 1kg \u2013 Frozen Strawberries"},"content":{"rendered":"<h3><strong>Th\u00f4ng tin s\u1ea3n ph\u1ea9m<\/strong><\/h3>\n<table>\n<tbody>\n<tr>\n<td>Th\u01b0\u01a1ng hi\u1ec7u<\/td>\n<td><span style=\"font-weight: 400\">V-Safefood<\/span><\/td>\n<\/tr>\n<tr>\n<td>Th\u00e0nh ph\u1ea7n<\/td>\n<td>100% d\u00e2u t\u00e2y \u0111\u00f4ng l\u1ea1nh<\/td>\n<\/tr>\n<tr>\n<td>H\u1ea1n s\u1eed d\u1ee5ng<\/td>\n<td>18 th\u00e1ng k\u1ec3 t\u1eeb ng\u00e0y s\u1ea3n xu\u1ea5t.<\/td>\n<\/tr>\n<tr>\n<td>B\u1ea3o qu\u1ea3n<\/td>\n<td>B\u1ea3o qu\u1ea3n d\u01b0\u1edbi 18\u0ae6C<\/td>\n<\/tr>\n<tr>\n<td>Kh\u1ed1i l\u01b0\u1ee3ng t\u1ecbnh<\/td>\n<td>1kg<\/td>\n<\/tr>\n<\/tbody>\n<\/table>\n<p><span style=\"font-weight: 400\">D\u00e2u t\u00e2y \u0111\u00f4ng l\u1ea1nh V-Safefood l\u00e0 nh\u1eefng qu\u1ea3 d\u00e2u t\u00e2y \u0111\u00e3 qua tuy\u1ec3n ch\u1ecdn k\u1ef9 l\u01b0\u1ee1ng, gi\u1eef \u0111\u01b0\u1ee3c\u00a0 nguy\u00ean v\u1eb9n \u0111\u1ed9 t\u01b0\u01a1i ngon c\u1ee7a tr\u00e1i c\u00e2y t\u01b0\u01a1i. Nh\u1eefng qu\u1ea3 d\u00e2u t\u00e2y ch\u00edn m\u1ecdng ngon nh\u1ea5t \u0111\u01b0\u1ee3c ch\u1ecdn l\u1ecdc k\u1ef9 c\u00e0ng v\u00e0 c\u1ea5p \u0111\u00f4ng nhanh. Nh\u1edd \u0111\u00f3, b\u1ea1n c\u00f3 th\u1ec3 th\u01b0\u1edfng th\u1ee9c k\u1ebft c\u1ea5u x\u1ed1p v\u00e0 gi\u00f2n c\u1ee7a c\u00f9i d\u00e2u t\u00e2y v\u00e0 n\u01b0\u1edbc ng\u1ecdt trong m\u1ed9t th\u1eddi gian d\u00e0i. D\u00e2u t\u00e2y \u0111\u00f4ng l\u1ea1nh m\u00e1t l\u1ea1nh r\u1ea5t t\u1ed1t cho m\u00f3n tr\u00e1ng mi\u1ec7ng l\u00e0nh m\u1ea1nh c\u1ee7a tr\u1ebb em, b\u1ea1n c\u0169ng c\u00f3 th\u1ec3 \u0111\u01b0\u1ee3c \u0103n nh\u01b0 d\u00e2u t\u00e2y l\u1eafc v\u1edbi s\u1eefa ho\u1eb7c m\u1eadt ong.<\/span><\/p>\n<p><img fetchpriority=\"high\" decoding=\"async\" class=\"wp-image-24264 aligncenter\" src=\"https:\/\/havamall.vn\/wp-content\/uploads\/2025\/03\/How-to-300x300.png\" alt=\"\" width=\"810\" height=\"810\" \/><\/p>\n<p><span style=\"font-weight: 400\">D\u00e2u t\u00e2y c\u00f3 \u00edt calo v\u00e0 ch\u1ea5t b\u00e9o nh\u01b0ng l\u1ea1i gi\u00e0u d\u01b0\u1ee1ng ch\u1ea5t, kho\u00e1ng ch\u1ea5t v\u00e0 vitamin. D\u00e2u t\u00e2y c\u00f3 h\u00e0m l\u01b0\u1ee3ng cao anthocyanin v\u00e0 acid ellagic. Nghi\u00ean c\u1ee9u khoa h\u1ecdc cho th\u1ea5y \u0103n nhi\u1ec1u qu\u1ea3 d\u00e2u t\u00e2y c\u00f3 l\u1ee3i cho s\u1ee9c kh\u1ecfe v\u00e0 ch\u1ed1ng l\u1ea1i m\u1ed9t s\u1ed1 b\u1ec7nh nh\u01b0 ung th\u01b0, l\u00e3o h\u00f3a, vi\u00eam v\u00e0 b\u1ec7nh th\u1ea7n kinh.<\/span><\/p>\n<p><img decoding=\"async\" class=\"wp-image-24265 aligncenter\" src=\"https:\/\/havamall.vn\/wp-content\/uploads\/2025\/03\/Smoo-300x200.png\" alt=\"\" width=\"803\" height=\"536\" \/><\/p>\n<p><span style=\"font-weight: 400\">D\u00e2u t\u00e2y l\u00e0 ngu\u1ed3n cung c\u1ea5p vitamin C, \u0111\u00f3 c\u0169ng l\u00e0 m\u1ed9t ch\u1ea5t ch\u1ed1ng oxy h\u00f3a t\u1ef1 nhi\u00ean m\u1ea1nh m\u1ebd. \u0102n c\u00e1i c\u00e2y gi\u00e0u vitamin C gi\u00fap c\u01a1 th\u1ec3 ph\u00e1t tri\u1ec3n s\u1ee9c \u0111\u1ec1 kh\u00e1ng ch\u1ed1ng l\u1ea1i c\u00e1c t\u00e1c nh\u00e2n truy\u1ec1n nhi\u1ec5m.<\/span><\/p>\n<p><span style=\"font-weight: 400\">Tr\u00e1i d\u00e2u t\u00e2y ch\u1ee9a m\u1ed9t l\u01b0\u1ee3ng cao vitamin B-6, niacin, riboflavin, pantothenic acid v\u00e0 acid folic. C\u00e1c vitamin n\u00e0y l\u00e0 y\u1ebfu t\u1ed1 c\u0103n b\u1ea3n gi\u00fap c\u01a1 th\u1ec3 chuy\u1ec3n h\u00f3a carbohydrate, protein v\u00e0 ch\u1ea5t b\u00e9o.<\/span><\/p>\n<p><img decoding=\"async\" class=\"wp-image-20063 aligncenter\" src=\"https:\/\/havamall.vn\/wp-content\/uploads\/2025\/03\/asfdsc-225x300.jpg\" alt=\"\" width=\"785\" height=\"1046\" \/><\/p>\n<p><span style=\"font-weight: 400\">D\u00e2u t\u00e2y c\u00f3 ch\u1ee9a vitamin A, vitamin E v\u00e0 th\u00fac \u0111\u1ea9y qu\u00e1 tr\u00ecnh s\u1ea3n sinh c\u00e1c ch\u1ea5t ch\u1ed1ng oxy h\u00f3a phenolic nh\u01b0 lutein, Zea-xanthin v\u00e0 beta-carotene. C\u00e1c h\u1ee3p ch\u1ea5t n\u00e0y gi\u00fap l\u00e0m gi\u1ea3m qu\u00e1 tr\u00ecnh l\u00e3o h\u00f3a v\u00e0 b\u1ec7nh t\u1eadt kh\u00e1c nhau.<\/span><\/p>\n<p><span style=\"font-weight: 400\">D\u00e2u t\u00e2y \u0111\u00f4ng l\u1ea1nh V-Safefood ch\u1ee9a v\u1ecb ng\u1ecdt c\u1ee7a d\u00e2u t\u00e2y ch\u00edn \u0111\u1ecf. Khi n\u00f3 ch\u00edn ngon nh\u1ea5t, b\u1ea1n c\u00f3 th\u1ec3 nhanh ch\u00f3ng s\u1eed d\u1ee5ng ngay khi c\u00f2n \u0111\u00f4ng l\u1ea1nh, \u0111\u1ec3 c\u00f3 th\u1ec3 c\u1ea3m nh\u1eadn \u0111\u01b0\u1ee3c h\u01b0\u01a1ng v\u1ecb v\u00e0 m\u00f9i th\u01a1m c\u1ee7a qu\u1ea3 ng\u1ecdt nh\u01b0 v\u1ed1n c\u00f3.\u00a0<\/span><\/p>\n<p><img loading=\"lazy\" decoding=\"async\" class=\"wp-image-24266 aligncenter\" src=\"https:\/\/havamall.vn\/wp-content\/uploads\/2025\/03\/Frozen-300x300.png\" alt=\"\" width=\"790\" height=\"789\" \/><\/p>\n<p><span style=\"font-weight: 400\">\u0110\u00f4ng l\u1ea1nh d\u00e2u t\u00e2y l\u00e0 m\u1ed9t c\u00e1ch tuy\u1ec7t v\u1eddi \u0111\u1ec3 th\u01b0\u1edfng th\u1ee9c h\u01b0\u01a1ng v\u1ecb th\u01a1m ngon c\u1ee7a nh\u1eefng qu\u1ea3 d\u00e2u t\u00e2y t\u01b0\u01a1i k\u1ec3 c\u1ea3 khi \u0111\u00e3 h\u1ebft m\u00f9a. C\u00f3 r\u1ea5t nhi\u1ec1u c\u00e1ch \u0111\u00f4ng l\u1ea1nh d\u00e2u t\u00e2y t\u01b0\u01a1i \u0111\u1ec3 \u0103n ho\u1eb7c s\u1eed d\u1ee5ng sau. B\u1ea1n c\u00f3 th\u1ec3 d\u1ec5 d\u00e0ng \u0111\u00f4ng l\u1ea1nh d\u00e2u t\u00e2y t\u01b0\u01a1i nguy\u00ean qu\u1ea3 ho\u1eb7c c\u1eaft l\u00e1t sao cho kh\u00f4ng b\u1ecb d\u00ednh b\u1eb1ng c\u00e1ch x\u1ebfp ch\u00fang r\u1eddi nhau tr\u00ean khay tr\u01b0\u1edbc khi cho v\u00e0o t\u1ee7 \u0111\u00f4ng. N\u1ebfu b\u1ea1n mu\u1ed1n d\u00e2u t\u00e2y c\u00f3 v\u1ecb ng\u1ecdt h\u01a1n, h\u00e3y th\u00eam \u0111\u01b0\u1eddng ho\u1eb7c n\u01b0\u1edbc \u0111\u01b0\u1eddng v\u00e0o d\u00e2u t\u00e2y v\u00e0 \u0111\u00f4ng l\u1ea1nh \u0111\u1ec3 d\u00f9ng khi l\u00e0m b\u00e1nh, l\u00e0m m\u1ee9t ho\u1eb7c pha cocktail.<\/span><\/p>\n<p><img loading=\"lazy\" decoding=\"async\" class=\"wp-image-24267 aligncenter\" src=\"https:\/\/havamall.vn\/wp-content\/uploads\/2025\/03\/smoothi-300x225.png\" alt=\"\" width=\"795\" height=\"597\" \/><\/p>\n<h3><strong>\u0110\u1eb7c \u0111i\u1ec3m n\u1ed5i b\u1eadt c\u1ee7a s\u1ea3n ph\u1ea9m:<\/strong><\/h3>\n<p><span style=\"font-weight: 400\">&#8211; C\u00f4ng ngh\u1ec7 l\u00e0m l\u1ea1nh nhanh gi\u00fap gi\u1eef nguy\u00ean v\u1eb9n m\u00f9i v\u1ecb v\u00e0 ch\u1ea5t dinh d\u01b0\u1ee1ng c\u00f3 trong qu\u1ea3 d\u00e2u<\/span><\/p>\n<p><span style=\"font-weight: 400\">&#8211; Ti\u1ebft ki\u1ec7m chi ph\u00ed t\u1ed1i \u0111a v\u1edbi bao b\u00ec c\u00f3 kh\u00f3a zipper gi\u00fap b\u1ea3o qu\u1ea3n d\u1ec5 d\u00e0ng h\u01a1n<\/span><\/p>\n<p><span style=\"font-weight: 400\">&#8211; C\u00f3 th\u1ec3 s\u1eed d\u1ee5ng v\u00e0 b\u1ea3o qu\u1ea3n trong th\u1eddi gian d\u00e0i<\/span><\/p>\n<p><img loading=\"lazy\" decoding=\"async\" class=\"wp-image-24268 aligncenter\" src=\"https:\/\/havamall.vn\/wp-content\/uploads\/2025\/03\/optimized-300x225.png\" alt=\"\" width=\"793\" height=\"595\" \/><\/p>\n<h3><strong>L\u1ee3i \u00edch s\u1ee9c kh\u1ecfe c\u1ee7a d\u00e2u t\u00e2y:<\/strong><\/h3>\n<p><span style=\"font-weight: 400\">\u2013 C\u00f3 kh\u1ea3 n\u0103ng b\u1ea3o v\u1ec7 ch\u1ed1ng oxy h\u00f3a m\u1ea1nh \u0111\u01b0\u1ee3c t\u00ecm th\u1ea5y trong Phenol (anthocyanin, anthocyanin 2 v\u00e0 ellagitannin).<\/span><\/p>\n<p><span style=\"font-weight: 400\">\u2013 H\u00e0m l\u01b0\u1ee3ng ellagitannin c\u1ee7a d\u00e2u t\u00e2y th\u1ef1c s\u1ef1 c\u00f3 li\u00ean quan \u0111\u1ebfn vi\u1ec7c gi\u1ea3m t\u1ef7 l\u1ec7 t\u1eed vong do ung th\u01b0.<\/span><\/p>\n<p><span style=\"font-weight: 400\">\u2013 C\u00e1c nh\u00e0 nghi\u00ean c\u1ee9u \u0111\u00e3 ph\u00e1t hi\u1ec7n ra r\u1eb1ng d\u00e2u t\u00e2y gi\u00fap b\u1ea3o v\u1ec7 n\u00e3o kh\u1ecfi c\u0103ng th\u1eb3ng oxy h\u00f3a v\u00e0 c\u00f3 th\u1ec3 l\u00e0m gi\u1ea3m t\u00e1c \u0111\u1ed9ng c\u1ee7a s\u1ef1 suy gi\u1ea3m li\u00ean quan \u0111\u1ebfn tu\u1ed5i t\u00e1c trong ch\u1ee9c n\u0103ng n\u00e3o.<\/span><\/p>\n<p><span style=\"font-weight: 400\">\u2013 C\u00e1c nghi\u00ean c\u1ee9u \u0111\u00e3 ch\u1ec9 ra r\u1eb1ng c\u00e1c lo\u1ea1i th\u1ef1c ph\u1ea9m gi\u00e0u vitamin C, ch\u1eb3ng h\u1ea1n nh\u01b0 D\u00e2u t\u00e2y, cung c\u1ea5p cho con ng\u01b0\u1eddi s\u1ef1 b\u1ea3o v\u1ec7 ch\u1ed1ng l\u1ea1i vi\u00eam \u0111a kh\u1edbp vi\u00eam, m\u1ed9t d\u1ea1ng vi\u00eam kh\u1edbp d\u1ea1ng th\u1ea5p li\u00ean quan \u0111\u1ebfn hai ho\u1eb7c nhi\u1ec1u kh\u1edbp.<\/span><\/p>\n<p>S\u1ea3n ph\u1ea9m hi\u1ec7n \u0111\u00e3 c\u00f3 m\u1eb7t t\u1ea1i Havamall.<\/p>","protected":false},"excerpt":{"rendered":"<p>Th\u00f4ng tin s\u1ea3n ph\u1ea9m Th\u01b0\u01a1ng hi\u1ec7u V-Safefood Th\u00e0nh ph\u1ea7n 100% d\u00e2u t\u00e2y \u0111\u00f4ng l\u1ea1nh H\u1ea1n s\u1eed d\u1ee5ng 18 th\u00e1ng k\u1ec3<\/p>","protected":false},"featured_media":24263,"comment_status":"open","ping_status":"closed","template":"","meta":[],"product_brand":[],"product_cat":[677,678,36],"product_tag":[],"class_list":{"0":"post-24262","1":"product","2":"type-product","3":"status-publish","4":"has-post-thumbnail","6":"product_cat-cac-nuoc-khac","7":"product_cat-trai-cay-dong-lanh","8":"product_cat-thuc-pham-tieu-dung","9":"pa_brand-v-safefood","11":"first","12":"instock","13":"sale","14":"shipping-taxable","15":"purchasable","16":"product-type-simple"},"_links":{"self":[{"href":"https:\/\/havamall.vn\/en\/wp-json\/wp\/v2\/product\/24262"}],"collection":[{"href":"https:\/\/havamall.vn\/en\/wp-json\/wp\/v2\/product"}],"about":[{"href":"https:\/\/havamall.vn\/en\/wp-json\/wp\/v2\/types\/product"}],"replies":[{"embeddable":true,"href":"https:\/\/havamall.vn\/en\/wp-json\/wp\/v2\/comments?post=24262"}],"version-history":[{"count":0,"href":"https:\/\/havamall.vn\/en\/wp-json\/wp\/v2\/product\/24262\/revisions"}],"wp:featuredmedia":[{"embeddable":true,"href":"https:\/\/havamall.vn\/en\/wp-json\/wp\/v2\/media\/24263"}],"wp:attachment":[{"href":"https:\/\/havamall.vn\/en\/wp-json\/wp\/v2\/media?parent=24262"}],"wp:term":[{"taxonomy":"product_brand","embeddable":true,"href":"https:\/\/havamall.vn\/en\/wp-json\/wp\/v2\/product_brand?post=24262"},{"taxonomy":"product_cat","embeddable":true,"href":"https:\/\/havamall.vn\/en\/wp-json\/wp\/v2\/product_cat?post=24262"},{"taxonomy":"product_tag","embeddable":true,"href":"https:\/\/havamall.vn\/en\/wp-json\/wp\/v2\/product_tag?post=24262"}],"curies":[{"name":"wp","href":"https:\/\/api.w.org\/{rel}","templated":true}]}}