{"id":24220,"date":"2021-12-02T17:23:14","date_gmt":"2021-12-02T10:23:14","guid":{"rendered":"https:\/\/havamall.vn\/?post_type=product&#038;p=24220"},"modified":"2022-03-16T10:56:01","modified_gmt":"2022-03-16T03:56:01","slug":"vo-banh-wraps-master-craft-original-360g","status":"publish","type":"product","link":"https:\/\/havamall.vn\/en\/shop\/vo-banh-wraps-master-craft-original-360g\/","title":{"rendered":"V\u1ecf B\u00e1nh Wraps Master Craft Original 360g"},"content":{"rendered":"<div class=\"o9v6fnle cxmmr5t8 oygrvhab hcukyx3x c1et5uql ii04i59q\">\n<div dir=\"auto\">B\u00e1nh wrap l\u00e0 m\u1ed9t lo\u1ea1i b\u00e1nh m\u00ec cu\u1ed9n v\u1edbi v\u1ecf b\u00e1nh \u0111\u01b0\u1ee3c l\u00e0m t\u1eeb m\u1ed9t l\u01b0\u1ee3ng r\u1ea5t nh\u1ecf b\u1ed9t m\u00ec, c\u00e1n m\u1ecfng, ph\u1ee7 l\u00ean tr\u00ean b\u1edfi m\u1ed9t l\u1edbp ph\u00f4 mai, salad v\u00e0 c\u00e1c lo\u1ea1i th\u1ecbt tu\u1ef3 theo s\u1edf th\u00edch c\u1ee7a c\u00e1 nh\u00e2n m\u1ed7i ng\u01b0\u1eddi.<\/div>\n<p dir=\"auto\">B\u00e1nh sau khi \u0111\u01b0\u1ee3c cu\u1ed9n tr\u00f2n l\u1ea1i s\u1ebd cho v\u00e0o l\u00f2 n\u01b0\u1edbng kho\u1ea3ng 10 ph\u00fat \u0111\u1ee7 \u0111\u1ec3 l\u1edbp cheese b\u00ean trong ch\u1ea3y ra v\u00e0 ph\u1ea7n v\u1ecf b\u00e1nh dai, gi\u00f2n.<\/p>\n<p dir=\"auto\"><img fetchpriority=\"high\" decoding=\"async\" class=\"wp-image-24225 aligncenter\" src=\"https:\/\/havamall.vn\/wp-content\/uploads\/2021\/12\/egyptian-300x200.png\" alt=\"\" width=\"873\" height=\"582\" srcset=\"https:\/\/havamall.vn\/wp-content\/uploads\/2021\/12\/egyptian-300x200.png 300w, https:\/\/havamall.vn\/wp-content\/uploads\/2021\/12\/egyptian-430x287.png 430w, https:\/\/havamall.vn\/wp-content\/uploads\/2021\/12\/egyptian-150x100.png 150w, https:\/\/havamall.vn\/wp-content\/uploads\/2021\/12\/egyptian-700x467.png 700w, https:\/\/havamall.vn\/wp-content\/uploads\/2021\/12\/egyptian-768x512.png 768w, https:\/\/havamall.vn\/wp-content\/uploads\/2021\/12\/egyptian-1024x683.png 1024w, https:\/\/havamall.vn\/wp-content\/uploads\/2021\/12\/egyptian-1200x800.png 1200w, https:\/\/havamall.vn\/wp-content\/uploads\/2021\/12\/egyptian-600x400.png 600w\" sizes=\"(max-width: 873px) 100vw, 873px\" \/><\/p>\n<\/div>\n<div class=\"o9v6fnle cxmmr5t8 oygrvhab hcukyx3x c1et5uql ii04i59q\">\n<div dir=\"auto\">B\u00e1nh wrap \u0111\u00e3 tr\u1edf n\u00ean qu\u00e1 ph\u1ed5 bi\u1ebfn \u1edf ph\u01b0\u01a1ng t\u00e2y nh\u01b0 m\u1ed9t lo\u1ea1i fastfood nh\u01b0ng kh\u00f4ng ph\u1ea3i l\u00e0 fat-food nh\u01b0 c\u00e1c lo\u1ea1i burger kh\u00e1c m\u00e0 l\u00e0 lo\u1ea1i b\u00e1nh gi\u00fap ng\u01b0\u1eddi \u0103n ki\u1ec3m so\u00e1t \u0111\u01b0\u1ee3c l\u01b0\u1ee3ng calories n\u1ea1p v\u00e0o.<\/div>\n<div dir=\"auto\">\n<p class=\"knc-sapo\">B\u00e1nh m\u00ec cu\u1ed9n \u201cwrap\u201d \u0111\u00e3 v\u00e0 \u0111ang tr\u1edf th\u00e0nh tr\u00e0o l\u01b0u \u1ea9m th\u1ef1c c\u1ee7a gi\u1edbi tr\u1ebb th\u1ebf gi\u1edbi, nay \u0111\u00e3 c\u00f3 m\u1eb7t t\u1ea1i H\u00e0 N\u1ed9i, v\u00e0 \u0111\u01b0\u1ee3c k\u1ef3 v\u1ecdng s\u1ebd mang \u0111\u1ebfn m\u1ed9t xu h\u01b0\u1edbng \u1ea9m th\u1ef1c m\u1edbi d\u00e0nh cho nh\u1eefng ai c\u00f3 gu \u1ea9m th\u1ef1c phong ph\u00fa v\u00e0 \u0111\u1ed9c \u0111\u00e1o.<\/p>\n<p><img decoding=\"async\" class=\"wp-image-24226 aligncenter\" src=\"https:\/\/havamall.vn\/wp-content\/uploads\/2021\/12\/ima-254x300.png\" alt=\"\" width=\"881\" height=\"1041\" srcset=\"https:\/\/havamall.vn\/wp-content\/uploads\/2021\/12\/ima-254x300.png 254w, https:\/\/havamall.vn\/wp-content\/uploads\/2021\/12\/ima-430x508.png 430w, https:\/\/havamall.vn\/wp-content\/uploads\/2021\/12\/ima-150x177.png 150w, https:\/\/havamall.vn\/wp-content\/uploads\/2021\/12\/ima-700x828.png 700w, https:\/\/havamall.vn\/wp-content\/uploads\/2021\/12\/ima-768x908.png 768w, https:\/\/havamall.vn\/wp-content\/uploads\/2021\/12\/ima-866x1024.png 866w, https:\/\/havamall.vn\/wp-content\/uploads\/2021\/12\/ima-1200x1419.png 1200w, https:\/\/havamall.vn\/wp-content\/uploads\/2021\/12\/ima-600x709.png 600w, https:\/\/havamall.vn\/wp-content\/uploads\/2021\/12\/ima.png 1244w\" sizes=\"(max-width: 881px) 100vw, 881px\" \/><\/p>\n<p>V\u1ecf b\u00e1nh Wrap Master Craft \u0111\u01b0\u1ee3c l\u00e0m t\u1eeb b\u1ed9t c\u00e1n m\u1ecfng th\u00e0nh b\u1ea1t. B\u1ea1n c\u00f3 th\u1ec3 l\u00e0m nh\u00e2n cho b\u00e1nh wraps n\u00e0y v\u1edbi r\u1ea5t nhi\u1ec1u lo\u1ea1i nguy\u00ean li\u1ec7u kh\u00e1c nh\u01b0: s\u00fap, c\u00e0 ri, c\u00e1 h\u1ed3i x\u00f4ng kh\u00f3i, g\u00e0 n\u01b0\u1edbng, th\u1ecbt x\u00f4ng kh\u00f3i, t\u00f4m c\u00f9ng c\u00e1c lo\u1ea1i rau c\u1ee7 qu\u1ea3 nh\u01b0 c\u00e0 chua, c\u00e0 r\u1ed1t, \u1edbt ng\u1ecdt, \u00f4liu, qu\u1ea3 b\u01a1, rau s\u1ed1ng\u2026<\/p>\n<\/div>\n<p><img decoding=\"async\" class=\"aligncenter\" src=\"https:\/\/images.ctfassets.net\/qu53tdnhexvd\/6oL9x4vHdoHlbwuXU8JlUB\/bef033b605ba004131856fbc49c271a3\/Cauliflower-caesar-wraps-2.jpg?w=1920&amp;h=1080\" alt=\"Cauliflower Caesar wraps \u2014 Co-op\" width=\"878\" height=\"439\" \/><\/p>\n<div dir=\"auto\">\n<h3><strong>H\u01b0\u1edbng d\u1eabn s\u1eed d\u1ee5ng:<\/strong><\/h3>\n<p>Tr\u01b0\u01a1\u0301c khi cu\u00f4\u0323n nh\u00e2n, ha\u0303y chu\u00e2\u0309n bi\u0323 vo\u0309 ba\u0301nh b\u0103\u0300ng 1 trong 3 ca\u0301ch sau:<\/p>\n<p>\u2013 Trong lo\u0300 n\u01b0\u01a1\u0301ng: ~ 1 phu\u0301t \u01a1\u0309 nhi\u00ea\u0323t \u0111\u00f4\u0323 200 \u0111\u00f4\u0323 C<\/p>\n<p>\u2013 Trong lo\u0300 vi so\u0301ng: ~ 20 gi\u00e2y<\/p>\n<p>\u2013 Ra\u0301n b\u0103\u0300ng cha\u0309o kh\u00f4ng d\u00e2\u0300u m\u01a1\u0303: ~ 1 phu\u0301t<\/p>\n<div class=\"VCSortableInPreviewMode\">\n<div><img loading=\"lazy\" decoding=\"async\" class=\"aligncenter\" src=\"https:\/\/havamall.vn\/wp-content\/uploads\/2021\/12\/Spicy-Buffalo-Chicken-Wraps_EXPS_SDJJ19_32288_B02_08_1b.jpg\" alt=\"Spicy Buffalo Chicken Wraps Recipe: How to Make It\" width=\"880\" height=\"880\" \/><\/div>\n<\/div>\n<\/div>\n<\/div>","protected":false},"excerpt":{"rendered":"<p>B\u00e1nh wrap l\u00e0 m\u1ed9t lo\u1ea1i b\u00e1nh m\u00ec cu\u1ed9n v\u1edbi v\u1ecf b\u00e1nh \u0111\u01b0\u1ee3c l\u00e0m t\u1eeb m\u1ed9t l\u01b0\u1ee3ng r\u1ea5t nh\u1ecf b\u1ed9t m\u00ec,<\/p>","protected":false},"featured_media":24253,"comment_status":"open","ping_status":"closed","template":"","meta":[],"product_brand":[],"product_cat":[36],"product_tag":[],"class_list":{"0":"post-24220","1":"product","2":"type-product","3":"status-publish","4":"has-post-thumbnail","6":"product_cat-thuc-pham-tieu-dung","8":"first","9":"outofstock","10":"sale","11":"shipping-taxable","12":"purchasable","13":"product-type-simple"},"_links":{"self":[{"href":"https:\/\/havamall.vn\/en\/wp-json\/wp\/v2\/product\/24220"}],"collection":[{"href":"https:\/\/havamall.vn\/en\/wp-json\/wp\/v2\/product"}],"about":[{"href":"https:\/\/havamall.vn\/en\/wp-json\/wp\/v2\/types\/product"}],"replies":[{"embeddable":true,"href":"https:\/\/havamall.vn\/en\/wp-json\/wp\/v2\/comments?post=24220"}],"version-history":[{"count":0,"href":"https:\/\/havamall.vn\/en\/wp-json\/wp\/v2\/product\/24220\/revisions"}],"wp:featuredmedia":[{"embeddable":true,"href":"https:\/\/havamall.vn\/en\/wp-json\/wp\/v2\/media\/24253"}],"wp:attachment":[{"href":"https:\/\/havamall.vn\/en\/wp-json\/wp\/v2\/media?parent=24220"}],"wp:term":[{"taxonomy":"product_brand","embeddable":true,"href":"https:\/\/havamall.vn\/en\/wp-json\/wp\/v2\/product_brand?post=24220"},{"taxonomy":"product_cat","embeddable":true,"href":"https:\/\/havamall.vn\/en\/wp-json\/wp\/v2\/product_cat?post=24220"},{"taxonomy":"product_tag","embeddable":true,"href":"https:\/\/havamall.vn\/en\/wp-json\/wp\/v2\/product_tag?post=24220"}],"curies":[{"name":"wp","href":"https:\/\/api.w.org\/{rel}","templated":true}]}}