{"id":24213,"date":"2021-12-02T16:28:08","date_gmt":"2021-12-02T09:28:08","guid":{"rendered":"https:\/\/havamall.vn\/?post_type=product&#038;p=24213"},"modified":"2022-01-20T09:00:47","modified_gmt":"2022-01-20T02:00:47","slug":"banh-socola-bambino-nhap-khau-tu-nga-hop-thiec-200g","status":"publish","type":"product","link":"https:\/\/havamall.vn\/en\/shop\/banh-socola-bambino-nhap-khau-tu-nga-hop-thiec-200g\/","title":{"rendered":"B\u00e1nh Socola Bambino Nh\u1eadp Kh\u1ea9u T\u1eeb Nga H\u1ed9p Thi\u1ebfc 200g"},"content":{"rendered":"<div dir=\"auto\">\n<p>B\u00e1nh Bambino Nga 200g bao g\u1ed3m kem h\u1ea1t s\u00f4 c\u00f4 la tinh t\u1ebf trong m\u1ed9t l\u1edbp v\u1ecf b\u00e1nh qu\u1ebf, tr\u00e1ng men s\u00f4 c\u00f4 la s\u1eefa, r\u1eafc g\u1ea1o s\u00f4 c\u00f4 la. C\u00f3 m\u1ed9t vi\u00ean s\u00f4 c\u00f4 la b\u00ean trong m\u1ed7i vi\u00ean k\u1eb9o. V\u1ecb ng\u1ecdt v\u1eeba ph\u1ea3i, kh\u00f4ng b\u1ecb s\u01b0\u1ee3ng, gi\u00f2n nh\u1eb9, c\u00f3 m\u00f9i th\u01a1m b\u00e9o ng\u1eady r\u1ea5t d\u1ec5 ch\u1ecbu.<\/p>\n<p class=\"tw-data-text tw-text-large tw-ta\" dir=\"ltr\"><span class=\"Y2IQFc\" lang=\"vi\">B\u00e1nh v\u1edbi bao b\u00ec \u0111\u1eb9p m\u1eaft n\u00ean nh\u1eefng vi\u00ean k\u1eb9o n\u00e0y r\u1ea5t th\u00edch h\u1ee3p \u0111\u1ec3 l\u00e0m qu\u00e0 t\u1eb7ng. \u0110\u00e2y c\u0169ng l\u00e0 m\u1ed9t c\u01a1 h\u1ed9i tuy\u1ec7t v\u1eddi \u0111\u1ec3 l\u00e0m h\u00e0i l\u00f2ng ch\u00ednh b\u1ea1n v\u00e0 nh\u1eefng ng\u01b0\u1eddi th\u00e2n y\u00eau c\u1ee7a b\u1ea1n.\u00a0<\/span><\/p>\n<p dir=\"ltr\"><img fetchpriority=\"high\" decoding=\"async\" class=\"wp-image-24215 aligncenter\" src=\"https:\/\/havamall.vn\/wp-content\/uploads\/2021\/12\/133330953-300x225.jpg\" alt=\"\" width=\"659\" height=\"494\" srcset=\"https:\/\/havamall.vn\/wp-content\/uploads\/2021\/12\/133330953-300x225.jpg 300w, https:\/\/havamall.vn\/wp-content\/uploads\/2021\/12\/133330953-430x323.jpg 430w, https:\/\/havamall.vn\/wp-content\/uploads\/2021\/12\/133330953-150x113.jpg 150w, https:\/\/havamall.vn\/wp-content\/uploads\/2021\/12\/133330953-700x525.jpg 700w, https:\/\/havamall.vn\/wp-content\/uploads\/2021\/12\/133330953-768x576.jpg 768w, https:\/\/havamall.vn\/wp-content\/uploads\/2021\/12\/133330953-600x450.jpg 600w, https:\/\/havamall.vn\/wp-content\/uploads\/2021\/12\/133330953.jpg 960w\" sizes=\"(max-width: 659px) 100vw, 659px\" \/><\/p>\n<p>Ngay khi b\u1ea1n m\u1edf l\u1edbp gi\u1ea5y b\u1ecdc g\u00f3i nh\u1eefng vi\u00ean b\u00e1nh socola ra, b\u1ea1n s\u1ebd b\u1ecb thu h\u00fat b\u1edfi h\u01b0\u01a1ng socola s\u1eefa ng\u1ecdt ng\u00e0o c\u00f9ng v\u1ecb ng\u1eady ng\u1eady b\u00f9i b\u00f9i c\u1ee7a h\u1ea1t \u1edf l\u1edbp ngo\u00e0i c\u00f9ng. Ch\u1eafc ch\u1eafn r\u1eb1ng v\u1edbi s\u1ef1 k\u1ebft h\u1ee3p h\u00f2a quy\u1ec7n h\u00e0i h\u00f2a nh\u1eefng h\u01b0\u01a1ng v\u1ecb ng\u1ecdt \u0111\u1eafng b\u00f9i b\u00e9o c\u1ee7a socola, c\u1ee7a h\u1ea1t, c\u1ee7a b\u00e1nh x\u1ed1p,.. s\u1ebd khi\u1ebfn c\u00e1c b\u1ea1n kh\u00f4ng th\u1ec3 n\u00e0o qu\u00ean.<\/p>\n<p><img decoding=\"async\" class=\"wp-image-24209 aligncenter\" src=\"https:\/\/havamall.vn\/wp-content\/uploads\/2021\/12\/Socola-F-300x200.png\" alt=\"\" width=\"666\" height=\"444\" srcset=\"https:\/\/havamall.vn\/wp-content\/uploads\/2021\/12\/Socola-F-300x200.png 300w, https:\/\/havamall.vn\/wp-content\/uploads\/2021\/12\/Socola-F-430x287.png 430w, https:\/\/havamall.vn\/wp-content\/uploads\/2021\/12\/Socola-F-150x100.png 150w, https:\/\/havamall.vn\/wp-content\/uploads\/2021\/12\/Socola-F-700x467.png 700w, https:\/\/havamall.vn\/wp-content\/uploads\/2021\/12\/Socola-F-768x512.png 768w, https:\/\/havamall.vn\/wp-content\/uploads\/2021\/12\/Socola-F-1024x683.png 1024w, https:\/\/havamall.vn\/wp-content\/uploads\/2021\/12\/Socola-F-1200x800.png 1200w, https:\/\/havamall.vn\/wp-content\/uploads\/2021\/12\/Socola-F-600x400.png 600w, https:\/\/havamall.vn\/wp-content\/uploads\/2021\/12\/Socola-F.png 1500w\" sizes=\"(max-width: 666px) 100vw, 666px\" \/><\/p>\n<p>Lo\u1ea1i chocolate c\u1ee7a Nga s\u1ebd ko l\u00e0m cac b\u1ea1n th\u1ea5t v\u1ecdng, ngo\u00e0i l\u1edbp chocolate ngon b\u00e9o c\u00f2n k\u00e8m th\u00eam l\u1edbp ph\u1ee7 h\u1ea1t ho\u1eb7c d\u1eeba th\u01a1m ngon l\u00e0m c\u00e1c b\u1ea1n \u0111\u1ee1 ng\u00e1n &#8230; Ngo\u00e0i h\u01b0\u01a1ng v\u1ecb tuy\u1ec7t v\u1eddi \u0111\u00e3 n\u00f3i t\u1edbi th\u00ec h\u1ed9p chocolate Bambino c\u00f2n \u0111\u01b0\u1ee3c l\u00e0m qu\u00e0 trong c\u00e1c d\u1ecbp l\u1ec5 r\u1ea5t \u0111\u1eb9p m\u1eaft.<\/p>\n<p><img decoding=\"async\" class=\"wp-image-24210 aligncenter\" src=\"https:\/\/havamall.vn\/wp-content\/uploads\/2021\/12\/socola-300x107.png\" alt=\"\" width=\"679\" height=\"242\" srcset=\"https:\/\/havamall.vn\/wp-content\/uploads\/2021\/12\/socola-300x107.png 300w, https:\/\/havamall.vn\/wp-content\/uploads\/2021\/12\/socola-430x154.png 430w, https:\/\/havamall.vn\/wp-content\/uploads\/2021\/12\/socola-150x54.png 150w, https:\/\/havamall.vn\/wp-content\/uploads\/2021\/12\/socola-700x250.png 700w, https:\/\/havamall.vn\/wp-content\/uploads\/2021\/12\/socola-768x274.png 768w, https:\/\/havamall.vn\/wp-content\/uploads\/2021\/12\/socola-1024x366.png 1024w, https:\/\/havamall.vn\/wp-content\/uploads\/2021\/12\/socola-1200x429.png 1200w, https:\/\/havamall.vn\/wp-content\/uploads\/2021\/12\/socola-600x214.png 600w, https:\/\/havamall.vn\/wp-content\/uploads\/2021\/12\/socola.png 1520w\" sizes=\"(max-width: 679px) 100vw, 679px\" \/><\/p>\n<\/div>\n<p dir=\"auto\">B\u00e1nh g\u1ed3m 2 v\u1ecb cho b\u1ea1n l\u1ef1a ch\u1ecdn:<\/p>\n<p dir=\"auto\">&gt; Bambino h\u01b0\u01a1ng v\u1ecb D\u1eeba<\/p>\n<p dir=\"auto\">&gt; Bambino h\u01b0\u01a1ng v\u1ecb Tiramisu<\/p>\n<p dir=\"auto\">S\u1ea3n ph\u1ea9m hi\u1ec7n \u0111\u00e3 c\u00f3 m\u1eb7t t\u1ea1i Havamall.<\/p>\n<p dir=\"auto\"><img loading=\"lazy\" decoding=\"async\" class=\"wp-image-24211 aligncenter\" src=\"https:\/\/havamall.vn\/wp-content\/uploads\/2021\/12\/FERRERO-300x300.png\" alt=\"\" width=\"674\" height=\"674\" srcset=\"https:\/\/havamall.vn\/wp-content\/uploads\/2021\/12\/FERRERO-300x300.png 300w, https:\/\/havamall.vn\/wp-content\/uploads\/2021\/12\/FERRERO-430x430.png 430w, https:\/\/havamall.vn\/wp-content\/uploads\/2021\/12\/FERRERO-150x150.png 150w, https:\/\/havamall.vn\/wp-content\/uploads\/2021\/12\/FERRERO-700x700.png 700w, https:\/\/havamall.vn\/wp-content\/uploads\/2021\/12\/FERRERO-600x600.png 600w, https:\/\/havamall.vn\/wp-content\/uploads\/2021\/12\/FERRERO-100x100.png 100w, https:\/\/havamall.vn\/wp-content\/uploads\/2021\/12\/FERRERO.png 720w\" sizes=\"(max-width: 674px) 100vw, 674px\" \/><\/p>","protected":false},"excerpt":{"rendered":"<p>B\u00e1nh Bambino Nga 200g bao g\u1ed3m kem h\u1ea1t s\u00f4 c\u00f4 la tinh t\u1ebf trong m\u1ed9t l\u1edbp v\u1ecf b\u00e1nh qu\u1ebf, tr\u00e1ng<\/p>","protected":false},"featured_media":24237,"comment_status":"open","ping_status":"closed","template":"","meta":[],"product_brand":[],"product_cat":[36,133,143],"product_tag":[],"class_list":{"0":"post-24213","1":"product","2":"type-product","3":"status-publish","4":"has-post-thumbnail","6":"product_cat-thuc-pham-tieu-dung","7":"product_cat-banh-keo-chocolate","8":"product_cat-thuc-pham-dong-hop","10":"first","11":"outofstock","12":"sale","13":"shipping-taxable","14":"purchasable","15":"product-type-variable"},"_links":{"self":[{"href":"https:\/\/havamall.vn\/en\/wp-json\/wp\/v2\/product\/24213"}],"collection":[{"href":"https:\/\/havamall.vn\/en\/wp-json\/wp\/v2\/product"}],"about":[{"href":"https:\/\/havamall.vn\/en\/wp-json\/wp\/v2\/types\/product"}],"replies":[{"embeddable":true,"href":"https:\/\/havamall.vn\/en\/wp-json\/wp\/v2\/comments?post=24213"}],"version-history":[{"count":0,"href":"https:\/\/havamall.vn\/en\/wp-json\/wp\/v2\/product\/24213\/revisions"}],"wp:featuredmedia":[{"embeddable":true,"href":"https:\/\/havamall.vn\/en\/wp-json\/wp\/v2\/media\/24237"}],"wp:attachment":[{"href":"https:\/\/havamall.vn\/en\/wp-json\/wp\/v2\/media?parent=24213"}],"wp:term":[{"taxonomy":"product_brand","embeddable":true,"href":"https:\/\/havamall.vn\/en\/wp-json\/wp\/v2\/product_brand?post=24213"},{"taxonomy":"product_cat","embeddable":true,"href":"https:\/\/havamall.vn\/en\/wp-json\/wp\/v2\/product_cat?post=24213"},{"taxonomy":"product_tag","embeddable":true,"href":"https:\/\/havamall.vn\/en\/wp-json\/wp\/v2\/product_tag?post=24213"}],"curies":[{"name":"wp","href":"https:\/\/api.w.org\/{rel}","templated":true}]}}