{"id":24190,"date":"2021-12-02T14:04:27","date_gmt":"2021-12-02T07:04:27","guid":{"rendered":"https:\/\/havamall.vn\/?post_type=product&#038;p=24190"},"modified":"2023-12-14T10:19:09","modified_gmt":"2023-12-14T03:19:09","slug":"chocolate-phu-dua-ferrero-confetteria-raffaello-hop-150gr","status":"publish","type":"product","link":"https:\/\/havamall.vn\/en\/shop\/chocolate-phu-dua-ferrero-confetteria-raffaello-hop-150gr\/","title":{"rendered":"Chocolate Ph\u1ee7 D\u1eeba Ferrero Confetteria Raffaello H\u1ed9p 150gr"},"content":{"rendered":"<div class=\"group\">\n<div class=\"content has-table\">\n<h3><strong>Th\u00f4ng tin s\u1ea3n ph\u1ea9m<\/strong><\/h3>\n<table>\n<tbody>\n<tr>\n<td><span style=\"font-weight: 400;\">Th\u01b0\u01a1ng hi\u1ec7u<\/span><\/td>\n<td><span style=\"font-weight: 400;\">FERRERO<\/span><\/td>\n<\/tr>\n<tr>\n<td><span style=\"font-weight: 400;\">Xu\u1ea5t x\u1ee9<\/span><\/td>\n<td><span style=\"font-weight: 400;\">\u0110\u1ee9c<\/span><\/td>\n<\/tr>\n<tr>\n<td><span style=\"font-weight: 400;\">Th\u00e0nh ph\u1ea7n<\/span><\/td>\n<td><span style=\"font-weight: 400;\">D\u1ea7u th\u1ef1c v\u1eadt (Palm, H\u01b0\u1edbng d\u01b0\u01a1ng), D\u1eeba kh\u00f4, \u0110\u01b0\u1eddng, S\u1eefa b\u1ed9t g\u1ea7y, H\u1ea1nh nh\u00e2n, B\u1ed9t m\u00ec, B\u1ed9t s\u1eefa (S\u1eefa), H\u01b0\u01a1ng li\u1ec7u t\u1ef1 nhi\u00ean v\u00e0 nh\u00e2n t\u1ea1o, Ch\u1ea5t l\u00e0m m\u1ec1m nh\u0169 t\u01b0\u01a1ng (\u0110\u1eadu n\u00e0nh), \u2026<\/span><\/td>\n<\/tr>\n<tr>\n<td><span style=\"font-weight: 400;\">H\u1ea1n s\u1eed d\u1ee5ng<\/span><\/td>\n<td><span style=\"font-weight: 400;\">8 th\u00e1ng k\u1ec3 t\u1eeb ng\u00e0y s\u1ea3n xu\u1ea5t.<\/span><\/td>\n<\/tr>\n<tr>\n<td><span style=\"font-weight: 400;\">B\u1ea3o qu\u1ea3n<\/span><\/td>\n<td><span style=\"font-weight: 400;\">N\u01a1i kh\u00f4 m\u00e1t, tr\u00e1nh \u00e1nh s\u00e1ng tr\u1ef1c ti\u1ebfp<\/span><\/td>\n<\/tr>\n<tr>\n<td><span style=\"font-weight: 400;\">Kh\u1ed1i l\u01b0\u1ee3ng t\u1ecbnh<\/span><\/td>\n<td><span style=\"font-weight: 400;\">150g<\/span><\/td>\n<\/tr>\n<\/tbody>\n<\/table>\n<\/div>\n<\/div>\n<p>K\u1eb9o socola ph\u1ee7 d\u1eeba Raffaello c\u1ee7a th\u01b0\u01a1ng hi\u1ec7u FERRERO- nh\u00e0 s\u1ea3n xu\u1ea5t b\u00e1nh k\u1eb9o n\u1ed5i ti\u1ebfng nh\u1ea5t Ch\u00e2u \u00e2u l\u00e0 m\u00f3n \u0103n mang \u0111\u1eadm h\u01b0\u01a1ng v\u1ecb ch\u00e2u \u00c2u m\u00e0 b\u1ea5t k\u1ef3 ai \u0103n 1 l\u1ea7n c\u0169ng kh\u00f4ng th\u1ec3 n\u00e0o qu\u00ean.<\/p>\n<p><img fetchpriority=\"high\" decoding=\"async\" class=\"wp-image-24192 aligncenter\" src=\"https:\/\/havamall.vn\/wp-content\/uploads\/2021\/12\/91WRJ-300x300.png\" alt=\"\" width=\"751\" height=\"750\" srcset=\"https:\/\/havamall.vn\/wp-content\/uploads\/2021\/12\/91WRJ-300x300.png 300w, https:\/\/havamall.vn\/wp-content\/uploads\/2021\/12\/91WRJ-430x430.png 430w, https:\/\/havamall.vn\/wp-content\/uploads\/2021\/12\/91WRJ-150x150.png 150w, https:\/\/havamall.vn\/wp-content\/uploads\/2021\/12\/91WRJ-700x700.png 700w, https:\/\/havamall.vn\/wp-content\/uploads\/2021\/12\/91WRJ-768x768.png 768w, https:\/\/havamall.vn\/wp-content\/uploads\/2021\/12\/91WRJ-1024x1024.png 1024w, https:\/\/havamall.vn\/wp-content\/uploads\/2021\/12\/91WRJ-1200x1200.png 1200w, https:\/\/havamall.vn\/wp-content\/uploads\/2021\/12\/91WRJ-600x600.png 600w, https:\/\/havamall.vn\/wp-content\/uploads\/2021\/12\/91WRJ-100x100.png 100w, https:\/\/havamall.vn\/wp-content\/uploads\/2021\/12\/91WRJ.png 1500w\" sizes=\"(max-width: 751px) 100vw, 751px\" \/><\/p>\n<p>K\u1eb9o socola d\u1eeba Raffaello v\u1edbi vi\u00ean b\u00e1nh tr\u00f2n, c\u00f3 v\u1ecf x\u1ed1p v\u00e0 ph\u1ee7 k\u00edn b\u1edfi nh\u1eefng s\u1ee3i d\u1eeba, to\u00e1t l\u00ean m\u00f9i th\u01a1m \u0111\u1eb7c tr\u01b0ng. B\u00ean trong b\u00e1nh Raffaello l\u00e0 1 l\u1edbp v\u1ecf qu\u1ebf gi\u00f2n tan v\u00e0 r\u1ea5t th\u01a1m, kh\u00f4ng nh\u01b0 m\u00f9i v\u1ecf qu\u1ebf c\u1ee7a c\u00e1c lo\u1ea1i b\u00e1nh th\u00f4ng th\u01b0\u1eddng. B\u00ean trong n\u1eefa l\u00e0 vi\u00ean kem socola tr\u1eafng Raffaello \u0111\u1ed9c quy\u1ec1n c\u1ee7a ch\u00e2u \u00e2u, v\u1eeba th\u01a1m, v\u1eeba ng\u1eady, v\u1eeba ng\u1ecdt m\u00e0 l\u1ea1i kh\u00f4ng ng\u00e1n.<\/p>\n<p><img decoding=\"async\" class=\"wp-image-24193 aligncenter\" src=\"https:\/\/havamall.vn\/wp-content\/uploads\/2021\/12\/4b55b18bfd00-300x300.png\" alt=\"\" width=\"757\" height=\"757\" srcset=\"https:\/\/havamall.vn\/wp-content\/uploads\/2021\/12\/4b55b18bfd00-300x300.png 300w, https:\/\/havamall.vn\/wp-content\/uploads\/2021\/12\/4b55b18bfd00-430x430.png 430w, https:\/\/havamall.vn\/wp-content\/uploads\/2021\/12\/4b55b18bfd00-150x150.png 150w, https:\/\/havamall.vn\/wp-content\/uploads\/2021\/12\/4b55b18bfd00-700x700.png 700w, https:\/\/havamall.vn\/wp-content\/uploads\/2021\/12\/4b55b18bfd00-768x768.png 768w, https:\/\/havamall.vn\/wp-content\/uploads\/2021\/12\/4b55b18bfd00-600x600.png 600w, https:\/\/havamall.vn\/wp-content\/uploads\/2021\/12\/4b55b18bfd00-100x100.png 100w, https:\/\/havamall.vn\/wp-content\/uploads\/2021\/12\/4b55b18bfd00.png 1000w\" sizes=\"(max-width: 757px) 100vw, 757px\" \/><\/p>\n<p>\u0110\u1eb7c bi\u1ec7t, \u1ea9n d\u01b0\u1edbi l\u1edbp kem l\u00e0 h\u1ea1t h\u1ea1nh nh\u00e2n r\u1ea5t b\u00f9i. T\u1ea5t c\u1ea3 c\u00e1c l\u1edbp b\u00e1nh h\u00f2a quy\u1ec7n v\u00e0o nhau, t\u1ea1o n\u00ean th\u1ee9 m\u00f9i \u0111\u1eb7c tr\u01b0ng r\u1ea5t d\u1ec5 g\u00e2y &#8220;nghi\u1ec7n&#8221;.\u00a0Ch\u1ec9 v\u1edbi 3 vi\u00ean b\u00e1nh chocolate b\u1ecdc d\u1eeba Raffaello \u2013 38g m\u1ed7i ng\u00e0y b\u1ea1n \u0111\u00e3 \u0111\u01b0\u1ee3c cung c\u1ea5p 220kcal n\u0103ng l\u01b0\u1ee3ng ho\u1ea1t \u0111\u1ed9ng cho c\u1ea3 ng\u00e0y, kh\u00f4ng ch\u1ec9 c\u00f3 n\u0103ng l\u01b0\u1ee3ng m\u00e0 c\u00f2n cung c\u1ea5p 1 l\u01b0\u1ee3ng sodium 20mg, canxi 4% v\u00e0 s\u1eaft 4%, l\u01b0\u1ee3ng vi ch\u1ea5t dinh d\u01b0\u1ee1ng n\u00e0y \u0111\u1ebfn t\u1eeb h\u1ea1nh nh\u00e2n<\/p>\n<p>B\u00e1nh kem d\u1eeba Raffaello th\u01b0\u1eddng xuy\u00ean xu\u1ea5t hi\u1ec7n tr\u00ean b\u00e0n ti\u1ec7c trong nh\u1eefng d\u1ecbp quan tr\u1ecdng, v\u00e0 tr\u1edf th\u00e0nh 1 m\u00f3n qu\u00e0 t\u1eb7ng \u00fd ngh\u0129a trong nh\u1eefng ng\u00e0y l\u1ec5 \u1edf ph\u01b0\u01a1ng T\u00e2y.<\/p>\n<p><img decoding=\"async\" class=\"wp-image-24194 aligncenter\" src=\"https:\/\/havamall.vn\/wp-content\/uploads\/2021\/12\/raff-300x200.png\" alt=\"\" width=\"752\" height=\"501\" srcset=\"https:\/\/havamall.vn\/wp-content\/uploads\/2021\/12\/raff-300x200.png 300w, https:\/\/havamall.vn\/wp-content\/uploads\/2021\/12\/raff-430x287.png 430w, https:\/\/havamall.vn\/wp-content\/uploads\/2021\/12\/raff-150x100.png 150w, https:\/\/havamall.vn\/wp-content\/uploads\/2021\/12\/raff-700x467.png 700w, https:\/\/havamall.vn\/wp-content\/uploads\/2021\/12\/raff-768x512.png 768w, https:\/\/havamall.vn\/wp-content\/uploads\/2021\/12\/raff-1024x683.png 1024w, https:\/\/havamall.vn\/wp-content\/uploads\/2021\/12\/raff.png 1200w, https:\/\/havamall.vn\/wp-content\/uploads\/2021\/12\/raff-600x400.png 600w\" sizes=\"(max-width: 752px) 100vw, 752px\" \/><\/p>\n<h3><strong>\u0110\u1eb7c \u0111i\u1ec3m n\u1ed5i b\u1eadt c\u1ee7a s\u1ea3n ph\u1ea9m:<\/strong><\/h3>\n<p>&#8211; \u0110\u01b0\u1ee3c bao b\u1ecdc b\u00ean ngo\u00e0i b\u1edfi l\u1edbp d\u1eeba tr\u1eafng tinh khi\u1ebft, b\u00ean trong l\u00e0 chocolate tr\u1eafng ng\u1ecdt ng\u00e0o, cu\u1ed1i c\u00f9ng l\u00e0 nh\u00e2n h\u1ea1nh nh\u00e2n gi\u00f2n b\u00f9i s\u1ebd mang \u0111\u1ebfn c\u1ea3m gi\u00e1c r\u1ea5t th\u00fa v\u1ecb khi th\u01b0\u1edfng th\u1ee9c.<\/p>\n<p>&#8211; S\u1ea3n ph\u1ea9m \u0111\u01b0\u1ee3c chia th\u00e0nh t\u1eebng g\u00f3i nh\u1ecf ri\u00eang bi\u1ec7t ti\u1ec7n d\u1ee5ng, h\u1ea1n ch\u1ebf b\u1ecb ch\u1ea3y n\u01b0\u1edbc trong tr\u01b0\u1eddng h\u1ee3p kh\u00f4ng d\u00f9ng h\u1ebft.<\/p>\n<p><img loading=\"lazy\" decoding=\"async\" class=\"wp-image-24195 aligncenter\" src=\"https:\/\/havamall.vn\/wp-content\/uploads\/2021\/12\/maxres-300x169.png\" alt=\"\" width=\"748\" height=\"421\" srcset=\"https:\/\/havamall.vn\/wp-content\/uploads\/2021\/12\/maxres-300x169.png 300w, https:\/\/havamall.vn\/wp-content\/uploads\/2021\/12\/maxres-430x242.png 430w, https:\/\/havamall.vn\/wp-content\/uploads\/2021\/12\/maxres-150x84.png 150w, https:\/\/havamall.vn\/wp-content\/uploads\/2021\/12\/maxres-700x394.png 700w, https:\/\/havamall.vn\/wp-content\/uploads\/2021\/12\/maxres-768x432.png 768w, https:\/\/havamall.vn\/wp-content\/uploads\/2021\/12\/maxres-1024x576.png 1024w, https:\/\/havamall.vn\/wp-content\/uploads\/2021\/12\/maxres-1200x675.png 1200w, https:\/\/havamall.vn\/wp-content\/uploads\/2021\/12\/maxres-600x338.png 600w, https:\/\/havamall.vn\/wp-content\/uploads\/2021\/12\/maxres.png 1280w\" sizes=\"(max-width: 748px) 100vw, 748px\" \/><\/p>\n<p>&#8211; \u0110\u00e2y l\u00e0 l\u00e0 m\u00f3n qu\u00e0 \u0111\u1ea7y \u00fd ngh\u0129a cho nh\u1eefng ng\u01b0\u1eddi th\u01b0\u01a1ng y\u00eau v\u00e0 gia \u0111\u00ecnh trong c\u00e1c d\u1ecbp l\u1ec5 l\u1edbn.<\/p>\n<p>&#8211; S\u1ea3n ph\u1ea9m l\u00e0 s\u1ef1 k\u1ebft h\u1ee3p \u0111\u1ed9c \u0111\u00e1o gi\u1eefa socola tr\u1eafng b\u00ean trong v\u00e0 d\u1eeba b\u00ean ngo\u00e0i, ch\u1eafc ch\u1eafn nh\u1eefng ng\u01b0\u1eddi s\u00e0nh \u0103n v\u00e0 y\u00eau th\u00edch c\u00e1i ng\u1ecdt s\u1ebd v\u00f4 c\u00f9ng th\u00edch th\u00fa khi \u0111\u01b0\u1ee3c th\u1eed m\u1ed9t vi\u00ean socola raffaello n\u00e0y.<\/p>\n<p>&#8211; Socola 3 l\u1edbp \u0111\u1ed9c \u0111\u00e1o. 1 vi\u00ean Confetteria Rafaello l\u00e0 s\u1ef1 k\u1ebft h\u1ee3p c\u1ee7a 3 l\u1edbp b\u00ean trong.<\/p>\n<p><img loading=\"lazy\" decoding=\"async\" class=\"wp-image-24196 aligncenter\" src=\"https:\/\/havamall.vn\/wp-content\/uploads\/2021\/12\/maxre-300x169.png\" alt=\"\" width=\"743\" height=\"419\" srcset=\"https:\/\/havamall.vn\/wp-content\/uploads\/2021\/12\/maxre-300x169.png 300w, https:\/\/havamall.vn\/wp-content\/uploads\/2021\/12\/maxre-430x242.png 430w, https:\/\/havamall.vn\/wp-content\/uploads\/2021\/12\/maxre-150x84.png 150w, https:\/\/havamall.vn\/wp-content\/uploads\/2021\/12\/maxre-700x394.png 700w, https:\/\/havamall.vn\/wp-content\/uploads\/2021\/12\/maxre-768x432.png 768w, https:\/\/havamall.vn\/wp-content\/uploads\/2021\/12\/maxre-1024x576.png 1024w, https:\/\/havamall.vn\/wp-content\/uploads\/2021\/12\/maxre-1200x675.png 1200w, https:\/\/havamall.vn\/wp-content\/uploads\/2021\/12\/maxre-600x338.png 600w, https:\/\/havamall.vn\/wp-content\/uploads\/2021\/12\/maxre.png 1280w\" sizes=\"(max-width: 743px) 100vw, 743px\" \/><\/p>\n<h3><strong>C\u00e1ch d\u00f9ng:<\/strong><\/h3>\n<p>\u0102n tr\u1ef1c ti\u1ebfp, ngon h\u01a1n khi k\u1ebft h\u1ee3p v\u1edbi th\u1ee9c u\u1ed1ng b\u1ea1n y\u00eau th\u00edch (cafe, s\u1eefa t\u01b0\u01a1i, tr\u00e0&#8230;) t\u00f9y kh\u1ea9u v\u1ecb.<\/p>","protected":false},"excerpt":{"rendered":"<p>Th\u00f4ng tin s\u1ea3n ph\u1ea9m Th\u01b0\u01a1ng hi\u1ec7u FERRERO Xu\u1ea5t x\u1ee9 \u0110\u1ee9c Th\u00e0nh ph\u1ea7n D\u1ea7u th\u1ef1c v\u1eadt (Palm, H\u01b0\u1edbng d\u01b0\u01a1ng), D\u1eeba kh\u00f4,<\/p>","protected":false},"featured_media":24205,"comment_status":"open","ping_status":"closed","template":"","meta":[],"product_brand":[],"product_cat":[130,36,133],"product_tag":[],"class_list":{"0":"post-24190","1":"product","2":"type-product","3":"status-publish","4":"has-post-thumbnail","6":"product_cat-khuyen-mai","7":"product_cat-thuc-pham-tieu-dung","8":"product_cat-banh-keo-chocolate","10":"first","11":"instock","12":"sale","13":"shipping-taxable","14":"purchasable","15":"product-type-simple"},"_links":{"self":[{"href":"https:\/\/havamall.vn\/en\/wp-json\/wp\/v2\/product\/24190"}],"collection":[{"href":"https:\/\/havamall.vn\/en\/wp-json\/wp\/v2\/product"}],"about":[{"href":"https:\/\/havamall.vn\/en\/wp-json\/wp\/v2\/types\/product"}],"replies":[{"embeddable":true,"href":"https:\/\/havamall.vn\/en\/wp-json\/wp\/v2\/comments?post=24190"}],"version-history":[{"count":0,"href":"https:\/\/havamall.vn\/en\/wp-json\/wp\/v2\/product\/24190\/revisions"}],"wp:featuredmedia":[{"embeddable":true,"href":"https:\/\/havamall.vn\/en\/wp-json\/wp\/v2\/media\/24205"}],"wp:attachment":[{"href":"https:\/\/havamall.vn\/en\/wp-json\/wp\/v2\/media?parent=24190"}],"wp:term":[{"taxonomy":"product_brand","embeddable":true,"href":"https:\/\/havamall.vn\/en\/wp-json\/wp\/v2\/product_brand?post=24190"},{"taxonomy":"product_cat","embeddable":true,"href":"https:\/\/havamall.vn\/en\/wp-json\/wp\/v2\/product_cat?post=24190"},{"taxonomy":"product_tag","embeddable":true,"href":"https:\/\/havamall.vn\/en\/wp-json\/wp\/v2\/product_tag?post=24190"}],"curies":[{"name":"wp","href":"https:\/\/api.w.org\/{rel}","templated":true}]}}