{"id":24181,"date":"2021-12-02T11:27:50","date_gmt":"2021-12-02T04:27:50","guid":{"rendered":"https:\/\/havamall.vn\/?post_type=product&#038;p=24181"},"modified":"2022-01-04T16:10:47","modified_gmt":"2022-01-04T09:10:47","slug":"keo-socola-merletto-hop-150g","status":"publish","type":"product","link":"https:\/\/havamall.vn\/en\/shop\/keo-socola-merletto-hop-150g\/","title":{"rendered":"K\u1eb9o Socola Merletto H\u1ed9p 150g"},"content":{"rendered":"<p>Socola Merletto Premium c\u1ee7a Nga v\u1edbi 2 m\u00e0u h\u1ed3ng t\u01b0\u1ee3ng tr\u01b0ng cho hoa \u0111\u00e0o, v\u00e0ng t\u01b0\u1ee3ng tr\u01b0ng cho hoa mai. Socola Merletto v\u1edbi th\u00e0nh ph\u1ea7n ph\u1ee7 socola cao c\u1ea5p, m\u1ee9t anh \u0111\u00e0o, k\u1eb9o caramel v\u00e0 nuga. Socola Merletto v\u00e0ng v\u1edbi th\u00e0nh ph\u1ea7n ph\u1ee7 ngo\u00e0i l\u00e0 socola, m\u1ee9t m\u01a1, k\u1eb9o caramel v\u00e0 nuga. \u0102n ngon, ng\u1ecdt l\u1ecbm. Ng\u01b0\u1eddi Nga \u0103n socola u\u1ed1ng k\u00e8m tr\u00e0 \u0111en \u0111\u1ec3 v\u1eeba nh\u00e2m nhi v\u1eeba n\u00f3i chuy\u1ec7n N\u0103m M\u1edbi. Socola gi\u00fap tinh th\u1ea7n vui v\u1ebb, b\u1ed5 sung vi ch\u1ea5t.<\/p>\n<p><img fetchpriority=\"high\" decoding=\"async\" class=\"wp-image-24182 aligncenter\" src=\"https:\/\/havamall.vn\/wp-content\/uploads\/2021\/12\/764088c43f-300x300.png\" alt=\"\" width=\"624\" height=\"623\" srcset=\"https:\/\/havamall.vn\/wp-content\/uploads\/2021\/12\/764088c43f-300x300.png 300w, https:\/\/havamall.vn\/wp-content\/uploads\/2021\/12\/764088c43f-430x430.png 430w, https:\/\/havamall.vn\/wp-content\/uploads\/2021\/12\/764088c43f-150x150.png 150w, https:\/\/havamall.vn\/wp-content\/uploads\/2021\/12\/764088c43f-700x700.png 700w, https:\/\/havamall.vn\/wp-content\/uploads\/2021\/12\/764088c43f-768x768.png 768w, https:\/\/havamall.vn\/wp-content\/uploads\/2021\/12\/764088c43f-600x600.png 600w, https:\/\/havamall.vn\/wp-content\/uploads\/2021\/12\/764088c43f-100x100.png 100w, https:\/\/havamall.vn\/wp-content\/uploads\/2021\/12\/764088c43f.png 1024w\" sizes=\"(max-width: 624px) 100vw, 624px\" \/><\/p>\n<p>K\u1eb9o Socola Merletto Premuim Nh\u00e2n Caramel V\u00e0 Anh \u0110\u00e0o lu\u00f4n \u0111\u01b0\u1ee3c ch\u00e0o \u0111\u00f3n b\u1edfi nh\u1eefng ng\u01b0\u1eddi y\u00eau ng\u1ecdt b\u1edfi s\u1ee9c h\u1ea5p d\u1eabn c\u1ee7a ch\u00fang. Vi\u00ean k\u1eb9o socola c\u00f3 h\u01b0\u01a1ng v\u1ecb h\u00f2a quy\u1ec7n gi\u1eefa socola \u0111\u1eafng caramel ng\u1ecdt v\u00e0 anh \u0111\u00e0o thanh nh\u1eb9. \u0110\u1eb7c bi\u1ec7t ng\u01b0\u1eddi ta th\u00edch th\u00fa v\u1edbi ph\u1ea7n nh\u00e2n -tan ch\u1ea3y- ng\u1ecdt l\u1ecbm b\u00ean trong Merletto c\u1ee7a nh\u00e2n Anh \u0110\u00e0o.<\/p>\n<p><img decoding=\"async\" class=\"wp-image-24184 aligncenter\" src=\"https:\/\/havamall.vn\/wp-content\/uploads\/2021\/12\/254293028_-300x224.png\" alt=\"\" width=\"637\" height=\"476\" srcset=\"https:\/\/havamall.vn\/wp-content\/uploads\/2021\/12\/254293028_-300x224.png 300w, https:\/\/havamall.vn\/wp-content\/uploads\/2021\/12\/254293028_-430x322.png 430w, https:\/\/havamall.vn\/wp-content\/uploads\/2021\/12\/254293028_-150x112.png 150w, https:\/\/havamall.vn\/wp-content\/uploads\/2021\/12\/254293028_-700x524.png 700w, https:\/\/havamall.vn\/wp-content\/uploads\/2021\/12\/254293028_-768x575.png 768w, https:\/\/havamall.vn\/wp-content\/uploads\/2021\/12\/254293028_-1024x766.png 1024w, https:\/\/havamall.vn\/wp-content\/uploads\/2021\/12\/254293028_-600x449.png 600w, https:\/\/havamall.vn\/wp-content\/uploads\/2021\/12\/254293028_.png 1108w\" sizes=\"(max-width: 637px) 100vw, 637px\" \/><\/p>\n<div class=\"kvgmc6g5 cxmmr5t8 oygrvhab hcukyx3x c1et5uql ii04i59q\">\n<p dir=\"auto\">K\u1eb9o Socola Merletto Nh\u00e2n Caramel V\u00e0 Anh \u0110\u00e0o lu\u00f4n \u0111\u01b0\u1ee3c ch\u00e0o \u0111\u00f3n b\u1edfi nh\u1eefng ng\u01b0\u1eddi y\u00eau ng\u1ecdt b\u1edfi s\u1ee9c h\u1ea5p d\u1eabn c\u1ee7a ch\u00fang. Vi\u00ean k\u1eb9o socola , c\u00f3 h\u01b0\u01a1ng v\u1ecb h\u00f2a quy\u1ec7n gi\u1eefa socola \u0111\u1eafng , caramel ng\u1ecdt v\u00e0 anh \u0111\u00e0o thanh nh\u1eb9. \u0110\u1eb7c bi\u1ec7t, ng\u01b0\u1eddi ta th\u00edch th\u00fa v\u1edbi ph\u1ea7n nh\u00e2n &#8220;tan ch\u1ea3y&#8221; ng\u1ecdt l\u1ecbm b\u00ean trong Merletto c\u1ee7a nh\u00e2n Anh \u0110\u00e0o.<\/p>\n<p dir=\"auto\"><img decoding=\"async\" class=\"wp-image-24185 aligncenter\" src=\"https:\/\/havamall.vn\/wp-content\/uploads\/2021\/12\/07b1-300x200.png\" alt=\"\" width=\"636\" height=\"424\" srcset=\"https:\/\/havamall.vn\/wp-content\/uploads\/2021\/12\/07b1-300x200.png 300w, https:\/\/havamall.vn\/wp-content\/uploads\/2021\/12\/07b1-430x287.png 430w, https:\/\/havamall.vn\/wp-content\/uploads\/2021\/12\/07b1-150x100.png 150w, https:\/\/havamall.vn\/wp-content\/uploads\/2021\/12\/07b1-700x467.png 700w, https:\/\/havamall.vn\/wp-content\/uploads\/2021\/12\/07b1-768x512.png 768w, https:\/\/havamall.vn\/wp-content\/uploads\/2021\/12\/07b1-600x400.png 600w, https:\/\/havamall.vn\/wp-content\/uploads\/2021\/12\/07b1.png 900w\" sizes=\"(max-width: 636px) 100vw, 636px\" \/><\/p>\n<h3><strong>\u0110\u1eb7c \u0111i\u1ec3m n\u1ed5i b\u1eadt c\u1ee7a s\u1ea3n ph\u1ea9m:<\/strong><\/h3>\n<\/div>\n<div dir=\"auto\">&#8211; S\u1ea3n ph\u1ea9m \u0111\u01b0\u1ee3c s\u1ea3n xu\u1ea5t tr\u00ean d\u00e2y chuy\u1ec1n c\u00f4ng ngh\u1ec7 hi\u1ec7n \u0111\u1ea1i, \u0111\u1ea3m b\u1ea3o an to\u00e0n cho s\u1ee9c kh\u1ecfe ng\u01b0\u1eddi s\u1eed d\u1ee5ng<\/div>\n<p dir=\"auto\">&#8211; H\u01b0\u01a1ng v\u1ecb nh\u00e2n caramel v\u00e0 anh \u0111\u00e0o th\u01a1 ngon<\/p>\n<p dir=\"auto\">&#8211; \u0110\u00f3ng h\u1ed9p \u0111\u1eb9p m\u1eaft v\u00e0 sang tr\u1ecdng<\/p>\n<p dir=\"auto\">&#8211; D\u00e0nh cho m\u1ecdi l\u1ee9a tu\u1ed5i<\/p>\n<p dir=\"auto\">S\u1ea3n ph\u1ea9m hi\u1ec7n \u0111\u00e3 c\u00f3 m\u1eb7t t\u1ea1i Havamall.<\/p>","protected":false},"excerpt":{"rendered":"<p>Socola Merletto Premium c\u1ee7a Nga v\u1edbi 2 m\u00e0u h\u1ed3ng t\u01b0\u1ee3ng tr\u01b0ng cho hoa \u0111\u00e0o, v\u00e0ng t\u01b0\u1ee3ng tr\u01b0ng cho hoa mai.<\/p>","protected":false},"featured_media":24186,"comment_status":"open","ping_status":"closed","template":"","meta":[],"product_brand":[],"product_cat":[36,133],"product_tag":[],"class_list":{"0":"post-24181","1":"product","2":"type-product","3":"status-publish","4":"has-post-thumbnail","6":"product_cat-thuc-pham-tieu-dung","7":"product_cat-banh-keo-chocolate","9":"first","10":"outofstock","11":"sale","12":"shipping-taxable","13":"purchasable","14":"product-type-simple"},"_links":{"self":[{"href":"https:\/\/havamall.vn\/en\/wp-json\/wp\/v2\/product\/24181"}],"collection":[{"href":"https:\/\/havamall.vn\/en\/wp-json\/wp\/v2\/product"}],"about":[{"href":"https:\/\/havamall.vn\/en\/wp-json\/wp\/v2\/types\/product"}],"replies":[{"embeddable":true,"href":"https:\/\/havamall.vn\/en\/wp-json\/wp\/v2\/comments?post=24181"}],"version-history":[{"count":0,"href":"https:\/\/havamall.vn\/en\/wp-json\/wp\/v2\/product\/24181\/revisions"}],"wp:featuredmedia":[{"embeddable":true,"href":"https:\/\/havamall.vn\/en\/wp-json\/wp\/v2\/media\/24186"}],"wp:attachment":[{"href":"https:\/\/havamall.vn\/en\/wp-json\/wp\/v2\/media?parent=24181"}],"wp:term":[{"taxonomy":"product_brand","embeddable":true,"href":"https:\/\/havamall.vn\/en\/wp-json\/wp\/v2\/product_brand?post=24181"},{"taxonomy":"product_cat","embeddable":true,"href":"https:\/\/havamall.vn\/en\/wp-json\/wp\/v2\/product_cat?post=24181"},{"taxonomy":"product_tag","embeddable":true,"href":"https:\/\/havamall.vn\/en\/wp-json\/wp\/v2\/product_tag?post=24181"}],"curies":[{"name":"wp","href":"https:\/\/api.w.org\/{rel}","templated":true}]}}