{"id":24165,"date":"2021-12-02T09:08:03","date_gmt":"2021-12-02T02:08:03","guid":{"rendered":"https:\/\/havamall.vn\/?post_type=product&#038;p=24165"},"modified":"2022-01-07T14:03:09","modified_gmt":"2022-01-07T07:03:09","slug":"socola-ruou-ebpona-hop-250g","status":"publish","type":"product","link":"https:\/\/havamall.vn\/en\/shop\/socola-ruou-ebpona-hop-250g\/","title":{"rendered":"Socola R\u01b0\u1ee3u Ebpona H\u1ed9p 250g"},"content":{"rendered":"<p>C\u00f3 l\u1ebd v\u1edbi c\u00e1c \u0111\u1ea5ng m\u00e0y r\u00e2u th\u00ec kh\u00f4ng c\u00f2n xa l\u1ea1 g\u00ec v\u1edbi c\u00e1c t\u00ean g\u1ecdi nh\u01b0 Remy Martin, Johnny Walker, VOSP\u2026 \u0110\u00e2y l\u00e0 nh\u1eefng th\u01b0\u01a1ng hi\u1ec7u qu\u00e1 quen thu\u1ed9c n\u00f3i l\u00ean d\u00f2ng s\u1ea3n ph\u1ea9m r\u01b0\u1ee3u cao c\u1ea5p \u0111\u00e3 v\u00e0 \u0111ang r\u1ea5t nhi\u1ec1u ng\u01b0\u1eddi tr\u00ean th\u1ebf gi\u1edbi \u01b0a chu\u1ed9ng.<\/p>\n<p>K\u1eb9o socola R\u01b0\u1ee3u Nga v\u1edbi ti\u00eau ch\u00ed mang l\u1ea1i s\u1ef1 \u0111\u1ed9c \u0111\u00e1o trong nh\u1eefng ng\u00e0y l\u1ec5 t\u1ebft, \u0111\u1ed3ng th\u1eddi g\u00e2y s\u1ef1 b\u1ea5t ng\u1edd th\u00edch th\u00fa v\u1edbi nh\u1eefng m\u00f3n qu\u00e0 t\u1eb7ng cho ng\u01b0\u1eddi th\u00e2n, gia \u0111\u00ecnh b\u00e8 b\u1ea1n v\u00e0 c\u00e1c \u0111\u1ed1i t\u00e1c&#8230;hay \u0111\u01a1n gi\u1ea3n ch\u1ec9 \u0111\u1ec3 t\u1ef1 m\u00ecnh kh\u00e1m ph\u00e1, th\u01b0\u1edfng th\u1ee9c nh\u1eefng h\u01b0\u01a1ng v\u1ecb tuy\u1ec7t v\u1eddi t\u1eeb Chocolate nguy\u00ean ch\u1ea5t h\u00f2a quy\u1ec7n v\u1edbi h\u01b0\u01a1ng v\u1ecb th\u01a1m l\u1eebng, t\u00ea t\u00ea ngay \u0111\u1ea7u l\u01b0\u1ee1i c\u1ee7a nh\u1eefng th\u01b0\u01a1ng hi\u1ec7u r\u01b0\u1ee3u n\u1ed5i ti\u1ebfng tr\u00ean kh\u1eafp th\u1ebf gi\u1edbi c\u00f3 m\u1eb7t trong m\u1ed9t s\u1ea3n ph\u1ea9m.<\/p>\n<p><img fetchpriority=\"high\" decoding=\"async\" class=\"wp-image-24173 aligncenter\" src=\"https:\/\/havamall.vn\/wp-content\/uploads\/2021\/12\/e3f93d74d-273x300.png\" alt=\"\" width=\"601\" height=\"660\" srcset=\"https:\/\/havamall.vn\/wp-content\/uploads\/2021\/12\/e3f93d74d-273x300.png 273w, https:\/\/havamall.vn\/wp-content\/uploads\/2021\/12\/e3f93d74d-430x472.png 430w, https:\/\/havamall.vn\/wp-content\/uploads\/2021\/12\/e3f93d74d-150x165.png 150w, https:\/\/havamall.vn\/wp-content\/uploads\/2021\/12\/e3f93d74d-700x769.png 700w, https:\/\/havamall.vn\/wp-content\/uploads\/2021\/12\/e3f93d74d-768x843.png 768w, https:\/\/havamall.vn\/wp-content\/uploads\/2021\/12\/e3f93d74d-600x659.png 600w, https:\/\/havamall.vn\/wp-content\/uploads\/2021\/12\/e3f93d74d.png 795w\" sizes=\"(max-width: 601px) 100vw, 601px\" \/><\/p>\n<p>K\u1eb9o Chocolate R\u01b0\u1ee3u EBPONA Nga 250g l\u00e0 lo\u1ea1i k\u1eb9o socola c\u00f3 m\u00f9i h\u01b0\u01a1ng v\u1ecb th\u01a1m ngon \u0111\u1eb7c bi\u1ec7t mang \u0111\u1ebfn cho ng\u01b0\u1eddi th\u01b0\u1edfng th\u1ee9c c\u1ea3m gi\u00e1c th\u1eadt tho\u1ea3i m\u00e1i. K\u1eb9o socola nh\u00e2n r\u01b0\u1ee3u \u0111\u01b0\u1ee3c thi\u1ebft k\u1ebf d\u1ea1ng h\u1ed9p tr\u00f2n b\u00ean trong l\u00e0 h\u00ecnh chai r\u01b0\u1ee3u mang \u0111\u1eb7c tr\u01b0ng ri\u00eang c\u1ee7a n\u01b0\u1edbc nga, v\u1edbi nhi\u1ec1u m\u00e0u s\u1eafc kh\u00e1c nhau t\u1ea1o l\u00ean v\u1ebb \u0111\u1eb9p v\u00e0 sang tr\u1ecdng c\u1ee7a k\u1eb9o.<\/p>\n<p>K\u1eb9o socola Ebpona nh\u00e2n r\u01b0\u1ee3u l\u00e0 lo\u1ea1i k\u1eb9o socola c\u00f3 h\u01b0\u01a1ng v\u1ecb th\u01a1m ngon \u0111\u1eb7c bi\u1ec7t mang \u0111\u1ebfn cho ng\u01b0\u1eddi th\u01b0\u1edfng th\u1ee9c c\u1ea3m gi\u00e1c th\u1eadt tho\u1ea3i m\u00e1i v\u00e0 ch\u1eafc ch\u1eafn s\u1ebd l\u00e0 m\u00f3n \u0103n v\u1eb7t h\u00e0ng ng\u00e0y t\u1ed1t cho s\u1ee9c kh\u1ecfe c\u1ee7a nhi\u1ec1u ng\u01b0\u1eddi.<\/p>\n<p><img decoding=\"async\" class=\"wp-image-24171 aligncenter\" src=\"https:\/\/havamall.vn\/wp-content\/uploads\/2021\/12\/candywa-300x136.png\" alt=\"\" width=\"610\" height=\"277\" srcset=\"https:\/\/havamall.vn\/wp-content\/uploads\/2021\/12\/candywa-300x136.png 300w, https:\/\/havamall.vn\/wp-content\/uploads\/2021\/12\/candywa-430x195.png 430w, https:\/\/havamall.vn\/wp-content\/uploads\/2021\/12\/candywa-150x68.png 150w, https:\/\/havamall.vn\/wp-content\/uploads\/2021\/12\/candywa-700x317.png 700w, https:\/\/havamall.vn\/wp-content\/uploads\/2021\/12\/candywa-768x348.png 768w, https:\/\/havamall.vn\/wp-content\/uploads\/2021\/12\/candywa-600x272.png 600w, https:\/\/havamall.vn\/wp-content\/uploads\/2021\/12\/candywa.png 860w\" sizes=\"(max-width: 610px) 100vw, 610px\" \/><\/p>\n<p>K\u1eb9o S\u00f4 c\u00f4 la nh\u00e2n r\u01b0\u1ee3u Nga c\u00f3 nhi\u1ec1u h\u01b0\u01a1ng v\u1ecb kh\u00e1c nhau, m\u1ed7i h\u01b0\u01a1ng v\u1ecb \u0111\u1ec1u mang \u0111\u1ebfn cho ng\u01b0\u1eddi th\u01b0\u1edfng th\u1ee9c m\u1ed9t s\u1eafc th\u00e1i \u0111\u1eb7c tr\u01b0ng ri\u00eang ph\u00f9 h\u1ee3p v\u1edbi s\u1edf th\u00edch t\u1eebng ng\u01b0\u1eddi nh\u01b0 v\u1ecb r\u01b0\u1ee3u cognac,v\u1ecb anh \u0111\u00e0o, v\u1ecb vi\u1ec7t qu\u1ea5t, v\u1ecb r\u01b0\u1ee3u, v\u1ecb vodka\u2026 h\u1ed9p K\u1eb9o socola nh\u00e2n r\u01b0\u1ee3u g\u1ed3m 15 vi\u00ean k\u1eb9o ch\u1eafc ch\u1eafn s\u1ebd l\u00e0 m\u00f3n qu\u00e0 r\u1ea5t l\u1ecbch s\u1ef1 v\u00e0 sang tr\u1ecdng khi bi\u1ebfu t\u1eb7ng b\u1ea1n b\u00e8 v\u00e0 ng\u01b0\u1eddi th\u00e2n trong gia \u0111\u00ecnh.<\/p>\n<p><img decoding=\"async\" class=\"wp-image-24172 aligncenter\" src=\"https:\/\/havamall.vn\/wp-content\/uploads\/2021\/12\/258234853_-300x300.png\" alt=\"\" width=\"621\" height=\"621\" srcset=\"https:\/\/havamall.vn\/wp-content\/uploads\/2021\/12\/258234853_-300x300.png 300w, https:\/\/havamall.vn\/wp-content\/uploads\/2021\/12\/258234853_-430x430.png 430w, https:\/\/havamall.vn\/wp-content\/uploads\/2021\/12\/258234853_-150x150.png 150w, https:\/\/havamall.vn\/wp-content\/uploads\/2021\/12\/258234853_-700x700.png 700w, https:\/\/havamall.vn\/wp-content\/uploads\/2021\/12\/258234853_-768x768.png 768w, https:\/\/havamall.vn\/wp-content\/uploads\/2021\/12\/258234853_-600x600.png 600w, https:\/\/havamall.vn\/wp-content\/uploads\/2021\/12\/258234853_-100x100.png 100w, https:\/\/havamall.vn\/wp-content\/uploads\/2021\/12\/258234853_.png 960w\" sizes=\"(max-width: 621px) 100vw, 621px\" \/><\/p>\n<p>K\u1eb9o socola nh\u00e2n r\u01b0\u1ee3u \u0111\u01b0\u1ee3c thi\u1ebft k\u1ebf d\u1ea1ng h\u1ed9p tr\u00f2n b\u00ean trong l\u00e0 h\u00ecnh chai r\u01b0\u1ee3u mang \u0111\u1eb7c tr\u01b0ng ri\u00eang c\u1ee7a n\u01b0\u1edbc Nga, v\u1edbi nhi\u1ec1u m\u00e0u s\u1eafc kh\u00e1c nhau t\u1ea1o l\u00ean v\u1ebb \u0111\u1eb9p, sang tr\u1ecdng v\u00e0 s\u1ef1 th\u00fa v\u1ecb cho t\u1eebng vi\u00ean k\u1eb9o.<\/p>\n<p>H\u1ed9p k\u1eb9o socola nh\u00e2n r\u01b0\u1ee3u Ebpona g\u1ed3m 15 vi\u00ean k\u1eb9o kh\u00e1c nhau, ch\u1eafc ch\u1eafn s\u1ebd l\u00e0 m\u00f3n qu\u00e0 r\u1ea5t l\u1ecbch s\u1ef1 v\u00e0 sang tr\u1ecdng d\u00e0nh bi\u1ebfu t\u1eb7ng nh\u1eefng ng\u01b0\u1eddi th\u00e2n y\u00eau, \u0111\u00e1ng k\u00ednh nh\u00e2n d\u1ecbp L\u1ec5 T\u1ebft s\u1eafp \u0111\u1ebfn.<\/p>\n<p><img loading=\"lazy\" decoding=\"async\" class=\"wp-image-24170 aligncenter\" src=\"https:\/\/havamall.vn\/wp-content\/uploads\/2021\/12\/260549371_164391695-300x300.png\" alt=\"\" width=\"602\" height=\"602\" srcset=\"https:\/\/havamall.vn\/wp-content\/uploads\/2021\/12\/260549371_164391695-300x300.png 300w, https:\/\/havamall.vn\/wp-content\/uploads\/2021\/12\/260549371_164391695-430x430.png 430w, https:\/\/havamall.vn\/wp-content\/uploads\/2021\/12\/260549371_164391695-150x150.png 150w, https:\/\/havamall.vn\/wp-content\/uploads\/2021\/12\/260549371_164391695-700x700.png 700w, https:\/\/havamall.vn\/wp-content\/uploads\/2021\/12\/260549371_164391695-768x768.png 768w, https:\/\/havamall.vn\/wp-content\/uploads\/2021\/12\/260549371_164391695-600x600.png 600w, https:\/\/havamall.vn\/wp-content\/uploads\/2021\/12\/260549371_164391695-100x100.png 100w, https:\/\/havamall.vn\/wp-content\/uploads\/2021\/12\/260549371_164391695.png 960w\" sizes=\"(max-width: 602px) 100vw, 602px\" \/><\/p>\n<p>S\u1ea3n ph\u1ea9m \u0111\u00e3 c\u00f3 m\u1eb7t t\u1ea1i Havamall.<\/p>","protected":false},"excerpt":{"rendered":"<p>C\u00f3 l\u1ebd v\u1edbi c\u00e1c \u0111\u1ea5ng m\u00e0y r\u00e2u th\u00ec kh\u00f4ng c\u00f2n xa l\u1ea1 g\u00ec v\u1edbi c\u00e1c t\u00ean g\u1ecdi nh\u01b0 Remy Martin,<\/p>","protected":false},"featured_media":24167,"comment_status":"open","ping_status":"closed","template":"","meta":[],"product_brand":[],"product_cat":[36,133,143],"product_tag":[],"class_list":{"0":"post-24165","1":"product","2":"type-product","3":"status-publish","4":"has-post-thumbnail","6":"product_cat-thuc-pham-tieu-dung","7":"product_cat-banh-keo-chocolate","8":"product_cat-thuc-pham-dong-hop","10":"first","11":"outofstock","12":"sale","13":"shipping-taxable","14":"purchasable","15":"product-type-simple"},"_links":{"self":[{"href":"https:\/\/havamall.vn\/en\/wp-json\/wp\/v2\/product\/24165"}],"collection":[{"href":"https:\/\/havamall.vn\/en\/wp-json\/wp\/v2\/product"}],"about":[{"href":"https:\/\/havamall.vn\/en\/wp-json\/wp\/v2\/types\/product"}],"replies":[{"embeddable":true,"href":"https:\/\/havamall.vn\/en\/wp-json\/wp\/v2\/comments?post=24165"}],"version-history":[{"count":0,"href":"https:\/\/havamall.vn\/en\/wp-json\/wp\/v2\/product\/24165\/revisions"}],"wp:featuredmedia":[{"embeddable":true,"href":"https:\/\/havamall.vn\/en\/wp-json\/wp\/v2\/media\/24167"}],"wp:attachment":[{"href":"https:\/\/havamall.vn\/en\/wp-json\/wp\/v2\/media?parent=24165"}],"wp:term":[{"taxonomy":"product_brand","embeddable":true,"href":"https:\/\/havamall.vn\/en\/wp-json\/wp\/v2\/product_brand?post=24165"},{"taxonomy":"product_cat","embeddable":true,"href":"https:\/\/havamall.vn\/en\/wp-json\/wp\/v2\/product_cat?post=24165"},{"taxonomy":"product_tag","embeddable":true,"href":"https:\/\/havamall.vn\/en\/wp-json\/wp\/v2\/product_tag?post=24165"}],"curies":[{"name":"wp","href":"https:\/\/api.w.org\/{rel}","templated":true}]}}