{"id":24139,"date":"2021-12-01T16:21:59","date_gmt":"2021-12-01T09:21:59","guid":{"rendered":"https:\/\/havamall.vn\/?post_type=product&#038;p=24139"},"modified":"2022-11-01T13:36:49","modified_gmt":"2022-11-01T06:36:49","slug":"banh-quy-hinh-nam-nhap-khau-tu-nga-hop-270g","status":"publish","type":"product","link":"https:\/\/havamall.vn\/en\/shop\/banh-quy-hinh-nam-nhap-khau-tu-nga-hop-270g\/","title":{"rendered":"B\u00e1nh Quy H\u00ecnh N\u1ea5m Nh\u1eadp Kh\u1ea9u T\u1eeb Nga H\u1ed9p 270g"},"content":{"rendered":"<p>Khi n\u00f3i r\u1eb1ng n\u01b0\u1edbc Nga ch\u00ednh l\u00e0 thi\u00ean \u0111\u01b0\u1eddng \u0111\u1ed3 \u0103n v\u1eb7t \u0111\u1eb7c bi\u1ec7t l\u00e0 socola. Socola c\u1ee7a Nga khi\u1ebfn ng\u01b0\u1eddi \u0103n \u1ea5n t\u01b0\u1ee3ng b\u1edfi h\u01b0\u01a1ng th\u01a1m n\u1ed3ng n\u00e0n, m\u00f9i v\u1ecb \u0111\u1eb7c tr\u01b0ng v\u00e0 ki\u1ec3u d\u00e1ng v\u00f4 c\u00f9ng \u0111a d\u1ea1ng, phong ph\u00fa. M\u1ed9t trong nh\u1eefng s\u1ea3n ph\u1ea9m hot nh\u1ea5t tr\u00ean th\u1ecb tr\u01b0\u1eddng b\u00e1nh k\u1eb9o Nga t\u1eeb cu\u1ed1i n\u0103m 2015 \u0111\u1ebfn nay ch\u00ednh l\u00e0 b\u00e1nh quy h\u00ecnh n\u1ea5m socola.<\/p>\n<p><img fetchpriority=\"high\" decoding=\"async\" class=\"wp-image-24140 aligncenter\" src=\"https:\/\/havamall.vn\/wp-content\/uploads\/2021\/12\/cookies-in-the-s-300x196.png\" alt=\"\" width=\"652\" height=\"426\" srcset=\"https:\/\/havamall.vn\/wp-content\/uploads\/2021\/12\/cookies-in-the-s-300x196.png 300w, https:\/\/havamall.vn\/wp-content\/uploads\/2021\/12\/cookies-in-the-s-430x281.png 430w, https:\/\/havamall.vn\/wp-content\/uploads\/2021\/12\/cookies-in-the-s-150x98.png 150w, https:\/\/havamall.vn\/wp-content\/uploads\/2021\/12\/cookies-in-the-s-700x458.png 700w, https:\/\/havamall.vn\/wp-content\/uploads\/2021\/12\/cookies-in-the-s-768x503.png 768w, https:\/\/havamall.vn\/wp-content\/uploads\/2021\/12\/cookies-in-the-s-1024x670.png 1024w, https:\/\/havamall.vn\/wp-content\/uploads\/2021\/12\/cookies-in-the-s-1200x786.png 1200w, https:\/\/havamall.vn\/wp-content\/uploads\/2021\/12\/cookies-in-the-s-600x393.png 600w, https:\/\/havamall.vn\/wp-content\/uploads\/2021\/12\/cookies-in-the-s.png 1300w\" sizes=\"(max-width: 652px) 100vw, 652px\" \/><\/p>\n<p>N\u1ebfu nh\u01b0 k\u1eb9o socola h\u1ea1nh nh\u00e2n c\u1ee7a Nga l\u00e0 s\u1ef1 k\u1ebft h\u1ee3p tuy\u1ec7t v\u1eddi c\u1ee7a socola ng\u1ecdt th\u01a1m v\u00e0 h\u1ea1nh nh\u00e2n b\u00f9i b\u00f9i, gi\u00e0u ch\u1ea5t dinh d\u01b0\u1ee1ng th\u00ec b\u00e1nh quy n\u1ea5m socola l\u1ea1i l\u00e0 s\u1ef1 h\u00f2a quy\u1ec7n ho\u00e0n h\u1ea3o gi\u1eefa b\u00e1nh quy gi\u00f2n tan v\u00e0 socola. Ph\u1ea7n th\u00e2n b\u00e1nh \u0111\u01b0\u1ee3c l\u00e0m t\u1eeb b\u00e1nh quy th\u01a1m m\u00f9i s\u1eefa t\u01b0\u01a1i, v\u00e0ng \u01b0\u01a1m v\u00e0 gi\u00f2n r\u1ee5m. Th\u00e2n b\u00e1nh kh\u00f4ng kh\u00f4 v\u00e0 v\u1ee1 v\u1ee5n nh\u01b0 nhi\u1ec1u lo\u1ea1i b\u00e1nh th\u00f4ng th\u01b0\u1eddng kh\u00e1c m\u00e0 v\u1eabn gi\u1eef \u0111\u01b0\u1ee3c \u0111\u1ed9 \u1ea9m t\u1ef1 nhi\u00ean khi\u1ebfn ng\u01b0\u1eddi \u0103n c\u1ea3m nh\u1eadn r\u00f5 v\u1ecb s\u1eefa trong t\u1eebng mi\u1ebfng b\u00e1nh.<\/p>\n<p><img decoding=\"async\" class=\"wp-image-24141 aligncenter\" src=\"https:\/\/havamall.vn\/wp-content\/uploads\/2021\/12\/HTB1G-300x300.png\" alt=\"\" width=\"662\" height=\"662\" srcset=\"https:\/\/havamall.vn\/wp-content\/uploads\/2021\/12\/HTB1G-300x300.png 300w, https:\/\/havamall.vn\/wp-content\/uploads\/2021\/12\/HTB1G-430x430.png 430w, https:\/\/havamall.vn\/wp-content\/uploads\/2021\/12\/HTB1G-150x150.png 150w, https:\/\/havamall.vn\/wp-content\/uploads\/2021\/12\/HTB1G-700x700.png 700w, https:\/\/havamall.vn\/wp-content\/uploads\/2021\/12\/HTB1G-768x768.png 768w, https:\/\/havamall.vn\/wp-content\/uploads\/2021\/12\/HTB1G-600x600.png 600w, https:\/\/havamall.vn\/wp-content\/uploads\/2021\/12\/HTB1G-100x100.png 100w, https:\/\/havamall.vn\/wp-content\/uploads\/2021\/12\/HTB1G.png 800w\" sizes=\"(max-width: 662px) 100vw, 662px\" \/><\/p>\n<p>\u0110i\u1ec1u \u0111\u1eb7c bi\u1ec7t nh\u1ea5t kh\u00f4ng th\u1ec3 kh\u00f4ng k\u1ec3 \u0111\u1ebfn ph\u1ea7n m\u0169 n\u1ea5m \u0111\u01b0\u1ee3c l\u00e0m t\u1eeb socola c\u1ee7a Nga v\u1edbi hai lo\u1ea1i ch\u00ednh l\u00e0 socola \u0111en v\u00e0 socola tr\u1eafng. Socola \u0111en c\u00f3 v\u1ecb h\u01a1i ng\u0103m \u0111\u1eafng mang \u0111\u1eadm n\u00e9t \u0111\u1eb7c tr\u01b0ng c\u1ee7a socola nguy\u00ean ch\u1ea5t trong khi socola tr\u1eafng th\u01a1m ng\u1eady m\u00f9i s\u1eefa, th\u00edch h\u1ee3p cho tr\u1ebb nh\u1ecf v\u00e0 ng\u01b0\u1eddi cao tu\u1ed5i.<\/p>\n<p>B\u00e1nh quy v\u00e0 socola t\u01b0\u1edfng ch\u1eebng kh\u00f4ng th\u1ec3 k\u1ebft h\u1ee3p \u0111\u01b0\u1ee3c v\u1edbi nhau nh\u01b0ng d\u01b0\u1edbi \u0111\u00f4i b\u00e0n tay v\u00e0 s\u1ef1 s\u00e1ng t\u1ea1o tuy\u1ec7t v\u1eddi c\u1ee7a ng\u01b0\u1eddi Nga, b\u00e1nh quy n\u1ea5m socola \u0111\u00e3 v\u00e0 \u0111ang tr\u1edf th\u00e0nh m\u00f3n \u0103n v\u1eb7t c\u0169ng nh\u01b0 qu\u00e0 bi\u1ebfu v\u00f4 c\u00f9ng \u00fd ngh\u0129a, \u0111\u01b0\u1ee3c nhi\u1ec1u ng\u01b0\u1eddi s\u0103n \u0111\u00f3n \u0111\u1eb7c bi\u1ec7t t\u1ea1i th\u1ecb tr\u01b0\u1eddng Vi\u1ec7t Nam.<\/p>\n<p><img decoding=\"async\" class=\"wp-image-24142 aligncenter\" src=\"https:\/\/havamall.vn\/wp-content\/uploads\/2021\/12\/k4wMXW-300x225.png\" alt=\"\" width=\"673\" height=\"505\" srcset=\"https:\/\/havamall.vn\/wp-content\/uploads\/2021\/12\/k4wMXW-300x225.png 300w, https:\/\/havamall.vn\/wp-content\/uploads\/2021\/12\/k4wMXW-430x323.png 430w, https:\/\/havamall.vn\/wp-content\/uploads\/2021\/12\/k4wMXW-150x113.png 150w, https:\/\/havamall.vn\/wp-content\/uploads\/2021\/12\/k4wMXW-700x525.png 700w, https:\/\/havamall.vn\/wp-content\/uploads\/2021\/12\/k4wMXW-768x576.png 768w, https:\/\/havamall.vn\/wp-content\/uploads\/2021\/12\/k4wMXW-1024x768.png 1024w, https:\/\/havamall.vn\/wp-content\/uploads\/2021\/12\/k4wMXW-1200x900.png 1200w, https:\/\/havamall.vn\/wp-content\/uploads\/2021\/12\/k4wMXW-600x450.png 600w, https:\/\/havamall.vn\/wp-content\/uploads\/2021\/12\/k4wMXW.png 1600w\" sizes=\"(max-width: 673px) 100vw, 673px\" \/><\/p>\n<p>M\u1ed7i chi\u1ebfc b\u00e1nh quy \u0111\u01b0\u1ee3c ph\u1ecfng theo h\u00ecnh chi\u1ebfc n\u1ea5m nh\u1ecf nh\u1eafn, \u0111\u00e1ng y\u00eau, thu h\u00fat s\u1ef1 ch\u00fa \u00fd c\u1ee7a t\u1ea5t c\u1ea3 m\u1ecdi ng\u01b0\u1eddi \u0111\u1eb7c bi\u1ec7t l\u00e0 tr\u1ebb nh\u1ecf. Kh\u00f4ng ch\u1ec9 c\u00f3 v\u1eady, ng\u01b0\u1eddi Nga c\u00f2n \u0111\u1eb7c bi\u1ec7t c\u1ea9n th\u1eadn khi \u0111\u00f3ng g\u00f3i b\u00e1nh quy n\u1ea5m socola v\u1edbi kh\u1ed1i l\u01b0\u1ee3ng kh\u00e1c nhau nh\u01b0 300g, 500g, 1kg,\u2026 \u0111\u1ec3 ph\u00f9 h\u1ee3p v\u1edbi nhu c\u1ea7u ng\u01b0\u1eddi s\u1eed d\u1ee5ng. B\u00e1nh \u0111\u01b0\u1ee3c b\u1ea3o qu\u1ea3n b\u1edfi nh\u1eefng chi\u1ebfc h\u1ed9p sang tr\u1ecdng, tinh t\u1ebf, cung c\u1ea5p cho ng\u01b0\u1eddi \u0111\u1ecdc kh\u00f4ng ch\u1ec9 t\u00ean g\u1ecdi, th\u00e0nh ph\u1ea7n m\u00e0 c\u00f2n c\u00f3 c\u1ea3 gi\u00e1 tr\u1ecb dinh d\u01b0\u1ee1ng.<\/p>\n<p><img loading=\"lazy\" decoding=\"async\" class=\"wp-image-24143 aligncenter\" src=\"https:\/\/havamall.vn\/wp-content\/uploads\/2021\/12\/fcebbfa6ca-300x300.png\" alt=\"\" width=\"676\" height=\"677\" srcset=\"https:\/\/havamall.vn\/wp-content\/uploads\/2021\/12\/fcebbfa6ca-300x300.png 300w, https:\/\/havamall.vn\/wp-content\/uploads\/2021\/12\/fcebbfa6ca-430x430.png 430w, https:\/\/havamall.vn\/wp-content\/uploads\/2021\/12\/fcebbfa6ca-150x150.png 150w, https:\/\/havamall.vn\/wp-content\/uploads\/2021\/12\/fcebbfa6ca-700x700.png 700w, https:\/\/havamall.vn\/wp-content\/uploads\/2021\/12\/fcebbfa6ca-768x768.png 768w, https:\/\/havamall.vn\/wp-content\/uploads\/2021\/12\/fcebbfa6ca-600x600.png 600w, https:\/\/havamall.vn\/wp-content\/uploads\/2021\/12\/fcebbfa6ca-100x100.png 100w, https:\/\/havamall.vn\/wp-content\/uploads\/2021\/12\/fcebbfa6ca.png 800w\" sizes=\"(max-width: 676px) 100vw, 676px\" \/><\/p>\n<p>B\u00e1nh n\u1ea5m socola Nga l\u00e0 s\u1ef1 k\u1ebft h\u1ee3p c\u1ee7a b\u00e1nh quy gi\u00f2n r\u1ee5m,m\u0169 n\u1ea5m \u0111\u01b0\u01a1c l\u00e0m t\u1eeb socola \u0111en,socola tr\u1eafng nguy\u00ean ch\u1ea5t th\u01a1m ngon,\u0103n k\u00e8m v\u1edbi th\u00e2n m\u00ecnh t\u1ea1o h\u01b0\u01a1ng v\u1ecb ri\u00eang m\u00e0 kh\u00f4ng h\u1ec1 ng\u1ea5y hay qu\u00e1 ng\u1ecdt l\u00e0 \u0111\u1ed3 \u0103n y\u00eau th\u00edch, b\u1ed5 d\u01b0\u1ee1ng \u0111\u01b0\u1ee3c r\u1ea5t nhi\u1ec1u b\u1ea1n nh\u1ecf y\u00eau th\u00edch.<\/p>\n<p>G\u1ecdi l\u00e0 b\u00e1nh quy n\u1ea5m Nga v\u00ec b\u00e1nh c\u00f3 h\u00ecnh gi\u1ed1ng c\u00e2y n\u1ea5m r\u1ea5t \u0111\u00e1ng y\u00eau xinh xinh v\u1eeba v\u1edbi tay c\u1ea7m c\u1ee7a tr\u1ebb em l\u1ea1i r\u1ea5t t\u1ed1t cho s\u1ee9c kh\u1ecfe kh\u00f4ng ch\u1ec9 l\u00e0 m\u00f3n \u0111\u1ed3 \u0103n tr\u1ebb em th\u00edch th\u00fa v\u00e0 c\u00f2n r\u1ea5t nhi\u1ec1u ng\u01b0\u1eddi c\u0169ng ph\u1ea3i n\u00f3i l\u00e0 nghi\u1ec7n khi \u0103n lo\u1ea1i b\u00e1nh th\u01a1m ngon n\u00e0y.<\/p>\n<p><img loading=\"lazy\" decoding=\"async\" class=\"wp-image-24206 aligncenter\" src=\"https:\/\/havamall.vn\/wp-content\/uploads\/2021\/12\/c172b5b-300x300.png\" alt=\"\" width=\"668\" height=\"668\" srcset=\"https:\/\/havamall.vn\/wp-content\/uploads\/2021\/12\/c172b5b-300x300.png 300w, https:\/\/havamall.vn\/wp-content\/uploads\/2021\/12\/c172b5b-430x430.png 430w, https:\/\/havamall.vn\/wp-content\/uploads\/2021\/12\/c172b5b-150x150.png 150w, https:\/\/havamall.vn\/wp-content\/uploads\/2021\/12\/c172b5b-700x700.png 700w, https:\/\/havamall.vn\/wp-content\/uploads\/2021\/12\/c172b5b-768x768.png 768w, https:\/\/havamall.vn\/wp-content\/uploads\/2021\/12\/c172b5b-600x600.png 600w, https:\/\/havamall.vn\/wp-content\/uploads\/2021\/12\/c172b5b-100x100.png 100w, https:\/\/havamall.vn\/wp-content\/uploads\/2021\/12\/c172b5b.png 800w\" sizes=\"(max-width: 668px) 100vw, 668px\" \/><\/p>\n<h3><strong>\u0110\u1eb7c \u0111i\u1ec3m n\u1ed5i b\u1eadt c\u1ee7a s\u1ea3n ph\u1ea9m:<\/strong><\/h3>\n<p>&#8211; L\u00e0 b\u00e1nh quy kh\u00f4ng qu\u00e1 c\u1ee9ng, c\u0169ng kh\u00f4ng qu\u00e1 m\u1ec1m<\/p>\n<p>&#8211; Gi\u00f2n gi\u00f2n, x\u1ed1p x\u1ed1p, c\u00f3 v\u1ecb th\u01a1m b\u00e9o c\u1ee7a b\u01a1<\/p>\n<p>&#8211; M\u0169 b\u00e1nh L\u00e0 chocolate s\u1eefa v\u00e0 chocolate tr\u1eafng th\u01b0\u1ee3ng h\u1ea1ng<\/p>\n<p>&#8211; Ng\u1ecdt nh\u1eb9, kh\u00f4ng g\u1eaft c\u1ed5<\/p>\n<p>&#8211; Chocolate h\u00f2a quy\u1ec7n v\u1edbi b\u00e1nh quy, tan ngay trong mi\u1ec7ng<\/p>\n<p>S\u1ea3n ph\u1ea9m hi\u1ec7n \u0111\u00e3 c\u00f3 m\u1eb7t t\u1ea1i Havamall.<\/p>","protected":false},"excerpt":{"rendered":"<p>Khi n\u00f3i r\u1eb1ng n\u01b0\u1edbc Nga ch\u00ednh l\u00e0 thi\u00ean \u0111\u01b0\u1eddng \u0111\u1ed3 \u0103n v\u1eb7t \u0111\u1eb7c bi\u1ec7t l\u00e0 socola. Socola c\u1ee7a Nga khi\u1ebfn<\/p>","protected":false},"featured_media":24145,"comment_status":"open","ping_status":"closed","template":"","meta":[],"product_brand":[],"product_cat":[36,133],"product_tag":[],"class_list":{"0":"post-24139","1":"product","2":"type-product","3":"status-publish","4":"has-post-thumbnail","6":"product_cat-thuc-pham-tieu-dung","7":"product_cat-banh-keo-chocolate","9":"first","10":"outofstock","11":"sale","12":"shipping-taxable","13":"purchasable","14":"product-type-variable"},"_links":{"self":[{"href":"https:\/\/havamall.vn\/en\/wp-json\/wp\/v2\/product\/24139"}],"collection":[{"href":"https:\/\/havamall.vn\/en\/wp-json\/wp\/v2\/product"}],"about":[{"href":"https:\/\/havamall.vn\/en\/wp-json\/wp\/v2\/types\/product"}],"replies":[{"embeddable":true,"href":"https:\/\/havamall.vn\/en\/wp-json\/wp\/v2\/comments?post=24139"}],"version-history":[{"count":0,"href":"https:\/\/havamall.vn\/en\/wp-json\/wp\/v2\/product\/24139\/revisions"}],"wp:featuredmedia":[{"embeddable":true,"href":"https:\/\/havamall.vn\/en\/wp-json\/wp\/v2\/media\/24145"}],"wp:attachment":[{"href":"https:\/\/havamall.vn\/en\/wp-json\/wp\/v2\/media?parent=24139"}],"wp:term":[{"taxonomy":"product_brand","embeddable":true,"href":"https:\/\/havamall.vn\/en\/wp-json\/wp\/v2\/product_brand?post=24139"},{"taxonomy":"product_cat","embeddable":true,"href":"https:\/\/havamall.vn\/en\/wp-json\/wp\/v2\/product_cat?post=24139"},{"taxonomy":"product_tag","embeddable":true,"href":"https:\/\/havamall.vn\/en\/wp-json\/wp\/v2\/product_tag?post=24139"}],"curies":[{"name":"wp","href":"https:\/\/api.w.org\/{rel}","templated":true}]}}