{"id":24109,"date":"2021-11-30T09:29:55","date_gmt":"2021-11-30T02:29:55","guid":{"rendered":"https:\/\/havamall.vn\/?post_type=product&#038;p=24109"},"modified":"2021-11-30T17:30:32","modified_gmt":"2021-11-30T10:30:32","slug":"day-kilm-tuyen-2m-uncle-billss-tinsel-2m","status":"publish","type":"product","link":"https:\/\/havamall.vn\/en\/shop\/day-kilm-tuyen-2m-uncle-billss-tinsel-2m\/","title":{"rendered":"D\u00e2y Kim Tuy\u1ebfn 2m Uncle Bills &#8211; Tinsel 2m"},"content":{"rendered":"<div class=\"o9v6fnle cxmmr5t8 oygrvhab hcukyx3x c1et5uql ii04i59q\">\n<h3><strong>TH\u00d4NG TIN TH\u01af\u01a0NG HI\u1ec6U<\/strong><\/h3>\n<\/div>\n<p>Uncle Bills (UBL) cung c\u1ea5p h\u01a1n 1800 s\u1ea3n ph\u1ea9m ti\u00eau d\u00f9ng phi th\u01b0\u0323c ph\u00e2\u0309m h\u00e2\u0301p d\u00e2\u0303n, ti\u00ea\u0323n i\u0301ch, gia\u0301 ph\u1ea3i ch\u0103ng. S\u1ea3n ph\u1ea9m bao g\u1ed3m nhi\u1ec1u lo\u1ea1i ha\u0300ng ho\u0301a kh\u00e1c nhau, t\u1eeb \u0111\u1ed3 du\u0300ng nh\u00e0 b\u1ebfp, ch\u0103m s\u00f3c c\u00e1 nh\u00e2n, l\u00e0m s\u1ea1ch nha\u0300 c\u01b0\u0309a, \u0111\u00f4\u0300 l\u01b0u tr\u1eef, ca\u0301c loa\u0323i du\u0323ng cu\u0323, v\u00e2\u0323t du\u0323ng ngo\u00e0i tr\u1eddi v\u00e0 ca\u0309 cho tr\u1ebb em.\u00a0 UBL Lu\u00f4n lu\u00f4n c\u00e2\u0323p nh\u00e2\u0323t ca\u0301c sa\u0309n ph\u00e2\u0309m m\u01a1\u0301i.<\/p>\n<p>S\u1ea3n ph\u1ea9m UBL \u0111\u01b0\u1ee3c s\u1ea3n xu\u1ea5t theo ti\u00eau chu\u1ea9n ch\u1ea5t l\u01b0\u1ee3ng nghi\u00eam ng\u1eb7t c\u1ee7a UBL Hongkong v\u00e0 b\u00e1n t\u1ea1i h\u01a1n 50 qu\u1ed1c gia v\u01a1\u0301i h\u01a1n 10.000 c\u1eeda h\u00e0ng, bao g\u1ed3m ch\u00e2u \u00c2u, \u00dac, Ch\u00e2u \u00c1, Ch\u00e2u Phi. S\u1ee9 m\u1ec7nh c\u1ee7a UBL l\u00e0 cung c\u1ea5p nh\u1eefng s\u1ea3n ph\u1ea9m ti\u1ec7n \u00edch v\u00e0 h\u1ea5p d\u1eabn cho ng\u00f4i nh\u00e0 hi\u1ec7n \u0111\u1ea1i c\u1ee7a ng\u01b0\u1eddi Vi\u1ec7t Nam.<\/p>\n<p><img fetchpriority=\"high\" decoding=\"async\" class=\"wp-image-24096 aligncenter\" src=\"https:\/\/havamall.vn\/wp-content\/uploads\/2021\/11\/7a4565aab9e3171165a8eafb557b0da0.jpg\" alt=\"\" width=\"720\" height=\"360\" srcset=\"https:\/\/havamall.vn\/wp-content\/uploads\/2021\/11\/7a4565aab9e3171165a8eafb557b0da0.jpg 1024w, https:\/\/havamall.vn\/wp-content\/uploads\/2021\/11\/7a4565aab9e3171165a8eafb557b0da0-430x215.jpg 430w, https:\/\/havamall.vn\/wp-content\/uploads\/2021\/11\/7a4565aab9e3171165a8eafb557b0da0-150x75.jpg 150w, https:\/\/havamall.vn\/wp-content\/uploads\/2021\/11\/7a4565aab9e3171165a8eafb557b0da0-700x350.jpg 700w, https:\/\/havamall.vn\/wp-content\/uploads\/2021\/11\/7a4565aab9e3171165a8eafb557b0da0-300x150.jpg 300w, https:\/\/havamall.vn\/wp-content\/uploads\/2021\/11\/7a4565aab9e3171165a8eafb557b0da0-768x384.jpg 768w, https:\/\/havamall.vn\/wp-content\/uploads\/2021\/11\/7a4565aab9e3171165a8eafb557b0da0-600x300.jpg 600w\" sizes=\"(max-width: 720px) 100vw, 720px\" \/><\/p>\n<p>\u0110\u1ebfm ng\u01b0\u1ee3c m\u1ed9t th\u00e1ng l\u00e0 \u0111\u00e3 \u0111\u1ebfn Gi\u00e1ng Sinh 2021 v\u00e0 s\u1ebd r\u1ea5t tuy\u1ec7t v\u1eddi khi ng\u00f4i nh\u00e0 c\u1ee7a b\u1ea1n \u0111\u01b0\u1ee3c trang tr\u00ed ng\u1eadp tr\u00e0n kh\u00f4ng kh\u00ed l\u1ec5 h\u1ed9i v\u1edbi c\u00e2y th\u00f4ng Noel, d\u00e2y \u0111\u00e8n v\u00e0 c\u00e1c h\u1ed9p qu\u00e0 \u0111\u1ee7 m\u00e0u s\u1eafc.<\/p>\n<p>C\u00f9ng Havamall kh\u1edfi \u0111\u1ed9ng tinh th\u1ea7n chu\u1ea9n b\u1ecb \u0111\u00f3n m\u1ed9t m\u00f9a gi\u00e1ng sinh r\u1ed9n r\u00e0ng tr\u00e0n ng\u1eadp \u01b0u \u0111\u00e3i v\u1edbi nh\u1eefng s\u1ea3n ph\u1ea9m trang tr\u00ed gi\u00e1ng sinh\u00a0\u0111a d\u1ea1ng, h\u00f2a chung kh\u00f4ng kh\u00ed \u1ea5m \u00e1p c\u1ee7a m\u00f9a Gi\u00e1ng sinh v\u1edbi c\u00e1c m\u1eabu m\u00e3 trang tr\u00ed m\u00f9a noel \u0111\u1ed9c \u0111\u00e1o c\u1ee7a Uncle Bills.<\/p>\n<p><img decoding=\"async\" class=\"wp-image-24086 aligncenter\" src=\"https:\/\/havamall.vn\/wp-content\/uploads\/2021\/11\/3-1.jpg\" alt=\"\" width=\"720\" height=\"491\" srcset=\"https:\/\/havamall.vn\/wp-content\/uploads\/2021\/11\/3-1.jpg 1844w, https:\/\/havamall.vn\/wp-content\/uploads\/2021\/11\/3-1-430x293.jpg 430w, https:\/\/havamall.vn\/wp-content\/uploads\/2021\/11\/3-1-150x102.jpg 150w, https:\/\/havamall.vn\/wp-content\/uploads\/2021\/11\/3-1-700x477.jpg 700w, https:\/\/havamall.vn\/wp-content\/uploads\/2021\/11\/3-1-300x205.jpg 300w, https:\/\/havamall.vn\/wp-content\/uploads\/2021\/11\/3-1-768x524.jpg 768w, https:\/\/havamall.vn\/wp-content\/uploads\/2021\/11\/3-1-1024x698.jpg 1024w, https:\/\/havamall.vn\/wp-content\/uploads\/2021\/11\/3-1-1200x818.jpg 1200w, https:\/\/havamall.vn\/wp-content\/uploads\/2021\/11\/3-1-600x409.jpg 600w\" sizes=\"(max-width: 720px) 100vw, 720px\" \/><\/p>\n<p>\u0110\u1ec3 t\u1ea1o ra m\u1ed9t kh\u00f4ng kh\u00ed gi\u00e1ng sinh \u1ea5m \u00e1p, lung linh th\u00ec ch\u00fang ta s\u1ebd c\u00f3 r\u1ea5t nhi\u1ec1u ph\u1ee5 ki\u1ec7n \u0111\u1ec3 trang tr\u00ed gi\u00e1ng sinh,\u2026 V\u00e0 ch\u1eafc ch\u1eafn nh\u1eefng s\u1ea3n ph\u1ea9m gi\u00e1ng sinh nh\u00e0 Havamall s\u1ebd l\u00e0 ph\u1ee5 ki\u1ec7n t\u1ea5t y\u1ebfu cho m\u1ecdi c\u0103n h\u1ed9, c\u1eeda h\u00e0ng, nh\u00e0 h\u00e0ng hay v\u0103n ph\u00f2ng c\u00f4ng ty,\u2026 gi\u00fap g\u00f3p ph\u1ea7n \u0111em l\u1ea1i m\u1ed9t kh\u00f4ng kh\u00ed gi\u00e1ng sinh an l\u00e0nh, \u1ea5m \u00e1p cho gia \u0111\u00ecnh b\u1ea1n.<\/p>\n<p><img decoding=\"async\" class=\"wp-image-24110 aligncenter\" src=\"https:\/\/havamall.vn\/wp-content\/uploads\/2021\/11\/1617-300x300.png\" alt=\"\" width=\"711\" height=\"712\" srcset=\"https:\/\/havamall.vn\/wp-content\/uploads\/2021\/11\/1617-300x300.png 300w, https:\/\/havamall.vn\/wp-content\/uploads\/2021\/11\/1617-430x430.png 430w, https:\/\/havamall.vn\/wp-content\/uploads\/2021\/11\/1617-150x150.png 150w, https:\/\/havamall.vn\/wp-content\/uploads\/2021\/11\/1617-700x700.png 700w, https:\/\/havamall.vn\/wp-content\/uploads\/2021\/11\/1617-768x768.png 768w, https:\/\/havamall.vn\/wp-content\/uploads\/2021\/11\/1617-1024x1024.png 1024w, https:\/\/havamall.vn\/wp-content\/uploads\/2021\/11\/1617.png 1200w, https:\/\/havamall.vn\/wp-content\/uploads\/2021\/11\/1617-600x600.png 600w, https:\/\/havamall.vn\/wp-content\/uploads\/2021\/11\/1617-100x100.png 100w\" sizes=\"(max-width: 711px) 100vw, 711px\" \/><\/p>\n<p>Kh\u00f4ng kh\u00ed gi\u00e1ng sinh \u0111ang r\u1ed9n r\u00e0ng kh\u1eafp m\u1ecdi n\u01a1i, ch\u1ec9 c\u1ea7n m\u1ed9t d\u00e2y treo trang tr\u00ed c\u00f9ng \u0111\u1ee7 \u0111\u1ec3 ch\u00fang ta th\u1ea5y kh\u00f4ng kh\u00ed c\u1ee7a nh\u1eefng ng\u00e0y cu\u1ed1i n\u0103m. D\u00e2y treo kim tuy\u1ebfn v\u1edbi m\u00e0u s\u1eafc s\u1eb7c s\u1ee1, \u0111\u1eb7c tr\u01b0ng c\u1ee7a m\u00f9a Noel s\u1ebd t\u1ea1o n\u00ean kh\u00f4ng kh\u00ed \u1ea5m \u00e1p v\u00e0o \u0111\u00eam gi\u00e1ng sinh cho gia \u0111\u00ecnh b\u1ea1n.\u00a0Nh\u1eefng gi\u00e2y ph\u00fat gia \u0111\u00ecnh qu\u00e2y qu\u1ea7n c\u00f9ng nhau trang tr\u00ed gi\u00e1ng sinh s\u1ebd th\u1eadt \u00fd ngh\u0129a m\u00e3i v\u1ec1 sau<\/p>\n<p>C\u00e1ch trang tr\u00ed c\u00e2y th\u00f4ng noel b\u1eb1ng d\u00e2y kim tuy\u1ebfn\u00a0kh\u00f4ng c\u00f2n l\u00e0 \u0111i\u1ec1u g\u00ec qu\u00e1 xa l\u1ea1 v\u1edbi nhi\u1ec1u ng\u01b0\u1eddi. D\u00e2y Kim Tuy\u1ebfn Uncle Bills v\u1edbi m\u00e0u s\u1eafc r\u1ef1c r\u1ee1 s\u1ebd t\u1ea1o n\u00ean kh\u00f4ng kh\u00ed vui t\u01b0\u01a1i v\u00e0 \u1ea5m \u00e1p cho ng\u00e0y l\u1ec5 tr\u1ecdng \u0111\u1ea1i n\u00e0y.<\/p>\n<p><img loading=\"lazy\" decoding=\"async\" class=\"wp-image-24111 aligncenter\" src=\"https:\/\/havamall.vn\/wp-content\/uploads\/2021\/11\/silver-fire-300x300.png\" alt=\"\" width=\"706\" height=\"706\" srcset=\"https:\/\/havamall.vn\/wp-content\/uploads\/2021\/11\/silver-fire-300x300.png 300w, https:\/\/havamall.vn\/wp-content\/uploads\/2021\/11\/silver-fire-430x430.png 430w, https:\/\/havamall.vn\/wp-content\/uploads\/2021\/11\/silver-fire-150x150.png 150w, https:\/\/havamall.vn\/wp-content\/uploads\/2021\/11\/silver-fire-700x700.png 700w, https:\/\/havamall.vn\/wp-content\/uploads\/2021\/11\/silver-fire-768x768.png 768w, https:\/\/havamall.vn\/wp-content\/uploads\/2021\/11\/silver-fire-1024x1024.png 1024w, https:\/\/havamall.vn\/wp-content\/uploads\/2021\/11\/silver-fire-1200x1200.png 1200w, https:\/\/havamall.vn\/wp-content\/uploads\/2021\/11\/silver-fire-600x600.png 600w, https:\/\/havamall.vn\/wp-content\/uploads\/2021\/11\/silver-fire-100x100.png 100w, https:\/\/havamall.vn\/wp-content\/uploads\/2021\/11\/silver-fire.png 2000w\" sizes=\"(max-width: 706px) 100vw, 706px\" \/><\/p>\n<h3><strong>G\u1ee2I \u00dd NH\u1eeeNG C\u00d4NG D\u1ee4NG S\u1ea2N PH\u1ea8M<\/strong><\/h3>\n<p>&#8211; C\u00f3 th\u1ec3 s\u1eed d\u1ee5ng d\u00e2y kim tuy\u1ebfn \u0111\u1ec3 l\u00e0m c\u00e2y th\u00f4ng d\u00e1n t\u01b0\u1eddng:\u00a0Ch\u1ec9 c\u1ea7n d\u00e2y kim tuy\u1ebfn, \u0111\u00e8n v\u00e0 v\u00e0i tr\u00e1i ch\u00e2u l\u00e0 \u0111\u1ee7 \u0111\u1ec3 b\u1ea1n c\u00f3 m\u1ed9t c\u00e2y th\u00f4ng Noel treo t\u01b0\u1eddng lung linh r\u1ed3i. B\u1ea1n c\u00f3 th\u1ec3 th\u00eam v\u00e0i m\u00f3n qu\u00e0 b\u00ean d\u01b0\u1edbi \u0111\u1ec3 t\u1ea1o n\u00ean m\u1ed9t g\u00f3c noel c\u1ee7a ri\u00eang m\u00ecnh.<\/p>\n<p>&#8211; Trang tr\u00ed c\u1eeda ph\u00f2ng.<\/p>\n<p>&#8211; Trang tr\u00ed t\u01b0\u1eddng nh\u00e0, t\u1ee7:\u00a0B\u1ea1n ho\u00e0n to\u00e0n c\u00f3 th\u1ec3 s\u1eed d\u1ee5ng d\u00e2y kim tuy\u1ebfn \u0111\u1ec3 qu\u1ea5n t\u01b0\u1eddng, t\u1ee7 nh\u01b0 ki\u1ec3u t\u1ea5m r\u00e8m r\u1ee7. C\u0169ng c\u00f3 th\u1ec3 \u0111\u1ec3 d\u00e2y ch\u1ea1y d\u1ecdc theo nh\u1eefng m\u00f3n \u0111\u1ed3 decor nh\u1ecf nh\u01b0 m\u1ed9t ph\u1ee5 ki\u1ec7n xinh x\u1eafn<\/p>\n<p>&#8211; Trang tr\u00ed c\u1ea7u thang: C\u00f9ng v\u1edbi d\u00e2y kim tuy\u1ebfn, b\u1ea1n c\u00f3 th\u1ec3 k\u1ebft h\u1ee3p c\u00f9ng nh\u1eefng qu\u1ea3 ch\u00e2u ho\u1eb7c b\u00f4ng tuy\u1ebft. \u0110\u00e2y ch\u00ednh l\u00e0 \u0111i\u1ec3m nh\u1ea5n t\u1ea1o n\u00ean s\u1ef1 kh\u00e1c bi\u1ec7t cho c\u0103n nh\u00e0 c\u1ee7a b\u1ea1n \u0111\u1ea5y.<\/p>\n<p>&#8211; Trang tr\u00ed c\u00e2y th\u00f4ng:\u00a0\u0110\u00e2y l\u00e0 m\u1ed9t c\u00e1ch trang tr\u00ed r\u1ea5t quen thu\u1ed9c. B\u1ea1n c\u00f3 th\u1ec3 qu\u1ea5n theo h\u00ecnh xo\u1eafn c\u1ee7a c\u00e2y. Ho\u1eb7c \u0111\u01a1n gi\u1ea3n ch\u1ec9 \u0111\u1eb7t l\u00ean m\u1ed9t c\u00e1ch ng\u1eabu nhi\u00ean c\u0169ng r\u1ea5t xinh r\u1ed3i \u0111\u00f3.<\/p>\n<p>Ngo\u00e0i ra, b\u1ea1n c\u00f3 th\u1ec3 d\u00f9ng d\u00e2y kim tuy\u1ebfn \u0111\u1ec3 qu\u1ea5n l\u00e0m c\u00e2y th\u00f4ng mini, t\u1ea1o ch\u1eef, l\u00e0m v\u00f2ng nguy\u1ec7t qu\u1ebf, c\u00e2y ph\u00e1o, ng\u01b0\u1eddi tuy\u1ebft handmade ho\u1eb7c \u0111\u1ec3 trang tr\u00ed v\u00e0o nh\u1eefng h\u1ed9p qu\u00e0.<\/p>\n<p><img loading=\"lazy\" decoding=\"async\" class=\"wp-image-24093 aligncenter\" src=\"https:\/\/havamall.vn\/wp-content\/uploads\/2021\/11\/trang-tri-noel-bang-day-kim-tuyen-00.jpg.jpg\" alt=\"\" width=\"724\" height=\"370\" srcset=\"https:\/\/havamall.vn\/wp-content\/uploads\/2021\/11\/trang-tri-noel-bang-day-kim-tuyen-00.jpg.jpg 900w, https:\/\/havamall.vn\/wp-content\/uploads\/2021\/11\/trang-tri-noel-bang-day-kim-tuyen-00.jpg-430x220.jpg 430w, https:\/\/havamall.vn\/wp-content\/uploads\/2021\/11\/trang-tri-noel-bang-day-kim-tuyen-00.jpg-150x77.jpg 150w, https:\/\/havamall.vn\/wp-content\/uploads\/2021\/11\/trang-tri-noel-bang-day-kim-tuyen-00.jpg-700x358.jpg 700w, https:\/\/havamall.vn\/wp-content\/uploads\/2021\/11\/trang-tri-noel-bang-day-kim-tuyen-00.jpg-300x153.jpg 300w, https:\/\/havamall.vn\/wp-content\/uploads\/2021\/11\/trang-tri-noel-bang-day-kim-tuyen-00.jpg-768x393.jpg 768w, https:\/\/havamall.vn\/wp-content\/uploads\/2021\/11\/trang-tri-noel-bang-day-kim-tuyen-00.jpg-600x307.jpg 600w\" sizes=\"(max-width: 724px) 100vw, 724px\" \/><\/p>","protected":false},"excerpt":{"rendered":"<p>TH\u00d4NG TIN TH\u01af\u01a0NG HI\u1ec6U Uncle Bills (UBL) cung c\u1ea5p h\u01a1n 1800 s\u1ea3n ph\u1ea9m ti\u00eau d\u00f9ng phi th\u01b0\u0323c ph\u00e2\u0309m h\u00e2\u0301p d\u00e2\u0303n,<\/p>","protected":false},"featured_media":24112,"comment_status":"open","ping_status":"closed","template":"","meta":[],"product_brand":[],"product_cat":[452,394,35],"product_tag":[],"class_list":{"0":"post-24109","1":"product","2":"type-product","3":"status-publish","4":"has-post-thumbnail","6":"product_cat-noel","7":"product_cat-trang-tri-nha-cua","8":"product_cat-nha-cua-doi-song","9":"pa_brand-uncle-bills","11":"first","12":"instock","13":"sale","14":"shipping-taxable","15":"purchasable","16":"product-type-variable"},"_links":{"self":[{"href":"https:\/\/havamall.vn\/en\/wp-json\/wp\/v2\/product\/24109"}],"collection":[{"href":"https:\/\/havamall.vn\/en\/wp-json\/wp\/v2\/product"}],"about":[{"href":"https:\/\/havamall.vn\/en\/wp-json\/wp\/v2\/types\/product"}],"replies":[{"embeddable":true,"href":"https:\/\/havamall.vn\/en\/wp-json\/wp\/v2\/comments?post=24109"}],"version-history":[{"count":0,"href":"https:\/\/havamall.vn\/en\/wp-json\/wp\/v2\/product\/24109\/revisions"}],"wp:featuredmedia":[{"embeddable":true,"href":"https:\/\/havamall.vn\/en\/wp-json\/wp\/v2\/media\/24112"}],"wp:attachment":[{"href":"https:\/\/havamall.vn\/en\/wp-json\/wp\/v2\/media?parent=24109"}],"wp:term":[{"taxonomy":"product_brand","embeddable":true,"href":"https:\/\/havamall.vn\/en\/wp-json\/wp\/v2\/product_brand?post=24109"},{"taxonomy":"product_cat","embeddable":true,"href":"https:\/\/havamall.vn\/en\/wp-json\/wp\/v2\/product_cat?post=24109"},{"taxonomy":"product_tag","embeddable":true,"href":"https:\/\/havamall.vn\/en\/wp-json\/wp\/v2\/product_tag?post=24109"}],"curies":[{"name":"wp","href":"https:\/\/api.w.org\/{rel}","templated":true}]}}