{"id":24084,"date":"2021-11-26T17:20:51","date_gmt":"2021-11-26T10:20:51","guid":{"rendered":"https:\/\/havamall.vn\/?post_type=product&#038;p=24084"},"modified":"2021-11-26T17:20:51","modified_gmt":"2021-11-26T10:20:51","slug":"vong-hoa-o-ro-trang-tri-giang-sinh-uncle-bills-45cm-holly-berry-wreath-45cm","status":"publish","type":"product","link":"https:\/\/havamall.vn\/en\/shop\/vong-hoa-o-ro-trang-tri-giang-sinh-uncle-bills-45cm-holly-berry-wreath-45cm\/","title":{"rendered":"V\u00f2ng Hoa \u00d4 R\u00f4 Trang Tr\u00ed Gi\u00e1ng Sinh Uncle Bills 45cm &#8211; Holly Berry Wreath 45cm"},"content":{"rendered":"<div class=\"o9v6fnle cxmmr5t8 oygrvhab hcukyx3x c1et5uql ii04i59q\">\n<div dir=\"auto\">\n<div class=\"o9v6fnle cxmmr5t8 oygrvhab hcukyx3x c1et5uql ii04i59q\">\n<h3><strong>TH\u00d4NG TIN TH\u01af\u01a0NG HI\u1ec6U<\/strong><\/h3>\n<\/div>\n<p>Uncle Bills (UBL) cung c\u1ea5p h\u01a1n 1800 s\u1ea3n ph\u1ea9m ti\u00eau d\u00f9ng phi th\u01b0\u0323c ph\u00e2\u0309m h\u00e2\u0301p d\u00e2\u0303n, ti\u00ea\u0323n i\u0301ch, gia\u0301 ph\u1ea3i ch\u0103ng. S\u1ea3n ph\u1ea9m bao g\u1ed3m nhi\u1ec1u lo\u1ea1i ha\u0300ng ho\u0301a kh\u00e1c nhau, t\u1eeb \u0111\u1ed3 du\u0300ng nh\u00e0 b\u1ebfp, ch\u0103m s\u00f3c c\u00e1 nh\u00e2n, l\u00e0m s\u1ea1ch nha\u0300 c\u01b0\u0309a, \u0111\u00f4\u0300 l\u01b0u tr\u1eef, ca\u0301c loa\u0323i du\u0323ng cu\u0323, v\u00e2\u0323t du\u0323ng ngo\u00e0i tr\u1eddi v\u00e0 ca\u0309 cho tr\u1ebb em.\u00a0 UBL Lu\u00f4n lu\u00f4n c\u00e2\u0323p nh\u00e2\u0323t ca\u0301c sa\u0309n ph\u00e2\u0309m m\u01a1\u0301i.<\/p>\n<p>S\u1ea3n ph\u1ea9m UBL \u0111\u01b0\u1ee3c s\u1ea3n xu\u1ea5t theo ti\u00eau chu\u1ea9n ch\u1ea5t l\u01b0\u1ee3ng nghi\u00eam ng\u1eb7t c\u1ee7a UBL Hongkong v\u00e0 b\u00e1n t\u1ea1i h\u01a1n 50 qu\u1ed1c gia v\u01a1\u0301i h\u01a1n 10.000 c\u1eeda h\u00e0ng, bao g\u1ed3m ch\u00e2u \u00c2u, \u00dac, Ch\u00e2u \u00c1, Ch\u00e2u Phi. S\u1ee9 m\u1ec7nh c\u1ee7a UBL l\u00e0 cung c\u1ea5p nh\u1eefng s\u1ea3n ph\u1ea9m ti\u1ec7n \u00edch v\u00e0 h\u1ea5p d\u1eabn cho ng\u00f4i nh\u00e0 hi\u1ec7n \u0111\u1ea1i c\u1ee7a ng\u01b0\u1eddi Vi\u1ec7t Nam.<\/p>\n<p><img fetchpriority=\"high\" decoding=\"async\" class=\"alignnone wp-image-22991 aligncenter\" src=\"https:\/\/havamall.vn\/wp-content\/uploads\/2021\/10\/7a4565aab9e3171165a8eafb557b0da0-300x150.jpg\" alt=\"\" width=\"592\" height=\"296\" srcset=\"https:\/\/havamall.vn\/wp-content\/uploads\/2021\/10\/7a4565aab9e3171165a8eafb557b0da0-300x150.jpg 300w, https:\/\/havamall.vn\/wp-content\/uploads\/2021\/10\/7a4565aab9e3171165a8eafb557b0da0-430x215.jpg 430w, https:\/\/havamall.vn\/wp-content\/uploads\/2021\/10\/7a4565aab9e3171165a8eafb557b0da0-150x75.jpg 150w, https:\/\/havamall.vn\/wp-content\/uploads\/2021\/10\/7a4565aab9e3171165a8eafb557b0da0-700x350.jpg 700w, https:\/\/havamall.vn\/wp-content\/uploads\/2021\/10\/7a4565aab9e3171165a8eafb557b0da0-768x384.jpg 768w, https:\/\/havamall.vn\/wp-content\/uploads\/2021\/10\/7a4565aab9e3171165a8eafb557b0da0.jpg 1024w, https:\/\/havamall.vn\/wp-content\/uploads\/2021\/10\/7a4565aab9e3171165a8eafb557b0da0-600x300.jpg 600w\" sizes=\"(max-width: 592px) 100vw, 592px\" \/><\/p>\n<\/div>\n<div dir=\"auto\">\u0110\u1ebfm ng\u01b0\u1ee3c m\u1ed9t th\u00e1ng l\u00e0 \u0111\u00e3 \u0111\u1ebfn Gi\u00e1ng Sinh 2021 v\u00e0 s\u1ebd r\u1ea5t tuy\u1ec7t v\u1eddi khi ng\u00f4i nh\u00e0 c\u1ee7a b\u1ea1n \u0111\u01b0\u1ee3c trang tr\u00ed ng\u1eadp tr\u00e0n kh\u00f4ng kh\u00ed l\u1ec5 h\u1ed9i v\u1edbi c\u00e2y th\u00f4ng Noel, d\u00e2y \u0111\u00e8n v\u00e0 c\u00e1c h\u1ed9p qu\u00e0 \u0111\u1ee7 m\u00e0u s\u1eafc.<\/div>\n<\/div>\n<p>H\u00e3y \u0111\u1ec3 Uncle Bills g\u00f3p ph\u1ea7n l\u00e0m sinh \u0111\u1ed9ng h\u01a1n trong m\u00f9a Gi\u00e1ng sinh c\u1ee7a b\u1ea1n v\u1edbi nh\u1eefng ph\u1ee5 ki\u1ec7n trang tr\u00ed Noel \u0111a d\u1ea1ng h\u00f2a chung kh\u00f4ng kh\u00ed \u1ea5m \u00e1p c\u1ee7a m\u00f9a Gi\u00e1ng sinh. C\u00e1c m\u1eabu m\u00e3 noel \u0111\u1ed9c \u0111\u00e1o c\u1ee7a Uncle Bills \u0111\u00e3 c\u00f3 m\u1eb7t t\u1ea1i nh\u00e0 Havamall.<\/p>\n<p><img decoding=\"async\" class=\"wp-image-23860 aligncenter\" src=\"https:\/\/havamall.vn\/wp-content\/uploads\/2021\/11\/258515322_-300x300.png\" alt=\"\" width=\"577\" height=\"577\" srcset=\"https:\/\/havamall.vn\/wp-content\/uploads\/2021\/11\/258515322_-300x300.png 300w, https:\/\/havamall.vn\/wp-content\/uploads\/2021\/11\/258515322_-430x430.png 430w, https:\/\/havamall.vn\/wp-content\/uploads\/2021\/11\/258515322_-150x150.png 150w, https:\/\/havamall.vn\/wp-content\/uploads\/2021\/11\/258515322_-700x700.png 700w, https:\/\/havamall.vn\/wp-content\/uploads\/2021\/11\/258515322_-768x768.png 768w, https:\/\/havamall.vn\/wp-content\/uploads\/2021\/11\/258515322_-600x600.png 600w, https:\/\/havamall.vn\/wp-content\/uploads\/2021\/11\/258515322_-100x100.png 100w, https:\/\/havamall.vn\/wp-content\/uploads\/2021\/11\/258515322_.png 1000w\" sizes=\"(max-width: 577px) 100vw, 577px\" \/><\/p>\n<p>Gi\u00e1ng sinh s\u1eafp v\u1ec1. Kh\u00f4ng khi r\u1ed9n r\u00e0ng, kh\u1eafp ph\u1ed1 ph\u01b0\u1eddng n\u1ebbo \u0111\u01b0\u1eddng l\u00e0 \u00e1nh \u0111\u00e8n lung linh r\u1ef1c r\u1ee1 s\u0103c m\u00e0u, r\u1ea5t d\u1ec5 \u0111\u1ec3 ta b\u1eaft g\u1eb7p s\u1eafc \u0111\u1ecf r\u1ef1c r\u1ee1 c\u1ee7a nh\u1eefng v\u00f2ng hoa qu\u1ea3 m\u1ecdng.<\/p>\n<p>V\u00f2ng hoa trang tr\u00ed \u00f4 r\u00f4 trang tr\u00ed Noel\u00a0l\u00e0 m\u00f3n \u0111\u1ed3 \u0111\u01b0\u1ee3c r\u1ea5t nhi\u1ec1u ng\u01b0\u1eddi \u01b0a chu\u1ed9ng. T\u00f4 \u0111i\u1ec3m th\u00eam kh\u00f4ng kh\u00ed gi\u00e1ng sinh trong nh\u00e0, hay tr\u00ean b\u00e0n nh\u00e2n d\u1ecbp Noel v\u1ec1 gi\u00fap cho kh\u00f4ng kh\u00ed Noel th\u00eam r\u1ed9n r\u00e0ng v\u00e0 \u1ea5m \u00e1p trong ng\u00e0y \u0111\u00f4ng gi\u00e1 l\u1ea1nh. \u0110\u1eb7c bi\u1ec7t, c\u00e1ch trang tr\u00ed Noel b\u1eb1ng hoa tr\u1ea1ng nguy\u00ean c\u00f2n th\u1ec3 hi\u1ec7n r\u00f5 phong c\u00e1ch, gu th\u1ea9m m\u0129 c\u1ee7a ch\u1ee7 nh\u00e0.<\/p>\n<p><img decoding=\"async\" class=\"wp-image-24089 aligncenter\" src=\"https:\/\/havamall.vn\/wp-content\/uploads\/2021\/11\/L4F19010_Pre-Lit-O-1-300x300.png\" alt=\"\" width=\"567\" height=\"567\" srcset=\"https:\/\/havamall.vn\/wp-content\/uploads\/2021\/11\/L4F19010_Pre-Lit-O-1-300x300.png 300w, https:\/\/havamall.vn\/wp-content\/uploads\/2021\/11\/L4F19010_Pre-Lit-O-1-430x430.png 430w, https:\/\/havamall.vn\/wp-content\/uploads\/2021\/11\/L4F19010_Pre-Lit-O-1-150x150.png 150w, https:\/\/havamall.vn\/wp-content\/uploads\/2021\/11\/L4F19010_Pre-Lit-O-1.png 600w, https:\/\/havamall.vn\/wp-content\/uploads\/2021\/11\/L4F19010_Pre-Lit-O-1-100x100.png 100w\" sizes=\"(max-width: 567px) 100vw, 567px\" \/><\/p>\n<p>Ngo\u00e0i ra, ch\u00fang ta c\u00f3 th\u1ec3 d\u00f9ng v\u00f2ng hoa qu\u1ea3 m\u1ecdng \u0111\u1ec3 trang tr\u00ed\u00a0c\u00e2y th\u00f4ng Noel,\u00a0treo tr\u01b0\u1edbc nh\u00e0, hay treo tr\u00ean c\u00e2y th\u00f4ng Noel t\u1ea1o kh\u00f4ng gian sinh \u0111\u1ed9ng v\u00e0o m\u00f9a l\u1ec5 gi\u00e1ng sinh.<\/p>\n<h3><strong>\u0110\u1eb7c \u0111i\u1ec3m n\u1ed5i b\u1eadt c\u1ee7a s\u1ea3n ph\u1ea9m:<\/strong><\/h3>\n<p>&#8211; V\u00f2ng Hoa qu\u1ea3 \u00f4 r\u00f4 l\u00e0 ph\u1ee5 ki\u1ec7n kh\u00f4ng th\u1ec3 thi\u1ebfu cho m\u00f9a gi\u00e1ng sinh.<\/p>\n<p>&#8211; Thi\u1ebft k\u1ebf h\u1ecda ti\u1ebft xinh x\u1eafn v\u1edbi m\u00e0u s\u1eafc s\u1eb7c s\u1ee1, n\u1ed5i b\u1eadt.<\/p>\n<p>&#8211; D\u00f9ng \u0111\u1ec3 trang tr\u00ed l\u00e0m t\u0103ng th\u00eam kh\u00f4ng gian trang tr\u1ecdng cho b\u1eefa ti\u1ec7c gi\u00e1ng sinh.<\/p>\n<p><img loading=\"lazy\" decoding=\"async\" class=\"wp-image-24091 aligncenter\" src=\"https:\/\/havamall.vn\/wp-content\/uploads\/2021\/11\/bgffg-300x300.png\" alt=\"\" width=\"568\" height=\"568\" srcset=\"https:\/\/havamall.vn\/wp-content\/uploads\/2021\/11\/bgffg-300x300.png 300w, https:\/\/havamall.vn\/wp-content\/uploads\/2021\/11\/bgffg-430x430.png 430w, https:\/\/havamall.vn\/wp-content\/uploads\/2021\/11\/bgffg-150x150.png 150w, https:\/\/havamall.vn\/wp-content\/uploads\/2021\/11\/bgffg-700x700.png 700w, https:\/\/havamall.vn\/wp-content\/uploads\/2021\/11\/bgffg-768x768.png 768w, https:\/\/havamall.vn\/wp-content\/uploads\/2021\/11\/bgffg-1024x1024.png 1024w, https:\/\/havamall.vn\/wp-content\/uploads\/2021\/11\/bgffg-1200x1200.png 1200w, https:\/\/havamall.vn\/wp-content\/uploads\/2021\/11\/bgffg-600x600.png 600w, https:\/\/havamall.vn\/wp-content\/uploads\/2021\/11\/bgffg-100x100.png 100w, https:\/\/havamall.vn\/wp-content\/uploads\/2021\/11\/bgffg.png 2000w\" sizes=\"(max-width: 568px) 100vw, 568px\" \/><\/p>\n<h3><strong>Th\u00f4ng tin s\u1ea3n ph\u1ea9m:<\/strong><\/h3>\n<p dir=\"ltr\">\u2013 T\u00ean s\u1ea3n ph\u1ea9m: V\u00f2ng hoa qu\u1ea3 \u00d4 R\u00f4 trang tr\u00ed 45cm<\/p>\n<p dir=\"ltr\">\u2013 C\u00f4ng d\u1ee5ng: \u0110\u1ed3 trang tr\u00ed gi\u00e1ng sinh<\/p>\n<p dir=\"ltr\">\u2013 Th\u00e0nh ph\u1ea7n: PVC, Polyeste, d\u00e2y lim lo\u1ea1i, nh\u1ef1a<\/p>\n<p dir=\"ltr\">\u2013 \u0110\u1ecbnh l\u01b0\u1ee3ng: C\u00e1i<\/p>\n<p dir=\"ltr\">\u2013 B\u1ea3o qu\u1ea3n: B\u1ea3o qu\u1ea3n n\u01a1i kh\u00f4 r\u00e1o<\/p>\n<p dir=\"ltr\">\u2013 Xu\u1ea5t x\u1ee9: Trung Qu\u1ed1c<\/p>\n<p dir=\"ltr\">S\u1ea3n ph\u1ea9m hi\u1ec7n \u0111\u00e3 c\u00f3 m\u1eb7t t\u1ea1i Havamall.<\/p>","protected":false},"excerpt":{"rendered":"<p>TH\u00d4NG TIN TH\u01af\u01a0NG HI\u1ec6U Uncle Bills (UBL) cung c\u1ea5p h\u01a1n 1800 s\u1ea3n ph\u1ea9m ti\u00eau d\u00f9ng phi th\u01b0\u0323c ph\u00e2\u0309m h\u00e2\u0301p d\u00e2\u0303n,<\/p>","protected":false},"featured_media":24092,"comment_status":"open","ping_status":"closed","template":"","meta":[],"product_brand":[],"product_cat":[452,394,35],"product_tag":[],"class_list":{"0":"post-24084","1":"product","2":"type-product","3":"status-publish","4":"has-post-thumbnail","6":"product_cat-noel","7":"product_cat-trang-tri-nha-cua","8":"product_cat-nha-cua-doi-song","9":"pa_brand-uncle-bills","11":"first","12":"instock","13":"sale","14":"shipping-taxable","15":"purchasable","16":"product-type-simple"},"_links":{"self":[{"href":"https:\/\/havamall.vn\/en\/wp-json\/wp\/v2\/product\/24084"}],"collection":[{"href":"https:\/\/havamall.vn\/en\/wp-json\/wp\/v2\/product"}],"about":[{"href":"https:\/\/havamall.vn\/en\/wp-json\/wp\/v2\/types\/product"}],"replies":[{"embeddable":true,"href":"https:\/\/havamall.vn\/en\/wp-json\/wp\/v2\/comments?post=24084"}],"version-history":[{"count":0,"href":"https:\/\/havamall.vn\/en\/wp-json\/wp\/v2\/product\/24084\/revisions"}],"wp:featuredmedia":[{"embeddable":true,"href":"https:\/\/havamall.vn\/en\/wp-json\/wp\/v2\/media\/24092"}],"wp:attachment":[{"href":"https:\/\/havamall.vn\/en\/wp-json\/wp\/v2\/media?parent=24084"}],"wp:term":[{"taxonomy":"product_brand","embeddable":true,"href":"https:\/\/havamall.vn\/en\/wp-json\/wp\/v2\/product_brand?post=24084"},{"taxonomy":"product_cat","embeddable":true,"href":"https:\/\/havamall.vn\/en\/wp-json\/wp\/v2\/product_cat?post=24084"},{"taxonomy":"product_tag","embeddable":true,"href":"https:\/\/havamall.vn\/en\/wp-json\/wp\/v2\/product_tag?post=24084"}],"curies":[{"name":"wp","href":"https:\/\/api.w.org\/{rel}","templated":true}]}}