{"id":24051,"date":"2021-11-26T16:07:17","date_gmt":"2021-11-26T09:07:17","guid":{"rendered":"https:\/\/havamall.vn\/?post_type=product&#038;p=24051"},"modified":"2021-11-26T16:07:17","modified_gmt":"2021-11-26T09:07:17","slug":"cot-toc-nhung-kim-tuyen-uncle-bills-hair-scrunchie-velvet","status":"publish","type":"product","link":"https:\/\/havamall.vn\/en\/shop\/cot-toc-nhung-kim-tuyen-uncle-bills-hair-scrunchie-velvet\/","title":{"rendered":"C\u1ed9t T\u00f3c Nhung Kim Tuy\u1ebfn Uncle Bills &#8211;  Hair Scrunchie Velvet"},"content":{"rendered":"<div class=\"o9v6fnle cxmmr5t8 oygrvhab hcukyx3x c1et5uql ii04i59q\">\n<h3><strong>TH\u00d4NG TIN TH\u01af\u01a0NG HI\u1ec6U<\/strong><\/h3>\n<\/div>\n<p>Uncle Bills (UBL) cung c\u1ea5p h\u01a1n 1800 s\u1ea3n ph\u1ea9m ti\u00eau d\u00f9ng phi th\u01b0\u0323c ph\u00e2\u0309m h\u00e2\u0301p d\u00e2\u0303n, ti\u00ea\u0323n i\u0301ch, gia\u0301 ph\u1ea3i ch\u0103ng. S\u1ea3n ph\u1ea9m bao g\u1ed3m nhi\u1ec1u lo\u1ea1i ha\u0300ng ho\u0301a kh\u00e1c nhau, t\u1eeb \u0111\u1ed3 du\u0300ng nh\u00e0 b\u1ebfp, ch\u0103m s\u00f3c c\u00e1 nh\u00e2n, l\u00e0m s\u1ea1ch nha\u0300 c\u01b0\u0309a, \u0111\u00f4\u0300 l\u01b0u tr\u1eef, ca\u0301c loa\u0323i du\u0323ng cu\u0323, v\u00e2\u0323t du\u0323ng ngo\u00e0i tr\u1eddi v\u00e0 ca\u0309 cho tr\u1ebb em.\u00a0 UBL Lu\u00f4n lu\u00f4n c\u00e2\u0323p nh\u00e2\u0323t ca\u0301c sa\u0309n ph\u00e2\u0309m m\u01a1\u0301i.<\/p>\n<p>S\u1ea3n ph\u1ea9m UBL \u0111\u01b0\u1ee3c s\u1ea3n xu\u1ea5t theo ti\u00eau chu\u1ea9n ch\u1ea5t l\u01b0\u1ee3ng nghi\u00eam ng\u1eb7t c\u1ee7a UBL Hongkong v\u00e0 b\u00e1n t\u1ea1i h\u01a1n 50 qu\u1ed1c gia v\u01a1\u0301i h\u01a1n 10.000 c\u1eeda h\u00e0ng, bao g\u1ed3m ch\u00e2u \u00c2u, \u00dac, Ch\u00e2u \u00c1, Ch\u00e2u Phi. S\u1ee9 m\u1ec7nh c\u1ee7a UBL l\u00e0 cung c\u1ea5p nh\u1eefng s\u1ea3n ph\u1ea9m ti\u1ec7n \u00edch v\u00e0 h\u1ea5p d\u1eabn cho ng\u00f4i nh\u00e0 hi\u1ec7n \u0111\u1ea1i c\u1ee7a ng\u01b0\u1eddi Vi\u1ec7t Nam.<\/p>\n<p><img fetchpriority=\"high\" decoding=\"async\" class=\"alignnone wp-image-22991 aligncenter\" src=\"https:\/\/havamall.vn\/wp-content\/uploads\/2021\/10\/7a4565aab9e3171165a8eafb557b0da0-300x150.jpg\" alt=\"\" width=\"684\" height=\"342\" srcset=\"https:\/\/havamall.vn\/wp-content\/uploads\/2021\/10\/7a4565aab9e3171165a8eafb557b0da0-300x150.jpg 300w, https:\/\/havamall.vn\/wp-content\/uploads\/2021\/10\/7a4565aab9e3171165a8eafb557b0da0-430x215.jpg 430w, https:\/\/havamall.vn\/wp-content\/uploads\/2021\/10\/7a4565aab9e3171165a8eafb557b0da0-150x75.jpg 150w, https:\/\/havamall.vn\/wp-content\/uploads\/2021\/10\/7a4565aab9e3171165a8eafb557b0da0-700x350.jpg 700w, https:\/\/havamall.vn\/wp-content\/uploads\/2021\/10\/7a4565aab9e3171165a8eafb557b0da0-768x384.jpg 768w, https:\/\/havamall.vn\/wp-content\/uploads\/2021\/10\/7a4565aab9e3171165a8eafb557b0da0.jpg 1024w, https:\/\/havamall.vn\/wp-content\/uploads\/2021\/10\/7a4565aab9e3171165a8eafb557b0da0-600x300.jpg 600w\" sizes=\"(max-width: 684px) 100vw, 684px\" \/><\/p>\n<p>\u0110\u1ebfm ng\u01b0\u1ee3c m\u1ed9t th\u00e1ng l\u00e0 \u0111\u00e3 \u0111\u1ebfn Gi\u00e1ng Sinh 2021 v\u00e0 s\u1ebd r\u1ea5t tuy\u1ec7t v\u1eddi khi ng\u00f4i nh\u00e0 c\u1ee7a b\u1ea1n \u0111\u01b0\u1ee3c trang tr\u00ed ng\u1eadp tr\u00e0n kh\u00f4ng kh\u00ed l\u1ec5 h\u1ed9i v\u1edbi c\u00e2y th\u00f4ng Noel, d\u00e2y \u0111\u00e8n v\u00e0 c\u00e1c h\u1ed9p qu\u00e0 \u0111\u1ee7 m\u00e0u s\u1eafc.<\/p>\n<p>C\u00f9ng Havamall kh\u1edfi \u0111\u1ed9ng tinh th\u1ea7n chu\u1ea9n b\u1ecb \u0111\u00f3n m\u1ed9t m\u00f9a gi\u00e1ng sinh r\u1ed9n r\u00e0ng tr\u00e0n ng\u1eadp \u01b0u \u0111\u00e3i v\u1edbi nh\u1eefng s\u1ea3n ph\u1ea9m trang tr\u00ed gi\u00e1ng sinh\u00a0\u0111a d\u1ea1ng, h\u00f2a chung kh\u00f4ng kh\u00ed \u1ea5m \u00e1p c\u1ee7a m\u00f9a Gi\u00e1ng sinh. C\u00e1c m\u1eabu m\u00e3 trang tr\u00ed m\u00f9a noel \u0111\u1ed9c \u0111\u00e1o c\u1ee7a Uncle Bills nay \u0111\u00e3 c\u00f3 m\u1eb7t t\u1ea1i nh\u00e0 Havamall.<\/p>\n<p><img decoding=\"async\" class=\"wp-image-23889 aligncenter\" src=\"https:\/\/havamall.vn\/wp-content\/uploads\/2021\/11\/5-1-300x133.jpg\" alt=\"\" width=\"691\" height=\"306\" srcset=\"https:\/\/havamall.vn\/wp-content\/uploads\/2021\/11\/5-1-300x133.jpg 300w, https:\/\/havamall.vn\/wp-content\/uploads\/2021\/11\/5-1-430x190.jpg 430w, https:\/\/havamall.vn\/wp-content\/uploads\/2021\/11\/5-1-150x66.jpg 150w, https:\/\/havamall.vn\/wp-content\/uploads\/2021\/11\/5-1-700x310.jpg 700w, https:\/\/havamall.vn\/wp-content\/uploads\/2021\/11\/5-1-768x340.jpg 768w, https:\/\/havamall.vn\/wp-content\/uploads\/2021\/11\/5-1-1024x453.jpg 1024w, https:\/\/havamall.vn\/wp-content\/uploads\/2021\/11\/5-1-1200x531.jpg 1200w, https:\/\/havamall.vn\/wp-content\/uploads\/2021\/11\/5-1-600x266.jpg 600w, https:\/\/havamall.vn\/wp-content\/uploads\/2021\/11\/5-1.jpg 1500w\" sizes=\"(max-width: 691px) 100vw, 691px\" \/><\/p>\n<p>D\u00e2y bu\u1ed9c t\u00f3c Gi\u00e1ng Sinh Uncle Bills xinh x\u1eafn d\u1ec5 th\u01b0\u01a1ng cho b\u00e9 y\u00eau mang m\u00e0u s\u1eafc ch\u1ee7 y\u1ebfu l\u00e0 xanh \u0111\u1ecf v\u00e0 tr\u1eafng, mang l\u1ea1i kh\u00f4ng kh\u00ed nh\u1ed9n nh\u1ecbp v\u00e0 \u0111\u00e1ng y\u00eau cho c\u00e1c b\u00e9 khi c\u00e0i.\u00a0Phong c\u00e1ch \u0111\u01a1n gi\u1ea3n v\u00e0 \u0111\u1ed9c \u0111\u00e1o. Th\u00edch h\u1ee3p cho trang ph\u1ee5c h\u00e0ng ng\u00e0y, d\u1ecbp Gi\u00e1ng Sinh, ti\u1ec7c sinh nh\u1eadt, nh\u1eefng d\u1ecbp \u0111\u1eb7c bi\u1ec7t, \u0111\u1ea1o c\u1ee5 ch\u1ee5p \u1ea3nh cho b\u00e9.<\/p>\n<p>V\u1edbi ch\u1ea5t li\u1ec7u an to\u00e0n, c\u1ed9t <span class=\"Y2IQFc\" lang=\"vi\">v\u1edbi ch\u00e2n \u00f4ng gi\u00e0 Noel m\u00e0u \u0111\u1ecf l\u1ea5p l\u00e1nh\u00a0<\/span>\u0111\u01b0\u1ee3c ph\u1ee7 l\u1edbp kim tuy\u1ebfn l\u1ea5p l\u00e1nh, s\u1ebd r\u1ea5t n\u1ed5i b\u1eadt d\u01b0\u1edbi \u00e1nh \u0111\u00e8n bu\u1ed5i t\u1ed1i trong \u0111\u00eam Gi\u00e1ng Sinh \u1ea5m \u00e1p.<\/p>\n<p><img decoding=\"async\" class=\"wp-image-24059 aligncenter\" src=\"https:\/\/havamall.vn\/wp-content\/uploads\/2021\/11\/mm-m-300x216.png\" alt=\"\" width=\"696\" height=\"502\" srcset=\"https:\/\/havamall.vn\/wp-content\/uploads\/2021\/11\/mm-m-300x216.png 300w, https:\/\/havamall.vn\/wp-content\/uploads\/2021\/11\/mm-m-430x309.png 430w, https:\/\/havamall.vn\/wp-content\/uploads\/2021\/11\/mm-m-150x108.png 150w, https:\/\/havamall.vn\/wp-content\/uploads\/2021\/11\/mm-m-700x504.png 700w, https:\/\/havamall.vn\/wp-content\/uploads\/2021\/11\/mm-m-768x553.png 768w, https:\/\/havamall.vn\/wp-content\/uploads\/2021\/11\/mm-m-600x432.png 600w, https:\/\/havamall.vn\/wp-content\/uploads\/2021\/11\/mm-m.png 813w\" sizes=\"(max-width: 696px) 100vw, 696px\" \/><\/p>\n<h3><strong>TH\u00d4NG TIN S\u1ea2N PH\u1ea8M<\/strong><\/h3>\n<p>&#8211; Th\u01b0\u01a1ng hi\u1ec7u: Uncle Bills<\/p>\n<p>&#8211; C\u00f4ng d\u1ee5ng: Ph\u1ee5 ki\u1ec7n trang tr\u00ed t\u00f3c Gi\u00e1ng Sinh<\/p>\n<p>&#8211; \u0110\u1ecbnh l\u01b0\u1ee3ng: 1 C\u00e1i<\/p>\n<p>&#8211; Ch\u1ea5t li\u1ec7u: Nhung, n\u1ec9<\/p>\n<p>&#8211; B\u1ea3o qu\u1ea3n: N\u01a1i kh\u00f4 r\u00e1o, tho\u00e1ng m\u00e1t.<\/p>\n<p><img loading=\"lazy\" decoding=\"async\" class=\"wp-image-24058 aligncenter\" src=\"https:\/\/havamall.vn\/wp-content\/uploads\/2021\/11\/mm--255x300.png\" alt=\"\" width=\"680\" height=\"800\" srcset=\"https:\/\/havamall.vn\/wp-content\/uploads\/2021\/11\/mm--255x300.png 255w, https:\/\/havamall.vn\/wp-content\/uploads\/2021\/11\/mm--430x506.png 430w, https:\/\/havamall.vn\/wp-content\/uploads\/2021\/11\/mm--150x176.png 150w, https:\/\/havamall.vn\/wp-content\/uploads\/2021\/11\/mm--700x823.png 700w, https:\/\/havamall.vn\/wp-content\/uploads\/2021\/11\/mm-.png 768w, https:\/\/havamall.vn\/wp-content\/uploads\/2021\/11\/mm--600x705.png 600w\" sizes=\"(max-width: 680px) 100vw, 680px\" \/><\/p>","protected":false},"excerpt":{"rendered":"<p>TH\u00d4NG TIN TH\u01af\u01a0NG HI\u1ec6U Uncle Bills (UBL) cung c\u1ea5p h\u01a1n 1800 s\u1ea3n ph\u1ea9m ti\u00eau d\u00f9ng phi th\u01b0\u0323c ph\u00e2\u0309m h\u00e2\u0301p d\u00e2\u0303n,<\/p>","protected":false},"featured_media":24060,"comment_status":"open","ping_status":"closed","template":"","meta":[],"product_brand":[],"product_cat":[452,394,35],"product_tag":[],"class_list":{"0":"post-24051","1":"product","2":"type-product","3":"status-publish","4":"has-post-thumbnail","6":"product_cat-noel","7":"product_cat-trang-tri-nha-cua","8":"product_cat-nha-cua-doi-song","9":"pa_brand-uncle-bills","11":"first","12":"instock","13":"sale","14":"shipping-taxable","15":"purchasable","16":"product-type-simple"},"_links":{"self":[{"href":"https:\/\/havamall.vn\/en\/wp-json\/wp\/v2\/product\/24051"}],"collection":[{"href":"https:\/\/havamall.vn\/en\/wp-json\/wp\/v2\/product"}],"about":[{"href":"https:\/\/havamall.vn\/en\/wp-json\/wp\/v2\/types\/product"}],"replies":[{"embeddable":true,"href":"https:\/\/havamall.vn\/en\/wp-json\/wp\/v2\/comments?post=24051"}],"version-history":[{"count":0,"href":"https:\/\/havamall.vn\/en\/wp-json\/wp\/v2\/product\/24051\/revisions"}],"wp:featuredmedia":[{"embeddable":true,"href":"https:\/\/havamall.vn\/en\/wp-json\/wp\/v2\/media\/24060"}],"wp:attachment":[{"href":"https:\/\/havamall.vn\/en\/wp-json\/wp\/v2\/media?parent=24051"}],"wp:term":[{"taxonomy":"product_brand","embeddable":true,"href":"https:\/\/havamall.vn\/en\/wp-json\/wp\/v2\/product_brand?post=24051"},{"taxonomy":"product_cat","embeddable":true,"href":"https:\/\/havamall.vn\/en\/wp-json\/wp\/v2\/product_cat?post=24051"},{"taxonomy":"product_tag","embeddable":true,"href":"https:\/\/havamall.vn\/en\/wp-json\/wp\/v2\/product_tag?post=24051"}],"curies":[{"name":"wp","href":"https:\/\/api.w.org\/{rel}","templated":true}]}}