{"id":24040,"date":"2021-11-26T15:33:34","date_gmt":"2021-11-26T08:33:34","guid":{"rendered":"https:\/\/havamall.vn\/?post_type=product&#038;p=24040"},"modified":"2021-11-26T15:33:35","modified_gmt":"2021-11-26T08:33:35","slug":"day-qua-mong-trang-tri-giang-sinh-uncle-bills-2-7m-holly-berry-garland","status":"publish","type":"product","link":"https:\/\/havamall.vn\/en\/shop\/day-qua-mong-trang-tri-giang-sinh-uncle-bills-2-7m-holly-berry-garland\/","title":{"rendered":"D\u00e2y Qu\u1ea3 M\u1ecdng Trang Tr\u00ed Gi\u00e1ng Sinh Uncle Bills 2.7m &#8211; Holly Berry Garland"},"content":{"rendered":"<div class=\"o9v6fnle cxmmr5t8 oygrvhab hcukyx3x c1et5uql ii04i59q\">\n<div dir=\"auto\">\n<div class=\"o9v6fnle cxmmr5t8 oygrvhab hcukyx3x c1et5uql ii04i59q\">\n<h3><strong>TH\u00d4NG TIN TH\u01af\u01a0NG HI\u1ec6U<\/strong><\/h3>\n<\/div>\n<p>Uncle Bills (UBL) cung c\u1ea5p h\u01a1n 1800 s\u1ea3n ph\u1ea9m ti\u00eau d\u00f9ng phi th\u01b0\u0323c ph\u00e2\u0309m h\u00e2\u0301p d\u00e2\u0303n, ti\u00ea\u0323n i\u0301ch, gia\u0301 ph\u1ea3i ch\u0103ng. S\u1ea3n ph\u1ea9m bao g\u1ed3m nhi\u1ec1u lo\u1ea1i ha\u0300ng ho\u0301a kh\u00e1c nhau, t\u1eeb \u0111\u1ed3 du\u0300ng nh\u00e0 b\u1ebfp, ch\u0103m s\u00f3c c\u00e1 nh\u00e2n, l\u00e0m s\u1ea1ch nha\u0300 c\u01b0\u0309a, \u0111\u00f4\u0300 l\u01b0u tr\u1eef, ca\u0301c loa\u0323i du\u0323ng cu\u0323, v\u00e2\u0323t du\u0323ng ngo\u00e0i tr\u1eddi v\u00e0 ca\u0309 cho tr\u1ebb em.\u00a0 UBL Lu\u00f4n lu\u00f4n c\u00e2\u0323p nh\u00e2\u0323t ca\u0301c sa\u0309n ph\u00e2\u0309m m\u01a1\u0301i.<\/p>\n<p>S\u1ea3n ph\u1ea9m UBL \u0111\u01b0\u1ee3c s\u1ea3n xu\u1ea5t theo ti\u00eau chu\u1ea9n ch\u1ea5t l\u01b0\u1ee3ng nghi\u00eam ng\u1eb7t c\u1ee7a UBL Hongkong v\u00e0 b\u00e1n t\u1ea1i h\u01a1n 50 qu\u1ed1c gia v\u01a1\u0301i h\u01a1n 10.000 c\u1eeda h\u00e0ng, bao g\u1ed3m ch\u00e2u \u00c2u, \u00dac, Ch\u00e2u \u00c1, Ch\u00e2u Phi. S\u1ee9 m\u1ec7nh c\u1ee7a UBL l\u00e0 cung c\u1ea5p nh\u1eefng s\u1ea3n ph\u1ea9m ti\u1ec7n \u00edch v\u00e0 h\u1ea5p d\u1eabn cho ng\u00f4i nh\u00e0 hi\u1ec7n \u0111\u1ea1i c\u1ee7a ng\u01b0\u1eddi Vi\u1ec7t Nam.<\/p>\n<p><img fetchpriority=\"high\" decoding=\"async\" class=\"alignnone wp-image-22991 aligncenter\" src=\"https:\/\/havamall.vn\/wp-content\/uploads\/2021\/10\/7a4565aab9e3171165a8eafb557b0da0-300x150.jpg\" alt=\"\" width=\"666\" height=\"333\" srcset=\"https:\/\/havamall.vn\/wp-content\/uploads\/2021\/10\/7a4565aab9e3171165a8eafb557b0da0-300x150.jpg 300w, https:\/\/havamall.vn\/wp-content\/uploads\/2021\/10\/7a4565aab9e3171165a8eafb557b0da0-430x215.jpg 430w, https:\/\/havamall.vn\/wp-content\/uploads\/2021\/10\/7a4565aab9e3171165a8eafb557b0da0-150x75.jpg 150w, https:\/\/havamall.vn\/wp-content\/uploads\/2021\/10\/7a4565aab9e3171165a8eafb557b0da0-700x350.jpg 700w, https:\/\/havamall.vn\/wp-content\/uploads\/2021\/10\/7a4565aab9e3171165a8eafb557b0da0-768x384.jpg 768w, https:\/\/havamall.vn\/wp-content\/uploads\/2021\/10\/7a4565aab9e3171165a8eafb557b0da0.jpg 1024w, https:\/\/havamall.vn\/wp-content\/uploads\/2021\/10\/7a4565aab9e3171165a8eafb557b0da0-600x300.jpg 600w\" sizes=\"(max-width: 666px) 100vw, 666px\" \/><\/p>\n<\/div>\n<div dir=\"auto\">\u0110\u1ebfm ng\u01b0\u1ee3c m\u1ed9t th\u00e1ng l\u00e0 \u0111\u00e3 \u0111\u1ebfn Gi\u00e1ng Sinh 2021 v\u00e0 s\u1ebd r\u1ea5t tuy\u1ec7t v\u1eddi khi ng\u00f4i nh\u00e0 c\u1ee7a b\u1ea1n \u0111\u01b0\u1ee3c trang tr\u00ed ng\u1eadp tr\u00e0n kh\u00f4ng kh\u00ed l\u1ec5 h\u1ed9i v\u1edbi c\u00e2y th\u00f4ng Noel, d\u00e2y \u0111\u00e8n v\u00e0 c\u00e1c h\u1ed9p qu\u00e0 \u0111\u1ee7 m\u00e0u s\u1eafc.<\/div>\n<\/div>\n<p>H\u00e3y \u0111\u1ec3 Uncle Bills g\u00f3p ph\u1ea7n l\u00e0m sinh \u0111\u1ed9ng h\u01a1n trong m\u00f9a Gi\u00e1ng sinh c\u1ee7a b\u1ea1n v\u1edbi nh\u1eefng ph\u1ee5 ki\u1ec7n trang tr\u00ed Noel \u0111a d\u1ea1ng h\u00f2a chung kh\u00f4ng kh\u00ed \u1ea5m \u00e1p c\u1ee7a m\u00f9a Gi\u00e1ng sinh. C\u00e1c m\u1eabu m\u00e3 noel \u0111\u1ed9c \u0111\u00e1o c\u1ee7a Uncle Bills \u0111\u00e3 c\u00f3 m\u1eb7t t\u1ea1i nh\u00e0 Havamall.<\/p>\n<p><img decoding=\"async\" class=\"wp-image-24039 aligncenter\" src=\"https:\/\/havamall.vn\/wp-content\/uploads\/2021\/11\/5-2.jpg\" alt=\"\" width=\"646\" height=\"286\" srcset=\"https:\/\/havamall.vn\/wp-content\/uploads\/2021\/11\/5-2.jpg 1500w, https:\/\/havamall.vn\/wp-content\/uploads\/2021\/11\/5-2-430x190.jpg 430w, https:\/\/havamall.vn\/wp-content\/uploads\/2021\/11\/5-2-150x66.jpg 150w, https:\/\/havamall.vn\/wp-content\/uploads\/2021\/11\/5-2-700x310.jpg 700w, https:\/\/havamall.vn\/wp-content\/uploads\/2021\/11\/5-2-300x133.jpg 300w, https:\/\/havamall.vn\/wp-content\/uploads\/2021\/11\/5-2-768x340.jpg 768w, https:\/\/havamall.vn\/wp-content\/uploads\/2021\/11\/5-2-1024x453.jpg 1024w, https:\/\/havamall.vn\/wp-content\/uploads\/2021\/11\/5-2-1200x531.jpg 1200w, https:\/\/havamall.vn\/wp-content\/uploads\/2021\/11\/5-2-600x266.jpg 600w\" sizes=\"(max-width: 646px) 100vw, 646px\" \/><\/p>\n<p id=\"tw-target-text\" class=\"tw-data-text tw-text-large tw-ta\" dir=\"ltr\"><span class=\"Y2IQFc\" lang=\"vi\">D\u00e2y trang tr\u00ed qu\u1ea3 m\u1ecdng Uncle Bills s\u1ebd mang \u0111\u1ebfn ng\u00f4i nh\u00e0 m\u00f9a Gi\u00e1ng sinh c\u1ee7a b\u1ea1n m\u1ed9t c\u00e1i nh\u00ecn sang tr\u1ecdng v\u00e0 truy\u1ec1n th\u1ed1ng v\u1edbi cu\u1ed9n v\u00f2ng hoa qu\u1ea3 m\u1ecdng, ch\u1eafc ch\u1eafn s\u1ebd thu h\u00fat s\u1ef1 ch\u00fa \u00fd c\u1ee7a kh\u00e1ch v\u00e0 gi\u00fap l\u00e0m n\u1ed5i b\u1eadt phong c\u00e1ch Gi\u00e1ng sinh \u0111\u00f3 trong nh\u00e0, v\u0103n ph\u00f2ng, \u0111\u1ecba \u0111i\u1ec3m t\u1ed5 ch\u1ee9c ti\u1ec7c c\u1ee7a b\u1ea1n ho\u1eb7c b\u1ea5t k\u1ef3 n\u01a1i n\u00e0o kh\u00e1c.<\/span><\/p>\n<p class=\"tw-data-text tw-text-large tw-ta\" dir=\"ltr\"><span class=\"Y2IQFc\" lang=\"vi\">S\u1ea3n ph\u1ea9m c\u00f3 th\u1ec3 treo tr\u00ean ng\u01b0\u1ee1ng c\u1eeda, c\u00e2y th\u00f4ng Noel, \u00e1o cho\u00e0ng, c\u1ed9t t\u00f9y th\u00edch \u0111\u1ec3 mang l\u1ea1i v\u1ebb \u0111\u1eb9p cho l\u1ec5 h\u1ed9i.<\/span><\/p>\n<p dir=\"ltr\"><img decoding=\"async\" class=\"wp-image-24048 aligncenter\" src=\"https:\/\/havamall.vn\/wp-content\/uploads\/2021\/11\/V-20705_10-300x300.png\" alt=\"\" width=\"630\" height=\"630\" srcset=\"https:\/\/havamall.vn\/wp-content\/uploads\/2021\/11\/V-20705_10-300x300.png 300w, https:\/\/havamall.vn\/wp-content\/uploads\/2021\/11\/V-20705_10-430x430.png 430w, https:\/\/havamall.vn\/wp-content\/uploads\/2021\/11\/V-20705_10-150x150.png 150w, https:\/\/havamall.vn\/wp-content\/uploads\/2021\/11\/V-20705_10-700x700.png 700w, https:\/\/havamall.vn\/wp-content\/uploads\/2021\/11\/V-20705_10-768x768.png 768w, https:\/\/havamall.vn\/wp-content\/uploads\/2021\/11\/V-20705_10-600x600.png 600w, https:\/\/havamall.vn\/wp-content\/uploads\/2021\/11\/V-20705_10-100x100.png 100w, https:\/\/havamall.vn\/wp-content\/uploads\/2021\/11\/V-20705_10.png 1000w\" sizes=\"(max-width: 630px) 100vw, 630px\" \/><\/p>\n<h3><strong>H\u01b0\u1edbng d\u1eabn s\u1eed d\u1ee5ng:<\/strong><\/h3>\n<p id=\"tw-target-text\" class=\"tw-data-text tw-text-large tw-ta\" dir=\"ltr\"><span class=\"Y2IQFc\" lang=\"vi\">&#8211; Nh\u1eb9 v\u00e0 c\u00f3 th\u1ec3 u\u1ed1n cong l\u00e0m v\u00f2ng<\/span>\u00a0hoa \u0111\u01b0\u1ee3c \u0111\u1ea3m b\u1ea3o s\u1ebd th\u00eam y\u1ebfu t\u1ed1 t\u1ef1 nhi\u00ean \u0111\u00e1ng y\u00eau<\/p>\n<p class=\"tw-data-text tw-text-large tw-ta\" dir=\"ltr\">&#8211; \u0110an v\u00f2ng hoa trong v\u00e0 xung quanh \u0111\u1ed3 trang tr\u00ed ng\u00e0y l\u1ec5 tr\u00ean l\u00f2 s\u01b0\u1edfi ho\u1eb7c t\u1ee7 s\u00e1ch<\/p>\n<p class=\"tw-data-text tw-text-large tw-ta\" dir=\"ltr\">&#8211; Ph\u1ee7 l\u00ean g\u01b0\u01a1ng ho\u1eb7c khung \u1ea3nh hi\u1ec7n c\u00f3 \u0111\u1ec3 t\u1ea1o s\u1ef1 tinh t\u1ebf theo m\u00f9a.<\/p>\n<p class=\"tw-data-text tw-text-large tw-ta\" dir=\"ltr\">&#8211; C\u00f3 th\u1ec3 \u0111\u01b0\u1ee3c treo theo ki\u1ec3u truy\u1ec1n th\u1ed1ng tr\u00ean c\u00e2y th\u00f4ng Noel c\u1ee7a b\u1ea1n.<\/p>\n<p dir=\"ltr\"><img loading=\"lazy\" decoding=\"async\" class=\"wp-image-24049 aligncenter\" src=\"https:\/\/havamall.vn\/wp-content\/uploads\/2021\/11\/MNMJ-300x196.png\" alt=\"\" width=\"645\" height=\"422\" srcset=\"https:\/\/havamall.vn\/wp-content\/uploads\/2021\/11\/MNMJ-300x196.png 300w, https:\/\/havamall.vn\/wp-content\/uploads\/2021\/11\/MNMJ-430x281.png 430w, https:\/\/havamall.vn\/wp-content\/uploads\/2021\/11\/MNMJ-150x98.png 150w, https:\/\/havamall.vn\/wp-content\/uploads\/2021\/11\/MNMJ-700x457.png 700w, https:\/\/havamall.vn\/wp-content\/uploads\/2021\/11\/MNMJ-768x502.png 768w, https:\/\/havamall.vn\/wp-content\/uploads\/2021\/11\/MNMJ-1024x669.png 1024w, https:\/\/havamall.vn\/wp-content\/uploads\/2021\/11\/MNMJ-1200x784.png 1200w, https:\/\/havamall.vn\/wp-content\/uploads\/2021\/11\/MNMJ-600x392.png 600w, https:\/\/havamall.vn\/wp-content\/uploads\/2021\/11\/MNMJ.png 1800w\" sizes=\"(max-width: 645px) 100vw, 645px\" \/><\/p>\n<h3><strong>C\u00f4ng d\u1ee5ng c\u1ee7a s\u1ea3n ph\u1ea9m:<\/strong><\/h3>\n<p>&gt; Ho\u00e0n h\u1ea3o \u0111\u1ec3 l\u00e0m v\u00f2ng hoa \u0111\u1ed9i \u0111\u1ea7u, v\u00f2ng hoa th\u00f4ng, trang tr\u00ed b\u00e0n, v\u00f2ng hoa trang tr\u00ed<\/p>\n<p>&gt; R\u1ea5t \u0111\u01a1n gi\u1ea3n \u0111\u1ec3 s\u1eed d\u1ee5ng v\u00e0 t\u00f4 \u0111i\u1ec3m cho c\u00e1ch b\u00e0y tr\u00ed c\u1ee7a b\u1ea1n<\/p>\n<p>&gt; Th\u00edch h\u1ee3p cho v\u0103n ph\u00f2ng, kh\u00e1ch s\u1ea1n, qu\u00e1n bar, qu\u00e1n c\u00e0 ph\u00ea, c\u00e1c lo\u1ea1i c\u1eeda h\u00e0ng, gia \u0111\u00ecnh, v.v.<\/p>\n<p>&gt; Ph\u1ee5 ki\u1ec7n tuy\u1ec7t v\u1eddi \u0111\u1ec3 trang tr\u00ed ng\u00e0y l\u1ec5 Gi\u00e1ng sinh<\/p>","protected":false},"excerpt":{"rendered":"<p>TH\u00d4NG TIN TH\u01af\u01a0NG HI\u1ec6U Uncle Bills (UBL) cung c\u1ea5p h\u01a1n 1800 s\u1ea3n ph\u1ea9m ti\u00eau d\u00f9ng phi th\u01b0\u0323c ph\u00e2\u0309m h\u00e2\u0301p d\u00e2\u0303n,<\/p>","protected":false},"featured_media":24050,"comment_status":"open","ping_status":"closed","template":"","meta":[],"product_brand":[],"product_cat":[452,394,35],"product_tag":[],"class_list":{"0":"post-24040","1":"product","2":"type-product","3":"status-publish","4":"has-post-thumbnail","6":"product_cat-noel","7":"product_cat-trang-tri-nha-cua","8":"product_cat-nha-cua-doi-song","9":"pa_brand-uncle-bills","11":"first","12":"instock","13":"sale","14":"shipping-taxable","15":"purchasable","16":"product-type-simple"},"_links":{"self":[{"href":"https:\/\/havamall.vn\/en\/wp-json\/wp\/v2\/product\/24040"}],"collection":[{"href":"https:\/\/havamall.vn\/en\/wp-json\/wp\/v2\/product"}],"about":[{"href":"https:\/\/havamall.vn\/en\/wp-json\/wp\/v2\/types\/product"}],"replies":[{"embeddable":true,"href":"https:\/\/havamall.vn\/en\/wp-json\/wp\/v2\/comments?post=24040"}],"version-history":[{"count":0,"href":"https:\/\/havamall.vn\/en\/wp-json\/wp\/v2\/product\/24040\/revisions"}],"wp:featuredmedia":[{"embeddable":true,"href":"https:\/\/havamall.vn\/en\/wp-json\/wp\/v2\/media\/24050"}],"wp:attachment":[{"href":"https:\/\/havamall.vn\/en\/wp-json\/wp\/v2\/media?parent=24040"}],"wp:term":[{"taxonomy":"product_brand","embeddable":true,"href":"https:\/\/havamall.vn\/en\/wp-json\/wp\/v2\/product_brand?post=24040"},{"taxonomy":"product_cat","embeddable":true,"href":"https:\/\/havamall.vn\/en\/wp-json\/wp\/v2\/product_cat?post=24040"},{"taxonomy":"product_tag","embeddable":true,"href":"https:\/\/havamall.vn\/en\/wp-json\/wp\/v2\/product_tag?post=24040"}],"curies":[{"name":"wp","href":"https:\/\/api.w.org\/{rel}","templated":true}]}}