{"id":24037,"date":"2021-11-26T15:14:49","date_gmt":"2021-11-26T08:14:49","guid":{"rendered":"https:\/\/havamall.vn\/?post_type=product&#038;p=24037"},"modified":"2021-11-26T15:14:49","modified_gmt":"2021-11-26T08:14:49","slug":"hinh-dan-mong-tay-giang-sinh-10-cai-uncle-bills-christmas-nail-jewel-set-10-packs","status":"publish","type":"product","link":"https:\/\/havamall.vn\/en\/shop\/hinh-dan-mong-tay-giang-sinh-10-cai-uncle-bills-christmas-nail-jewel-set-10-packs\/","title":{"rendered":"H\u00ecnh D\u00e1n M\u00f3ng Tay Gi\u00e1ng Sinh 10 C\u00e1i Uncle Bills &#8211; Christmas Nail Jewel Set 10 Packs"},"content":{"rendered":"<div class=\"o9v6fnle cxmmr5t8 oygrvhab hcukyx3x c1et5uql ii04i59q\">\n<div dir=\"auto\">\n<div class=\"o9v6fnle cxmmr5t8 oygrvhab hcukyx3x c1et5uql ii04i59q\">\n<h3><strong>TH\u00d4NG TIN TH\u01af\u01a0NG HI\u1ec6U<\/strong><\/h3>\n<\/div>\n<p>Uncle Bills (UBL) cung c\u1ea5p h\u01a1n 1800 s\u1ea3n ph\u1ea9m ti\u00eau d\u00f9ng phi th\u01b0\u0323c ph\u00e2\u0309m h\u00e2\u0301p d\u00e2\u0303n, ti\u00ea\u0323n i\u0301ch, gia\u0301 ph\u1ea3i ch\u0103ng. S\u1ea3n ph\u1ea9m bao g\u1ed3m nhi\u1ec1u lo\u1ea1i ha\u0300ng ho\u0301a kh\u00e1c nhau, t\u1eeb \u0111\u1ed3 du\u0300ng nh\u00e0 b\u1ebfp, ch\u0103m s\u00f3c c\u00e1 nh\u00e2n, l\u00e0m s\u1ea1ch nha\u0300 c\u01b0\u0309a, \u0111\u00f4\u0300 l\u01b0u tr\u1eef, ca\u0301c loa\u0323i du\u0323ng cu\u0323, v\u00e2\u0323t du\u0323ng ngo\u00e0i tr\u1eddi v\u00e0 ca\u0309 cho tr\u1ebb em.\u00a0 UBL Lu\u00f4n lu\u00f4n c\u00e2\u0323p nh\u00e2\u0323t ca\u0301c sa\u0309n ph\u00e2\u0309m m\u01a1\u0301i.<\/p>\n<p>S\u1ea3n ph\u1ea9m UBL \u0111\u01b0\u1ee3c s\u1ea3n xu\u1ea5t theo ti\u00eau chu\u1ea9n ch\u1ea5t l\u01b0\u1ee3ng nghi\u00eam ng\u1eb7t c\u1ee7a UBL Hongkong v\u00e0 b\u00e1n t\u1ea1i h\u01a1n 50 qu\u1ed1c gia v\u01a1\u0301i h\u01a1n 10.000 c\u1eeda h\u00e0ng, bao g\u1ed3m ch\u00e2u \u00c2u, \u00dac, Ch\u00e2u \u00c1, Ch\u00e2u Phi. S\u1ee9 m\u1ec7nh c\u1ee7a UBL l\u00e0 cung c\u1ea5p nh\u1eefng s\u1ea3n ph\u1ea9m ti\u1ec7n \u00edch v\u00e0 h\u1ea5p d\u1eabn cho ng\u00f4i nh\u00e0 hi\u1ec7n \u0111\u1ea1i c\u1ee7a ng\u01b0\u1eddi Vi\u1ec7t Nam.<\/p>\n<p><img fetchpriority=\"high\" decoding=\"async\" class=\"alignnone wp-image-22991 aligncenter\" src=\"https:\/\/havamall.vn\/wp-content\/uploads\/2021\/10\/7a4565aab9e3171165a8eafb557b0da0-300x150.jpg\" alt=\"\" width=\"900\" height=\"450\" srcset=\"https:\/\/havamall.vn\/wp-content\/uploads\/2021\/10\/7a4565aab9e3171165a8eafb557b0da0-300x150.jpg 300w, https:\/\/havamall.vn\/wp-content\/uploads\/2021\/10\/7a4565aab9e3171165a8eafb557b0da0-430x215.jpg 430w, https:\/\/havamall.vn\/wp-content\/uploads\/2021\/10\/7a4565aab9e3171165a8eafb557b0da0-150x75.jpg 150w, https:\/\/havamall.vn\/wp-content\/uploads\/2021\/10\/7a4565aab9e3171165a8eafb557b0da0-700x350.jpg 700w, https:\/\/havamall.vn\/wp-content\/uploads\/2021\/10\/7a4565aab9e3171165a8eafb557b0da0-768x384.jpg 768w, https:\/\/havamall.vn\/wp-content\/uploads\/2021\/10\/7a4565aab9e3171165a8eafb557b0da0.jpg 1024w, https:\/\/havamall.vn\/wp-content\/uploads\/2021\/10\/7a4565aab9e3171165a8eafb557b0da0-600x300.jpg 600w\" sizes=\"(max-width: 900px) 100vw, 900px\" \/><\/p>\n<\/div>\n<div dir=\"auto\">\u0110\u1ebfm ng\u01b0\u1ee3c m\u1ed9t th\u00e1ng l\u00e0 \u0111\u00e3 \u0111\u1ebfn Gi\u00e1ng Sinh 2021 v\u00e0 s\u1ebd r\u1ea5t tuy\u1ec7t v\u1eddi khi ng\u00f4i nh\u00e0 c\u1ee7a b\u1ea1n \u0111\u01b0\u1ee3c trang tr\u00ed ng\u1eadp tr\u00e0n kh\u00f4ng kh\u00ed l\u1ec5 h\u1ed9i v\u1edbi c\u00e2y th\u00f4ng Noel, d\u00e2y \u0111\u00e8n v\u00e0 c\u00e1c h\u1ed9p qu\u00e0 \u0111\u1ee7 m\u00e0u s\u1eafc.<\/div>\n<\/div>\n<p>H\u00e3y \u0111\u1ec3 Uncle Bills g\u00f3p ph\u1ea7n l\u00e0m sinh \u0111\u1ed9ng h\u01a1n trong m\u00f9a Gi\u00e1ng sinh c\u1ee7a b\u1ea1n v\u1edbi nh\u1eefng ph\u1ee5 ki\u1ec7n trang tr\u00ed Noel \u0111a d\u1ea1ng h\u00f2a chung kh\u00f4ng kh\u00ed \u1ea5m \u00e1p c\u1ee7a m\u00f9a Gi\u00e1ng sinh. C\u00e1c m\u1eabu m\u00e3 noel \u0111\u1ed9c \u0111\u00e1o c\u1ee7a Uncle Bills \u0111\u00e3 c\u00f3 m\u1eb7t t\u1ea1i nh\u00e0 Havamall.<\/p>\n<p><img decoding=\"async\" class=\"wp-image-24039 aligncenter\" src=\"https:\/\/havamall.vn\/wp-content\/uploads\/2021\/11\/5-2.jpg\" alt=\"\" width=\"901\" height=\"399\" srcset=\"https:\/\/havamall.vn\/wp-content\/uploads\/2021\/11\/5-2.jpg 1500w, https:\/\/havamall.vn\/wp-content\/uploads\/2021\/11\/5-2-430x190.jpg 430w, https:\/\/havamall.vn\/wp-content\/uploads\/2021\/11\/5-2-150x66.jpg 150w, https:\/\/havamall.vn\/wp-content\/uploads\/2021\/11\/5-2-700x310.jpg 700w, https:\/\/havamall.vn\/wp-content\/uploads\/2021\/11\/5-2-300x133.jpg 300w, https:\/\/havamall.vn\/wp-content\/uploads\/2021\/11\/5-2-768x340.jpg 768w, https:\/\/havamall.vn\/wp-content\/uploads\/2021\/11\/5-2-1024x453.jpg 1024w, https:\/\/havamall.vn\/wp-content\/uploads\/2021\/11\/5-2-1200x531.jpg 1200w, https:\/\/havamall.vn\/wp-content\/uploads\/2021\/11\/5-2-600x266.jpg 600w\" sizes=\"(max-width: 901px) 100vw, 901px\" \/><\/p>\n<p>M\u00f9a gi\u00e1ng sinh \u0111\u00e3 \u0111\u1ebfn r\u1ea5t g\u1ea7n, c\u00e1c n\u00e0ng c\u00f2n ch\u1eebng ch\u1edd g\u00ec m\u00e0 kh\u00f4ng s\u1eafp cho m\u00ecnh v\u00e0i h\u00ecnh d\u00e1n Noel vui nh\u1ed9n \u0111\u1ec3 \u0111i ch\u01a1i gi\u00e1ng sinh.\u00a0Thay v\u00ec ph\u1ea3i ra ti\u1ec7m nails ch\u1edd \u0111\u1ee3i v\u1ea5t v\u1ea3 trong c\u00e1c d\u1ecbp l\u1ec5 t\u1ebft v\u00e0 chi ph\u00ed cao, t\u1ea1i sao kh\u00f4ng th\u1eed l\u00e0m t\u1ea1i nh\u00e0 v\u1eeba ti\u1ebft ki\u1ec7m chi ph\u00ed v\u1eeba \u0111\u1eb9p l\u1ea1i an to\u00e0n.<\/p>\n<p style=\"text-align: center\"><img decoding=\"async\" class=\"alignnone  wp-image-24041\" src=\"https:\/\/havamall.vn\/wp-content\/uploads\/2021\/11\/NAILS-2.jpg\" alt=\"\" width=\"900\" height=\"1174\" \/><\/p>\n<p>M\u1ed9t b\u1ed9 m\u00f3ng \u0111\u1eb9p lu\u00f4n gi\u00fap gi\u00fap ch\u1ecb e ph\u1ee5 n\u1eef t\u1ef1 tin h\u01a1n khi giao ti\u1ebfp, m\u1ed7i m\u1ed9t chi\u1ebfc m\u00f3ng \u0111\u1eb9p, c\u00f9ng h\u1ecda ti\u1ebft hoa v\u0103n b\u1eaft m\u1eaft c\u0169ng l\u00e0m t\u0103ng l\u00ean kh\u1ea3 n\u0103ng t\u1ef1 tin t\u0103ng l\u00ean v\u1ebb \u0111\u1eb9p cho ch\u1ecb em, s\u1ebd gi\u00fap ch\u1ecb em c\u00f3 nh\u1eefng b\u1ed9 m\u00f3ng \u0111\u1eb9p nh\u1ea5t, quy\u1ebfn r\u0169 nh\u1ea5t, v\u1edbi nhi\u1ec1u m\u00e0u s\u01a1n t\u1ea1o n\u00ean b\u1ed9 b\u00f3ng \u0111\u1eb9p lung linh v\u00e0 huy\u1ec1n \u1ea3o.<\/p>\n<p>B\u1ed9 H\u00ecnh D\u00e1n M\u00f3ng Tay Gi\u00e1ng Sinh Uncle Bills v\u1edbi nhi\u1ec1u h\u00ecnh d\u00e1ng vui t\u01b0\u01a1i, s\u00e1ng t\u1ea1o s\u1ebd g\u00f3p ph\u1ea7n l\u00e0m \u0111\u00f4i tay ch\u1ecb em ph\u1ee5 n\u1eef th\u00eam ph\u1ea7n xinh \u0111\u1eb9p v\u00e0o d\u1ecbp Noel n\u00e0y.<\/p>\n<p><img loading=\"lazy\" decoding=\"async\" class=\"wp-image-24042 aligncenter\" src=\"https:\/\/havamall.vn\/wp-content\/uploads\/2021\/11\/NAILS-1.jpg\" alt=\"\" width=\"900\" height=\"897\" srcset=\"https:\/\/havamall.vn\/wp-content\/uploads\/2021\/11\/NAILS-1.jpg 1440w, https:\/\/havamall.vn\/wp-content\/uploads\/2021\/11\/NAILS-1-430x429.jpg 430w, https:\/\/havamall.vn\/wp-content\/uploads\/2021\/11\/NAILS-1-150x150.jpg 150w, https:\/\/havamall.vn\/wp-content\/uploads\/2021\/11\/NAILS-1-700x698.jpg 700w, https:\/\/havamall.vn\/wp-content\/uploads\/2021\/11\/NAILS-1-300x300.jpg 300w, https:\/\/havamall.vn\/wp-content\/uploads\/2021\/11\/NAILS-1-768x766.jpg 768w, https:\/\/havamall.vn\/wp-content\/uploads\/2021\/11\/NAILS-1-1024x1021.jpg 1024w, https:\/\/havamall.vn\/wp-content\/uploads\/2021\/11\/NAILS-1-1200x1197.jpg 1200w, https:\/\/havamall.vn\/wp-content\/uploads\/2021\/11\/NAILS-1-600x598.jpg 600w, https:\/\/havamall.vn\/wp-content\/uploads\/2021\/11\/NAILS-1-100x100.jpg 100w\" sizes=\"(max-width: 900px) 100vw, 900px\" \/><\/p>\n<h3><strong>\u01afU \u0110I\u1ec2M C\u1ee6A S\u1ea2N PH\u1ea8M<\/strong><\/h3>\n<p>&#8211; M\u1eabu m\u00e3 \u0111a \u0111ang<\/p>\n<p>&#8211; Ti\u1ebft ki\u1ec7m t\u1ed1i \u0111a th\u1eddi gian v\u00e0 chi ph\u00ed<\/p>\n<p>&#8211; \u0110\u1eb9p, kh\u00f4ng g\u00e2y h\u1ea1i cho m\u00f3ng<\/p>\n<p>&#8211; D\u1ec5 s\u1eed d\u1ee5ng, c\u00f3 th\u1ec3 t\u1ef1 l\u00e0m t\u1ea1i nh\u00e0.<\/p>\n<p>&#8211; D\u1ec5 th\u00e1o ra khi ch\u00e1n kh\u00f4ng mu\u1ed1n s\u1eed d\u1ee5ng n\u1eefa<\/p>\n<p>&#8211; Kh\u00f4ng d\u1ec5 bong tr\u00f3c, b\u1ec1n m\u00e0u h\u01a1n so v\u1edbi khi v\u1ebd m\u00f3ng th\u01b0\u1eddng.<\/p>\n<p><img loading=\"lazy\" decoding=\"async\" class=\"wp-image-24044 aligncenter\" src=\"https:\/\/havamall.vn\/wp-content\/uploads\/2021\/11\/NAILS.png\" alt=\"\" width=\"900\" height=\"1005\" srcset=\"https:\/\/havamall.vn\/wp-content\/uploads\/2021\/11\/NAILS.png 1080w, https:\/\/havamall.vn\/wp-content\/uploads\/2021\/11\/NAILS-430x480.png 430w, https:\/\/havamall.vn\/wp-content\/uploads\/2021\/11\/NAILS-150x168.png 150w, https:\/\/havamall.vn\/wp-content\/uploads\/2021\/11\/NAILS-700x782.png 700w, https:\/\/havamall.vn\/wp-content\/uploads\/2021\/11\/NAILS-269x300.png 269w, https:\/\/havamall.vn\/wp-content\/uploads\/2021\/11\/NAILS-768x858.png 768w, https:\/\/havamall.vn\/wp-content\/uploads\/2021\/11\/NAILS-917x1024.png 917w, https:\/\/havamall.vn\/wp-content\/uploads\/2021\/11\/NAILS-600x670.png 600w\" sizes=\"(max-width: 900px) 100vw, 900px\" \/><\/p>\n<h3><strong>TH\u00d4NG TIN S\u1ea2N PH\u1ea8M<\/strong><\/h3>\n<p>Th\u01b0\u01a1ng hi\u1ec7u: Uncle Bills<\/p>\n<p>Th\u00e0nh ph\u1ea7n: PVC, keo<\/p>\n<p>C\u00f4ng d\u1ee5ng: Ph\u1ee5 ki\u1ec7n trang tr\u00ed gi\u00e1ng sinh<\/p>\n<p>B\u1ea3o qu\u1ea3n: N\u01a1i kh\u00f4 r\u00e1o, tho\u00e1ng m\u00e1t.<\/p>","protected":false},"excerpt":{"rendered":"<p>TH\u00d4NG TIN TH\u01af\u01a0NG HI\u1ec6U Uncle Bills (UBL) cung c\u1ea5p h\u01a1n 1800 s\u1ea3n ph\u1ea9m ti\u00eau d\u00f9ng phi th\u01b0\u0323c ph\u00e2\u0309m h\u00e2\u0301p d\u00e2\u0303n,<\/p>","protected":false},"featured_media":24045,"comment_status":"open","ping_status":"closed","template":"","meta":[],"product_brand":[],"product_cat":[452,394,35],"product_tag":[],"class_list":{"0":"post-24037","1":"product","2":"type-product","3":"status-publish","4":"has-post-thumbnail","6":"product_cat-noel","7":"product_cat-trang-tri-nha-cua","8":"product_cat-nha-cua-doi-song","10":"first","11":"instock","12":"sale","13":"shipping-taxable","14":"purchasable","15":"product-type-simple"},"_links":{"self":[{"href":"https:\/\/havamall.vn\/en\/wp-json\/wp\/v2\/product\/24037"}],"collection":[{"href":"https:\/\/havamall.vn\/en\/wp-json\/wp\/v2\/product"}],"about":[{"href":"https:\/\/havamall.vn\/en\/wp-json\/wp\/v2\/types\/product"}],"replies":[{"embeddable":true,"href":"https:\/\/havamall.vn\/en\/wp-json\/wp\/v2\/comments?post=24037"}],"version-history":[{"count":0,"href":"https:\/\/havamall.vn\/en\/wp-json\/wp\/v2\/product\/24037\/revisions"}],"wp:featuredmedia":[{"embeddable":true,"href":"https:\/\/havamall.vn\/en\/wp-json\/wp\/v2\/media\/24045"}],"wp:attachment":[{"href":"https:\/\/havamall.vn\/en\/wp-json\/wp\/v2\/media?parent=24037"}],"wp:term":[{"taxonomy":"product_brand","embeddable":true,"href":"https:\/\/havamall.vn\/en\/wp-json\/wp\/v2\/product_brand?post=24037"},{"taxonomy":"product_cat","embeddable":true,"href":"https:\/\/havamall.vn\/en\/wp-json\/wp\/v2\/product_cat?post=24037"},{"taxonomy":"product_tag","embeddable":true,"href":"https:\/\/havamall.vn\/en\/wp-json\/wp\/v2\/product_tag?post=24037"}],"curies":[{"name":"wp","href":"https:\/\/api.w.org\/{rel}","templated":true}]}}