{"id":24024,"date":"2021-11-26T14:07:34","date_gmt":"2021-11-26T07:07:34","guid":{"rendered":"https:\/\/havamall.vn\/?post_type=product&#038;p=24024"},"modified":"2021-11-26T14:07:34","modified_gmt":"2021-11-26T07:07:34","slug":"bo-treo-trang-tri-hinh-giang-sinh-kim-tuyen-uncle-bills","status":"publish","type":"product","link":"https:\/\/havamall.vn\/en\/shop\/bo-treo-trang-tri-hinh-giang-sinh-kim-tuyen-uncle-bills\/","title":{"rendered":"B\u1ed9 Treo Trang Tr\u00ed H\u00ecnh Gi\u00e1ng Sinh Kim Tuy\u1ebfn Uncle Bills"},"content":{"rendered":"<div class=\"o9v6fnle cxmmr5t8 oygrvhab hcukyx3x c1et5uql ii04i59q\">\n<h3><strong>TH\u00d4NG TIN TH\u01af\u01a0NG HI\u1ec6U<\/strong><\/h3>\n<\/div>\n<p>Uncle Bills (UBL) cung c\u1ea5p h\u01a1n 1800 s\u1ea3n ph\u1ea9m ti\u00eau d\u00f9ng phi th\u01b0\u0323c ph\u00e2\u0309m h\u00e2\u0301p d\u00e2\u0303n, ti\u00ea\u0323n i\u0301ch, gia\u0301 ph\u1ea3i ch\u0103ng. S\u1ea3n ph\u1ea9m bao g\u1ed3m nhi\u1ec1u lo\u1ea1i ha\u0300ng ho\u0301a kh\u00e1c nhau, t\u1eeb \u0111\u1ed3 du\u0300ng nh\u00e0 b\u1ebfp, ch\u0103m s\u00f3c c\u00e1 nh\u00e2n, l\u00e0m s\u1ea1ch nha\u0300 c\u01b0\u0309a, \u0111\u00f4\u0300 l\u01b0u tr\u1eef, ca\u0301c loa\u0323i du\u0323ng cu\u0323, v\u00e2\u0323t du\u0323ng ngo\u00e0i tr\u1eddi v\u00e0 ca\u0309 cho tr\u1ebb em.\u00a0 UBL Lu\u00f4n lu\u00f4n c\u00e2\u0323p nh\u00e2\u0323t ca\u0301c sa\u0309n ph\u00e2\u0309m m\u01a1\u0301i.<\/p>\n<p>S\u1ea3n ph\u1ea9m UBL \u0111\u01b0\u1ee3c s\u1ea3n xu\u1ea5t theo ti\u00eau chu\u1ea9n ch\u1ea5t l\u01b0\u1ee3ng nghi\u00eam ng\u1eb7t c\u1ee7a UBL Hongkong v\u00e0 b\u00e1n t\u1ea1i h\u01a1n 50 qu\u1ed1c gia v\u01a1\u0301i h\u01a1n 10.000 c\u1eeda h\u00e0ng, bao g\u1ed3m ch\u00e2u \u00c2u, \u00dac, Ch\u00e2u \u00c1, Ch\u00e2u Phi. S\u1ee9 m\u1ec7nh c\u1ee7a UBL l\u00e0 cung c\u1ea5p nh\u1eefng s\u1ea3n ph\u1ea9m ti\u1ec7n \u00edch v\u00e0 h\u1ea5p d\u1eabn cho ng\u00f4i nh\u00e0 hi\u1ec7n \u0111\u1ea1i c\u1ee7a ng\u01b0\u1eddi Vi\u1ec7t Nam.<\/p>\n<p><img fetchpriority=\"high\" decoding=\"async\" class=\"alignnone wp-image-22991 aligncenter\" src=\"https:\/\/havamall.vn\/wp-content\/uploads\/2021\/10\/7a4565aab9e3171165a8eafb557b0da0-300x150.jpg\" alt=\"\" width=\"900\" height=\"450\" srcset=\"https:\/\/havamall.vn\/wp-content\/uploads\/2021\/10\/7a4565aab9e3171165a8eafb557b0da0-300x150.jpg 300w, https:\/\/havamall.vn\/wp-content\/uploads\/2021\/10\/7a4565aab9e3171165a8eafb557b0da0-430x215.jpg 430w, https:\/\/havamall.vn\/wp-content\/uploads\/2021\/10\/7a4565aab9e3171165a8eafb557b0da0-150x75.jpg 150w, https:\/\/havamall.vn\/wp-content\/uploads\/2021\/10\/7a4565aab9e3171165a8eafb557b0da0-700x350.jpg 700w, https:\/\/havamall.vn\/wp-content\/uploads\/2021\/10\/7a4565aab9e3171165a8eafb557b0da0-768x384.jpg 768w, https:\/\/havamall.vn\/wp-content\/uploads\/2021\/10\/7a4565aab9e3171165a8eafb557b0da0.jpg 1024w, https:\/\/havamall.vn\/wp-content\/uploads\/2021\/10\/7a4565aab9e3171165a8eafb557b0da0-600x300.jpg 600w\" sizes=\"(max-width: 900px) 100vw, 900px\" \/><\/p>\n<p>Th\u1eddi ti\u1ebft se l\u1ea1nh b\u00e1o hi\u1ec7u m\u1ed9t m\u00f9a Gi\u00e1ng Sinh \u0111ang \u0111\u1ebfn g\u1ea7n. Nh\u1eefng n\u0103m g\u1ea7n \u0111\u00e2y, vi\u1ec7c trang tr\u00ed gi\u00e1ng sinh \u0111\u00e3 d\u1ea7n tr\u1edf l\u00ean quen thu\u1ed9c v\u00e0 ph\u1ed5 bi\u1ebfn kh\u1eafp mu\u00f4n n\u01a1i. \u0110\u1ec3 t\u1ea1o ra m\u1ed9t kh\u00f4ng kh\u00ed gi\u00e1ng sinh \u1ea5m \u00e1p, lung linh th\u00ec ch\u00fang ta s\u1ebd c\u00f3 r\u1ea5t nhi\u1ec1u ph\u1ee5 ki\u1ec7n \u0111\u1ec3 trang tr\u00ed gi\u00e1ng sinh,\u2026 V\u00e0 ch\u1eafc ch\u1eafn nh\u1eefng s\u1ea3n ph\u1ea9m gi\u00e1ng sinh nh\u00e0 Havamall s\u1ebd l\u00e0 ph\u1ee5 ki\u1ec7n t\u1ea5t y\u1ebfu cho m\u1ecdi c\u0103n h\u1ed9, c\u1eeda h\u00e0ng, nh\u00e0 h\u00e0ng hay v\u0103n ph\u00f2ng, c\u00f4ng ty,\u2026 gi\u00fap g\u00f3p ph\u1ea7n \u0111em l\u1ea1i m\u1ed9t kh\u00f4ng kh\u00ed gi\u00e1ng sinh an l\u00e0nh, \u1ea5m \u00e1p cho gia \u0111\u00ecnh b\u1ea1n.<\/p>\n<p><img decoding=\"async\" class=\"wp-image-23860 aligncenter\" src=\"https:\/\/havamall.vn\/wp-content\/uploads\/2021\/11\/258515322_.png\" alt=\"\" width=\"900\" height=\"900\" srcset=\"https:\/\/havamall.vn\/wp-content\/uploads\/2021\/11\/258515322_.png 1000w, https:\/\/havamall.vn\/wp-content\/uploads\/2021\/11\/258515322_-430x430.png 430w, https:\/\/havamall.vn\/wp-content\/uploads\/2021\/11\/258515322_-150x150.png 150w, https:\/\/havamall.vn\/wp-content\/uploads\/2021\/11\/258515322_-700x700.png 700w, https:\/\/havamall.vn\/wp-content\/uploads\/2021\/11\/258515322_-300x300.png 300w, https:\/\/havamall.vn\/wp-content\/uploads\/2021\/11\/258515322_-768x768.png 768w, https:\/\/havamall.vn\/wp-content\/uploads\/2021\/11\/258515322_-600x600.png 600w, https:\/\/havamall.vn\/wp-content\/uploads\/2021\/11\/258515322_-100x100.png 100w\" sizes=\"(max-width: 900px) 100vw, 900px\" \/><\/p>\n<p>B\u1ed9 Treo Trang Tr\u00ed Uncle Bills g\u1ed3m nh\u1eefng h\u00ecnh nh\u01b0 n\u00f3n Noel, c\u00e2y th\u00f4ng, k\u1eb9o g\u1eady, ng\u01b0\u1eddi tuy\u1ebft \u0111\u01b0\u1ee3c l\u00e0m b\u1eb1ng ch\u1ea5t li\u1ec7u d\u00e2y kim tuy\u1ebfn l\u1ea5p l\u00e1nh, gi\u00fap b\u1ea1n d\u1ec5 d\u00e0ng l\u00ean \u00fd t\u01b0\u1edfng Gi\u00e1ng Sinh \u0111\u1ec3 trang tr\u00ed Gi\u00e1ng Sinh t\u1ea1i nh\u00e0, v\u0103n ph\u00f2ng hay trong nh\u1eefng b\u1eefa ti\u1ec7c.<\/p>\n<p>Ch\u00fang ta c\u00f3 th\u1ec3 d\u00f9ng nh\u1eefng h\u00ecnh treo kim tuy\u1ebfn n\u00e0y \u0111\u1ec3 trang tr\u00ed cho c\u00e2y th\u00f4ng, trang tr\u00ed\u00a0v\u00f2ng nguy\u1ec7t qu\u1ebf noel\u00a0treo tr\u01b0\u1edbc nh\u00e0, ho\u1eb7c c\u00f3 th\u1ec3 l\u00e0 ngay \u1edf c\u1eeda ra v\u00e0o, khung c\u1eeda s\u1ed5, t\u1ea5m g\u01b0\u01a1ng l\u1edbn hay trang tr\u00ed cho b\u1ee9c t\u01b0\u1eddng \u0111\u01a1n \u0111i\u1ec7u nh\u00e0m ch\u00e1n tr\u1edf n\u00ean thu h\u00fat h\u01a1n, t\u1ea1o kh\u00f4ng gian sinh \u0111\u1ed9ng v\u00e0o m\u00f9a l\u1ec5 gi\u00e1ng sinh. V\u1edbi ch\u1ea5t li\u1ec7u kim tuy\u1ebfn s\u1ebd gi\u00fap nh\u1eefng h\u00ecnh treo n\u00e0y n\u1ed5i b\u1eadt d\u01b0\u1edbi \u00e1nh \u0111\u00e8n v\u00e0o \u0111\u00eam Gi\u00e1ng Sinh. \u0110em \u0111\u1ebfn cho b\u1ea1n m\u1ed9t c\u1ea3m gi\u00e1c \u1ea5m \u00e1p v\u00e0 g\u1ea7n g\u0169i cho c\u0103n ph\u00f2ng c\u1ee7a b\u1ea1n.<\/p>\n<p><img decoding=\"async\" class=\"wp-image-24028 aligncenter\" src=\"https:\/\/havamall.vn\/wp-content\/uploads\/2021\/11\/upload_98443002366c44f084c98580e0bde200_master.jpg\" alt=\"\" width=\"900\" height=\"900\" srcset=\"https:\/\/havamall.vn\/wp-content\/uploads\/2021\/11\/upload_98443002366c44f084c98580e0bde200_master.jpg 1024w, https:\/\/havamall.vn\/wp-content\/uploads\/2021\/11\/upload_98443002366c44f084c98580e0bde200_master-430x430.jpg 430w, https:\/\/havamall.vn\/wp-content\/uploads\/2021\/11\/upload_98443002366c44f084c98580e0bde200_master-150x150.jpg 150w, https:\/\/havamall.vn\/wp-content\/uploads\/2021\/11\/upload_98443002366c44f084c98580e0bde200_master-700x700.jpg 700w, https:\/\/havamall.vn\/wp-content\/uploads\/2021\/11\/upload_98443002366c44f084c98580e0bde200_master-300x300.jpg 300w, https:\/\/havamall.vn\/wp-content\/uploads\/2021\/11\/upload_98443002366c44f084c98580e0bde200_master-768x768.jpg 768w, https:\/\/havamall.vn\/wp-content\/uploads\/2021\/11\/upload_98443002366c44f084c98580e0bde200_master-600x600.jpg 600w, https:\/\/havamall.vn\/wp-content\/uploads\/2021\/11\/upload_98443002366c44f084c98580e0bde200_master-100x100.jpg 100w\" sizes=\"(max-width: 900px) 100vw, 900px\" \/><\/p>\n<p>L\u00e0 m\u1ed9t m\u00f3n \u0111\u1ed3 trang tr\u00ed gi\u00e1ng sinh \u0111\u1eb9p m\u1eaft, \u1ea5n t\u01b0\u1ee3ng s\u1ebd mang nh\u1eefng h\u01a1i \u1ea5m \u1ea5m \u00e1p, vui v\u1ebb c\u1ee7a 1 m\u00f9a l\u1ec5 noel \u0111\u1ebfn g\u1ea7n v\u1edbi b\u1ea1n h\u01a1n. S\u1ea3n ph\u1ea9m kh\u00f4ng ch\u1ec9 l\u00e0 s\u1ea3n ph\u1ea9m trang tr\u00ed \u0111\u1ed9c \u0111\u00e1o b\u1eaft m\u1eaft cho c\u0103n ph\u00f2ng c\u1ee7a b\u1ea1n lung linh tr\u00e0n ng\u1eadp s\u1eafc gi\u00e1ng sinh m\u00e0 c\u00f2n l\u00e0 m\u00f3n qu\u00e0 t\u1eb7ng gi\u00e1ng sinh xinh x\u1eafn d\u00e0nh cho b\u1ea1n b\u00e8, ng\u01b0\u1eddi th\u00e2n.<\/p>\n<p>S\u1ea3n ph\u1ea9m l\u00e0 m\u00f3n qu\u00e0 t\u1eb7ng l\u01b0u ni\u1ec7m, trang tr\u00ed \u0111\u1ed9c \u0111\u00e1o. H\u00e3y d\u00e0nh t\u1eb7ng m\u00f3n qu\u00e0 th\u00fa v\u1ecb n\u00e0y cho ng\u01b0\u1eddi th\u00e2n b\u1ea1n b\u00e8 c\u1ee7a b\u1ea1n nh\u00e2n d\u1ecbp gi\u00e1ng sinh n\u00e0y nh\u00e9.<\/p>\n<p><img loading=\"lazy\" decoding=\"async\" class=\"size-full wp-image-24029 aligncenter\" src=\"https:\/\/havamall.vn\/wp-content\/uploads\/2021\/11\/upload_cabff403a75f4c86b0329897dd57ff06_master.jpg\" alt=\"\" width=\"1024\" height=\"1024\" srcset=\"https:\/\/havamall.vn\/wp-content\/uploads\/2021\/11\/upload_cabff403a75f4c86b0329897dd57ff06_master.jpg 1024w, https:\/\/havamall.vn\/wp-content\/uploads\/2021\/11\/upload_cabff403a75f4c86b0329897dd57ff06_master-430x430.jpg 430w, https:\/\/havamall.vn\/wp-content\/uploads\/2021\/11\/upload_cabff403a75f4c86b0329897dd57ff06_master-150x150.jpg 150w, https:\/\/havamall.vn\/wp-content\/uploads\/2021\/11\/upload_cabff403a75f4c86b0329897dd57ff06_master-700x700.jpg 700w, https:\/\/havamall.vn\/wp-content\/uploads\/2021\/11\/upload_cabff403a75f4c86b0329897dd57ff06_master-300x300.jpg 300w, https:\/\/havamall.vn\/wp-content\/uploads\/2021\/11\/upload_cabff403a75f4c86b0329897dd57ff06_master-768x768.jpg 768w, https:\/\/havamall.vn\/wp-content\/uploads\/2021\/11\/upload_cabff403a75f4c86b0329897dd57ff06_master-600x600.jpg 600w, https:\/\/havamall.vn\/wp-content\/uploads\/2021\/11\/upload_cabff403a75f4c86b0329897dd57ff06_master-100x100.jpg 100w\" sizes=\"(max-width: 1024px) 100vw, 1024px\" \/><\/p>\n<h3><strong>\u0110\u1eb7c \u0111i\u1ec3m n\u1ed5i b\u1eadt c\u1ee7a s\u1ea3n ph\u1ea9m:<\/strong><\/h3>\n<p>\u2013 B\u1ed9 Treo Trang Tr\u00ed Gi\u00e1ng Sinh Uncle Bills\u00a0v\u1edbi thi\u1ebft k\u1ebf h\u00ecnh d\u1ea1ng d\u1ec5 th\u01b0\u01a1ng cho ng\u00e0y Gi\u00e1ng Sinh, \u0111em \u0111\u1ebfn cho b\u1ea1n kh\u00f4ng gian ng\u00e0y l\u1ec5 th\u1eadt r\u1ef1c r\u1ee1 v\u00e0 \u1ea5m c\u00fang.<\/p>\n<p>\u2013 Ch\u1ea5t li\u1ec7u cao c\u1ea5p, m\u00e0u s\u1eafc sinh \u0111\u1ed9ng, ph\u00f9 h\u1ee3p v\u1edbi kh\u00f4ng gian ti\u1ec7c gi\u00e1ng sinh.<\/p>\n<p>\u2013 Th\u00edch h\u1ee3p trong c\u00e1c bu\u1ed5i ti\u1ec7c Gi\u00e1ng Sinh, t\u0103ng th\u00eam kh\u00f4ng kh\u00ed trang ho\u00e0ng cho bu\u1ed5i ti\u1ec7c.<\/p>\n<h3><strong>TH\u00d4NG TIN S\u1ea2N PH\u1ea8M<\/strong><\/h3>\n<p>Th\u01b0\u01a1ng hi\u1ec7u: Uncle Bills<\/p>\n<p>Ch\u1ea5t li\u1ec7u: PET, nh\u1ef1a\u2026<\/p>\n<p>B\u1ea3o qu\u1ea3n: N\u01a1i kh\u00f4 r\u00e1o, tho\u00e1ng m\u00e1t.<\/p>","protected":false},"excerpt":{"rendered":"<p>TH\u00d4NG TIN TH\u01af\u01a0NG HI\u1ec6U Uncle Bills (UBL) cung c\u1ea5p h\u01a1n 1800 s\u1ea3n ph\u1ea9m ti\u00eau d\u00f9ng phi th\u01b0\u0323c ph\u00e2\u0309m h\u00e2\u0301p d\u00e2\u0303n,<\/p>","protected":false},"featured_media":24030,"comment_status":"open","ping_status":"closed","template":"","meta":[],"product_brand":[],"product_cat":[452,394,35],"product_tag":[],"class_list":{"0":"post-24024","1":"product","2":"type-product","3":"status-publish","4":"has-post-thumbnail","6":"product_cat-noel","7":"product_cat-trang-tri-nha-cua","8":"product_cat-nha-cua-doi-song","10":"first","11":"instock","12":"sale","13":"shipping-taxable","14":"purchasable","15":"product-type-simple"},"_links":{"self":[{"href":"https:\/\/havamall.vn\/en\/wp-json\/wp\/v2\/product\/24024"}],"collection":[{"href":"https:\/\/havamall.vn\/en\/wp-json\/wp\/v2\/product"}],"about":[{"href":"https:\/\/havamall.vn\/en\/wp-json\/wp\/v2\/types\/product"}],"replies":[{"embeddable":true,"href":"https:\/\/havamall.vn\/en\/wp-json\/wp\/v2\/comments?post=24024"}],"version-history":[{"count":0,"href":"https:\/\/havamall.vn\/en\/wp-json\/wp\/v2\/product\/24024\/revisions"}],"wp:featuredmedia":[{"embeddable":true,"href":"https:\/\/havamall.vn\/en\/wp-json\/wp\/v2\/media\/24030"}],"wp:attachment":[{"href":"https:\/\/havamall.vn\/en\/wp-json\/wp\/v2\/media?parent=24024"}],"wp:term":[{"taxonomy":"product_brand","embeddable":true,"href":"https:\/\/havamall.vn\/en\/wp-json\/wp\/v2\/product_brand?post=24024"},{"taxonomy":"product_cat","embeddable":true,"href":"https:\/\/havamall.vn\/en\/wp-json\/wp\/v2\/product_cat?post=24024"},{"taxonomy":"product_tag","embeddable":true,"href":"https:\/\/havamall.vn\/en\/wp-json\/wp\/v2\/product_tag?post=24024"}],"curies":[{"name":"wp","href":"https:\/\/api.w.org\/{rel}","templated":true}]}}