{"id":24023,"date":"2021-11-26T13:46:45","date_gmt":"2021-11-26T06:46:45","guid":{"rendered":"https:\/\/havamall.vn\/?post_type=product&#038;p=24023"},"modified":"2021-11-26T13:46:45","modified_gmt":"2021-11-26T06:46:45","slug":"bang-merry-christmas-trang-tri-giang-sinh-uncle-bills","status":"publish","type":"product","link":"https:\/\/havamall.vn\/en\/shop\/bang-merry-christmas-trang-tri-giang-sinh-uncle-bills\/","title":{"rendered":"B\u1ea3ng Merry Christmas Trang Tr\u00ed Gi\u00e1ng Sinh Uncle Bills"},"content":{"rendered":"<div class=\"o9v6fnle cxmmr5t8 oygrvhab hcukyx3x c1et5uql ii04i59q\">\n<div dir=\"auto\">\n<div class=\"o9v6fnle cxmmr5t8 oygrvhab hcukyx3x c1et5uql ii04i59q\">\n<h3><strong>TH\u00d4NG TIN TH\u01af\u01a0NG HI\u1ec6U<\/strong><\/h3>\n<\/div>\n<p>Uncle Bills (UBL) cung c\u1ea5p h\u01a1n 1800 s\u1ea3n ph\u1ea9m ti\u00eau d\u00f9ng phi th\u01b0\u0323c ph\u00e2\u0309m h\u00e2\u0301p d\u00e2\u0303n, ti\u00ea\u0323n i\u0301ch, gia\u0301 ph\u1ea3i ch\u0103ng. S\u1ea3n ph\u1ea9m bao g\u1ed3m nhi\u1ec1u lo\u1ea1i ha\u0300ng ho\u0301a kh\u00e1c nhau, t\u1eeb \u0111\u1ed3 du\u0300ng nh\u00e0 b\u1ebfp, ch\u0103m s\u00f3c c\u00e1 nh\u00e2n, l\u00e0m s\u1ea1ch nha\u0300 c\u01b0\u0309a, \u0111\u00f4\u0300 l\u01b0u tr\u1eef, ca\u0301c loa\u0323i du\u0323ng cu\u0323, v\u00e2\u0323t du\u0323ng ngo\u00e0i tr\u1eddi v\u00e0 ca\u0309 cho tr\u1ebb em.\u00a0 UBL Lu\u00f4n lu\u00f4n c\u00e2\u0323p nh\u00e2\u0323t ca\u0301c sa\u0309n ph\u00e2\u0309m m\u01a1\u0301i.<\/p>\n<p>S\u1ea3n ph\u1ea9m UBL \u0111\u01b0\u1ee3c s\u1ea3n xu\u1ea5t theo ti\u00eau chu\u1ea9n ch\u1ea5t l\u01b0\u1ee3ng nghi\u00eam ng\u1eb7t c\u1ee7a UBL Hongkong v\u00e0 b\u00e1n t\u1ea1i h\u01a1n 50 qu\u1ed1c gia v\u01a1\u0301i h\u01a1n 10.000 c\u1eeda h\u00e0ng, bao g\u1ed3m ch\u00e2u \u00c2u, \u00dac, Ch\u00e2u \u00c1, Ch\u00e2u Phi. S\u1ee9 m\u1ec7nh c\u1ee7a UBL l\u00e0 cung c\u1ea5p nh\u1eefng s\u1ea3n ph\u1ea9m ti\u1ec7n \u00edch v\u00e0 h\u1ea5p d\u1eabn cho ng\u00f4i nh\u00e0 hi\u1ec7n \u0111\u1ea1i c\u1ee7a ng\u01b0\u1eddi Vi\u1ec7t Nam.<\/p>\n<p><img fetchpriority=\"high\" decoding=\"async\" class=\"alignnone wp-image-22991 aligncenter\" src=\"https:\/\/havamall.vn\/wp-content\/uploads\/2021\/10\/7a4565aab9e3171165a8eafb557b0da0-300x150.jpg\" alt=\"\" width=\"662\" height=\"331\" srcset=\"https:\/\/havamall.vn\/wp-content\/uploads\/2021\/10\/7a4565aab9e3171165a8eafb557b0da0-300x150.jpg 300w, https:\/\/havamall.vn\/wp-content\/uploads\/2021\/10\/7a4565aab9e3171165a8eafb557b0da0-430x215.jpg 430w, https:\/\/havamall.vn\/wp-content\/uploads\/2021\/10\/7a4565aab9e3171165a8eafb557b0da0-150x75.jpg 150w, https:\/\/havamall.vn\/wp-content\/uploads\/2021\/10\/7a4565aab9e3171165a8eafb557b0da0-700x350.jpg 700w, https:\/\/havamall.vn\/wp-content\/uploads\/2021\/10\/7a4565aab9e3171165a8eafb557b0da0-768x384.jpg 768w, https:\/\/havamall.vn\/wp-content\/uploads\/2021\/10\/7a4565aab9e3171165a8eafb557b0da0.jpg 1024w, https:\/\/havamall.vn\/wp-content\/uploads\/2021\/10\/7a4565aab9e3171165a8eafb557b0da0-600x300.jpg 600w\" sizes=\"(max-width: 662px) 100vw, 662px\" \/><\/p>\n<\/div>\n<div dir=\"auto\">\u0110\u1ebfm ng\u01b0\u1ee3c m\u1ed9t th\u00e1ng l\u00e0 \u0111\u00e3 \u0111\u1ebfn Gi\u00e1ng Sinh 2021 v\u00e0 s\u1ebd r\u1ea5t tuy\u1ec7t v\u1eddi khi ng\u00f4i nh\u00e0 c\u1ee7a b\u1ea1n \u0111\u01b0\u1ee3c trang tr\u00ed ng\u1eadp tr\u00e0n kh\u00f4ng kh\u00ed l\u1ec5 h\u1ed9i v\u1edbi c\u00e2y th\u00f4ng Noel, d\u00e2y \u0111\u00e8n v\u00e0 c\u00e1c h\u1ed9p qu\u00e0 \u0111\u1ee7 m\u00e0u s\u1eafc.<\/div>\n<\/div>\n<p>H\u00e3y \u0111\u1ec3 Uncle Bills g\u00f3p ph\u1ea7n l\u00e0m sinh \u0111\u1ed9ng h\u01a1n trong m\u00f9a Gi\u00e1ng sinh c\u1ee7a b\u1ea1n v\u1edbi nh\u1eefng ph\u1ee5 ki\u1ec7n trang tr\u00ed Noel \u0111a d\u1ea1ng h\u00f2a chung kh\u00f4ng kh\u00ed \u1ea5m \u00e1p c\u1ee7a m\u00f9a Gi\u00e1ng sinh. C\u00e1c m\u1eabu m\u00e3 noel \u0111\u1ed9c \u0111\u00e1o c\u1ee7a Uncle Bills \u0111\u00e3 c\u00f3 m\u1eb7t t\u1ea1i nh\u00e0 Havamall.<\/p>\n<p><img decoding=\"async\" class=\"wp-image-23860 aligncenter\" src=\"https:\/\/havamall.vn\/wp-content\/uploads\/2021\/11\/258515322_-300x300.png\" alt=\"\" width=\"642\" height=\"642\" srcset=\"https:\/\/havamall.vn\/wp-content\/uploads\/2021\/11\/258515322_-300x300.png 300w, https:\/\/havamall.vn\/wp-content\/uploads\/2021\/11\/258515322_-430x430.png 430w, https:\/\/havamall.vn\/wp-content\/uploads\/2021\/11\/258515322_-150x150.png 150w, https:\/\/havamall.vn\/wp-content\/uploads\/2021\/11\/258515322_-700x700.png 700w, https:\/\/havamall.vn\/wp-content\/uploads\/2021\/11\/258515322_-768x768.png 768w, https:\/\/havamall.vn\/wp-content\/uploads\/2021\/11\/258515322_-600x600.png 600w, https:\/\/havamall.vn\/wp-content\/uploads\/2021\/11\/258515322_-100x100.png 100w, https:\/\/havamall.vn\/wp-content\/uploads\/2021\/11\/258515322_.png 1000w\" sizes=\"(max-width: 642px) 100vw, 642px\" \/><\/p>\n<p>B\u1ea3ng Treo Merry Christmas Uncle Bills mang \u0111\u1ebfn cho m\u1ecdi ng\u01b0\u1eddi nhi\u1ec1u ph\u1ee5 ki\u1ec7n trang tr\u00ed xinh x\u1eafn, gi\u00fap b\u1ea1n d\u1ec5 d\u00e0ng l\u00ean \u00fd t\u01b0\u1edfng Gi\u00e1ng Sinh \u0111\u1ec3 trang tr\u00ed Gi\u00e1ng Sinh t\u1ea1i nh\u00e0, v\u0103n ph\u00f2ng hay trong nh\u1eefng b\u1eefa ti\u1ec7c.<\/p>\n<p>Ch\u00fang ta c\u00f3 th\u1ec3 d\u00f9ng\u00a0Ch\u1eef Merry Christmas \u0111\u1eb9p\u00a0\u0111\u1ec3 trang tr\u00ed cho c\u00e2y th\u00f4ng, trang tr\u00ed\u00a0v\u00f2ng nguy\u1ec7t qu\u1ebf noel\u00a0treo tr\u01b0\u1edbc nh\u00e0, ho\u1eb7c c\u00f3 th\u1ec3 l\u00e0 ngay \u1edf c\u1eeda ra v\u00e0o, khung c\u1eeda s\u1ed5, t\u1ea5m g\u01b0\u01a1ng l\u1edbn hay trang tr\u00ed cho b\u1ee9c t\u01b0\u1eddng \u0111\u01a1n \u0111i\u1ec7u nh\u00e0m ch\u00e1n tr\u1edf n\u00ean thu h\u00fat h\u01a1n, t\u1ea1o kh\u00f4ng gian sinh \u0111\u1ed9ng v\u00e0o m\u00f9a l\u1ec5 gi\u00e1ng sinh.<\/p>\n<p><img decoding=\"async\" class=\"wp-image-24025 aligncenter\" src=\"https:\/\/havamall.vn\/wp-content\/uploads\/2021\/11\/merry-ch-300x300.png\" alt=\"\" width=\"645\" height=\"645\" srcset=\"https:\/\/havamall.vn\/wp-content\/uploads\/2021\/11\/merry-ch-300x300.png 300w, https:\/\/havamall.vn\/wp-content\/uploads\/2021\/11\/merry-ch-430x430.png 430w, https:\/\/havamall.vn\/wp-content\/uploads\/2021\/11\/merry-ch-150x150.png 150w, https:\/\/havamall.vn\/wp-content\/uploads\/2021\/11\/merry-ch-700x700.png 700w, https:\/\/havamall.vn\/wp-content\/uploads\/2021\/11\/merry-ch-768x768.png 768w, https:\/\/havamall.vn\/wp-content\/uploads\/2021\/11\/merry-ch-600x600.png 600w, https:\/\/havamall.vn\/wp-content\/uploads\/2021\/11\/merry-ch-100x100.png 100w, https:\/\/havamall.vn\/wp-content\/uploads\/2021\/11\/merry-ch.png 1024w\" sizes=\"(max-width: 645px) 100vw, 645px\" \/><\/p>\n<p>L\u00e0 m\u1ed9t m\u00f3n \u0111\u1ed3 trang tr\u00ed gi\u00e1ng sinh \u0111\u1eb9p m\u1eaft, \u1ea5n t\u01b0\u1ee3ng s\u1ebd mang nh\u1eefng h\u01a1i \u1ea5m \u1ea5m \u00e1p, vui v\u1ebb c\u1ee7a 1 m\u00f9a l\u1ec5 noel \u0111\u1ebfn g\u1ea7n v\u1edbi b\u1ea1n h\u01a1n.<\/p>\n<p>S\u1ea3n ph\u1ea9m kh\u00f4ng ch\u1ec9 l\u00e0 s\u1ea3n ph\u1ea9m trang tr\u00ed \u0111\u1ed9c \u0111\u00e1o b\u1eaft m\u1eaft cho c\u0103n ph\u00f2ng c\u1ee7a b\u1ea1n lung linh tr\u00e0n ng\u1eadp s\u1eafc gi\u00e1ng sinh m\u00e0 c\u00f2n l\u00e0 m\u00f3n qu\u00e0 t\u1eb7ng gi\u00e1ng sinh xinh x\u1eafn d\u00e0nh cho b\u1ea1n b\u00e8, ng\u01b0\u1eddi th\u00e2n.<\/p>\n<p>S\u1ea3n ph\u1ea9m l\u00e0 m\u00f3n qu\u00e0 t\u1eb7ng l\u01b0u ni\u1ec7m, trang tr\u00ed \u0111\u1ed9c \u0111\u00e1o. H\u00e3y d\u00e0nh t\u1eb7ng m\u00f3n qu\u00e0 th\u00fa v\u1ecb n\u00e0y cho ng\u01b0\u1eddi th\u00e2n b\u1ea1n b\u00e8 c\u1ee7a b\u1ea1n nh\u00e2n d\u1ecbp gi\u00e1ng sinh n\u00e0y nh\u00e9.<\/p>\n<p><img loading=\"lazy\" decoding=\"async\" class=\"wp-image-24026 aligncenter\" src=\"https:\/\/havamall.vn\/wp-content\/uploads\/2021\/11\/merry-c-300x300.png\" alt=\"\" width=\"651\" height=\"651\" srcset=\"https:\/\/havamall.vn\/wp-content\/uploads\/2021\/11\/merry-c-300x300.png 300w, https:\/\/havamall.vn\/wp-content\/uploads\/2021\/11\/merry-c-430x430.png 430w, https:\/\/havamall.vn\/wp-content\/uploads\/2021\/11\/merry-c-150x150.png 150w, https:\/\/havamall.vn\/wp-content\/uploads\/2021\/11\/merry-c-700x700.png 700w, https:\/\/havamall.vn\/wp-content\/uploads\/2021\/11\/merry-c-768x768.png 768w, https:\/\/havamall.vn\/wp-content\/uploads\/2021\/11\/merry-c-600x600.png 600w, https:\/\/havamall.vn\/wp-content\/uploads\/2021\/11\/merry-c-100x100.png 100w, https:\/\/havamall.vn\/wp-content\/uploads\/2021\/11\/merry-c.png 1000w\" sizes=\"(max-width: 651px) 100vw, 651px\" \/><\/p>\n<h3><strong>\u0110\u1eb7c \u0111i\u1ec3m n\u1ed5i b\u1eadt c\u1ee7a s\u1ea3n ph\u1ea9m:<\/strong><\/h3>\n<p>&#8211; B\u1ea3ng Trang Tr\u00ed\u00a0 Merry Christmas Uncle Bills\u00a0v\u1edbi thi\u1ebft k\u1ebf d\u1ec5 th\u01b0\u01a1ng cho ng\u00e0y Gi\u00e1ng Sinh, \u0111em \u0111\u1ebfn cho b\u1ea1n kh\u00f4ng gian ng\u00e0y l\u1ec5 th\u1eadt r\u1ef1c r\u1ee1 v\u00e0 \u1ea5m c\u00fang.<\/p>\n<p>&#8211; Ch\u1ea5t li\u1ec7u cao c\u1ea5p, m\u00e0u s\u1eafc sinh \u0111\u1ed9ng, ph\u00f9 h\u1ee3p v\u1edbi kh\u00f4ng gian ti\u1ec7c gi\u00e1ng sinh.<\/p>\n<p>&#8211; Th\u00edch h\u1ee3p trong c\u00e1c bu\u1ed5i ti\u1ec7c gi\u00e1ng sinh, t\u0103ng th\u00eam kh\u00f4ng kh\u00ed trang ho\u00e0ng cho bu\u1ed5i ti\u1ec7c.<\/p>\n<p>S\u1ea3n ph\u1ea9m hi\u1ec7n \u0111\u00e3 c\u00f3 m\u1eb7t t\u1ea1i Havamall.<\/p>","protected":false},"excerpt":{"rendered":"<p>TH\u00d4NG TIN TH\u01af\u01a0NG HI\u1ec6U Uncle Bills (UBL) cung c\u1ea5p h\u01a1n 1800 s\u1ea3n ph\u1ea9m ti\u00eau d\u00f9ng phi th\u01b0\u0323c ph\u00e2\u0309m h\u00e2\u0301p d\u00e2\u0303n,<\/p>","protected":false},"featured_media":24027,"comment_status":"open","ping_status":"closed","template":"","meta":[],"product_brand":[],"product_cat":[452,394,35],"product_tag":[],"class_list":{"0":"post-24023","1":"product","2":"type-product","3":"status-publish","4":"has-post-thumbnail","6":"product_cat-noel","7":"product_cat-trang-tri-nha-cua","8":"product_cat-nha-cua-doi-song","9":"pa_brand-uncle-bills","11":"first","12":"instock","13":"sale","14":"shipping-taxable","15":"purchasable","16":"product-type-simple"},"_links":{"self":[{"href":"https:\/\/havamall.vn\/en\/wp-json\/wp\/v2\/product\/24023"}],"collection":[{"href":"https:\/\/havamall.vn\/en\/wp-json\/wp\/v2\/product"}],"about":[{"href":"https:\/\/havamall.vn\/en\/wp-json\/wp\/v2\/types\/product"}],"replies":[{"embeddable":true,"href":"https:\/\/havamall.vn\/en\/wp-json\/wp\/v2\/comments?post=24023"}],"version-history":[{"count":0,"href":"https:\/\/havamall.vn\/en\/wp-json\/wp\/v2\/product\/24023\/revisions"}],"wp:featuredmedia":[{"embeddable":true,"href":"https:\/\/havamall.vn\/en\/wp-json\/wp\/v2\/media\/24027"}],"wp:attachment":[{"href":"https:\/\/havamall.vn\/en\/wp-json\/wp\/v2\/media?parent=24023"}],"wp:term":[{"taxonomy":"product_brand","embeddable":true,"href":"https:\/\/havamall.vn\/en\/wp-json\/wp\/v2\/product_brand?post=24023"},{"taxonomy":"product_cat","embeddable":true,"href":"https:\/\/havamall.vn\/en\/wp-json\/wp\/v2\/product_cat?post=24023"},{"taxonomy":"product_tag","embeddable":true,"href":"https:\/\/havamall.vn\/en\/wp-json\/wp\/v2\/product_tag?post=24023"}],"curies":[{"name":"wp","href":"https:\/\/api.w.org\/{rel}","templated":true}]}}