{"id":24008,"date":"2021-11-26T11:28:30","date_gmt":"2021-11-26T04:28:30","guid":{"rendered":"https:\/\/havamall.vn\/?post_type=product&#038;p=24008"},"modified":"2022-12-16T11:41:35","modified_gmt":"2022-12-16T04:41:35","slug":"chai-phun-tuyet-nhan-tao-uncle-bills-180gr-snow-spray","status":"publish","type":"product","link":"https:\/\/havamall.vn\/en\/shop\/chai-phun-tuyet-nhan-tao-uncle-bills-180gr-snow-spray\/","title":{"rendered":"Chai Phun Tuy\u1ebft Nh\u00e2n T\u1ea1o Uncle Bills 180gr &#8211; Snow Spray"},"content":{"rendered":"<div class=\"o9v6fnle cxmmr5t8 oygrvhab hcukyx3x c1et5uql ii04i59q\">\n<h3><strong>TH\u00d4NG TIN TH\u01af\u01a0NG HI\u1ec6U<\/strong><\/h3>\n<\/div>\n<p>Uncle Bills (UBL) cung c\u1ea5p h\u01a1n 1800 s\u1ea3n ph\u1ea9m ti\u00eau d\u00f9ng phi th\u01b0\u0323c ph\u00e2\u0309m h\u00e2\u0301p d\u00e2\u0303n, ti\u00ea\u0323n i\u0301ch, gia\u0301 ph\u1ea3i ch\u0103ng. S\u1ea3n ph\u1ea9m bao g\u1ed3m nhi\u1ec1u lo\u1ea1i ha\u0300ng ho\u0301a kh\u00e1c nhau, t\u1eeb \u0111\u1ed3 du\u0300ng nh\u00e0 b\u1ebfp, ch\u0103m s\u00f3c c\u00e1 nh\u00e2n, l\u00e0m s\u1ea1ch nha\u0300 c\u01b0\u0309a, \u0111\u00f4\u0300 l\u01b0u tr\u1eef, ca\u0301c loa\u0323i du\u0323ng cu\u0323, v\u00e2\u0323t du\u0323ng ngo\u00e0i tr\u1eddi v\u00e0 ca\u0309 cho tr\u1ebb em.\u00a0 UBL Lu\u00f4n lu\u00f4n c\u00e2\u0323p nh\u00e2\u0323t ca\u0301c sa\u0309n ph\u00e2\u0309m m\u01a1\u0301i.<\/p>\n<p>S\u1ea3n ph\u1ea9m UBL \u0111\u01b0\u1ee3c s\u1ea3n xu\u1ea5t theo ti\u00eau chu\u1ea9n ch\u1ea5t l\u01b0\u1ee3ng nghi\u00eam ng\u1eb7t c\u1ee7a UBL Hongkong v\u00e0 b\u00e1n t\u1ea1i h\u01a1n 50 qu\u1ed1c gia v\u01a1\u0301i h\u01a1n 10.000 c\u1eeda h\u00e0ng, bao g\u1ed3m ch\u00e2u \u00c2u, \u00dac, Ch\u00e2u \u00c1, Ch\u00e2u Phi. S\u1ee9 m\u1ec7nh c\u1ee7a UBL l\u00e0 cung c\u1ea5p nh\u1eefng s\u1ea3n ph\u1ea9m ti\u1ec7n \u00edch v\u00e0 h\u1ea5p d\u1eabn cho ng\u00f4i nh\u00e0 hi\u1ec7n \u0111\u1ea1i c\u1ee7a ng\u01b0\u1eddi Vi\u1ec7t Nam.<\/p>\n<p><img fetchpriority=\"high\" decoding=\"async\" class=\"alignnone wp-image-22991 aligncenter\" src=\"https:\/\/havamall.vn\/wp-content\/uploads\/2021\/10\/7a4565aab9e3171165a8eafb557b0da0-300x150.jpg\" alt=\"\" width=\"800\" height=\"400\" srcset=\"https:\/\/havamall.vn\/wp-content\/uploads\/2021\/10\/7a4565aab9e3171165a8eafb557b0da0-300x150.jpg 300w, https:\/\/havamall.vn\/wp-content\/uploads\/2021\/10\/7a4565aab9e3171165a8eafb557b0da0-430x215.jpg 430w, https:\/\/havamall.vn\/wp-content\/uploads\/2021\/10\/7a4565aab9e3171165a8eafb557b0da0-150x75.jpg 150w, https:\/\/havamall.vn\/wp-content\/uploads\/2021\/10\/7a4565aab9e3171165a8eafb557b0da0-700x350.jpg 700w, https:\/\/havamall.vn\/wp-content\/uploads\/2021\/10\/7a4565aab9e3171165a8eafb557b0da0-768x384.jpg 768w, https:\/\/havamall.vn\/wp-content\/uploads\/2021\/10\/7a4565aab9e3171165a8eafb557b0da0.jpg 1024w, https:\/\/havamall.vn\/wp-content\/uploads\/2021\/10\/7a4565aab9e3171165a8eafb557b0da0-600x300.jpg 600w\" sizes=\"(max-width: 800px) 100vw, 800px\" \/><\/p>\n<p>Th\u1eddi ti\u1ebft se l\u1ea1nh b\u00e1o hi\u1ec7u m\u1ed9t m\u00f9a Gi\u00e1ng Sinh \u0111ang \u0111\u1ebfn g\u1ea7n. Nh\u1eefng n\u0103m g\u1ea7n \u0111\u00e2y, vi\u1ec7c trang tr\u00ed gi\u00e1ng sinh \u0111\u00e3 d\u1ea7n tr\u1edf l\u00ean quen thu\u1ed9c v\u00e0 ph\u1ed5 bi\u1ebfn kh\u1eafp mu\u00f4n n\u01a1i. \u0110\u1ec3 t\u1ea1o ra m\u1ed9t kh\u00f4ng kh\u00ed gi\u00e1ng sinh \u1ea5m \u00e1p, lung linh th\u00ec ch\u00fang ta s\u1ebd c\u00f3 r\u1ea5t nhi\u1ec1u ph\u1ee5 ki\u1ec7n \u0111\u1ec3 trang tr\u00ed gi\u00e1ng sinh,\u2026 V\u00e0 ch\u1eafc ch\u1eafn nh\u1eefng s\u1ea3n ph\u1ea9m gi\u00e1ng sinh nh\u00e0 Havamall s\u1ebd l\u00e0 ph\u1ee5 ki\u1ec7n t\u1ea5t y\u1ebfu cho m\u1ecdi c\u0103n h\u1ed9, c\u1eeda h\u00e0ng, nh\u00e0 h\u00e0ng hay v\u0103n ph\u00f2ng c\u00f4ng ty,\u2026 gi\u00fap g\u00f3p ph\u1ea7n \u0111em l\u1ea1i m\u1ed9t kh\u00f4ng kh\u00ed gi\u00e1ng sinh an l\u00e0nh, \u1ea5m \u00e1p cho gia \u0111\u00ecnh b\u1ea1n.<\/p>\n<p><img decoding=\"async\" class=\"wp-image-24009 aligncenter\" src=\"https:\/\/havamall.vn\/wp-content\/uploads\/2021\/11\/4-300x300.jpg\" alt=\"\" width=\"800\" height=\"800\" srcset=\"https:\/\/havamall.vn\/wp-content\/uploads\/2021\/11\/4-300x300.jpg 300w, https:\/\/havamall.vn\/wp-content\/uploads\/2021\/11\/4-430x430.jpg 430w, https:\/\/havamall.vn\/wp-content\/uploads\/2021\/11\/4-150x150.jpg 150w, https:\/\/havamall.vn\/wp-content\/uploads\/2021\/11\/4-700x700.jpg 700w, https:\/\/havamall.vn\/wp-content\/uploads\/2021\/11\/4-768x768.jpg 768w, https:\/\/havamall.vn\/wp-content\/uploads\/2021\/11\/4-600x600.jpg 600w, https:\/\/havamall.vn\/wp-content\/uploads\/2021\/11\/4-100x100.jpg 100w, https:\/\/havamall.vn\/wp-content\/uploads\/2021\/11\/4.jpg 821w\" sizes=\"(max-width: 800px) 100vw, 800px\" \/><\/p>\n<p>L\u1ec5 Gi\u00e1ng sinh b\u00e1o hi\u1ec7u n\u0103m c\u0169 qua \u0111i, \u0111\u00f3n ch\u00e0o m\u1ed9t n\u0103m m\u1edbi s\u1eafp \u0111\u1ebfn v\u1edbi nhi\u1ec1u ni\u1ec1m vui m\u1edbi, d\u1ef1 \u0111\u1ecbnh m\u1edbi. M\u1ecdi ng\u01b0\u1eddi d\u00f9 \u1edf \u0111\u00e2u c\u0169ng v\u1ec1 sum h\u1ecdp, qu\u00e2y qu\u1ea7n b\u00ean m\u00e1i \u1ea5m \u00a0gia \u0111\u00ecnh. C\u00e2y th\u00f4ng Noel trang tr\u00ed l\u00e0 ph\u1ee5 ki\u1ec7n kh\u00f4ng th\u1ec3 thi\u1ebfu d\u00f9ng \u0111\u1ec3 trang tr\u00ed v\u00e0 d\u00f9ng \u0111\u1ec3 k\u1ebft h\u1ee3p v\u1edbi c\u00e1c ph\u1ee5 ki\u1ec7n Gi\u00e1ng sinh kh\u00e1c v\u1edbi m\u00e0u s\u1eafc \u0111a d\u1ea1ng l\u00e0m cho c\u00e2y th\u00f4ng tr\u1edf n\u00ean n\u1ed5i b\u1eadt h\u01a1n, l\u00e0m cho ng\u00f4i nh\u00e0, c\u1eeda h\u00e0ng, v\u0103n ph\u00f2ng l\u00e0m vi\u1ec7c c\u1ee7a b\u1ea1n th\u00eam lung linh \u0111\u1eb9p \u0111\u1ebd v\u00e0 \u1ea5m \u00e1p. \u0110\u1ec3 c\u00e2y th\u00f4ng Noel nh\u00e0 b\u1ea1n th\u00eam ph\u1ea7n ch\u00e2n th\u1ef1c v\u00e0 \u1ea5m c\u00fang th\u00ec ch\u1eafc ch\u1eafn kh\u00f4ng th\u1ec3 thi\u1ebfu s\u1ea3n ph\u1ea9m phun tuy\u1ebft nh\u00e2n t\u1ea1o.<\/p>\n<p><img decoding=\"async\" class=\"wp-image-24011 aligncenter\" src=\"https:\/\/havamall.vn\/wp-content\/uploads\/2021\/11\/PHUN-TUY\u1ebeT-7-266x300.jpg\" alt=\"\" width=\"801\" height=\"903\" srcset=\"https:\/\/havamall.vn\/wp-content\/uploads\/2021\/11\/PHUN-TUY\u1ebeT-7-266x300.jpg 266w, https:\/\/havamall.vn\/wp-content\/uploads\/2021\/11\/PHUN-TUY\u1ebeT-7-430x485.jpg 430w, https:\/\/havamall.vn\/wp-content\/uploads\/2021\/11\/PHUN-TUY\u1ebeT-7-150x169.jpg 150w, https:\/\/havamall.vn\/wp-content\/uploads\/2021\/11\/PHUN-TUY\u1ebeT-7-700x789.jpg 700w, https:\/\/havamall.vn\/wp-content\/uploads\/2021\/11\/PHUN-TUY\u1ebeT-7-768x866.jpg 768w, https:\/\/havamall.vn\/wp-content\/uploads\/2021\/11\/PHUN-TUY\u1ebeT-7-909x1024.jpg 909w, https:\/\/havamall.vn\/wp-content\/uploads\/2021\/11\/PHUN-TUY\u1ebeT-7-1200x1352.jpg 1200w, https:\/\/havamall.vn\/wp-content\/uploads\/2021\/11\/PHUN-TUY\u1ebeT-7-600x676.jpg 600w, https:\/\/havamall.vn\/wp-content\/uploads\/2021\/11\/PHUN-TUY\u1ebeT-7.jpg 1331w\" sizes=\"(max-width: 801px) 100vw, 801px\" \/><\/p>\n<p>Phun Tuy\u1ebft Uncle Bills l\u00e0 m\u1ed9t trong nh\u1eefng lo\u1ea1i phun tuy\u1ebft nh\u00e2n t\u1ea1o ph\u1ed5 bi\u1ebfn hi\u1ec7n nay, th\u00edch h\u1ee3p s\u1eed d\u1ee5ng trong c\u00e1c s\u1ef1 ki\u1ec7n nh\u01b0 gi\u00e1ng sinh, s\u00e2n kh\u1ea5u ti\u1ec7c c\u01b0\u1edbi, c\u00e1c khu vui ch\u01a1i nh\u00e2n t\u1ea1o. T\u1ea1o ra nh\u1eefng b\u1ecdt tuy\u1ebft t\u01b0\u01a1ng t\u1ef1 nh\u01b0 tuy\u1ebft th\u1eadt gi\u00fap kh\u00f4ng gian tr\u1edf n\u00ean l\u00e3ng m\u1ea1n, \u0111\u1eb9p m\u1eaft h\u01a1n. Ngo\u00e0i ra c\u00f2n c\u00f3 th\u1ec3 d\u00f9ng \u0111\u1ec3 trang tr\u00ed tr\u00ean c\u1eeda k\u00ednh v\u00e0 t\u1ea1o v\u1ebd h\u00ecnh theo \u00fd mu\u1ed1n.<\/p>\n<p><img loading=\"lazy\" decoding=\"async\" class=\"wp-image-24017 aligncenter\" src=\"https:\/\/havamall.vn\/wp-content\/uploads\/2021\/11\/PHUN-TUY\u1ebeT-8-2.jpg\" alt=\"\" width=\"800\" height=\"797\" srcset=\"https:\/\/havamall.vn\/wp-content\/uploads\/2021\/11\/PHUN-TUY\u1ebeT-8-2.jpg 1959w, https:\/\/havamall.vn\/wp-content\/uploads\/2021\/11\/PHUN-TUY\u1ebeT-8-2-430x428.jpg 430w, https:\/\/havamall.vn\/wp-content\/uploads\/2021\/11\/PHUN-TUY\u1ebeT-8-2-150x150.jpg 150w, https:\/\/havamall.vn\/wp-content\/uploads\/2021\/11\/PHUN-TUY\u1ebeT-8-2-700x697.jpg 700w, https:\/\/havamall.vn\/wp-content\/uploads\/2021\/11\/PHUN-TUY\u1ebeT-8-2-300x300.jpg 300w, https:\/\/havamall.vn\/wp-content\/uploads\/2021\/11\/PHUN-TUY\u1ebeT-8-2-768x765.jpg 768w, https:\/\/havamall.vn\/wp-content\/uploads\/2021\/11\/PHUN-TUY\u1ebeT-8-2-1024x1020.jpg 1024w, https:\/\/havamall.vn\/wp-content\/uploads\/2021\/11\/PHUN-TUY\u1ebeT-8-2-1200x1195.jpg 1200w, https:\/\/havamall.vn\/wp-content\/uploads\/2021\/11\/PHUN-TUY\u1ebeT-8-2-600x598.jpg 600w, https:\/\/havamall.vn\/wp-content\/uploads\/2021\/11\/PHUN-TUY\u1ebeT-8-2-100x100.jpg 100w\" sizes=\"(max-width: 800px) 100vw, 800px\" \/><\/p>\n<h3><strong>\u0110\u1eb6C \u0110I\u1ec2M S\u1ea2N PH\u1ea8M<\/strong><\/h3>\n<p>&#8211; \u0110\u1ec3 trang tr\u00ed tr\u00ean m\u1eb7t k\u00ednh ho\u1eb7c x\u1ecbt l\u00ean c\u00e2y th\u00f4ng Noel.<\/p>\n<p>&#8211; D\u1ec5 d\u00e0ng ch\u00f9i r\u1eeda b\u1eb1ng kh\u0103n \u1ea9m v\u00e0 \u0111\u1ea3m b\u1ea3o an to\u00e0n.<\/p>\n<p>&#8211; Kh\u00f4ng ch\u1ee9a c\u00e1c h\u00f3a ch\u1ea5t \u0111\u1ed9c h\u1ea1i, an to\u00e0n v\u1edbi s\u1ee9c kh\u1ecfe m\u1ecdi l\u1ee9a tu\u1ed5i.<\/p>\n<p><img loading=\"lazy\" decoding=\"async\" class=\"wp-image-24012 aligncenter\" src=\"https:\/\/havamall.vn\/wp-content\/uploads\/2021\/11\/PHUN-TUY\u1ebeT-1-300x300.jpg\" alt=\"\" width=\"800\" height=\"800\" srcset=\"https:\/\/havamall.vn\/wp-content\/uploads\/2021\/11\/PHUN-TUY\u1ebeT-1-300x300.jpg 300w, https:\/\/havamall.vn\/wp-content\/uploads\/2021\/11\/PHUN-TUY\u1ebeT-1-430x430.jpg 430w, https:\/\/havamall.vn\/wp-content\/uploads\/2021\/11\/PHUN-TUY\u1ebeT-1-150x150.jpg 150w, https:\/\/havamall.vn\/wp-content\/uploads\/2021\/11\/PHUN-TUY\u1ebeT-1-700x700.jpg 700w, https:\/\/havamall.vn\/wp-content\/uploads\/2021\/11\/PHUN-TUY\u1ebeT-1-768x768.jpg 768w, https:\/\/havamall.vn\/wp-content\/uploads\/2021\/11\/PHUN-TUY\u1ebeT-1-1024x1024.jpg 1024w, https:\/\/havamall.vn\/wp-content\/uploads\/2021\/11\/PHUN-TUY\u1ebeT-1-1200x1200.jpg 1200w, https:\/\/havamall.vn\/wp-content\/uploads\/2021\/11\/PHUN-TUY\u1ebeT-1-600x600.jpg 600w, https:\/\/havamall.vn\/wp-content\/uploads\/2021\/11\/PHUN-TUY\u1ebeT-1-100x100.jpg 100w, https:\/\/havamall.vn\/wp-content\/uploads\/2021\/11\/PHUN-TUY\u1ebeT-1.jpg 1500w\" sizes=\"(max-width: 800px) 100vw, 800px\" \/><\/p>\n<h3><strong>H\u01af\u1edaNG D\u1eaaN S\u1eec D\u1ee4NG<\/strong><\/h3>\n<p>&#8211; L\u1eafc \u0111\u1ec1u tr\u01b0\u1edbc khi s\u1eed d\u1ee5ng.<\/p>\n<p>&#8211; Kh\u00f4ng d\u00f9ng tay ch\u1ea1m tr\u1ef1c ti\u1ebfp v\u00e0o ph\u1ea7n tuy\u1ebft v\u1eeba x\u1ecbt ra ch\u1edd 1-2 ph\u00fat \u0111\u1ec3 s\u1ea3n ph\u1ea9m kh\u00f4 v\u00e0 tr\u1edf l\u1ea1i nhi\u1ec7t \u0111\u1ed9 ban \u0111\u1ea7u t\u1ed1t nh\u1ea5t n\u00ean gi\u1eef th\u00e0nh ph\u1ea9m \u1edf nhi\u1ec7t \u0111\u1ed9 ph\u00f2ng nhi\u1ec7t \u0111\u1ed9 qu\u00e1 n\u00f3ng s\u1ebd l\u00e0m ch\u1ea3y s\u1ea3n ph\u1ea9m<\/p>\n<p>&#8211; Lau b\u1eb1ng kh\u0103n \u1ea9m kh\u0103n gi\u1ea5y \u01b0\u1edbt ho\u1eb7c kh\u0103n nh\u00fang n\u01b0\u1edbc \u1ea5m. N\u1ebfu c\u00f3 hi\u1ec7n t\u01b0\u1ee3ng v\u00f3n c\u1ee5c x\u1ea3y ra \u1edf chai x\u1ecbt l\u00e0m s\u1ea1ch l\u1ed7 kim v\u00e0 v\u00f2i x\u1ecbt.<\/p>\n<p>&#8211; Phun tuy\u1ebft \u1edf kho\u1ea3ng c\u00e1ch \u00edt nh\u1ea5t 100cm. Kh\u00f4ng n\u00ean phun \u1edf kho\u1ea3ng c\u00e1ch qu\u00e1 g\u1ea7n.<\/p>\n<p>B\u1ea3o qu\u1ea3n: \u0110\u1ec3 cho vi\u1ec7c s\u1eed d\u1ee5ng t\u1ed1t h\u01a1n v\u00e0 tr\u00e1nh ch\u00e1y n\u1ed5, n\u00ean b\u1ea3o qu\u1ea3n s\u1ea3n ph\u1ea9m \u1edf nhi\u1ec7t \u0111\u1ed9 ph\u00f2ng. Tr\u00e1nh \u00e1nh n\u1eafng m\u1eb7t tr\u1eddi v\u00e0 \u0111\u1ec3 xa t\u1ea7m tay tr\u1ebb em.<\/p>\n<p>&nbsp;<\/p>\n<p>&nbsp;<\/p>","protected":false},"excerpt":{"rendered":"<p>TH\u00d4NG TIN TH\u01af\u01a0NG HI\u1ec6U Uncle Bills (UBL) cung c\u1ea5p h\u01a1n 1800 s\u1ea3n ph\u1ea9m ti\u00eau d\u00f9ng phi th\u01b0\u0323c ph\u00e2\u0309m h\u00e2\u0301p d\u00e2\u0303n,<\/p>","protected":false},"featured_media":24014,"comment_status":"open","ping_status":"closed","template":"","meta":[],"product_brand":[],"product_cat":[452,394,35],"product_tag":[],"class_list":{"0":"post-24008","1":"product","2":"type-product","3":"status-publish","4":"has-post-thumbnail","6":"product_cat-noel","7":"product_cat-trang-tri-nha-cua","8":"product_cat-nha-cua-doi-song","10":"first","11":"instock","12":"sale","13":"shipping-taxable","14":"purchasable","15":"product-type-simple"},"_links":{"self":[{"href":"https:\/\/havamall.vn\/en\/wp-json\/wp\/v2\/product\/24008"}],"collection":[{"href":"https:\/\/havamall.vn\/en\/wp-json\/wp\/v2\/product"}],"about":[{"href":"https:\/\/havamall.vn\/en\/wp-json\/wp\/v2\/types\/product"}],"replies":[{"embeddable":true,"href":"https:\/\/havamall.vn\/en\/wp-json\/wp\/v2\/comments?post=24008"}],"version-history":[{"count":0,"href":"https:\/\/havamall.vn\/en\/wp-json\/wp\/v2\/product\/24008\/revisions"}],"wp:featuredmedia":[{"embeddable":true,"href":"https:\/\/havamall.vn\/en\/wp-json\/wp\/v2\/media\/24014"}],"wp:attachment":[{"href":"https:\/\/havamall.vn\/en\/wp-json\/wp\/v2\/media?parent=24008"}],"wp:term":[{"taxonomy":"product_brand","embeddable":true,"href":"https:\/\/havamall.vn\/en\/wp-json\/wp\/v2\/product_brand?post=24008"},{"taxonomy":"product_cat","embeddable":true,"href":"https:\/\/havamall.vn\/en\/wp-json\/wp\/v2\/product_cat?post=24008"},{"taxonomy":"product_tag","embeddable":true,"href":"https:\/\/havamall.vn\/en\/wp-json\/wp\/v2\/product_tag?post=24008"}],"curies":[{"name":"wp","href":"https:\/\/api.w.org\/{rel}","templated":true}]}}