{"id":24002,"date":"2021-11-26T10:26:03","date_gmt":"2021-11-26T03:26:03","guid":{"rendered":"https:\/\/havamall.vn\/?post_type=product&#038;p=24002"},"modified":"2021-11-26T10:26:04","modified_gmt":"2021-11-26T03:26:04","slug":"cai-toc-hinh-sung-tuan-loc-uncle-bills-headband-antlers-nutbells-holly","status":"publish","type":"product","link":"https:\/\/havamall.vn\/en\/shop\/cai-toc-hinh-sung-tuan-loc-uncle-bills-headband-antlers-nutbells-holly\/","title":{"rendered":"C\u00e0i T\u00f3c H\u00ecnh S\u1eebng Tu\u1ea7n L\u1ed9c Uncle Bills &#8211; Headband Antlers Nutbells &amp; Holly"},"content":{"rendered":"<div class=\"o9v6fnle cxmmr5t8 oygrvhab hcukyx3x c1et5uql ii04i59q\">\n<div dir=\"auto\">\n<div class=\"o9v6fnle cxmmr5t8 oygrvhab hcukyx3x c1et5uql ii04i59q\">\n<h3><strong>TH\u00d4NG TIN TH\u01af\u01a0NG HI\u1ec6U<\/strong><\/h3>\n<\/div>\n<p>Uncle Bills (UBL) cung c\u1ea5p h\u01a1n 1800 s\u1ea3n ph\u1ea9m ti\u00eau d\u00f9ng phi th\u01b0\u0323c ph\u00e2\u0309m h\u00e2\u0301p d\u00e2\u0303n, ti\u00ea\u0323n i\u0301ch, gia\u0301 ph\u1ea3i ch\u0103ng. S\u1ea3n ph\u1ea9m bao g\u1ed3m nhi\u1ec1u lo\u1ea1i ha\u0300ng ho\u0301a kh\u00e1c nhau, t\u1eeb \u0111\u1ed3 du\u0300ng nh\u00e0 b\u1ebfp, ch\u0103m s\u00f3c c\u00e1 nh\u00e2n, l\u00e0m s\u1ea1ch nha\u0300 c\u01b0\u0309a, \u0111\u00f4\u0300 l\u01b0u tr\u1eef, ca\u0301c loa\u0323i du\u0323ng cu\u0323, v\u00e2\u0323t du\u0323ng ngo\u00e0i tr\u1eddi v\u00e0 ca\u0309 cho tr\u1ebb em.\u00a0 UBL Lu\u00f4n lu\u00f4n c\u00e2\u0323p nh\u00e2\u0323t ca\u0301c sa\u0309n ph\u00e2\u0309m m\u01a1\u0301i.<\/p>\n<p>S\u1ea3n ph\u1ea9m UBL \u0111\u01b0\u1ee3c s\u1ea3n xu\u1ea5t theo ti\u00eau chu\u1ea9n ch\u1ea5t l\u01b0\u1ee3ng nghi\u00eam ng\u1eb7t c\u1ee7a UBL Hongkong v\u00e0 b\u00e1n t\u1ea1i h\u01a1n 50 qu\u1ed1c gia v\u01a1\u0301i h\u01a1n 10.000 c\u1eeda h\u00e0ng, bao g\u1ed3m ch\u00e2u \u00c2u, \u00dac, Ch\u00e2u \u00c1, Ch\u00e2u Phi. S\u1ee9 m\u1ec7nh c\u1ee7a UBL l\u00e0 cung c\u1ea5p nh\u1eefng s\u1ea3n ph\u1ea9m ti\u1ec7n \u00edch v\u00e0 h\u1ea5p d\u1eabn cho ng\u00f4i nh\u00e0 hi\u1ec7n \u0111\u1ea1i c\u1ee7a ng\u01b0\u1eddi Vi\u1ec7t Nam.<\/p>\n<p><img fetchpriority=\"high\" decoding=\"async\" class=\"alignnone wp-image-22991 aligncenter\" src=\"https:\/\/havamall.vn\/wp-content\/uploads\/2021\/10\/7a4565aab9e3171165a8eafb557b0da0-300x150.jpg\" alt=\"\" width=\"662\" height=\"331\" srcset=\"https:\/\/havamall.vn\/wp-content\/uploads\/2021\/10\/7a4565aab9e3171165a8eafb557b0da0-300x150.jpg 300w, https:\/\/havamall.vn\/wp-content\/uploads\/2021\/10\/7a4565aab9e3171165a8eafb557b0da0-430x215.jpg 430w, https:\/\/havamall.vn\/wp-content\/uploads\/2021\/10\/7a4565aab9e3171165a8eafb557b0da0-150x75.jpg 150w, https:\/\/havamall.vn\/wp-content\/uploads\/2021\/10\/7a4565aab9e3171165a8eafb557b0da0-700x350.jpg 700w, https:\/\/havamall.vn\/wp-content\/uploads\/2021\/10\/7a4565aab9e3171165a8eafb557b0da0-768x384.jpg 768w, https:\/\/havamall.vn\/wp-content\/uploads\/2021\/10\/7a4565aab9e3171165a8eafb557b0da0.jpg 1024w, https:\/\/havamall.vn\/wp-content\/uploads\/2021\/10\/7a4565aab9e3171165a8eafb557b0da0-600x300.jpg 600w\" sizes=\"(max-width: 662px) 100vw, 662px\" \/><\/p>\n<\/div>\n<div dir=\"auto\">\u0110\u1ebfm ng\u01b0\u1ee3c m\u1ed9t th\u00e1ng l\u00e0 \u0111\u00e3 \u0111\u1ebfn Gi\u00e1ng Sinh 2021 v\u00e0 s\u1ebd r\u1ea5t tuy\u1ec7t v\u1eddi khi ng\u00f4i nh\u00e0 c\u1ee7a b\u1ea1n \u0111\u01b0\u1ee3c trang tr\u00ed ng\u1eadp tr\u00e0n kh\u00f4ng kh\u00ed l\u1ec5 h\u1ed9i v\u1edbi c\u00e2y th\u00f4ng Noel, d\u00e2y \u0111\u00e8n v\u00e0 c\u00e1c h\u1ed9p qu\u00e0 \u0111\u1ee7 m\u00e0u s\u1eafc.<\/div>\n<\/div>\n<p>H\u00e3y \u0111\u1ec3 Uncle Bills g\u00f3p ph\u1ea7n l\u00e0m sinh \u0111\u1ed9ng h\u01a1n trong m\u00f9a Gi\u00e1ng sinh c\u1ee7a b\u1ea1n v\u1edbi nh\u1eefng ph\u1ee5 ki\u1ec7n trang tr\u00ed Noel \u0111a d\u1ea1ng h\u00f2a chung kh\u00f4ng kh\u00ed \u1ea5m \u00e1p c\u1ee7a m\u00f9a Gi\u00e1ng sinh. C\u00e1c m\u1eabu m\u00e3 noel \u0111\u1ed9c \u0111\u00e1o c\u1ee7a Uncle Bills \u0111\u00e3 c\u00f3 m\u1eb7t t\u1ea1i nh\u00e0 Havamall.<\/p>\n<p><img decoding=\"async\" class=\"wp-image-23860 aligncenter\" src=\"https:\/\/havamall.vn\/wp-content\/uploads\/2021\/11\/258515322_-300x300.png\" alt=\"\" width=\"642\" height=\"642\" srcset=\"https:\/\/havamall.vn\/wp-content\/uploads\/2021\/11\/258515322_-300x300.png 300w, https:\/\/havamall.vn\/wp-content\/uploads\/2021\/11\/258515322_-430x430.png 430w, https:\/\/havamall.vn\/wp-content\/uploads\/2021\/11\/258515322_-150x150.png 150w, https:\/\/havamall.vn\/wp-content\/uploads\/2021\/11\/258515322_-700x700.png 700w, https:\/\/havamall.vn\/wp-content\/uploads\/2021\/11\/258515322_-768x768.png 768w, https:\/\/havamall.vn\/wp-content\/uploads\/2021\/11\/258515322_-600x600.png 600w, https:\/\/havamall.vn\/wp-content\/uploads\/2021\/11\/258515322_-100x100.png 100w, https:\/\/havamall.vn\/wp-content\/uploads\/2021\/11\/258515322_.png 1000w\" sizes=\"(max-width: 642px) 100vw, 642px\" \/><\/p>\n<p>S\u1eafp \u0111\u1ebfn noel r\u1ed3i, 1 chi\u1ebfc c\u00e0i t\u00f3c s\u1eebng tu\u1ea7n l\u1ed9c s\u1ebd t\u1ea1o n\u00ean kh\u00f4ng kh\u00ed \u1ea5m \u00e1p cho m\u00f9a l\u1ec5 h\u1ed9i. C\u00e0i t\u00f3c n\u00f3n \u00d4ng Gi\u00e0 Noel v\u1edbi thi\u1ebft k\u1ebf ng\u1ed9 ngh\u0129nh, \u0111\u1ed9c \u0111\u00e1o K\u00edch th\u01b0\u1edbc v\u1eeba v\u1eb7n, \u0111\u1ed9 \u0111\u00e0n h\u1ed3i t\u1ed1t L\u00e0 ph\u1ee5 ki\u1ec7n kh\u00f4ng th\u1ec3 thi\u1ebfu trong ng\u00e0y l\u1ec5 Gi\u00e1ng sinh Giao m\u00e0u ng\u1eabu nhi\u00ean<\/p>\n<p>C\u00e0i t\u00f3c Noel &#8211; H\u00ecnh s\u1eebng tu\u1ea7n l\u1ed9c \u0111\u01b0\u1ee3c\u00a0l\u00e0m b\u1eb1ng\u00a0nh\u1ef1a nh\u1eb9 v\u00e0\u00a0c\u1ee9ng c\u00e1p, ch\u1ea5t li\u1ec7u n\u00e0y v\u1eeba c\u00f3 \u0111\u1ed9 b\u1ec1n cao v\u1eeba kh\u00f4ng ch\u1ee9a th\u00e0nh ph\u1ea7n \u0111\u1ed9c h\u1ea1i g\u00e2y k\u00edch \u1ee9ng da hay g\u00e2y\u00a0m\u00f9i kh\u00f3 ch\u1ecbu khi \u0111eo, \u0111\u1ea3m b\u1ea3o\u00a0an to\u00e0n cho ng\u01b0\u1eddi s\u1eed d\u1ee5ng.<\/p>\n<p><img decoding=\"async\" class=\"aligncenter\" src=\"http:\/\/dollarcostumes.com\/wp-content\/uploads\/2021\/06\/dd0648.jpg\" alt=\"Wholesale Red Christmas Headband Reindeer Antler Hair Band with Mistletoe &amp;amp;  Jingle Bell, Santa Headdress for Boys Girls Kid in Yiwu Market\" width=\"655\" height=\"655\" \/><\/p>\n<p>V\u1edbi chi\u1ebfc B\u0103ng \u0111\u00f4 Gi\u00e1ng Sinh ng\u1ed9 ngh\u0129nh n\u00e0y, b\u1ea1n c\u00f3 th\u1ec3 l\u00e0m qu\u00e0 noel d\u00e0nh t\u1eb7ng cho c\u00e1c b\u00e9 ho\u1eb7c b\u1ea1n b\u00e8. \u0110\u00e2y l\u00e0 ph\u1ee5 ki\u1ec7n gi\u00fap b\u1ea1n g\u00e1i n\u1ed5i b\u1eadt h\u01a1n trong l\u1ec5 h\u1ed9i \u0111\u00eam gi\u00e1ng sinh l\u00e0m m\u1ecdi ng\u01b0\u1eddi ch\u00fa \u00fd \u0111\u1ebfn b\u1ea1n h\u01a1n b\u1edfi phong c\u00e1ch \u0111\u1ed9c \u0111\u00e1o nh\u01b0ng kh\u00f4ng k\u00e9m ph\u1ea7n ng\u1ed9 ngh\u0129nh, d\u1ec5 th\u01b0\u01a1ng.<\/p>\n<p><img loading=\"lazy\" decoding=\"async\" class=\"aligncenter\" src=\"https:\/\/havamall.vn\/wp-content\/uploads\/2021\/11\/12pc-Red-Christmas-Bell-Head-Buckle-hair-hoop-Xmas-decorations-Reindeer-Antlers-Headband-Hairbands-Prop-Fancy.jpg\" alt='12pc Red Christmas Bell Head Buckle hair hoop Xmas decorations Reindeer  Antlers Headband Hairbands Prop Fancy Dress Head Bopper|bopper| - AliExpress' width=\"654\" height=\"654\" \/><\/p>\n<h3><strong>\u0110\u1eb7c \u0111i\u1ec3m n\u1ed5i b\u1eadt c\u1ee7a s\u1ea3n ph\u1ea9m:<\/strong><\/h3>\n<p>&#8211; C\u00e0i\u00a0c\u00f3 \u0111\u1ed9 \u0111\u00e0n h\u1ed3i t\u1ed1t gi\u00fap \u00f4m\u00a0v\u1eeba v\u1eb7n \u0111\u1ea7u ng\u01b0\u1eddi, t\u1ea1o s\u1ef1 tho\u1ea3i m\u00e1i t\u1ed1i \u0111a khi s\u1eed d\u1ee5ng.<\/p>\n<p>&#8211; S\u1ea3n ph\u1ea9m\u00a0\u0111\u01b0\u1ee3c b\u1ecdc b\u1edfi m\u1ed9t l\u1edbp v\u1ea3i\u00a0m\u1ecbn v\u00e0\u00a0m\u1ec1m m\u01b0\u1ee3t,\u00a0t\u1ea1o c\u1ea3m gi\u00e1c \u00eam \u00e1i khi \u0111eo.<\/p>\n<p>&#8211; Thi\u1ebft k\u1ebf \u0111\u1ed9c \u0111\u00e1o v\u1edbi chi\u1ebfc n\u00f3n quen thu\u1ed9c v\u00e0o m\u1ed7i d\u1ecbp Gi\u00e1ng Sinh.<\/p>\n<p>&#8211; \u0110\u00e2y ch\u1eafc ch\u1eafn s\u1ebd l\u00e0 m\u00f3n\u00a0ph\u1ee5 ki\u1ec7n khi\u1ebfn ng\u00e0y l\u1ec5 Gi\u00e1ng sinh c\u1ee7a b\u1ea1n tr\u1edf n\u00ean th\u00fa v\u1ecb v\u00e0 \u1ea5n t\u01b0\u1ee3ng h\u01a1n bao gi\u1edd h\u1ebft.<\/p>\n<p>S\u1ea3n ph\u1ea9m hi\u1eb9n \u0111\u00e3 c\u00f3 m\u1eb7t t\u1ea1i Havamall.<\/p>","protected":false},"excerpt":{"rendered":"<p>TH\u00d4NG TIN TH\u01af\u01a0NG HI\u1ec6U Uncle Bills (UBL) cung c\u1ea5p h\u01a1n 1800 s\u1ea3n ph\u1ea9m ti\u00eau d\u00f9ng phi th\u01b0\u0323c ph\u00e2\u0309m h\u00e2\u0301p d\u00e2\u0303n,<\/p>","protected":false},"featured_media":24005,"comment_status":"open","ping_status":"closed","template":"","meta":[],"product_brand":[],"product_cat":[452,394,35],"product_tag":[],"class_list":{"0":"post-24002","1":"product","2":"type-product","3":"status-publish","4":"has-post-thumbnail","6":"product_cat-noel","7":"product_cat-trang-tri-nha-cua","8":"product_cat-nha-cua-doi-song","9":"pa_brand-uncle-bills","11":"first","12":"instock","13":"sale","14":"shipping-taxable","15":"purchasable","16":"product-type-simple"},"_links":{"self":[{"href":"https:\/\/havamall.vn\/en\/wp-json\/wp\/v2\/product\/24002"}],"collection":[{"href":"https:\/\/havamall.vn\/en\/wp-json\/wp\/v2\/product"}],"about":[{"href":"https:\/\/havamall.vn\/en\/wp-json\/wp\/v2\/types\/product"}],"replies":[{"embeddable":true,"href":"https:\/\/havamall.vn\/en\/wp-json\/wp\/v2\/comments?post=24002"}],"version-history":[{"count":0,"href":"https:\/\/havamall.vn\/en\/wp-json\/wp\/v2\/product\/24002\/revisions"}],"wp:featuredmedia":[{"embeddable":true,"href":"https:\/\/havamall.vn\/en\/wp-json\/wp\/v2\/media\/24005"}],"wp:attachment":[{"href":"https:\/\/havamall.vn\/en\/wp-json\/wp\/v2\/media?parent=24002"}],"wp:term":[{"taxonomy":"product_brand","embeddable":true,"href":"https:\/\/havamall.vn\/en\/wp-json\/wp\/v2\/product_brand?post=24002"},{"taxonomy":"product_cat","embeddable":true,"href":"https:\/\/havamall.vn\/en\/wp-json\/wp\/v2\/product_cat?post=24002"},{"taxonomy":"product_tag","embeddable":true,"href":"https:\/\/havamall.vn\/en\/wp-json\/wp\/v2\/product_tag?post=24002"}],"curies":[{"name":"wp","href":"https:\/\/api.w.org\/{rel}","templated":true}]}}