{"id":23989,"date":"2021-11-26T09:31:45","date_gmt":"2021-11-26T02:31:45","guid":{"rendered":"https:\/\/havamall.vn\/?post_type=product&#038;p=23989"},"modified":"2021-12-04T11:15:09","modified_gmt":"2021-12-04T04:15:09","slug":"bo-12-cay-but-chi-giang-sinh-kem-dau-tay-uncle-bills-christmas-pencils-12-packs","status":"publish","type":"product","link":"https:\/\/havamall.vn\/en\/shop\/bo-12-cay-but-chi-giang-sinh-kem-dau-tay-uncle-bills-christmas-pencils-12-packs\/","title":{"rendered":"B\u1ed9 12 C\u00e2y B\u00fat Ch\u00ec Gi\u00e1ng Sinh K\u00e8m \u0110\u1ea7u T\u1ea9y Uncle Bills &#8211; Christmas Pencils 12 Packs"},"content":{"rendered":"<div class=\"o9v6fnle cxmmr5t8 oygrvhab hcukyx3x c1et5uql ii04i59q\">\n<h3><strong>TH\u00d4NG TIN TH\u01af\u01a0NG HI\u1ec6U<\/strong><\/h3>\n<\/div>\n<p>Uncle Bills (UBL) cung c\u1ea5p h\u01a1n 1800 s\u1ea3n ph\u1ea9m ti\u00eau d\u00f9ng phi th\u01b0\u0323c ph\u00e2\u0309m h\u00e2\u0301p d\u00e2\u0303n, ti\u00ea\u0323n i\u0301ch, gia\u0301 ph\u1ea3i ch\u0103ng. S\u1ea3n ph\u1ea9m bao g\u1ed3m nhi\u1ec1u lo\u1ea1i ha\u0300ng ho\u0301a kh\u00e1c nhau, t\u1eeb \u0111\u1ed3 du\u0300ng nh\u00e0 b\u1ebfp, ch\u0103m s\u00f3c c\u00e1 nh\u00e2n, l\u00e0m s\u1ea1ch nha\u0300 c\u01b0\u0309a, \u0111\u00f4\u0300 l\u01b0u tr\u1eef, ca\u0301c loa\u0323i du\u0323ng cu\u0323, v\u00e2\u0323t du\u0323ng ngo\u00e0i tr\u1eddi v\u00e0 ca\u0309 cho tr\u1ebb em.\u00a0 UBL Lu\u00f4n lu\u00f4n c\u00e2\u0323p nh\u00e2\u0323t ca\u0301c sa\u0309n ph\u00e2\u0309m m\u01a1\u0301i.<\/p>\n<p>S\u1ea3n ph\u1ea9m UBL \u0111\u01b0\u1ee3c s\u1ea3n xu\u1ea5t theo ti\u00eau chu\u1ea9n ch\u1ea5t l\u01b0\u1ee3ng nghi\u00eam ng\u1eb7t c\u1ee7a UBL Hongkong v\u00e0 b\u00e1n t\u1ea1i h\u01a1n 50 qu\u1ed1c gia v\u01a1\u0301i h\u01a1n 10.000 c\u1eeda h\u00e0ng, bao g\u1ed3m ch\u00e2u \u00c2u, \u00dac, Ch\u00e2u \u00c1, Ch\u00e2u Phi. S\u1ee9 m\u1ec7nh c\u1ee7a UBL l\u00e0 cung c\u1ea5p nh\u1eefng s\u1ea3n ph\u1ea9m ti\u1ec7n \u00edch v\u00e0 h\u1ea5p d\u1eabn cho ng\u00f4i nh\u00e0 hi\u1ec7n \u0111\u1ea1i c\u1ee7a ng\u01b0\u1eddi Vi\u1ec7t Nam.<\/p>\n<p><img fetchpriority=\"high\" decoding=\"async\" class=\"alignnone wp-image-22991 aligncenter\" src=\"https:\/\/havamall.vn\/wp-content\/uploads\/2021\/10\/7a4565aab9e3171165a8eafb557b0da0-300x150.jpg\" alt=\"\" width=\"800\" height=\"400\" srcset=\"https:\/\/havamall.vn\/wp-content\/uploads\/2021\/10\/7a4565aab9e3171165a8eafb557b0da0-300x150.jpg 300w, https:\/\/havamall.vn\/wp-content\/uploads\/2021\/10\/7a4565aab9e3171165a8eafb557b0da0-430x215.jpg 430w, https:\/\/havamall.vn\/wp-content\/uploads\/2021\/10\/7a4565aab9e3171165a8eafb557b0da0-150x75.jpg 150w, https:\/\/havamall.vn\/wp-content\/uploads\/2021\/10\/7a4565aab9e3171165a8eafb557b0da0-700x350.jpg 700w, https:\/\/havamall.vn\/wp-content\/uploads\/2021\/10\/7a4565aab9e3171165a8eafb557b0da0-768x384.jpg 768w, https:\/\/havamall.vn\/wp-content\/uploads\/2021\/10\/7a4565aab9e3171165a8eafb557b0da0.jpg 1024w, https:\/\/havamall.vn\/wp-content\/uploads\/2021\/10\/7a4565aab9e3171165a8eafb557b0da0-600x300.jpg 600w\" sizes=\"(max-width: 800px) 100vw, 800px\" \/><\/p>\n<p>Th\u1eddi ti\u1ebft se l\u1ea1nh b\u00e1o hi\u1ec7u m\u1ed9t m\u00f9a Gi\u00e1ng Sinh \u0111ang \u0111\u1ebfn g\u1ea7n. Nh\u1eefng n\u0103m g\u1ea7n \u0111\u00e2y, vi\u1ec7c trang tr\u00ed gi\u00e1ng sinh \u0111\u00e3 d\u1ea7n tr\u1edf l\u00ean quen thu\u1ed9c v\u00e0 ph\u1ed5 bi\u1ebfn kh\u1eafp mu\u00f4n n\u01a1i. \u0110\u1ec3 t\u1ea1o ra m\u1ed9t kh\u00f4ng kh\u00ed gi\u00e1ng sinh \u1ea5m \u00e1p, lung linh th\u00ec ch\u00fang ta s\u1ebd c\u00f3 r\u1ea5t nhi\u1ec1u ph\u1ee5 ki\u1ec7n \u0111\u1ec3 trang tr\u00ed gi\u00e1ng sinh,\u2026 V\u00e0 ch\u1eafc ch\u1eafn nh\u1eefng s\u1ea3n ph\u1ea9m gi\u00e1ng sinh nh\u00e0 Havamall s\u1ebd l\u00e0 ph\u1ee5 ki\u1ec7n t\u1ea5t y\u1ebfu cho m\u1ecdi c\u0103n h\u1ed9, c\u1eeda h\u00e0ng, nh\u00e0 h\u00e0ng hay v\u0103n ph\u00f2ng c\u00f4ng ty,\u2026 gi\u00fap g\u00f3p ph\u1ea7n \u0111em l\u1ea1i m\u1ed9t kh\u00f4ng kh\u00ed gi\u00e1ng sinh an l\u00e0nh, \u1ea5m \u00e1p cho gia \u0111\u00ecnh b\u1ea1n.<\/p>\n<p><img decoding=\"async\" class=\"wp-image-23924 aligncenter\" src=\"https:\/\/havamall.vn\/wp-content\/uploads\/2021\/11\/e29bacdfad845cda0595_74ad799c570447dcb442133b671ea3cb-300x133.jpg\" alt=\"\" width=\"800\" height=\"355\" srcset=\"https:\/\/havamall.vn\/wp-content\/uploads\/2021\/11\/e29bacdfad845cda0595_74ad799c570447dcb442133b671ea3cb-300x133.jpg 300w, https:\/\/havamall.vn\/wp-content\/uploads\/2021\/11\/e29bacdfad845cda0595_74ad799c570447dcb442133b671ea3cb-430x190.jpg 430w, https:\/\/havamall.vn\/wp-content\/uploads\/2021\/11\/e29bacdfad845cda0595_74ad799c570447dcb442133b671ea3cb-150x66.jpg 150w, https:\/\/havamall.vn\/wp-content\/uploads\/2021\/11\/e29bacdfad845cda0595_74ad799c570447dcb442133b671ea3cb-700x310.jpg 700w, https:\/\/havamall.vn\/wp-content\/uploads\/2021\/11\/e29bacdfad845cda0595_74ad799c570447dcb442133b671ea3cb-768x340.jpg 768w, https:\/\/havamall.vn\/wp-content\/uploads\/2021\/11\/e29bacdfad845cda0595_74ad799c570447dcb442133b671ea3cb-1024x453.jpg 1024w, https:\/\/havamall.vn\/wp-content\/uploads\/2021\/11\/e29bacdfad845cda0595_74ad799c570447dcb442133b671ea3cb-1200x531.jpg 1200w, https:\/\/havamall.vn\/wp-content\/uploads\/2021\/11\/e29bacdfad845cda0595_74ad799c570447dcb442133b671ea3cb-600x266.jpg 600w, https:\/\/havamall.vn\/wp-content\/uploads\/2021\/11\/e29bacdfad845cda0595_74ad799c570447dcb442133b671ea3cb.jpg 1500w\" sizes=\"(max-width: 800px) 100vw, 800px\" \/><\/p>\n<p>B\u00ean c\u1ea1nh nh\u1eefng ph\u1ee5 ki\u1ec7n trang tr\u00ed Gi\u00e1ng Sinh cho nh\u00e0 c\u1eeda, v\u0103n ph\u00f2ng, th\u00ec c\u00f2n c\u00f3 nh\u1eefng b\u1ed9 \u0111\u1ed3 d\u00f9ng h\u1ecdc t\u1eadp c\u00f3 h\u00ecnh Gi\u00e1ng Sinh c\u0169ng kh\u00f4ng k\u00e9m ph\u1ea7n vui nh\u1ed9n, xinh x\u1eafn. G\u00f3p ph\u1ea7n t\u1ea1o cho c\u00e1c b\u00e9 nh\u00e0 b\u1ea1n c\u00f3 m\u1ed9t b\u1ea7u kh\u00f4ng kh\u00ed \u1ea5m \u00e1p b\u00ean gia \u0111\u00ecnh trong ng\u00e0y l\u1ec5 n\u00e0y.<\/p>\n<p><img decoding=\"async\" class=\"wp-image-23991 aligncenter\" src=\"https:\/\/havamall.vn\/wp-content\/uploads\/2021\/11\/B\u00daT-CH\u00cc-300x300.png\" alt=\"\" width=\"800\" height=\"800\" srcset=\"https:\/\/havamall.vn\/wp-content\/uploads\/2021\/11\/B\u00daT-CH\u00cc-300x300.png 300w, https:\/\/havamall.vn\/wp-content\/uploads\/2021\/11\/B\u00daT-CH\u00cc-430x430.png 430w, https:\/\/havamall.vn\/wp-content\/uploads\/2021\/11\/B\u00daT-CH\u00cc-150x150.png 150w, https:\/\/havamall.vn\/wp-content\/uploads\/2021\/11\/B\u00daT-CH\u00cc-700x700.png 700w, https:\/\/havamall.vn\/wp-content\/uploads\/2021\/11\/B\u00daT-CH\u00cc-768x768.png 768w, https:\/\/havamall.vn\/wp-content\/uploads\/2021\/11\/B\u00daT-CH\u00cc-1024x1024.png 1024w, https:\/\/havamall.vn\/wp-content\/uploads\/2021\/11\/B\u00daT-CH\u00cc-1200x1200.png 1200w, https:\/\/havamall.vn\/wp-content\/uploads\/2021\/11\/B\u00daT-CH\u00cc-600x600.png 600w, https:\/\/havamall.vn\/wp-content\/uploads\/2021\/11\/B\u00daT-CH\u00cc-100x100.png 100w\" sizes=\"(max-width: 800px) 100vw, 800px\" \/><\/p>\n<p>B\u00fat Ch\u00ec Noel K\u00e8m T\u1ea9y Uncle Bills v\u1edbi thi\u1ebft k\u1ebf d\u1ec5 th\u01b0\u01a1ng cho ng\u00e0y Gi\u00e1ng Sinh, \u0111em \u0111\u1ebfn cho b\u1ea1n kh\u00f4ng gian ng\u00e0y l\u1ec5 th\u1eadt r\u1ef1c r\u1ee1 v\u00e0 \u1ea5m c\u00fang. Ch\u1ea5t li\u1ec7u cao c\u1ea5p, m\u00e0u s\u1eafc sinh \u0111\u1ed9ng, ph\u00f9 h\u1ee3p v\u1edbi kh\u00f4ng gian ti\u1ec7c gi\u00e1ng sinh. Th\u00edch h\u1ee3p trong c\u00e1c bu\u1ed5i ti\u1ec7c gi\u00e1ng sinh, t\u0103ng th\u00eam kh\u00f4ng kh\u00ed trang ho\u00e0ng cho bu\u1ed5i ti\u1ec7c. L\u00e0m b\u1eb1ng ch\u1ea5t li\u1ec7u g\u1ed7, cao su t\u1ef1 nhi\u00ean ho\u00e0n to\u00e0n an to\u00e0n v\u1edbi ng\u01b0\u1eddi s\u1eed d\u1ee5ng.<\/p>\n<p>V\u1edbi m\u1ed7i m\u1ed7i c\u00e2y b\u00fat ch\u00ec \u0111\u01b0\u1ee3c trang tr\u00ed v\u1edbi c\u00e1c hoa v\u0103n nhi\u1ec1u m\u00e0u s\u1eafc v\u00e0 \u0111\u1ea7u b\u00fat ch\u00ec c\u00f3 t\u1ea9y c\u00e1c ki\u1ec3u h\u00ecnh Gi\u00e1ng sinh nh\u01b0 ng\u01b0\u1eddi tuy\u1ebft, b\u00f4ng tuy\u1ebft, \u00f4ng gi\u00e0 Noel, c\u00e2y th\u00f4ng \u0111a d\u1ea1ng, tr\u00f4ng r\u1ea5t b\u1eaft m\u1eaft t\u1ea1o s\u1ef1 ph\u1ea5n kh\u00edch cho b\u00e9 khi ng\u1ed3i v\u00e0o b\u00e0n h\u1ecdc. \u0110\u1eb7c bi\u1ec7t, \u0111\u1ea7u t\u1ea9y c\u00f3 th\u1ec3 th\u00e1o r\u1eddi thu\u1eadn ti\u1ec7n.<\/p>\n<p><img loading=\"lazy\" decoding=\"async\" class=\"wp-image-23995 aligncenter\" src=\"https:\/\/havamall.vn\/wp-content\/uploads\/2021\/11\/B\u00daT-CH\u00cc-3-1-300x300.jpg\" alt=\"\" width=\"800\" height=\"800\" srcset=\"https:\/\/havamall.vn\/wp-content\/uploads\/2021\/11\/B\u00daT-CH\u00cc-3-1-300x300.jpg 300w, https:\/\/havamall.vn\/wp-content\/uploads\/2021\/11\/B\u00daT-CH\u00cc-3-1-430x430.jpg 430w, https:\/\/havamall.vn\/wp-content\/uploads\/2021\/11\/B\u00daT-CH\u00cc-3-1-150x150.jpg 150w, https:\/\/havamall.vn\/wp-content\/uploads\/2021\/11\/B\u00daT-CH\u00cc-3-1-700x700.jpg 700w, https:\/\/havamall.vn\/wp-content\/uploads\/2021\/11\/B\u00daT-CH\u00cc-3-1-768x768.jpg 768w, https:\/\/havamall.vn\/wp-content\/uploads\/2021\/11\/B\u00daT-CH\u00cc-3-1-600x600.jpg 600w, https:\/\/havamall.vn\/wp-content\/uploads\/2021\/11\/B\u00daT-CH\u00cc-3-1-100x100.jpg 100w, https:\/\/havamall.vn\/wp-content\/uploads\/2021\/11\/B\u00daT-CH\u00cc-3-1.jpg 800w\" sizes=\"(max-width: 800px) 100vw, 800px\" \/><\/p>\n<h3><strong>TH\u00d4NG TIN S\u1ea2N PH\u1ea8M<\/strong><\/h3>\n<p>Th\u01b0\u01a1ng hi\u1ec7u: Uncle Bills<\/p>\n<p>Th\u00e0nh ph\u1ea7n: G\u1ed7, cao su t\u1ef1 nhi\u00ean<\/p>\n<p>B\u1ea3o qu\u1ea3n: N\u01a1i kh\u00f4 r\u00e1o, tho\u00e1ng m\u00e1t<\/p>\n<p>\u0110\u1ecbnh l\u01b0\u1ee3ng: 12 c\u00e1i<\/p>\n<p>L\u01b0u \u00fd: \u0110\u1ec3 xa t\u1ea7m tay tr\u1ebb em.<\/p>\n<p><img loading=\"lazy\" decoding=\"async\" class=\"wp-image-23993 aligncenter\" src=\"https:\/\/havamall.vn\/wp-content\/uploads\/2021\/11\/B\u00daT-CH\u00cc-4-300x300.jpg\" alt=\"\" width=\"800\" height=\"800\" srcset=\"https:\/\/havamall.vn\/wp-content\/uploads\/2021\/11\/B\u00daT-CH\u00cc-4-300x300.jpg 300w, https:\/\/havamall.vn\/wp-content\/uploads\/2021\/11\/B\u00daT-CH\u00cc-4-430x430.jpg 430w, https:\/\/havamall.vn\/wp-content\/uploads\/2021\/11\/B\u00daT-CH\u00cc-4-150x150.jpg 150w, https:\/\/havamall.vn\/wp-content\/uploads\/2021\/11\/B\u00daT-CH\u00cc-4-700x700.jpg 700w, https:\/\/havamall.vn\/wp-content\/uploads\/2021\/11\/B\u00daT-CH\u00cc-4-768x768.jpg 768w, https:\/\/havamall.vn\/wp-content\/uploads\/2021\/11\/B\u00daT-CH\u00cc-4-1024x1024.jpg 1024w, https:\/\/havamall.vn\/wp-content\/uploads\/2021\/11\/B\u00daT-CH\u00cc-4-1200x1200.jpg 1200w, https:\/\/havamall.vn\/wp-content\/uploads\/2021\/11\/B\u00daT-CH\u00cc-4-600x600.jpg 600w, https:\/\/havamall.vn\/wp-content\/uploads\/2021\/11\/B\u00daT-CH\u00cc-4-100x100.jpg 100w, https:\/\/havamall.vn\/wp-content\/uploads\/2021\/11\/B\u00daT-CH\u00cc-4.jpg 1600w\" sizes=\"(max-width: 800px) 100vw, 800px\" \/><\/p>","protected":false},"excerpt":{"rendered":"<p>TH\u00d4NG TIN TH\u01af\u01a0NG HI\u1ec6U Uncle Bills (UBL) cung c\u1ea5p h\u01a1n 1800 s\u1ea3n ph\u1ea9m ti\u00eau d\u00f9ng phi th\u01b0\u0323c ph\u00e2\u0309m h\u00e2\u0301p d\u00e2\u0303n,<\/p>","protected":false},"featured_media":23996,"comment_status":"open","ping_status":"closed","template":"","meta":[],"product_brand":[],"product_cat":[452,395],"product_tag":[],"class_list":{"0":"post-23989","1":"product","2":"type-product","3":"status-publish","4":"has-post-thumbnail","6":"product_cat-noel","7":"product_cat-van-phong-pham","9":"first","10":"instock","11":"sale","12":"shipping-taxable","13":"purchasable","14":"product-type-simple"},"_links":{"self":[{"href":"https:\/\/havamall.vn\/en\/wp-json\/wp\/v2\/product\/23989"}],"collection":[{"href":"https:\/\/havamall.vn\/en\/wp-json\/wp\/v2\/product"}],"about":[{"href":"https:\/\/havamall.vn\/en\/wp-json\/wp\/v2\/types\/product"}],"replies":[{"embeddable":true,"href":"https:\/\/havamall.vn\/en\/wp-json\/wp\/v2\/comments?post=23989"}],"version-history":[{"count":0,"href":"https:\/\/havamall.vn\/en\/wp-json\/wp\/v2\/product\/23989\/revisions"}],"wp:featuredmedia":[{"embeddable":true,"href":"https:\/\/havamall.vn\/en\/wp-json\/wp\/v2\/media\/23996"}],"wp:attachment":[{"href":"https:\/\/havamall.vn\/en\/wp-json\/wp\/v2\/media?parent=23989"}],"wp:term":[{"taxonomy":"product_brand","embeddable":true,"href":"https:\/\/havamall.vn\/en\/wp-json\/wp\/v2\/product_brand?post=23989"},{"taxonomy":"product_cat","embeddable":true,"href":"https:\/\/havamall.vn\/en\/wp-json\/wp\/v2\/product_cat?post=23989"},{"taxonomy":"product_tag","embeddable":true,"href":"https:\/\/havamall.vn\/en\/wp-json\/wp\/v2\/product_tag?post=23989"}],"curies":[{"name":"wp","href":"https:\/\/api.w.org\/{rel}","templated":true}]}}