{"id":23982,"date":"2021-11-25T17:20:03","date_gmt":"2021-11-25T10:20:03","guid":{"rendered":"https:\/\/havamall.vn\/?post_type=product&#038;p=23982"},"modified":"2021-11-25T17:20:03","modified_gmt":"2021-11-25T10:20:03","slug":"vong-hoa-kim-tuyen-23cm-uncle-bills","status":"publish","type":"product","link":"https:\/\/havamall.vn\/en\/shop\/vong-hoa-kim-tuyen-23cm-uncle-bills\/","title":{"rendered":"V\u00f2ng Hoa Kim Tuy\u1ebfn 23cm Uncle Bills"},"content":{"rendered":"<div class=\"o9v6fnle cxmmr5t8 oygrvhab hcukyx3x c1et5uql ii04i59q\">\n<h3><strong>TH\u00d4NG TIN TH\u01af\u01a0NG HI\u1ec6U<\/strong><\/h3>\n<\/div>\n<p>Uncle Bills (UBL) cung c\u1ea5p h\u01a1n 1800 s\u1ea3n ph\u1ea9m ti\u00eau d\u00f9ng phi th\u01b0\u0323c ph\u00e2\u0309m h\u00e2\u0301p d\u00e2\u0303n, ti\u00ea\u0323n i\u0301ch, gia\u0301 ph\u1ea3i ch\u0103ng. S\u1ea3n ph\u1ea9m bao g\u1ed3m nhi\u1ec1u lo\u1ea1i ha\u0300ng ho\u0301a kh\u00e1c nhau, t\u1eeb \u0111\u1ed3 du\u0300ng nh\u00e0 b\u1ebfp, ch\u0103m s\u00f3c c\u00e1 nh\u00e2n, l\u00e0m s\u1ea1ch nha\u0300 c\u01b0\u0309a, \u0111\u00f4\u0300 l\u01b0u tr\u1eef, ca\u0301c loa\u0323i du\u0323ng cu\u0323, v\u00e2\u0323t du\u0323ng ngo\u00e0i tr\u1eddi v\u00e0 ca\u0309 cho tr\u1ebb em.\u00a0 UBL Lu\u00f4n lu\u00f4n c\u00e2\u0323p nh\u00e2\u0323t ca\u0301c sa\u0309n ph\u00e2\u0309m m\u01a1\u0301i.<\/p>\n<p>S\u1ea3n ph\u1ea9m UBL \u0111\u01b0\u1ee3c s\u1ea3n xu\u1ea5t theo ti\u00eau chu\u1ea9n ch\u1ea5t l\u01b0\u1ee3ng nghi\u00eam ng\u1eb7t c\u1ee7a UBL Hongkong v\u00e0 b\u00e1n t\u1ea1i h\u01a1n 50 qu\u1ed1c gia v\u01a1\u0301i h\u01a1n 10.000 c\u1eeda h\u00e0ng, bao g\u1ed3m ch\u00e2u \u00c2u, \u00dac, Ch\u00e2u \u00c1, Ch\u00e2u Phi. S\u1ee9 m\u1ec7nh c\u1ee7a UBL l\u00e0 cung c\u1ea5p nh\u1eefng s\u1ea3n ph\u1ea9m ti\u1ec7n \u00edch v\u00e0 h\u1ea5p d\u1eabn cho ng\u00f4i nh\u00e0 hi\u1ec7n \u0111\u1ea1i c\u1ee7a ng\u01b0\u1eddi Vi\u1ec7t Nam.<\/p>\n<p><img fetchpriority=\"high\" decoding=\"async\" class=\"alignnone wp-image-22991 aligncenter\" src=\"https:\/\/havamall.vn\/wp-content\/uploads\/2021\/10\/7a4565aab9e3171165a8eafb557b0da0-300x150.jpg\" alt=\"\" width=\"720\" height=\"360\" srcset=\"https:\/\/havamall.vn\/wp-content\/uploads\/2021\/10\/7a4565aab9e3171165a8eafb557b0da0-300x150.jpg 300w, https:\/\/havamall.vn\/wp-content\/uploads\/2021\/10\/7a4565aab9e3171165a8eafb557b0da0-430x215.jpg 430w, https:\/\/havamall.vn\/wp-content\/uploads\/2021\/10\/7a4565aab9e3171165a8eafb557b0da0-150x75.jpg 150w, https:\/\/havamall.vn\/wp-content\/uploads\/2021\/10\/7a4565aab9e3171165a8eafb557b0da0-700x350.jpg 700w, https:\/\/havamall.vn\/wp-content\/uploads\/2021\/10\/7a4565aab9e3171165a8eafb557b0da0-768x384.jpg 768w, https:\/\/havamall.vn\/wp-content\/uploads\/2021\/10\/7a4565aab9e3171165a8eafb557b0da0.jpg 1024w, https:\/\/havamall.vn\/wp-content\/uploads\/2021\/10\/7a4565aab9e3171165a8eafb557b0da0-600x300.jpg 600w\" sizes=\"(max-width: 720px) 100vw, 720px\" \/><\/p>\n<p>Th\u1eddi ti\u1ebft se l\u1ea1nh b\u00e1o hi\u1ec7u m\u1ed9t m\u00f9a Gi\u00e1ng Sinh \u0111ang \u0111\u1ebfn g\u1ea7n. Nh\u1eefng n\u0103m g\u1ea7n \u0111\u00e2y, vi\u1ec7c trang tr\u00ed gi\u00e1ng sinh \u0111\u00e3 d\u1ea7n tr\u1edf l\u00ean quen thu\u1ed9c v\u00e0 ph\u1ed5 bi\u1ebfn kh\u1eafp mu\u00f4n n\u01a1i. \u0110\u1ec3 t\u1ea1o ra m\u1ed9t kh\u00f4ng kh\u00ed gi\u00e1ng sinh \u1ea5m \u00e1p, lung linh th\u00ec ch\u00fang ta s\u1ebd c\u00f3 r\u1ea5t nhi\u1ec1u ph\u1ee5 ki\u1ec7n \u0111\u1ec3 trang tr\u00ed gi\u00e1ng sinh,\u2026 V\u00e0 ch\u1eafc ch\u1eafn nh\u1eefng s\u1ea3n ph\u1ea9m gi\u00e1ng sinh nh\u00e0 Havamall s\u1ebd l\u00e0 ph\u1ee5 ki\u1ec7n t\u1ea5t y\u1ebfu cho m\u1ecdi c\u0103n h\u1ed9, c\u1eeda h\u00e0ng, nh\u00e0 h\u00e0ng hay v\u0103n ph\u00f2ng c\u00f4ng ty,\u2026 gi\u00fap g\u00f3p ph\u1ea7n \u0111em l\u1ea1i m\u1ed9t kh\u00f4ng kh\u00ed gi\u00e1ng sinh an l\u00e0nh, \u1ea5m \u00e1p cho gia \u0111\u00ecnh b\u1ea1n.<\/p>\n<p><img decoding=\"async\" class=\"wp-image-23872 aligncenter\" src=\"https:\/\/havamall.vn\/wp-content\/uploads\/2021\/11\/3-300x205.jpg\" alt=\"\" width=\"721\" height=\"492\" srcset=\"https:\/\/havamall.vn\/wp-content\/uploads\/2021\/11\/3-300x205.jpg 300w, https:\/\/havamall.vn\/wp-content\/uploads\/2021\/11\/3-430x293.jpg 430w, https:\/\/havamall.vn\/wp-content\/uploads\/2021\/11\/3-150x102.jpg 150w, https:\/\/havamall.vn\/wp-content\/uploads\/2021\/11\/3-700x477.jpg 700w, https:\/\/havamall.vn\/wp-content\/uploads\/2021\/11\/3-768x524.jpg 768w, https:\/\/havamall.vn\/wp-content\/uploads\/2021\/11\/3-1024x698.jpg 1024w, https:\/\/havamall.vn\/wp-content\/uploads\/2021\/11\/3-1200x818.jpg 1200w, https:\/\/havamall.vn\/wp-content\/uploads\/2021\/11\/3-600x409.jpg 600w, https:\/\/havamall.vn\/wp-content\/uploads\/2021\/11\/3.jpg 1844w\" sizes=\"(max-width: 721px) 100vw, 721px\" \/><\/p>\n<p>V\u00f2ng hoa hay c\u00f2n \u0111\u01b0\u1ee3c g\u1ecdi l\u00e0 ki\u1ec3u v\u00f2ng nguy\u1ec7t qu\u1ebf, l\u00e0 m\u1ed9t trong nh\u1eefng m\u00f3n \u0111\u1ed3 kh\u00f4ng th\u1ec3 thi\u1ebfu \u0111\u1ebf c\u00f3 m\u1ed9t m\u00f9a noel th\u1eadt tr\u1ecdn v\u1eb9n. \u0110\u1eb7c bi\u1ec7t, v\u00e0o m\u00f9a gi\u00e1ng sinh, b\u1ea1n s\u1ebd th\u1ea5y c\u00e1c v\u00f2ng hoa \u0111\u01b0\u1ee3c trang tr\u00ed b\u1eb1ng m\u00e0u s\u1eafc ph\u00f9 h\u1ee3p v\u1edbi ch\u1ee7 \u0111\u1ec1 noel khi\u1ebfn kh\u00f4ng gian tr\u1edf n\u00ean n\u1ed5i b\u1eadt v\u00e0 \u00fd ngh\u0129a h\u01a1n r\u1ea5t nhi\u1ec1u.<\/p>\n<p>V\u00f2ng hoa nguy\u1ec7t qu\u1ebf\u00a0h\u00ecnh tr\u00f2n t\u01b0\u1ee3ng tr\u01b0ng cho s\u1ef1 v\u0129nh h\u1eb1ng v\u00e0 t\u00ecnh th\u01b0\u01a1ng v\u00f4 t\u1eadn c\u1ee7a Thi\u00ean Ch\u00faa.\u00a0Chi\u1ebfc v\u00f2ng nguy\u1ec7t qu\u1ebf\u00a0gi\u00e1ng sinh l\u00e0m t\u1eeb nh\u00e1nh hoa tr\u01b0\u1eddng xu\u00e2n c\u00f2n t\u01b0\u1ee3ng tr\u01b0ng cho s\u1ef1 chi\u1ebfn th\u1eafng s\u1ed1ng s\u00f3t qua m\u00f9a \u0111\u00f4ng gi\u00e1 bu\u1ed1t.\u00a0V\u00f2ng hoa nguy\u1ec7t qu\u1ebf\u00a0kh\u00f4ng ch\u1ec9 l\u00e0\u00a0ph\u1ee5 ki\u1ec7n trang tr\u00ed noel\u00a0m\u00e0 c\u00f2n d\u00f9ng \u0111\u1ec3 \u0111\u1ebfm th\u1eddi gian khi c\u00f2n 4 tu\u1ea7n n\u1eefa l\u00e0 \u0111\u1ebfn Gi\u00e1ng sinh.<\/p>\n<p><img decoding=\"async\" class=\"wp-image-23984 aligncenter\" src=\"https:\/\/havamall.vn\/wp-content\/uploads\/2021\/11\/71lJvPQGAnL._SL1200_-300x300.png\" alt=\"\" width=\"711\" height=\"711\" srcset=\"https:\/\/havamall.vn\/wp-content\/uploads\/2021\/11\/71lJvPQGAnL._SL1200_-300x300.png 300w, https:\/\/havamall.vn\/wp-content\/uploads\/2021\/11\/71lJvPQGAnL._SL1200_-430x430.png 430w, https:\/\/havamall.vn\/wp-content\/uploads\/2021\/11\/71lJvPQGAnL._SL1200_-150x150.png 150w, https:\/\/havamall.vn\/wp-content\/uploads\/2021\/11\/71lJvPQGAnL._SL1200_-700x700.png 700w, https:\/\/havamall.vn\/wp-content\/uploads\/2021\/11\/71lJvPQGAnL._SL1200_-768x768.png 768w, https:\/\/havamall.vn\/wp-content\/uploads\/2021\/11\/71lJvPQGAnL._SL1200_-1024x1024.png 1024w, https:\/\/havamall.vn\/wp-content\/uploads\/2021\/11\/71lJvPQGAnL._SL1200_.png 1200w, https:\/\/havamall.vn\/wp-content\/uploads\/2021\/11\/71lJvPQGAnL._SL1200_-600x600.png 600w, https:\/\/havamall.vn\/wp-content\/uploads\/2021\/11\/71lJvPQGAnL._SL1200_-100x100.png 100w\" sizes=\"(max-width: 711px) 100vw, 711px\" \/><\/p>\n<p>V\u00f2ng nguy\u1ec7t qu\u1ebf trang tr\u00ed Noel \u0111\u01b0\u1eddng k\u00ednh 23cm Uncle Bills \u0111\u01b0\u1ee3c trang tr\u00ed b\u1eb1ng nh\u1eefng d\u00e2y kim tuy\u1ebfn m\u00e0u xanh, n\u01a1 \u0111\u1ecf k\u1ebft th\u00e0nh 1 v\u00f2ng tr\u00f2n tr\u00ean n\u1ec1n 1 khung th\u00e9p r\u1ea5t ch\u1eafc ch\u1eafn. \u0110\u00e2y s\u1ebd l\u00e0 1 m\u00f3n \u0111\u1ed3 trang tr\u00ed r\u1ea5t \u0111\u1eb9p m\u1eaft v\u00e0 \u1ea5n t\u01b0\u1ee3ng trong d\u1ecbp Noel n\u0103m nay S\u1ea3n ph\u1ea9m \u0111\u01b0\u1ee3c l\u00e0m th\u1ee7 c\u00f4ng n\u00ean h\u1ecda ti\u1ebft trang tr\u00ed s\u1ebd kh\u00e1c nhau, phong ph\u00fa nhi\u1ec1u lo\u1ea1i, c\u00e1c m\u1eabu s\u1ebd \u0111\u01b0\u1ee3c giao ng\u1eabu nhi\u00ean trong nh\u1eefng h\u00ecnh \u1ea3nh \u0111\u00e3 \u0111\u0103ng.<\/p>\n<p><img loading=\"lazy\" decoding=\"async\" class=\"wp-image-23985 aligncenter\" src=\"https:\/\/havamall.vn\/wp-content\/uploads\/2021\/11\/e397d782-1026-447a-910b-0c63dd4b4e23.b4a89b2855151f740e7b055598701929-300x300.png\" alt=\"\" width=\"718\" height=\"719\" srcset=\"https:\/\/havamall.vn\/wp-content\/uploads\/2021\/11\/e397d782-1026-447a-910b-0c63dd4b4e23.b4a89b2855151f740e7b055598701929-300x300.png 300w, https:\/\/havamall.vn\/wp-content\/uploads\/2021\/11\/e397d782-1026-447a-910b-0c63dd4b4e23.b4a89b2855151f740e7b055598701929-430x430.png 430w, https:\/\/havamall.vn\/wp-content\/uploads\/2021\/11\/e397d782-1026-447a-910b-0c63dd4b4e23.b4a89b2855151f740e7b055598701929-150x150.png 150w, https:\/\/havamall.vn\/wp-content\/uploads\/2021\/11\/e397d782-1026-447a-910b-0c63dd4b4e23.b4a89b2855151f740e7b055598701929-700x700.png 700w, https:\/\/havamall.vn\/wp-content\/uploads\/2021\/11\/e397d782-1026-447a-910b-0c63dd4b4e23.b4a89b2855151f740e7b055598701929-768x768.png 768w, https:\/\/havamall.vn\/wp-content\/uploads\/2021\/11\/e397d782-1026-447a-910b-0c63dd4b4e23.b4a89b2855151f740e7b055598701929-600x600.png 600w, https:\/\/havamall.vn\/wp-content\/uploads\/2021\/11\/e397d782-1026-447a-910b-0c63dd4b4e23.b4a89b2855151f740e7b055598701929-100x100.png 100w, https:\/\/havamall.vn\/wp-content\/uploads\/2021\/11\/e397d782-1026-447a-910b-0c63dd4b4e23.b4a89b2855151f740e7b055598701929.png 1024w\" sizes=\"(max-width: 718px) 100vw, 718px\" \/><\/p>\n<h3>C\u00f4ng d\u1ee5ng c\u1ee7a s\u1ea3n ph\u1ea9m:<\/h3>\n<p>&gt; Th\u00edch h\u1ee3p cho treo tr\u00ean c\u00e2y th\u00f4ng Noel.<\/p>\n<p>&gt; Tuy\u1ec7t v\u1eddi cho trang tr\u00ed \u0111\u1ec3 t\u1ea1o ra kh\u00f4ng kh\u00ed l\u1ec5 h\u1ed9i.<\/p>\n<p>&gt; Ho\u00e0n h\u1ea3o cho trang tr\u00ed kh\u00e1ch s\u1ea1n, t\u00f2a nh\u00e0 v\u0103n ph\u00f2ng, si\u00eau th\u1ecb , v.v.<\/p>\n<p><img loading=\"lazy\" decoding=\"async\" class=\"wp-image-23986 aligncenter\" src=\"https:\/\/havamall.vn\/wp-content\/uploads\/2021\/11\/noel19-300x198.png\" alt=\"\" width=\"709\" height=\"468\" srcset=\"https:\/\/havamall.vn\/wp-content\/uploads\/2021\/11\/noel19-300x198.png 300w, https:\/\/havamall.vn\/wp-content\/uploads\/2021\/11\/noel19-430x283.png 430w, https:\/\/havamall.vn\/wp-content\/uploads\/2021\/11\/noel19-150x99.png 150w, https:\/\/havamall.vn\/wp-content\/uploads\/2021\/11\/noel19-700x461.png 700w, https:\/\/havamall.vn\/wp-content\/uploads\/2021\/11\/noel19-768x506.png 768w, https:\/\/havamall.vn\/wp-content\/uploads\/2021\/11\/noel19-1024x674.png 1024w, https:\/\/havamall.vn\/wp-content\/uploads\/2021\/11\/noel19-1200x790.png 1200w, https:\/\/havamall.vn\/wp-content\/uploads\/2021\/11\/noel19-600x395.png 600w, https:\/\/havamall.vn\/wp-content\/uploads\/2021\/11\/noel19.png 1900w\" sizes=\"(max-width: 709px) 100vw, 709px\" \/><\/p>","protected":false},"excerpt":{"rendered":"<p>TH\u00d4NG TIN TH\u01af\u01a0NG HI\u1ec6U Uncle Bills (UBL) cung c\u1ea5p h\u01a1n 1800 s\u1ea3n ph\u1ea9m ti\u00eau d\u00f9ng phi th\u01b0\u0323c ph\u00e2\u0309m h\u00e2\u0301p d\u00e2\u0303n,<\/p>","protected":false},"featured_media":23983,"comment_status":"open","ping_status":"closed","template":"","meta":[],"product_brand":[],"product_cat":[452,394,35],"product_tag":[],"class_list":{"0":"post-23982","1":"product","2":"type-product","3":"status-publish","4":"has-post-thumbnail","6":"product_cat-noel","7":"product_cat-trang-tri-nha-cua","8":"product_cat-nha-cua-doi-song","9":"pa_brand-uncle-bills","11":"first","12":"instock","13":"sale","14":"shipping-taxable","15":"purchasable","16":"product-type-simple"},"_links":{"self":[{"href":"https:\/\/havamall.vn\/en\/wp-json\/wp\/v2\/product\/23982"}],"collection":[{"href":"https:\/\/havamall.vn\/en\/wp-json\/wp\/v2\/product"}],"about":[{"href":"https:\/\/havamall.vn\/en\/wp-json\/wp\/v2\/types\/product"}],"replies":[{"embeddable":true,"href":"https:\/\/havamall.vn\/en\/wp-json\/wp\/v2\/comments?post=23982"}],"version-history":[{"count":0,"href":"https:\/\/havamall.vn\/en\/wp-json\/wp\/v2\/product\/23982\/revisions"}],"wp:featuredmedia":[{"embeddable":true,"href":"https:\/\/havamall.vn\/en\/wp-json\/wp\/v2\/media\/23983"}],"wp:attachment":[{"href":"https:\/\/havamall.vn\/en\/wp-json\/wp\/v2\/media?parent=23982"}],"wp:term":[{"taxonomy":"product_brand","embeddable":true,"href":"https:\/\/havamall.vn\/en\/wp-json\/wp\/v2\/product_brand?post=23982"},{"taxonomy":"product_cat","embeddable":true,"href":"https:\/\/havamall.vn\/en\/wp-json\/wp\/v2\/product_cat?post=23982"},{"taxonomy":"product_tag","embeddable":true,"href":"https:\/\/havamall.vn\/en\/wp-json\/wp\/v2\/product_tag?post=23982"}],"curies":[{"name":"wp","href":"https:\/\/api.w.org\/{rel}","templated":true}]}}