{"id":23973,"date":"2021-11-25T16:31:08","date_gmt":"2021-11-25T09:31:08","guid":{"rendered":"https:\/\/havamall.vn\/?post_type=product&#038;p=23973"},"modified":"2021-11-25T16:31:09","modified_gmt":"2021-11-25T09:31:09","slug":"decal-dan-cua-so-trang-tri-noel-christmas-window-clings","status":"publish","type":"product","link":"https:\/\/havamall.vn\/en\/shop\/decal-dan-cua-so-trang-tri-noel-christmas-window-clings\/","title":{"rendered":"Decal D\u00e1n C\u1eeda S\u1ed5 Trang Tr\u00ed Noel &#8211; Christmas Window Clings"},"content":{"rendered":"<div class=\"o9v6fnle cxmmr5t8 oygrvhab hcukyx3x c1et5uql ii04i59q\">\n<h3><strong>Th\u00f4ng tin th\u01b0\u01a1ng hi\u1ec7u<\/strong><\/h3>\n<\/div>\n<p>Uncle Bills (UBL) cung c\u1ea5p h\u01a1n 1800 s\u1ea3n ph\u1ea9m ti\u00eau d\u00f9ng phi th\u01b0\u0323c ph\u00e2\u0309m h\u00e2\u0301p d\u00e2\u0303n, ti\u00ea\u0323n i\u0301ch, gia\u0301 ph\u1ea3i ch\u0103ng. S\u1ea3n ph\u1ea9m bao g\u1ed3m nhi\u1ec1u lo\u1ea1i ha\u0300ng ho\u0301a kh\u00e1c nhau, t\u1eeb \u0111\u1ed3 du\u0300ng nh\u00e0 b\u1ebfp, ch\u0103m s\u00f3c c\u00e1 nh\u00e2n, l\u00e0m s\u1ea1ch nha\u0300 c\u01b0\u0309a, \u0111\u00f4\u0300 l\u01b0u tr\u1eef, ca\u0301c loa\u0323i du\u0323ng cu\u0323, v\u00e2\u0323t du\u0323ng ngo\u00e0i tr\u1eddi v\u00e0 ca\u0309 cho tr\u1ebb em.\u00a0 UBL Lu\u00f4n lu\u00f4n c\u00e2\u0323p nh\u00e2\u0323t ca\u0301c sa\u0309n ph\u00e2\u0309m m\u01a1\u0301i.<\/p>\n<p>S\u1ea3n ph\u1ea9m UBL \u0111\u01b0\u1ee3c s\u1ea3n xu\u1ea5t theo ti\u00eau chu\u1ea9n ch\u1ea5t l\u01b0\u1ee3ng nghi\u00eam ng\u1eb7t c\u1ee7a UBL Hongkong v\u00e0 b\u00e1n t\u1ea1i h\u01a1n 50 qu\u1ed1c gia v\u01a1\u0301i h\u01a1n 10.000 c\u1eeda h\u00e0ng, bao g\u1ed3m ch\u00e2u \u00c2u, \u00dac, Ch\u00e2u \u00c1, Ch\u00e2u Phi. S\u1ee9 m\u1ec7nh c\u1ee7a UBL l\u00e0 cung c\u1ea5p nh\u1eefng s\u1ea3n ph\u1ea9m ti\u1ec7n \u00edch v\u00e0 h\u1ea5p d\u1eabn cho ng\u00f4i nh\u00e0 hi\u1ec7n \u0111\u1ea1i c\u1ee7a ng\u01b0\u1eddi Vi\u1ec7t Nam.<\/p>\n<p><img fetchpriority=\"high\" decoding=\"async\" class=\"alignnone wp-image-22991 aligncenter\" src=\"https:\/\/havamall.vn\/wp-content\/uploads\/2021\/10\/7a4565aab9e3171165a8eafb557b0da0-300x150.jpg\" alt=\"\" width=\"674\" height=\"337\" srcset=\"https:\/\/havamall.vn\/wp-content\/uploads\/2021\/10\/7a4565aab9e3171165a8eafb557b0da0-300x150.jpg 300w, https:\/\/havamall.vn\/wp-content\/uploads\/2021\/10\/7a4565aab9e3171165a8eafb557b0da0-430x215.jpg 430w, https:\/\/havamall.vn\/wp-content\/uploads\/2021\/10\/7a4565aab9e3171165a8eafb557b0da0-150x75.jpg 150w, https:\/\/havamall.vn\/wp-content\/uploads\/2021\/10\/7a4565aab9e3171165a8eafb557b0da0-700x350.jpg 700w, https:\/\/havamall.vn\/wp-content\/uploads\/2021\/10\/7a4565aab9e3171165a8eafb557b0da0-768x384.jpg 768w, https:\/\/havamall.vn\/wp-content\/uploads\/2021\/10\/7a4565aab9e3171165a8eafb557b0da0.jpg 1024w, https:\/\/havamall.vn\/wp-content\/uploads\/2021\/10\/7a4565aab9e3171165a8eafb557b0da0-600x300.jpg 600w\" sizes=\"(max-width: 674px) 100vw, 674px\" \/><\/p>\n<p>Th\u1eddi ti\u1ebft se l\u1ea1nh b\u00e1o hi\u1ec7u m\u1ed9t m\u00f9a Gi\u00e1ng Sinh \u0111ang \u0111\u1ebfn g\u1ea7n. Nh\u1eefng n\u0103m g\u1ea7n \u0111\u00e2y, vi\u1ec7c trang tr\u00ed gi\u00e1ng sinh \u0111\u00e3 d\u1ea7n tr\u1edf l\u00ean quen thu\u1ed9c v\u00e0 ph\u1ed5 bi\u1ebfn kh\u1eafp mu\u00f4n n\u01a1i. \u0110\u1ec3 t\u1ea1o ra m\u1ed9t kh\u00f4ng kh\u00ed gi\u00e1ng sinh \u1ea5m \u00e1p, lung linh th\u00ec ch\u00fang ta s\u1ebd c\u00f3 r\u1ea5t nhi\u1ec1u ph\u1ee5 ki\u1ec7n \u0111\u1ec3 trang tr\u00ed gi\u00e1ng sinh,\u2026 V\u00e0 ch\u1eafc ch\u1eafn nh\u1eefng s\u1ea3n ph\u1ea9m gi\u00e1ng sinh nh\u00e0 Havamall s\u1ebd l\u00e0 ph\u1ee5 ki\u1ec7n t\u1ea5t y\u1ebfu cho m\u1ecdi c\u0103n h\u1ed9, c\u1eeda h\u00e0ng, nh\u00e0 h\u00e0ng hay v\u0103n ph\u00f2ng c\u00f4ng ty,\u2026 gi\u00fap g\u00f3p ph\u1ea7n \u0111em l\u1ea1i m\u1ed9t kh\u00f4ng kh\u00ed gi\u00e1ng sinh an l\u00e0nh, \u1ea5m \u00e1p cho gia \u0111\u00ecnh b\u1ea1n.<\/p>\n<p><img decoding=\"async\" class=\"wp-image-23926 aligncenter\" src=\"https:\/\/havamall.vn\/wp-content\/uploads\/2021\/11\/126525927_-1-300x300.png\" alt=\"\" width=\"679\" height=\"680\" srcset=\"https:\/\/havamall.vn\/wp-content\/uploads\/2021\/11\/126525927_-1-300x300.png 300w, https:\/\/havamall.vn\/wp-content\/uploads\/2021\/11\/126525927_-1-430x430.png 430w, https:\/\/havamall.vn\/wp-content\/uploads\/2021\/11\/126525927_-1-150x150.png 150w, https:\/\/havamall.vn\/wp-content\/uploads\/2021\/11\/126525927_-1-700x700.png 700w, https:\/\/havamall.vn\/wp-content\/uploads\/2021\/11\/126525927_-1-768x768.png 768w, https:\/\/havamall.vn\/wp-content\/uploads\/2021\/11\/126525927_-1-1024x1024.png 1024w, https:\/\/havamall.vn\/wp-content\/uploads\/2021\/11\/126525927_-1.png 1200w, https:\/\/havamall.vn\/wp-content\/uploads\/2021\/11\/126525927_-1-600x600.png 600w, https:\/\/havamall.vn\/wp-content\/uploads\/2021\/11\/126525927_-1-100x100.png 100w\" sizes=\"(max-width: 679px) 100vw, 679px\" \/><\/p>\n<p>M\u1ed9t m\u00f9a Gi\u00e1ng sinh n\u1eefa l\u1ea1i s\u1eafp \u0111\u1ebfn r\u1ed3i, ch\u00fang m\u00ecnh c\u00f9ng nhau ch\u1ecdn l\u1ef1a nh\u1eefng m\u1eabu\u00a0decal d\u00e1n t\u01b0\u1eddng\u00a0ch\u1ee7 \u0111\u1ec1 decal noel, decal gi\u00e1ng sinh \u0111\u1eb9p nh\u1ea5t v\u00e0 ph\u00f9 h\u1ee3p nh\u1ea5t \u0111\u1ec3 d\u00e0nh t\u1eb7ng cho ng\u01b0\u1eddi th\u00e2n, b\u1ea1n b\u00e8 c\u0169ng nh\u01b0 b\u1ea3n th\u00e2n . . . nh\u01b0 m\u1ed9t l\u1eddi ch\u00fac Gi\u00e1ng Sinh th\u1eadt hay v\u00e0 \u0111\u1ea7y \u00fd ngh\u0129a.<\/p>\n<p>B\u1ed9 decal trang tr\u00ed c\u1eeda s\u1ed5 Uncle Bills s\u1ebd t\u1ea1o n\u00ean m\u1ed9t kh\u00f4ng gian Noel c\u1ee7a b\u1ea1n trong d\u1ecbp Gi\u00e1ng Sinh , \u0111\u1ec3 c\u00f9ng ch\u00e0o \u0111\u00f3n \u0111\u00eam gi\u00e1ng sinh trong t\u00e2m tr\u1ea1ng ph\u1ea5n kh\u1edfi, v\u00e0 b\u00e1o hi\u1ec7u m\u1ed9t n\u0103m m\u1edbi s\u1eafp \u0111\u1ebfn th\u1eadt nhi\u1ec1u may m\u1eafn,tr\u00e0ng \u0111\u1ea7y h\u1ea1ng ph\u00fac.<\/p>\n<p><img decoding=\"async\" class=\"wp-image-23974 aligncenter\" src=\"https:\/\/havamall.vn\/wp-content\/uploads\/2021\/11\/81DUnffr-300x300.png\" alt=\"\" width=\"691\" height=\"691\" srcset=\"https:\/\/havamall.vn\/wp-content\/uploads\/2021\/11\/81DUnffr-300x300.png 300w, https:\/\/havamall.vn\/wp-content\/uploads\/2021\/11\/81DUnffr-430x430.png 430w, https:\/\/havamall.vn\/wp-content\/uploads\/2021\/11\/81DUnffr-150x150.png 150w, https:\/\/havamall.vn\/wp-content\/uploads\/2021\/11\/81DUnffr-700x700.png 700w, https:\/\/havamall.vn\/wp-content\/uploads\/2021\/11\/81DUnffr-768x768.png 768w, https:\/\/havamall.vn\/wp-content\/uploads\/2021\/11\/81DUnffr-1024x1024.png 1024w, https:\/\/havamall.vn\/wp-content\/uploads\/2021\/11\/81DUnffr-1200x1200.png 1200w, https:\/\/havamall.vn\/wp-content\/uploads\/2021\/11\/81DUnffr-600x600.png 600w, https:\/\/havamall.vn\/wp-content\/uploads\/2021\/11\/81DUnffr-100x100.png 100w, https:\/\/havamall.vn\/wp-content\/uploads\/2021\/11\/81DUnffr.png 1500w\" sizes=\"(max-width: 691px) 100vw, 691px\" \/><\/p>\n<p>\u0110\u1eebng \u0111\u1ec3 chi\u1ebfc c\u1eeda k\u00ednh c\u1ee7a c\u00f4ng ty, v\u0103n ph\u00f2ng hay nh\u00e0 b\u1ea1n tr\u00f4ng th\u1eadt nh\u00e0m ch\u00e1n trong m\u00f9a Gi\u00e1ng sinh n\u00e0y. D\u00e1n\u00a0decal noel\u00a0l\u00e0 ph\u01b0\u01a1ng ph\u00e1p bi\u1ebfn nh\u1eefng chi\u1ebfc c\u1eeda k\u00ednh tr\u1edf n\u00ean th\u1eadt sinh \u0111\u1ed9ng v\u00e0 b\u1eaft m\u1eaft, thu h\u00fat kh\u00e1ch h\u00e0ng, t\u1ea1o n\u00ean b\u1ea7u kh\u00f4ng kh\u00ed Gi\u00e1ng sinh th\u1eadt kh\u00f3 qu\u00ean.<\/p>\n<p>Decal trang tr\u00ed c\u1eeda s\u1ed5 Uncle Bills \u0111\u01b0\u1ee3c\u00a0 in b\u1eb1ng c\u00f4ng ngh\u1ec7 cao, kh\u00f4ng vi\u1ec1n tr\u1eafng kh\u00f4ng bay m\u00e0u theo th\u1eddi gian, d\u00e1n l\u00ean nh\u01b0 v\u1ebd. \u0110\u1eb7c bi\u1ec7t kh\u00f4ng g\u00e2y b\u1ea9n k\u00ednh, lau n\u01b0\u1edbc tho\u1ea3i m\u00e1i, c\u00f3 th\u1ec3 b\u00f3c ra v\u00e0 d\u00e1n l\u1ea1i<\/p>\n<p>S\u1ea3n ph\u1ea9m kh\u00f4ng b\u1ecb phai m\u00e0u, ch\u1ea5t keo c\u00f3 \u0111\u1ed9 k\u1ebft d\u00ednh cao, c\u00f3 th\u1ec3 d\u00e1n tr\u00ean t\u01b0\u1eddng, b\u00ean ngo\u00e0i gi\u1ea5y d\u00e1n t\u01b0\u1eddng, tr\u00ean k\u00ednh, g\u1ed7.<\/p>\n<p><img loading=\"lazy\" decoding=\"async\" class=\"wp-image-23975 aligncenter\" src=\"https:\/\/havamall.vn\/wp-content\/uploads\/2021\/11\/71xYBDbQ--300x300.png\" alt=\"\" width=\"682\" height=\"683\" srcset=\"https:\/\/havamall.vn\/wp-content\/uploads\/2021\/11\/71xYBDbQ--300x300.png 300w, https:\/\/havamall.vn\/wp-content\/uploads\/2021\/11\/71xYBDbQ--430x430.png 430w, https:\/\/havamall.vn\/wp-content\/uploads\/2021\/11\/71xYBDbQ--150x150.png 150w, https:\/\/havamall.vn\/wp-content\/uploads\/2021\/11\/71xYBDbQ--700x700.png 700w, https:\/\/havamall.vn\/wp-content\/uploads\/2021\/11\/71xYBDbQ--768x768.png 768w, https:\/\/havamall.vn\/wp-content\/uploads\/2021\/11\/71xYBDbQ--1024x1024.png 1024w, https:\/\/havamall.vn\/wp-content\/uploads\/2021\/11\/71xYBDbQ--1200x1200.png 1200w, https:\/\/havamall.vn\/wp-content\/uploads\/2021\/11\/71xYBDbQ--600x600.png 600w, https:\/\/havamall.vn\/wp-content\/uploads\/2021\/11\/71xYBDbQ--100x100.png 100w, https:\/\/havamall.vn\/wp-content\/uploads\/2021\/11\/71xYBDbQ-.png 1500w\" sizes=\"(max-width: 682px) 100vw, 682px\" \/><\/p>\n<h3><strong>C\u00f4ng d\u1ee5ng c\u1ee7a s\u1ea3n ph\u1ea9m:<\/strong><\/h3>\n<p>&gt; Trang tr\u00ed nh\u00e0 \u1edf: l\u00e0m t\u0103ng t\u00ednh th\u1ea9m m\u1ef9 cho kh\u00f4ng gian s\u1ed1ng, gi\u00fap ng\u00f4i nh\u00e0 c\u1ee7a b\u1ea1n \u0111\u1eb9p, h\u00e0i h\u00f2a v\u1edbi kh\u00f4ng kh\u00ed gi\u00e1ng sinh v\u00e0 tr\u1edf l\u00ean \u1ea5m c\u00fang h\u01a1n.<\/p>\n<p>&gt; Trang tr\u00ed nh\u00e0 h\u00e0ng, qu\u00e1n \u0103n, shop: mang \u0111\u1ebfn s\u1ee9c h\u00fat cho kh\u00f4ng gian, thu h\u00fat kh\u00e1ch h\u00e0ng, k\u00edch th\u00edch s\u1ee9c mua.<\/p>\n<p>&gt; Trang tr\u00ed v\u0103n ph\u00f2ng: t\u1ea1o m\u00f4i tr\u01b0\u1eddng l\u00e0m vi\u1ec7c \u1ea5m c\u00fang, g\u1ea7n g\u0169i v\u00e0 tho\u1ea3i m\u00e1i h\u01a1n, t\u0103ng n\u0103ng su\u1ea5t l\u00e0m vi\u1ec7c.<\/p>\n<p><img loading=\"lazy\" decoding=\"async\" class=\"wp-image-23976 aligncenter\" src=\"https:\/\/havamall.vn\/wp-content\/uploads\/2021\/11\/Santa-Claus-Dee-300x300.png\" alt=\"\" width=\"688\" height=\"688\" srcset=\"https:\/\/havamall.vn\/wp-content\/uploads\/2021\/11\/Santa-Claus-Dee-300x300.png 300w, https:\/\/havamall.vn\/wp-content\/uploads\/2021\/11\/Santa-Claus-Dee-430x430.png 430w, https:\/\/havamall.vn\/wp-content\/uploads\/2021\/11\/Santa-Claus-Dee-150x150.png 150w, https:\/\/havamall.vn\/wp-content\/uploads\/2021\/11\/Santa-Claus-Dee-700x699.png 700w, https:\/\/havamall.vn\/wp-content\/uploads\/2021\/11\/Santa-Claus-Dee-768x767.png 768w, https:\/\/havamall.vn\/wp-content\/uploads\/2021\/11\/Santa-Claus-Dee-1024x1024.png 1024w, https:\/\/havamall.vn\/wp-content\/uploads\/2021\/11\/Santa-Claus-Dee-600x599.png 600w, https:\/\/havamall.vn\/wp-content\/uploads\/2021\/11\/Santa-Claus-Dee-100x100.png 100w, https:\/\/havamall.vn\/wp-content\/uploads\/2021\/11\/Santa-Claus-Dee.png 1073w\" sizes=\"(max-width: 688px) 100vw, 688px\" \/><\/p>","protected":false},"excerpt":{"rendered":"<p>Th\u00f4ng tin th\u01b0\u01a1ng hi\u1ec7u Uncle Bills (UBL) cung c\u1ea5p h\u01a1n 1800 s\u1ea3n ph\u1ea9m ti\u00eau d\u00f9ng phi th\u01b0\u0323c ph\u00e2\u0309m h\u00e2\u0301p d\u00e2\u0303n,<\/p>","protected":false},"featured_media":23977,"comment_status":"open","ping_status":"closed","template":"","meta":[],"product_brand":[],"product_cat":[452,394,35],"product_tag":[],"class_list":{"0":"post-23973","1":"product","2":"type-product","3":"status-publish","4":"has-post-thumbnail","6":"product_cat-noel","7":"product_cat-trang-tri-nha-cua","8":"product_cat-nha-cua-doi-song","9":"pa_brand-uncle-bills","11":"first","12":"instock","13":"sale","14":"shipping-taxable","15":"purchasable","16":"product-type-simple"},"_links":{"self":[{"href":"https:\/\/havamall.vn\/en\/wp-json\/wp\/v2\/product\/23973"}],"collection":[{"href":"https:\/\/havamall.vn\/en\/wp-json\/wp\/v2\/product"}],"about":[{"href":"https:\/\/havamall.vn\/en\/wp-json\/wp\/v2\/types\/product"}],"replies":[{"embeddable":true,"href":"https:\/\/havamall.vn\/en\/wp-json\/wp\/v2\/comments?post=23973"}],"version-history":[{"count":0,"href":"https:\/\/havamall.vn\/en\/wp-json\/wp\/v2\/product\/23973\/revisions"}],"wp:featuredmedia":[{"embeddable":true,"href":"https:\/\/havamall.vn\/en\/wp-json\/wp\/v2\/media\/23977"}],"wp:attachment":[{"href":"https:\/\/havamall.vn\/en\/wp-json\/wp\/v2\/media?parent=23973"}],"wp:term":[{"taxonomy":"product_brand","embeddable":true,"href":"https:\/\/havamall.vn\/en\/wp-json\/wp\/v2\/product_brand?post=23973"},{"taxonomy":"product_cat","embeddable":true,"href":"https:\/\/havamall.vn\/en\/wp-json\/wp\/v2\/product_cat?post=23973"},{"taxonomy":"product_tag","embeddable":true,"href":"https:\/\/havamall.vn\/en\/wp-json\/wp\/v2\/product_tag?post=23973"}],"curies":[{"name":"wp","href":"https:\/\/api.w.org\/{rel}","templated":true}]}}