{"id":23952,"date":"2021-11-25T14:55:09","date_gmt":"2021-11-25T07:55:09","guid":{"rendered":"https:\/\/havamall.vn\/?post_type=product&#038;p=23952"},"modified":"2021-12-01T10:05:03","modified_gmt":"2021-12-01T03:05:03","slug":"do-choi-thu-nhay-dang-yeu-uncle-bills-christmas-jumping-toy","status":"publish","type":"product","link":"https:\/\/havamall.vn\/en\/shop\/do-choi-thu-nhay-dang-yeu-uncle-bills-christmas-jumping-toy\/","title":{"rendered":"\u0110\u1ed3 Ch\u01a1i Th\u00fa Nh\u1ea3y \u0110\u00e1ng Y\u00eau Uncle Bills &#8211; Christmas Jumping Toy"},"content":{"rendered":"<div class=\"o9v6fnle cxmmr5t8 oygrvhab hcukyx3x c1et5uql ii04i59q\">\n<h3><strong>Th\u00f4ng tin th\u01b0\u01a1ng hi\u1ec7u<\/strong><\/h3>\n<\/div>\n<p>Uncle Bills (UBL) cung c\u1ea5p h\u01a1n 1800 s\u1ea3n ph\u1ea9m ti\u00eau d\u00f9ng phi th\u01b0\u0323c ph\u00e2\u0309m h\u00e2\u0301p d\u00e2\u0303n, ti\u00ea\u0323n i\u0301ch, gia\u0301 ph\u1ea3i ch\u0103ng. S\u1ea3n ph\u1ea9m bao g\u1ed3m nhi\u1ec1u lo\u1ea1i ha\u0300ng ho\u0301a kh\u00e1c nhau, t\u1eeb \u0111\u1ed3 du\u0300ng nh\u00e0 b\u1ebfp, ch\u0103m s\u00f3c c\u00e1 nh\u00e2n, l\u00e0m s\u1ea1ch nha\u0300 c\u01b0\u0309a, \u0111\u00f4\u0300 l\u01b0u tr\u1eef, ca\u0301c loa\u0323i du\u0323ng cu\u0323, v\u00e2\u0323t du\u0323ng ngo\u00e0i tr\u1eddi v\u00e0 ca\u0309 cho tr\u1ebb em.\u00a0 UBL Lu\u00f4n lu\u00f4n c\u00e2\u0323p nh\u00e2\u0323t ca\u0301c sa\u0309n ph\u00e2\u0309m m\u01a1\u0301i.<\/p>\n<p>S\u1ea3n ph\u1ea9m UBL \u0111\u01b0\u1ee3c s\u1ea3n xu\u1ea5t theo ti\u00eau chu\u1ea9n ch\u1ea5t l\u01b0\u1ee3ng nghi\u00eam ng\u1eb7t c\u1ee7a UBL Hongkong v\u00e0 b\u00e1n t\u1ea1i h\u01a1n 50 qu\u1ed1c gia v\u01a1\u0301i h\u01a1n 10.000 c\u1eeda h\u00e0ng, bao g\u1ed3m ch\u00e2u \u00c2u, \u00dac, Ch\u00e2u \u00c1, Ch\u00e2u Phi. S\u1ee9 m\u1ec7nh c\u1ee7a UBL l\u00e0 cung c\u1ea5p nh\u1eefng s\u1ea3n ph\u1ea9m ti\u1ec7n \u00edch v\u00e0 h\u1ea5p d\u1eabn cho ng\u00f4i nh\u00e0 hi\u1ec7n \u0111\u1ea1i c\u1ee7a ng\u01b0\u1eddi Vi\u1ec7t Nam.<\/p>\n<p><img fetchpriority=\"high\" decoding=\"async\" class=\"alignnone wp-image-22991 aligncenter\" src=\"https:\/\/havamall.vn\/wp-content\/uploads\/2021\/10\/7a4565aab9e3171165a8eafb557b0da0-300x150.jpg\" alt=\"\" width=\"674\" height=\"337\" srcset=\"https:\/\/havamall.vn\/wp-content\/uploads\/2021\/10\/7a4565aab9e3171165a8eafb557b0da0-300x150.jpg 300w, https:\/\/havamall.vn\/wp-content\/uploads\/2021\/10\/7a4565aab9e3171165a8eafb557b0da0-430x215.jpg 430w, https:\/\/havamall.vn\/wp-content\/uploads\/2021\/10\/7a4565aab9e3171165a8eafb557b0da0-150x75.jpg 150w, https:\/\/havamall.vn\/wp-content\/uploads\/2021\/10\/7a4565aab9e3171165a8eafb557b0da0-700x350.jpg 700w, https:\/\/havamall.vn\/wp-content\/uploads\/2021\/10\/7a4565aab9e3171165a8eafb557b0da0-768x384.jpg 768w, https:\/\/havamall.vn\/wp-content\/uploads\/2021\/10\/7a4565aab9e3171165a8eafb557b0da0.jpg 1024w, https:\/\/havamall.vn\/wp-content\/uploads\/2021\/10\/7a4565aab9e3171165a8eafb557b0da0-600x300.jpg 600w\" sizes=\"(max-width: 674px) 100vw, 674px\" \/><\/p>\n<p>Th\u1eddi ti\u1ebft se l\u1ea1nh b\u00e1o hi\u1ec7u m\u1ed9t m\u00f9a Gi\u00e1ng Sinh \u0111ang \u0111\u1ebfn g\u1ea7n. Nh\u1eefng n\u0103m g\u1ea7n \u0111\u00e2y, vi\u1ec7c trang tr\u00ed gi\u00e1ng sinh \u0111\u00e3 d\u1ea7n tr\u1edf l\u00ean quen thu\u1ed9c v\u00e0 ph\u1ed5 bi\u1ebfn kh\u1eafp mu\u00f4n n\u01a1i. \u0110\u1ec3 t\u1ea1o ra m\u1ed9t kh\u00f4ng kh\u00ed gi\u00e1ng sinh \u1ea5m \u00e1p, lung linh th\u00ec ch\u00fang ta s\u1ebd c\u00f3 r\u1ea5t nhi\u1ec1u ph\u1ee5 ki\u1ec7n \u0111\u1ec3 trang tr\u00ed gi\u00e1ng sinh,\u2026 V\u00e0 ch\u1eafc ch\u1eafn nh\u1eefng s\u1ea3n ph\u1ea9m gi\u00e1ng sinh nh\u00e0 Havamall s\u1ebd l\u00e0 ph\u1ee5 ki\u1ec7n t\u1ea5t y\u1ebfu cho m\u1ecdi c\u0103n h\u1ed9, c\u1eeda h\u00e0ng, nh\u00e0 h\u00e0ng hay v\u0103n ph\u00f2ng c\u00f4ng ty,\u2026 gi\u00fap g\u00f3p ph\u1ea7n \u0111em l\u1ea1i m\u1ed9t kh\u00f4ng kh\u00ed gi\u00e1ng sinh an l\u00e0nh, \u1ea5m \u00e1p cho gia \u0111\u00ecnh b\u1ea1n.<\/p>\n<p><img decoding=\"async\" class=\"wp-image-23926 aligncenter\" src=\"https:\/\/havamall.vn\/wp-content\/uploads\/2021\/11\/126525927_-1-300x300.png\" alt=\"\" width=\"679\" height=\"680\" srcset=\"https:\/\/havamall.vn\/wp-content\/uploads\/2021\/11\/126525927_-1-300x300.png 300w, https:\/\/havamall.vn\/wp-content\/uploads\/2021\/11\/126525927_-1-430x430.png 430w, https:\/\/havamall.vn\/wp-content\/uploads\/2021\/11\/126525927_-1-150x150.png 150w, https:\/\/havamall.vn\/wp-content\/uploads\/2021\/11\/126525927_-1-700x700.png 700w, https:\/\/havamall.vn\/wp-content\/uploads\/2021\/11\/126525927_-1-768x768.png 768w, https:\/\/havamall.vn\/wp-content\/uploads\/2021\/11\/126525927_-1-1024x1024.png 1024w, https:\/\/havamall.vn\/wp-content\/uploads\/2021\/11\/126525927_-1.png 1200w, https:\/\/havamall.vn\/wp-content\/uploads\/2021\/11\/126525927_-1-600x600.png 600w, https:\/\/havamall.vn\/wp-content\/uploads\/2021\/11\/126525927_-1-100x100.png 100w\" sizes=\"(max-width: 679px) 100vw, 679px\" \/><\/p>\n<p id=\"tw-target-text\" class=\"tw-data-text tw-text-large tw-ta\" dir=\"ltr\"><span class=\"Y2IQFc\" lang=\"vi\">Th\u00fa nh\u1ea3y \u0111\u1ed3 ch\u01a1i 4 lo\u1ea1i Uncle Bills v\u1edbi ngo\u1ea1i h\u00ecnh h\u1ea5p d\u1eabn, \u00f4ng gi\u00e0 Noel v\u00e0 tu\u1ea7n l\u1ed9c \u0111\u00e1ng y\u00eau, chim c\u00e1nh c\u1ee5t mang l\u1ea1i nhi\u1ec1u th\u00fa v\u1ecb khi th\u01b0 gi\u00e3n. <\/span><\/p>\n<p class=\"tw-data-text tw-text-large tw-ta\" dir=\"ltr\"><span class=\"Y2IQFc\" lang=\"vi\">Thi\u1ebft k\u1ebf d\u1ec5 th\u01b0\u01a1ng tinh t\u1ebf, th\u00eam m\u1ed9t s\u1ed1 th\u00fa v\u1ecb cho cu\u1ed9c h\u00e0nh tr\u00ecnh nh\u00e0m ch\u00e1n. H\u00e3y \u0111\u1eb7t n\u00f3 trong \u00f4 t\u00f4 ho\u1eb7c tr\u00ean b\u00e0n l\u00e0m vi\u1ec7c c\u1ee7a b\u1ea1n, n\u00f3 c\u00f3 th\u1ec3 mang l\u1ea1i h\u1ea1nh ph\u00fac cho b\u1ea1n.<\/span><\/p>\n<p dir=\"ltr\"><img decoding=\"async\" class=\"wp-image-23955 aligncenter\" src=\"https:\/\/havamall.vn\/wp-content\/uploads\/2021\/11\/711g-300x225.png\" alt=\"\" width=\"681\" height=\"511\" srcset=\"https:\/\/havamall.vn\/wp-content\/uploads\/2021\/11\/711g-300x225.png 300w, https:\/\/havamall.vn\/wp-content\/uploads\/2021\/11\/711g-430x323.png 430w, https:\/\/havamall.vn\/wp-content\/uploads\/2021\/11\/711g-150x113.png 150w, https:\/\/havamall.vn\/wp-content\/uploads\/2021\/11\/711g-700x525.png 700w, https:\/\/havamall.vn\/wp-content\/uploads\/2021\/11\/711g-768x576.png 768w, https:\/\/havamall.vn\/wp-content\/uploads\/2021\/11\/711g-1024x768.png 1024w, https:\/\/havamall.vn\/wp-content\/uploads\/2021\/11\/711g-1200x900.png 1200w, https:\/\/havamall.vn\/wp-content\/uploads\/2021\/11\/711g-600x450.png 600w, https:\/\/havamall.vn\/wp-content\/uploads\/2021\/11\/711g.png 1500w\" sizes=\"(max-width: 681px) 100vw, 681px\" \/><\/p>\n<p id=\"tw-target-text\" class=\"tw-data-text tw-text-large tw-ta\" dir=\"ltr\"><span class=\"Y2IQFc\" lang=\"vi\">\u0110\u1ed3 ch\u01a1i cu\u1ed9n d\u00e2y, \u0111\u01b0\u1ee3c cung c\u1ea5p n\u0103ng l\u01b0\u1ee3ng b\u1eb1ng l\u00f2 xo kim lo\u1ea1i \u0111\u01b0\u1ee3c si\u1ebft ch\u1eb7t b\u1eb1ng c\u00e1ch xoay n\u00f3, c\u00e1c tr\u00f2 ch\u01a1i \u0111\u01a1n gi\u1ea3n vui nh\u1ed9n c\u1ed5 \u0111i\u1ec3n, kh\u00f4ng \u0111\u1ed9c h\u1ea1i v\u00e0 kh\u00f4ng c\u00f3 m\u00f9i.<\/span><\/p>\n<p class=\"tw-data-text tw-text-large tw-ta\" dir=\"ltr\"><span class=\"Y2IQFc\" lang=\"vi\">V\u1edbi h\u1ecda ti\u1ebft d\u1ec5 th\u01b0\u01a1ng v\u00e0 ho\u1ea1t h\u00ecnh r\u1ea5t c\u00f3 th\u1ec3 kh\u01a1i d\u1eady h\u1ee9ng th\u00fa c\u1ee7a b\u00e9 v\u00e0 gi\u00fap b\u00e9 ph\u00e1t tri\u1ec3n k\u1ef9 n\u0103ng ph\u1ed1i h\u1ee3p tay m\u1eaft Gi\u00e1ng sinh tuy\u1ec7t v\u1eddi th\u1ea3 h\u00e0ng ho\u1eb7c ch\u1ea5t \u0111\u1ed9n t\u00fai d\u1ef1 ti\u1ec7c, \u00f4ng gi\u00e0 noel b\u00ed m\u1eadt, qu\u00e0 t\u1eb7ng, \u1ee7ng h\u1ed9 b\u1eefa ti\u1ec7c<\/span><\/p>\n<p dir=\"ltr\"><img loading=\"lazy\" decoding=\"async\" class=\"wp-image-23954 aligncenter\" src=\"https:\/\/havamall.vn\/wp-content\/uploads\/2021\/11\/e72074-300x300.png\" alt=\"\" width=\"688\" height=\"689\" srcset=\"https:\/\/havamall.vn\/wp-content\/uploads\/2021\/11\/e72074-300x300.png 300w, https:\/\/havamall.vn\/wp-content\/uploads\/2021\/11\/e72074-430x430.png 430w, https:\/\/havamall.vn\/wp-content\/uploads\/2021\/11\/e72074-150x150.png 150w, https:\/\/havamall.vn\/wp-content\/uploads\/2021\/11\/e72074-700x700.png 700w, https:\/\/havamall.vn\/wp-content\/uploads\/2021\/11\/e72074-768x768.png 768w, https:\/\/havamall.vn\/wp-content\/uploads\/2021\/11\/e72074-600x600.png 600w, https:\/\/havamall.vn\/wp-content\/uploads\/2021\/11\/e72074-100x100.png 100w, https:\/\/havamall.vn\/wp-content\/uploads\/2021\/11\/e72074.png 1024w\" sizes=\"(max-width: 688px) 100vw, 688px\" \/><\/p>\n<p id=\"tw-target-text\" class=\"tw-data-text tw-text-large tw-ta\" dir=\"ltr\"><span class=\"Y2IQFc\" lang=\"vi\">M\u00f4 h\u00ecnh n\u00e0y s\u1ebd t\u1ef1 \u0111\u1ed9ng nh\u1ea3y v\u00e0 di chuy\u1ec3n khi b\u1ea1n v\u1eb7n d\u00e2y thi\u1ec1u. V\u1ebb ngo\u00e0i ho\u1ea1t h\u00ecnh vui nh\u1ed9n v\u00e0 c\u01a1 th\u1ec3 nh\u1ea3y m\u00faa mang l\u1ea1i cho b\u1ea1n nhi\u1ec1u h\u1ea1nh ph\u00fac h\u01a1n. Ch\u1ea5t l\u01b0\u1ee3ng cao v\u00e0 gi\u00e1 c\u1ea3 h\u1ee3p l\u00fd. M\u1ed9t m\u00f3n \u0111\u1ed3 ch\u01a1i gi\u00e1o d\u1ee5c tuy\u1ec7t v\u1eddi v\u00e0 m\u00f3n qu\u00e0 \u0111\u00e1ng y\u00eau cho con b\u1ea1n.<\/span><\/p>\n<p id=\"tw-target-text\" class=\"tw-data-text tw-text-large tw-ta\" dir=\"ltr\"><span class=\"Y2IQFc\" lang=\"vi\">\u0110\u1ed3 ch\u01a1i th\u00fa nh\u1ea3y Uncle Bills g\u1ed3m nhi\u1ec1u nh\u00e2n v\u1eadt kh\u00e1c nhau ch\u1eb3ng h\u1ea1n nh\u01b0 \u00f4ng gi\u00e0 Noel, ng\u01b0\u1eddi tuy\u1ebft, nai s\u1eebng t\u1ea5m, chim c\u00e1nh c\u1ee5t, v.v &#8230; Nh\u1eefng m\u00f3n \u0111\u1ed3 ch\u01a1i mini ki\u1ec3u d\u00e1ng kh\u00e1c nhau r\u1ea5t d\u1ec5 th\u01b0\u01a1ng, kh\u00f4ng c\u00e1i n\u00e0o gi\u1ed1ng c\u00e1i n\u00e0o, cung c\u1ea5p cho b\u1ea1n v\u00e0 con c\u00e1i c\u1ee7a b\u1ea1n nhi\u1ec1u s\u1ef1 l\u1ef1a ch\u1ecdn.<\/span><\/p>\n<p dir=\"ltr\"><img loading=\"lazy\" decoding=\"async\" class=\"wp-image-23953 aligncenter\" src=\"https:\/\/havamall.vn\/wp-content\/uploads\/2021\/11\/71q8-300x300.png\" alt=\"\" width=\"692\" height=\"692\" srcset=\"https:\/\/havamall.vn\/wp-content\/uploads\/2021\/11\/71q8-300x300.png 300w, https:\/\/havamall.vn\/wp-content\/uploads\/2021\/11\/71q8-430x430.png 430w, https:\/\/havamall.vn\/wp-content\/uploads\/2021\/11\/71q8-150x150.png 150w, https:\/\/havamall.vn\/wp-content\/uploads\/2021\/11\/71q8-700x700.png 700w, https:\/\/havamall.vn\/wp-content\/uploads\/2021\/11\/71q8-768x768.png 768w, https:\/\/havamall.vn\/wp-content\/uploads\/2021\/11\/71q8-1024x1024.png 1024w, https:\/\/havamall.vn\/wp-content\/uploads\/2021\/11\/71q8-1200x1200.png 1200w, https:\/\/havamall.vn\/wp-content\/uploads\/2021\/11\/71q8-600x600.png 600w, https:\/\/havamall.vn\/wp-content\/uploads\/2021\/11\/71q8-100x100.png 100w, https:\/\/havamall.vn\/wp-content\/uploads\/2021\/11\/71q8.png 1500w\" sizes=\"(max-width: 692px) 100vw, 692px\" \/><\/p>\n<p class=\"tw-data-text tw-text-large tw-ta\" dir=\"ltr\"><span class=\"Y2IQFc\" lang=\"vi\">Saen ph\u1ea9m \u0111\u01b0\u1ee3c l\u00e0m t\u1eeb ch\u1ea5t li\u1ec7u nh\u1ef1a cao c\u1ea5p, c\u1ee9ng c\u00e1p, b\u1ec1n b\u1ec9 v\u1edbi \u0111\u1ed9 d\u1ebbo dai t\u1ed1t, nh\u1eb5n m\u1ecbn, kh\u00f4ng c\u00f3 g\u00f3c c\u1ea1nh s\u1eafc nh\u1ecdn, tr\u00e1nh l\u00e0m \u0111au tay. M\u00f3n qu\u00e0 Gi\u00e1ng sinh t\u1ed1t nh\u1ea5t cho tr\u1ebb em c\u1ee7a b\u1ea1n. D\u1ec5 d\u00e0ng c\u1ea7m n\u1eafm v\u00e0 ch\u01a1i \u0111\u1ed1i v\u1edbi nh\u1eefng b\u00e0n tay nh\u1ecf, ch\u1ec9 c\u1ea7n xoay kim \u0111\u1ed3ng h\u1ed3 v\u00e0 \u0111\u1eb7t ch\u00fang tr\u00ean b\u00e0n ho\u1eb7c s\u00e0n nh\u00e0, ch\u00fang s\u1ebd th\u1ef1c hi\u1ec7n c\u00e1c h\u00e0nh \u0111\u1ed9ng kh\u00e1c nhau.\u00a0<\/span><\/p>\n<p class=\"tw-data-text tw-text-large tw-ta\" dir=\"ltr\"><span class=\"Y2IQFc\" lang=\"vi\"><strong>H\u01b0\u1edbng d\u1eabn s\u1eed d\u1ee5ng:<\/strong> Trang tr\u00ed k\u1ef3 ngh\u1ec9 Gi\u00e1ng sinh ho\u00e0n h\u1ea3o t\u1ea1i xe h\u01a1i, nh\u00e0 ri\u00eang ho\u1eb7c v\u0103n ph\u00f2ng. M\u00f3n qu\u00e0 Gi\u00e1ng sinh tuy\u1ec7t v\u1eddi cho tr\u1ebb em, gia \u0111\u00ecnh ho\u1eb7c b\u1ea1n b\u00e8<\/span><\/p>\n<p dir=\"ltr\">S\u1ea3n ph\u1ea9m \u0111\u00e3 c\u00f3 m\u1eb7t t\u1ea1i Havamall.<\/p>\n<p dir=\"ltr\">","protected":false},"excerpt":{"rendered":"<p>Th\u00f4ng tin th\u01b0\u01a1ng hi\u1ec7u Uncle Bills (UBL) cung c\u1ea5p h\u01a1n 1800 s\u1ea3n ph\u1ea9m ti\u00eau d\u00f9ng phi th\u01b0\u0323c ph\u00e2\u0309m h\u00e2\u0301p d\u00e2\u0303n,<\/p>","protected":false},"featured_media":24134,"comment_status":"open","ping_status":"closed","template":"","meta":[],"product_brand":[],"product_cat":[452,394,35],"product_tag":[],"class_list":{"0":"post-23952","1":"product","2":"type-product","3":"status-publish","4":"has-post-thumbnail","6":"product_cat-noel","7":"product_cat-trang-tri-nha-cua","8":"product_cat-nha-cua-doi-song","9":"pa_brand-uncle-bills","11":"first","12":"instock","13":"sale","14":"shipping-taxable","15":"purchasable","16":"product-type-variable"},"_links":{"self":[{"href":"https:\/\/havamall.vn\/en\/wp-json\/wp\/v2\/product\/23952"}],"collection":[{"href":"https:\/\/havamall.vn\/en\/wp-json\/wp\/v2\/product"}],"about":[{"href":"https:\/\/havamall.vn\/en\/wp-json\/wp\/v2\/types\/product"}],"replies":[{"embeddable":true,"href":"https:\/\/havamall.vn\/en\/wp-json\/wp\/v2\/comments?post=23952"}],"version-history":[{"count":0,"href":"https:\/\/havamall.vn\/en\/wp-json\/wp\/v2\/product\/23952\/revisions"}],"wp:featuredmedia":[{"embeddable":true,"href":"https:\/\/havamall.vn\/en\/wp-json\/wp\/v2\/media\/24134"}],"wp:attachment":[{"href":"https:\/\/havamall.vn\/en\/wp-json\/wp\/v2\/media?parent=23952"}],"wp:term":[{"taxonomy":"product_brand","embeddable":true,"href":"https:\/\/havamall.vn\/en\/wp-json\/wp\/v2\/product_brand?post=23952"},{"taxonomy":"product_cat","embeddable":true,"href":"https:\/\/havamall.vn\/en\/wp-json\/wp\/v2\/product_cat?post=23952"},{"taxonomy":"product_tag","embeddable":true,"href":"https:\/\/havamall.vn\/en\/wp-json\/wp\/v2\/product_tag?post=23952"}],"curies":[{"name":"wp","href":"https:\/\/api.w.org\/{rel}","templated":true}]}}