{"id":23910,"date":"2021-11-25T11:11:53","date_gmt":"2021-11-25T04:11:53","guid":{"rendered":"https:\/\/havamall.vn\/?post_type=product&#038;p=23910"},"modified":"2021-11-25T11:12:25","modified_gmt":"2021-11-25T04:12:25","slug":"cay-thong-noel-mini-de-ban-22cm-uncle-bills-mini-christmas-tree","status":"publish","type":"product","link":"https:\/\/havamall.vn\/en\/shop\/cay-thong-noel-mini-de-ban-22cm-uncle-bills-mini-christmas-tree\/","title":{"rendered":"C\u00e2y Th\u00f4ng Noel Mini \u0110\u1ec3 B\u00e0n 22cm Uncle Bills &#8211; Mini Christmas Tree"},"content":{"rendered":"<div class=\"o9v6fnle cxmmr5t8 oygrvhab hcukyx3x c1et5uql ii04i59q\">\n<div dir=\"auto\">M\u1ed9t m\u00f9a\u00a0Gi\u00e1ng sinh\u00a0n\u1eefa l\u1ea1i \u0111ang v\u1ec1 v\u1edbi nh\u1eefng \u00e2m thanh r\u1ed9n r\u00e3 c\u1ee7a ti\u1ebfng chu\u00f4ng nh\u00e0 th\u1edd, nh\u1eefng b\u00e0i th\u00e1nh ca c\u00f9ng v\u1edbi c\u00e2y th\u00f4ng\u00a0Noel\u00a0\u0111\u01b0\u1ee3c trang tr\u00ed r\u1ef1c r\u1ee1.<\/div>\n<\/div>\n<p>H\u00e3y \u0111\u1ec3 Uncle Bills g\u00f3p ph\u1ea7n l\u00e0m sinh \u0111\u1ed9ng h\u01a1n trong m\u00f9a Gi\u00e1ng sinh c\u1ee7a b\u1ea1n v\u1edbi nh\u1eefng ph\u1ee5 ki\u1ec7n trang tr\u00ed Noel \u0111a d\u1ea1ng h\u00f2a chung kh\u00f4ng kh\u00ed \u1ea5m \u00e1p c\u1ee7a m\u00f9a Gi\u00e1ng sinh. C\u00e1c m\u1eabu m\u00e3 noel \u0111\u1ed9c \u0111\u00e1o c\u1ee7a Uncle Bills \u0111\u00e3 c\u00f3 m\u1eb7t t\u1ea1i nh\u00e0 Havamall.<\/p>\n<p><img fetchpriority=\"high\" decoding=\"async\" class=\"wp-image-23915 aligncenter\" src=\"https:\/\/havamall.vn\/wp-content\/uploads\/2021\/11\/126525927_-300x300.png\" alt=\"\" width=\"650\" height=\"649\" srcset=\"https:\/\/havamall.vn\/wp-content\/uploads\/2021\/11\/126525927_-300x300.png 300w, https:\/\/havamall.vn\/wp-content\/uploads\/2021\/11\/126525927_-430x430.png 430w, https:\/\/havamall.vn\/wp-content\/uploads\/2021\/11\/126525927_-150x150.png 150w, https:\/\/havamall.vn\/wp-content\/uploads\/2021\/11\/126525927_-700x700.png 700w, https:\/\/havamall.vn\/wp-content\/uploads\/2021\/11\/126525927_-768x768.png 768w, https:\/\/havamall.vn\/wp-content\/uploads\/2021\/11\/126525927_-1024x1024.png 1024w, https:\/\/havamall.vn\/wp-content\/uploads\/2021\/11\/126525927_.png 1200w, https:\/\/havamall.vn\/wp-content\/uploads\/2021\/11\/126525927_-600x600.png 600w, https:\/\/havamall.vn\/wp-content\/uploads\/2021\/11\/126525927_-100x100.png 100w\" sizes=\"(max-width: 650px) 100vw, 650px\" \/><\/p>\n<p>C\u00e2y th\u00f4ng noel \u0111\u1ec3 b\u00e0n l\u00e0 bi\u1ec3u t\u01b0\u1ee3ng kh\u00f4ng th\u1ec3 thi\u1ebfu trong m\u00f9a Gi\u00e1ng sinh. Khi m\u00f9a \u0111\u00f4ng \u0111\u1ebfn, m\u1ecdi c\u00e2y c\u1ed1i \u0111\u1ec1u h\u00e9o \u00faa, th\u00ec ch\u1ec9 c\u00f3 c\u00e2y th\u00f4ng noel mini l\u00e0 lo\u00e0i c\u00e2y v\u1eabn lu\u00f4n t\u01b0\u01a1i xanh, d\u00e1ng v\u1ebb m\u1ea1nh m\u1ebd d\u00f9 cho kh\u00ed h\u1eadu c\u00f3 kh\u1eafc nghi\u1ec7t. V\u00ec th\u1ebf, ng\u00e0y l\u1ec5 gi\u00e1ng sinh ng\u01b0\u1eddi ta hay d\u00f9ng c\u00e2y th\u00f4ng noel gi\u00e1ng sinh l\u00e0m c\u00e2y trang tr\u00ed \u0111\u1ec3 b\u00e0n, ph\u00f2ng kh\u00e1ch, ngo\u00e0i tr\u1eddi b\u1edfi \u00fd ngh\u0129a b\u1ea5t di\u1ec7t v\u00e0 l\u00e0 bi\u1ec3u t\u01b0\u1ee3ng c\u1ee7a s\u1ef1 s\u1ed1ng, no \u1ea5m ph\u1ed3n vinh, gi\u00fap xua \u0111u\u1ed5i t\u00e0 ma, b\u1ec7nh t\u1eadt.<\/p>\n<p>C\u00e2y th\u00f4ng noel mini Uncle Bils \u0111\u01b0\u1ee3c t\u1ea1o n\u00ean t\u1eeb nh\u1eefng c\u00e0nh th\u00f4ng b\u1eb1ng nh\u1ef1a, c\u00e0nh l\u00e1 x\u1ebfp t\u1ea7ng t\u1ea1o th\u00e0nh h\u00ecnh c\u00e2y th\u00f4ng. C\u00e2y th\u00f4ng \u0111\u01b0\u1ee3c trang tr\u00ed \u0111\u1eb9p m\u1eaft \u1ea5n t\u01b0\u1ee3ng v\u1edbi : n\u01a1, hoa, h\u1ed9p qu\u00e0, nh\u1eefng chi\u1ebfc n\u01a1 m\u00e0u \u0111\u1ecf \u0111\u01b0\u1ee3c g\u1eafn l\u00ean c\u00e2y&#8230;<\/p>\n<p><img decoding=\"async\" class=\"wp-image-23917 aligncenter\" src=\"https:\/\/havamall.vn\/wp-content\/uploads\/2021\/11\/79462551-300x300.png\" alt=\"\" width=\"650\" height=\"650\" srcset=\"https:\/\/havamall.vn\/wp-content\/uploads\/2021\/11\/79462551-300x300.png 300w, https:\/\/havamall.vn\/wp-content\/uploads\/2021\/11\/79462551-430x430.png 430w, https:\/\/havamall.vn\/wp-content\/uploads\/2021\/11\/79462551-150x150.png 150w, https:\/\/havamall.vn\/wp-content\/uploads\/2021\/11\/79462551-700x700.png 700w, https:\/\/havamall.vn\/wp-content\/uploads\/2021\/11\/79462551-768x768.png 768w, https:\/\/havamall.vn\/wp-content\/uploads\/2021\/11\/79462551-600x600.png 600w, https:\/\/havamall.vn\/wp-content\/uploads\/2021\/11\/79462551-100x100.png 100w, https:\/\/havamall.vn\/wp-content\/uploads\/2021\/11\/79462551.png 800w\" sizes=\"(max-width: 650px) 100vw, 650px\" \/><\/p>\n<p>C\u00e2y th\u00f4ng noel l\u00e0 s\u1ef1 k\u1ebft h\u1ee3p gi\u1eefa nhi\u1ec1u ch\u1ea5t li\u1ec7u nh\u01b0 nh\u1ef1a, b\u1eb1ng v\u1ea3i,..t\u1ea5t c\u1ea3 \u0111\u1ec1u mang l\u1ea1i m\u1ed9t s\u1ea3n ph\u1ea9m \u0111\u1ed9c \u0111\u00e1o v\u00e0 \u1ea5n t\u01b0\u1ee3ng, m\u00e0u s\u1eafc c\u1ee7a c\u00e2y n\u1ed5i b\u1eadt l\u00e0 m\u00e0u xanh \u00a0bi\u1ec3u t\u01b0\u1ee3ng c\u1ee7a s\u1ef1 hi v\u1ecdng v\u00e0 c\u0169ng l\u00e0 \u0111\u1eb7c tr\u01b0ng c\u1ee7a m\u00f9a gi\u00e1ng sinh th\u1eadt an l\u00e0nh.<\/p>\n<p>V\u1edbi k\u00edch th\u01b0\u1edbc nh\u1ecf, g\u1ecdn v\u00e0 c\u00e1ch trang tr\u00ed sang tr\u1ecdng l\u00e0 \u0111i\u1ec3m c\u1ed9ng cho s\u1ea3n ph\u1ea9m n\u00e0y, b\u1ea1n c\u00f3 th\u1ec3 d\u00f9ng trong trang tr\u00ed b\u00e0n \u0103n ng\u00e0y noel, b\u00e0n l\u00e0m vi\u1ec7c cho c\u00f3 kh\u00f4ng kh\u00ed gi\u00e1ng sinh, trang tr\u00ed t\u1ee7, k\u1ec7, b\u00e0n trang \u0111i\u1ec3m, ph\u00f2ng u\u1ed1ng tr\u00e0,\u2026ho\u1eb7c b\u1ea5t c\u1ee9 v\u1ecb tr\u00ed n\u00e0o trong nh\u00e0 m\u00e0 b\u1ea1n th\u1ea5y th\u00edch h\u1ee3p.<\/p>\n<p><img decoding=\"async\" class=\"aligncenter\" src=\"https:\/\/havamall.vn\/wp-content\/uploads\/2021\/11\/cay_thong_mini_de_ban_11.jpg\" alt=\"C\u00e2y th\u00f4ng Noel mini 16cm B\u1eebng S\u00e1ng Kh\u00f4ng Gian, Gi\u00e1 ch\u1ec9 120.000 \u20ab\" width=\"668\" height=\"668\" \/><\/p>\n<p>B\u1ea1n \u0111ang g\u1eb7p kh\u00f3 kh\u0103n trong vi\u1ec7c l\u1ef1a ch\u1ecdn m\u1ed9t m\u00f3n qu\u00e0 d\u00e0nh t\u1eb7ng cho ng\u01b0\u1eddi th\u00e2n hay b\u1ea1n b\u00e8 trong d\u1ecbp gi\u00e1ng sinh n\u00e0y, th\u00ec \u0111\u00e2y ch\u00ednh l\u00e0 m\u1ed9t m\u00f3n qu\u00e0 \u00fd ngh\u0129a nh\u01b0 n\u00e0y \u0111\u1ec3 d\u00e0nh t\u1eb7ng \u201c ng\u01b0\u1eddi \u1ea5y \u201c hay ch\u00ednh nh\u1eefng ng\u01b0\u1eddi th\u00e2n c\u1ee7a b\u1ea1n, c\u00f3 m\u1ed9t m\u00f9a gi\u00e1ng sinh b\u00ean ng\u01b0\u1eddi th\u00e2n c\u1ee7a b\u1ea1n th\u1eadt vui v\u1ebb v\u00e0 \u1ea5m \u00e1p nh\u00e9.<\/p>\n<p><img loading=\"lazy\" decoding=\"async\" class=\"wp-image-23919 aligncenter\" src=\"https:\/\/havamall.vn\/wp-content\/uploads\/2021\/11\/b279386b-300x300.png\" alt=\"\" width=\"669\" height=\"669\" srcset=\"https:\/\/havamall.vn\/wp-content\/uploads\/2021\/11\/b279386b-300x300.png 300w, https:\/\/havamall.vn\/wp-content\/uploads\/2021\/11\/b279386b-430x430.png 430w, https:\/\/havamall.vn\/wp-content\/uploads\/2021\/11\/b279386b-150x150.png 150w, https:\/\/havamall.vn\/wp-content\/uploads\/2021\/11\/b279386b-700x700.png 700w, https:\/\/havamall.vn\/wp-content\/uploads\/2021\/11\/b279386b-768x768.png 768w, https:\/\/havamall.vn\/wp-content\/uploads\/2021\/11\/b279386b-600x600.png 600w, https:\/\/havamall.vn\/wp-content\/uploads\/2021\/11\/b279386b-100x100.png 100w, https:\/\/havamall.vn\/wp-content\/uploads\/2021\/11\/b279386b.png 960w\" sizes=\"(max-width: 669px) 100vw, 669px\" \/><\/p>\n<p>Nh\u1eefng c\u00e2y th\u00f4ng noel \u0111\u01b0\u1ee3c trang tr\u00ed theo ki\u1ec3u t\u1ef1 nhi\u00ean s\u1ebd c\u00f3 th\u00eam l\u1edbp tuy\u1ebft nh\u00e2n t\u1ea1o ph\u1ee7 b\u00ean ngo\u00e0i. Tuy\u1ebft c\u00f3 th\u1ec3 \u0111\u01b0\u1ee3c t\u1ea1o ra t\u1eeb h\u1ea1t x\u1ed1p, b\u00f4ng, \u2026 T\u00f9y v\u00e0o s\u1edf th\u00edch v\u00e0 v\u00ed ti\u1ec1n c\u1ee7a gia \u0111\u00ecnh m\u00e0 b\u1ea1n c\u00f3 th\u1ec3 l\u1ef1a ch\u1ecdn ph\u1ee5 li\u1ec7u t\u1ea1o hi\u1ec7u \u1ee9ng c\u00e2y th\u00f4ng tuy\u1ebft ph\u00f9 h\u1ee3p.<\/p>\n<p>C\u00e2y th\u00f4ng noel Mini nh\u1ecf \u0111\u1ec3 b\u00e0n cao 22cm Uncle Bills th\u00edch h\u1ee3p \u0111\u1ec3 b\u00e1n m\u00e1y t\u00ednh, b\u00e0n l\u00e0m vi\u1ec7c trang tr\u00ed trong ng\u00e0y gi\u00e1ng sinh. Hi\u1ec7n t\u1ea1i shop c\u00f3 d\u00f2ng s\u1ea3n ph\u1ea9m m\u00e0u v\u00e0ng, \u0111\u1ecf, xanh d\u01b0\u01a1ng, xanh l\u00e1 c\u00e2y \u0111\u01b0\u1ee3c l\u00e0m t\u1eeb ch\u1ea5t li\u1ec7u nh\u1ef1a PVC.<\/p>\n<p>S\u1ea3n ph\u1ea9m hi\u1ec7n \u0111\u00e3 c\u00f3 m\u1eb7t t\u1ea1i Havamall.<\/p>\n<p><img loading=\"lazy\" decoding=\"async\" class=\"wp-image-23918 aligncenter\" src=\"https:\/\/havamall.vn\/wp-content\/uploads\/2021\/11\/z2965414694097-300x300.png\" alt=\"\" width=\"670\" height=\"670\" srcset=\"https:\/\/havamall.vn\/wp-content\/uploads\/2021\/11\/z2965414694097-300x300.png 300w, https:\/\/havamall.vn\/wp-content\/uploads\/2021\/11\/z2965414694097-430x430.png 430w, https:\/\/havamall.vn\/wp-content\/uploads\/2021\/11\/z2965414694097-150x150.png 150w, https:\/\/havamall.vn\/wp-content\/uploads\/2021\/11\/z2965414694097-700x700.png 700w, https:\/\/havamall.vn\/wp-content\/uploads\/2021\/11\/z2965414694097-768x768.png 768w, https:\/\/havamall.vn\/wp-content\/uploads\/2021\/11\/z2965414694097-1024x1024.png 1024w, https:\/\/havamall.vn\/wp-content\/uploads\/2021\/11\/z2965414694097-600x600.png 600w, https:\/\/havamall.vn\/wp-content\/uploads\/2021\/11\/z2965414694097-100x100.png 100w, https:\/\/havamall.vn\/wp-content\/uploads\/2021\/11\/z2965414694097.png 1080w\" sizes=\"(max-width: 670px) 100vw, 670px\" \/><\/p>","protected":false},"excerpt":{"rendered":"<p>M\u1ed9t m\u00f9a\u00a0Gi\u00e1ng sinh\u00a0n\u1eefa l\u1ea1i \u0111ang v\u1ec1 v\u1edbi nh\u1eefng \u00e2m thanh r\u1ed9n r\u00e3 c\u1ee7a ti\u1ebfng chu\u00f4ng nh\u00e0 th\u1edd, nh\u1eefng b\u00e0i th\u00e1nh<\/p>","protected":false},"featured_media":23920,"comment_status":"open","ping_status":"closed","template":"","meta":[],"product_brand":[],"product_cat":[452,394,35],"product_tag":[],"class_list":{"0":"post-23910","1":"product","2":"type-product","3":"status-publish","4":"has-post-thumbnail","6":"product_cat-noel","7":"product_cat-trang-tri-nha-cua","8":"product_cat-nha-cua-doi-song","9":"pa_brand-uncle-bills","11":"first","12":"instock","13":"sale","14":"shipping-taxable","15":"purchasable","16":"product-type-simple"},"_links":{"self":[{"href":"https:\/\/havamall.vn\/en\/wp-json\/wp\/v2\/product\/23910"}],"collection":[{"href":"https:\/\/havamall.vn\/en\/wp-json\/wp\/v2\/product"}],"about":[{"href":"https:\/\/havamall.vn\/en\/wp-json\/wp\/v2\/types\/product"}],"replies":[{"embeddable":true,"href":"https:\/\/havamall.vn\/en\/wp-json\/wp\/v2\/comments?post=23910"}],"version-history":[{"count":0,"href":"https:\/\/havamall.vn\/en\/wp-json\/wp\/v2\/product\/23910\/revisions"}],"wp:featuredmedia":[{"embeddable":true,"href":"https:\/\/havamall.vn\/en\/wp-json\/wp\/v2\/media\/23920"}],"wp:attachment":[{"href":"https:\/\/havamall.vn\/en\/wp-json\/wp\/v2\/media?parent=23910"}],"wp:term":[{"taxonomy":"product_brand","embeddable":true,"href":"https:\/\/havamall.vn\/en\/wp-json\/wp\/v2\/product_brand?post=23910"},{"taxonomy":"product_cat","embeddable":true,"href":"https:\/\/havamall.vn\/en\/wp-json\/wp\/v2\/product_cat?post=23910"},{"taxonomy":"product_tag","embeddable":true,"href":"https:\/\/havamall.vn\/en\/wp-json\/wp\/v2\/product_tag?post=23910"}],"curies":[{"name":"wp","href":"https:\/\/api.w.org\/{rel}","templated":true}]}}