{"id":23824,"date":"2021-11-23T15:12:27","date_gmt":"2021-11-23T08:12:27","guid":{"rendered":"https:\/\/havamall.vn\/?post_type=product&#038;p=23824"},"modified":"2025-06-15T15:08:44","modified_gmt":"2025-06-15T08:08:44","slug":"la-cari-kho-havafood-goi-50g-curry-leaf","status":"publish","type":"product","link":"https:\/\/havamall.vn\/en\/shop\/la-cari-kho-havafood-goi-50g-curry-leaf\/","title":{"rendered":"L\u00e1 Cari Kh\u00f4 Havafood G\u00f3i 50g &#8211; Curry Leaf"},"content":{"rendered":"<p>C\u00e0 ri l\u00e0 m\u1ed9t lo\u1ea1i gia v\u1ecb quan tr\u1ecdng kh\u00f4ng th\u1ec3 thi\u1ebfu trong c\u00e1c m\u00f3n \u0103n c\u1ee7a ng\u01b0\u1eddi \u1ea4n \u0110\u1ed9.L\u00e1 c\u00e0 ri ngo\u00e0i gi\u00e1 tr\u1ecb trong y h\u1ecdc th\u00ec n\u00f3 c\u0169ng \u0111\u01b0\u1ee3c d\u00f9ng nhi\u1ec1u trong \u1ea9m th\u1ef1c. N\u1ebfu d\u00f9ng l\u00e1 t\u01b0\u01a1i th\u00ec n\u1ea5u c\u00e0 ri xong m\u1edbi cho v\u00e0o, nh\u01b0 th\u1ebf m\u1edbi gi\u1eef \u0111\u01b0\u1ee3c h\u01b0\u01a1ng th\u01a1m c\u1ee7a l\u00e1. N\u1ebfu d\u00f9ng l\u00e1 kh\u00f4 th\u00ec c\u00f3 th\u1ec3 cho v\u00e0o s\u1edbm h\u01a1n nh\u01b0ng l\u00e1 c\u00e0 ri sau khi n\u1ea5u ph\u1ea3i v\u1edbt b\u1ecf, kh\u00f4ng \u0103n. Mu\u1ed1n m\u1ed9t m\u00f3n chi\u00ean thoang tho\u1ea3ng m\u00f9i c\u00e0 ri th\u00ec cho l\u00e1 c\u00e0 ri v\u00e0o chi\u00ean, v\u1edbt ra r\u1ed3i d\u00f9ng d\u1ea7u \u0111\u00f3 chi\u00ean th\u1ee9c \u0103n. L\u00e1 c\u00e0 ri chi\u00ean xong c\u00f3 th\u1ec3 d\u00f9ng trang tr\u00ed c\u0169ng r\u1ea5t \u0111\u1eb9p.<\/p>\n<p><img fetchpriority=\"high\" decoding=\"async\" class=\"wp-image-23816 aligncenter\" src=\"https:\/\/havamall.com\/wp-content\/uploads\/2025\/06\/curry-leaves-300x200.png\" alt=\"\" width=\"663\" height=\"441\" \/><\/p>\n<p><span style=\"font-weight: 400\">L\u00e1 cari ch\u1ee9a nhi\u1ec1u ch\u1ea5t x\u01a1, s\u1eaft, cacbon-hydrat, ph\u1ed1t pho, canxi c\u00f9ng nhi\u1ec1u h\u1ee3p ch\u1ea5t vitamin A, E, C v\u00e0 B h\u1ed7 tr\u1ee3 \u0111i\u1ec1u tr\u1ecb nhi\u1ec1u b\u1ec7nh l\u00fd kh\u00e1c nhau nh\u01b0 b\u00e9o ph\u00ec, ti\u00eau ch\u1ea3y, \u0103n kh\u00f4ng ti\u00eau, ki\u1ebft l\u1ef5, lo\u00e9t d\u1ea1 d\u00e0y.<\/span><\/p>\n<p><span style=\"font-weight: 400\">\u0110\u1ed3ng th\u1eddi, l\u00e1 n\u00e0y gi\u00fap ph\u00f2ng ng\u1eeba ung th\u01b0, b\u1ec7nh truy\u1ec1n nhi\u1ec5m, c\u1ea3i thi\u1ec7n ch\u1ee9c n\u0103ng tim m\u1ea1ch, s\u0103n ch\u1eafc da, ph\u1ee5c h\u1ed3i t\u00f3c. Ch\u00ednh v\u00ec th\u1ebf m\u00e0 l\u00e1 cari \u0111\u00e3 tr\u1edf th\u00e0nh m\u1ed9t trong nh\u1eefng gia v\u1ecb th\u01b0\u1eddng nh\u1eadt trong b\u1ebfp m\u1ed7i gia \u0111\u00ecnh \u1ea4n \u0110\u1ed9.<\/span><\/p>\n<p><img decoding=\"async\" class=\"wp-image-23817 aligncenter\" src=\"https:\/\/havamall.com\/wp-content\/uploads\/2025\/06\/PEPPER-300x200.png\" alt=\"\" width=\"662\" height=\"442\" \/><\/p>\n<p><span style=\"font-weight: 400\">L\u00e1 cari c\u00f3 th\u1ec3 \u0111\u01b0\u1ee3c s\u1eed d\u1ee5ng d\u01b0\u1edbi d\u1ea1ng n\u01b0\u1edbc \u00e9p ho\u1eb7c xay nhuy\u1ec5n d\u01b0\u1edbi d\u1ea1ng b\u1ed9t \u0111\u1ec3 mang l\u1ea1i hi\u1ec7u qu\u1ea3 t\u1ed1t nh\u1ea5t. B\u00ean c\u1ea1nh \u0111\u00f3, tr\u00e0 pha t\u1eeb l\u00e1 cari c\u0169ng c\u00f3 r\u1ea5t nhi\u1ec1u l\u1ee3i \u00edch m\u1ecdi ng\u01b0\u1eddi c\u00f3 th\u1ec3 c\u00f2n ch\u01b0a bi\u1ebft. B\u00e0i vi\u1ebft d\u01b0\u1edbi \u0111\u00e2y s\u1ebd mang l\u1ea1i nhi\u1ec1u th\u00f4ng tin b\u1ed5 \u00edch.<\/span><\/p>\n<h3><strong>H\u01b0\u1edbng d\u1eabn s\u1eed d\u1ee5ng:<\/strong><\/h3>\n<p>&gt; D\u00f9ng l\u00e1 c\u00e0 ri phi d\u1ea7u t\u1ea1o h\u01b0\u01a1ng th\u01a1m cho m\u00f3n\u00a0\u0103n<\/p>\n<p>&gt; Chi\u00ean x\u00f9 t\u1ea1o v\u1eadt trang tr\u00ed cho m\u00f3n\u00a0\u0103n th\u00eam ph\u1ea7n h\u1ea5p d\u1eabn<\/p>\n<p>&gt; D\u00f9ng l\u00e1 c\u00e0 ri\u00a0ch\u1eefa ti\u00eau ch\u1ea3y, bu\u1ed3n n\u00f4n, kh\u00f3 ti\u00eau, c\u00f3 th\u1ec3 ng\u0103n ng\u1eeba ung th\u01b0 c\u0169ng nh\u01b0 l\u00e0m gi\u1ea3m c\u00e1c t\u00e1c d\u1ee5ng ph\u1ee5 co\u0301 th\u00ea\u0309 xa\u0309y ra khi b\u00ea\u0323nh nh\u00e2n bi\u0323 ung th\u01b0 \u0111i\u00ea\u0300u tri\u0323 b\u00ea\u0323nh b\u0103\u0300ng ph\u01b0\u01a1ng pha\u0301p h\u00f3a tr\u1ecb, x\u1ea1 tr\u1ecb. B\u00ean c\u1ea1nh \u0111\u00f3, d\u00f9ng n\u01b0\u1edbc \u00e9p l\u00e1 c\u00e0 ri r\u1ea5t c\u00f3 l\u1ee3i cho vi\u1ec7c ch\u0103m s\u00f3c t\u00f3c, k\u1ebft h\u1ee3p v\u1edbi d\u1ea7u d\u1eeba th\u00ec c\u00e0ng cho hi\u1ec7u qu\u1ea3 cao, gi\u00fap t\u00f3c \u00f3ng m\u01b0\u1ee3t, kh\u1ecfe v\u00e0 ng\u0103n b\u1ea1c s\u1edbm.<\/p>\n<p>&gt; Ngo\u00e0i ra, L\u00e1 c\u00e0 ri khi \u0111\u01b0\u1ee3c chi\u1ebft xu\u1ea5t tinh d\u1ea7u d\u00f9ng ng\u0103n ng\u1eeba c\u00f4n tr\u00f9ng v\u00e0 chuy\u00ean tr\u1ecb c\u00e1c b\u1ec7nh ngo\u00e0i da<\/p>\n<h3><img decoding=\"async\" class=\"wp-image-23818 aligncenter\" src=\"https:\/\/havamall.com\/wp-content\/uploads\/2025\/06\/DSC_0-267x300.png\" alt=\"\" width=\"662\" height=\"743\" \/><\/h3>\n<h3><strong>C\u00f4ng d\u1ee5ng c\u1ee7a l\u00e1 cari:<\/strong><\/h3>\n<h5><strong><em><span style=\"font-family: Arial;font-size: small\">1.\u00a0\u0110\u1ea9y nhanh qu\u00e1 tr\u00ecnh m\u1ecdc t\u00f3c.\u00a0<\/span><\/em><\/strong><\/h5>\n<p><span style=\"font-family: Arial;font-size: small\">U\u1ed1ng tr\u00e0 l\u00e1 cari gi\u00fap gi\u1eef m\u00e0u t\u00f3c t\u1ef1 nhi\u00ean r\u1ea5t t\u1ed1t. Ngo\u00e0i ra, m\u00e1i t\u00f3c s\u1ebd ng\u00e0y c\u00e0ng tr\u1edf n\u00ean b\u1ed3ng b\u1ec1nh h\u01a1n do kh\u1ea3 n\u0103ng kh\u00f4i ph\u1ee5c t\u00f3c h\u01b0 t\u1ed5n, tr\u1ecb g\u00e0u h\u1eefu hi\u1ec7u. N\u1ebfu b\u1ea1n s\u1edf h\u1eefu m\u00e1i t\u00f3c m\u1ecfng th\u00ec h\u00e3y u\u1ed1ng tr\u00e0 cari th\u01b0\u1eddng xuy\u00ean b\u1edfi n\u00f3 c\u00f3 kh\u1ea3 n\u0103ng nu\u00f4i d\u01b0\u1ee1ng ch\u00e2n t\u00f3c ch\u1eafc kh\u1ecfe, \u0111\u1ea9y nhanh qu\u00e1 tr\u00ecnh m\u1ecdc t\u00f3c.<\/span><\/p>\n<h5><strong><em><span style=\"font-family: Arial;font-size: small\">2.\u00a0Duy tr\u00ec\u00a0\u0111\u01b0\u1eddng huy\u1ebft \u1ed5n \u0111\u1ecbnh<\/span><\/em><\/strong><b><\/b><\/h5>\n<p><span style=\"font-family: Arial;font-size: small\">C\u00e1c nh\u00e0 khoa h\u1ecdc\u00a0\u0111\u00e3 ch\u1ec9 ra l\u00e1 cari\u00a0c\u00f3 gi\u00fap\u00a0gi\u1ea3m l\u01b0\u1ee3ng \u0111\u01b0\u1eddng trong m\u00e1u\u00a0do ch\u1ee9a h\u00e0m l\u01b0\u1ee3ng ch\u1ea5t x\u01a1 l\u1edbn. C\u00f3 th\u1ec3 s\u1eed d\u1ee5ng nh\u01b0 gia v\u1ecb trong c\u00e1c m\u00f3n \u0103n h\u00e0ng ng\u00e0y ho\u1eb7c d\u00f9ng \u0103n tr\u1ef1c ti\u1ebfp khi \u0111\u00f3i.<\/span><\/p>\n<p><img loading=\"lazy\" decoding=\"async\" class=\"wp-image-23819 aligncenter\" src=\"https:\/\/havamall.com\/wp-content\/uploads\/2025\/06\/Fried-300x289.png\" alt=\"\" width=\"669\" height=\"645\" \/><\/p>\n<h5><strong><em><span style=\"font-family: Arial;font-size: small\">3.\u00a0C\u1ea3i thi\u1ec7n h\u1ec7 ti\u00eau h\u00f3a<\/span><\/em><\/strong><\/h5>\n<p><span style=\"font-family: Arial;font-size: small\">U\u1ed1ng tr\u00e0 pha t\u1eeb l\u00e1 cari h\u00e0ng ng\u00e0y c\u00f3 hi\u1ec7u qu\u1ea3 c\u1ea3i thi\u1ec7n kh\u00f4ng ch\u1ec9 h\u1ec7 ti\u00eau h\u00f3a m\u00e0 c\u00f2n h\u1ec7 b\u00e0i ti\u1ebft. V\u00ec v\u1eady, nh\u1eefng ng\u01b0\u1eddi m\u1eafc c\u00e1c b\u1ec7nh l\u00fd li\u00ean quan \u0111\u1ebfn ti\u00eau h\u00f3a s\u1ebd kh\u00f4ng th\u1ec3 b\u1ecf qua b\u00e0i thu\u1ed1c v\u1eeba \u0111\u01a1n gi\u1ea3n l\u1ea1i mang l\u1ea1i nhi\u1ec1u c\u00f4ng d\u1ee5ng t\u1ed1t n\u00e0y.<\/span><\/p>\n<h5><strong><em><span style=\"font-family: Arial;font-size: small\">4. Ng\u0103n\u00a0ng\u1eeba nhi\u1ec5m tr\u00f9ng da<\/span><\/em><\/strong><b><\/b><\/h5>\n<p><span style=\"font-family: Arial;font-size: small\">B\u00ean c\u1ea1nh kh\u1ea3 n\u0103ng ch\u1ed1ng oxy h\u00f3a,\u00a0<i>l\u00e1 cari<\/i>\u00a0c\u00f2n \u0111\u01b0\u1ee3c bi\u1ebft \u0111\u1ebfn v\u1edbi \u0111\u1eb7c t\u00ednh kh\u00e1ng n\u1ea5m v\u00e0 kh\u00e1ng khu\u1ea9n. N\u1ebfu b\u1ea1n \u0111ang b\u1ecb nhi\u1ec5m tr\u00f9ng da v\u1edbi c\u00e1c tri\u1ec7u ch\u1ee9ng nh\u01b0 m\u1ee5n vi\u00eam hay m\u1ee5n tr\u1ee9ng c\u00e1 th\u00ec tr\u00e0 l\u00e1 c\u00e0 ri c\u00f3 th\u1ec3 mang l\u1ea1i \u0111i\u1ec1u k\u1ef3 di\u1ec7u x\u00f3a tan n\u1ed7i lo c\u1ee7a b\u1ea1n \u0111\u00f3.<\/span><\/p>\n<p><img loading=\"lazy\" decoding=\"async\" class=\"wp-image-23822 aligncenter\" src=\"https:\/\/havamall.com\/wp-content\/uploads\/2025\/06\/close-up-dried-cu-1-300x200.png\" alt=\"\" width=\"668\" height=\"446\" \/><\/p>\n<h5><strong><em><span style=\"font-family: Arial;font-size: small\">5.\u00a0Gi\u1ea3m cholesterol<\/span><\/em><\/strong><b><\/b><\/h5>\n<p><span style=\"font-family: Arial;font-size: small\">M\u1ed9t trong nh\u1eefng c\u00f4ng d\u1ee5ng tuy\u1ec7t v\u1eddi n\u1eefa ch\u00ednh l\u00e0 gi\u00fap gi\u1ea3m l\u01b0\u1ee3ng cholesterol trong c\u01a1 th\u1ec3 gi\u00fap ph\u00f2ng tr\u00e1nh\u00a0c\u00e1c b\u1ec7nh tim m\u1ea1ch. Nh\u1edb s\u1eed d\u1ee5ng tr\u00e0 l\u00e1 cari th\u01b0\u1eddng xuy\u00ean cho m\u1ed9t c\u01a1 th\u1ec3 kh\u1ecfe m\u1ea1nh nh\u00e9.<\/span><\/p>\n<h5><strong><em><span style=\"font-family: Arial;font-size: small\">6.\u00a0T\u1ed1t cho m\u1eaft<\/span><\/em><\/strong><b><\/b><\/h5>\n<p><span style=\"font-family: Arial;font-size: small\">Tr\u00e0 cari c\u00f3 th\u1ec3 ch\u1ed1ng m\u1ecfi, kh\u00f4 m\u1eaft, \u0111\u1eb7c bi\u1ec7t v\u1edbi nh\u1eefng ai b\u1ecb c\u1eadn th\u1ecb do trong\u00a0l\u00e1 cari\u00a0ch\u1ee9a nhi\u1ec1u lo\u1ea1i\u00a0vitamin t\u1ed5ng h\u1ee3p\u00a0nh\u01b0 vitamin A.<\/span><\/p>\n<h5><strong><em><span style=\"font-family: Arial;font-size: small\">7.\u00a0Ch\u1eefa ti\u00eau ch\u1ea3y<\/span><\/em><\/strong><b><\/b><\/h5>\n<p><span style=\"font-family: Arial;font-size: small\">L\u00e1 cari c\u00f3 ch\u1ee9a carbazole alkaloid- lo\u1ea1i ch\u1ea5t c\u00f3 kh\u1ea3 n\u0103ng ch\u1ed1ng l\u1ea1i c\u00e1c k\u00edch th\u00edch v\u00e0 vi khu\u1ea9n b\u00ean ngo\u00e0i. N\u1ebfu mu\u1ed1n b\u1ec7nh ti\u00eau ch\u1ea3y thuy\u00ean gi\u1ea3m, h\u00e3y ng\u00e2m m\u1ed9t \u00edt l\u00e1 cari v\u00e0o c\u1ed1c nh\u1ecf d\u00f9ng u\u1ed1ng 2-3 l\u1ea7n trong ng\u00e0y \u0111\u1ec3 h\u1ea1n ch\u1ebf \u0111i ngo\u00e0i.<\/span><\/p>","protected":false},"excerpt":{"rendered":"<p>C\u00e0 ri l\u00e0 m\u1ed9t lo\u1ea1i gia v\u1ecb quan tr\u1ecdng kh\u00f4ng th\u1ec3 thi\u1ebfu trong c\u00e1c m\u00f3n \u0103n c\u1ee7a ng\u01b0\u1eddi \u1ea4n \u0110\u1ed9.L\u00e1<\/p>","protected":false},"featured_media":39674,"comment_status":"open","ping_status":"closed","template":"","meta":[],"product_brand":[],"product_cat":[595,36,134],"product_tag":[],"class_list":{"0":"post-23824","1":"product","2":"type-product","3":"status-publish","4":"has-post-thumbnail","6":"product_cat-gia-vi-va-che-bien","7":"product_cat-thuc-pham-tieu-dung","8":"product_cat-thucpham-saykho","9":"pa_brand-skx","11":"first","12":"instock","13":"sale","14":"shipping-taxable","15":"purchasable","16":"product-type-simple"},"_links":{"self":[{"href":"https:\/\/havamall.vn\/en\/wp-json\/wp\/v2\/product\/23824"}],"collection":[{"href":"https:\/\/havamall.vn\/en\/wp-json\/wp\/v2\/product"}],"about":[{"href":"https:\/\/havamall.vn\/en\/wp-json\/wp\/v2\/types\/product"}],"replies":[{"embeddable":true,"href":"https:\/\/havamall.vn\/en\/wp-json\/wp\/v2\/comments?post=23824"}],"version-history":[{"count":0,"href":"https:\/\/havamall.vn\/en\/wp-json\/wp\/v2\/product\/23824\/revisions"}],"wp:featuredmedia":[{"embeddable":true,"href":"https:\/\/havamall.vn\/en\/wp-json\/wp\/v2\/media\/39674"}],"wp:attachment":[{"href":"https:\/\/havamall.vn\/en\/wp-json\/wp\/v2\/media?parent=23824"}],"wp:term":[{"taxonomy":"product_brand","embeddable":true,"href":"https:\/\/havamall.vn\/en\/wp-json\/wp\/v2\/product_brand?post=23824"},{"taxonomy":"product_cat","embeddable":true,"href":"https:\/\/havamall.vn\/en\/wp-json\/wp\/v2\/product_cat?post=23824"},{"taxonomy":"product_tag","embeddable":true,"href":"https:\/\/havamall.vn\/en\/wp-json\/wp\/v2\/product_tag?post=23824"}],"curies":[{"name":"wp","href":"https:\/\/api.w.org\/{rel}","templated":true}]}}