{"id":23774,"date":"2021-11-19T17:04:54","date_gmt":"2021-11-19T10:04:54","guid":{"rendered":"https:\/\/havamall.vn\/?post_type=product&#038;p=23774"},"modified":"2026-04-10T13:46:40","modified_gmt":"2026-04-10T06:46:40","slug":"pho-mai-kem-heritage-226g-cream-cheese","status":"publish","type":"product","link":"https:\/\/havamall.vn\/en\/shop\/pho-mai-kem-heritage-226g-cream-cheese\/","title":{"rendered":"Ph\u00f4 Mai Kem Heritage 226g &#8211; Cream Cheese"},"content":{"rendered":"<h3><strong>TH\u00d4NG TIN S\u1ea2N PH\u1ea8M<\/strong><\/h3>\n<table>\n<tbody>\n<tr>\n<td>Th\u01b0\u01a1ng hi\u1ec7u<\/td>\n<td><span lang=\"DE\">Heritage <\/span><\/td>\n<\/tr>\n<tr>\n<td>Xu\u1ea5t x\u1ee9<\/td>\n<td>M\u1ef9<\/td>\n<\/tr>\n<tr>\n<td>Th\u00e0nh ph\u1ea7n<\/td>\n<td>S\u1eefa thanh tr\u00f9ng v\u00e0 kem (95% &#8211; 98%), men phomat, mu\u1ed1i,&#8230;<\/td>\n<\/tr>\n<tr>\n<td>H\u1ea1n s\u1eed d\u1ee5ng<\/td>\n<td>12 th\u00e1ng k\u1ec3 t\u1eeb ng\u00e0y s\u1ea3n xu\u1ea5t.<\/td>\n<\/tr>\n<tr>\n<td>B\u1ea3o qu\u1ea3n<\/td>\n<td>B\u1ea3o qu\u1ea3n \u1edf nhi\u1ec7t \u0111\u1ed9 0 &#8211; 4 \u0111\u1ed9 C<\/td>\n<\/tr>\n<tr>\n<td>Kh\u1ed1i l\u01b0\u1ee3ng<\/td>\n<td>226g<\/td>\n<\/tr>\n<\/tbody>\n<\/table>\n<p><span lang=\"DE\">Ph\u00f4 mai kem Heritage l\u00e0 d\u00f2ng s\u1ea3n ph\u1ea9m c\u1ee7a th\u01b0\u01a1ng hi\u1ec7u n\u1ed5i ti\u1ebfng h\u00e0ng \u0111\u1ea7u c\u1ee7a M\u1ef9 &#8211; Schreiber, ra \u0111\u1eddi v\u00e0o n\u0103m 1945. Heritage l\u00e0 d\u00f2ng ph\u00f4 mai t\u01b0\u01a1i t\u1ef1 nhi\u00ean c\u00f3 m\u00e0u tr\u1eafng, ch\u1ea5t kem m\u1ec1m m\u1ecbn, c\u00f3 v\u1ecb chua m\u1eb7n d\u1ecbu \u0111\u1eb7c tr\u01b0ng n\u00ean nh\u1eefng m\u00f3n \u0103n s\u1eed d\u1ee5ng Cream Cheese tuy b\u00e9o nh\u01b0ng kh\u00f4ng h\u1ec1 ng\u1eady.<\/span><\/p>\n<p><span lang=\"DE\">S\u1ea3n ph\u1ea9m th\u01b0\u1eddng \u0111\u01b0\u1ee3c d\u00f9ng l\u00e0m c\u00e1c m\u00f3n b\u00e1nh tr\u00e1ng mi\u1ec7ng cheese cake, b\u00e1nh b\u00f4ng lan ph\u00f4 mai hay dung trong c\u00e1c lo\u1ea1i pha ch\u1ebf smoothie tr\u00e1i c\u00e2y \u0111\u1ec3 t\u0103ng \u0111\u1ed9 th\u01a1m ngon. Ngo\u00e0i ra, ph\u00f4 mai kem Heritage c\u00f2n c\u00f3 th\u1ec3 d\u00f9ng tr\u1ef1c ti\u1ebfp v\u1edbi b\u00e1nh m\u00ec, b\u00e1nh cracker cho b\u1eefa s\u00e1ng dinh d\u01b0\u1ee1ng.<\/span><\/p>\n<p><img fetchpriority=\"high\" decoding=\"async\" class=\"wp-image-23776 aligncenter\" src=\"https:\/\/havamall.com\/wp-content\/uploads\/2026\/04\/thumb-300x300.png\" alt=\"\" width=\"740\" height=\"740\" \/><\/p>\n<p><span lang=\"DE\">Ph\u00f4 mai kem Heritage<\/span> t\u1eeb kh\u00e2u l\u1ef1a ch\u1ecdn nguy\u00ean li\u1ec7u t\u1edbi kh\u00e2u ch\u1ebf bi\u1ebfn, \u0111\u00f3ng g\u00f3i di\u1ec5n ra tr\u00ean d\u00e2y chuy\u1ec1n kh\u00e9p k\u00edn theo c\u00f4ng th\u1ee9c ri\u00eang bi\u1ec7t, \u0111\u1ea3m b\u1ea3o mang t\u1edbi ng\u01b0\u1eddi ti\u00eau d\u00f9ng s\u1ea3n ph\u1ea9m \u0111\u1ea1t ch\u1ea5t l\u01b0\u1ee3ng cao.\u00a0Ph\u00f4 mai kem l\u00e0 nguy\u00ean li\u1ec7u c\u01a1 b\u1ea3n c\u1ee7a r\u1ea5t r\u1ea5t nhi\u1ec1u m\u00f3n tr\u00e1ng mi\u1ec7ng nh\u01b0 cheesecake, cheese souffle\u2026 Ngo\u00e0i ra c\u00f3 th\u1ec3 d\u00f9ng l\u00e0m kem trang tr\u00ed b\u00e1nh, \u0103n k\u00e8m v\u1edbi b\u00e1nh m\u00ec. Nh\u1edd v\u1ecb chua m\u1eb7n d\u1ecbu \u0111\u1eb7c tr\u01b0ng m\u00e0 c\u00e1c m\u00f3n c\u00f3 ph\u00f4 mai kem tuy ng\u1eady b\u00e9o nh\u01b0ng l\u1ea1i kh\u00f4ng h\u1ec1 ng\u1ea5y.<\/p>\n<p><img decoding=\"async\" class=\"wp-image-23777 aligncenter\" src=\"https:\/\/havamall.com\/wp-content\/uploads\/2026\/04\/206375_3-300x132.png\" alt=\"\" width=\"747\" height=\"328\" \/><\/p>\n<p>Cream cheese l\u00e0 m\u1ed9t lo\u1ea1i ph\u00f4 mai m\u00e0 ng\u01b0\u1eddi Vi\u1ec7t Nam hay g\u1ecdi t\u00ean ti\u1ebfng Vi\u1ec7t l\u00e0 kem ph\u00f4 mai ho\u1eb7c ph\u00f4 mai kem. <span lang=\"DE\">Ph\u00f4 mai kem Heritage<\/span> c\u00f3 th\u1ec3 \u0103n tr\u1ef1c ti\u1ebfp v\u1edbi b\u00e1nh m\u00ec, b\u00e1nh cracker, l\u00e0m cho m\u00f3n tr\u00e1ng mi\u1ec7ng th\u00eam h\u1ea5p d\u1eabn, k\u1ebft h\u1ee3p v\u1edbi c\u00e1c lo\u1ea1i tr\u00e1i c\u00e2y \u0111\u1ea7y m\u00e0u s\u1eafc nh\u01b0 d\u00e2u, qu\u1ea3 vi\u1ec7t qu\u1ea5t, qu\u1ea3 m\u00e2m x\u00f4i hay qu\u1ea3 Kiwi.<\/p>\n<p><img decoding=\"async\" class=\"wp-image-28236 aligncenter\" src=\"https:\/\/havamall.com\/wp-content\/uploads\/2026\/04\/detail_3-300x192.jpg\" alt=\"\" width=\"750\" height=\"480\" \/><\/p>\n<p><span lang=\"DE\">Ph\u00f4 mai kem Heritage<\/span> c\u00f2n \u0111\u01b0\u1ee3c d\u00f9ng nh\u01b0 m\u1ed9t nguy\u00ean li\u1ec7u trong c\u00e1c c\u00f4ng th\u1ee9c n\u1ea5u \u0103n, gi\u00fap m\u00f3n \u0103n ngon h\u01a1n, c\u00f3 \u0111\u1ed9 b\u00e9o ng\u1eady v\u1eeba ph\u1ea3i r\u1ea5t h\u1ea5p d\u1eabn nh\u01b0 m\u00f3n th\u1ecbt x\u00f4ng kh\u00f3i x\u1ed1t Cream Cheese v\u00e0 m\u1ef3 \u1ed1ng, Cream Cheese v\u00e0 g\u00e0 nh\u1ed3i c\u00e0 chua kh\u00f4, Cream Cheese tr\u1ed9n th\u1ea3o m\u1ed9c \u0103n c\u00f9ng l\u00ea t\u01b0\u01a1i\u2026<\/p>\n<p>\u0110\u00e2y l\u00e0 lo\u1ea1i ph\u00f4 mai t\u01b0\u01a1i, m\u00e0u tr\u1eafng, m\u1ec1m, c\u00f3 v\u1ecb chua m\u1eb7n d\u1ecbu \u0111\u1eb7c tr\u01b0ng n\u00ean nh\u1eefng m\u00f3n \u0103n s\u1eed d\u1ee5ng Cream Cheese tuy ng\u1eady b\u00e9o nh\u01b0ng kh\u00f4ng h\u1ec1 ng\u1ea5y.<\/p>\n<p><img loading=\"lazy\" decoding=\"async\" class=\"aligncenter\" src=\"https:\/\/havamall.com\/wp-content\/uploads\/2026\/04\/72d522ef-cf29-47e6-81cf-74c7486d24f5.jpg\" alt=\"Cream Cheese Frosting Recipe - BettyCrocker.com\" width=\"757\" height=\"426\" \/><\/p>\n<h3><strong>H\u01b0\u1edbng d\u1eabn s\u1eed d\u1ee5ng:<\/strong><\/h3>\n<p>&#8211; K\u1eb9p b\u00e1nh m\u00ec \u1ed1p tr\u1ee9ng.<\/p>\n<p>&#8211; Ph\u00f4 mai chi\u00ean gi\u00f2n.<\/p>\n<p>&#8211; L\u00e0m c\u00e1c lo\u1ea1i b\u00e1nh<\/p>\n<p>S\u1ea3n ph\u1ea9m hi\u1ec7n \u0111\u00e3 c\u00f3 m\u1eb7t t\u1ea1i Havamall.<\/p>","protected":false},"excerpt":{"rendered":"<p>TH\u00d4NG TIN S\u1ea2N PH\u1ea8M Th\u01b0\u01a1ng hi\u1ec7u Heritage Xu\u1ea5t x\u1ee9 M\u1ef9 Th\u00e0nh ph\u1ea7n S\u1eefa thanh tr\u00f9ng v\u00e0 kem (95% &#8211; 98%),<\/p>","protected":false},"featured_media":23775,"comment_status":"open","ping_status":"closed","template":"","meta":[],"product_brand":[],"product_cat":[669,36],"product_tag":[],"class_list":{"0":"post-23774","1":"product","2":"type-product","3":"status-publish","4":"has-post-thumbnail","6":"product_cat-nhap-khau-my","7":"product_cat-thuc-pham-tieu-dung","9":"first","10":"outofstock","11":"sale","12":"shipping-taxable","13":"purchasable","14":"product-type-simple"},"_links":{"self":[{"href":"https:\/\/havamall.vn\/en\/wp-json\/wp\/v2\/product\/23774"}],"collection":[{"href":"https:\/\/havamall.vn\/en\/wp-json\/wp\/v2\/product"}],"about":[{"href":"https:\/\/havamall.vn\/en\/wp-json\/wp\/v2\/types\/product"}],"replies":[{"embeddable":true,"href":"https:\/\/havamall.vn\/en\/wp-json\/wp\/v2\/comments?post=23774"}],"version-history":[{"count":0,"href":"https:\/\/havamall.vn\/en\/wp-json\/wp\/v2\/product\/23774\/revisions"}],"wp:featuredmedia":[{"embeddable":true,"href":"https:\/\/havamall.vn\/en\/wp-json\/wp\/v2\/media\/23775"}],"wp:attachment":[{"href":"https:\/\/havamall.vn\/en\/wp-json\/wp\/v2\/media?parent=23774"}],"wp:term":[{"taxonomy":"product_brand","embeddable":true,"href":"https:\/\/havamall.vn\/en\/wp-json\/wp\/v2\/product_brand?post=23774"},{"taxonomy":"product_cat","embeddable":true,"href":"https:\/\/havamall.vn\/en\/wp-json\/wp\/v2\/product_cat?post=23774"},{"taxonomy":"product_tag","embeddable":true,"href":"https:\/\/havamall.vn\/en\/wp-json\/wp\/v2\/product_tag?post=23774"}],"curies":[{"name":"wp","href":"https:\/\/api.w.org\/{rel}","templated":true}]}}