{"id":23755,"date":"2021-11-19T14:48:15","date_gmt":"2021-11-19T07:48:15","guid":{"rendered":"https:\/\/havamall.vn\/?post_type=product&#038;p=23755"},"modified":"2022-01-27T16:28:14","modified_gmt":"2022-01-27T09:28:14","slug":"vang-sua-elle-vire-vi-vani-loc-4-hu-100g-vanilla-flavour","status":"publish","type":"product","link":"https:\/\/havamall.vn\/en\/shop\/vang-sua-elle-vire-vi-vani-loc-4-hu-100g-vanilla-flavour\/","title":{"rendered":"V\u00e1ng S\u1eefa Elle &amp; Vire V\u1ecb Vani L\u1ed1c 4 H\u1ee7 100g &#8211; Vanilla Flavour"},"content":{"rendered":"<p>V\u00e1ng s\u1eefa Elle Vire c\u00f3 h\u01b0\u01a1ng v\u1ecb th\u01a1m ngon v\u00e0 \u0111\u1ea7y s\u1ee9c l\u00f4i cu\u1ed1n. B\u1ea1n s\u1ebd c\u1ea3m nh\u1eadn \u0111\u01b0\u1ee3c \u0111\u1ed9 m\u1ec1m, h\u01b0\u01a1ng socolb\u00e9o th\u01a1m c\u00f9ng v\u1ecb ng\u1ecdt \u0111\u1eb7c tr\u01b0ng c\u1ee7a kem cao c\u1ea5p. S\u1ea3n ph\u1ea9m l\u00e0 m\u00f3n \u0103n nh\u1eb9 hay m\u00f3n tr\u00e1ng mi\u1ec7ng l\u00fd t\u01b0\u1edfng sau m\u1ed7i b\u1eefa \u0103n.<\/p>\n<p>V\u00e1ng s\u1eefa Elle &amp; Vire 100g c\u00f3 h\u01b0\u01a1ng v\u1ecb th\u01a1m ngon, \u0111\u1ea7y \u0111\u1ee7 dinh d\u01b0\u1ee1ng v\u00e0 c\u00e1c vi ch\u1ea5t c\u1ea7n thi\u1ebft. \u0110\u01b0\u1ee3c s\u1ea3n xu\u1ea5t t\u1eeb ngu\u1ed3n s\u1eefa \u0111\u01b0\u1ee3c tuy\u1ec3n ch\u1ecdn k\u1ef9 c\u00e0ng, k\u1ebft h\u1ee3p v\u1edbi th\u00e0nh ph\u1ea7n v\u00e0 nguy\u00ean li\u1ec7u ho\u00e0n to\u00e0n t\u1ef1 nhi\u00ean\u2026<\/p>\n<p><img fetchpriority=\"high\" decoding=\"async\" class=\"wp-image-23757 aligncenter\" src=\"https:\/\/havamall.vn\/wp-content\/uploads\/2021\/11\/37013513_-300x300.png\" alt=\"\" width=\"737\" height=\"738\" srcset=\"https:\/\/havamall.vn\/wp-content\/uploads\/2021\/11\/37013513_-300x300.png 300w, https:\/\/havamall.vn\/wp-content\/uploads\/2021\/11\/37013513_-430x430.png 430w, https:\/\/havamall.vn\/wp-content\/uploads\/2021\/11\/37013513_-150x150.png 150w, https:\/\/havamall.vn\/wp-content\/uploads\/2021\/11\/37013513_-700x700.png 700w, https:\/\/havamall.vn\/wp-content\/uploads\/2021\/11\/37013513_-768x768.png 768w, https:\/\/havamall.vn\/wp-content\/uploads\/2021\/11\/37013513_-1024x1024.png 1024w, https:\/\/havamall.vn\/wp-content\/uploads\/2021\/11\/37013513_-1200x1200.png 1200w, https:\/\/havamall.vn\/wp-content\/uploads\/2021\/11\/37013513_-600x600.png 600w, https:\/\/havamall.vn\/wp-content\/uploads\/2021\/11\/37013513_-100x100.png 100w, https:\/\/havamall.vn\/wp-content\/uploads\/2021\/11\/37013513_.png 2030w\" sizes=\"(max-width: 737px) 100vw, 737px\" \/><\/p>\n<p>L\u1ed1c 4 V\u00e1ng S\u1eefa Elle &amp; Vire Vanilla 100G c\u00f3 v\u1ecb b\u00e9o, th\u01a1m m\u00e1t r\u1ea5t th\u00edch h\u1ee3p v\u1edbi kh\u1ea9u v\u1ecb c\u1ee7a tr\u1ebb em c\u0169ng nh\u01b0 ng\u01b0\u1eddi l\u1edbn v\u00e0 ho\u00e0n ho\u00e0n kh\u00f4ng ch\u1ee9a ch\u1ea5t b\u1ea3o qu\u1ea3n. S\u1ea3n ph\u1ea9m \u0111\u01b0\u1ee3c s\u1ea3n xu\u1ea5t v\u1edbi ti\u00eau ch\u00ed \u0111\u1ea3m b\u1ea3o v\u1ec7 sinh an to\u00e0n th\u1ef1c ph\u1ea9m, theo \u0111\u00fang y\u00eau c\u1ea7u c\u1ee7a nh\u00e0 cung c\u1ea5p, \u0111\u1ea3m b\u1ea3o ch\u1ea5t l\u01b0\u1ee3ng theo ti\u00eau chu\u1ea9n kh\u1eaft khe c\u1ee7a Ch\u00e2u \u00c2u.<\/p>\n<p><img decoding=\"async\" class=\"wp-image-23758 aligncenter\" src=\"https:\/\/havamall.vn\/wp-content\/uploads\/2021\/11\/161632553-300x300.png\" alt=\"\" width=\"742\" height=\"742\" srcset=\"https:\/\/havamall.vn\/wp-content\/uploads\/2021\/11\/161632553-300x300.png 300w, https:\/\/havamall.vn\/wp-content\/uploads\/2021\/11\/161632553-430x430.png 430w, https:\/\/havamall.vn\/wp-content\/uploads\/2021\/11\/161632553-150x150.png 150w, https:\/\/havamall.vn\/wp-content\/uploads\/2021\/11\/161632553-700x700.png 700w, https:\/\/havamall.vn\/wp-content\/uploads\/2021\/11\/161632553-768x768.png 768w, https:\/\/havamall.vn\/wp-content\/uploads\/2021\/11\/161632553-1024x1024.png 1024w, https:\/\/havamall.vn\/wp-content\/uploads\/2021\/11\/161632553.png 1200w, https:\/\/havamall.vn\/wp-content\/uploads\/2021\/11\/161632553-600x600.png 600w, https:\/\/havamall.vn\/wp-content\/uploads\/2021\/11\/161632553-100x100.png 100w\" sizes=\"(max-width: 742px) 100vw, 742px\" \/><\/p>\n<p>L\u1ed1c 4 V\u00e1ng S\u1eefa Elle &amp; Vire Vanilla 100G \u0111em \u0111\u1ebfn ngu\u1ed3n dinh d\u01b0\u1ee1ng v\u01b0\u1ee3t tr\u1ed9i v\u1edbi th\u00e0nh ph\u1ea7n 90% s\u1eefa nguy\u00ean ch\u1ea5t t\u1eeb ngu\u1ed3n s\u1eefa ch\u1ea5t l\u01b0\u1ee3ng cao. S\u1ea3n ph\u1ea9m gi\u00e0u ch\u1ea5t b\u00e9o t\u1ed1t, cung c\u1ea5p n\u0103ng l\u01b0\u1ee3ng cao, c\u00f3 th\u1ec3 s\u1eed d\u1ee5ng nh\u01b0 b\u1eefa \u0103n ph\u1ee5 cho b\u00e9 t\u1eeb 6 th\u00e1ng tu\u1ed5i tr\u1edf l\u00ean. \u0110\u1eb7c bi\u1ec7t, s\u1ea3n ph\u1ea9m th\u00edch h\u1ee3p cho h\u1ec7 ti\u00eau h\u00f3a c\u00f2n non n\u1edbt c\u1ee7a b\u00e9. Protein \u0111\u01b0\u1ee3c x\u1eed l\u00ed c\u1eaft nh\u1ecf cho b\u00e9 d\u1ec5 ti\u00eau h\u00f3a, kh\u00f4ng \u0111\u1ea7y b\u1ee5ng.<\/p>\n<h3><strong><img decoding=\"async\" class=\"wp-image-23750 aligncenter\" src=\"https:\/\/havamall.vn\/wp-content\/uploads\/2021\/11\/234333930_1466-300x300.png\" alt=\"\" width=\"745\" height=\"745\" srcset=\"https:\/\/havamall.vn\/wp-content\/uploads\/2021\/11\/234333930_1466-300x300.png 300w, https:\/\/havamall.vn\/wp-content\/uploads\/2021\/11\/234333930_1466-430x430.png 430w, https:\/\/havamall.vn\/wp-content\/uploads\/2021\/11\/234333930_1466-150x150.png 150w, https:\/\/havamall.vn\/wp-content\/uploads\/2021\/11\/234333930_1466-700x700.png 700w, https:\/\/havamall.vn\/wp-content\/uploads\/2021\/11\/234333930_1466-768x768.png 768w, https:\/\/havamall.vn\/wp-content\/uploads\/2021\/11\/234333930_1466-1024x1024.png 1024w, https:\/\/havamall.vn\/wp-content\/uploads\/2021\/11\/234333930_1466.png 1200w, https:\/\/havamall.vn\/wp-content\/uploads\/2021\/11\/234333930_1466-600x600.png 600w, https:\/\/havamall.vn\/wp-content\/uploads\/2021\/11\/234333930_1466-100x100.png 100w\" sizes=\"(max-width: 745px) 100vw, 745px\" \/><\/strong><\/h3>\n<h3><strong>C\u00f4ng d\u1ee5ng c\u1ee7a s\u1ea3n ph\u1ea9m:<\/strong><\/h3>\n<p>\u2013 B\u1ed5 sung n\u0103ng l\u01b0\u1ee3ng v\u00e0 ch\u1ea5t dinh d\u01b0\u1ee1ng cho tr\u1ebb bi\u1ebfng \u0103n v\u00e0 suy dinh d\u01b0\u1ee1ng, ng\u01b0\u1eddi ch\u01a1i th\u1ec3 d\u1ee5c th\u1ec3 thao<\/p>\n<p>\u2013 Cung c\u1ea5p c\u00e1c lo\u1ea1i vitamin thi\u1ebft y\u1ebfu th\u00fac \u0111\u1ea9y qu\u00e1 tr\u00ecnh s\u1ea3n sinh t\u1ebf b\u00e0o, l\u00e0m \u0111\u1eb9p da cho ph\u1ee5 n\u1eef.<\/p>\n<p>\u2013 B\u1ed5 sung vi ch\u1ea5t cho ng\u01b0\u1eddi ch\u01a1i th\u1ec3 thao v\u00e0 ng\u01b0\u1eddi m\u1edbi \u1ed1m d\u1eady, t\u0103ng c\u01b0\u1eddng s\u1ee9c \u0111\u1ec1 kh\u00e1ng, n\u00e2ng cao kh\u1ea3 n\u0103ng mi\u1ec5n d\u1ecbch.<\/p>\n<p><img loading=\"lazy\" decoding=\"async\" class=\"wp-image-23759 aligncenter\" src=\"https:\/\/havamall.vn\/wp-content\/uploads\/2021\/11\/pastry-cream--300x225.png\" alt=\"\" width=\"743\" height=\"557\" srcset=\"https:\/\/havamall.vn\/wp-content\/uploads\/2021\/11\/pastry-cream--300x225.png 300w, https:\/\/havamall.vn\/wp-content\/uploads\/2021\/11\/pastry-cream--430x323.png 430w, https:\/\/havamall.vn\/wp-content\/uploads\/2021\/11\/pastry-cream--150x113.png 150w, https:\/\/havamall.vn\/wp-content\/uploads\/2021\/11\/pastry-cream--700x525.png 700w, https:\/\/havamall.vn\/wp-content\/uploads\/2021\/11\/pastry-cream--768x576.png 768w, https:\/\/havamall.vn\/wp-content\/uploads\/2021\/11\/pastry-cream--1024x768.png 1024w, https:\/\/havamall.vn\/wp-content\/uploads\/2021\/11\/pastry-cream--1200x900.png 1200w, https:\/\/havamall.vn\/wp-content\/uploads\/2021\/11\/pastry-cream--600x450.png 600w\" sizes=\"(max-width: 743px) 100vw, 743px\" \/><\/p>\n<h3><strong>H\u01b0\u1edbng d\u1eabn s\u1eed d\u1ee5ng:<\/strong><\/h3>\n<p>\u2013 L\u1ed1c 4 V\u00e1ng S\u1eefa Elle &amp; Vire Vanilla 100G c\u00f3 th\u1ec3 s\u1eed d\u1ee5ng nh\u01b0 th\u1ef1c ph\u1ea9m b\u1ed5 sung, d\u00f9ng nh\u01b0 b\u1eefa \u0103n ph\u1ee5 cho b\u00e9, \u0111\u1eb7c bi\u1ec7t ph\u00f9 h\u1ee3p trong giai \u0111o\u1ea1n b\u00e9 b\u1eaft \u0111\u1ea7u \u0103n d\u1eb7m.<\/p>\n<p>\u2013 V\u1edbi h\u00e0m l\u01b0\u1ee3ng ch\u1ea5t b\u00e9o cao, L\u1ed1c 4 V\u00e1ng S\u1eefa Elle &amp; Vire Vanilla 100G l\u00e0 l\u1ef1a ch\u1ecdn t\u1ed1i \u01b0u cho c\u00e1c b\u00e9 tr\u00ean 6 th\u00e1ng tu\u1ed5i, nh\u1ea5t l\u00e0 c\u00e1c b\u00e9 nh\u1eb9 c\u00e2n, m\u1edbi \u1ed1m d\u1eady, c\u1ea7n nhi\u1ec1u n\u0103ng l\u01b0\u1ee3ng.<\/p>\n<p><img loading=\"lazy\" decoding=\"async\" class=\"wp-image-23760 aligncenter\" src=\"https:\/\/havamall.vn\/wp-content\/uploads\/2021\/11\/exps33266-300x300.png\" alt=\"\" width=\"747\" height=\"747\" srcset=\"https:\/\/havamall.vn\/wp-content\/uploads\/2021\/11\/exps33266-300x300.png 300w, https:\/\/havamall.vn\/wp-content\/uploads\/2021\/11\/exps33266-430x430.png 430w, https:\/\/havamall.vn\/wp-content\/uploads\/2021\/11\/exps33266-150x150.png 150w, https:\/\/havamall.vn\/wp-content\/uploads\/2021\/11\/exps33266-700x700.png 700w, https:\/\/havamall.vn\/wp-content\/uploads\/2021\/11\/exps33266-768x768.png 768w, https:\/\/havamall.vn\/wp-content\/uploads\/2021\/11\/exps33266-1024x1024.png 1024w, https:\/\/havamall.vn\/wp-content\/uploads\/2021\/11\/exps33266.png 1200w, https:\/\/havamall.vn\/wp-content\/uploads\/2021\/11\/exps33266-600x600.png 600w, https:\/\/havamall.vn\/wp-content\/uploads\/2021\/11\/exps33266-100x100.png 100w\" sizes=\"(max-width: 747px) 100vw, 747px\" \/><\/p>\n<p>\u2013 Nh\u1eefng tr\u1ebb c\u1ea7n \u00fd ki\u1ebfn chuy\u00ean gia khi d\u00f9ng bao g\u1ed3m: tr\u1ebb b\u00e9o ph\u00ec, tr\u1ebb d\u01b0\u1edbi 6 th\u00e1ng tu\u1ed5i, tr\u1ebb \u0111ang ti\u00eau ch\u1ea3y, d\u1ecb \u1ee9ng s\u1eefa b\u00f2, t\u00f9y theo m\u1ee9c \u0111\u1ed9 dung n\u1ea1p c\u1ee7a tr\u1ebb, tr\u1ebb t\u1eeb 6 th\u00e1ng \u2013 1 tu\u1ed5i, c\u00f3 th\u1ec3 s\u1eed d\u1ee5ng 1\/2-1 h\u1ed9p m\u1ed7i ng\u00e0y, tr\u1ebb t\u1eeb 1 tu\u1ed5i tr\u1edf l\u00ean d\u00f9ng 1-2 h\u1ed9p\/ng\u00e0y.<\/p>\n<p>\u2013 D\u00f9ng h\u1ebft s\u1ea3n ph\u1ea9m sau khi m\u1edf h\u1ed9p v\u00e0 n\u00ean d\u00f9ng d\u01b0\u1edbi s\u1ef1 gi\u00e1m s\u00e1t c\u1ee7a ng\u01b0\u1eddi l\u1edbn.<\/p>\n<p>\u2013 Kh\u00f4ng d\u00f9ng s\u1ea3n ph\u1ea9m c\u00f3 bao b\u00ec h\u01b0 h\u1ecfng. Kh\u00f4ng d\u00f9ng cho ng\u01b0\u1eddi d\u1ecb \u1ee9ng v\u1edbi c\u00e1c th\u00e0nh ph\u1ea7n c\u1ee7a s\u1ea3n ph\u1ea9m.<\/p>\n<p>S\u1ea3n ph\u1ea9m hi\u1ec7n \u0111\u00e3 c\u00f3 m\u1eb7t t\u1ea1i Havamall.<\/p>","protected":false},"excerpt":{"rendered":"<p>V\u00e1ng s\u1eefa Elle Vire c\u00f3 h\u01b0\u01a1ng v\u1ecb th\u01a1m ngon v\u00e0 \u0111\u1ea7y s\u1ee9c l\u00f4i cu\u1ed1n. B\u1ea1n s\u1ebd c\u1ea3m nh\u1eadn \u0111\u01b0\u1ee3c \u0111\u1ed9<\/p>","protected":false},"featured_media":23756,"comment_status":"open","ping_status":"closed","template":"","meta":[],"product_brand":[],"product_cat":[36],"product_tag":[],"class_list":{"0":"post-23755","1":"product","2":"type-product","3":"status-publish","4":"has-post-thumbnail","6":"product_cat-thuc-pham-tieu-dung","8":"first","9":"outofstock","10":"sale","11":"shipping-taxable","12":"purchasable","13":"product-type-simple"},"_links":{"self":[{"href":"https:\/\/havamall.vn\/en\/wp-json\/wp\/v2\/product\/23755"}],"collection":[{"href":"https:\/\/havamall.vn\/en\/wp-json\/wp\/v2\/product"}],"about":[{"href":"https:\/\/havamall.vn\/en\/wp-json\/wp\/v2\/types\/product"}],"replies":[{"embeddable":true,"href":"https:\/\/havamall.vn\/en\/wp-json\/wp\/v2\/comments?post=23755"}],"version-history":[{"count":0,"href":"https:\/\/havamall.vn\/en\/wp-json\/wp\/v2\/product\/23755\/revisions"}],"wp:featuredmedia":[{"embeddable":true,"href":"https:\/\/havamall.vn\/en\/wp-json\/wp\/v2\/media\/23756"}],"wp:attachment":[{"href":"https:\/\/havamall.vn\/en\/wp-json\/wp\/v2\/media?parent=23755"}],"wp:term":[{"taxonomy":"product_brand","embeddable":true,"href":"https:\/\/havamall.vn\/en\/wp-json\/wp\/v2\/product_brand?post=23755"},{"taxonomy":"product_cat","embeddable":true,"href":"https:\/\/havamall.vn\/en\/wp-json\/wp\/v2\/product_cat?post=23755"},{"taxonomy":"product_tag","embeddable":true,"href":"https:\/\/havamall.vn\/en\/wp-json\/wp\/v2\/product_tag?post=23755"}],"curies":[{"name":"wp","href":"https:\/\/api.w.org\/{rel}","templated":true}]}}