{"id":23740,"date":"2021-11-19T11:55:03","date_gmt":"2021-11-19T04:55:03","guid":{"rendered":"https:\/\/havamall.vn\/?post_type=product&#038;p=23740"},"modified":"2023-03-24T16:47:49","modified_gmt":"2023-03-24T09:47:49","slug":"sua-chua-hy-lap-elle-vire-len-men-125g","status":"publish","type":"product","link":"https:\/\/havamall.vn\/en\/shop\/sua-chua-hy-lap-elle-vire-len-men-125g\/","title":{"rendered":"S\u1eefa Chua Hy L\u1ea1p Elle &amp; Vire L\u00ean Men L\u1ed1c 4 H\u1ee7 125g &#8211; Greek Yogurt"},"content":{"rendered":"<h3><strong>TH\u00d4NG TIN S\u1ea2N PH\u1ea8M<\/strong><\/h3>\n<table>\n<tbody>\n<tr>\n<td>Th\u01b0\u01a1ng hi\u1ec7u<\/td>\n<td>Elle &amp; Vire<\/td>\n<\/tr>\n<tr>\n<td>Xu\u1ea5t x\u1ee9<\/td>\n<td>Ph\u00e1p<\/td>\n<\/tr>\n<tr>\n<td>Th\u00e0nh ph\u1ea7n<\/td>\n<td>S\u1eefa b\u00f2 \u0111\u00e3 x\u1eed l\u00ed l\u00ean men b\u1eb1ng nhi\u1ec7t, s\u1eefa, protein s\u1eefa, kem t\u01b0 s\u1eefa b\u00f2, ch\u1ea5t l\u00e0m d\u00e0y,&#8230;<\/td>\n<\/tr>\n<tr>\n<td>H\u1ea1n s\u1eed d\u1ee5ng<\/td>\n<td>8 th\u00e1ng k\u1ec3 t\u1eeb ng\u00e0y s\u1ea3n xu\u1ea5t.<\/td>\n<\/tr>\n<tr>\n<td>B\u1ea3o qu\u1ea3n<\/td>\n<td>B\u1ea3o qu\u1ea3n \u1edf nhi\u1ec7t \u0111\u1ed9 2 \u2013 8 \u0111\u1ed9 C<\/td>\n<\/tr>\n<tr>\n<td>Kh\u1ed1i l\u01b0\u1ee3ng<\/td>\n<td>125gx4 h\u1ed9p<\/td>\n<\/tr>\n<\/tbody>\n<\/table>\n<p>S\u1eefa Chua Nguy\u00ean Ch\u1ea5t Elle &amp; Vire Ki\u1ec3u Hy L\u1ea1p nh\u1eadp kh\u1ea9u t\u1eeb Ph\u00e1p \u0111\u01b0\u1ee3c l\u00ean men theo c\u00f4ng th\u1ee9c \u0111\u1eb7c bi\u1ec7t,\u00a0 mang l\u1ea1i h\u01b0\u01a1ng v\u1ecb \u0111\u1eb7c tr\u01b0ng c\u1ee7a s\u1eefa chua Hy L\u1ea1p. S\u1ea3n ph\u1ea9m \u0111\u01b0\u1ee3c s\u1ea3n xu\u1ea5t theo c\u00f4ng ngh\u1ec7 hi\u1ec7n \u0111\u1ea1i, kh\u00e9p k\u00edn. D\u01b0\u1edbi s\u1ef1 gi\u00e1m s\u00e1t ch\u1eb7t ch\u1ebd c\u1ee7a c\u00e1c chuy\u00ean gia v\u1ec1 c\u00f4ng ngh\u1ec7 th\u1ef1c ph\u1ea9m b\u1ea1n ho\u00e0n to\u00e0n y\u00ean t\u00e2m v\u1ec1 ch\u1ea5t l\u01b0\u1ee3ng c\u1ee7a nh\u1eefng h\u1ed9p s\u1eefa chua Elle &amp; Vire.\\<\/p>\n<p><img fetchpriority=\"high\" decoding=\"async\" class=\"wp-image-23742 aligncenter\" src=\"https:\/\/havamall.vn\/wp-content\/uploads\/2021\/11\/186511947-300x300.png\" alt=\"\" width=\"663\" height=\"663\" srcset=\"https:\/\/havamall.vn\/wp-content\/uploads\/2021\/11\/186511947-300x300.png 300w, https:\/\/havamall.vn\/wp-content\/uploads\/2021\/11\/186511947-430x430.png 430w, https:\/\/havamall.vn\/wp-content\/uploads\/2021\/11\/186511947-150x150.png 150w, https:\/\/havamall.vn\/wp-content\/uploads\/2021\/11\/186511947-700x700.png 700w, https:\/\/havamall.vn\/wp-content\/uploads\/2021\/11\/186511947-768x768.png 768w, https:\/\/havamall.vn\/wp-content\/uploads\/2021\/11\/186511947-1024x1024.png 1024w, https:\/\/havamall.vn\/wp-content\/uploads\/2021\/11\/186511947.png 1200w, https:\/\/havamall.vn\/wp-content\/uploads\/2021\/11\/186511947-600x600.png 600w, https:\/\/havamall.vn\/wp-content\/uploads\/2021\/11\/186511947-100x100.png 100w\" sizes=\"(max-width: 663px) 100vw, 663px\" \/><\/p>\n<p>S\u1ea3n ph\u1ea9m cung c\u1ea5p Protein cho ng\u00e0y d\u00e0i n\u0103ng \u0111\u1ed9ng. \u0110\u1ed3ng th\u1eddi ch\u1ee9a nhi\u1ec1u vi khu\u1ea9n c\u00f3 l\u1ee3i cho \u0111\u01b0\u1eddng ru\u1ed9t nh\u1edd qu\u00e1 tr\u00ecnh l\u00ean men. S\u1ea3n ph\u1ea9m th\u00edch h\u1ee3p l\u00e0m b\u1eefa s\u00e1ng ho\u1eb7c tr\u00e1ng mi\u1ec7ng cho c\u1ea3 gia \u0111\u00ecnh, \u0111\u1eb7c bi\u1ec7t l\u00e0 tr\u1ebb nh\u1ecf. S\u1eed d\u1ee5ng S\u1eefa Chua Nguy\u00ean Ch\u1ea5t Elle &amp; Vire Ki\u1ec3u Hy L\u1ea1p th\u01b0\u1eddng xuy\u00ean gi\u00fap ch\u1ecb em ph\u1ee5 n\u1eef c\u00f3 l\u00e0n da \u0111\u1eb9p, m\u1ecbn m\u00e0ng, s\u1ea1ch m\u1ee5n, gi\u00fap gi\u1ea3m c\u00e2n, gi\u1eef d\u00e1ng<\/p>\n<p><img decoding=\"async\" class=\"wp-image-23743 aligncenter\" src=\"https:\/\/havamall.vn\/wp-content\/uploads\/2021\/11\/117986012-300x300.png\" alt=\"\" width=\"673\" height=\"672\" srcset=\"https:\/\/havamall.vn\/wp-content\/uploads\/2021\/11\/117986012-300x300.png 300w, https:\/\/havamall.vn\/wp-content\/uploads\/2021\/11\/117986012-430x430.png 430w, https:\/\/havamall.vn\/wp-content\/uploads\/2021\/11\/117986012-150x150.png 150w, https:\/\/havamall.vn\/wp-content\/uploads\/2021\/11\/117986012-700x700.png 700w, https:\/\/havamall.vn\/wp-content\/uploads\/2021\/11\/117986012-768x768.png 768w, https:\/\/havamall.vn\/wp-content\/uploads\/2021\/11\/117986012-1024x1024.png 1024w, https:\/\/havamall.vn\/wp-content\/uploads\/2021\/11\/117986012.png 1200w, https:\/\/havamall.vn\/wp-content\/uploads\/2021\/11\/117986012-600x600.png 600w, https:\/\/havamall.vn\/wp-content\/uploads\/2021\/11\/117986012-100x100.png 100w\" sizes=\"(max-width: 673px) 100vw, 673px\" \/><\/p>\n<p>S\u1ea3n ph\u1ea9m r\u1ea5t d\u1ec5 \u0103n, nh\u1ea5t l\u00e0 \u0111\u1ed1i v\u1edbi tr\u1ebb nh\u1ecf. Trong s\u1eefa chua ch\u1ee9a nhi\u1ec1u c\u00e1c l\u1ee3i khu\u1ea9n t\u1eeb qu\u00e1 tr\u00ecnh l\u00ean men. \u0110\u01b0\u1eddng lactose trong s\u1eefa \u0111\u01b0\u1ee3c chuy\u1ec3n th\u00e0nh axit lactic t\u1ea1o m\u00f4i tr\u01b0\u1eddng an to\u00e0n trong ru\u1ed9t, tr\u00e1nh \u0111\u01b0\u1ee3c t\u00ecnh tr\u1ea1ng r\u1ed1i lo\u1ea1n ti\u00eau h\u00f3a. Do \u0111\u00f3, n\u1ebfu tr\u1ebb \u0111\u01b0\u1ee3c \u0103n s\u1eefa chua h\u00e0ng ng\u00e0y c\u00f3 th\u1ec3 h\u1ea1n ch\u1ebf c\u00e1c vi khu\u1ea9n c\u00f3 h\u1ea1i g\u00e2y b\u1ec7nh \u0111\u01b0\u1eddng ru\u1ed9t gi\u00fap tr\u1ebb c\u00f3 m\u1ed9t h\u1ec7 ti\u00eau h\u00f3a kh\u1ecfe m\u1ea1nh, gi\u1ea3m thi\u1ec3u c\u00e1c b\u1ec7nh ch\u01b0\u1edbng b\u1ee5ng, \u0111\u1ea7y h\u01a1i, kh\u00f3 ti\u00eau\u2026<\/p>\n<p><img decoding=\"async\" class=\"wp-image-23744 aligncenter\" src=\"https:\/\/havamall.vn\/wp-content\/uploads\/2021\/11\/153506242_-300x300.png\" alt=\"\" width=\"680\" height=\"680\" srcset=\"https:\/\/havamall.vn\/wp-content\/uploads\/2021\/11\/153506242_-300x300.png 300w, https:\/\/havamall.vn\/wp-content\/uploads\/2021\/11\/153506242_-430x430.png 430w, https:\/\/havamall.vn\/wp-content\/uploads\/2021\/11\/153506242_-150x150.png 150w, https:\/\/havamall.vn\/wp-content\/uploads\/2021\/11\/153506242_-700x700.png 700w, https:\/\/havamall.vn\/wp-content\/uploads\/2021\/11\/153506242_-768x768.png 768w, https:\/\/havamall.vn\/wp-content\/uploads\/2021\/11\/153506242_-1024x1024.png 1024w, https:\/\/havamall.vn\/wp-content\/uploads\/2021\/11\/153506242_.png 1200w, https:\/\/havamall.vn\/wp-content\/uploads\/2021\/11\/153506242_-600x600.png 600w, https:\/\/havamall.vn\/wp-content\/uploads\/2021\/11\/153506242_-100x100.png 100w\" sizes=\"(max-width: 680px) 100vw, 680px\" \/><\/p>\n<p>S\u1eefa Chua Nguy\u00ean Ch\u1ea5t Elle &amp; Vire Ki\u1ec3u Hy L\u1ea1p \u0111\u01b0\u1ee3c s\u1ea3n xu\u1ea5t tr\u00ean d\u00e2y chuy\u1ec1n hi\u1ec7n \u0111\u1ea1i. M\u1ecdi kh\u00e2u t\u1eeb tuy\u1ec3n ch\u1ecdn nguy\u00ean li\u1ec7u t\u1edbi ch\u1ebf bi\u1ebfn, \u0111\u00f3ng h\u1ed9p \u0111\u1ec1u di\u1ec5n ra kh\u00e9p k\u00edn d\u01b0\u1edbi s\u1ef1 gi\u00e1m s\u00e1t v\u00e0 ki\u1ec3m tra nghi\u00eam ng\u1eb7t c\u1ee7a c\u00e1c chuy\u00ean gia v\u1ec1 c\u00f4ng ngh\u1ec7 th\u1ef1c ph\u1ea9m, kh\u00f4ng ch\u1ee9a h\u00f3a ch\u1ea5t, ch\u1ea5t b\u1ea3o qu\u1ea3n \u0111\u1ed9c h\u1ea1i, \u0111\u1ea3m b\u1ea3o an to\u00e0n cho s\u1ee9c kh\u1ecfe ng\u01b0\u1eddi ti\u00eau d\u00f9ng.<\/p>\n<p><img loading=\"lazy\" decoding=\"async\" class=\"wp-image-23745 aligncenter\" src=\"https:\/\/havamall.vn\/wp-content\/uploads\/2021\/11\/92690844_-300x300.png\" alt=\"\" width=\"686\" height=\"685\" srcset=\"https:\/\/havamall.vn\/wp-content\/uploads\/2021\/11\/92690844_-300x300.png 300w, https:\/\/havamall.vn\/wp-content\/uploads\/2021\/11\/92690844_-430x430.png 430w, https:\/\/havamall.vn\/wp-content\/uploads\/2021\/11\/92690844_-150x150.png 150w, https:\/\/havamall.vn\/wp-content\/uploads\/2021\/11\/92690844_-700x700.png 700w, https:\/\/havamall.vn\/wp-content\/uploads\/2021\/11\/92690844_-768x768.png 768w, https:\/\/havamall.vn\/wp-content\/uploads\/2021\/11\/92690844_-1024x1024.png 1024w, https:\/\/havamall.vn\/wp-content\/uploads\/2021\/11\/92690844_.png 1200w, https:\/\/havamall.vn\/wp-content\/uploads\/2021\/11\/92690844_-600x600.png 600w, https:\/\/havamall.vn\/wp-content\/uploads\/2021\/11\/92690844_-100x100.png 100w\" sizes=\"(max-width: 686px) 100vw, 686px\" \/><\/p>\n<h3><strong>C\u00f4ng d\u1ee5ng c\u1ee7a s\u1ea3n ph\u1ea9m:<\/strong><\/h3>\n<p>&gt; \u0102n s\u1eefa chua gi\u00fap b\u1ea1n kh\u00f4ng c\u1ea7n lo b\u1ecb t\u0103ng c\u00e2n khi s\u1eed d\u1ee5ng, th\u00edch h\u1ee3p v\u1edbi ng\u01b0\u1eddi \u0111ang \u0103n ki\u00eang.<\/p>\n<p>&gt; Trong s\u1eefa chua ch\u1ee9a nhi\u1ec1u c\u00e1c vi khu\u1ea9n c\u00f3 \u00edch t\u1eeb qu\u00e1 tr\u00ecnh l\u00ean men.<\/p>\n<p>&gt; S\u1ea3n ph\u1ea9m kh\u00f4ng ch\u1ee9a h\u00f3a ch\u1ea5t, ch\u1ea5t b\u1ea3o qu\u1ea3n \u0111\u1ed9c h\u1ea1i, \u0111\u1ea3m b\u1ea3o an to\u00e0n cho s\u1ee9c kh\u1ecfe ng\u01b0\u1eddi ti\u00eau d\u00f9ng.<\/p>\n<p>&gt; S\u1eed d\u1ee5ng s\u1eefa chua th\u01b0\u1eddng xuy\u00ean gi\u00fap ch\u1ecb em ph\u1ee5 n\u1eef c\u00f3 l\u00e0n da \u0111\u1eb9p, m\u1ecbn m\u00e0ng, s\u1ea1ch m\u1ee5n, gi\u00fap gi\u1ea3m c\u00e2n, gi\u1eef d\u00e1ng,<\/p>\n<p>&gt; S\u1eefa chua Elle &amp; Vire gi\u00fap tr\u1ebb em v\u00e0 ng\u01b0\u1eddi l\u1edbn h\u1ea1n ch\u1ebf c\u00e1c vi khu\u1ea9n c\u00f3 h\u1ea1i g\u00e2y b\u1ec7nh \u0111\u01b0\u1eddng ru\u1ed9t gi\u00fap tr\u1ebb c\u00f3 m\u1ed9t h\u1ec7 ti\u00eau h\u00f3a kh\u1ecfe m\u1ea1nh,gi\u1ea3m thi\u1ec3u c\u00e1c b\u1ec7nh ch\u01b0\u1edbng b\u1ee5ng, \u0111\u1ea7y h\u01a1i, kh\u00f3 ti\u00eau\u2026<\/p>\n<p>&gt; S\u1eefa chua Elle &amp; Vire l\u00e0 ch\u1ee9a nhi\u1ec1u c\u00e1c vi khu\u1ea9n c\u00f3 \u00edch t\u1eeb qu\u00e1 tr\u00ecnh l\u00ean men. \u0110\u01b0\u1eddng lactose trong s\u1eefa \u0111\u01b0\u1ee3c chuy\u1ec3n th\u00e0nh axit lactic t\u1ea1o m\u00f4i tr\u01b0\u1eddng an to\u00e0n trong ru\u1ed9t, tr\u00e1nh \u0111\u01b0\u1ee3c t\u00ecnh tr\u1ea1ng r\u1ed1i lo\u1ea1n ti\u00eau h\u00f3a.<\/p>\n<p><img loading=\"lazy\" decoding=\"async\" class=\"wp-image-23746 aligncenter\" src=\"https:\/\/havamall.vn\/wp-content\/uploads\/2021\/11\/53468130_-300x300.png\" alt=\"\" width=\"693\" height=\"693\" srcset=\"https:\/\/havamall.vn\/wp-content\/uploads\/2021\/11\/53468130_-300x300.png 300w, https:\/\/havamall.vn\/wp-content\/uploads\/2021\/11\/53468130_-430x430.png 430w, https:\/\/havamall.vn\/wp-content\/uploads\/2021\/11\/53468130_-150x150.png 150w, https:\/\/havamall.vn\/wp-content\/uploads\/2021\/11\/53468130_-700x700.png 700w, https:\/\/havamall.vn\/wp-content\/uploads\/2021\/11\/53468130_-768x768.png 768w, https:\/\/havamall.vn\/wp-content\/uploads\/2021\/11\/53468130_-1024x1024.png 1024w, https:\/\/havamall.vn\/wp-content\/uploads\/2021\/11\/53468130_.png 1200w, https:\/\/havamall.vn\/wp-content\/uploads\/2021\/11\/53468130_-600x600.png 600w, https:\/\/havamall.vn\/wp-content\/uploads\/2021\/11\/53468130_-100x100.png 100w\" sizes=\"(max-width: 693px) 100vw, 693px\" \/><\/p>","protected":false},"excerpt":{"rendered":"<p>TH\u00d4NG TIN S\u1ea2N PH\u1ea8M Th\u01b0\u01a1ng hi\u1ec7u Elle &amp; Vire Xu\u1ea5t x\u1ee9 Ph\u00e1p Th\u00e0nh ph\u1ea7n S\u1eefa b\u00f2 \u0111\u00e3 x\u1eed l\u00ed l\u00ean<\/p>","protected":false},"featured_media":23741,"comment_status":"open","ping_status":"closed","template":"","meta":[],"product_brand":[],"product_cat":[36],"product_tag":[],"class_list":{"0":"post-23740","1":"product","2":"type-product","3":"status-publish","4":"has-post-thumbnail","6":"product_cat-thuc-pham-tieu-dung","8":"first","9":"outofstock","10":"sale","11":"shipping-taxable","12":"purchasable","13":"product-type-simple"},"_links":{"self":[{"href":"https:\/\/havamall.vn\/en\/wp-json\/wp\/v2\/product\/23740"}],"collection":[{"href":"https:\/\/havamall.vn\/en\/wp-json\/wp\/v2\/product"}],"about":[{"href":"https:\/\/havamall.vn\/en\/wp-json\/wp\/v2\/types\/product"}],"replies":[{"embeddable":true,"href":"https:\/\/havamall.vn\/en\/wp-json\/wp\/v2\/comments?post=23740"}],"version-history":[{"count":0,"href":"https:\/\/havamall.vn\/en\/wp-json\/wp\/v2\/product\/23740\/revisions"}],"wp:featuredmedia":[{"embeddable":true,"href":"https:\/\/havamall.vn\/en\/wp-json\/wp\/v2\/media\/23741"}],"wp:attachment":[{"href":"https:\/\/havamall.vn\/en\/wp-json\/wp\/v2\/media?parent=23740"}],"wp:term":[{"taxonomy":"product_brand","embeddable":true,"href":"https:\/\/havamall.vn\/en\/wp-json\/wp\/v2\/product_brand?post=23740"},{"taxonomy":"product_cat","embeddable":true,"href":"https:\/\/havamall.vn\/en\/wp-json\/wp\/v2\/product_cat?post=23740"},{"taxonomy":"product_tag","embeddable":true,"href":"https:\/\/havamall.vn\/en\/wp-json\/wp\/v2\/product_tag?post=23740"}],"curies":[{"name":"wp","href":"https:\/\/api.w.org\/{rel}","templated":true}]}}