{"id":23731,"date":"2021-11-19T11:12:30","date_gmt":"2021-11-19T04:12:30","guid":{"rendered":"https:\/\/havamall.vn\/?post_type=product&#038;p=23731"},"modified":"2025-10-10T14:30:22","modified_gmt":"2025-10-10T07:30:22","slug":"bo-marquis-elle-vire-200g-80-beo","status":"publish","type":"product","link":"https:\/\/havamall.vn\/en\/shop\/bo-marquis-elle-vire-200g-80-beo\/","title":{"rendered":"B\u01a1 L\u1ea1t Marquis Elle &amp; Vire 200g 80% B\u00e9o"},"content":{"rendered":"<h3><strong>TH\u00d4NG TIN S\u1ea2N PH\u1ea8M<\/strong><\/h3>\n<table>\n<tbody>\n<tr>\n<td>Th\u01b0\u01a1ng hi\u1ec7u<\/td>\n<td>Elle &amp; Vire<\/td>\n<\/tr>\n<tr>\n<td>Xu\u1ea5t x\u1ee9 nguy\u00ean li\u1ec7u<\/td>\n<td>B\u1ec9<\/td>\n<\/tr>\n<tr>\n<td>Th\u00e0nh ph\u1ea7n<\/td>\n<td>Ch\u1ea5t b\u00e9o th\u1ef1c v\u1eadt, n\u01b0\u1edbc, b\u01a1,&#8230;<\/td>\n<\/tr>\n<tr>\n<td>H\u1ea1n s\u1eed d\u1ee5ng<\/td>\n<td>12 th\u00e1ng k\u1ec3 t\u1eeb ng\u00e0y s\u1ea3n xu\u1ea5t.<\/td>\n<\/tr>\n<tr>\n<td>B\u1ea3o qu\u1ea3n<\/td>\n<td>B\u1ea3o qu\u1ea3n \u1edf nhi\u1ec7t \u0111\u1ed9 2 \u2013 8 \u0111\u1ed9 C<\/td>\n<\/tr>\n<tr>\n<td>Kh\u1ed1i l\u01b0\u1ee3ng<\/td>\n<td>200g<\/td>\n<\/tr>\n<\/tbody>\n<\/table>\n<p>B\u01a1 l\u1ea1t Marquis Elle &amp; Vire 200g l\u00e0 m\u1ed9t trong nh\u1eefng s\u1ea3n ph\u1ea9m b\u01a1 n\u1ed5i ti\u1ebfng v\u00e0 \u0111\u01b0\u1ee3c r\u1ea5t nhi\u1ec1u kh\u00e1ch h\u00e0ng \u01b0a chu\u1ed9ng c\u1ee7a nh\u00e3n hi\u1ec7u Elle &amp; Vire v\u00ec h\u01b0\u01a1ng v\u1ecb \u0111\u1eb7c tr\u01b0ng chu\u1ea9n Ph\u00e1p, h\u1ea5p d\u1eabn c\u1ee7a n\u00f3.<\/p>\n<p>\u0110\u01b0\u1ee3c s\u1ea3n xu\u1ea5t tr\u00ean d\u00e2y chuy\u1ec1n hi\u1ec7n \u0111\u1ea1i, \u0111\u1ea3m b\u1ea3o an to\u00e0n v\u1ec7 sinh th\u1ef1c ph\u1ea9m c\u1ee7a m\u1ed9t th\u01b0\u01a1ng hi\u1ec7u n\u1ed5i ti\u1ebfng \u0111\u1ebfn t\u1eeb n\u01b0\u1edbc Ph\u00e1p, b\u01a1 l\u1ea1t Marquis Elle &amp; Vire 200g t\u1eeb l\u00e2u \u0111\u00e3 kh\u00f4ng c\u00f2n xa l\u1ea1 v\u1edbi ng\u01b0\u1eddi ti\u00eau d\u00f9ng Vi\u1ec7t v\u00e0 tr\u1edf th\u00e0nh l\u1ef1a ch\u1ecdn h\u00e0ng \u0111\u1ea7u \u0111\u1ed1i v\u1edbi nhi\u1ec1u m\u00f3n b\u00e1nh th\u01a1m ngon.<\/p>\n<p><img fetchpriority=\"high\" decoding=\"async\" class=\"wp-image-23737 aligncenter\" src=\"https:\/\/havamall.com\/wp-content\/uploads\/2025\/10\/651-300x300.png\" alt=\"\" width=\"681\" height=\"680\" \/><\/p>\n<p>Trong th\u00e0nh ph\u1ea9n c\u1ee7a b\u01a1 l\u1ea1t Marquis Elle &amp; Vire ch\u1ee9a nhi\u1ec1u \u0111\u1ea1m v\u00e0 Vitamin A v\u00e0 D v\u00e0 c\u00e1c ch\u1ea5t dinh d\u01b0\u1ee1ng thi\u1ebft y\u1ebfu cho c\u01a1 th\u1ec3, gi\u00fap c\u01b0\u1eddng canxi cho x\u01b0\u01a1ng ch\u1eafc kh\u1ecfe, h\u1ed7 tr\u1ee3 c\u00e1c b\u1ed9 ph\u1eadn c\u1ee7a c\u01a1 th\u1ec3 ho\u1ea1t \u0111\u1ed9ng t\u1ed1t h\u01a1n.<\/p>\n<p>B\u01a1 l\u1ea1t Marquis Elle &amp; Vire 80% b\u00e9o c\u00f3 nhi\u1ec1u ch\u1ea5t dinh d\u01b0\u1ee1ng c\u1ea7n thi\u1ebft cho c\u01a1 th\u1ec3. S\u1ea3n ph\u1ea9m cung c\u1ea5p protein \u0111\u1ec3 b\u1ed3i \u0111\u1eafp c\u01a1, h\u1ed7 tr\u1ee3 c\u00e1c b\u1ed9 ph\u1eadn ho\u1ea1t \u0111\u1ed9ng v\u00e0 t\u0103ng c\u01b0\u1eddng canxi cho x\u01b0\u01a1ng ch\u1eafc kh\u1ecfe. B\u01a1 l\u1ea1t Marquis Elle &amp; Vire 80% b\u00e9o l\u00e0 s\u1ea3n ph\u1ea9m \u0111\u1ebfn t\u1eeb Ph\u00e1p. B\u01a1 \u0111\u01b0\u1ee3c s\u1ea3n xu\u1ea5t theo c\u00f4ng th\u1ee9c \u0111\u1eb7c bi\u1ec7t mang l\u1ea1i h\u01b0\u01a1ng v\u1ecb \u0111\u1eb7c tr\u01b0ng th\u01a1m ng\u1eady c\u1ee7a s\u1ea3n ph\u1ea9m ch\u1ebf bi\u1ebfn t\u1eeb s\u1eefa. S\u1ea3n ph\u1ea9m r\u1ea5t d\u1ec5 \u0103n, ph\u00f9 h\u1ee3p v\u1edbi m\u1ecdi l\u1ee9a tu\u1ed5i.<\/p>\n<p><img decoding=\"async\" class=\"wp-image-23733 aligncenter\" src=\"https:\/\/havamall.com\/wp-content\/uploads\/2025\/10\/14067696_6577-300x300.png\" alt=\"\" width=\"665\" height=\"665\" \/><\/p>\n<p>B\u01a1 l\u1ea1t Marquis Elle &amp; Vire 80% b\u00e9o \u0111\u01b0\u1ee3c s\u1ea3n xu\u1ea5t theo c\u00f4ng ngh\u1ec7 hi\u1ec7n \u0111\u1ea1i. M\u1ecdi kh\u00e2u t\u1eeb tuy\u1ec3n ch\u1ecdn nguy\u00ean li\u1ec7u t\u1edbi ch\u1ebf bi\u1ebfn, \u0111\u00f3ng g\u00f3i \u0111\u1ec1u di\u1ec5n ra kh\u00e9p k\u00edn d\u01b0\u1edbi s\u1ef1 gi\u00e1m s\u00e1t v\u00e0 ki\u1ec3m tra nghi\u00eam ng\u1eb7t c\u1ee7a c\u00e1c chuy\u00ean gia v\u1ec1 c\u00f4ng ngh\u1ec7 th\u1ef1c ph\u1ea9m, kh\u00f4ng ch\u1ee9a h\u00f3a ch\u1ea5t, ch\u1ea5t b\u1ea3o qu\u1ea3n \u0111\u1ed9c h\u1ea1i, \u0111\u1ea3m b\u1ea3o an to\u00e0n cho s\u1ee9c kh\u1ecfe ng\u01b0\u1eddi ti\u00eau d\u00f9ng.<\/p>\n<p><img decoding=\"async\" class=\"wp-image-23734 aligncenter\" src=\"https:\/\/havamall.com\/wp-content\/uploads\/2025\/10\/141736728_-300x300.png\" alt=\"\" width=\"673\" height=\"674\" \/><\/p>\n<p>B\u01a1 c\u00f3 h\u01b0\u01a1ng v\u1ecb th\u01a1m ngon \u0111\u1eb7c tr\u01b0ng, v\u1ecb \u0111\u1eadm \u0111\u00e0 th\u01a1m h\u01a1n nh\u1eefng lo\u1ea1i b\u01a1 th\u00f4ng th\u01b0\u1eddng. Trong th\u00e0nh ph\u1ea7n c\u1ee7a b\u01a1 l\u1ea1t Marquis Elle &amp; Vire kh\u00f4ng ch\u1ee9a mu\u1ed1i, v\u00ec th\u1ebf kh\u00e1ch h\u00e0ng c\u00f3 th\u1ec3 s\u1eed d\u1ee5ng v\u1edbi nhi\u1ec1u m\u1ee5c \u0111\u00edch kh\u00e1c nhau: L\u00e0m b\u00e1nh m\u1eb7n, b\u00e1nh ng\u1ecdt n\u1ea5u \u0103n,&#8230; m\u00e0 kh\u00f4ng l\u00e0m \u1ea3nh h\u01b0\u1edfng \u0111\u1ebfn ch\u1ea5t l\u01b0\u1ee3ng, m\u00f9i v\u1ecb c\u1ee7a s\u1ea3n ph\u1ea9m. Ngo\u00e0i ra kh\u00e1ch h\u00e0ng c\u0169ng c\u00f3 th\u1ec3 d\u00f9ng tr\u1ef1c ti\u1ebfp v\u1edbi b\u00e1nh m\u00ecnh ho\u1eb7c m\u1ed9t v\u00e0i m\u00f3n kh\u00e1c n\u1ebfu mu\u1ed1n.<\/p>\n<p>S\u1ea3n ph\u1ea9m hi\u1ec7n \u0111\u00e3 c\u00f3 m\u1eb7t tai Havamall.<\/p>\n<p><img loading=\"lazy\" decoding=\"async\" class=\"wp-image-23739 aligncenter\" src=\"https:\/\/havamall.com\/wp-content\/uploads\/2025\/10\/12829343_-300x300.png\" alt=\"\" width=\"684\" height=\"684\" \/><\/p>","protected":false},"excerpt":{"rendered":"<p>TH\u00d4NG TIN S\u1ea2N PH\u1ea8M Th\u01b0\u01a1ng hi\u1ec7u Elle &amp; Vire Xu\u1ea5t x\u1ee9 nguy\u00ean li\u1ec7u B\u1ec9 Th\u00e0nh ph\u1ea7n Ch\u1ea5t b\u00e9o th\u1ef1c v\u1eadt,<\/p>","protected":false},"featured_media":23736,"comment_status":"open","ping_status":"closed","template":"","meta":[],"product_brand":[],"product_cat":[275,36],"product_tag":[],"class_list":{"0":"post-23731","1":"product","2":"type-product","3":"status-publish","4":"has-post-thumbnail","6":"product_cat-thuc-pham-dong-lanh","7":"product_cat-thuc-pham-tieu-dung","9":"first","10":"outofstock","11":"sale","12":"shipping-taxable","13":"purchasable","14":"product-type-simple"},"_links":{"self":[{"href":"https:\/\/havamall.vn\/en\/wp-json\/wp\/v2\/product\/23731"}],"collection":[{"href":"https:\/\/havamall.vn\/en\/wp-json\/wp\/v2\/product"}],"about":[{"href":"https:\/\/havamall.vn\/en\/wp-json\/wp\/v2\/types\/product"}],"replies":[{"embeddable":true,"href":"https:\/\/havamall.vn\/en\/wp-json\/wp\/v2\/comments?post=23731"}],"version-history":[{"count":0,"href":"https:\/\/havamall.vn\/en\/wp-json\/wp\/v2\/product\/23731\/revisions"}],"wp:featuredmedia":[{"embeddable":true,"href":"https:\/\/havamall.vn\/en\/wp-json\/wp\/v2\/media\/23736"}],"wp:attachment":[{"href":"https:\/\/havamall.vn\/en\/wp-json\/wp\/v2\/media?parent=23731"}],"wp:term":[{"taxonomy":"product_brand","embeddable":true,"href":"https:\/\/havamall.vn\/en\/wp-json\/wp\/v2\/product_brand?post=23731"},{"taxonomy":"product_cat","embeddable":true,"href":"https:\/\/havamall.vn\/en\/wp-json\/wp\/v2\/product_cat?post=23731"},{"taxonomy":"product_tag","embeddable":true,"href":"https:\/\/havamall.vn\/en\/wp-json\/wp\/v2\/product_tag?post=23731"}],"curies":[{"name":"wp","href":"https:\/\/api.w.org\/{rel}","templated":true}]}}