{"id":23723,"date":"2021-11-19T09:49:06","date_gmt":"2021-11-19T02:49:06","guid":{"rendered":"https:\/\/havamall.vn\/?post_type=product&#038;p=23723"},"modified":"2022-04-21T12:01:57","modified_gmt":"2022-04-21T05:01:57","slug":"kem-pho-mai-elle-vire-150g-cream-cheese","status":"publish","type":"product","link":"https:\/\/havamall.vn\/en\/shop\/kem-pho-mai-elle-vire-150g-cream-cheese\/","title":{"rendered":"Kem Ph\u00f4 Mai Elle &amp; Vire 150g &#8211; Cream Cheese"},"content":{"rendered":"<h3><strong>TH\u00d4NG TIN S\u1ea2N PH\u1ea8M<\/strong><\/h3>\n<table>\n<tbody>\n<tr>\n<td>Th\u01b0\u01a1ng hi\u1ec7u<\/td>\n<td>Elle &amp; Vire<\/td>\n<\/tr>\n<tr>\n<td>Xu\u1ea5t x\u1ee9<\/td>\n<td>Ph\u00e1p<\/td>\n<\/tr>\n<tr>\n<td>Th\u00e0nh ph\u1ea7n<\/td>\n<td>100% s\u1eefa b\u00f2 tuy\u1ec3n ch\u1ecdn, kh\u00f4ng ch\u1ea5t ph\u1ee5 gia, b\u1ea3o qu\u1ea3n.<\/td>\n<\/tr>\n<tr>\n<td>H\u1ea1n s\u1eed d\u1ee5ng<\/td>\n<td>14 th\u00e1ng k\u1ec3 t\u1eeb ng\u00e0y s\u1ea3n xu\u1ea5t.<\/td>\n<\/tr>\n<tr>\n<td>B\u1ea3o qu\u1ea3n<\/td>\n<td>B\u1ea3o qu\u1ea3n \u1edf ng\u0103n m\u00e1t t\u1ee7 l\u1ea1nh, nhi\u1ec7t \u0111\u1ed9 t\u1eeb 2 \u0111\u1ed9 C \u0111\u1ebfn 6 \u0111\u1ed9 C<\/td>\n<\/tr>\n<tr>\n<td>Kh\u1ed1i l\u01b0\u1ee3ng<\/td>\n<td>150g<\/td>\n<\/tr>\n<\/tbody>\n<\/table>\n<p id=\"tw-target-text\" class=\"tw-data-text tw-text-large tw-ta\" dir=\"ltr\"><span class=\"Y2IQFc\" lang=\"vi\">Elle &amp; Vire l\u00e0 m\u1ed9t th\u01b0\u01a1ng hi\u1ec7u kem, m\u00f3n tr\u00e1ng mi\u1ec7ng, b\u01a1 v\u00e0 s\u1eefa c\u1ee7a Ph\u00e1p \u0111\u01b0\u1ee3c th\u00e0nh l\u1eadp v\u00e0o n\u0103m 1945 t\u1ea1i Cond\u00e9-sur-Vire \u1edf Normandy, Ph\u00e1p. N\u00f3 \u0111\u01b0\u1ee3c bi\u1ebft \u0111\u1ebfn v\u1edbi ch\u1ea5t l\u01b0\u1ee3ng cao v\u00e0 s\u1ef1 kh\u00e9o l\u00e9o c\u1ee7a c\u00e1c s\u1ea3n ph\u1ea9m \u0111\u01b0\u1ee3c s\u1eed d\u1ee5ng b\u1edfi c\u00e1c \u0111\u1ea7u b\u1ebfp n\u1ed5i ti\u1ebfng nh\u1ea5t tr\u00ean th\u1ebf gi\u1edbi.<\/span><\/p>\n<p dir=\"ltr\"><img fetchpriority=\"high\" decoding=\"async\" class=\"wp-image-23724 aligncenter\" src=\"https:\/\/havamall.vn\/wp-content\/uploads\/2021\/11\/169134242_2-300x300.png\" alt=\"\" width=\"695\" height=\"695\" srcset=\"https:\/\/havamall.vn\/wp-content\/uploads\/2021\/11\/169134242_2-300x300.png 300w, https:\/\/havamall.vn\/wp-content\/uploads\/2021\/11\/169134242_2-430x430.png 430w, https:\/\/havamall.vn\/wp-content\/uploads\/2021\/11\/169134242_2-150x150.png 150w, https:\/\/havamall.vn\/wp-content\/uploads\/2021\/11\/169134242_2-700x700.png 700w, https:\/\/havamall.vn\/wp-content\/uploads\/2021\/11\/169134242_2-768x768.png 768w, https:\/\/havamall.vn\/wp-content\/uploads\/2021\/11\/169134242_2-1024x1024.png 1024w, https:\/\/havamall.vn\/wp-content\/uploads\/2021\/11\/169134242_2-1200x1200.png 1200w, https:\/\/havamall.vn\/wp-content\/uploads\/2021\/11\/169134242_2-600x600.png 600w, https:\/\/havamall.vn\/wp-content\/uploads\/2021\/11\/169134242_2-100x100.png 100w, https:\/\/havamall.vn\/wp-content\/uploads\/2021\/11\/169134242_2.png 2048w\" sizes=\"(max-width: 695px) 100vw, 695px\" \/><\/p>\n<p>Th\u01b0\u01a1ng hi\u1ec7u ph\u00f4 mai Elle &amp; Vire \u0111\u01b0\u1ee3c nhi\u1ec1u ng\u01b0\u1eddi y\u00eau th\u00edch b\u1edfi c\u00e1c lo\u1ea1i ph\u00f4 mai ngon v\u1edbi ph\u01b0\u01a1ng ph\u00e1p ch\u1ebf bi\u1ebfn truy\u1ec1n th\u1ed1ng t\u1eeb Ph\u00e1p.\u00a0Ph\u00f4 mai kem Elle &amp; Vire h\u00f4\u0323p 150g\u00a0\u0111\u01b0\u1ee3c s\u1ea3n xu\u1ea5t t\u1eeb ngu\u1ed3n s\u1eefa ch\u1ea5t l\u01b0\u1ee3ng c\u00f9ng c\u00f4ng th\u1ee9c \u0111\u1eb7c tr\u01b0ng l\u00e2u \u0111\u1eddi, t\u1ea1o n\u00ean h\u01b0\u01a1ng v\u1ecb th\u01a1m ngon, cung c\u1ea5p nhi\u1ec1u dinh d\u01b0\u1ee1ng cho c\u01a1 th\u1ec3.<\/p>\n<p><img decoding=\"async\" class=\"wp-image-23725 aligncenter\" src=\"https:\/\/havamall.vn\/wp-content\/uploads\/2021\/11\/19abea94-300x156.png\" alt=\"\" width=\"697\" height=\"363\" srcset=\"https:\/\/havamall.vn\/wp-content\/uploads\/2021\/11\/19abea94-300x156.png 300w, https:\/\/havamall.vn\/wp-content\/uploads\/2021\/11\/19abea94-430x223.png 430w, https:\/\/havamall.vn\/wp-content\/uploads\/2021\/11\/19abea94-150x78.png 150w, https:\/\/havamall.vn\/wp-content\/uploads\/2021\/11\/19abea94-700x364.png 700w, https:\/\/havamall.vn\/wp-content\/uploads\/2021\/11\/19abea94-768x399.png 768w, https:\/\/havamall.vn\/wp-content\/uploads\/2021\/11\/19abea94.png 1024w, https:\/\/havamall.vn\/wp-content\/uploads\/2021\/11\/19abea94-600x312.png 600w\" sizes=\"(max-width: 697px) 100vw, 697px\" \/><\/p>\n<p>Cream Cheese Elle &amp; Vire 150g c\u00f3 th\u1ec3 s\u1eed d\u1ee5ng n\u00f3 \u0111\u1ec3 l\u00e0m n\u01b0\u1edbc s\u1ed1t, quiches, mousses, v\u00e0 th\u1eadm ch\u00ed c\u1ea3 kem, d\u00f9ng \u0111\u1ec3 l\u00e0m b\u00e1nh cheesecake, cheese souffle, ngo\u00e0i ra c\u00f3 th\u1ec3 d\u00f9ng l\u00e0m kem trang tr\u00ed b\u00e1nh, \u0103n k\u00e8m v\u1edbi b\u00e1nh m\u00ec\u2026<\/p>\n<p>Cream Cheese Elle &amp; Vire 150g \u0111\u01b0\u1ee3c l\u00e0m t\u1eeb s\u1eefa b\u00f2, b\u1ea1n c\u00f3 th\u1ec3 s\u1eed d\u1ee5ng n\u00f3 trong t\u1ea5t c\u1ea3 c\u00e1c ch\u1ebf ph\u1ea9m \u1ea9m th\u1ef1c c\u1ee7a b\u1ea1n! N\u00f3ng hay l\u1ea1nh, n\u00f3 th\u00edch nghi v\u1edbi m\u1ecdi nhu c\u1ea7u c\u1ee7a b\u1ea1n. C\u00f4ng d\u1ee5ng ch\u00ednh c\u1ee7a Cream Cheese l\u00e0 nguy\u00ean li\u1ec7u cho nh\u1eefng chi\u1ebfc b\u00e1nh m\u00ec Ph\u00e1p c\u1ef1c ngon.<\/p>\n<p><img decoding=\"async\" class=\"wp-image-23726 aligncenter\" src=\"https:\/\/havamall.vn\/wp-content\/uploads\/2021\/11\/171303108-300x300.png\" alt=\"\" width=\"703\" height=\"702\" srcset=\"https:\/\/havamall.vn\/wp-content\/uploads\/2021\/11\/171303108-300x300.png 300w, https:\/\/havamall.vn\/wp-content\/uploads\/2021\/11\/171303108-430x430.png 430w, https:\/\/havamall.vn\/wp-content\/uploads\/2021\/11\/171303108-150x150.png 150w, https:\/\/havamall.vn\/wp-content\/uploads\/2021\/11\/171303108-700x700.png 700w, https:\/\/havamall.vn\/wp-content\/uploads\/2021\/11\/171303108-768x768.png 768w, https:\/\/havamall.vn\/wp-content\/uploads\/2021\/11\/171303108-1024x1024.png 1024w, https:\/\/havamall.vn\/wp-content\/uploads\/2021\/11\/171303108-1200x1200.png 1200w, https:\/\/havamall.vn\/wp-content\/uploads\/2021\/11\/171303108-600x600.png 600w, https:\/\/havamall.vn\/wp-content\/uploads\/2021\/11\/171303108-100x100.png 100w, https:\/\/havamall.vn\/wp-content\/uploads\/2021\/11\/171303108.png 2048w\" sizes=\"(max-width: 703px) 100vw, 703px\" \/><\/p>\n<h3><strong>\u0110\u1eb7c \u0111i\u1ec3m n\u1ed5i b\u1eadt c\u1ee7a s\u1ea3n ph\u1ea9m:<\/strong><\/h3>\n<p>&gt; \u0110\u01b0\u1ee3c s\u1ea3n xu\u1ea5t tr\u00ean d\u00e2y chuy\u1ec1n hi\u1ec7n \u0111\u1ea1i, \u0111\u1ea3m b\u1ea3o VSAT th\u1ef1c ph\u1ea9m S\u1ea3n ph\u1ea9m \u0111\u01b0\u1ee3c l\u00e0m t\u1eeb 100% s\u1eefa b\u00f2 tuy\u1ec3n ch\u1ecdn, kh\u00f4ng ph\u1ee5 gia, c\u00f3 h\u01b0\u01a1ng v\u1ecb chua nh\u1eb9, ng\u1eady th\u01a1m b\u1ea1n c\u00f3 th\u1ec3 s\u1eed d\u1ee5ng n\u00f3 trong t\u1ea5t c\u1ea3 c\u00e1c ch\u1ebf ph\u1ea9m \u1ea9m th\u1ef1c c\u1ee7a b\u1ea1n.<\/p>\n<p>&gt; S\u1ea3n ph\u1ea9m \u0111\u01b0\u1ee3c \u0111\u00f3ng g\u00f3i v\u1edbi bao b\u00ec \u0111\u1eb9p m\u1eaft nh\u01b0ng c\u0169ng kh\u00f4ng k\u00e9m ph\u1ea7n ch\u1eafc ch\u1eafn.<\/p>\n<p>&gt; V\u1edbi kh\u1ed1i l\u01b0\u1ee3ng 150gr ph\u00f9 h\u1ee3p cho \u0111\u1ec3 b\u1ea3o qu\u1ea3n c\u0169ng nh\u01b0 l\u00e0m b\u00e1nh h\u1ed9 gia \u0111\u00ecnh.<\/p>\n<h3><img loading=\"lazy\" decoding=\"async\" class=\"wp-image-23727 aligncenter\" src=\"https:\/\/havamall.vn\/wp-content\/uploads\/2021\/11\/240735163-300x240.png\" alt=\"\" width=\"715\" height=\"572\" srcset=\"https:\/\/havamall.vn\/wp-content\/uploads\/2021\/11\/240735163-300x240.png 300w, https:\/\/havamall.vn\/wp-content\/uploads\/2021\/11\/240735163-430x344.png 430w, https:\/\/havamall.vn\/wp-content\/uploads\/2021\/11\/240735163-150x120.png 150w, https:\/\/havamall.vn\/wp-content\/uploads\/2021\/11\/240735163-700x559.png 700w, https:\/\/havamall.vn\/wp-content\/uploads\/2021\/11\/240735163-768x614.png 768w, https:\/\/havamall.vn\/wp-content\/uploads\/2021\/11\/240735163-1024x818.png 1024w, https:\/\/havamall.vn\/wp-content\/uploads\/2021\/11\/240735163-1200x959.png 1200w, https:\/\/havamall.vn\/wp-content\/uploads\/2021\/11\/240735163-600x479.png 600w, https:\/\/havamall.vn\/wp-content\/uploads\/2021\/11\/240735163.png 1551w\" sizes=\"(max-width: 715px) 100vw, 715px\" \/><\/h3>\n<h3><strong>C\u00f4ng d\u1ee5ng c\u1ee7a s\u1ea3n ph\u1ea9m:<\/strong><\/h3>\n<p>&#8211; D\u00f9ng \u0111\u1ec3 l\u00e0m b\u00e1nh cheesecake, cheese souffle,.. ngo\u00e0i ra c\u00f3 th\u1ec3 d\u00f9ng l\u00e0m kem trang tr\u00ed b\u00e1nh, \u0103n k\u00e8m v\u1edbi b\u00e1nh m\u00ec\u2026<\/p>\n<p>&#8211; C\u00f4ng d\u1ee5ng ch\u00ednh c\u1ee7a Cream Cheese l\u00e0 nguy\u00ean li\u1ec7u cho nh\u1eefng chi\u1ebfc b\u00e1nh m\u00ec Ph\u00e1p c\u1ef1c ngon.<\/p>\n<p>&#8211; S\u1ea3n ph\u1ea9m gi\u00fap b\u1ea1n chu\u1ea9n b\u1ecb nh\u1eefng chi\u1ebfc b\u00e1nh ph\u00f4 mai n\u1ed5i ti\u1ebfng. V\u1edbi qu\u1ea3 m\u00e2m x\u00f4i, chanh ho\u1eb7c socola, b\u1ea1n c\u00f3 th\u1ec3 s\u1eed d\u1ee5ng Cream Cheese c\u1ee7a Elle&amp;Vire trong b\u1ea5t k\u1ef3 c\u00f4ng th\u1ee9c b\u00e1nh ph\u00f4 mai n\u00e0o.<\/p>\n<p>&#8211; K\u1ebft c\u1ea5u c\u1ee7a Cream Cheese Elle &amp; Vire v\u1eefng ch\u1eafc, cho ph\u00e9p h\u1ea5p th\u1ee5 tuy\u1ec7t v\u1eddi c\u00e1c ch\u1ea5t l\u1ecfng, ch\u1eb3ng h\u1ea1n nh\u01b0 kem ho\u1eb7c d\u1ea7u \u00f4 liu,&#8230; Do \u0111\u00f3 b\u1ea1n c\u00f3 th\u1ec3 s\u1eed d\u1ee5ng n\u00f3 \u0111\u1ec3 l\u00e0m n\u01b0\u1edbc s\u1ed1t, quiches, mousses, v\u00e0 th\u1eadm ch\u00ed c\u1ea3 kem.<\/p>\n<p>S\u1ea3n ph\u1ea9m hi\u1ec7n \u0111\u00e3 c\u00f3 m\u1eb7t t\u1ea1i Havamall.<\/p>\n<p><img loading=\"lazy\" decoding=\"async\" class=\"wp-image-23729 aligncenter\" src=\"https:\/\/havamall.vn\/wp-content\/uploads\/2021\/11\/170137885_13-300x300.png\" alt=\"\" width=\"698\" height=\"698\" srcset=\"https:\/\/havamall.vn\/wp-content\/uploads\/2021\/11\/170137885_13-300x300.png 300w, https:\/\/havamall.vn\/wp-content\/uploads\/2021\/11\/170137885_13-430x430.png 430w, https:\/\/havamall.vn\/wp-content\/uploads\/2021\/11\/170137885_13-150x150.png 150w, https:\/\/havamall.vn\/wp-content\/uploads\/2021\/11\/170137885_13-700x700.png 700w, https:\/\/havamall.vn\/wp-content\/uploads\/2021\/11\/170137885_13-768x768.png 768w, https:\/\/havamall.vn\/wp-content\/uploads\/2021\/11\/170137885_13-1024x1024.png 1024w, https:\/\/havamall.vn\/wp-content\/uploads\/2021\/11\/170137885_13.png 1200w, https:\/\/havamall.vn\/wp-content\/uploads\/2021\/11\/170137885_13-600x600.png 600w, https:\/\/havamall.vn\/wp-content\/uploads\/2021\/11\/170137885_13-100x100.png 100w\" sizes=\"(max-width: 698px) 100vw, 698px\" \/><\/p>","protected":false},"excerpt":{"rendered":"<p>TH\u00d4NG TIN S\u1ea2N PH\u1ea8M Th\u01b0\u01a1ng hi\u1ec7u Elle &amp; Vire Xu\u1ea5t x\u1ee9 Ph\u00e1p Th\u00e0nh ph\u1ea7n 100% s\u1eefa b\u00f2 tuy\u1ec3n ch\u1ecdn, kh\u00f4ng<\/p>","protected":false},"featured_media":23730,"comment_status":"open","ping_status":"closed","template":"","meta":[],"product_brand":[],"product_cat":[36],"product_tag":[],"class_list":{"0":"post-23723","1":"product","2":"type-product","3":"status-publish","4":"has-post-thumbnail","6":"product_cat-thuc-pham-tieu-dung","8":"first","9":"outofstock","10":"sale","11":"shipping-taxable","12":"purchasable","13":"product-type-simple"},"_links":{"self":[{"href":"https:\/\/havamall.vn\/en\/wp-json\/wp\/v2\/product\/23723"}],"collection":[{"href":"https:\/\/havamall.vn\/en\/wp-json\/wp\/v2\/product"}],"about":[{"href":"https:\/\/havamall.vn\/en\/wp-json\/wp\/v2\/types\/product"}],"replies":[{"embeddable":true,"href":"https:\/\/havamall.vn\/en\/wp-json\/wp\/v2\/comments?post=23723"}],"version-history":[{"count":0,"href":"https:\/\/havamall.vn\/en\/wp-json\/wp\/v2\/product\/23723\/revisions"}],"wp:featuredmedia":[{"embeddable":true,"href":"https:\/\/havamall.vn\/en\/wp-json\/wp\/v2\/media\/23730"}],"wp:attachment":[{"href":"https:\/\/havamall.vn\/en\/wp-json\/wp\/v2\/media?parent=23723"}],"wp:term":[{"taxonomy":"product_brand","embeddable":true,"href":"https:\/\/havamall.vn\/en\/wp-json\/wp\/v2\/product_brand?post=23723"},{"taxonomy":"product_cat","embeddable":true,"href":"https:\/\/havamall.vn\/en\/wp-json\/wp\/v2\/product_cat?post=23723"},{"taxonomy":"product_tag","embeddable":true,"href":"https:\/\/havamall.vn\/en\/wp-json\/wp\/v2\/product_tag?post=23723"}],"curies":[{"name":"wp","href":"https:\/\/api.w.org\/{rel}","templated":true}]}}