{"id":23695,"date":"2021-11-18T16:39:59","date_gmt":"2021-11-18T09:39:59","guid":{"rendered":"https:\/\/havamall.vn\/?post_type=product&#038;p=23695"},"modified":"2023-10-11T15:32:47","modified_gmt":"2023-10-11T08:32:47","slug":"pho-mai-ile-de-france-brie-au-bleu-125g-brie-au-bleu-cheese","status":"publish","type":"product","link":"https:\/\/havamall.vn\/en\/shop\/pho-mai-ile-de-france-brie-au-bleu-125g-brie-au-bleu-cheese\/","title":{"rendered":"Ph\u00f4 Mai Ile De France Brie Au Bleu 125g &#8211; Brie Au Bleu Cheese"},"content":{"rendered":"<h3><strong>TH\u00d4NG TIN S\u1ea2N PH\u1ea8M<\/strong><\/h3>\n<table>\n<tbody>\n<tr>\n<td>Th\u01b0\u01a1ng hi\u1ec7u<\/td>\n<td>Ile de France<\/td>\n<\/tr>\n<tr>\n<td>Xu\u1ea5t x\u1ee9<\/td>\n<td>Ph\u00e1p<\/td>\n<\/tr>\n<tr>\n<td>Th\u00e0nh ph\u1ea7n<\/td>\n<td>S\u1eefa ti\u1ec7t tr\u00f9ng, kem, mu\u1ed1i \u0103n, l\u1ee3i khu\u1ea9n Streptococcus thermophilus,men axit lactic, enzym,&#8230;<\/td>\n<\/tr>\n<tr>\n<td>H\u1ea1n s\u1eed d\u1ee5ng<\/td>\n<td>14 th\u00e1ng k\u1ec3 t\u1eeb ng\u00e0y s\u1ea3n xu\u1ea5t.<\/td>\n<\/tr>\n<tr>\n<td>B\u1ea3o qu\u1ea3n<\/td>\n<td>B\u1ea3o qu\u1ea3n \u1edf nhi\u1ec7t \u0111\u1ed9 2 &#8211; 8 \u0111\u1ed9 C<\/td>\n<\/tr>\n<tr>\n<td>Kh\u1ed1i l\u01b0\u1ee3ng<\/td>\n<td>125g<\/td>\n<\/tr>\n<\/tbody>\n<\/table>\n<p>Phomai Ile de France Brie 125g Nh\u1eadp kh\u1ea9u t\u1eeb Ph\u00e1p nh\u01b0 t\u1ea5t c\u1ea3 c\u00e1c lo\u1ea1i phomai kh\u00e1c c\u1ee7a Ile de France, b\u00ean ngo\u00e0i l\u00e0 l\u1edbp v\u1ecf m\u00e0u tr\u1eafng \u0111\u1eb7c bi\u1ec7t n\u00f3 l\u00e0 m\u1ed1c Penicillium m\u00e0u tr\u1eafng \u0103n \u0111\u01b0\u1ee3c r\u1ea5t m\u1ecbn v\u00e0 r\u1ea5t ngon, k\u1ebft c\u1ea5u ru\u1ed9t b\u00ean trong \u0111\u1eb7c bi\u1ec7t v\u00e0 h\u01b0\u01a1ng v\u1ecb th\u01a1m ngon c\u1ee7a Ile de France Brie. C\u00f3 h\u00ecnh tr\u00f2n d\u1eb9t, th\u01b0\u1eddng \u0111\u01b0\u1ee3c c\u1eaft th\u00e0nh c\u00e1c r\u1ebb qu\u1ea1t. Ph\u1ea7n ru\u1ed9t b\u00ean trong c\u1ee7a Brie c\u00f3 m\u00e0u v\u00e0ng t\u01b0\u01a1i nh\u01b0 kem custard, r\u1ea5t d\u1ebbo.<\/p>\n<p><img fetchpriority=\"high\" decoding=\"async\" class=\"wp-image-23697 aligncenter\" src=\"https:\/\/havamall.vn\/wp-content\/uploads\/2021\/11\/198244505_33-300x300.png\" alt=\"\" width=\"712\" height=\"712\" srcset=\"https:\/\/havamall.vn\/wp-content\/uploads\/2021\/11\/198244505_33-300x300.png 300w, https:\/\/havamall.vn\/wp-content\/uploads\/2021\/11\/198244505_33-430x430.png 430w, https:\/\/havamall.vn\/wp-content\/uploads\/2021\/11\/198244505_33-150x150.png 150w, https:\/\/havamall.vn\/wp-content\/uploads\/2021\/11\/198244505_33-700x700.png 700w, https:\/\/havamall.vn\/wp-content\/uploads\/2021\/11\/198244505_33-768x768.png 768w, https:\/\/havamall.vn\/wp-content\/uploads\/2021\/11\/198244505_33-1024x1024.png 1024w, https:\/\/havamall.vn\/wp-content\/uploads\/2021\/11\/198244505_33-600x600.png 600w, https:\/\/havamall.vn\/wp-content\/uploads\/2021\/11\/198244505_33-100x100.png 100w, https:\/\/havamall.vn\/wp-content\/uploads\/2021\/11\/198244505_33.png 1080w\" sizes=\"(max-width: 712px) 100vw, 712px\" \/><\/p>\n<p>Ile De France\u00a0\u0111\u01b0\u1ee3c nhi\u1ec1u ng\u01b0\u1eddi y\u00eau th\u00edch b\u1edfi c\u00e1c lo\u1ea1i\u00a0ph\u00f4 mai\u00a0ngon v\u1edbi ph\u01b0\u01a1ng ph\u00e1p ch\u1ebf bi\u1ebfn truy\u1ec1n th\u1ed1ng t\u1eeb Ph\u00e1p.\u00a0Ph\u00f4 mai Ile De France Brie Au Bleu h\u00f4\u0323p 125g \u0111\u01b0\u1ee3c\u00a0s\u1ea3n xu\u1ea5t t\u1eeb ngu\u1ed3n s\u1eefa ch\u1ea5t l\u01b0\u1ee3ng c\u00f9ng c\u00f4ng th\u1ee9c \u0111\u1eb7c tr\u01b0ng l\u00e2u \u0111\u1eddi. T\u1ea1o n\u00ean h\u01b0\u01a1ng v\u1ecb th\u01a1m ngon, cung c\u1ea5p nhi\u1ec1u ch\u1ea5t dinh d\u01b0\u1ee1ng cho c\u01a1 th\u1ec3.<\/p>\n<p>Ph\u00f4 mai Ile De France Brie Au Bleu 125g\u00a0\u0111\u01b0\u1ee3c l\u00e0m t\u1eeb\u00a0ngu\u1ed3n s\u1eefa \u0111\u01b0\u1ee3c tuy\u1ec3n ch\u1ecdn k\u1ef9 c\u00e0ng, k\u1ebft h\u1ee3p v\u1edbi th\u00e0nh ph\u1ea7n v\u00e0 nguy\u00ean li\u1ec7u ho\u00e0n to\u00e0n t\u1ef1 nhi\u00ean. S\u1ea3n ph\u1ea9m\u00a0\u0111em \u0111\u1ebfn cho ng\u01b0\u1eddi d\u00f9ng h\u01b0\u01a1ng v\u1ecb th\u01a1m ngon v\u00e0 \u0111\u1ea7y \u0111\u1ee7 ch\u1ea5t dinh d\u01b0\u1ee1ng, n\u0103ng l\u01b0\u1ee3ng c\u1ea7n thi\u1ebft cho m\u1ed9t ng\u00e0y l\u00e0m vi\u1ec7c, h\u1ecdc t\u1eadp n\u0103ng \u0111\u1ed9ng.<\/p>\n<p><img decoding=\"async\" class=\"wp-image-23698 aligncenter\" src=\"https:\/\/havamall.vn\/wp-content\/uploads\/2021\/11\/244519136_-300x300.png\" alt=\"\" width=\"706\" height=\"706\" srcset=\"https:\/\/havamall.vn\/wp-content\/uploads\/2021\/11\/244519136_-300x300.png 300w, https:\/\/havamall.vn\/wp-content\/uploads\/2021\/11\/244519136_-430x430.png 430w, https:\/\/havamall.vn\/wp-content\/uploads\/2021\/11\/244519136_-150x150.png 150w, https:\/\/havamall.vn\/wp-content\/uploads\/2021\/11\/244519136_-700x700.png 700w, https:\/\/havamall.vn\/wp-content\/uploads\/2021\/11\/244519136_-768x768.png 768w, https:\/\/havamall.vn\/wp-content\/uploads\/2021\/11\/244519136_-1024x1024.png 1024w, https:\/\/havamall.vn\/wp-content\/uploads\/2021\/11\/244519136_-600x600.png 600w, https:\/\/havamall.vn\/wp-content\/uploads\/2021\/11\/244519136_-100x100.png 100w, https:\/\/havamall.vn\/wp-content\/uploads\/2021\/11\/244519136_.png 1081w\" sizes=\"(max-width: 706px) 100vw, 706px\" \/><\/p>\n<p>S\u1ea3n ph\u1ea9m \u0111\u00f3ng h\u1ed9p nh\u1ecf g\u1ecdn cho b\u1ea1n d\u1ec5 d\u00e0ng s\u1eed d\u1ee5ng v\u00e0 b\u1ea3o qu\u1ea3n.<i> <\/i>S\u1ea3n ph\u1ea9m gi\u1eef\u00a0h\u01b0\u01a1ng v\u1ecb ngon nh\u1ea5t khi \u0111\u01b0\u1ee3c ch\u1ebf bi\u1ebfn \u1edf nhi\u1ec7t \u0111\u1ed9 ph\u00f2ng. B\u1ecf kh\u1ecfi t\u1ee7\u00a0kho\u1ea3ng 45 ph\u00fat tr\u01b0\u1edbc khi ch\u1ebf bi\u1ebfn. N\u00ean \u0111\u1ec3\u00a0l\u1edbp v\u1ecf \u0111\u01b0\u1ee3c gi\u1eef nguy\u00ean v\u1eb9nc\u00f3 \u0111\u1ed9 m\u1ec1m v\u1eeba ph\u1ea3i, h\u01b0\u01a1ng b\u00e9o th\u01a1m c\u00f9ng v\u1ecb m\u1eb1n m\u1eb7n \u0111\u1eb7c tr\u01b0ng c\u1ee7a ph\u00f4 mai. S\u1ea3n ph\u1ea9m d\u1ec5 d\u00e0ng \u0103n tr\u1ef1c ti\u1ebfp, d\u00f9ng k\u00e8m v\u1edbi b\u00e1nh m\u00ec ho\u1eb7c ch\u1ebf bi\u1ebfn th\u00e0nh nhi\u1ec1u m\u00f3n \u0103n h\u1ea5p d\u1eabn.<\/p>\n<p><img decoding=\"async\" class=\"wp-image-23699 aligncenter\" src=\"https:\/\/havamall.vn\/wp-content\/uploads\/2021\/11\/96142794_134412-300x300.png\" alt=\"\" width=\"709\" height=\"709\" srcset=\"https:\/\/havamall.vn\/wp-content\/uploads\/2021\/11\/96142794_134412-300x300.png 300w, https:\/\/havamall.vn\/wp-content\/uploads\/2021\/11\/96142794_134412-430x430.png 430w, https:\/\/havamall.vn\/wp-content\/uploads\/2021\/11\/96142794_134412-150x150.png 150w, https:\/\/havamall.vn\/wp-content\/uploads\/2021\/11\/96142794_134412-700x700.png 700w, https:\/\/havamall.vn\/wp-content\/uploads\/2021\/11\/96142794_134412-768x768.png 768w, https:\/\/havamall.vn\/wp-content\/uploads\/2021\/11\/96142794_134412-600x600.png 600w, https:\/\/havamall.vn\/wp-content\/uploads\/2021\/11\/96142794_134412-100x100.png 100w, https:\/\/havamall.vn\/wp-content\/uploads\/2021\/11\/96142794_134412.png 960w\" sizes=\"(max-width: 709px) 100vw, 709px\" \/><\/p>\n<p>Ph\u00f4 Mai Ile De France Brie Au Bleu 125g\u00a0 ch\u1ee9a men vi sinh, r\u1ea5t c\u00f3 l\u1ee3i cho \u0111\u01b0\u1eddng ti\u00eau h\u00f3a, gi\u00fap b\u00e9 h\u1ea5p thu th\u1ee9c \u0103n t\u1ed1t h\u01a1n v\u00e0 c\u1ea3i thi\u1ec7n s\u1ee9c kh\u1ecfe. Protein l\u00e0 th\u00e0nh ph\u1ea7n ch\u00ednh c\u1ee7a t\u1ebf b\u00e0o c\u01a1 th\u1ec3 v\u00e0 ph\u00f4 mai l\u00e0 th\u1ef1c ph\u1ea9m cung c\u1ea5p l\u01b0\u1ee3ng protein \u0111\u00e1ng k\u1ec3, ch\u00fang mang l\u1ea1i c\u00e1c axit amin thi\u1ebft y\u1ebfu gi\u00fap x\u00e2y d\u1ef1ng t\u1ebf b\u00e0o kh\u1ecfe m\u1ea1nh, r\u1ea5t t\u1ed1t cho s\u1ee9c kh\u1ecfe c\u1ee7a c\u1ea3 ng\u01b0\u1eddi l\u1edbn v\u00e0 tr\u1ebb em.<\/p>\n<p><img loading=\"lazy\" decoding=\"async\" class=\"wp-image-23704 aligncenter\" src=\"https:\/\/havamall.vn\/wp-content\/uploads\/2021\/11\/247225565-300x300.png\" alt=\"\" width=\"727\" height=\"727\" srcset=\"https:\/\/havamall.vn\/wp-content\/uploads\/2021\/11\/247225565-300x300.png 300w, https:\/\/havamall.vn\/wp-content\/uploads\/2021\/11\/247225565-430x430.png 430w, https:\/\/havamall.vn\/wp-content\/uploads\/2021\/11\/247225565-150x150.png 150w, https:\/\/havamall.vn\/wp-content\/uploads\/2021\/11\/247225565-700x699.png 700w, https:\/\/havamall.vn\/wp-content\/uploads\/2021\/11\/247225565-768x767.png 768w, https:\/\/havamall.vn\/wp-content\/uploads\/2021\/11\/247225565-1024x1024.png 1024w, https:\/\/havamall.vn\/wp-content\/uploads\/2021\/11\/247225565-600x599.png 600w, https:\/\/havamall.vn\/wp-content\/uploads\/2021\/11\/247225565-100x100.png 100w, https:\/\/havamall.vn\/wp-content\/uploads\/2021\/11\/247225565.png 1081w\" sizes=\"(max-width: 727px) 100vw, 727px\" \/><\/p>\n<h3><strong>H\u01b0\u1edbng d\u1eabn s\u1eed d\u1ee5ng:<\/strong><\/h3>\n<p>&#8211; D\u00f9ng tr\u1ef1c ti\u1ebfp ho\u1eb7c ch\u1ebf bi\u1ebfn m\u00f3n \u0103n kh\u00e1c.<\/p>\n<p>&#8211; Phomai brie c\u00f3 \u0111\u01b0\u1ee3c h\u01b0\u01a1ng v\u1ecb ngon nh\u1ea5t khi \u0111\u01b0\u1ee3c ch\u1ebf bi\u1ebfn \u1edf nhi\u1ec7t \u0111\u1ed9 ph\u00f2ng. H\u00e3y l\u1ea5y phomai brie ra kh\u1ecfi t\u1ee7 l\u1ea1nh kho\u1ea3ng 45 ph\u00fat tr\u01b0\u1edbc khi ch\u1ebf bi\u1ebfn.<\/p>\n<p>&#8211; Nh\u00fang con dao c\u1eaft phomai v\u00e0o n\u01b0\u1edbc n\u00f3ng \u0111\u1ec3 phomai kh\u00f4ng b\u1ecb d\u00ednh v\u00e0o n\u00f3.<\/p>\n<p>S\u1ea3n ph\u1ea9m hi\u1ec7n \u0111\u00e3 c\u00f3 m\u1eb7t t\u1ea1i Havamall.<\/p>\n<p><img loading=\"lazy\" decoding=\"async\" class=\"wp-image-23701 aligncenter\" src=\"https:\/\/havamall.vn\/wp-content\/uploads\/2021\/11\/242339352-300x300.png\" alt=\"\" width=\"731\" height=\"731\" srcset=\"https:\/\/havamall.vn\/wp-content\/uploads\/2021\/11\/242339352-300x300.png 300w, https:\/\/havamall.vn\/wp-content\/uploads\/2021\/11\/242339352-430x430.png 430w, https:\/\/havamall.vn\/wp-content\/uploads\/2021\/11\/242339352-150x150.png 150w, https:\/\/havamall.vn\/wp-content\/uploads\/2021\/11\/242339352-700x699.png 700w, https:\/\/havamall.vn\/wp-content\/uploads\/2021\/11\/242339352-768x767.png 768w, https:\/\/havamall.vn\/wp-content\/uploads\/2021\/11\/242339352-1024x1024.png 1024w, https:\/\/havamall.vn\/wp-content\/uploads\/2021\/11\/242339352-600x599.png 600w, https:\/\/havamall.vn\/wp-content\/uploads\/2021\/11\/242339352-100x100.png 100w, https:\/\/havamall.vn\/wp-content\/uploads\/2021\/11\/242339352.png 1081w\" sizes=\"(max-width: 731px) 100vw, 731px\" \/><\/p>","protected":false},"excerpt":{"rendered":"<p>TH\u00d4NG TIN S\u1ea2N PH\u1ea8M Th\u01b0\u01a1ng hi\u1ec7u Ile de France Xu\u1ea5t x\u1ee9 Ph\u00e1p Th\u00e0nh ph\u1ea7n S\u1eefa ti\u1ec7t tr\u00f9ng, kem, mu\u1ed1i \u0103n,<\/p>","protected":false},"featured_media":23702,"comment_status":"open","ping_status":"closed","template":"","meta":[],"product_brand":[],"product_cat":[36],"product_tag":[],"class_list":{"0":"post-23695","1":"product","2":"type-product","3":"status-publish","4":"has-post-thumbnail","6":"product_cat-thuc-pham-tieu-dung","8":"first","9":"instock","10":"sale","11":"shipping-taxable","12":"purchasable","13":"product-type-simple"},"_links":{"self":[{"href":"https:\/\/havamall.vn\/en\/wp-json\/wp\/v2\/product\/23695"}],"collection":[{"href":"https:\/\/havamall.vn\/en\/wp-json\/wp\/v2\/product"}],"about":[{"href":"https:\/\/havamall.vn\/en\/wp-json\/wp\/v2\/types\/product"}],"replies":[{"embeddable":true,"href":"https:\/\/havamall.vn\/en\/wp-json\/wp\/v2\/comments?post=23695"}],"version-history":[{"count":0,"href":"https:\/\/havamall.vn\/en\/wp-json\/wp\/v2\/product\/23695\/revisions"}],"wp:featuredmedia":[{"embeddable":true,"href":"https:\/\/havamall.vn\/en\/wp-json\/wp\/v2\/media\/23702"}],"wp:attachment":[{"href":"https:\/\/havamall.vn\/en\/wp-json\/wp\/v2\/media?parent=23695"}],"wp:term":[{"taxonomy":"product_brand","embeddable":true,"href":"https:\/\/havamall.vn\/en\/wp-json\/wp\/v2\/product_brand?post=23695"},{"taxonomy":"product_cat","embeddable":true,"href":"https:\/\/havamall.vn\/en\/wp-json\/wp\/v2\/product_cat?post=23695"},{"taxonomy":"product_tag","embeddable":true,"href":"https:\/\/havamall.vn\/en\/wp-json\/wp\/v2\/product_tag?post=23695"}],"curies":[{"name":"wp","href":"https:\/\/api.w.org\/{rel}","templated":true}]}}