{"id":23681,"date":"2021-11-18T14:46:22","date_gmt":"2021-11-18T07:46:22","guid":{"rendered":"https:\/\/havamall.vn\/?post_type=product&#038;p=23681"},"modified":"2021-11-19T15:16:48","modified_gmt":"2021-11-19T08:16:48","slug":"bo-dung-cu-trang-tri-dieu-khac-7-cai-7pc-hobby-knife-set","status":"publish","type":"product","link":"https:\/\/havamall.vn\/en\/shop\/bo-dung-cu-trang-tri-dieu-khac-7-cai-7pc-hobby-knife-set\/","title":{"rendered":"B\u1ed9 D\u1ee5ng C\u1ee5 Trang Tr\u00ed \u0110i\u00eau Kh\u1eafc 7 C\u00e1i &#8211; 7Pc Hobby Knife Set"},"content":{"rendered":"<p>B\u1ed9 dao kh\u1eafc\u00a0 ngh\u1ec7 thu\u1eadt 7 chi ti\u1ebft bao g\u1ed3m 1 c\u00e1n dao v\u00e0 6 l\u01b0\u1ee1i dao s\u1eafc b\u00e9n. \u0110\u01b0\u1ee3c \u1ee9ng d\u1ee5ng v\u00e0o nhi\u1ec1u m\u1ee5c \u0111\u00edch c\u1ea1o, kh\u1eafc tr\u00ean c\u00e1c ch\u1ea5t li\u1ec7u kh\u00e1c nhau nh\u01b0 g\u1ed7, gi\u1ea5y, hoa qu\u1ea3,\u2026 B\u1ed9 d\u1ee5ng c\u1ee5 nh\u1ecf g\u1ecdn, d\u1ec5 s\u1eed d\u1ee5ng. Th\u00edch h\u1ee3p cho nh\u1eefng b\u1ea1n mu\u1ed1n th\u1eed s\u1ee9c v\u1edbi vi\u1ec7c ch\u1ea1m kh\u1eafc s\u00e1ng t\u1ea1o, d\u1ef1ng m\u00f4 h\u00ecnh, kh\u1eafc hoa qu\u1ea3,\u2026<\/p>\n<p>Th\u00e2n dao \u0111\u01b0\u1ee3c thi\u1ebft k\u1ebf h\u00ecnh tr\u1ee5 nh\u1ecf g\u1ecdn nh\u01b0 m\u1ed9t chi\u1ebfc b\u00fat. Gi\u00fap b\u1ea1n thao t\u00e1c d\u1ec5 d\u00e0ng, t\u1ea1o ra nh\u1eefng \u0111\u01b0\u1eddng n\u00e9t c\u00f3 \u0111\u1ed9 kh\u00f3 cao, tinh t\u1ebf.<br \/>\nB\u1ed9 s\u1ea3n ph\u1ea9m bao g\u1ed3m 1 c\u00e1n dao v\u00e0 6 l\u01b0\u1ee1i dao kh\u00e1c nhau. Thay \u0111\u1ed5i l\u01b0\u1ee1i dao nhanh ch\u00f3ng v\u1edbi thao t\u00e1c xoay tr\u1ee5c b\u00fat \u0111\u01a1n gi\u1ea3n. L\u01b0\u1ee1i dao \u0111a d\u1ea1ng ki\u1ec3u d\u00e1ng ph\u1ee5c v\u1ee5 cho nhi\u1ec1u m\u1ee5c \u0111\u00edch t\u1ea1o h\u00ecnh c\u1ee7a b\u1ea1n.<\/p>\n<p><img fetchpriority=\"high\" decoding=\"async\" class=\"wp-image-23686 aligncenter\" src=\"https:\/\/havamall.vn\/wp-content\/uploads\/2021\/11\/61j6653VU0-300x185.png\" alt=\"\" width=\"593\" height=\"366\" srcset=\"https:\/\/havamall.vn\/wp-content\/uploads\/2021\/11\/61j6653VU0-300x185.png 300w, https:\/\/havamall.vn\/wp-content\/uploads\/2021\/11\/61j6653VU0-430x265.png 430w, https:\/\/havamall.vn\/wp-content\/uploads\/2021\/11\/61j6653VU0-150x92.png 150w, https:\/\/havamall.vn\/wp-content\/uploads\/2021\/11\/61j6653VU0-700x431.png 700w, https:\/\/havamall.vn\/wp-content\/uploads\/2021\/11\/61j6653VU0-768x473.png 768w, https:\/\/havamall.vn\/wp-content\/uploads\/2021\/11\/61j6653VU0-1024x630.png 1024w, https:\/\/havamall.vn\/wp-content\/uploads\/2021\/11\/61j6653VU0-1200x738.png 1200w, https:\/\/havamall.vn\/wp-content\/uploads\/2021\/11\/61j6653VU0-600x369.png 600w, https:\/\/havamall.vn\/wp-content\/uploads\/2021\/11\/61j6653VU0.png 1396w\" sizes=\"(max-width: 593px) 100vw, 593px\" \/><\/p>\n<div class=\"first\">\n<p>Ng\u00e0y nay, nh\u1eefng y\u00eau c\u1ea7u c\u1ee7a kh\u00e1ch h\u00e0ng v\u1ec1 \u0111\u1ed9 th\u1ea9m m\u1ef9 c\u0169ng nh\u01b0 s\u1ef1 t\u1ec9 m\u1ec9 cho c\u00e1c chi ti\u1ebft s\u1ea3n ph\u1ea9m ng\u00e0y c\u00e0ng cao, ch\u00ednh nh\u1eefng \u0111i\u1ec1u n\u00e0y bu\u1ed9c ng\u01b0\u1eddi th\u1ee3 ph\u1ea3i n\u00e2ng cao tay ngh\u1ec1 c\u1ee7a m\u00ecnh c\u0169ng nh\u01b0 c\u00f3 nh\u1eefng d\u1ee5ng c\u1ee5 h\u1ed7 tr\u1ee3 ph\u00f9 h\u1ee3p. S\u1ef1 xu\u1ea5t hi\u1ec7n c\u1ee7a dao \u0111i\u00eau kh\u1eafc ch\u00ednh l\u00e0 \u0111\u1ec3 \u0111\u00e1p \u1ee9ng nh\u1eefng nhu c\u1ea7u n\u00e0y.<\/p>\n<\/div>\n<p>B\u00ean c\u1ea1nh \u0111\u00f3, dao \u0111i\u00eau kh\u1eafc c\u00f2n c\u00f3 kh\u1ea3 n\u0103ng h\u1ed7 tr\u1ee3 nh\u01b0 m\u1ed9t d\u1ee5ng c\u1ee5 v\u0103n ph\u00f2ng ph\u1ea9m \u0111\u1ec3 r\u1ecdc gi\u1ea5y, g\u1ed7 ho\u1eb7c l\u00e0m c\u00e1c s\u1ea3n ph\u1ea9m th\u1ee7 c\u00f4ng t\u1ea1i nh\u00e0. Nh\u1eefng c\u00f4ng d\u1ee5ng c\u1ee7a dao \u0111i\u00eau kh\u1eafc \u0111\u00e3 gi\u00fap n\u00f3 tr\u1edf th\u00e0nh m\u1ed9t d\u1ee5ng c\u1ee5 kim kh\u00ed \u0111\u01b0\u1ee3c ph\u1ed5 bi\u1ebfn r\u1ed9ng r\u00e3i v\u00e0 kh\u00f4ng th\u1ec3 thi\u1ebfu trong nhi\u1ec1u l\u0129nh v\u1ef1c c\u1ee7a \u0111\u1eddi s\u1ed1ng.<\/p>\n<p><img decoding=\"async\" class=\"wp-image-23684 aligncenter\" src=\"https:\/\/havamall.vn\/wp-content\/uploads\/2021\/11\/995-300x200.png\" alt=\"\" width=\"576\" height=\"384\" srcset=\"https:\/\/havamall.vn\/wp-content\/uploads\/2021\/11\/995-300x200.png 300w, https:\/\/havamall.vn\/wp-content\/uploads\/2021\/11\/995-430x287.png 430w, https:\/\/havamall.vn\/wp-content\/uploads\/2021\/11\/995-150x100.png 150w, https:\/\/havamall.vn\/wp-content\/uploads\/2021\/11\/995-700x467.png 700w, https:\/\/havamall.vn\/wp-content\/uploads\/2021\/11\/995-768x512.png 768w, https:\/\/havamall.vn\/wp-content\/uploads\/2021\/11\/995-1024x682.png 1024w, https:\/\/havamall.vn\/wp-content\/uploads\/2021\/11\/995-1200x800.png 1200w, https:\/\/havamall.vn\/wp-content\/uploads\/2021\/11\/995-600x400.png 600w, https:\/\/havamall.vn\/wp-content\/uploads\/2021\/11\/995.png 2000w\" sizes=\"(max-width: 576px) 100vw, 576px\" \/><\/p>\n<h3><strong>Th\u00f4ng s\u1ed1 k\u0129 thu\u1eadt<\/strong><\/h3>\n<p>&gt; S\u1ea3n ph\u1ea9m: Dao kh\u1eafc th\u1ee7 c\u00f4ng 7 chi ti\u1ebft\u00a0HT280<\/p>\n<p>&gt; Ch\u1ea5t li\u1ec7u: Kim lo\u1ea1i th\u00e9p kh\u00f4ng g\u1ec9<\/p>\n<p>&gt; K\u00edch th\u01b0\u1edbc: Nh\u01b0 h\u00ecnh<\/p>\n<p>&gt; Lo\u1ea1i: C\u00f4ng c\u1ee5 kh\u1eafc \u0111a n\u0103ng<\/p>\n<p>&gt; B\u1ed9 s\u1ea3n ph\u1ea9m: 7 trong 1<\/p>\n<p>&gt; Phong c\u00e1ch: \u0110\u1ed3 ngh\u1ec7 thu\u1eadt<\/p>\n<p><img decoding=\"async\" class=\"wp-image-23685 aligncenter\" src=\"https:\/\/havamall.vn\/wp-content\/uploads\/2021\/11\/81jrTaLuam-300x300.png\" alt=\"\" width=\"575\" height=\"575\" srcset=\"https:\/\/havamall.vn\/wp-content\/uploads\/2021\/11\/81jrTaLuam-300x300.png 300w, https:\/\/havamall.vn\/wp-content\/uploads\/2021\/11\/81jrTaLuam-430x430.png 430w, https:\/\/havamall.vn\/wp-content\/uploads\/2021\/11\/81jrTaLuam-150x150.png 150w, https:\/\/havamall.vn\/wp-content\/uploads\/2021\/11\/81jrTaLuam-700x700.png 700w, https:\/\/havamall.vn\/wp-content\/uploads\/2021\/11\/81jrTaLuam-768x768.png 768w, https:\/\/havamall.vn\/wp-content\/uploads\/2021\/11\/81jrTaLuam-1024x1024.png 1024w, https:\/\/havamall.vn\/wp-content\/uploads\/2021\/11\/81jrTaLuam-1200x1200.png 1200w, https:\/\/havamall.vn\/wp-content\/uploads\/2021\/11\/81jrTaLuam-600x600.png 600w, https:\/\/havamall.vn\/wp-content\/uploads\/2021\/11\/81jrTaLuam-100x100.png 100w, https:\/\/havamall.vn\/wp-content\/uploads\/2021\/11\/81jrTaLuam.png 1500w\" sizes=\"(max-width: 575px) 100vw, 575px\" \/><\/p>\n<h3><strong>\u0110\u1eb7c \u0111i\u1ec3m n\u1ed5i b\u1eadt c\u1ee7a s\u1ea3n ph\u1ea9m:<\/strong><\/h3>\n<p>&#8211; Ti\u1ec7n l\u1ee3i cho vi\u1ec7c thay th\u1ebf v\u00e0 th\u00e1o l\u1eafm<\/p>\n<p>&#8211; L\u01b0\u1ee1i dao si\u00eau s\u1eafc v\u00e0 ch\u1ed1ng g\u1ec9<\/p>\n<p>&#8211; C\u00f3 nhi\u1ec1u l\u01b0\u1ee1i \u0111\u1ec3 thay th\u1ebf ph\u00f9 h\u1ee3p v\u1edbi m\u1ee5c \u0111\u00edch s\u1eed d\u1ee5ng<\/p>\n<p><img loading=\"lazy\" decoding=\"async\" class=\"aligncenter\" src=\"https:\/\/havamall.vn\/wp-content\/uploads\/2021\/11\/hoc-cat-tia-trang-tri.jpg\" alt=\"Kh\u00f3a H\u1ecdc C\u1eaft T\u1ec9a Trang Tr\u00ed M\u00f3n \u0102n, Th\u1ee9c U\u1ed1ng\" width=\"567\" height=\"366\" \/><\/p>\n<h3><strong>H\u01b0\u1edbng d\u1eabn s\u1eed d\u1ee5ng:<\/strong><\/h3>\n<p>&#8211; D\u00f9ng \u0111\u1ec3 r\u1ecdc gi\u1ea5y<\/p>\n<p>&#8211; C\u1eaft t\u1ec9a k\u1ef9 thu\u1eadt \u0111\u00f2i h\u1ecfi s\u1ef1 ch\u00ednh x\u00e1c v\u00e0 t\u1ec9 m\u1ec9<\/p>\n<p>&#8211; L\u01b0\u1ee1i dao s\u1eafc b\u00e9n , gi\u00fap thu\u1eadn ti\u1ec7n cho m\u1ecdi thao t\u00e1c , \u0111\u1ed9 ch\u00ednh x\u00e1c trong c\u00e1c chi ti\u1ebft s\u1ebd r\u1ea5t cao<\/p>\n<p>S\u1ea3n ph\u1ea9m hi\u1ec7n \u0111\u00e3 c\u00f3 m\u1eb7t t\u1ea1i Havamall.<\/p>","protected":false},"excerpt":{"rendered":"<p>B\u1ed9 dao kh\u1eafc\u00a0 ngh\u1ec7 thu\u1eadt 7 chi ti\u1ebft bao g\u1ed3m 1 c\u00e1n dao v\u00e0 6 l\u01b0\u1ee1i dao s\u1eafc b\u00e9n. \u0110\u01b0\u1ee3c<\/p>","protected":false},"featured_media":23687,"comment_status":"open","ping_status":"closed","template":"","meta":[],"product_brand":[],"product_cat":[393,35],"product_tag":[],"class_list":{"0":"post-23681","1":"product","2":"type-product","3":"status-publish","4":"has-post-thumbnail","6":"product_cat-bep-phong-an","7":"product_cat-nha-cua-doi-song","9":"first","10":"instock","11":"sale","12":"shipping-taxable","13":"purchasable","14":"product-type-simple"},"_links":{"self":[{"href":"https:\/\/havamall.vn\/en\/wp-json\/wp\/v2\/product\/23681"}],"collection":[{"href":"https:\/\/havamall.vn\/en\/wp-json\/wp\/v2\/product"}],"about":[{"href":"https:\/\/havamall.vn\/en\/wp-json\/wp\/v2\/types\/product"}],"replies":[{"embeddable":true,"href":"https:\/\/havamall.vn\/en\/wp-json\/wp\/v2\/comments?post=23681"}],"version-history":[{"count":0,"href":"https:\/\/havamall.vn\/en\/wp-json\/wp\/v2\/product\/23681\/revisions"}],"wp:featuredmedia":[{"embeddable":true,"href":"https:\/\/havamall.vn\/en\/wp-json\/wp\/v2\/media\/23687"}],"wp:attachment":[{"href":"https:\/\/havamall.vn\/en\/wp-json\/wp\/v2\/media?parent=23681"}],"wp:term":[{"taxonomy":"product_brand","embeddable":true,"href":"https:\/\/havamall.vn\/en\/wp-json\/wp\/v2\/product_brand?post=23681"},{"taxonomy":"product_cat","embeddable":true,"href":"https:\/\/havamall.vn\/en\/wp-json\/wp\/v2\/product_cat?post=23681"},{"taxonomy":"product_tag","embeddable":true,"href":"https:\/\/havamall.vn\/en\/wp-json\/wp\/v2\/product_tag?post=23681"}],"curies":[{"name":"wp","href":"https:\/\/api.w.org\/{rel}","templated":true}]}}