{"id":23675,"date":"2021-11-18T11:51:09","date_gmt":"2021-11-18T04:51:09","guid":{"rendered":"https:\/\/havamall.vn\/?post_type=product&#038;p=23675"},"modified":"2021-11-18T11:51:09","modified_gmt":"2021-11-18T04:51:09","slug":"muong-muc-kem-bang-inox-khong-gi-solid-stainless-steel-ice-cream-scoop","status":"publish","type":"product","link":"https:\/\/havamall.vn\/en\/shop\/muong-muc-kem-bang-inox-khong-gi-solid-stainless-steel-ice-cream-scoop\/","title":{"rendered":"Mu\u1ed7ng M\u00fac Kem B\u1eb1ng Inox Kh\u00f4ng G\u1ec9 &#8211; Solid Stainless Steel Ice Cream Scoop"},"content":{"rendered":"<p>S\u1ea3n ph\u1ea9m n\u00e0y th\u00edch h\u1ee3p \u0111\u1ec3 l\u00e0m tr\u00e1i c\u00e2y, kem, s\u1eefa chua, &#8230; Thi\u1ebft k\u1ebf l\u00f2 xo tr\u00ean tay c\u1ea7m cho ph\u00e9p c\u00e1c vi\u00ean th\u1ef1c ph\u1ea9m ch\u00fang ta m\u00fac \u0111\u01b0\u1ee3c d\u1ec5 d\u00e0ng cho v\u00e0o b\u00e1t, \u0111\u01a1n gi\u1ea3n v\u00e0 ti\u1ec7n l\u1ee3i \u0111\u1ec3 s\u1eed d\u1ee5ng, s\u1ea3n ph\u1ea9m n\u00e0y s\u1ebd t\u1ea1o th\u00eam ni\u1ec1m vui cho vi\u1ec7c s\u1ea3n xu\u1ea5t \u0111\u0129a tr\u00e1i c\u00e2y.<\/p>\n<p>S\u1ea3n ph\u1ea9m n\u00e0y \u0111\u01b0\u1ee3c l\u00e0m b\u1eb1ng th\u00e9p kh\u00f4ng g\u1ec9 cao c\u1ea5p d\u00e0nh cho th\u1ef1c ph\u1ea9m v\u00e0 kh\u00f4ng c\u00f3 m\u00f9i \u0111\u1eb7c bi\u1ec7t. \u0110\u1ed9 c\u1ee9ng c\u1ee7a th\u00e9p kh\u00f4ng g\u1ec9 cho ph\u00e9p b\u1ea1n d\u1ec5 d\u00e0ng m\u00fac nhi\u1ec1u lo\u1ea1i th\u1ef1c ph\u1ea9m kh\u00e1c nhau m\u00e0 kh\u00f4ng lo b\u1ecb v\u1ee1 do t\u00e1c \u0111\u1ed9ng l\u1ef1c qu\u00e1 m\u1ea1nh trong qu\u00e1 tr\u00ecnh s\u1eed d\u1ee5ng.<\/p>\n<p><img fetchpriority=\"high\" decoding=\"async\" class=\"wp-image-23676 aligncenter\" src=\"https:\/\/havamall.vn\/wp-content\/uploads\/2021\/11\/dac4ed4a6d-300x300.png\" alt=\"\" width=\"667\" height=\"667\" srcset=\"https:\/\/havamall.vn\/wp-content\/uploads\/2021\/11\/dac4ed4a6d-300x300.png 300w, https:\/\/havamall.vn\/wp-content\/uploads\/2021\/11\/dac4ed4a6d-430x430.png 430w, https:\/\/havamall.vn\/wp-content\/uploads\/2021\/11\/dac4ed4a6d-150x150.png 150w, https:\/\/havamall.vn\/wp-content\/uploads\/2021\/11\/dac4ed4a6d-700x700.png 700w, https:\/\/havamall.vn\/wp-content\/uploads\/2021\/11\/dac4ed4a6d-768x768.png 768w, https:\/\/havamall.vn\/wp-content\/uploads\/2021\/11\/dac4ed4a6d-600x600.png 600w, https:\/\/havamall.vn\/wp-content\/uploads\/2021\/11\/dac4ed4a6d-100x100.png 100w, https:\/\/havamall.vn\/wp-content\/uploads\/2021\/11\/dac4ed4a6d.png 1000w\" sizes=\"(max-width: 667px) 100vw, 667px\" \/><\/p>\n<p>Mu\u1ed7ng m\u00fac kem inox l\u00e0 m\u1ed9t c\u00f4ng c\u1ee5 \u0111\u01b0\u1ee3c thi\u1ebft k\u1ebf tay c\u1ea7m v\u1eeba v\u1eb7n v\u00e0 thanh g\u1ea1t kem ti\u1ec7n l\u1ee3i \u0111\u1ec3 b\u1ea1n c\u00f3 th\u1ec3 d\u1ec5 d\u00e0ng m\u00fac v\u00e0 \u201cnh\u1ea3\u201d nh\u1eefng vi\u00ean kem ra m\u1ed9t c\u00e1ch d\u1ec5 d\u00e0ng, h\u1ed7 tr\u1ee3 c\u00e1c b\u00e0 n\u1ed9i tr\u1ee3 trong vi\u1ec7c trang tr\u00ed m\u00f3n tr\u00e1ng mi\u1ec7ng cho nh\u1eefng b\u1eefa \u0103n c\u1ee7a gia \u0111\u00ecnh.<\/p>\n<p>Mu\u1ed7ng m\u00fac kem \u0111\u01b0\u1ee3c l\u00e0m t\u1eeb ch\u1ea5t li\u1ec7u inox kh\u00f4ng g\u1ec9, s\u00e1ng b\u00f3ng, c\u00f3 \u0111\u1ed9 b\u1ec1n cao khi ti\u1ebfp x\u00fac v\u1edbi nhi\u1ec7t \u0111\u1ed9 qu\u00e1 l\u1ea1nh, \u0111\u1ed3ng th\u1eddi v\u1edbi m\u00e0u b\u1ea1c s\u1ea1ch s\u1ebd c\u00f9ng v\u1edbi thi\u1ebft k\u1ebf xinh x\u1eafn, s\u1ea3n ph\u1ea9m n\u00e0y s\u1ebd l\u00e0m cho c\u0103n ph\u00f2ng b\u1ebfp c\u1ee7a b\u1ea1n th\u00eam phong ph\u00fa v\u00e0 tinh t\u1ebf h\u01a1n. Ch\u1ea5t li\u1ec7u kh\u00f4ng r\u1ec9 n\u00ean c\u00f3 th\u1ec3 s\u1eed d\u1ee5ng trong m\u1ed9t th\u1eddi gian d\u00e0i, kh\u00f4ng s\u1ee3 b\u1ecb bi\u1ebfn d\u1ea1ng. H\u01a1n Th\u1ebf n\u1eefa l\u00e0 s\u1ea3n ph\u1ea9m d\u1ec5 d\u00e0ng mang theo v\u00e0 c\u1ea5t gi\u1eef, c\u00f3 th\u1ec3 \u0111\u01b0\u1ee3c r\u1eeda tr\u1ef1c ti\u1ebfp b\u1eb1ng n\u01b0\u1edbc sau khi s\u1eed d\u1ee5ng trong nh\u00e0 b\u1ebfp ho\u1eb7c nh\u00e0 h\u00e0ng, v\u00e0 s\u1ea3n ph\u1ea9m s\u1ebd gi\u1ed1ng nh\u01b0 m\u1edbi sau khi r\u1eeda.<\/p>\n<p><img decoding=\"async\" class=\"wp-image-23677 aligncenter\" src=\"https:\/\/havamall.vn\/wp-content\/uploads\/2021\/11\/62670f94778-300x300.png\" alt=\"\" width=\"677\" height=\"677\" srcset=\"https:\/\/havamall.vn\/wp-content\/uploads\/2021\/11\/62670f94778-300x300.png 300w, https:\/\/havamall.vn\/wp-content\/uploads\/2021\/11\/62670f94778-430x430.png 430w, https:\/\/havamall.vn\/wp-content\/uploads\/2021\/11\/62670f94778-150x150.png 150w, https:\/\/havamall.vn\/wp-content\/uploads\/2021\/11\/62670f94778-700x700.png 700w, https:\/\/havamall.vn\/wp-content\/uploads\/2021\/11\/62670f94778-768x768.png 768w, https:\/\/havamall.vn\/wp-content\/uploads\/2021\/11\/62670f94778-600x600.png 600w, https:\/\/havamall.vn\/wp-content\/uploads\/2021\/11\/62670f94778-100x100.png 100w, https:\/\/havamall.vn\/wp-content\/uploads\/2021\/11\/62670f94778.png 800w\" sizes=\"(max-width: 677px) 100vw, 677px\" \/><\/p>\n<h3><strong>H\u01b0\u1edbng d\u1eabn s\u1eed d\u1ee5ng:<\/strong><\/h3>\n<p>&gt; Mu\u1ed7ng m\u00fac kem n\u00e0y c\u00f3 th\u1ec3 s\u1eed d\u1ee5ng cho h\u1ea7u h\u1ebft c\u00e1c lo\u1ea1i th\u00fac \u0103n cho b\u00e9<\/p>\n<p>&gt; B\u1ea1n c\u00f3 th\u1ec3 s\u1eed d\u1ee5ng n\u00f3 \u0111\u1ec3 l\u00e0m b\u00e1nh x\u1ebfp, b\u00e1nh k\u1ebfp v\u00e0 b\u00e1nh quy, s\u1eed d\u1ee5ng \u0111\u01b0\u1ee3c cho c\u00e1c lo\u1ea1i d\u01b0a, c\u00e1c lo\u1ea1i b\u00e1nh quy nh\u1ecf, t\u1ea1o h\u00ecnh th\u1ecbt vi\u00ean v\u00e0 m\u00fac khoai t\u00e2y nghi\u1ec1n<\/p>\n<p><img decoding=\"async\" class=\"wp-image-23678 aligncenter\" src=\"https:\/\/havamall.vn\/wp-content\/uploads\/2021\/11\/7ace90fb01-300x300.png\" alt=\"\" width=\"674\" height=\"673\" srcset=\"https:\/\/havamall.vn\/wp-content\/uploads\/2021\/11\/7ace90fb01-300x300.png 300w, https:\/\/havamall.vn\/wp-content\/uploads\/2021\/11\/7ace90fb01-430x430.png 430w, https:\/\/havamall.vn\/wp-content\/uploads\/2021\/11\/7ace90fb01-150x150.png 150w, https:\/\/havamall.vn\/wp-content\/uploads\/2021\/11\/7ace90fb01-700x700.png 700w, https:\/\/havamall.vn\/wp-content\/uploads\/2021\/11\/7ace90fb01-768x768.png 768w, https:\/\/havamall.vn\/wp-content\/uploads\/2021\/11\/7ace90fb01-1024x1024.png 1024w, https:\/\/havamall.vn\/wp-content\/uploads\/2021\/11\/7ace90fb01-1200x1200.png 1200w, https:\/\/havamall.vn\/wp-content\/uploads\/2021\/11\/7ace90fb01-600x600.png 600w, https:\/\/havamall.vn\/wp-content\/uploads\/2021\/11\/7ace90fb01-100x100.png 100w, https:\/\/havamall.vn\/wp-content\/uploads\/2021\/11\/7ace90fb01.png 1500w\" sizes=\"(max-width: 674px) 100vw, 674px\" \/><\/p>\n<h3><strong>\u0110\u1eb7c \u0111i\u1ec3m n\u1ed5i b\u1eadt:<\/strong><\/h3>\n<p>&#8211; \u0110\u01b0\u1ee3c l\u00e0m t\u1eeb th\u00e9p kh\u00f4ng g\u1ec9 c\u1ea5p th\u1ef1c ph\u1ea9m cao c\u1ea5p<\/p>\n<p>&#8211; D\u1ec5 s\u1eed d\u1ee5ng v\u00e0 v\u1ec7 sinh<\/p>\n<p>&#8211; M\u1ed7i mu\u1ed7ng c\u00f3 m\u1ed9t c\u1ea7n xoay t\u00edch h\u1ee3p \u0111\u1ec3 d\u1ec5 d\u00e0ng th\u00e1o ra.<\/p>\n<p>&#8211; Kh\u00f4ng d\u1ec5 b\u1ecb r\u1ec9 s\u00e9t, \u0103n m\u00f2n ho\u1eb7c n\u1ee9t v\u1ee1; an to\u00e0n khi s\u1eed d\u1ee5ng v\u1edbi m\u00e1y r\u1eeda ch\u00e9n v\u00e0 d\u1ec5 l\u00e0m s\u1ea1ch<\/p>\n<p>&#8211; Thi\u1ebft k\u1ebf g\u1ecdn nh\u1eb9<\/p>\n<p><img loading=\"lazy\" decoding=\"async\" class=\"wp-image-23679 aligncenter\" src=\"https:\/\/havamall.vn\/wp-content\/uploads\/2021\/11\/be87e87c-300x300.png\" alt=\"\" width=\"689\" height=\"689\" srcset=\"https:\/\/havamall.vn\/wp-content\/uploads\/2021\/11\/be87e87c-300x300.png 300w, https:\/\/havamall.vn\/wp-content\/uploads\/2021\/11\/be87e87c-430x430.png 430w, https:\/\/havamall.vn\/wp-content\/uploads\/2021\/11\/be87e87c-150x150.png 150w, https:\/\/havamall.vn\/wp-content\/uploads\/2021\/11\/be87e87c-700x700.png 700w, https:\/\/havamall.vn\/wp-content\/uploads\/2021\/11\/be87e87c-768x768.png 768w, https:\/\/havamall.vn\/wp-content\/uploads\/2021\/11\/be87e87c-600x600.png 600w, https:\/\/havamall.vn\/wp-content\/uploads\/2021\/11\/be87e87c-100x100.png 100w, https:\/\/havamall.vn\/wp-content\/uploads\/2021\/11\/be87e87c.png 1020w\" sizes=\"(max-width: 689px) 100vw, 689px\" \/><\/p>","protected":false},"excerpt":{"rendered":"<p>S\u1ea3n ph\u1ea9m n\u00e0y th\u00edch h\u1ee3p \u0111\u1ec3 l\u00e0m tr\u00e1i c\u00e2y, kem, s\u1eefa chua, &#8230; Thi\u1ebft k\u1ebf l\u00f2 xo tr\u00ean tay c\u1ea7m<\/p>","protected":false},"featured_media":23680,"comment_status":"open","ping_status":"closed","template":"","meta":[],"product_brand":[],"product_cat":[393,35],"product_tag":[],"class_list":{"0":"post-23675","1":"product","2":"type-product","3":"status-publish","4":"has-post-thumbnail","6":"product_cat-bep-phong-an","7":"product_cat-nha-cua-doi-song","9":"first","10":"instock","11":"sale","12":"shipping-taxable","13":"purchasable","14":"product-type-simple"},"_links":{"self":[{"href":"https:\/\/havamall.vn\/en\/wp-json\/wp\/v2\/product\/23675"}],"collection":[{"href":"https:\/\/havamall.vn\/en\/wp-json\/wp\/v2\/product"}],"about":[{"href":"https:\/\/havamall.vn\/en\/wp-json\/wp\/v2\/types\/product"}],"replies":[{"embeddable":true,"href":"https:\/\/havamall.vn\/en\/wp-json\/wp\/v2\/comments?post=23675"}],"version-history":[{"count":0,"href":"https:\/\/havamall.vn\/en\/wp-json\/wp\/v2\/product\/23675\/revisions"}],"wp:featuredmedia":[{"embeddable":true,"href":"https:\/\/havamall.vn\/en\/wp-json\/wp\/v2\/media\/23680"}],"wp:attachment":[{"href":"https:\/\/havamall.vn\/en\/wp-json\/wp\/v2\/media?parent=23675"}],"wp:term":[{"taxonomy":"product_brand","embeddable":true,"href":"https:\/\/havamall.vn\/en\/wp-json\/wp\/v2\/product_brand?post=23675"},{"taxonomy":"product_cat","embeddable":true,"href":"https:\/\/havamall.vn\/en\/wp-json\/wp\/v2\/product_cat?post=23675"},{"taxonomy":"product_tag","embeddable":true,"href":"https:\/\/havamall.vn\/en\/wp-json\/wp\/v2\/product_tag?post=23675"}],"curies":[{"name":"wp","href":"https:\/\/api.w.org\/{rel}","templated":true}]}}