{"id":23667,"date":"2021-11-18T11:12:04","date_gmt":"2021-11-18T04:12:04","guid":{"rendered":"https:\/\/havamall.vn\/?post_type=product&#038;p=23667"},"modified":"2021-11-18T11:12:56","modified_gmt":"2021-11-18T04:12:56","slug":"khay-pha-mau-tron-mont-marte-round-plastic-palette-17cm","status":"publish","type":"product","link":"https:\/\/havamall.vn\/en\/shop\/khay-pha-mau-tron-mont-marte-round-plastic-palette-17cm\/","title":{"rendered":"Khay Pha M\u00e0u Tr\u00f2n Mont Marte &#8211; Round Plastic Palette 17cm"},"content":{"rendered":"<p dir=\"auto\">Mont Marte l\u00e0 h\u00e3ng h\u1ecda c\u1ee5 \u0111\u00e3 c\u00f3 m\u1eb7t t\u1ea1i h\u1ec7 th\u1ed1ng c\u1eeda h\u00e0ng c\u1ee7a h\u01a1n 300 t\u1ec9nh th\u00e0nh thu\u1ed9c 75 qu\u1ed1c gia tr\u00ean to\u00e0n th\u1ebf gi\u1edbi. \u0110i\u1ec1u n\u00e0y n\u00f3i l\u00ean s\u1ef1 ph\u00e1t tri\u1ec3n b\u1ec1n v\u1eefng c\u1ee7a nh\u00e3n h\u00e0ng Mont Marte tr\u00ean th\u1ecb tr\u01b0\u1eddng th\u1ebf gi\u1edbi.<\/p>\n<p>Trong v\u00f2ng 15 n\u0103m, Mont Marte \u0111\u00e3 tr\u1edf th\u00e0nh th\u01b0\u01a1ng h\u1ec7u d\u1eabn \u0111\u1ea7u th\u1ecb tr\u01b0\u1eddng \u00dac v\u1ec1 c\u00e1c s\u1ea3n ph\u1ea9m ngh\u1ec7 thu\u1eadt v\u00e0 l\u00e0 th\u01b0\u01a1ng hi\u1ec7u \u0111\u01b0\u1ee3c tin d\u00f9ng \u1edf h\u01a1n 75 qu\u1ed1c gia: Trung Qu\u1ed1c, Canada, Ph\u00e1p, Ph\u1ea7n Lan,\u2026<\/p>\n<p>S\u1ea3n ph\u1ea9m Mont Marte kh\u00e1 \u0111a d\u1ea1ng, \u0111\u00e1p \u1ee9ng h\u1ea7u h\u1ebft c\u00e1c nhu c\u1ea7u v\u1ec1 h\u1ecda c\u1ee5 truy\u1ec1n th\u1ed1ng, t\u1eeb s\u01a1n m\u00e0u \u0111\u1ebfn c\u00e1c ph\u1ee5 ki\u1ec7n, s\u1ed5 k\u00ed h\u1ecda, gi\u1ea5y craft,\u2026<\/p>\n<p><img fetchpriority=\"high\" decoding=\"async\" class=\"wp-image-23669 aligncenter\" src=\"https:\/\/havamall.vn\/wp-content\/uploads\/2021\/11\/sp_vimau_2_7e07f-300x300.png\" alt=\"\" width=\"621\" height=\"621\" srcset=\"https:\/\/havamall.vn\/wp-content\/uploads\/2021\/11\/sp_vimau_2_7e07f-300x300.png 300w, https:\/\/havamall.vn\/wp-content\/uploads\/2021\/11\/sp_vimau_2_7e07f-430x430.png 430w, https:\/\/havamall.vn\/wp-content\/uploads\/2021\/11\/sp_vimau_2_7e07f-150x150.png 150w, https:\/\/havamall.vn\/wp-content\/uploads\/2021\/11\/sp_vimau_2_7e07f-700x700.png 700w, https:\/\/havamall.vn\/wp-content\/uploads\/2021\/11\/sp_vimau_2_7e07f-768x768.png 768w, https:\/\/havamall.vn\/wp-content\/uploads\/2021\/11\/sp_vimau_2_7e07f-600x600.png 600w, https:\/\/havamall.vn\/wp-content\/uploads\/2021\/11\/sp_vimau_2_7e07f-100x100.png 100w, https:\/\/havamall.vn\/wp-content\/uploads\/2021\/11\/sp_vimau_2_7e07f.png 1000w\" sizes=\"(max-width: 621px) 100vw, 621px\" \/><\/p>\n<p>Khay pha m\u00e0u MONT MARTE b\u00e1nh tr\u00f2n c\u00f3 k\u00edch th\u01b0\u1edbc nh\u1ecf d\u1ec5 d\u00e0ng mang theo \u0111i h\u1ecdc ho\u1eb7c v\u1ebd b\u00ean ngo\u00e0i, khay thi\u1ebft k\u1ebf \u0111\u01a1n gi\u1ea3n, c\u00f3 nhi\u1ec1u \u00f4 gi\u00fap d\u1ec5 d\u00e0ng pha tr\u1ed9n m\u00e0u theo \u00fd mu\u1ed1n.<\/p>\n<p>Khay pha m\u00e0u ph\u00f9 h\u1ee3p cho c\u1ea3 d\u00e2n v\u1ebd chuy\u00ean nghi\u1ec7p c\u0169ng nh\u01b0 nghi\u1ec7p d\u01b0. \u0110\u1eb7c bi\u1ec7t \u0111\u1ed1i v\u1edbi c\u00e1c &#8220;t\u00f4 s\u0129&#8221; t\u00f4 tranh s\u1ed1 h\u00f3a, m\u1eb7c d\u00f9 b\u1ed9 m\u00e0u \u0111\u00e3 \u0111\u01b0\u1ee3c pha s\u1eb5n nh\u01b0ng khay m\u00e0u v\u1eabn v\u00f4 c\u00f9ng h\u1eefu \u00edch trong vi\u1ec7c gi\u1eef cho m\u00e0u l\u00e2u kh\u00f4.<\/p>\n<p><img decoding=\"async\" class=\"wp-image-23674 aligncenter\" src=\"https:\/\/havamall.vn\/wp-content\/uploads\/2021\/11\/3d9aa28a-300x300.png\" alt=\"\" width=\"629\" height=\"629\" srcset=\"https:\/\/havamall.vn\/wp-content\/uploads\/2021\/11\/3d9aa28a-300x300.png 300w, https:\/\/havamall.vn\/wp-content\/uploads\/2021\/11\/3d9aa28a-430x430.png 430w, https:\/\/havamall.vn\/wp-content\/uploads\/2021\/11\/3d9aa28a-150x150.png 150w, https:\/\/havamall.vn\/wp-content\/uploads\/2021\/11\/3d9aa28a-700x700.png 700w, https:\/\/havamall.vn\/wp-content\/uploads\/2021\/11\/3d9aa28a-768x768.png 768w, https:\/\/havamall.vn\/wp-content\/uploads\/2021\/11\/3d9aa28a-1024x1024.png 1024w, https:\/\/havamall.vn\/wp-content\/uploads\/2021\/11\/3d9aa28a-1200x1200.png 1200w, https:\/\/havamall.vn\/wp-content\/uploads\/2021\/11\/3d9aa28a-600x600.png 600w, https:\/\/havamall.vn\/wp-content\/uploads\/2021\/11\/3d9aa28a-100x100.png 100w, https:\/\/havamall.vn\/wp-content\/uploads\/2021\/11\/3d9aa28a.png 2000w\" sizes=\"(max-width: 629px) 100vw, 629px\" \/><\/p>\n<p>Khay pha m\u00e0u tr\u00f2n Mont Marte gi\u00fap b\u1ea1n d\u1ec5 d\u00e0ng l\u1ea5y l\u01b0\u1ee3ng m\u00e0u v\u1eeba ph\u1ea3i \u0111\u1ec3 pha tr\u1ed9n khi v\u1ebd. \u0110\u1ed3ng th\u1eddi gi\u00fap b\u1ea1n ch\u1ea5m c\u1ecd thu\u1eadn ti\u1ec7n h\u01a1n, kh\u00f4ng b\u1ecb d\u00e2y m\u00e0u ra c\u1ea3 l\u1ecd. S\u1ea3n ph\u1ea9m \u0111\u01b0\u1ee3c l\u00e0m b\u1eb1ng nh\u1ef1a cao c\u1ea5p c\u00f3 \u0111\u1ed9 b\u1ec1n cao, ph\u00f9 h\u1ee3p cho h\u1ecdc sinh, sinh vi\u00ean v\u00e0 nh\u1eefng ai \u0111am m\u00ea h\u1ed9i h\u1ecda.<\/p>\n<p>S\u1ea3n ph\u1ea9m \u0111\u01b0\u1ee3c l\u00e0m nh\u1ef1a cao c\u1ea5p an to\u00e0n, kh\u00f4ng \u1ea3nh h\u01b0\u1edfng \u0111\u1ebfn s\u1ee9c kh\u1ecfe c\u1ee7a b\u00e9. B\u1ed9 b\u1ea3ng m\u00e0u v\u1ebd h\u00f5a s\u0129 c\u00f3\u00a0th\u1ec3 pha m\u00e0u, l\u01b0u tr\u1eef m\u00e0u, \u0111\u1ec3 b\u00e9 c\u00f3 th\u1ec3 v\u1ebd nh\u1eefng g\u00ec b\u00e9 th\u00edch \u1edf b\u1ea5t k\u1ef3 \u0111\u00e2u. Khay pha m\u00e0u Mont Marte \u0111\u01b0\u1ee3c l\u00e0m t\u1eeb nh\u1ef1a PP, b\u1ec1 m\u1eb7t tr\u01a1n b\u00f3ng gi\u00fap m\u00e0u kh\u00f4ng b\u1ecb b\u00e1m m\u00e0u tr\u00ean palette, d\u1ec5 d\u00e0ng v\u1ec7 sinh.<\/p>\n<p><img decoding=\"async\" class=\"wp-image-23671 aligncenter\" src=\"https:\/\/havamall.vn\/wp-content\/uploads\/2021\/11\/c1e96da38ea-300x300.png\" alt=\"\" width=\"630\" height=\"631\" srcset=\"https:\/\/havamall.vn\/wp-content\/uploads\/2021\/11\/c1e96da38ea-300x300.png 300w, https:\/\/havamall.vn\/wp-content\/uploads\/2021\/11\/c1e96da38ea-430x430.png 430w, https:\/\/havamall.vn\/wp-content\/uploads\/2021\/11\/c1e96da38ea-150x150.png 150w, https:\/\/havamall.vn\/wp-content\/uploads\/2021\/11\/c1e96da38ea-700x700.png 700w, https:\/\/havamall.vn\/wp-content\/uploads\/2021\/11\/c1e96da38ea-768x768.png 768w, https:\/\/havamall.vn\/wp-content\/uploads\/2021\/11\/c1e96da38ea-600x600.png 600w, https:\/\/havamall.vn\/wp-content\/uploads\/2021\/11\/c1e96da38ea-100x100.png 100w, https:\/\/havamall.vn\/wp-content\/uploads\/2021\/11\/c1e96da38ea.png 800w\" sizes=\"(max-width: 630px) 100vw, 630px\" \/><\/p>\n<h3><strong>\u0110\u1eb7c \u0111i\u1ec3m n\u1ed5i b\u1eadt c\u1ee7a s\u1ea3n ph\u1ea9m:<\/strong><\/h3>\n<p>\u2013 Palette k\u00edch th\u01b0\u1edbc nh\u1ecf g\u1ecdn, nh\u1eb9, ph\u00f9 h\u1ee3p v\u1edbi c\u00e1c l\u1edbp d\u1ea1y v\u1ebd, ph\u00f9 h\u1ee3p v\u1edbi h\u1ecdc sinh.<\/p>\n<p>\u2013 Palette s\u1eed d\u1ee5ng \u0111\u01b0\u1ee3c v\u1edbi m\u00e0u n\u01b0\u1edbc, m\u00e0u acrylic, s\u01a1n d\u1ea7u,\u2026<\/p>\n<p>\u2013 Ph\u00f9 h\u1ee3p v\u1edbi ng\u01b0\u1eddi m\u1edbi b\u1eaft \u0111\u1ea7u, c\u00e1c l\u1edbp d\u1ea1y v\u1ebd.<img loading=\"lazy\" decoding=\"async\" class=\"wp-image-23673 aligncenter\" src=\"https:\/\/havamall.vn\/wp-content\/uploads\/2021\/11\/61JmT3-300x300.png\" alt=\"\" width=\"632\" height=\"632\" srcset=\"https:\/\/havamall.vn\/wp-content\/uploads\/2021\/11\/61JmT3-300x300.png 300w, https:\/\/havamall.vn\/wp-content\/uploads\/2021\/11\/61JmT3-430x430.png 430w, https:\/\/havamall.vn\/wp-content\/uploads\/2021\/11\/61JmT3-150x150.png 150w, https:\/\/havamall.vn\/wp-content\/uploads\/2021\/11\/61JmT3-700x700.png 700w, https:\/\/havamall.vn\/wp-content\/uploads\/2021\/11\/61JmT3-768x768.png 768w, https:\/\/havamall.vn\/wp-content\/uploads\/2021\/11\/61JmT3-600x600.png 600w, https:\/\/havamall.vn\/wp-content\/uploads\/2021\/11\/61JmT3-100x100.png 100w, https:\/\/havamall.vn\/wp-content\/uploads\/2021\/11\/61JmT3.png 1000w\" sizes=\"(max-width: 632px) 100vw, 632px\" \/><\/p>\n<h3><strong>Th\u00f4ng tin s\u1ea3n ph\u1ea9m:<\/strong><\/h3>\n<p>&gt; Khay pha m\u00e0u \u0111\u01b0\u1ee3c l\u00e0m b\u1eb1ng nh\u1ef1a ch\u1ed1ng va \u0111\u1eadp<\/p>\n<p>&gt; C\u00f3 1 v\u00f2ng tr\u00f2n tr\u1ed9n m\u00e0u l\u1edbn v\u00e0 10 m\u00e0u \u0111\u1ef1ng nh\u1ecf<\/p>\n<p>&gt; S\u1eed d\u1ee5ng cho m\u00e0u acrylic, m\u00e0u n\u01b0\u1edbc, m\u00e0u gouache<\/p>\n<p>&gt; Khay pha m\u00e0u c\u00f3 \u0111\u01b0\u1eddng k\u00ednh 17cm<\/p>\n<p>&gt; D\u1ec5 d\u00e0ng l\u00e0m s\u1ea1ch b\u1eb1ng n\u01b0\u1edbc th\u01b0\u1eddng<\/p>\n<p>S\u1ea3n ph\u1ea9m hi\u1ec7n \u0111\u00e3 c\u00f3 m\u1eb7t t\u1ea1i Havamall.<\/p>","protected":false},"excerpt":{"rendered":"<p>Mont Marte l\u00e0 h\u00e3ng h\u1ecda c\u1ee5 \u0111\u00e3 c\u00f3 m\u1eb7t t\u1ea1i h\u1ec7 th\u1ed1ng c\u1eeda h\u00e0ng c\u1ee7a h\u01a1n 300 t\u1ec9nh th\u00e0nh thu\u1ed9c<\/p>","protected":false},"featured_media":23672,"comment_status":"open","ping_status":"closed","template":"","meta":[],"product_brand":[],"product_cat":[395,35],"product_tag":[],"class_list":{"0":"post-23667","1":"product","2":"type-product","3":"status-publish","4":"has-post-thumbnail","6":"product_cat-van-phong-pham","7":"product_cat-nha-cua-doi-song","8":"pa_brand-mont-marte","10":"first","11":"instock","12":"sale","13":"shipping-taxable","14":"purchasable","15":"product-type-simple"},"_links":{"self":[{"href":"https:\/\/havamall.vn\/en\/wp-json\/wp\/v2\/product\/23667"}],"collection":[{"href":"https:\/\/havamall.vn\/en\/wp-json\/wp\/v2\/product"}],"about":[{"href":"https:\/\/havamall.vn\/en\/wp-json\/wp\/v2\/types\/product"}],"replies":[{"embeddable":true,"href":"https:\/\/havamall.vn\/en\/wp-json\/wp\/v2\/comments?post=23667"}],"version-history":[{"count":0,"href":"https:\/\/havamall.vn\/en\/wp-json\/wp\/v2\/product\/23667\/revisions"}],"wp:featuredmedia":[{"embeddable":true,"href":"https:\/\/havamall.vn\/en\/wp-json\/wp\/v2\/media\/23672"}],"wp:attachment":[{"href":"https:\/\/havamall.vn\/en\/wp-json\/wp\/v2\/media?parent=23667"}],"wp:term":[{"taxonomy":"product_brand","embeddable":true,"href":"https:\/\/havamall.vn\/en\/wp-json\/wp\/v2\/product_brand?post=23667"},{"taxonomy":"product_cat","embeddable":true,"href":"https:\/\/havamall.vn\/en\/wp-json\/wp\/v2\/product_cat?post=23667"},{"taxonomy":"product_tag","embeddable":true,"href":"https:\/\/havamall.vn\/en\/wp-json\/wp\/v2\/product_tag?post=23667"}],"curies":[{"name":"wp","href":"https:\/\/api.w.org\/{rel}","templated":true}]}}