{"id":23651,"date":"2021-11-18T09:49:21","date_gmt":"2021-11-18T02:49:21","guid":{"rendered":"https:\/\/havamall.vn\/?post_type=product&#038;p=23651"},"modified":"2021-11-23T17:25:41","modified_gmt":"2021-11-23T10:25:41","slug":"mau-phan-soft-pastels-12-cai-mont-marte","status":"publish","type":"product","link":"https:\/\/havamall.vn\/en\/shop\/mau-phan-soft-pastels-12-cai-mont-marte\/","title":{"rendered":"M\u00e0u Ph\u1ea5n Soft Pastels 12 C\u00e1i Mont Marte"},"content":{"rendered":"<p dir=\"auto\">Mont Marte l\u00e0 h\u00e3ng h\u1ecda c\u1ee5 \u0111\u00e3 c\u00f3 m\u1eb7t t\u1ea1i h\u1ec7 th\u1ed1ng c\u1eeda h\u00e0ng c\u1ee7a h\u01a1n 300 t\u1ec9nh th\u00e0nh thu\u1ed9c 75 qu\u1ed1c gia tr\u00ean to\u00e0n th\u1ebf gi\u1edbi. \u0110i\u1ec1u n\u00e0y n\u00f3i l\u00ean s\u1ef1 ph\u00e1t tri\u1ec3n b\u1ec1n v\u1eefng c\u1ee7a nh\u00e3n h\u00e0ng Mont Marte tr\u00ean th\u1ecb tr\u01b0\u1eddng th\u1ebf gi\u1edbi.<\/p>\n<p>Trong v\u00f2ng 15 n\u0103m, Mont Marte \u0111\u00e3 tr\u1edf th\u00e0nh th\u01b0\u01a1ng h\u1ec7u d\u1eabn \u0111\u1ea7u th\u1ecb tr\u01b0\u1eddng \u00dac v\u1ec1 c\u00e1c s\u1ea3n ph\u1ea9m ngh\u1ec7 thu\u1eadt v\u00e0 l\u00e0 th\u01b0\u01a1ng hi\u1ec7u \u0111\u01b0\u1ee3c tin d\u00f9ng \u1edf h\u01a1n 75 qu\u1ed1c gia: Trung Qu\u1ed1c, Canada, Ph\u00e1p, Ph\u1ea7n Lan,\u2026<\/p>\n<p>S\u1ea3n ph\u1ea9m Mont Marte kh\u00e1 \u0111a d\u1ea1ng, \u0111\u00e1p \u1ee9ng h\u1ea7u h\u1ebft c\u00e1c nhu c\u1ea7u v\u1ec1 h\u1ecda c\u1ee5 truy\u1ec1n th\u1ed1ng, t\u1eeb s\u01a1n m\u00e0u \u0111\u1ebfn c\u00e1c ph\u1ee5 ki\u1ec7n, s\u1ed5 k\u00ed h\u1ecda, gi\u1ea5y craft,\u2026<\/p>\n<p><img fetchpriority=\"high\" decoding=\"async\" class=\"aligncenter\" src=\"https:\/\/havamall.vn\/wp-content\/uploads\/2021\/11\/6597696984d10c312c588ee7d1212923.jpg\" alt=\"M\u00e0u acrylic mont marte 18\/24\/36\/48 x 36ml, mont marte signature acrylic paint set-d\u1ee5ng c\u1ee5 v\u1ebd t\u00e2m t\u00e2m - S\u1eafp x\u1ebfp theo li\u00ean quan s\u1ea3n ph\u1ea9m | Timki\" width=\"670\" height=\"670\" \/><\/p>\n<p>Ph\u1ea5n ti\u00ean (soft pastel) c\u1ee7a Mont Marte thu\u1ed9c h\u1ea1ng sinh vi\u00ean. Ph\u1ea5n l\u00ean m\u00e0u t\u01b0\u01a1i, blend ra m\u1ec1m v\u00e0 m\u1ecbn. Ph\u00f9 h\u1ee3p s\u1eed d\u1ee5ng tr\u00ean nh\u1eefng b\u1ec1 m\u1eb7t gi\u1ea5y c\u00f3 v\u00e2n, gi\u1ea5y b\u00eca m\u00e0u, t\u00f4 kho\u1ea3ng l\u1edbn. M\u00e0u c\u00f3 th\u1ec3 d\u00f9ng k\u1ebft h\u1ee3p v\u1edbi than charcoal v\u00e0 ch\u00ec ph\u1ea5n\/ph\u1ea5n hard pastel. Sau khi v\u1ebd, m\u00e0u c\u1ea7n \u0111\u01b0\u1ee3c c\u1ed1 \u0111\u1ecbnh b\u1eb1ng m\u1ed9t l\u1edbp x\u1ecbt b\u1ea3o v\u1ec7 tr\u00e1nh bay m\u1ea5t m\u00e0u, gi\u1ea3m tu\u1ed5i th\u1ecd t\u00e1c ph\u1ea9m.<\/p>\n<p><img decoding=\"async\" class=\"wp-image-23654 aligncenter\" src=\"https:\/\/havamall.vn\/wp-content\/uploads\/2021\/11\/71dwg-300x300.png\" alt=\"\" width=\"668\" height=\"668\" srcset=\"https:\/\/havamall.vn\/wp-content\/uploads\/2021\/11\/71dwg-300x300.png 300w, https:\/\/havamall.vn\/wp-content\/uploads\/2021\/11\/71dwg-430x430.png 430w, https:\/\/havamall.vn\/wp-content\/uploads\/2021\/11\/71dwg-150x150.png 150w, https:\/\/havamall.vn\/wp-content\/uploads\/2021\/11\/71dwg-700x700.png 700w, https:\/\/havamall.vn\/wp-content\/uploads\/2021\/11\/71dwg-768x768.png 768w, https:\/\/havamall.vn\/wp-content\/uploads\/2021\/11\/71dwg-600x600.png 600w, https:\/\/havamall.vn\/wp-content\/uploads\/2021\/11\/71dwg-100x100.png 100w, https:\/\/havamall.vn\/wp-content\/uploads\/2021\/11\/71dwg.png 1000w\" sizes=\"(max-width: 668px) 100vw, 668px\" \/><\/p>\n<p>S\u00e1p d\u1ea7u d\u1ea1ng ph\u1ea5n Soft pastel\u00a0c\u00f3 m\u00e0u s\u1eafc c\u1ef1c k\u1ef3 r\u1ef1c r\u1ee1, t\u01b0\u01a1i s\u00e1ng, ch\u1ea5t m\u00e0u m\u1ec1m m\u1ecbn, d\u1ec5 ph\u1ed1i ho\u1eb7c blend m\u00e0u. V\u1edbi m\u00e0u s\u1eafc s\u1ed1ng \u0111\u1ed9ng, ch\u00e2n th\u1eadt, s\u1ea3n ph\u1ea9m tr\u1edf th\u00e0nh l\u1ef1a ch\u1ecdn l\u00fd t\u01b0\u1edfng cho r\u1ea5t nhi\u1ec1u h\u1ecda s\u1ef9, ng\u01b0\u1eddi theo h\u1ecdc m\u1ef9 thu\u1eadt ho\u1eb7c nh\u1eefng ng\u01b0\u1eddi \u0111am m\u00ea th\u1ee7 c\u00f4ng s\u00e1ng t\u1ea1o.<\/p>\n<p>Ph\u1ea5n Ti\u00ean \u0111\u01b0\u1ee3c s\u1eed d\u1ee5ng trong h\u1ed9i h\u1ecda v\u1ebd tranh l\u00e0 ch\u00ednh, nh\u01b0ng v\u00e0i n\u0103m g\u1ea7n \u0111\u00e2y do tr\u00e0o l\u01b0u nhu\u1ed9m t\u00f3c nhi\u1ec1u m\u00e0u, t\u00f3c nhu\u1ed9m loang tie dye, ombre r\u1ea5t th\u1ecbnh h\u00e0nh n\u00ean ph\u1ea5n Ti\u00ean c\u00f2n \u0111\u01b0\u1ee3c xem nh\u01b0 l\u00e0 m\u1ed9t d\u1ee5ng c\u1ee5 l\u00e0m \u0111\u1eb9p cho gi\u1edbi tr\u1ebb.<\/p>\n<p><img decoding=\"async\" class=\"wp-image-23655 aligncenter\" src=\"https:\/\/havamall.vn\/wp-content\/uploads\/2021\/11\/242631998-300x180.png\" alt=\"\" width=\"670\" height=\"402\" srcset=\"https:\/\/havamall.vn\/wp-content\/uploads\/2021\/11\/242631998-300x180.png 300w, https:\/\/havamall.vn\/wp-content\/uploads\/2021\/11\/242631998-430x258.png 430w, https:\/\/havamall.vn\/wp-content\/uploads\/2021\/11\/242631998-150x90.png 150w, https:\/\/havamall.vn\/wp-content\/uploads\/2021\/11\/242631998-700x420.png 700w, https:\/\/havamall.vn\/wp-content\/uploads\/2021\/11\/242631998-768x461.png 768w, https:\/\/havamall.vn\/wp-content\/uploads\/2021\/11\/242631998-1024x615.png 1024w, https:\/\/havamall.vn\/wp-content\/uploads\/2021\/11\/242631998-1200x720.png 1200w, https:\/\/havamall.vn\/wp-content\/uploads\/2021\/11\/242631998-600x360.png 600w, https:\/\/havamall.vn\/wp-content\/uploads\/2021\/11\/242631998.png 2048w\" sizes=\"(max-width: 670px) 100vw, 670px\" \/><\/p>\n<h3><strong>\u0110\u1eb7c \u0111i\u1ec3m s\u1ea3n ph\u1ea9m:<\/strong><\/h3>\n<p>&#8211; Ph\u1ea5n c\u00f3 \u0111\u1eb7c t\u00ednh g\u1ea7n gi\u1ed1ng v\u1edbi m\u00e0u s\u00e1p nh\u01b0ng m\u1ec1m v\u00e0 \u00edt d\u1ea7u h\u01a1n.<\/p>\n<p>&#8211; Ph\u1ea5n c\u00f3 t\u00f4ng m\u00e0u t\u01b0\u01a1i s\u00e1ng, \u0111\u1ed9 phe ph\u1ee7 cao, c\u00f3 th\u1ec3 s\u1eed d\u1ee5ng k\u1ebft h\u1ee3p v\u1edbi s\u01a1n d\u1ea7u ho\u1eb7c m\u00e0u acrylic \u0111\u1ec3 t\u1ea1o hi\u1ec7u \u1ee9ng mix media<\/p>\n<p>&#8211; M\u00e0u ph\u1ea5n ph\u00f9 h\u1ee3p v\u1edbi nhi\u1ec1u l\u1ee9a tu\u1ed5i, c\u00f3 th\u1ec3 v\u1ebd \u0111a d\u1ea1ng th\u1ec3 lo\u1ea1i tranh ph\u1ee5 thu\u1ed9c v\u00e0o s\u1ef1 s\u00e1ng t\u1ea1o c\u00e1 nh\u00e2n<\/p>\n<p>&#8211; Ph\u1ea5n Maters Pastel kh\u00f4ng ch\u1ee9a h\u00f3a ch\u1ea5t \u0111\u1ed9c h\u1ea1i.<\/p>\n<p>&#8211; C\u00e1c m\u00e0u c\u00f3 th\u1ec3 h\u00f2a tr\u1ed9n nhi\u1ec1u l\u1edbp \u0111\u1ec3 t\u1ea1o th\u00e0nh nh\u1eefng m\u00e0u kh\u00e1c.<\/p>\n<p>&#8211; Ch\u1ea5t ph\u1ea5n m\u1ecbn, s\u00e1ng, l\u00ean m\u00e0u chu\u1ea9n, kh\u00f4ng b\u1ecb r\u01a1i b\u1ee5i qu\u00e1 nhi\u1ec1u khi v\u1ebd.<\/p>\n<p><img loading=\"lazy\" decoding=\"async\" class=\"wp-image-23656 aligncenter\" src=\"https:\/\/havamall.vn\/wp-content\/uploads\/2021\/11\/mont-marte-soft--300x300.png\" alt=\"\" width=\"682\" height=\"682\" srcset=\"https:\/\/havamall.vn\/wp-content\/uploads\/2021\/11\/mont-marte-soft--300x300.png 300w, https:\/\/havamall.vn\/wp-content\/uploads\/2021\/11\/mont-marte-soft--430x431.png 430w, https:\/\/havamall.vn\/wp-content\/uploads\/2021\/11\/mont-marte-soft--150x150.png 150w, https:\/\/havamall.vn\/wp-content\/uploads\/2021\/11\/mont-marte-soft--700x701.png 700w, https:\/\/havamall.vn\/wp-content\/uploads\/2021\/11\/mont-marte-soft--600x601.png 600w, https:\/\/havamall.vn\/wp-content\/uploads\/2021\/11\/mont-marte-soft--100x100.png 100w, https:\/\/havamall.vn\/wp-content\/uploads\/2021\/11\/mont-marte-soft-.png 992w\" sizes=\"(max-width: 682px) 100vw, 682px\" \/><\/p>\n<h3><strong>H\u01b0\u1edbng d\u1eabn s\u1eed d\u1ee5ng:<\/strong><\/h3>\n<p>\u2022 V\u1ebd tranh b\u1eb1ng soft pastel:\u00a0D\u00f9ng th\u1ecfi m\u00e0u v\u1ebd tr\u1ef1c ti\u1ebfp l\u00ean gi\u1ea5y v\u1ebd chuy\u00ean d\u1ee5ng. \u0110\u1ec3 pha m\u00e0u, c\u00f3 th\u1ec3 d\u00f9ng gi\u1ea5y nh\u00e1m m\u00e0i ph\u1ea5n th\u00e0nh b\u1ed9t, tr\u1ed9n \u0111\u1ec1u r\u1ed3i d\u00f9ng c\u1ecd ho\u1eb7c d\u1ee5ng c\u1ee5 v\u1ebd pastel ph\u1ebft m\u00e0u l\u00ean gi\u1ea5y.<\/p>\n<p>\u2022 V\u1ebd v\u1edbi n\u01b0\u1edbc:\u00a0D\u00f9ng c\u1ecd n\u01b0\u1edbc, ph\u1ebft th\u1eb3ng l\u00ean th\u1ebb m\u00e0u \u0111\u1ec3 l\u1ea5y m\u00e0u r\u1ed3i t\u00f4 ra gi\u1ea5y, hi\u1ec7u \u1ee9ng v\u1ebd s\u1ebd nh\u01b0 tranh m\u00e0u b\u1ed9t.<\/p>\n<p>\u2022 Nhu\u1ed9m t\u00f3c highlight:\u00a0L\u00e0m \u01b0\u1edbt l\u1ecdn t\u00f3c c\u1ea7n l\u00ean m\u00e0u (\u01b0\u1edbt nhi\u1ec1u, nh\u01b0ng kh\u00f4ng \u01b0\u1edbt nh\u1eb9p). \u0110\u1eb7t c\u00e2y ph\u1ea5n n\u1eb1m ngang, ch\u00e0 l\u00ean l\u1ecdn t\u00f3c theo chi\u1ec1u t\u1eeb tr\u00ean xu\u1ed1ng (Kh\u00f4ng ch\u00e0 ng\u01b0\u1ee3c t\u1eeb d\u01b0\u1edbi l\u00ean v\u00ec d\u1ec5 l\u00e0m t\u00f3c x\u01a1, r\u1ed1i). S\u1ea5y kh\u00f4 ho\u1eb7c \u0111\u1ec3 t\u00f3c kh\u00f4 t\u1ef1 nhi\u00ean, kh\u00f4ng ch\u1ea1m tay v\u00e0o t\u00f3c \u0111\u00e3 nhu\u1ed9m khi t\u00f3c c\u00f2n \u0111ang \u1ea9m \u01b0\u1edbt.<\/p>\n<p>S\u1ea3n ph\u1ea9m hi\u1ec7n \u0111\u00e3 c\u00f3 m\u1eb7t t\u1ea1i Havamall.<\/p>","protected":false},"excerpt":{"rendered":"<p>Mont Marte l\u00e0 h\u00e3ng h\u1ecda c\u1ee5 \u0111\u00e3 c\u00f3 m\u1eb7t t\u1ea1i h\u1ec7 th\u1ed1ng c\u1eeda h\u00e0ng c\u1ee7a h\u01a1n 300 t\u1ec9nh th\u00e0nh thu\u1ed9c<\/p>","protected":false},"featured_media":23835,"comment_status":"open","ping_status":"closed","template":"","meta":[],"product_brand":[],"product_cat":[395,35],"product_tag":[],"class_list":{"0":"post-23651","1":"product","2":"type-product","3":"status-publish","4":"has-post-thumbnail","6":"product_cat-van-phong-pham","7":"product_cat-nha-cua-doi-song","8":"pa_brand-mont-marte","10":"first","11":"instock","12":"sale","13":"shipping-taxable","14":"purchasable","15":"product-type-simple"},"_links":{"self":[{"href":"https:\/\/havamall.vn\/en\/wp-json\/wp\/v2\/product\/23651"}],"collection":[{"href":"https:\/\/havamall.vn\/en\/wp-json\/wp\/v2\/product"}],"about":[{"href":"https:\/\/havamall.vn\/en\/wp-json\/wp\/v2\/types\/product"}],"replies":[{"embeddable":true,"href":"https:\/\/havamall.vn\/en\/wp-json\/wp\/v2\/comments?post=23651"}],"version-history":[{"count":0,"href":"https:\/\/havamall.vn\/en\/wp-json\/wp\/v2\/product\/23651\/revisions"}],"wp:featuredmedia":[{"embeddable":true,"href":"https:\/\/havamall.vn\/en\/wp-json\/wp\/v2\/media\/23835"}],"wp:attachment":[{"href":"https:\/\/havamall.vn\/en\/wp-json\/wp\/v2\/media?parent=23651"}],"wp:term":[{"taxonomy":"product_brand","embeddable":true,"href":"https:\/\/havamall.vn\/en\/wp-json\/wp\/v2\/product_brand?post=23651"},{"taxonomy":"product_cat","embeddable":true,"href":"https:\/\/havamall.vn\/en\/wp-json\/wp\/v2\/product_cat?post=23651"},{"taxonomy":"product_tag","embeddable":true,"href":"https:\/\/havamall.vn\/en\/wp-json\/wp\/v2\/product_tag?post=23651"}],"curies":[{"name":"wp","href":"https:\/\/api.w.org\/{rel}","templated":true}]}}